{"id":6767,"date":"2025-04-14T22:36:18","date_gmt":"2025-04-14T22:36:18","guid":{"rendered":"https:\/\/casinovape.de\/?post_type=product&#038;p=6767"},"modified":"2025-09-06T00:39:54","modified_gmt":"2025-09-06T00:39:54","slug":"request-failed-with-status-code-633","status":"publish","type":"product","link":"https:\/\/casinovape.de\/sv\/produkt\/request-failed-with-status-code-633\/","title":{"rendered":"Europeiska lager Al Fakher Crown Bar Hypermax 15000 Puffs 0.2% L\u00e5gt nikotin K\u00f6p original \u00c4kta uppladdningsbar eng\u00e5ngsvapepenna"},"content":{"rendered":"<div style=\"width: 848px;\" class=\"wp-video\"><!--[if lt IE 9]><script>document.createElement('video');<\/script><![endif]-->\n<video class=\"wp-video-shortcode\" id=\"video-6767-1\" width=\"848\" height=\"480\" preload=\"metadata\" controls=\"controls\"><source type=\"video\/mp4\" src=\"https:\/\/casinovape.de\/wp-content\/uploads\/2025\/04\/AF-15K-HYPERMAX-.mp4?_=1\" \/><a href=\"https:\/\/casinovape.de\/wp-content\/uploads\/2025\/04\/AF-15K-HYPERMAX-.mp4\">https:\/\/casinovape.de\/wp-content\/uploads\/2025\/04\/AF-15K-HYPERMAX-.mp4<\/a><\/video><\/div>\n<h2 class=\"\" data-start=\"478\" data-end=\"581\"><a href=\"https:\/\/casinovape.de\/sv\/produktkategori\/al-fakher-engangsvapor\/\">AL Fakher Crown Bar Hypermax 15000<\/a> Puffs \u2013 Premium eng\u00e5ngsvapor f\u00f6r en \u00f6verl\u00e4gsen \u00e5ngupplevelse<\/h2>\n<p class=\"\" data-start=\"583\" data-end=\"1127\">Letar du efter en f\u00f6rb\u00e4ttrad vape-upplevelse som kombinerar b\u00e5de bekv\u00e4mlighet och premiummkvalitet? Leta inte l\u00e4ngre \u00e4n <strong data-start=\"710\" data-end=\"754\">AL Fakher Crown Bar Hypermax 15000 Puffs \nbecomes \nAL Fakher Crown Bar Hypermax 15000 Puffs<\/strong>, den ultimata eng\u00e5ngsvape-enheten som lovar en perfekt balans mellan smak, l\u00e5ngvarighet och anv\u00e4ndarv\u00e4nlighet. Med <strong data-start=\"868\" data-end=\"884\">15 000 bloss<\/strong> av j\u00e4mn, smakrik \u00e5nga, \u00e4r denna eng\u00e5ngsvape utformad f\u00f6r att tillfredsst\u00e4lla \u00e4ven de mest kr\u00e4sna vapers. Oavsett om du \u00e4r ny i vapingens v\u00e4rld eller en erfaren entusiast, kommer Crown Bar Hypermax att h\u00f6ja din upplevelse med varje puff.<\/p>\n<p class=\"\" data-start=\"1129\" data-end=\"1560\">P\u00e5 Casinovape erbjuder vi med stolthet <strong data-start=\"1161\" data-end=\"1205\">AL Fakher Crown Bar Hypermax 15000 Puffs \nbecomes \nAL Fakher Crown Bar Hypermax 15000 Puffs<\/strong> i en m\u00e4ngd l\u00e4ckra smaker, alla utformade f\u00f6r att ge en exceptionell vape-upplevelse. Dessa vapes \u00e4r f\u00f6rfyllda med en gener\u00f6s <strong data-start=\"1346\" data-end=\"1365\">15ml e-v\u00e4tska<\/strong>, vilket s\u00e4kerst\u00e4ller att du f\u00e5r en l\u00e5ngvarig och tillfredsst\u00e4llande vaping-session. Enheten <strong data-start=\"1445\" data-end=\"1461\">uppladdningsbar<\/strong> funktionen ut\u00f6kar dess anv\u00e4ndbarhet, och dess eleganta, <strong data-start=\"1508\" data-end=\"1526\">kompakt design<\/strong> g\u00f6r det enkelt att b\u00e4ra med sig p\u00e5 v\u00e4gen.<\/p>\n<h3 class=\"\" data-start=\"1562\" data-end=\"1618\">Varf\u00f6r v\u00e4lja <a href=\"https:\/\/casinovape.de\/sv\/produktkategori\/al-fakher-engangsvapor\/\">AL Fakher Crown Bar Hypermax 15000<\/a> Puffs<\/h3>\n<p class=\"\" data-start=\"1620\" data-end=\"1756\">AL Fakher Crown Bar Hypermax 15000 Puffs \u00e4r utformad f\u00f6r att leverera en enast\u00e5ende prestation med varje puff. H\u00e4r \u00e4r varf\u00f6r den sticker ut:<\/p>\n<ul data-start=\"1758\" data-end=\"3124\">\n<li class=\"\" data-start=\"1758\" data-end=\"1982\">\n<p class=\"\" data-start=\"1760\" data-end=\"1982\"><strong data-start=\"1760\" data-end=\"1787\">15 000 Puffar av Smak:<\/strong> Med en gener\u00f6s e-juicekapacitet p\u00e5 15ml erbjuder Crown Bar Hypermax upp till 15 000 bloss, vilket l\u00e5ter dig njuta av ut\u00f6kade sessioner utan att beh\u00f6va fylla p\u00e5 eller byta ut enheten konstant.<\/p>\n<\/li>\n<li class=\"\" data-start=\"1983\" data-end=\"2253\">\n<p class=\"\" data-start=\"1985\" data-end=\"2253\"><strong data-start=\"1985\" data-end=\"2007\">Autentiska smaker:<\/strong> Varje smak \u00e4r noggrant utvald f\u00f6r att ge dig den rika, autentiska smak som efterliknar upplevelsen av att r\u00f6ka en traditionell vattenpipa. Oavsett om du \u00e4r p\u00e5 hum\u00f6r f\u00f6r fruktiga, mentol- eller tobaksinspirerade smaker, finns det n\u00e5got f\u00f6r varje smak.<\/p>\n<\/li>\n<li class=\"\" data-start=\"2254\" data-end=\"2457\">\n<p class=\"\" data-start=\"2256\" data-end=\"2457\"><strong data-start=\"2256\" data-end=\"2285\">Teckna Aktiveringsmekanism:<\/strong> Njut av en problemfri, s\u00f6ml\u00f6s upplevelse med den draktiverade mekanismen. Simma inandas bara och vape'en aktiveras automatiskt, vilket ger j\u00e4mn och konsekvent \u00e5nga.<\/p>\n<\/li>\n<li class=\"\" data-start=\"2458\" data-end=\"2650\">\n<p class=\"\" data-start=\"2460\" data-end=\"2650\"><strong data-start=\"2460\" data-end=\"2489\">Uppladdningsbar bekv\u00e4mlighet:<\/strong> Den <strong data-start=\"2494\" data-end=\"2512\">600mAh batteri<\/strong> kan laddas via en Type-C-port (kabel ing\u00e5r ej), vilket g\u00f6r att du kan njuta av l\u00e4ngre vaping-sessioner utan att oroa dig f\u00f6r batteriets livsl\u00e4ngd.<\/p>\n<\/li>\n<li class=\"\" data-start=\"2651\" data-end=\"2835\">\n<p class=\"\" data-start=\"2653\" data-end=\"2835\"><strong data-start=\"2653\" data-end=\"2686\">Perfekt f\u00f6r Vaping p\u00e5 V\u00e4gen:<\/strong> Kompakt, b\u00e4rbar och anv\u00e4ndarv\u00e4nlig, Crown Bar Hypermax \u00e4r designad f\u00f6r de som vill ha en premium vape-upplevelse som de kan ta med sig \u00f6verallt.<\/p>\n<\/li>\n<li class=\"\" data-start=\"2836\" data-end=\"2988\">\n<p class=\"\" data-start=\"2838\" data-end=\"2988\"><strong data-start=\"2838\" data-end=\"2867\">Bekv\u00e4m l\u00e4dergrepp:<\/strong> Det ergonomiska designen inkluderar ett bekv\u00e4mt l\u00e4dergrepp, vilket g\u00f6r det l\u00e4tt och trevligt att h\u00e5lla under dina vape-sessioner.<\/p>\n<\/li>\n<li class=\"\" data-start=\"2989\" data-end=\"3121\">\n<p class=\"\" data-start=\"2991\" data-end=\"3121\"><strong data-start=\"2991\" data-end=\"3013\">Nikotinstyrka:<\/strong> Vapen kommer med <strong data-start=\"3034\" data-end=\"3050\">2% (20mg\/ml)<\/strong> Nikotinstyrka, som ger en tillfredsst\u00e4llande halsst\u00f6t och nikotinrygg.<\/p>\n<\/li>\n<\/ul>\n<h3 class=\"\" data-start=\"3125\" data-end=\"3179\"><a href=\"https:\/\/casinovape.de\/sv\/produktkategori\/al-fakher-engangsvapor\/\">AL Fakher Crown Bar Hypermax 15000<\/a> Puffs Funktioner:<\/h3>\n<ul data-start=\"3181\" data-end=\"3599\">\n<li class=\"\" data-start=\"3181\" data-end=\"3209\">\n<p class=\"\" data-start=\"3183\" data-end=\"3209\"><strong data-start=\"3183\" data-end=\"3204\">E-juice kapacitet:<\/strong> 15ml<\/p>\n<\/li>\n<li class=\"\" data-start=\"3210\" data-end=\"3240\">\n<p class=\"\" data-start=\"3212\" data-end=\"3240\"><strong data-start=\"3212\" data-end=\"3233\">Batterikapacitet:<\/strong> 600mAh<\/p>\n<\/li>\n<li class=\"\" data-start=\"3241\" data-end=\"3278\">\n<p class=\"\" data-start=\"3243\" data-end=\"3278\"><strong data-start=\"3243\" data-end=\"3265\">Nikotinstyrka:<\/strong> 2% (20mg\/ml)<\/p>\n<\/li>\n<li class=\"\" data-start=\"3279\" data-end=\"3330\">\n<p class=\"\" data-start=\"3281\" data-end=\"3330\"><strong data-start=\"3281\" data-end=\"3309\">Uppladdningsbar via Type-C:<\/strong> (kabel ing\u00e5r ej)<\/p>\n<\/li>\n<li class=\"\" data-start=\"3331\" data-end=\"3413\">\n<p class=\"\" data-start=\"3333\" data-end=\"3413\"><strong data-start=\"3333\" data-end=\"3362\">Batteri &amp; V\u00e4tskedisplay:<\/strong> F\u00f6r enkel \u00f6vervakning av batteri- och e-v\u00e4tskeniv\u00e5er<\/p>\n<\/li>\n<li class=\"\" data-start=\"3414\" data-end=\"3511\">\n<p class=\"\" data-start=\"3416\" data-end=\"3511\"><strong data-start=\"3416\" data-end=\"3448\">DTL (Direkt till Lungor) Vaping:<\/strong> Njut av rik, smakfull \u00e5nga med bra DTL-vapingprestanda<\/p>\n<\/li>\n<li class=\"\" data-start=\"3512\" data-end=\"3564\">\n<p class=\"\" data-start=\"3514\" data-end=\"3564\"><strong data-start=\"3514\" data-end=\"3531\">L\u00e4dergrepp:<\/strong> Bekv\u00e4m och ergonomisk design<\/p>\n<\/li>\n<li class=\"\" data-start=\"3565\" data-end=\"3599\">\n<p class=\"\" data-start=\"3567\" data-end=\"3599\"><strong data-start=\"3567\" data-end=\"3599\">Perfekt f\u00f6r Vaping p\u00e5 V\u00e4gen<\/strong><\/p>\n<\/li>\n<\/ul>\n<h3 class=\"\" data-start=\"3601\" data-end=\"3676\">AL Fakher Crown Bar Hypermax 15000 Puffs \u2013 En n\u00e4rmare titt p\u00e5 smakerna<\/h3>\n<p class=\"\" data-start=\"3678\" data-end=\"3925\">N\u00e4r det kommer till vaping \u00e4r smak viktigt, och det <strong data-start=\"3726\" data-end=\"3758\">AL Fakher Crown Bar Hypermax<\/strong> f\u00f6rtj\u00e4nar inte besvikelse. Enheten \u00e4r tillg\u00e4nglig i en stor m\u00e4ngd sp\u00e4nnande smaker som tillgodoser alla preferenser. H\u00e4r \u00e4r en detaljerad uppdelning av de tillg\u00e4ngliga smakerna:<\/p>\n<ol data-start=\"3927\" data-end=\"6013\">\n<li class=\"\" data-start=\"3927\" data-end=\"4070\">\n<p class=\"\" data-start=\"3930\" data-end=\"4070\"><strong data-start=\"3930\" data-end=\"3944\">Berry Ice:<\/strong> En uppfriskande blandning av blandade b\u00e4r, kompletterad med en sval isig finish, perfekt f\u00f6r dem som njuter av en s\u00f6t och kall vape.<\/p>\n<\/li>\n<li class=\"\" data-start=\"4071\" data-end=\"4192\">\n<p class=\"\" data-start=\"4074\" data-end=\"4192\"><strong data-start=\"4074\" data-end=\"4092\">Cherry Fiesta:<\/strong> En livlig och syrlig k\u00f6rsb\u00e4rs smak med en antydan till s\u00f6tma som f\u00e5r dina smakl\u00f6kar att dansa.<\/p>\n<\/li>\n<li class=\"\" data-start=\"4193\" data-end=\"4309\">\n<p class=\"\" data-start=\"4196\" data-end=\"4309\"><strong data-start=\"4196\" data-end=\"4211\">Citron Lime:<\/strong> En pikant kombination av syrlig citron och uppfriskande lime, som ger en skarp och livlig smak.<\/p>\n<\/li>\n<li class=\"\" data-start=\"4310\" data-end=\"4432\">\n<p class=\"\" data-start=\"4313\" data-end=\"4432\"><strong data-start=\"4313\" data-end=\"4326\">Lush Ice:<\/strong> S\u00f6t och saftig vattenmelon i kombination med en mentholfinish f\u00f6r en kylande effekt som \u00e4r perfekt f\u00f6r varma dagar.<\/p>\n<\/li>\n<li class=\"\" data-start=\"4433\" data-end=\"4562\">\n<p class=\"\" data-start=\"4436\" data-end=\"4562\"><strong data-start=\"4436\" data-end=\"4446\">Hubba:<\/strong> En nostalgisk bubbelgumssmak som f\u00f6r tillbaka minnen av din favorit tugggodis, med en s\u00f6t och j\u00e4mn smak.<\/p>\n<\/li>\n<li class=\"\" data-start=\"4563\" data-end=\"4688\">\n<p class=\"\" data-start=\"4566\" data-end=\"4688\"><strong data-start=\"4566\" data-end=\"4588\">Svartvinb\u00e4r Mint:<\/strong> Starka svarta vinb\u00e4r med en krispig, mintig underton skapar en perfekt blandning av s\u00f6tma och friskhet.<\/p>\n<\/li>\n<li class=\"\" data-start=\"4689\" data-end=\"4824\">\n<p class=\"\" data-start=\"4692\" data-end=\"4824\"><strong data-start=\"4692\" data-end=\"4706\">Tv\u00e5 \u00c4pplen:<\/strong> En l\u00e4cker fusion av syrliga gr\u00f6na \u00e4pplen och s\u00f6ta r\u00f6da \u00e4pplen, som ger en tillfredsst\u00e4llande och v\u00e4lbalanserad fruktig smak.<\/p>\n<\/li>\n<li class=\"\" data-start=\"4825\" data-end=\"4960\">\n<p class=\"\" data-start=\"4828\" data-end=\"4960\"><strong data-start=\"4828\" data-end=\"4843\">Vinsylt Mint:<\/strong> S\u00f6ta och saftiga druvor kombinerade med en sval mentolfinish skapar en balanserad vape som b\u00e5de \u00e4r uppfriskande och dekadent.<\/p>\n<\/li>\n<li class=\"\" data-start=\"4961\" data-end=\"5093\">\n<p class=\"\" data-start=\"4964\" data-end=\"5093\"><strong data-start=\"4964\" data-end=\"4979\">Bl\u00e5b\u00e4r:<\/strong> En explosion av blandade b\u00e4r med en l\u00e4tt syrlighet, vilket ger en fr\u00e4sch och fruktig smak som du kommer att \u00e4lska med varje puff.<\/p>\n<\/li>\n<li class=\"\" data-start=\"5094\" data-end=\"5224\">\n<p class=\"\" data-start=\"5098\" data-end=\"5224\"><strong data-start=\"5098\" data-end=\"5122\">Bl\u00e5b\u00e4r Hallon:<\/strong> En kombination av s\u00f6ta bl\u00e5b\u00e4r och syrliga hallon, som skapar en perfekt balanserad b\u00e4rsmak.<\/p>\n<\/li>\n<li class=\"\" data-start=\"5225\" data-end=\"5365\">\n<p class=\"\" data-start=\"5229\" data-end=\"5365\"><strong data-start=\"5229\" data-end=\"5254\">Vattenmelon Ananas:<\/strong> En tropisk blandning av saftig vattenmelon och s\u00f6t ananas, som ger en uppfriskande och exotisk smak \u00e5t din vape.<\/p>\n<\/li>\n<li class=\"\" data-start=\"5366\" data-end=\"5511\">\n<p class=\"\" data-start=\"5370\" data-end=\"5511\"><strong data-start=\"5370\" data-end=\"5386\">Cherry Fizz:<\/strong> En mousserande k\u00f6rsb\u00e4rs smak med en bubblig, uppfriskande vridning, perfekt f\u00f6r dem som \u00e4lskar en s\u00f6t, syrlig vape med en touch av glitter.<\/p>\n<\/li>\n<li class=\"\" data-start=\"5512\" data-end=\"5636\">\n<p class=\"\" data-start=\"5516\" data-end=\"5636\"><strong data-start=\"5516\" data-end=\"5531\">Cherry Ice:<\/strong> En s\u00f6t och syrlig k\u00f6rsb\u00e4rs smak med en cool, isig finish f\u00f6r en uppfriskande och tillfredsst\u00e4llande vapeupplevelse.<\/p>\n<\/li>\n<li class=\"\" data-start=\"5637\" data-end=\"5774\">\n<p class=\"\" data-start=\"5641\" data-end=\"5774\"><strong data-start=\"5641\" data-end=\"5661\">Vattenmelon Lime:<\/strong> En syrlig vattenmelonssmak i kombination med lime's friska syrlighet, vilket ger en perfekt balans mellan s\u00f6tt och syrligt.<\/p>\n<\/li>\n<li class=\"\" data-start=\"5775\" data-end=\"5899\">\n<p class=\"\" data-start=\"5779\" data-end=\"5899\"><strong data-start=\"5779\" data-end=\"5794\">Coola Mango:<\/strong> En j\u00e4mn, tropisk mangosmaka med en sval mentholfinish, ideal f\u00f6r en avslappnande och uppfriskande vape.<\/p>\n<\/li>\n<li class=\"\" data-start=\"5900\" data-end=\"6013\">\n<p class=\"\" data-start=\"5904\" data-end=\"6013\"><strong data-start=\"5904\" data-end=\"5913\">Mynta:<\/strong> En enkel men tillfredsst\u00e4llande mintsmak som levererar en krispig, ren och uppfriskande vapeupplevelse.<\/p>\n<\/li>\n<\/ol>\n<p><img loading=\"lazy\" decoding=\"async\" class=\"alignnone wp-image-6791 size-full\" src=\"https:\/\/casinovape.de\/wp-content\/uploads\/2025\/04\/AF-15K-HYPERMAX-2.webp\" alt=\"Europeiska lager Al Fakher Crown Bar Hypermax 15000 Puffs 0.2% L\u00e5gt nikotin K\u00f6p original \u00c4kta uppladdningsbar eng\u00e5ngsvapepenna \" width=\"1058\" height=\"726\" srcset=\"https:\/\/casinovape.de\/wp-content\/uploads\/2025\/04\/AF-15K-HYPERMAX-2.webp 1058w, https:\/\/casinovape.de\/wp-content\/uploads\/2025\/04\/AF-15K-HYPERMAX-2-300x206.webp 300w, https:\/\/casinovape.de\/wp-content\/uploads\/2025\/04\/AF-15K-HYPERMAX-2-1024x703.webp 1024w, https:\/\/casinovape.de\/wp-content\/uploads\/2025\/04\/AF-15K-HYPERMAX-2-768x527.webp 768w, https:\/\/casinovape.de\/wp-content\/uploads\/2025\/04\/AF-15K-HYPERMAX-2-18x12.webp 18w, https:\/\/casinovape.de\/wp-content\/uploads\/2025\/04\/AF-15K-HYPERMAX-2-600x412.webp 600w\" sizes=\"auto, (max-width: 1058px) 100vw, 1058px\" \/><\/p>\n<h3 class=\"\" data-start=\"6015\" data-end=\"6078\">Varf\u00f6r Du B\u00f6r K\u00f6pa AL Fakher Crown Bar Hypermax 15000 Puffs<\/h3>\n<p class=\"\" data-start=\"6080\" data-end=\"6321\">N\u00e4r du v\u00e4ljer <strong data-start=\"6100\" data-end=\"6144\">AL Fakher Crown Bar Hypermax 15000 Puffs \nbecomes \nAL Fakher Crown Bar Hypermax 15000 Puffs<\/strong>Du f\u00e5r inte bara en eng\u00e5ngsvape; du investerar i en premiumupplevelse som kombinerar bekv\u00e4mlighet, smak och prestanda. H\u00e4r \u00e4r varf\u00f6r det \u00e4r r\u00e4tt val f\u00f6r dig:<\/p>\n<ul data-start=\"6323\" data-end=\"7263\">\n<li class=\"\" data-start=\"6323\" data-end=\"6466\">\n<p class=\"\" data-start=\"6325\" data-end=\"6466\"><strong data-start=\"6325\" data-end=\"6354\">L\u00e5ngvarig Prestanda:<\/strong> Med <strong data-start=\"6360\" data-end=\"6376\">15 000 bloss<\/strong> Per enhet kan du njuta av en l\u00e5ngvarig vaping-session utan att beh\u00f6va konstant ers\u00e4tta.<\/p>\n<\/li>\n<li class=\"\" data-start=\"6467\" data-end=\"6676\">\n<p class=\"\" data-start=\"6469\" data-end=\"6676\"><strong data-start=\"6469\" data-end=\"6501\">Autentisk Hookah-upplevelse:<\/strong> AL Fakher \u00e4r ett v\u00e4lk\u00e4nt varum\u00e4rke i v\u00e4rlden av vattenpipa, och Crown Bar Hypermax f\u00f6r med sig samma rika smak och sl\u00e4ta upplevelse till en bekv\u00e4m, b\u00e4rbar disponibel vape.<\/p>\n<\/li>\n<li class=\"\" data-start=\"6677\" data-end=\"6848\">\n<p class=\"\" data-start=\"6679\" data-end=\"6848\"><strong data-start=\"6679\" data-end=\"6705\">Brett utbud av smaker:<\/strong> Fr\u00e5n fruktiga blandningar till coola mentoler, finns det en smak f\u00f6r varje smak, alla skapade med h\u00f6gkvalitativa ingredienser f\u00f6r att s\u00e4kerst\u00e4lla en tillfredsst\u00e4llande upplevelse.<\/p>\n<\/li>\n<li class=\"\" data-start=\"6849\" data-end=\"7062\">\n<p class=\"\" data-start=\"6851\" data-end=\"7062\"><strong data-start=\"6851\" data-end=\"6888\">Europeiska Vape Warehouse Frakt:<\/strong> N\u00e4r du k\u00f6per fr\u00e5n<a href=\"https:\/\/casinovape.de\/sv\/\"> <strong data-start=\"6907\" data-end=\"6921\">Casinovape<\/strong><\/a>Du \u00e4r garanterad snabb och tillf\u00f6rlitlig leverans fr\u00e5n oss <strong data-start=\"6977\" data-end=\"7004\">Europeiskt vape-lager<\/strong>med best\u00e4llningar som anl\u00e4nder p\u00e5 bara <strong data-start=\"7035\" data-end=\"7047\">3-7 dagar<\/strong> In EU.<\/p>\n<\/li>\n<li class=\"\" data-start=\"7063\" data-end=\"7263\">\n<p class=\"\" data-start=\"7065\" data-end=\"7263\"><strong data-start=\"7065\" data-end=\"7095\">Ingen minimiorderkvantitet:<\/strong> Oavsett om du k\u00f6per <strong data-start=\"7122\" data-end=\"7133\">1 stycke<\/strong> eller flera enheter kan du k\u00f6pa s\u00e5 mycket eller s\u00e5 lite du vill, vilket g\u00f6r det perfekt f\u00f6r b\u00e5de enskilda anv\u00e4ndare och detaljhandelsgrupper.<\/p>\n<\/li>\n<\/ul>\n<h3 class=\"\" data-start=\"7265\" data-end=\"7320\">Vanliga fr\u00e5gor om AL Fakher Crown Bar Hypermax 15000 Puffs<\/h3>\n<p class=\"\" data-start=\"7322\" data-end=\"7514\"><strong data-start=\"7322\" data-end=\"7390\">A:  18000 puffs<\/strong><br data-start=\"7390\" data-end=\"7393\" \/>A: AL Fakher Crown Bar Hypermax erbjuder upp till <strong data-start=\"7442\" data-end=\"7458\">15 000 bloss<\/strong> per enhet, vilket ger en l\u00e5ngvarig vapingupplevelse.<\/p>\n<p class=\"\" data-start=\"7516\" data-end=\"7680\"><strong data-start=\"7516\" data-end=\"7550\">Q: \u00c4r enheten uppladdningsbar?<\/strong><br data-start=\"7550\" data-end=\"7553\" \/>Ja, enheten levereras med en <strong data-start=\"7585\" data-end=\"7616\">600mAh uppladdningsbar batteri<\/strong> som kan laddas via en <strong data-start=\"7643\" data-end=\"7653\">Type-C<\/strong> port (kabel ing\u00e5r inte).<\/p>\n<p class=\"\" data-start=\"7682\" data-end=\"7847\"><strong data-start=\"7682\" data-end=\"7750\">A: AL Fakher Crown Bar 15K finns i nikotinstyrkorna 10 mg, 20 mg och 30 mg.<\/strong><br data-start=\"7750\" data-end=\"7753\" \/>A: Enheten levereras med <strong data-start=\"7778\" data-end=\"7794\">2% (20mg\/ml)<\/strong> Nikotinstyrka, som ger en tillfredsst\u00e4llande halsst\u00f6t.<\/p>\n<p class=\"\" data-start=\"7849\" data-end=\"8002\"><strong data-start=\"7849\" data-end=\"7884\">A: Leveransen tar 3-5 arbetsdagar.<\/strong><br data-start=\"7884\" data-end=\"7887\" \/>Vi skickar direkt fr\u00e5n v\u00e5r <strong data-start=\"7916\" data-end=\"7943\">Europeiskt vape-lager<\/strong>och din best\u00e4llning kommer att anl\u00e4nda inom <strong data-start=\"7979\" data-end=\"7991\">3-7 dagar<\/strong> i EU.<\/p>\n<p class=\"\" data-start=\"8004\" data-end=\"8213\"><strong data-start=\"8004\" data-end=\"8049\">F: Finns det n\u00e5gra andra smaker tillg\u00e4ngliga?<\/strong><br data-start=\"8049\" data-end=\"8052\" \/>Ja, det finns m\u00e5nga smaker tillg\u00e4ngliga, inklusive <strong data-start=\"8104\" data-end=\"8117\">Berry Ice<\/strong>, <strong data-start=\"8119\" data-end=\"8136\">Cherry Fiesta<\/strong>, <strong data-start=\"8138\" data-end=\"8146\">Mint<\/strong>och mycket mer. Varje smak \u00e4r utformad f\u00f6r en premium-\u00e5ngupplevelse.<\/p>\n<hr class=\"\" data-start=\"8215\" data-end=\"8218\" \/>\n<p class=\"\" data-start=\"8220\" data-end=\"8452\">Med AL Fakher Crown Bar Hypermax 15000 Puffs v\u00e4ljer du mer \u00e4n bara en vape; du v\u00e4ljer en upplevelse. <strong data-start=\"8341\" data-end=\"8354\">Best\u00e4ll nu<\/strong> p\u00e5 <a href=\"https:\/\/casinovape.de\/sv\/\"><strong data-start=\"8358\" data-end=\"8372\">Casinovape<\/strong> <\/a>och njut av en <strong data-start=\"8385\" data-end=\"8412\">premium eng\u00e5ngsvape<\/strong> med gratis, snabb leverans \u00f6ver hela EU.<\/p>","protected":false},"excerpt":{"rendered":"<p>Upplev l\u00e5ngvarig, smakfull vaping med <strong>AL Fakher Crown Bar Hypermax 15000<\/strong> Puffs \u2013 d\u00e4r premiummkvalitet m\u00f6ter ultimata bekv\u00e4mligheten.<\/p>","protected":false},"featured_media":6789,"comment_status":"open","ping_status":"closed","template":"","meta":[],"product_brand":[],"product_cat":[16,78,79,82,84,86,88,89,90,91,95,96,99,65,66,67,68,69,70,71,72,73,74,75,76,77,57,61,45,48,50,52,54],"product_tag":[],"class_list":{"0":"post-6767","1":"product","2":"type-product","3":"status-publish","4":"has-post-thumbnail","6":"product_cat-al-fakher-disposable-vapes","7":"product_cat-buy-best-disposable-vape-flavors","8":"product_cat-apple-flavor-disposable-vapes","9":"product_cat-cherry-flavor-disposable-vapes","10":"product_cat-grape-flavor-disposable-vapes","11":"product_cat-ice-flavor-disposable-vapes","12":"product_cat-lemon-flavor-disposable-vapes","13":"product_cat-lush-flavor-disposable-vapes","14":"product_cat-mango-flavor-disposable-vapes","15":"product_cat-mint-flavor-disposable-vapes","16":"product_cat-pineapple-flavor-disposable-vapes","17":"product_cat-raspberry-flavor-disposable-vapes","18":"product_cat-watermelon-flavor-disposable-vapes","19":"product_cat-best-disposable-vape-in-europe","20":"product_cat-buy-disposable-vapes-in-austria","21":"product_cat-buy-disposable-vapes-in-belgium","22":"product_cat-buy-disposable-vapes-in-france","23":"product_cat-buy-disposable-vapes-in-germany","24":"product_cat-buy-disposable-vapes-in-italy","25":"product_cat-buy-disposable-vapes-in-netherlands","26":"product_cat-buy-disposable-vapes-in-norway","27":"product_cat-buy-disposable-vapes-in-poland","28":"product_cat-buy-disposable-vapes-in-portugal","29":"product_cat-buy-disposable-vapes-in-spain","30":"product_cat-buy-disposable-vapes-in-sweden","31":"product_cat-buy-disposable-vapes-in-switzerland","32":"product_cat-shop-disposable-vapes-by-puffs","33":"product_cat-15000-puff-disposable-vape","34":"product_cat-disposable-vape-types","35":"product_cat-big-puffs-disposable-vapes","36":"product_cat-digital-box-disposable-vapes","37":"product_cat-lower-nicotine-disposable-vapes","38":"product_cat-rechargeable-disposable-vapes","40":"first","41":"instock","42":"sale","43":"shipping-taxable","44":"purchasable","45":"product-type-variable"},"jetpack_sharing_enabled":true,"_links":{"self":[{"href":"https:\/\/casinovape.de\/sv\/wp-json\/wp\/v2\/product\/6767","targetHints":{"allow":["GET"]}}],"collection":[{"href":"https:\/\/casinovape.de\/sv\/wp-json\/wp\/v2\/product"}],"about":[{"href":"https:\/\/casinovape.de\/sv\/wp-json\/wp\/v2\/types\/product"}],"replies":[{"embeddable":true,"href":"https:\/\/casinovape.de\/sv\/wp-json\/wp\/v2\/comments?post=6767"}],"wp:featuredmedia":[{"embeddable":true,"href":"https:\/\/casinovape.de\/sv\/wp-json\/wp\/v2\/media\/6789"}],"wp:attachment":[{"href":"https:\/\/casinovape.de\/sv\/wp-json\/wp\/v2\/media?parent=6767"}],"wp:term":[{"taxonomy":"product_brand","embeddable":true,"href":"https:\/\/casinovape.de\/sv\/wp-json\/wp\/v2\/product_brand?post=6767"},{"taxonomy":"product_cat","embeddable":true,"href":"https:\/\/casinovape.de\/sv\/wp-json\/wp\/v2\/product_cat?post=6767"},{"taxonomy":"product_tag","embeddable":true,"href":"https:\/\/casinovape.de\/sv\/wp-json\/wp\/v2\/product_tag?post=6767"}],"curies":[{"name":"wp","href":"https:\/\/api.w.org\/{rel}","templated":true}]}}