{"id":6712,"date":"2025-04-11T02:05:58","date_gmt":"2025-04-11T02:05:58","guid":{"rendered":"https:\/\/casinovape.de\/?post_type=product&#038;p=6712"},"modified":"2025-09-06T00:50:06","modified_gmt":"2025-09-06T00:50:06","slug":"request-failed-with-status-code-632","status":"publish","type":"product","link":"https:\/\/casinovape.de\/sv\/produkt\/request-failed-with-status-code-632\/","title":{"rendered":"Europoliskt lager Fumot RandM Tornado 7000 bloss L\u00e5g nikotin K\u00f6p original \u00c4kta uppladdningsbar eng\u00e5ngs vape-penna"},"content":{"rendered":"<div style=\"width: 1020px;\" class=\"wp-video\"><!--[if lt IE 9]><script>document.createElement('video');<\/script><![endif]-->\n<video class=\"wp-video-shortcode\" id=\"video-6712-1\" width=\"1020\" height=\"574\" preload=\"metadata\" controls=\"controls\"><source type=\"video\/mp4\" src=\"https:\/\/casinovape.de\/wp-content\/uploads\/2025\/04\/Fumot-RandM-Tornado-7000.mp4?_=1\" \/><a href=\"https:\/\/casinovape.de\/wp-content\/uploads\/2025\/04\/Fumot-RandM-Tornado-7000.mp4\">https:\/\/casinovape.de\/wp-content\/uploads\/2025\/04\/Fumot-RandM-Tornado-7000.mp4<\/a><\/video><\/div>\n<h2 class=\"\" data-start=\"388\" data-end=\"456\"><strong data-start=\"391\" data-end=\"456\"><a href=\"https:\/\/casinovape.de\/sv\/produktkategori\/randm-fumot-engangsvapes\/\">FUMOT RandM Tornado 7000<\/a> Puffs \u2013 Omdefinierar Vapingskulturen<\/strong><\/h2>\n<h3 class=\"\" data-start=\"458\" data-end=\"510\"><strong data-start=\"462\" data-end=\"510\">Ostoppad prestanda m\u00f6ter urban estetik<\/strong><\/h3>\n<p class=\"\" data-start=\"512\" data-end=\"965\">Vaping m\u00f6ter konst i <strong data-start=\"536\" data-end=\"590\">FUMOT RandM Tornado 7000 Puffs Disposable Vape Pen<\/strong>, en premiuminnovation som kombinerar dj\u00e4rv gatustil med n\u00e4sta generations vape-teknik. Med en exteri\u00f6r inspirerad av graffiti och lysande RGB-belysningseffekter \u00e4r denna enhet lika visuellt f\u00e4ngslande som den \u00e4r kraftfull. Designad f\u00f6r moderna vapers som s\u00f6ker h\u00f6ga puffantal, enkelhet att anv\u00e4nda och rika smaker, g\u00f6r Tornado 7000 inga kompromisser vare sig n\u00e4r det g\u00e4ller form eller funktion.<\/p>\n<p class=\"\" data-start=\"967\" data-end=\"1307\">P\u00e5 <strong data-start=\"970\" data-end=\"984\">Casinovape<\/strong>, Tysklands st\u00f6rsta onlineplattform f\u00f6r eng\u00e5ngsvape, kan du k\u00f6pa Tornado 7000 med <strong data-start=\"1076\" data-end=\"1096\">Ingen minimiorder<\/strong>\u2014perfekt f\u00f6r individer, \u00e5terf\u00f6rs\u00e4ljare och entusiaster \u00f6ver hela <strong data-start=\"1160\" data-end=\"1178\">EU vape marknad<\/strong>Varje best\u00e4llning fylls fr\u00e5n v\u00e5r <strong data-start=\"1213\" data-end=\"1240\">Europeiska Vape Lager<\/strong>, s\u00e4kerst\u00e4ller en snabb och effektiv <strong data-start=\"1272\" data-end=\"1292\">3\u20137 dagars leverans<\/strong> \u00f6ver hela Europa.<\/p>\n<hr class=\"\" data-start=\"1309\" data-end=\"1312\" \/>\n<h3 data-start=\"1314\" data-end=\"1371\"><strong data-start=\"1317\" data-end=\"1371\">Varf\u00f6r FUMOT<a href=\"https:\/\/casinovape.de\/sv\/produktkategori\/randm-fumot-engangsvapes\/\"> RandM Tornado 7000<\/a> \u00e4r en spelv\u00e4xlare<\/strong><\/h3>\n<p class=\"\" data-start=\"1373\" data-end=\"1583\">Fr\u00e5n dess robusta konstruktion till dess h\u00f6gkapacitiva prestanda \u00e4r varje detalj i Tornado 7000 konstruerad f\u00f6r tillfredsst\u00e4llelse. Denna enhet \u00e4r mer \u00e4n bara en eng\u00e5ngsprodukt \u2013 det \u00e4r en fullst\u00e4ndig vape-upplevelse i fickan.<\/p>\n<h3 class=\"\" data-start=\"1585\" data-end=\"1624\"><strong data-start=\"1589\" data-end=\"1624\">Viktiga h\u00f6jdpunkter och specifikationer<\/strong><\/h3>\n<ul data-start=\"1626\" data-end=\"2557\">\n<li class=\"\" data-start=\"1626\" data-end=\"1738\">\n<p class=\"\" data-start=\"1628\" data-end=\"1738\"><strong data-start=\"1628\" data-end=\"1651\">Maximal puffutmatning<\/strong>: Levereras upp till <strong data-start=\"1668\" data-end=\"1682\">7000 puffs<\/strong>, ideal f\u00f6r l\u00e5ngvarig anv\u00e4ndning utan konstanta ers\u00e4ttningar.<\/p>\n<\/li>\n<li class=\"\" data-start=\"1739\" data-end=\"1838\">\n<p class=\"\" data-start=\"1741\" data-end=\"1838\"><strong data-start=\"1741\" data-end=\"1767\">14ml E-v\u00e4tskekapacitet<\/strong>: F\u00f6rfylld med h\u00f6gkvalitativ vapejuice f\u00f6r l\u00e5ngvarig tillfredsst\u00e4llelse.<\/p>\n<\/li>\n<li class=\"\" data-start=\"1839\" data-end=\"1938\">\n<p class=\"\" data-start=\"1841\" data-end=\"1938\"><strong data-start=\"1841\" data-end=\"1876\">Justerbara Nikotinstyrkor<\/strong>: V\u00e4lj fr\u00e5n <strong data-start=\"1890\" data-end=\"1912\">0%, 2%, 3%, och 5%<\/strong> att matcha dina \u00f6nskem\u00e5l.<\/p>\n<\/li>\n<li class=\"\" data-start=\"1939\" data-end=\"2078\">\n<p class=\"\" data-start=\"1941\" data-end=\"2078\"><strong data-start=\"1941\" data-end=\"1984\">Integrerad 1000mAh uppladdningsbar batteri<\/strong>: USB-uppladdningsbar, vilket s\u00e4kerst\u00e4ller l\u00e5ngvarig anv\u00e4ndbarhet tills varje sista droppe e-v\u00e4tska \u00e4r njuten.<\/p>\n<\/li>\n<li class=\"\" data-start=\"2079\" data-end=\"2182\">\n<p class=\"\" data-start=\"2081\" data-end=\"2182\"><strong data-start=\"2081\" data-end=\"2110\">Justerbart luftfl\u00f6dessystem<\/strong>: Anpassa din dragning f\u00f6r t\u00e4tare eller luftigare puffar - din vape, ditt s\u00e4tt.<\/p>\n<\/li>\n<li class=\"\" data-start=\"2183\" data-end=\"2273\">\n<p class=\"\" data-start=\"2185\" data-end=\"2273\"><strong data-start=\"2185\" data-end=\"2209\">Mesh Coil-teknik<\/strong>: Levererar j\u00e4mnare, renare \u00e5nga med intensiv smakdistribution.<\/p>\n<\/li>\n<li class=\"\" data-start=\"2274\" data-end=\"2370\">\n<p class=\"\" data-start=\"2276\" data-end=\"2370\"><strong data-start=\"2276\" data-end=\"2296\">Ergonomisk design<\/strong>: Mjuk, livsmedelsgodk\u00e4nd gummimunstycke f\u00f6r en premium- och bekv\u00e4m inandning.<\/p>\n<\/li>\n<li class=\"\" data-start=\"2371\" data-end=\"2461\">\n<p class=\"\" data-start=\"2373\" data-end=\"2461\"><strong data-start=\"2373\" data-end=\"2402\">6-f\u00e4rgs RGB ljusdisplay<\/strong>: Njut av en dynamisk, f\u00e4rgrik visuell upplevelse medan du f\u00f6r\u00e5ngar.<\/p>\n<\/li>\n<li class=\"\" data-start=\"2462\" data-end=\"2557\">\n<p class=\"\" data-start=\"2464\" data-end=\"2557\"><strong data-start=\"2464\" data-end=\"2490\">F\u00f6rpackning redo f\u00f6r detaljhandel<\/strong>: 10 enheter per displayl\u00e5da, 240 per kartong - idealt f\u00f6r detaljhandelsgrupper.<\/p>\n<\/li>\n<\/ul>\n<hr class=\"\" data-start=\"2559\" data-end=\"2562\" \/>\n<h3 data-start=\"2564\" data-end=\"2601\"><strong data-start=\"2567\" data-end=\"2601\">Din EU Vape-k\u00e4lla med f\u00f6rm\u00e5ner<\/strong><\/h3>\n<p class=\"\" data-start=\"2603\" data-end=\"2918\">P\u00e5 Casinovape specialiserar vi oss p\u00e5 h\u00f6gkvalitativa m\u00e4rken inklusive <strong data-start=\"2661\" data-end=\"2670\">Fumot<\/strong>, <strong data-start=\"2672\" data-end=\"2685\">Al Fakher<\/strong>, <strong data-start=\"2687\" data-end=\"2696\">Fizzy<\/strong>, <strong data-start=\"2698\" data-end=\"2713\">OBEELAB HHC<\/strong>och <strong data-start=\"2719\" data-end=\"2732\">SMPO DL02<\/strong>V\u00e5r policy utan MOQ (minsta orderkvantitet) inneb\u00e4r att du kan k\u00f6pa bara <strong data-start=\"2780\" data-end=\"2811\">1 st eller k\u00f6pa i bulk<\/strong>med tillf\u00f6rlitlig leverans fr\u00e5n v\u00e5r <strong data-start=\"2845\" data-end=\"2867\">Europeiskt lager<\/strong> direkt till din d\u00f6rr - snabbt, s\u00e4kert och problemfritt.<\/p>\n<hr class=\"\" data-start=\"2920\" data-end=\"2923\" \/>\n<h3 data-start=\"2925\" data-end=\"2986\"><strong data-start=\"2928\" data-end=\"2986\">Smakupplevelse \u2013 20 Dynamiska Profiler att V\u00e4lja Bland<\/strong><\/h3>\n<p class=\"\" data-start=\"2988\" data-end=\"3199\">njut av ett extraordin\u00e4rt urval av smaker, alla skapade f\u00f6r att tillgodose olika smakl\u00f6kar - fr\u00e5n iskylda f\u00f6rfriskningar till fruktiga blandningar. H\u00e4r \u00e4r det kompletta <strong data-start=\"3138\" data-end=\"3155\">smakpalett<\/strong>numrerade och beskrivna f\u00f6r enkel val:<\/p>\n<ol data-start=\"3201\" data-end=\"5218\">\n<li class=\"\" data-start=\"3201\" data-end=\"3328\">\n<p class=\"\" data-start=\"3204\" data-end=\"3328\"><strong data-start=\"3204\" data-end=\"3224\">Svarta vinb\u00e4rsgel\u00e9<\/strong> \u2013 En skarp svartvinb\u00e4rs explosion kyld av en frostig mentolfinish, ideal f\u00f6r frukt\u00e4lskare som s\u00f6ker en kyla.<\/p>\n<\/li>\n<li class=\"\" data-start=\"3329\" data-end=\"3426\">\n<p class=\"\" data-start=\"3332\" data-end=\"3426\"><strong data-start=\"3332\" data-end=\"3343\">Isglass<\/strong> \u2013 Nostalgiska smaker av glasspinnar virvlar in i en uppfriskande vape med en sval efter smak.<\/p>\n<\/li>\n<li class=\"\" data-start=\"3427\" data-end=\"3535\">\n<p class=\"\" data-start=\"3430\" data-end=\"3535\"><strong data-start=\"3430\" data-end=\"3452\">Bluesour Raspberry<\/strong> En syrlig bl\u00e5 hallonblandning med en citruskick som retar dina smakl\u00f6kar.<\/p>\n<\/li>\n<li class=\"\" data-start=\"3536\" data-end=\"3637\">\n<p class=\"\" data-start=\"3539\" data-end=\"3637\"><strong data-start=\"3539\" data-end=\"3560\">\u00c4ppel-Berry-Blast<\/strong> \u2013 S\u00f6ta \u00e4pplen m\u00f6ter en fusion av vilda b\u00e4r i denna balanserade och saftiga blandning.<\/p>\n<\/li>\n<li class=\"\" data-start=\"3638\" data-end=\"3741\">\n<p class=\"\" data-start=\"3641\" data-end=\"3741\"><strong data-start=\"3641\" data-end=\"3651\">K\u00f6rsb\u00e4r<\/strong> \u2013 Ren, s\u00f6t k\u00f6rsb\u00e4rs smak med precis r\u00e4tt m\u00e4ngd syrlighet \u2014 enkel och tillfredsst\u00e4llande.<\/p>\n<\/li>\n<li class=\"\" data-start=\"3742\" data-end=\"3850\">\n<p class=\"\" data-start=\"3745\" data-end=\"3850\"><strong data-start=\"3745\" data-end=\"3763\">Pacific Cooler<\/strong> En tropisk punch av ananas, mango och citrus omsluten av en frisk mentholbris.<\/p>\n<\/li>\n<li class=\"\" data-start=\"3851\" data-end=\"3964\">\n<p class=\"\" data-start=\"3854\" data-end=\"3964\"><strong data-start=\"3854\" data-end=\"3872\">Blondlimonad med b\u00e4r<\/strong> \u2013 B\u00e4r och citronad kombineras i en s\u00f6t och syrlig melodi som f\u00f6rfriskar vid varje drag.<\/p>\n<\/li>\n<li class=\"\" data-start=\"3965\" data-end=\"4080\">\n<p class=\"\" data-start=\"3968\" data-end=\"4080\"><strong data-start=\"3968\" data-end=\"3983\">Tigerblod<\/strong> \u2013 Exotisk och dj\u00e4rv, denna blandning av jordgubbe, vattenmelon och kokos ger en kraftfull smak.<\/p>\n<\/li>\n<li class=\"\" data-start=\"4081\" data-end=\"4179\">\n<p class=\"\" data-start=\"4084\" data-end=\"4179\"><strong data-start=\"4084\" data-end=\"4095\">Herr Bl\u00e5<\/strong> En mystisk och snygg blandning av b\u00e4r och mentol, insvept i subtila s\u00f6tma.<\/p>\n<\/li>\n<li class=\"\" data-start=\"4180\" data-end=\"4281\">\n<p class=\"\" data-start=\"4184\" data-end=\"4281\"><strong data-start=\"4184\" data-end=\"4202\">Red Energy Ice<\/strong> \u2013 Inspirerad av energidrycker, den energiserar dina sinnen med tillagd iskyla friskhet.<\/p>\n<\/li>\n<li class=\"\" data-start=\"4282\" data-end=\"4365\">\n<p class=\"\" data-start=\"4286\" data-end=\"4365\"><strong data-start=\"4286\" data-end=\"4303\">R\u00f6d \u00c4pple Is<\/strong> \u2013 Knasiga r\u00f6da \u00e4pplen mjuknade med en sval mentol undertone.<\/p>\n<\/li>\n<li class=\"\" data-start=\"4366\" data-end=\"4476\">\n<p class=\"\" data-start=\"4370\" data-end=\"4476\"><strong data-start=\"4370\" data-end=\"4400\">Bl\u00e5b\u00e4r Kirsch Tranb\u00e4r<\/strong> \u2013 En triumferande trio av frukter som levererar s\u00f6tt, syrligt och surt allt i ett.<\/p>\n<\/li>\n<li class=\"\" data-start=\"4477\" data-end=\"4575\">\n<p class=\"\" data-start=\"4481\" data-end=\"4575\"><strong data-start=\"4481\" data-end=\"4501\">Bl\u00e5 Razz Cherry<\/strong> \u2013 Livlig bl\u00e5 hallon blandad med saftig k\u00f6rsb\u00e4r f\u00f6r en syrlig-s\u00f6t vridning.<\/p>\n<\/li>\n<li class=\"\" data-start=\"4576\" data-end=\"4663\">\n<p class=\"\" data-start=\"4580\" data-end=\"4663\"><strong data-start=\"4580\" data-end=\"4593\">Drueis<\/strong> \u2013 Rik druvsmak kombinerad med isig mentol f\u00f6r en fyllig avkylning.<\/p>\n<\/li>\n<li class=\"\" data-start=\"4664\" data-end=\"4739\">\n<p class=\"\" data-start=\"4668\" data-end=\"4739\"><strong data-start=\"4668\" data-end=\"4681\">Mango Glass \n Mango is translated as Mango in Swedish and Ice as glass.<\/strong> \u2013 Tropisk mango lyft av en uppfriskande mentolexhalation.<\/p>\n<\/li>\n<li class=\"\" data-start=\"4740\" data-end=\"4836\">\n<p class=\"\" data-start=\"4744\" data-end=\"4836\"><strong data-start=\"4744\" data-end=\"4764\">Bananmj\u00f6lkshake<\/strong> \u2013 En kr\u00e4mig, dr\u00f6mlik banandessertsmak perfekt f\u00f6r l\u00e4ckra \u00f6gonblick.<\/p>\n<\/li>\n<li class=\"\" data-start=\"4837\" data-end=\"4928\">\n<p class=\"\" data-start=\"4841\" data-end=\"4928\"><strong data-start=\"4841\" data-end=\"4866\">Jordgubb Vattenmelon<\/strong> \u2013 Sommarfrukter kolliderar i denna saftiga, uppfriskande vape-kombination.<\/p>\n<\/li>\n<li class=\"\" data-start=\"4929\" data-end=\"5026\">\n<p class=\"\" data-start=\"4933\" data-end=\"5026\"><strong data-start=\"4933\" data-end=\"4946\">Persika Glass<\/strong> \u2013 Delikat persikonektar blandad med en mentolbris f\u00f6r en j\u00e4mn, s\u00f6t inandning.<\/p>\n<\/li>\n<li class=\"\" data-start=\"5027\" data-end=\"5125\">\n<p class=\"\" data-start=\"5031\" data-end=\"5125\"><strong data-start=\"5031\" data-end=\"5051\">Bl\u00e5b\u00e4r p\u00e5 is<\/strong> \u2013 Saftiga bl\u00e5b\u00e4rsnoter kylda till perfektion, vilket g\u00f6r varje puff isigt fr\u00e4sch.<\/p>\n<\/li>\n<li class=\"\" data-start=\"5126\" data-end=\"5218\">\n<p class=\"\" data-start=\"5130\" data-end=\"5218\"><strong data-start=\"5130\" data-end=\"5147\">Pink Lemonad<\/strong> \u2013 En kryddig rosa citrusblandning som \u00e4r syrlig, s\u00f6t och full av karakt\u00e4r.<\/p>\n<\/li>\n<\/ol>\n<hr class=\"\" data-start=\"5220\" data-end=\"5223\" \/>\n<h3 data-start=\"5225\" data-end=\"5248\"><strong data-start=\"5228\" data-end=\"5248\">Vem \u00c4r Detta F\u00f6r?<\/strong><\/h3>\n<p class=\"\" data-start=\"5250\" data-end=\"5520\">Oavsett om du \u00e4r en erfaren vaper som letar efter bekv\u00e4mlighet eller en \u00e5terf\u00f6rs\u00e4ljare som s\u00f6ker en p\u00e5litlig produktlinje, <a href=\"https:\/\/casinovape.de\/sv\/produktkategori\/randm-fumot-engangsvapes\/\"><strong data-start=\"5361\" data-end=\"5389\">FUMOT RandM Tornado 7000<\/strong> <\/a>tillgodoser alla. Utan komplicerad installation \u00e4r den ideal f\u00f6r de som prioriterar smak, enkelhet och prestanda i en snygg enhet.<\/p>\n<hr class=\"\" data-start=\"5522\" data-end=\"5525\" \/>\n<h3 data-start=\"5527\" data-end=\"5557\"><strong data-start=\"5530\" data-end=\"5557\">Varf\u00f6r Handla Hos <a href=\"https:\/\/casinovape.de\/sv\/\">Casinovape<\/a>?<\/strong><\/h3>\n<ul data-start=\"5559\" data-end=\"5855\">\n<li class=\"\" data-start=\"5559\" data-end=\"5614\">\n<p class=\"\" data-start=\"5561\" data-end=\"5614\">\u2705 <strong data-start=\"5563\" data-end=\"5614\">St\u00f6rsta \u00e5terf\u00f6rs\u00e4ljaren av eng\u00e5ngsvape i Tyskland<\/strong><\/p>\n<\/li>\n<li class=\"\" data-start=\"5615\" data-end=\"5684\">\n<p class=\"\" data-start=\"5617\" data-end=\"5684\">\u2705 <strong data-start=\"5619\" data-end=\"5684\">Endast Toppvarum\u00e4rken - FUMOT, Al Fakher, OBEELAB HHC, Fizzy &amp; More<\/strong><\/p>\n<\/li>\n<li class=\"\" data-start=\"5685\" data-end=\"5725\">\n<p class=\"\" data-start=\"5687\" data-end=\"5725\">\u2705 <strong data-start=\"5689\" data-end=\"5725\">K\u00f6p 1 eller i bulk - Ingen minimiorder<\/strong><\/p>\n<\/li>\n<li class=\"\" data-start=\"5726\" data-end=\"5786\">\n<p class=\"\" data-start=\"5728\" data-end=\"5786\">\u2705 <strong data-start=\"5730\" data-end=\"5786\">Snabb EU-leverans \u2013 3\u20137 dagar fr\u00e5n europeiskt lager<\/strong><\/p>\n<\/li>\n<li class=\"\" data-start=\"5787\" data-end=\"5855\">\n<p class=\"\" data-start=\"5789\" data-end=\"5855\">\u2705 <strong data-start=\"5791\" data-end=\"5855\">Till\u00e4gnad Kvalitet, Originalitet och Kundn\u00f6jdhet<\/strong><\/p>\n<\/li>\n<\/ul>\n<hr class=\"\" data-start=\"5857\" data-end=\"5860\" \/>\n<h3 data-start=\"5862\" data-end=\"5873\"><strong data-start=\"5865\" data-end=\"5873\">Vanliga fr\u00e5gor<\/strong><\/h3>\n<p class=\"\" data-start=\"5875\" data-end=\"6069\"><strong data-start=\"5875\" data-end=\"5940\">\u00c4r FUMOT RandM Tornado 7000 Disposable Vape uppladdningsbar?<\/strong><br data-start=\"5940\" data-end=\"5943\" \/>Ja, den inkluderar ett integrerat 1000mAh batteri som \u00e4r fullt uppladdningsbart via USB, vilket l\u00e5ter dig anv\u00e4nda den fram till sista puff.<\/p>\n<p class=\"\" data-start=\"6071\" data-end=\"6219\"><strong data-start=\"6071\" data-end=\"6110\">Vilka nikotinniv\u00e5er \u00e4r tillg\u00e4ngliga?<\/strong><br data-start=\"6110\" data-end=\"6113\" \/>Denna modell st\u00f6der 0%, 2%, 3% och 5% nikotinstyrkor, vilket erbjuder flexibilitet baserat p\u00e5 dina preferenser.<\/p>\n<p class=\"\" data-start=\"6221\" data-end=\"6386\"><strong data-start=\"6221\" data-end=\"6254\">\u00c4r det l\u00e4mpligt f\u00f6r nyb\u00f6rjare?<\/strong><br data-start=\"6254\" data-end=\"6257\" \/>Absolut. Den \u00e4r designad f\u00f6r b\u00e5de nya och erfarna vapers. \u00d6ppna f\u00f6rpackningen, ladda om det beh\u00f6vs och njut \u2013 ingen installation eller p\u00e5fyllning kr\u00e4vs.<\/p>\n<p class=\"\" data-start=\"6388\" data-end=\"6509\"><strong data-start=\"6388\" data-end=\"6423\">Hur m\u00e5nga smaker finns tillg\u00e4ngliga?<\/strong><br data-start=\"6423\" data-end=\"6426\" \/>Det finns f\u00f6r n\u00e4rvarande <strong data-start=\"6446\" data-end=\"6460\">20 smaker<\/strong>, alltifr\u00e5n iskyla kylare till rika fruktfusioner.<\/p>\n<p class=\"\" data-start=\"6511\" data-end=\"6660\"><strong data-start=\"6511\" data-end=\"6541\">Casinovape<\/strong><br data-start=\"6541\" data-end=\"6544\" \/>Vi \u00e4r bel\u00e4gna i Tyskland och opererar fr\u00e5n en dedikerad <strong data-start=\"6599\" data-end=\"6626\">Europeiskt vape-lager<\/strong>, som betj\u00e4nar kunder \u00f6ver hela EU.<\/p>","protected":false},"excerpt":{"rendered":"<p>En kraftfull och stilfull eng\u00e5ngsvape som levererar 7000 smakrika bloss med ett uppladdningsbart batteri och livligt RGB-belysning.<\/p>","protected":false},"featured_media":6734,"comment_status":"open","ping_status":"closed","template":"","meta":[],"product_brand":[],"product_cat":[15,78,79,80,82,86,90,96,65,66,67,68,69,70,71,72,73,74,75,76,77,57,45,56],"product_tag":[],"class_list":{"0":"post-6712","1":"product","2":"type-product","3":"status-publish","4":"has-post-thumbnail","6":"product_cat-randm-fumot-disposable-vapes","7":"product_cat-buy-best-disposable-vape-flavors","8":"product_cat-apple-flavor-disposable-vapes","9":"product_cat-blue-razz-flavor-disposable-vapes","10":"product_cat-cherry-flavor-disposable-vapes","11":"product_cat-ice-flavor-disposable-vapes","12":"product_cat-mango-flavor-disposable-vapes","13":"product_cat-raspberry-flavor-disposable-vapes","14":"product_cat-best-disposable-vape-in-europe","15":"product_cat-buy-disposable-vapes-in-austria","16":"product_cat-buy-disposable-vapes-in-belgium","17":"product_cat-buy-disposable-vapes-in-france","18":"product_cat-buy-disposable-vapes-in-germany","19":"product_cat-buy-disposable-vapes-in-italy","20":"product_cat-buy-disposable-vapes-in-netherlands","21":"product_cat-buy-disposable-vapes-in-norway","22":"product_cat-buy-disposable-vapes-in-poland","23":"product_cat-buy-disposable-vapes-in-portugal","24":"product_cat-buy-disposable-vapes-in-spain","25":"product_cat-buy-disposable-vapes-in-sweden","26":"product_cat-buy-disposable-vapes-in-switzerland","27":"product_cat-shop-disposable-vapes-by-puffs","28":"product_cat-disposable-vape-types","29":"product_cat-tornado-disposable-vapes","31":"first","32":"instock","33":"sale","34":"shipping-taxable","35":"purchasable","36":"product-type-variable"},"jetpack_sharing_enabled":true,"_links":{"self":[{"href":"https:\/\/casinovape.de\/sv\/wp-json\/wp\/v2\/product\/6712","targetHints":{"allow":["GET"]}}],"collection":[{"href":"https:\/\/casinovape.de\/sv\/wp-json\/wp\/v2\/product"}],"about":[{"href":"https:\/\/casinovape.de\/sv\/wp-json\/wp\/v2\/types\/product"}],"replies":[{"embeddable":true,"href":"https:\/\/casinovape.de\/sv\/wp-json\/wp\/v2\/comments?post=6712"}],"wp:featuredmedia":[{"embeddable":true,"href":"https:\/\/casinovape.de\/sv\/wp-json\/wp\/v2\/media\/6734"}],"wp:attachment":[{"href":"https:\/\/casinovape.de\/sv\/wp-json\/wp\/v2\/media?parent=6712"}],"wp:term":[{"taxonomy":"product_brand","embeddable":true,"href":"https:\/\/casinovape.de\/sv\/wp-json\/wp\/v2\/product_brand?post=6712"},{"taxonomy":"product_cat","embeddable":true,"href":"https:\/\/casinovape.de\/sv\/wp-json\/wp\/v2\/product_cat?post=6712"},{"taxonomy":"product_tag","embeddable":true,"href":"https:\/\/casinovape.de\/sv\/wp-json\/wp\/v2\/product_tag?post=6712"}],"curies":[{"name":"wp","href":"https:\/\/api.w.org\/{rel}","templated":true}]}}