{"id":6342,"date":"2025-03-23T13:08:08","date_gmt":"2025-03-23T13:08:08","guid":{"rendered":"https:\/\/casinovape.de\/?post_type=product&#038;p=6342"},"modified":"2025-09-05T15:03:37","modified_gmt":"2025-09-05T15:03:37","slug":"european-warehouse-suonon-drag-22000-puffs-shisha-lag-nikotin-kopa-original-autentisk-uppladdningsbar-engangs-vapes-penna","status":"publish","type":"product","link":"https:\/\/casinovape.de\/sv\/produkt\/european-warehouse-suonon-drag-22000-puffs-shisha-lag-nikotin-kopa-original-autentisk-uppladdningsbar-engangs-vapes-penna\/","title":{"rendered":"Europeiskt lager Suonon drag 22000 Puffs Shisha L\u00e5g nikotin K\u00f6p Original Autentisk Upp laddningsbar Eng\u00e5ngs Vape Pen"},"content":{"rendered":"<div style=\"width: 848px;\" class=\"wp-video\"><!--[if lt IE 9]><script>document.createElement('video');<\/script><![endif]-->\n<video class=\"wp-video-shortcode\" id=\"video-6342-1\" width=\"848\" height=\"480\" preload=\"metadata\" controls=\"controls\"><source type=\"video\/mp4\" src=\"https:\/\/casinovape.de\/wp-content\/uploads\/2025\/03\/Suonon-drag-22000.mp4?_=1\" \/><a href=\"https:\/\/casinovape.de\/wp-content\/uploads\/2025\/03\/Suonon-drag-22000.mp4\">https:\/\/casinovape.de\/wp-content\/uploads\/2025\/03\/Suonon-drag-22000.mp4<\/a><\/video><\/div>\n<h2 data-start=\"437\" data-end=\"511\"><strong data-start=\"437\" data-end=\"511\">Upplev o\u00f6vertr\u00e4ffad Vaping med<a href=\"https:\/\/casinovape.de\/sv\/produktkategori\/request-failed-with-status-code-582\/\"> SUONON DRAG 22000<\/a> Eng\u00e5ngs Vape<\/strong><\/h2>\n<p class=\"\" data-start=\"513\" data-end=\"803\">I den utvecklande landskapet av vaping framst\u00e5r SUONON DRAG 22000 Disposable Vape som en fyr f\u00f6r innovation och bekv\u00e4mlighet. Designad f\u00f6r b\u00e5de nyb\u00f6rjare och erfarna vapers erbjuder denna enhet en o\u00f6vertr\u00e4ffad upplevelse, som s\u00f6ml\u00f6st blandar avancerad teknologi med anv\u00e4ndarv\u00e4nliga funktioner.<\/p>\n<h3 data-start=\"805\" data-end=\"825\"><strong data-start=\"805\" data-end=\"825\">Produkt\u00f6versikt<\/strong><\/h3>\n<p class=\"\" data-start=\"827\" data-end=\"1154\">SUONON DRAG 22000 \u00e4r en banbrytande eng\u00e5ngsvape-apparat konstruerad f\u00f6r att leverera en tillfredsst\u00e4llande och l\u00e5ngvarig \u00e5ngupplevelse. Med en imponerande kapacitet p\u00e5 upp till 22 000 bloss s\u00e4kerst\u00e4ller den l\u00e5ng livsl\u00e4ngd och konsekvent prestanda, vilket g\u00f6r den till en p\u00e5litlig f\u00f6ljeslagare f\u00f6r de som s\u00f6ker kvalitet och uth\u00e5llighet under sina \u00e5ngsessioner.<\/p>\n<h3 data-start=\"1156\" data-end=\"1172\"><strong data-start=\"1156\" data-end=\"1172\">Huvudfunktioner<\/strong><\/h3>\n<ul data-start=\"1174\" data-end=\"1758\">\n<li class=\"\" data-start=\"1174\" data-end=\"1289\">\n<p class=\"\" data-start=\"1176\" data-end=\"1289\"><strong data-start=\"1176\" data-end=\"1206\">Dual Mode &amp; Dual Mesh Coil<\/strong>: <span class=\"relative -mx-px my-[-0.2rem] rounded px-px py-[0.2rem]\">Denna funktion l\u00e5ter anv\u00e4ndare v\u00e4xla smidigt mellan Turbo- och vanliga l\u00e4gen, vilket skr\u00e4ddarsyr deras vape-upplevelse efter personliga preferenser. Den dubbla mesh-spolens design s\u00e4kerst\u00e4ller effektiv uppv\u00e4rmning, vilket resulterar i rik och j\u00e4mn smakleverans.<\/span>Ingen text att \u00f6vers\u00e4tta.<\/p>\n<\/li>\n<li class=\"\" data-start=\"1291\" data-end=\"1408\">\n<p class=\"\" data-start=\"1293\" data-end=\"1408\"><strong data-start=\"1293\" data-end=\"1325\">Kompakt och Ergonomisk Design<\/strong>: <span class=\"relative -mx-px my-[-0.2rem] rounded px-px py-[0.2rem]\">M\u00e4ter 27,5 x 51 x 99,2 mm, SUONON DRAG 22000 \u00e4r tillverkad av h\u00e5llbart polycarbonatmaterial (PC), vilket erbjuder b\u00e5de motst\u00e5ndskraft och ett bekv\u00e4mt grepp.<\/span>Ingen text att \u00f6vers\u00e4tta.<\/p>\n<\/li>\n<li class=\"\" data-start=\"1410\" data-end=\"1528\">\n<p class=\"\" data-start=\"1412\" data-end=\"1528\"><strong data-start=\"1412\" data-end=\"1445\">Betydande E-V\u00e4tska Kapacitet<\/strong>: <span class=\"relative -mx-px my-[-0.2rem] rounded px-px py-[0.2rem]\">Utrustad med ett 25ml e-v\u00e4tska reservoar, minimerar denna enhet behovet av frekventa p\u00e5fyllningar, vilket ger en problemfri vapingupplevelse.<\/span>Ingen text att \u00f6vers\u00e4tta.<\/p>\n<\/li>\n<li class=\"\" data-start=\"1530\" data-end=\"1639\">\n<p class=\"\" data-start=\"1532\" data-end=\"1639\"><strong data-start=\"1532\" data-end=\"1556\">Optimerad Resistens<\/strong>: <span class=\"relative -mx-px my-[-0.2rem] rounded px-px py-[0.2rem]\">Med en resistensomr\u00e5de p\u00e5 0,5-1,0 \u03a9 s\u00e4kerst\u00e4ller enheten j\u00e4mn \u00e5ngproduktion och konsekvent smak vid varje puff.<\/span>Ingen text att \u00f6vers\u00e4tta.<\/p>\n<\/li>\n<li class=\"\" data-start=\"1641\" data-end=\"1758\">\n<p class=\"\" data-start=\"1643\" data-end=\"1758\"><strong data-start=\"1643\" data-end=\"1675\">P\u00e5litlig batterprestanda<\/strong>: <span class=\"relative -mx-px my-[-0.2rem] rounded px-px py-[0.2rem]\">Den 800mAh batterikapaciteten st\u00f6djer ut\u00f6kat bruk, och det uppladdningsbara designen s\u00e4kerst\u00e4ller att du kan njuta av enheten till dess fulla potential.<\/span>Ingen text att \u00f6vers\u00e4tta.<\/p>\n<\/li>\n<\/ul>\n<h3 data-start=\"1760\" data-end=\"1797\"><strong data-start=\"1760\" data-end=\"1797\">Varf\u00f6r V\u00e4lja<a href=\"https:\/\/casinovape.de\/sv\/produktkategori\/request-failed-with-status-code-582\/\"> SUONON DRAG 22000<\/a>?<\/strong><\/h3>\n<ul data-start=\"1799\" data-end=\"2257\">\n<li class=\"\" data-start=\"1799\" data-end=\"1906\">\n<p class=\"\" data-start=\"1801\" data-end=\"1906\"><strong data-start=\"1801\" data-end=\"1819\">Ut\u00f6kat bruk<\/strong>: <span class=\"relative -mx-px my-[-0.2rem] rounded px-px py-[0.2rem]\">Med upp till 22 000 bloss tillfredsst\u00e4ller denna enhet anv\u00e4ndare som s\u00f6ker l\u00e5ngvarighet, reducerar frekvensen av ers\u00e4ttningar och erbjuder uth\u00e5llig tillfredsst\u00e4llelse.<\/span>Ingen text att \u00f6vers\u00e4tta.<\/p>\n<\/li>\n<li class=\"\" data-start=\"1908\" data-end=\"2031\">\n<p class=\"\" data-start=\"1910\" data-end=\"2031\"><strong data-start=\"1910\" data-end=\"1944\">Anpassningsbar Vaporerfarenhet<\/strong>: <span class=\"relative -mx-px my-[-0.2rem] rounded px-px py-[0.2rem]\">Den dubbla l\u00e4gesfunktionen ger anv\u00e4ndarna m\u00f6jlighet att anpassa sin vape-stil, oavsett om de f\u00f6redrar en mer intensiv eller mjuk upplevelse.<\/span>Ingen text att \u00f6vers\u00e4tta.<\/p>\n<\/li>\n<li class=\"\" data-start=\"2033\" data-end=\"2146\">\n<p class=\"\" data-start=\"2035\" data-end=\"2146\"><strong data-start=\"2035\" data-end=\"2059\">Anv\u00e4ndarv\u00e4nlig design<\/strong>: <span class=\"relative -mx-px my-[-0.2rem] rounded px-px py-[0.2rem]\">Dess kompakta storlek och ergonomiska struktur g\u00f6r den bekv\u00e4m att b\u00e4ra och anv\u00e4nda, och passar s\u00f6ml\u00f6st in i olika livsstil.<\/span>Ingen text att \u00f6vers\u00e4tta.<\/p>\n<\/li>\n<li class=\"\" data-start=\"2148\" data-end=\"2257\">\n<p class=\"\" data-start=\"2150\" data-end=\"2257\"><strong data-start=\"2150\" data-end=\"2170\">Smaksintegritet<\/strong>: <span class=\"relative -mx-px my-[-0.2rem] rounded px-px py-[0.2rem]\">Den avancerade mesh-spoltekniken s\u00e4kerst\u00e4ller att varje puff levererar en konsekvent och rik smak, vilket f\u00f6rb\u00e4ttrar den totala vape-upplevelsen.<\/span>Ingen text att \u00f6vers\u00e4tta.<\/p>\n<\/li>\n<\/ul>\n<h3 data-start=\"2259\" data-end=\"2280\"><strong data-start=\"2259\" data-end=\"2280\">Tillg\u00e4ngliga smaker<\/strong><\/h3>\n<p class=\"\" data-start=\"2282\" data-end=\"2393\">SUONON DRAG 22000 erbjuder en varierad smakpalett, d\u00e4r varje smak \u00e4r omsorgsfullt utformad f\u00f6r att ge en unik och tillfredsst\u00e4llande upplevelse:<\/p>\n<ol data-start=\"2395\" data-end=\"3690\">\n<li class=\"\" data-start=\"2395\" data-end=\"2498\">\n<p class=\"\" data-start=\"2398\" data-end=\"2498\"><strong data-start=\"2398\" data-end=\"2411\">Persika Glass<\/strong>: <span class=\"relative -mx-px my-[-0.2rem] rounded px-px py-[0.2rem]\">En harmonisk blandning av saftiga persikor med en uppfriskande isig finish, som ger en s\u00f6t och kall sensation.<\/span>Ingen text att \u00f6vers\u00e4tta.<\/p>\n<\/li>\n<li class=\"\" data-start=\"2500\" data-end=\"2605\">\n<p class=\"\" data-start=\"2503\" data-end=\"2605\"><strong data-start=\"2503\" data-end=\"2518\">P\u00e4ron Mango<\/strong>: <span class=\"relative -mx-px my-[-0.2rem] rounded px-px py-[0.2rem]\">Kombinerar den saftiga smaken av mogna persikor med den tropiska s\u00f6tman av mango, vilket skapar en underbar fusion.<\/span>Ingen text att \u00f6vers\u00e4tta.<\/p>\n<\/li>\n<li class=\"\" data-start=\"2607\" data-end=\"2712\">\n<p class=\"\" data-start=\"2610\" data-end=\"2712\"><strong data-start=\"2610\" data-end=\"2625\">Blandb\u00e4r<\/strong>: <span class=\"relative -mx-px my-[-0.2rem] rounded px-px py-[0.2rem]\">En ass\u00e5rtad blandning av b\u00e4r, som erbjuder en balanserad mix av s\u00f6tma och syrlighet f\u00f6r en livlig smakprofil.<\/span>Ingen text att \u00f6vers\u00e4tta.<\/p>\n<\/li>\n<li class=\"\" data-start=\"2714\" data-end=\"2821\">\n<p class=\"\" data-start=\"2717\" data-end=\"2821\"><strong data-start=\"2717\" data-end=\"2734\">Pink Lemonad<\/strong>: <span class=\"relative -mx-px my-[-0.2rem] rounded px-px py-[0.2rem]\">F\u00e5ngar den klassiska smaken av syrliga citroner med en antydan till s\u00f6tma, p\u00e5minnande om en uppfriskande sommardrink.<\/span>Ingen text att \u00f6vers\u00e4tta.<\/p>\n<\/li>\n<li class=\"\" data-start=\"2823\" data-end=\"2938\">\n<p class=\"\" data-start=\"2826\" data-end=\"2938\"><strong data-start=\"2826\" data-end=\"2851\">Jordgubb Vattenmelon<\/strong>: <span class=\"relative -mx-px my-[-0.2rem] rounded px-px py-[0.2rem]\">Kombinerar jordgubbarnas s\u00f6tma med vattenmelonens krispiga, uppfriskande smak, vilket resulterar i en fruktig njutning.<\/span>Ingen text att \u00f6vers\u00e4tta.<\/p>\n<\/li>\n<li class=\"\" data-start=\"2940\" data-end=\"3048\">\n<p class=\"\" data-start=\"2943\" data-end=\"3048\"><strong data-start=\"2943\" data-end=\"2961\">Vattenmelon Glass<\/strong>: <span class=\"relative -mx-px my-[-0.2rem] rounded px-px py-[0.2rem]\">Levererar den saftiga smaken av vattenmelon kompletterad med en kylande mentolfinish, perfekt f\u00f6r en uppfriskande vape.<\/span>Ingen text att \u00f6vers\u00e4tta.<\/p>\n<\/li>\n<li class=\"\" data-start=\"3050\" data-end=\"3153\">\n<p class=\"\" data-start=\"3053\" data-end=\"3153\"><strong data-start=\"3053\" data-end=\"3066\">Drueis<\/strong>: <span class=\"relative -mx-px my-[-0.2rem] rounded px-px py-[0.2rem]\">Erbjuder den rika smaken av mogna druvor med en uppfriskande iskyld undertone, och balanserar s\u00f6tma med friskhet.<\/span>Ingen text att \u00f6vers\u00e4tta.<\/p>\n<\/li>\n<li class=\"\" data-start=\"3155\" data-end=\"3254\">\n<p class=\"\" data-start=\"3158\" data-end=\"3254\"><strong data-start=\"3158\" data-end=\"3167\">Vimto<\/strong>: <span class=\"relative -mx-px my-[-0.2rem] rounded px-px py-[0.2rem]\">Inspirerad av den klassiska drycken blandar denna smak olika frukter f\u00f6r en unik och nostalgisk smakupplevelse.<\/span>Ingen text att \u00f6vers\u00e4tta.<\/p>\n<\/li>\n<li class=\"\" data-start=\"3256\" data-end=\"3364\">\n<p class=\"\" data-start=\"3259\" data-end=\"3364\"><strong data-start=\"3259\" data-end=\"3277\">Jordgubbssorbet<\/strong>: <span class=\"relative -mx-px my-[-0.2rem] rounded px-px py-[0.2rem]\">Kombinerar den saftiga smaken av jordgubbar med en sval mentholbris, vilket ger en uppfriskande vridning p\u00e5 en klassisk fruktsmak.<\/span>Ingen text att \u00f6vers\u00e4tta.<\/p>\n<\/li>\n<li class=\"\" data-start=\"3366\" data-end=\"3467\">\n<p class=\"\" data-start=\"3370\" data-end=\"3467\"><strong data-start=\"3370\" data-end=\"3380\">K\u00f6rsb\u00e4r<\/strong>: <span class=\"relative -mx-px my-[-0.2rem] rounded px-px py-[0.2rem]\">Ger en rik och s\u00f6t smak av mogna k\u00f6rsb\u00e4r, och levererar en rik och tillfredsst\u00e4llande vape.<\/span>Ingen text att \u00f6vers\u00e4tta.<\/p>\n<\/li>\n<li class=\"\" data-start=\"3469\" data-end=\"3583\">\n<p class=\"\" data-start=\"3473\" data-end=\"3583\"><strong data-start=\"3473\" data-end=\"3496\">Bl\u00e5b\u00e4r Hallon<\/strong>: <span class=\"relative -mx-px my-[-0.2rem] rounded px-px py-[0.2rem]\">En kombination av s\u00f6ta bl\u00e5b\u00e4r och syrliga hallon, som skapar en balanserad och smakfull profil.<\/span>Ingen text att \u00f6vers\u00e4tta.<\/p>\n<\/li>\n<li class=\"\" data-start=\"3585\" data-end=\"3690\">\n<p class=\"\" data-start=\"3589\" data-end=\"3690\"><strong data-start=\"3589\" data-end=\"3603\">Sur \u00c4pple<\/strong>: <span class=\"relative -mx-px my-[-0.2rem] rounded px-px py-[0.2rem]\">F\u00e5ngar den krispiga och syrliga smaken av gr\u00f6na \u00e4pplen och erbjuder en uppfriskande och n\u00e5got syrlig upplevelse.<\/span>Ingen text att \u00f6vers\u00e4tta.<\/p>\n<\/li>\n<\/ol>\n<h3 data-start=\"3692\" data-end=\"3729\"><strong data-start=\"3692\" data-end=\"3729\">Vanliga fr\u00e5gor och svar (FAQ)<\/strong><\/h3>\n<ul data-start=\"3731\" data-end=\"4298\">\n<li class=\"\" data-start=\"3731\" data-end=\"3864\">\n<p class=\"\" data-start=\"3733\" data-end=\"3775\"><strong data-start=\"3733\" data-end=\"3775\">\u00c4r SUONON DRAG 22000 uppladdningsbar?<\/strong><\/p>\n<p class=\"\" data-start=\"3779\" data-end=\"3864\"><span class=\"relative -mx-px my-[-0.2rem] rounded px-px py-[0.2rem]\">Ja, den har ett uppladdningsbart batteri p\u00e5 800mAh, vilket s\u00e4kerst\u00e4ller l\u00e5ngvarig anv\u00e4ndning och bekv\u00e4mlighet.<\/span>Ingen text att \u00f6vers\u00e4tta.<\/p>\n<\/li>\n<li class=\"\" data-start=\"3866\" data-end=\"4009\">\n<p class=\"\" data-start=\"3868\" data-end=\"3920\"><strong data-start=\"3868\" data-end=\"3920\">Hur v\u00e4xlar jag mellan Turbo- och vanliga l\u00e4gen?<\/strong><\/p>\n<p class=\"\" data-start=\"3924\" data-end=\"4009\"><span class=\"relative -mx-px my-[-0.2rem] rounded px-px py-[0.2rem]\">Enheten \u00e4r utformad f\u00f6r s\u00f6ml\u00f6s l\u00e4gesv\u00e4xling; se anv\u00e4ndarmanualen f\u00f6r specifika instruktioner.<\/span>Ingen text att \u00f6vers\u00e4tta.<\/p>\n<\/li>\n<li class=\"\" data-start=\"4011\" data-end=\"4152\">\n<p class=\"\" data-start=\"4013\" data-end=\"4063\"><strong data-start=\"4013\" data-end=\"4063\">Vad \u00e4r nikotinstyrkan p\u00e5 e-v\u00e4tskan?<\/strong><\/p>\n<p class=\"\" data-start=\"4067\" data-end=\"4152\"><span class=\"relative -mx-px my-[-0.2rem] rounded px-px py-[0.2rem]\">Nikotinstyrkan varierar beroende p\u00e5 smak; se produktspecifikationerna f\u00f6r detaljerad information.<\/span><\/p>\n<\/li>\n<li class=\"\" data-start=\"4154\" data-end=\"4298\">\n<p class=\"\" data-start=\"4156\" data-end=\"4209\"><strong data-start=\"4156\" data-end=\"4209\">Hur l\u00e5ng tid tar det att ladda enheten helt?<\/strong><\/p>\n<p class=\"\" data-start=\"4213\" data-end=\"4298\"><span class=\"relative -mx-px my-[-0.2rem] rounded px-px py-[0.2rem]\">Laddningstider kan variera; se anv\u00e4ndarmanualen f\u00f6r rekommenderade laddningsdurationer.<\/span>Ingen text att \u00f6vers\u00e4tta.<\/p>\n<\/li>\n<\/ul>\n<h3 data-start=\"4300\" data-end=\"4349\"><strong data-start=\"4300\" data-end=\"4349\">K\u00f6p Din <a href=\"https:\/\/casinovape.de\/sv\/produktkategori\/request-failed-with-status-code-582\/\">SUONON DRAG 22000<\/a> p\u00e5 Casinovape<\/strong><\/h3>\n<p class=\"\" data-start=\"4351\" data-end=\"4817\">P\u00e5 Casinovape \u00e4r vi stolta \u00f6ver att vara den st\u00f6rsta online-retailplattformen f\u00f6r eng\u00e5ngsvape i Deutschland. Vi erbjuder ett omfattande urval av m\u00e4rken, inklusive Al Fakher, Fizzy, OBEELAB HHC, Randm Fumot och SMPO DL02. Med ingen minimibest\u00e4llningskvantitet kan du k\u00f6pa fr\u00e5n en enda enhet, vilket tillgodoser b\u00e5de individuella och retailbehov. V\u00e5ra produkter skickas fr\u00e5n v\u00e5rt europeiska vape-lager, vilket s\u00e4kerst\u00e4ller leverans inom 3-7 dagar \u00f6ver hela EU-marknaden.<\/p>\n<h3 data-start=\"4819\" data-end=\"4845\"><strong data-start=\"4819\" data-end=\"4845\">Varf\u00f6r v\u00e4lja <a href=\"https:\/\/casinovape.de\/sv\/\">Casinovape<\/a>?<\/strong><\/h3>\n<ul data-start=\"4847\" data-end=\"5137\">\n<li class=\"\" data-start=\"4847\" data-end=\"4959\">\n<p class=\"\" data-start=\"4849\" data-end=\"4959\"><strong data-start=\"4849\" data-end=\"4872\">Omfattande urval<\/strong>: <span class=\"relative -mx-px my-[-0.2rem] rounded px-px py-[0.2rem]\">Vi erbjuder ett brett utbud av eng\u00e5ngsvape-produkter f\u00f6r att tillgodose olika preferenser.<\/span>Ingen text att \u00f6vers\u00e4tta.<\/p>\n<\/li>\n<li class=\"\" data-start=\"4961\" data-end=\"5079\">\n<p class=\"\" data-start=\"4963\" data-end=\"5079\"><strong data-start=\"4963\" data-end=\"4992\">Ingen minimiorderkvantitet<\/strong>: <span class=\"relative -mx-px my-[-0.2rem] rounded px-px py-[0.2rem]\">K\u00f6p s\u00e5 f\u00e5 eller s\u00e5 m\u00e5nga du beh\u00f6ver, med start fr\u00e5n bara ett stycke.<\/span><\/p>\n<\/li>\n<\/ul>","protected":false},"excerpt":{"rendered":"<div class=\"flex-shrink-0 flex flex-col relative items-end\">\n<div class=\"pt-0\">\n<div class=\"gizmo-shadow-stroke flex h-8 w-8 items-center justify-center overflow-hidden rounded-full\">\n<div class=\"h-full w-full\">\n<div class=\"gizmo-shadow-stroke overflow-hidden rounded-full\">Den <strong data-start=\"4\" data-end=\"41\">SUONON DRAG 22000 eng\u00e5ngsvape<\/strong> erbjuder upp till <strong data-start=\"55\" data-end=\"71\">22 000 bloss<\/strong>med <strong data-start=\"83\" data-end=\"168\">dubbelteknologi, ett uppladdningsbart batteri p\u00e5 800mAh och en e-v\u00e4tskekapacitet p\u00e5 25ml<\/strong>, levererar en l\u00e5ngvarig och anpassningsbar vapingupplevelse.<\/div>\n<\/div>\n<\/div>\n<\/div>\n<\/div>","protected":false},"featured_media":6405,"comment_status":"open","ping_status":"closed","template":"","meta":[],"product_brand":[],"product_cat":[103],"product_tag":[],"class_list":{"0":"post-6342","1":"product","2":"type-product","3":"status-publish","4":"has-post-thumbnail","6":"product_cat-suonon-disposable-vapes","8":"first","9":"outofstock","10":"shipping-taxable","11":"product-type-variable"},"jetpack_sharing_enabled":true,"_links":{"self":[{"href":"https:\/\/casinovape.de\/sv\/wp-json\/wp\/v2\/product\/6342","targetHints":{"allow":["GET"]}}],"collection":[{"href":"https:\/\/casinovape.de\/sv\/wp-json\/wp\/v2\/product"}],"about":[{"href":"https:\/\/casinovape.de\/sv\/wp-json\/wp\/v2\/types\/product"}],"replies":[{"embeddable":true,"href":"https:\/\/casinovape.de\/sv\/wp-json\/wp\/v2\/comments?post=6342"}],"wp:featuredmedia":[{"embeddable":true,"href":"https:\/\/casinovape.de\/sv\/wp-json\/wp\/v2\/media\/6405"}],"wp:attachment":[{"href":"https:\/\/casinovape.de\/sv\/wp-json\/wp\/v2\/media?parent=6342"}],"wp:term":[{"taxonomy":"product_brand","embeddable":true,"href":"https:\/\/casinovape.de\/sv\/wp-json\/wp\/v2\/product_brand?post=6342"},{"taxonomy":"product_cat","embeddable":true,"href":"https:\/\/casinovape.de\/sv\/wp-json\/wp\/v2\/product_cat?post=6342"},{"taxonomy":"product_tag","embeddable":true,"href":"https:\/\/casinovape.de\/sv\/wp-json\/wp\/v2\/product_tag?post=6342"}],"curies":[{"name":"wp","href":"https:\/\/api.w.org\/{rel}","templated":true}]}}