{"id":596,"date":"2024-09-29T08:16:42","date_gmt":"2024-09-29T08:16:42","guid":{"rendered":"https:\/\/casinovape.de\/?post_type=product&#038;p=596"},"modified":"2026-03-06T14:53:05","modified_gmt":"2026-03-06T14:53:05","slug":"europeiskt-lager-al-fakher-crown-bar-8000-puffs-pro-dual-mode-0-5-low-nikotin-kop-original-autentisk-uppladdningsbar-engangspenna","status":"publish","type":"product","link":"https:\/\/casinovape.de\/sv\/produkt\/europeiskt-lager-al-fakher-crown-bar-8000-puffs-pro-dual-mode-0-5-low-nikotin-kop-original-autentisk-uppladdningsbar-engangspenna\/","title":{"rendered":"Europeiska lager Al Fakher Crown Bar 8000 Puffs Pro Dual Mode 0,5\/% L\u00e5g nikotin K\u00f6p Original Autentisk Upp laddningsbar Eng\u00e5ngs Vape Pen"},"content":{"rendered":"<h2><a href=\"https:\/\/casinovape.de\/sv\/\">Europeiska Vape Lager<\/a> Al Fakher Crown Bar 8000 Puffs Pro Dual Mode 0.5\/% L\u00e5gt Nikotin \u2013 \u00c4kta Upp laddningsbar <a href=\"https:\/\/casinovape.de\/sv\/\">Eng\u00e5ngs Vape Pen<\/a><\/h2>\n<p><strong>Upplev det ultimata i Vaping med <a href=\"https:\/\/casinovape.de\/sv\/produktkategori\/al-fakher-engangsvapor\/\">Al Fakher<\/a> Crown Bar Big Cloud 8000 PRO<\/strong><\/p>\n<p>Den <strong>Al Fakher Crown Bar Big Cloud 8000 PRO<\/strong> \u00e4r inte bara en vape - det \u00e4r en premiumupplevelse utformad f\u00f6r dem som v\u00e4rdes\u00e4tter \u00f6verl\u00e4gsen smak, kraftfulla puffar och problemfri anv\u00e4ndbarhet. Designad med banbrytande tv\u00e5l\u00e4ges-teknik, passar denna vapepen till varje personliga smak, vare sig du f\u00f6redrar <strong>Mouth-to-Lung (MTL)<\/strong> eller <strong>Direct-to-Lung (DTL)<\/strong> Vapingstil. Perfekt f\u00f6r b\u00e5de nyb\u00f6rjare och erfarna vapers, denna uppladdningsbara eng\u00e5ngsvape levererar upp till <strong>8000 blossor<\/strong> med o\u00f6vertr\u00e4ffad konsistens, vilket s\u00e4kerst\u00e4ller l\u00e5ngvarigt n\u00f6je.<\/p>\n<p>P\u00e5 Casinovape, <strong>Tysklands ledande onlinebutik f\u00f6r eng\u00e5ngsvape<\/strong>, vi erbjuder denna \u00e4kta Al Fakher vape i enstaka enheter, s\u00e5 du kan k\u00f6pa exakt vad du beh\u00f6ver utan krav p\u00e5 minsta k\u00f6p. Upplev den rika smaken av h\u00f6gkvalitativa e-v\u00e4tskor som skickas fr\u00e5n v\u00e5rt europeiska lager, med snabb leverans inom 3-7 dagar \u00f6ver hela EU. Acceptera inte mindre - upplev de sl\u00e4ta, smakrika molnen fr\u00e5n Al Fakher Crown Bar Big Cloud 8000 PRO.<\/p>\n<p><img loading=\"lazy\" decoding=\"async\" class=\"alignnone wp-image-3676 size-full\" src=\"https:\/\/casinovape.de\/wp-content\/uploads\/2024\/09\/\u7b2c1\u9875-1-scaled.webp\" alt=\"Europeiska lager Al Fakher Crown Bar 8000 Puffs Pro Dual Mode 0,5\/% L\u00e5g nikotin K\u00f6p Original Autentisk Upp laddningsbar Eng\u00e5ngs Vape Pen\" width=\"2006\" height=\"2560\" srcset=\"https:\/\/casinovape.de\/wp-content\/uploads\/2024\/09\/\u7b2c1\u9875-1-scaled.webp 2006w, https:\/\/casinovape.de\/wp-content\/uploads\/2024\/09\/\u7b2c1\u9875-1-235x300.webp 235w, https:\/\/casinovape.de\/wp-content\/uploads\/2024\/09\/\u7b2c1\u9875-1-802x1024.webp 802w, https:\/\/casinovape.de\/wp-content\/uploads\/2024\/09\/\u7b2c1\u9875-1-768x980.webp 768w, https:\/\/casinovape.de\/wp-content\/uploads\/2024\/09\/\u7b2c1\u9875-1-1203x1536.webp 1203w, https:\/\/casinovape.de\/wp-content\/uploads\/2024\/09\/\u7b2c1\u9875-1-1605x2048.webp 1605w, https:\/\/casinovape.de\/wp-content\/uploads\/2024\/09\/\u7b2c1\u9875-1-9x12.webp 9w, https:\/\/casinovape.de\/wp-content\/uploads\/2024\/09\/\u7b2c1\u9875-1-600x766.webp 600w\" sizes=\"auto, (max-width: 2006px) 100vw, 2006px\" \/><\/p>\n<hr \/>\n<h2><strong><a href=\"https:\/\/casinovape.de\/sv\/produktkategori\/al-fakher-engangsvapor\/\">Al Fakher<\/a> Crown Bar Big Cloud 8000 PRO <\/strong>Huvudfunktioner<\/h2>\n<ul>\n<li><strong>Ut\u00f6kad Puffkapacitet<\/strong>: Njut av upp till <strong>8000 blossor<\/strong> per enhet, vilket g\u00f6r den till en av de mest l\u00e5ngvariga eng\u00e5ngsvape som finns tillg\u00e4ngliga.<\/li>\n<li><strong>H\u00f6g E-Liquid Kapacitet<\/strong>: Varje enhet \u00e4r f\u00f6rfylld med <strong>18 ml e-v\u00e4tska<\/strong> inneh\u00e5llande 0,5% nikotinsalt, vilket ger en j\u00e4mn, tillfredsst\u00e4llande upplevelse.<\/li>\n<li><strong>Robust 800 mAh uppladdningsbar batteri<\/strong>: Utrustad med en <strong>Type-C-port<\/strong> f\u00f6r snabb och enkel uppladdning, s\u00e5 att du alltid har din enhet uppladdad och redo att anv\u00e4ndas.<\/li>\n<li><strong>LED-displaysk\u00e4rm<\/strong>: H\u00e5ll dig informerad med realtidsuppdateringar om din e-v\u00e4tskeniv\u00e5 och batteritid.<\/li>\n<li><strong>Dubbla Vapningsl\u00e4gen<\/strong>: V\u00e4lj mellan MTL f\u00f6r ett tajtare drag eller DTL f\u00f6r en fylligare, lungfokuserad hit.<\/li>\n<li><strong>Shisha-liknande upplevelse<\/strong>: Upplev den autentiska k\u00e4nslan av shisha med varje puff, tack vare Al Fakher:s signatursmaker och kvalitet.<\/li>\n<\/ul>\n<hr \/>\n<h2><strong><a href=\"https:\/\/casinovape.de\/sv\/produktkategori\/al-fakher-engangsvapor\/\">Al Fakher<\/a> Crown Bar Big Cloud 8000 PRO <\/strong>Utforska Smaksamlingen<\/h2>\n<p>Med ett kurerat urval av smaker \u00e4r Al Fakher Crown Bar Big Cloud 8000 PRO utformad f\u00f6r att leverera en smakupplevelse som f\u00e5r dig att komma tillbaka. Varje smak \u00e4r noggrant utarbetad f\u00f6r att f\u00e5nga essensen av shisha i vape-form, vilket s\u00e4kerst\u00e4ller att varje puff \u00e4r lika tillfredsst\u00e4llande som den sista.<\/p>\n<ol>\n<li><strong>Persika Glass<\/strong>: Upplev en explosion av saftig persika i balans med en uppfriskande iskyld finish, som v\u00e4cker k\u00e4nslan av en varm sommardag.<\/li>\n<li><strong>Cherry Fiesta<\/strong>: F\u00f6rtjus dig i mogna, s\u00f6ta k\u00f6rsb\u00e4r som ger en festlig upplevelse med varje inandning.<\/li>\n<li><strong>Mango Glass \n Mango is translated as Mango in Swedish and Ice as glass.<\/strong>En tropisk flykt i varje puff, blandar mogna mango med en sval utandning f\u00f6r en perfekt sommarduft.<\/li>\n<li><strong>Mango Ananas<\/strong>En livlig blandning av s\u00f6t mango och tropisk ananas, som f\u00f6r dig till ett strandparadis.<\/li>\n<li><strong>Tydlig dr\u00f6m<\/strong>En dr\u00f6mliknande fusion av friska fruktsmaker som adderar en touch av magi till din vape-rutin.<\/li>\n<li><strong>Hubba<\/strong>S\u00f6tt bubbelgummi med en snygg vridning - en ov\u00e4ntad blandning som \u00e4r s\u00e5v\u00e4l h\u00e4rlig som uppfriskande.<\/li>\n<li><strong>Tv\u00e5 \u00c4pplen<\/strong>Den klassiska shisha-smaken av r\u00f6da och gr\u00f6na \u00e4pplen, expertly balanserad mellan s\u00f6tt och syrligt.<\/li>\n<li><strong>Lush Ice<\/strong>: Saftig vattenmelon m\u00f6ter en sval finish, vilket skapar en uppfriskande, kylande k\u00e4nsla.<\/li>\n<li><strong>Jordgubbs Punch<\/strong>En syrlig och s\u00f6t jordgubbsblandning som vitaliserar dina smakl\u00f6kar.<\/li>\n<li><strong>Vinsylt Mint<\/strong>Saftig vindruva kombinerad med en mintig finish, som erbjuder en s\u00f6t men sval smakprofil.<\/li>\n<li><strong>Magisk k\u00e4rlek<\/strong>: En unik, fruktig blandning som f\u00f6rtj\u00e4nar dina sinnen med varje puff.<\/li>\n<li><strong>Citron Mint<\/strong>: Frisk citron m\u00f6ter sval mynta f\u00f6r en uppfriskande hela-dagen-vape.<\/li>\n<li><strong>Berry Ice<\/strong>: En blandning av blandade b\u00e4r med en krispig isig utandning, perfekt f\u00f6r b\u00e4r\u00e4lskare.<\/li>\n<li><strong>Bl\u00e5 Razz Lemonad<\/strong>: Syrliga bl\u00e5 hallon och citron kombineras f\u00f6r en nostalgisk, sommrig smak.<\/li>\n<li><strong>Bl\u00e5 Ocean<\/strong>: En luftig, l\u00e4tt salt profil som p\u00e5minner om en dag vid havet.<\/li>\n<li><strong>Svarta vinb\u00e4rsgel\u00e9<\/strong>Rik jordgubbssmak m\u00f6ts av en sval finish och erbjuder en sofistikerad smak.<\/li>\n<li><strong>Citron Lime<\/strong>: Ljus, citrusaktig citron och lime kombineras f\u00f6r en uppfriskande blandning.<\/li>\n<li><strong>Bl\u00e5b\u00e4rsgummi<\/strong>: En nostalgisk bl\u00e5b\u00e4rsgummitugg-flavour som \u00e4r b\u00e5de fruktig och rolig.<\/li>\n<li><strong>Tuggummi Mint<\/strong>: Den s\u00f6ta lockelsen av tuggummi i kombination med en mintig kant f\u00f6r en extraordin\u00e4r upplevelse.<\/li>\n<\/ol>\n<p>&nbsp;<\/p>\n<h2 class=\"markdown prose w-full break-words dark:prose-invert light\"><span style=\"font-size: 25.92px;\"><a href=\"https:\/\/casinovape.de\/sv\/produktkategori\/al-fakher-einweg-e-zigarette\/\"><img loading=\"lazy\" decoding=\"async\" class=\"alignright wp-image-631\" src=\"https:\/\/casinovape.de\/wp-content\/uploads\/2024\/09\/Al-Fakher-Crown-Bar-PRO-8K-Al-Fakher-262869555-2.webp\" alt=\"Europeiska Lager Al Fakher Crown Bar Big Cloud 8000 PRO Puffs 0,5% L\u00e5gt Nikotin K\u00f6p Original Autentisk \u00c5teranv\u00e4ndbar Eng\u00e5ngs Vape Pen\" width=\"2000\" height=\"2000\" srcset=\"https:\/\/casinovape.de\/wp-content\/uploads\/2024\/09\/Al-Fakher-Crown-Bar-PRO-8K-Al-Fakher-262869555-2.webp 2000w, https:\/\/casinovape.de\/wp-content\/uploads\/2024\/09\/Al-Fakher-Crown-Bar-PRO-8K-Al-Fakher-262869555-2-300x300.webp 300w, https:\/\/casinovape.de\/wp-content\/uploads\/2024\/09\/Al-Fakher-Crown-Bar-PRO-8K-Al-Fakher-262869555-2-1024x1024.webp 1024w, https:\/\/casinovape.de\/wp-content\/uploads\/2024\/09\/Al-Fakher-Crown-Bar-PRO-8K-Al-Fakher-262869555-2-150x150.webp 150w, https:\/\/casinovape.de\/wp-content\/uploads\/2024\/09\/Al-Fakher-Crown-Bar-PRO-8K-Al-Fakher-262869555-2-768x768.webp 768w, https:\/\/casinovape.de\/wp-content\/uploads\/2024\/09\/Al-Fakher-Crown-Bar-PRO-8K-Al-Fakher-262869555-2-1536x1536.webp 1536w, https:\/\/casinovape.de\/wp-content\/uploads\/2024\/09\/Al-Fakher-Crown-Bar-PRO-8K-Al-Fakher-262869555-2-600x600.webp 600w, https:\/\/casinovape.de\/wp-content\/uploads\/2024\/09\/Al-Fakher-Crown-Bar-PRO-8K-Al-Fakher-262869555-2-100x100.webp 100w\" sizes=\"auto, (max-width: 2000px) 100vw, 2000px\" \/><\/a><\/span><\/h2>\n<p>&nbsp;<\/p>\n<div class=\"md:pt-0 dark:border-white\/20 md:border-transparent md:dark:border-transparent w-full\">\n<div class=\"\">\n<div class=\"text-base px-3 md:px-4 m-auto w-full md:px-5 lg:px-4 xl:px-5\">\n<div class=\"mx-auto flex flex-1 gap-4 text-base md:gap-5 lg:gap-6 md:max-w-3xl lg:max-w-[40rem] xl:max-w-[48rem]\">\n<form class=\"w-full\" aria-haspopup=\"dialog\" aria-expanded=\"false\" aria-controls=\"radix-:rnl:\" data-state=\"closed\" action=\"\">\n<div class=\"relative flex h-full max-w-full flex-1 flex-col\">\n<div class=\"group relative flex w-full items-center\">\n<div class=\"flex w-full flex-col gap-1.5 rounded-[26px] p-1.5 transition-colors bg-[#f4f4f4] dark:bg-token-main-surface-secondary\">\n<div class=\"flex items-end gap-1.5 pl-4 md:gap-2\">\n<div class=\"flex min-w-0 flex-1 flex-col\">\n<div class=\"_prosemirror-parent_15ceg_1 text-token-text-primary max-h-[25dvh] max-h-52 overflow-auto default-browser\"><\/div>\n<\/div>\n<div class=\"min-w-8\"><\/div>\n<\/div>\n<\/div>\n<\/div>\n<\/div>\n<input type=\"hidden\" name=\"trp-form-language\" value=\"sv\"\/><\/form>\n<\/div>\n<\/div>\n<div class=\"relative w-full px-2 py-2 text-center text-xs text-token-text-secondary empty:hidden md:px-[60px]\">\n<div>\n<h2>Varf\u00f6r v\u00e4lja <a href=\"https:\/\/casinovape.de\/sv\/produktkategori\/al-fakher-engangsvapor\/\">Al Fakher<\/a> Crown Bar Big Cloud 8000 PRO<\/h2>\n<p>Att v\u00e4lja r\u00e4tt vape kan h\u00f6ja din vape-upplevelse fr\u00e5n vanlig till extraordin\u00e4r. Den <strong>Al Fakher Crown Bar Big Cloud 8000 PRO<\/strong> erbjuder en m\u00e4ngd funktioner och smaker, utformade f\u00f6r att tillfredsst\u00e4lla \u00e4ven de mest kr\u00e4sna vapers. Med bekv\u00e4mligheten av dubbell\u00e4gesalternativ \u00e4r denna vape anpassningsbar, vare sig du letar efter ett snabbt drag eller ett djupare, fylligare slag. Den varar inte bara l\u00e4ngre \u00e4n de flesta eng\u00e5ngsvape-produkter, utan den \u00e4r ocks\u00e5 uppladdningsbar, vilket s\u00e4kerst\u00e4ller att du f\u00e5r maximal livsl\u00e4ngd ut ur varje enhet.<\/p>\n<p>Al Fakhers rykte inom shishav\u00e4rlden \u00f6vers\u00e4tts s\u00f6ml\u00f6st till vape-marknaden och ger dig autentiska smaker som k\u00e4nns som en riktig shishaupplevelse. N\u00e4r du k\u00f6per fr\u00e5n Casinovape f\u00e5r du inte bara en h\u00f6gkvalitativ vape, utan ocks\u00e5 s\u00e4kerheten att <strong>Snabb, Europeisk frakt<\/strong> och <strong>kundfokuserad service<\/strong>. H\u00f6j din vape-upplevelse med en produkt som kombinerar smak, teknologi och bekv\u00e4mlighet i en elegant enhet.<\/p>\n<hr \/>\n<h2>Bekv\u00e4mlighet och kundfokus<\/h2>\n<p>P\u00e5<a href=\"https:\/\/casinovape.de\/sv\/\"> <strong>Casinovape<\/strong><\/a>, vi tror att k\u00f6pet av din vape b\u00f6r vara lika smidigt som upplevelsen av att anv\u00e4nda den. Det \u00e4r d\u00e4rf\u00f6r vi erbjuder individuella f\u00f6rs\u00e4ljningar utan krav p\u00e5 minsta kvantitet, och servar direkt den europeiska marknaden fr\u00e5n v\u00e5r <strong>dedikerad EU-lager<\/strong>Med leverans \u00f6ver hela kontinenten p\u00e5 3-7 dagar beh\u00f6ver du inte v\u00e4nta l\u00e4nge f\u00f6r att njuta av din Al Fakher Crown Bar Big Cloud 8000 PRO.<\/p>\n<p>Oavsett om du \u00e4r en tillf\u00e4llig vaper eller en entusiast, g\u00f6r v\u00e5rt stora urval av smaker, avancerade produktfunktioner och v\u00e5rt engagemang f\u00f6r kvalitet Casinovape till det ultimata destinationen f\u00f6r eng\u00e5ngsvape.<\/p>\n<hr \/>\n<h3>Best\u00e4ll Din Al Fakher Crown Bar Big Cloud 8000 PRO Idag!<\/h3>\n<p>Uppt\u00e4ck det b\u00e4sta med eng\u00e5ngsvape <strong>Al Fakher Crown Bar Big Cloud 8000 PRO<\/strong>Hos Casinovape erbjuder vi dig den autentiska Al Fakher-upplevelsen, snabb leverans och ett omfattande smakval som omdefinierar disponibel vaping. Bes\u00f6k v\u00e5r webbplats f\u00f6r att best\u00e4lla din idag och f\u00f6rvandla varje puff till ett \u00f6gonblick av verklig njutning.<\/p>\n<p>Njut av din vape-resa med kvalitet, bekv\u00e4mlighet och smak som levereras direkt till din d\u00f6rr fr\u00e5n <strong><a href=\"https:\/\/casinovape.de\/sv\/\">Casinovape<\/a> \u2013 Europas tillf\u00f6rlitliga vape-\u00e5terf\u00f6rs\u00e4ljare<\/strong>.<\/p>\n<\/div>\n<\/div>\n<\/div>\n<\/div>","protected":false},"excerpt":{"rendered":"<p>Uppt\u00e4ck<strong> Al Fakher Crown Bar Big Cloud 8000 PRO<\/strong> Eng\u00e5ngs Vape fr\u00e5n Casinovape \u2013 Europas ledande \u00e5terf\u00f6rs\u00e4ljare f\u00f6r autentiska, l\u00e5ngvariga vape-pennor. Njut av snabb EU-leverans och en m\u00e4ngd premiumsmaker i varje puff!<\/p>","protected":false},"featured_media":1199,"comment_status":"open","ping_status":"closed","template":"","meta":[],"product_brand":[],"product_cat":[16,78,79,80,81,82,84,86,88,89,90,91,92,94,95,96,98,99,65,66,67,68,69,70,71,72,73,74,75,76,77,57,58,45,48,50,47,52,54,55],"product_tag":[],"class_list":{"0":"post-596","1":"product","2":"type-product","3":"status-publish","4":"has-post-thumbnail","6":"product_cat-al-fakher-disposable-vapes","7":"product_cat-buy-best-disposable-vape-flavors","8":"product_cat-apple-flavor-disposable-vapes","9":"product_cat-blue-razz-flavor-disposable-vapes","10":"product_cat-blueberry-flavor-disposable-vapes","11":"product_cat-cherry-flavor-disposable-vapes","12":"product_cat-grape-flavor-disposable-vapes","13":"product_cat-ice-flavor-disposable-vapes","14":"product_cat-lemon-flavor-disposable-vapes","15":"product_cat-lush-flavor-disposable-vapes","16":"product_cat-mango-flavor-disposable-vapes","17":"product_cat-mint-flavor-disposable-vapes","18":"product_cat-mixed-berries-flavor-disposable-vapes","19":"product_cat-peach-flavor-disposable-vapes","20":"product_cat-pineapple-flavor-disposable-vapes","21":"product_cat-raspberry-flavor-disposable-vapes","22":"product_cat-strawberry-flavor-disposable-vapes","23":"product_cat-watermelon-flavor-disposable-vapes","24":"product_cat-best-disposable-vape-in-europe","25":"product_cat-buy-disposable-vapes-in-austria","26":"product_cat-buy-disposable-vapes-in-belgium","27":"product_cat-buy-disposable-vapes-in-france","28":"product_cat-buy-disposable-vapes-in-germany","29":"product_cat-buy-disposable-vapes-in-italy","30":"product_cat-buy-disposable-vapes-in-netherlands","31":"product_cat-buy-disposable-vapes-in-norway","32":"product_cat-buy-disposable-vapes-in-poland","33":"product_cat-buy-disposable-vapes-in-portugal","34":"product_cat-buy-disposable-vapes-in-spain","35":"product_cat-buy-disposable-vapes-in-sweden","36":"product_cat-buy-disposable-vapes-in-switzerland","37":"product_cat-shop-disposable-vapes-by-puffs","38":"product_cat-8000-puff-disposable-vape","39":"product_cat-disposable-vape-types","40":"product_cat-big-puffs-disposable-vapes","41":"product_cat-digital-box-disposable-vapes","42":"product_cat-full-screen-disposable-vapes","43":"product_cat-lower-nicotine-disposable-vapes","44":"product_cat-rechargeable-disposable-vapes","45":"product_cat-shisha-hookah-disposable-vapes","47":"first","48":"instock","49":"sale","50":"shipping-taxable","51":"purchasable","52":"product-type-variable"},"jetpack_sharing_enabled":true,"_links":{"self":[{"href":"https:\/\/casinovape.de\/sv\/wp-json\/wp\/v2\/product\/596","targetHints":{"allow":["GET"]}}],"collection":[{"href":"https:\/\/casinovape.de\/sv\/wp-json\/wp\/v2\/product"}],"about":[{"href":"https:\/\/casinovape.de\/sv\/wp-json\/wp\/v2\/types\/product"}],"replies":[{"embeddable":true,"href":"https:\/\/casinovape.de\/sv\/wp-json\/wp\/v2\/comments?post=596"}],"wp:featuredmedia":[{"embeddable":true,"href":"https:\/\/casinovape.de\/sv\/wp-json\/wp\/v2\/media\/1199"}],"wp:attachment":[{"href":"https:\/\/casinovape.de\/sv\/wp-json\/wp\/v2\/media?parent=596"}],"wp:term":[{"taxonomy":"product_brand","embeddable":true,"href":"https:\/\/casinovape.de\/sv\/wp-json\/wp\/v2\/product_brand?post=596"},{"taxonomy":"product_cat","embeddable":true,"href":"https:\/\/casinovape.de\/sv\/wp-json\/wp\/v2\/product_cat?post=596"},{"taxonomy":"product_tag","embeddable":true,"href":"https:\/\/casinovape.de\/sv\/wp-json\/wp\/v2\/product_tag?post=596"}],"curies":[{"name":"wp","href":"https:\/\/api.w.org\/{rel}","templated":true}]}}