{"id":5916,"date":"2025-01-03T07:55:52","date_gmt":"2025-01-03T07:55:52","guid":{"rendered":"https:\/\/casinovape.de\/?post_type=product&#038;p=5916"},"modified":"2025-04-23T06:33:34","modified_gmt":"2025-04-23T06:33:34","slug":"request-failed-with-status-code-506","status":"publish","type":"product","link":"https:\/\/casinovape.de\/sv\/produkt\/request-failed-with-status-code-506\/","title":{"rendered":"Europeiskt lager Solobar Solo 30000 Puffs L\u00e5g Nikotin K\u00f6p Original Autentisk Upp laddningsbar Eng\u00e5ngs Vape Pen"},"content":{"rendered":"<div style=\"width: 1020px;\" class=\"wp-video\"><!--[if lt IE 9]><script>document.createElement('video');<\/script><![endif]-->\n<video class=\"wp-video-shortcode\" id=\"video-5916-1\" width=\"1020\" height=\"574\" preload=\"metadata\" controls=\"controls\"><source type=\"video\/mp4\" src=\"https:\/\/casinovape.de\/wp-content\/uploads\/2024\/12\/solobar-solo-30000.mp4?_=1\" \/><a href=\"https:\/\/casinovape.de\/wp-content\/uploads\/2024\/12\/solobar-solo-30000.mp4\">https:\/\/casinovape.de\/wp-content\/uploads\/2024\/12\/solobar-solo-30000.mp4<\/a><\/video><\/div>\n<div class=\"flex-1 overflow-hidden @container\/thread\">\n<div class=\"h-full\">\n<div class=\"react-scroll-to-bottom--css-mqmrw-79elbk h-full\">\n<div class=\"react-scroll-to-bottom--css-mqmrw-1n7m0yu\">\n<div class=\"flex flex-col text-sm md:pb-9\">\n<article class=\"w-full scroll-mb-[var(--thread-trailing-height,150px)] text-token-text-primary focus-visible:outline-2 focus-visible:outline-offset-[-4px]\" dir=\"auto\" data-testid=\"conversation-turn-3\" data-scroll-anchor=\"true\">\n<div class=\"m-auto text-base py-[18px] px-3 md:px-4 w-full md:px-5 lg:px-4 xl:px-5\">\n<div class=\"mx-auto flex flex-1 gap-4 text-base md:gap-5 lg:gap-6 md:max-w-3xl lg:max-w-[40rem] xl:max-w-[48rem]\">\n<div class=\"group\/conversation-turn relative flex w-full min-w-0 flex-col agent-turn\">\n<div class=\"flex-col gap-1 md:gap-3\">\n<div class=\"flex max-w-full flex-col flex-grow\">\n<div class=\"min-h-8 text-message flex w-full flex-col items-end gap-2 whitespace-normal break-words text-start [.text-message+&amp;]:mt-5\" dir=\"auto\" data-message-author-role=\"assistant\" data-message-id=\"63cb7b2f-9776-4b2e-9419-cd940c0b8b0c\" data-message-model-slug=\"gpt-4o\">\n<div class=\"flex w-full flex-col gap-1 empty:hidden first:pt-[3px]\">\n<div class=\"markdown prose w-full break-words dark:prose-invert light\">\n<h2>Uppt\u00e4ck Solobar Solo 30 000 Puffs Disposable Vape: Den ultimata vape-innovationen<\/h2>\n<p>Om du \u00e4r ett fan av h\u00f6gkvalitativa, l\u00e5ngvariga och exceptionella smakprofiler, <strong>Solobar Solo 30,000 Puffs<\/strong> disponibel vape \u00e4r h\u00e4r f\u00f6r att revolutionera din vape-upplevelse. Oavsett om du \u00e4r en erfaren vaper eller ny i v\u00e4rlden av disponibla vapes, levererar denna enhet o\u00f6vertr\u00e4ffad prestanda, imponerande l\u00e5ngvarighet och j\u00e4mna drag, vilket g\u00f6r den till det perfekta valet f\u00f6r alla som s\u00f6ker en toppklassig vape-l\u00f6sning.<\/p>\n<p>Med <strong>30 000 bloss \n(Or 30,000 bloss)<\/strong> i en enda enhet, den <strong>Solobar Solo<\/strong> utm\u00e4rker sig som en av de mest l\u00e5ngvariga eng\u00e5ngsvapearna som finns tillg\u00e4ngliga idag. Ingen anledning att oroa sig f\u00f6r frekventa byten; denna uppladdningsbara, h\u00f6gpresterande vape erbjuder en ut\u00f6kad livsl\u00e4ngd som klarar dina krav, vilket g\u00f6r den till en riktig h\u00f6jdpunkt p\u00e5 marknaden. Dessutom, med flexibiliteten att ladda och enkelheten att anv\u00e4nda, levererar den en upplevelse som passar b\u00e5de nyb\u00f6rjare och erfarna anv\u00e4ndare lika.<\/p>\n<div style=\"width: 1020px;\" class=\"wp-video\"><video class=\"wp-video-shortcode\" id=\"video-5916-2\" width=\"1020\" height=\"574\" preload=\"metadata\" controls=\"controls\"><source type=\"video\/mp4\" src=\"https:\/\/casinovape.de\/wp-content\/uploads\/2024\/12\/solobar-solo-30000-2.mp4?_=2\" \/><a href=\"https:\/\/casinovape.de\/wp-content\/uploads\/2024\/12\/solobar-solo-30000-2.mp4\">https:\/\/casinovape.de\/wp-content\/uploads\/2024\/12\/solobar-solo-30000-2.mp4<\/a><\/video><\/div>\n<h3>Nyckelfunktioner hos Solobar Solo 30 000 Puffs Eng\u00e5ngsvape<\/h3>\n<p>Den <strong>Solobar Solo 30,000 Puffs<\/strong> \u00e4r utformad med avancerade funktioner som f\u00f6rb\u00e4ttrar din \u00e5ngningsupplevelse och erbjuder mer \u00e4n bara en f\u00f6r\u00e5ngare. H\u00e4r \u00e4r en uppdelning av vad som g\u00f6r denna enhet s\u00e5 speciell:<\/p>\n<h4>1. <strong>30 000 bloss f\u00f6r ut\u00f6kat n\u00f6je<\/strong><\/h4>\n<p>S\u00e4g adj\u00f6 till frekventa utbyten med en eng\u00e5ngsvape som erbjuder en massiv <strong>30 000 bloss \n(Or 30,000 bloss)<\/strong>Oavsett om du f\u00f6r\u00e5ngar l\u00e4tt eller h\u00e5rt, kommer du att uppskatta hur l\u00e4nge denna enhet varar, vilket g\u00f6r den till ett kostnadseffektivt och tillf\u00f6rlitligt alternativ f\u00f6r l\u00e5ngsiktig anv\u00e4ndning.<\/p>\n<h4>2. <strong>LED-sk\u00e4rmdisplay<\/strong><\/h4>\n<p>Den <strong>Solobar Solo<\/strong> har en livlig <strong>LED-sk\u00e4rmdisplay<\/strong> som visar viktig information som batteriets livsl\u00e4ngd och antalet bloss. Detta hj\u00e4lper dig att enkelt \u00f6vervaka din anv\u00e4ndning och s\u00e4kerst\u00e4ller att du alltid har kontroll.<\/p>\n<h4>3. <strong>Luftfl\u00f6deskontroll f\u00f6r personlig \u00e5ngning<\/strong><\/h4>\n<p>Skr\u00e4ddarsy din vape-upplevelse med <strong>Luftfl\u00f6deskontroll<\/strong> funktion. Oavsett om du f\u00f6redrar ett t\u00e4tt drag eller en luftigare puff, m\u00f6jligg\u00f6r justeringen av luftfl\u00f6det dig att hitta din perfekta vape-stil.<\/p>\n<h4>4. <strong>10-30W Utmatnings effekt<\/strong><\/h4>\n<p>Upplev j\u00e4mn effekt med <strong>10-30W effektutmatning<\/strong> intervall. Oavsett om du vill ha en l\u00e4ttare eller starkare vape, anpassar sig Solobar Solo till dina \u00f6nskem\u00e5l och levererar j\u00e4mna, tillfredsst\u00e4llande bloss varje g\u00e5ng.<\/p>\n<h4>5. <strong>Uppladdningsbar 880 mAh Batteri<\/strong><\/h4>\n<p>Utrustad med en kraftfull <strong>880 mAh uppladdningsbar batteri<\/strong>, Solobar Solo s\u00e4kerst\u00e4ller en j\u00e4mn och l\u00e5ngvarig vapingupplevelse. Den uppladdningsbara funktionen g\u00f6r den till ett milj\u00f6v\u00e4nligt val samtidigt som den s\u00e4kerst\u00e4ller att du f\u00e5r maximal anv\u00e4ndning av din enhet innan du beh\u00f6ver ladda den igen.<\/p>\n<h4>6. <strong>Ambient belysning P\u00e5\/Av<\/strong><\/h4>\n<p>F\u00f6r en snygg och stilfull touch, <strong>omgivande ljus<\/strong> funktionen l\u00e4gger till en rolig visuell effekt till din vape-upplevelse. Du kan aktivera eller inaktivera den beroende p\u00e5 dina \u00f6nskem\u00e5l, vilket m\u00f6jligg\u00f6r en uppslukande och anpassningsbar upplevelse.<\/p>\n<h4>7. <strong>Dubbel Mesh Coil<\/strong><\/h4>\n<p>Den <strong>dubbel mesh-spole<\/strong> I Solobar Solo erbjuds en j\u00e4mnare och mer konsekvent vapingupplevelse genom att s\u00e4kerst\u00e4lla optimal luftfl\u00f6de och j\u00e4mn uppv\u00e4rmning av din vapejuice. Denna funktion f\u00f6rb\u00e4ttrar smakprofilen och s\u00e4kerst\u00e4ller rika, fylliga moln varje g\u00e5ng.<\/p>\n<h4>8. <strong>Anv\u00e4ndarv\u00e4nlig design<\/strong><\/h4>\n<p>Oavsett om du \u00e4r en nyb\u00f6rjare inom vaping eller en erfaren proffs, <strong>Solobar Solo 30,000 Puffs<\/strong> \u00e4r utformad f\u00f6r att vara anv\u00e4ndarv\u00e4nlig. Med ett enkelt och intuitivt gr\u00e4nssnitt \u00e4r denna enhet perfekt f\u00f6r nyb\u00f6rjare som vill komma ig\u00e5ng snabbt utan komplikationer.<\/p>\n<p><img loading=\"lazy\" decoding=\"async\" class=\"alignnone wp-image-5015 size-full\" src=\"https:\/\/casinovape.de\/wp-content\/uploads\/2024\/12\/solobar-solo-30000-2.webp\" alt=\"Europeiskt lager Solobar Solo 30000 Puffs L\u00e5g Nikotin K\u00f6p Original Autentisk Upp laddningsbar Eng\u00e5ngs Vape Pen\" width=\"1024\" height=\"494\" srcset=\"https:\/\/casinovape.de\/wp-content\/uploads\/2024\/12\/solobar-solo-30000-2.webp 1024w, https:\/\/casinovape.de\/wp-content\/uploads\/2024\/12\/solobar-solo-30000-2-300x145.webp 300w, https:\/\/casinovape.de\/wp-content\/uploads\/2024\/12\/solobar-solo-30000-2-768x371.webp 768w, https:\/\/casinovape.de\/wp-content\/uploads\/2024\/12\/solobar-solo-30000-2-18x9.webp 18w, https:\/\/casinovape.de\/wp-content\/uploads\/2024\/12\/solobar-solo-30000-2-600x289.webp 600w\" sizes=\"auto, (max-width: 1024px) 100vw, 1024px\" \/><\/p>\n<h3>Utforska de uts\u00f6kta smakerna av Solobar Solo<\/h3>\n<p>Den <strong>Solobar Solo 30,000 Puffs<\/strong> \u00e4r inte bara en fr\u00e5ga om prestation; det handlar ocks\u00e5 om smak. Enheten kommer med en m\u00e4ngd olika lockande smaker, alla utformade f\u00f6r att f\u00f6rb\u00e4ttra din vape-upplevelse. Dessa premiummixar \u00e4r formulerade f\u00f6r att leverera en rik, tillfredsst\u00e4llande smak som f\u00e5r dig att komma tillbaka f\u00f6r mer. H\u00e4r \u00e4r en n\u00e4rmare titt p\u00e5 de tillg\u00e4ngliga smakalternativen:<\/p>\n<h4>1. <strong>Bl\u00e5 Razz Glass<\/strong><\/h4>\n<p>En uppfriskande kombination av bl\u00e5 hallon och en sval mentholfinish, denna smak \u00e4r perfekt f\u00f6r alla som \u00e4lskar en s\u00f6t men frostig vape.<\/p>\n<h4>2. <strong>Saftig Persika<\/strong><\/h4>\n<p>Denna smak levererar den riktiga smaken av mogna, saftiga persikor, och erbjuder en j\u00e4mn och s\u00f6t \u00e5ngupplevelse som \u00e4r lika l\u00e4cker som att bita i den riktiga frukten.<\/p>\n<h4>3. <strong>Mango Glass \n Mango is translated as Mango in Swedish and Ice as glass.<\/strong><\/h4>\n<p>En tropisk godbit med rikheten av s\u00f6t mango kombinerad med en menthol twist f\u00f6r en kylande sensation som g\u00f6r denna smak verkligen oemotst\u00e5ndlig.<\/p>\n<h4>4. <strong>Ananas \u00c4pple P\u00e4ron<\/strong><\/h4>\n<p>En l\u00e4cker fusion av tropisk ananas, krispig \u00e4pple och saftig p\u00e4ron. Denna fruktfyllda smak \u00e4r perfekt f\u00f6r de som vill ha en s\u00f6t och fruktig vape.<\/p>\n<h4>5. <strong>Persika Jordgubbs Glass<\/strong><\/h4>\n<p>En perfekt blandning av mogna persikor och syrliga b\u00e4r, avslutat med en sval mentolbris. Denna smak \u00e4r ett s\u00f6tt och uppfriskande val f\u00f6r fruktiga vape-entusiaster.<\/p>\n<h4>6. <strong>Hallon K\u00f6rsb\u00e4r Glass<\/strong><\/h4>\n<p>En syrlig och pikant kombination av mogna hallon och k\u00f6rsb\u00e4r, med en sval, isig finish. Denna smak \u00e4r b\u00e5de s\u00f6t och uppfriskande.<\/p>\n<h4>7. <strong>Sur \u00c4pple<\/strong><\/h4>\n<p>F\u00f6r de som njuter av en syrlig, mun-torrg\u00f6rande smak, den <strong>Sur \u00c4pple<\/strong> erbjuder en intensiv, syrlig smak, kompletterad av en uppfriskande s\u00f6tma.<\/p>\n<h4>8. <strong>Jordgubb Vattenmelon<\/strong><\/h4>\n<p>En klassisk frukt-kombination, denna smak kombinerar saftiga jordgubbar med uppfriskande vattenmelon f\u00f6r en s\u00f6t och tillfredsst\u00e4llande vape-upplevelse.<\/p>\n<h4>9. <strong>Jordgubbs Kiwi Glass<\/strong><\/h4>\n<p>En harmonisk blandning av mogna jordgubbar och syrliga kiwi, balanserad av en uppfriskande isig finish. Denna smak kombinerar det b\u00e4sta av tropisk frukt med en sval mentolsensation.<\/p>\n<h4>10. <strong>Vattenmelon Glass<\/strong><\/h4>\n<p>En perfekt sommarsmak, <strong>Vattenmelon Glass<\/strong> blandar s\u00f6t, saftig vattenmelon med en sval mentholfinish f\u00f6r en krispig, uppfriskande vape.<\/p>\n<h3>Varf\u00f6r Du B\u00f6r K\u00f6pa Solobar Solo 30,000 Puffs fr\u00e5n <a href=\"https:\/\/casinovape.de\/sv\/\">Casinovape<\/a><\/h3>\n<p>P\u00e5 <strong>Casinovape<\/strong>, vi \u00e4r stolta \u00f6ver att erbjuda <strong>Solobar Solo 30,000 Puffs<\/strong> disponibel vape, tillsammans med andra ledande m\u00e4rken som <strong>Al Fakher<\/strong>, <strong>Fizzy<\/strong>, <strong>OBEELAB HHC<\/strong>, <strong>Randm Fumot<\/strong>och <strong>SMPO DL02<\/strong>V\u00e5rt omfattande sortiment s\u00e4kerst\u00e4ller att du har tillg\u00e5ng till endast de b\u00e4sta, mest p\u00e5litliga eng\u00e5ngsvape-produkterna p\u00e5 marknaden.<\/p>\n<p>Vi \u00e4r den st\u00f6rsta online-retailf\u00f6rs\u00e4ljningsplattformen f\u00f6r eng\u00e5ngsvape-produkter i <strong>Tyskland<\/strong>och vi levererar direkt fr\u00e5n v\u00e5r <strong>Europeiskt vape-lager<\/strong>, vilket s\u00e4kerst\u00e4ller snabb och tillf\u00f6rlitlig leverans. Ingen minsta best\u00e4llningskvantitet kr\u00e4vs, s\u00e5 du kan k\u00f6pa s\u00e5 lite som <strong>1 stycke<\/strong> och njut av en problemfri shoppingupplevelse. Det b\u00e4sta av allt \u00e4r att vi garanterar snabba leveranstider p\u00e5 <strong>3-7 dagar<\/strong>s\u00e5 du kan b\u00f6rja njuta av din <strong>Solobar Solo 30,000 Puffs<\/strong> Genast.<\/p>\n<p><strong>Redo att ta din vaping-upplevelse till n\u00e4sta niv\u00e5?<\/strong> K\u00f6p <strong>Solobar Solo 30,000 Puffs<\/strong> idag fr\u00e5n <a href=\"https:\/\/casinovape.de\/sv\/\"><strong>Casinovape<\/strong><\/a> och uppt\u00e4ck varf\u00f6r vi \u00e4r det sj\u00e4lvklara valet f\u00f6r alla dina behov inom vaping.<\/p>\n<p><img loading=\"lazy\" decoding=\"async\" class=\"alignnone wp-image-4995 size-full\" src=\"https:\/\/casinovape.de\/wp-content\/uploads\/2024\/12\/solobar-solo-30000.webp\" alt=\"Europeiskt lager Solobar Solo 30000 Puffs L\u00e5g Nikotin K\u00f6p Original Autentisk Upp laddningsbar Eng\u00e5ngs Vape Pen\" width=\"1024\" height=\"654\" srcset=\"https:\/\/casinovape.de\/wp-content\/uploads\/2024\/12\/solobar-solo-30000.webp 1024w, https:\/\/casinovape.de\/wp-content\/uploads\/2024\/12\/solobar-solo-30000-300x192.webp 300w, https:\/\/casinovape.de\/wp-content\/uploads\/2024\/12\/solobar-solo-30000-768x491.webp 768w, https:\/\/casinovape.de\/wp-content\/uploads\/2024\/12\/solobar-solo-30000-18x12.webp 18w, https:\/\/casinovape.de\/wp-content\/uploads\/2024\/12\/solobar-solo-30000-600x383.webp 600w\" sizes=\"auto, (max-width: 1024px) 100vw, 1024px\" \/><\/p>\n<h3>Slutsats<\/h3>\n<p>Den <strong>Solobar Solo 30,000 Puffs<\/strong> disponibel vape \u00e4r en banbrytande enhet som kombinerar imponerande prestanda med en otrolig smakvariation. Oavsett om du letar efter ut\u00f6kade vaping-sessioner, en snygg design eller exceptionell smak, uppfyller denna enhet alla krav. Med funktioner som <strong>Luftfl\u00f6deskontroll<\/strong>, <strong>LED-display<\/strong>och en <strong>uppladdningsbar batteri<\/strong>, den <strong>Solobar Solo<\/strong> \u00e4r ideal f\u00f6r alla som vill ha det b\u00e4sta av det b\u00e4sta inom disponibel vapingteknik.<\/p>\n<p>V\u00e4nta inte - best\u00e4ll din idag fr\u00e5n <a href=\"https:\/\/casinovape.de\/sv\/\"><strong>Casinovape<\/strong><\/a>, din p\u00e5litliga k\u00e4lla f\u00f6r premium eng\u00e5ngsvape!<\/p>\n<\/div>\n<\/div>\n<\/div>\n<\/div>\n<\/div>\n<\/div>\n<\/div>\n<\/div>\n<\/article>\n<\/div>\n<\/div>\n<\/div>\n<\/div>\n<\/div>","protected":false},"excerpt":{"rendered":"<div class=\"flex-shrink-0 flex flex-col relative items-end\">\n<div class=\"pt-0\">\n<div class=\"gizmo-shadow-stroke flex h-8 w-8 items-center justify-center overflow-hidden rounded-full\">\n<div class=\"h-full w-full\">\n<div class=\"gizmo-shadow-stroke overflow-hidden rounded-full\">Den<strong> Solobar Solo 30,000 Puffs<\/strong> disponibel vape \u00e4r en h\u00f6gpresterande, uppladdningsbar enhet som erbjuder 30 000 bloss, justerbar luftfl\u00f6de, en levande LED-sk\u00e4rm, omgivande ljus och en dubbel mesh-spole f\u00f6r j\u00e4mn, smakrik och l\u00e5ngvarig vaping, vilket g\u00f6r den perfekt f\u00f6r b\u00e5de nyb\u00f6rjare och erfarna anv\u00e4ndare.<\/div>\n<\/div>\n<\/div>\n<\/div>\n<\/div>","protected":false},"featured_media":4993,"comment_status":"open","ping_status":"closed","template":"","meta":[],"product_brand":[],"product_cat":[41,78,79,80,82,86,87,90,94,95,96,98,99,65,66,67,68,69,70,71,72,73,74,75,76,77,57,64,45,48,50,51,52,54],"product_tag":[],"class_list":{"0":"post-5916","1":"product","2":"type-product","3":"status-publish","4":"has-post-thumbnail","6":"product_cat-solobar-disposable-vapes","7":"product_cat-buy-best-disposable-vape-flavors","8":"product_cat-apple-flavor-disposable-vapes","9":"product_cat-blue-razz-flavor-disposable-vapes","10":"product_cat-cherry-flavor-disposable-vapes","11":"product_cat-ice-flavor-disposable-vapes","12":"product_cat-kiwi-flavor-disposable-vapes","13":"product_cat-mango-flavor-disposable-vapes","14":"product_cat-peach-flavor-disposable-vapes","15":"product_cat-pineapple-flavor-disposable-vapes","16":"product_cat-raspberry-flavor-disposable-vapes","17":"product_cat-strawberry-flavor-disposable-vapes","18":"product_cat-watermelon-flavor-disposable-vapes","19":"product_cat-best-disposable-vape-in-europe","20":"product_cat-buy-disposable-vapes-in-austria","21":"product_cat-buy-disposable-vapes-in-belgium","22":"product_cat-buy-disposable-vapes-in-france","23":"product_cat-buy-disposable-vapes-in-germany","24":"product_cat-buy-disposable-vapes-in-italy","25":"product_cat-buy-disposable-vapes-in-netherlands","26":"product_cat-buy-disposable-vapes-in-norway","27":"product_cat-buy-disposable-vapes-in-poland","28":"product_cat-buy-disposable-vapes-in-portugal","29":"product_cat-buy-disposable-vapes-in-spain","30":"product_cat-buy-disposable-vapes-in-sweden","31":"product_cat-buy-disposable-vapes-in-switzerland","32":"product_cat-shop-disposable-vapes-by-puffs","33":"product_cat-30000-puff-disposable-vape","34":"product_cat-disposable-vape-types","35":"product_cat-big-puffs-disposable-vapes","36":"product_cat-digital-box-disposable-vapes","37":"product_cat-dual-mesh-disposable-vapes","38":"product_cat-lower-nicotine-disposable-vapes","39":"product_cat-rechargeable-disposable-vapes","41":"first","42":"outofstock","43":"shipping-taxable","44":"product-type-variable"},"jetpack_sharing_enabled":true,"_links":{"self":[{"href":"https:\/\/casinovape.de\/sv\/wp-json\/wp\/v2\/product\/5916","targetHints":{"allow":["GET"]}}],"collection":[{"href":"https:\/\/casinovape.de\/sv\/wp-json\/wp\/v2\/product"}],"about":[{"href":"https:\/\/casinovape.de\/sv\/wp-json\/wp\/v2\/types\/product"}],"replies":[{"embeddable":true,"href":"https:\/\/casinovape.de\/sv\/wp-json\/wp\/v2\/comments?post=5916"}],"wp:featuredmedia":[{"embeddable":true,"href":"https:\/\/casinovape.de\/sv\/wp-json\/wp\/v2\/media\/4993"}],"wp:attachment":[{"href":"https:\/\/casinovape.de\/sv\/wp-json\/wp\/v2\/media?parent=5916"}],"wp:term":[{"taxonomy":"product_brand","embeddable":true,"href":"https:\/\/casinovape.de\/sv\/wp-json\/wp\/v2\/product_brand?post=5916"},{"taxonomy":"product_cat","embeddable":true,"href":"https:\/\/casinovape.de\/sv\/wp-json\/wp\/v2\/product_cat?post=5916"},{"taxonomy":"product_tag","embeddable":true,"href":"https:\/\/casinovape.de\/sv\/wp-json\/wp\/v2\/product_tag?post=5916"}],"curies":[{"name":"wp","href":"https:\/\/api.w.org\/{rel}","templated":true}]}}