{"id":5857,"date":"2025-01-03T07:55:46","date_gmt":"2025-01-03T07:55:46","guid":{"rendered":"https:\/\/casinovape.de\/?post_type=product&#038;p=5857"},"modified":"2025-06-29T07:22:15","modified_gmt":"2025-06-29T07:22:15","slug":"request-failed-with-status-code-535","status":"publish","type":"product","link":"https:\/\/casinovape.de\/sv\/produkt\/request-failed-with-status-code-535\/","title":{"rendered":"Europeiska Lager Arymi Hookalit 40000 Puffs L\u00e5g Nikotin K\u00f6p Ursprunglig Autentisk \u00c5teranv\u00e4ndbar Eng\u00e5ngs Vape Pen"},"content":{"rendered":"<div style=\"width: 1020px;\" class=\"wp-video\"><!--[if lt IE 9]><script>document.createElement('video');<\/script><![endif]-->\n<video class=\"wp-video-shortcode\" id=\"video-5857-1\" width=\"1020\" height=\"574\" preload=\"metadata\" controls=\"controls\"><source type=\"video\/mp4\" src=\"https:\/\/casinovape.de\/wp-content\/uploads\/2024\/12\/arymi-hookalit-40000-\u89c6\u9891.mp4?_=1\" \/><a href=\"https:\/\/casinovape.de\/wp-content\/uploads\/2024\/12\/arymi-hookalit-40000-\u89c6\u9891.mp4\">https:\/\/casinovape.de\/wp-content\/uploads\/2024\/12\/arymi-hookalit-40000-\u89c6\u9891.mp4<\/a><\/video><\/div>\n<h2><a href=\"https:\/\/casinovape.de\/sv\/produktkategori\/arymi-hookalit-engangsvapor\/\">Arymi Hookalit 40000 Puffs<\/a> Eng\u00e5ngs Vape: O\u00f6vertr\u00e4ffad Kvalitet och Prestanda<\/h2>\n<p>N\u00e4r det g\u00e4ller eng\u00e5ngsvape, <strong>Arymi Hookalit 40,000 Puffs<\/strong> utm\u00e4rker sig som ett topval f\u00f6r vapers som s\u00f6ker l\u00e5ngvarig prestanda, rika smaker och o\u00f6vertr\u00e4ffad bekv\u00e4mlighet. Oavsett om du \u00e4r en enskild vaper eller en \u00e5terf\u00f6rs\u00e4ljare som s\u00f6ker de b\u00e4sta produkterna att lagerf\u00f6ra, erbjuder Arymi Hookalit allt du kan vilja ha i en disponibel vape. Med en h\u00e4pnadsv\u00e4ckande 40 000 bloss per enhet, en uppladdningsbar batteri och ett brett utbud av l\u00e4ckra smaker, \u00e4r denna produkt utformad f\u00f6r den kr\u00e4sna anv\u00e4ndaren.<\/p>\n<p>P\u00e5 <strong>casinovape.de<\/strong>, Tysklands st\u00f6rsta online-retailplattform f\u00f6r eng\u00e5ngsvape, vi \u00e4r stolta \u00f6ver att erbjuda h\u00f6gkvalitativa produkter som Arymi Hookalit 40 000 Puffs, som \u00e4r ett perfekt tillskott till varje vape-samling. Om du letar efter att k\u00f6pa eng\u00e5ngsvape i Tyskland har du kommit till r\u00e4tt plats!<\/p>\n<h3>Huvudfunktioner i <a href=\"https:\/\/casinovape.de\/sv\/produktkategori\/arymi-hookalit-engangsvapor\/\">Arymi Hookalit 40,000 Puffs<\/a><\/h3>\n<ul>\n<li><strong>Massiv Puff Antal<\/strong>: En av de mest imponerande funktionerna hos Arymi Hookalit \u00e4r dess otroliga 40 000 bloss per enhet, vilket ger en ut\u00f6kad vapingupplevelse som vida \u00f6verstiger de flesta andra eng\u00e5ngsvape. S\u00e4g adj\u00f6 till frekventa byten och v\u00e4lkommen till kostnadseffektiv, kontinuerlig njutning.<\/li>\n<li><strong>Stor 40ml F\u00f6rfylld Pod<\/strong>: Arymi Hookalit kommer f\u00f6rfylld med 40ml e-v\u00e4tska, vilket s\u00e4kerst\u00e4ller att du inte beh\u00f6ver oroa dig f\u00f6r att fylla p\u00e5 den ofta. Oavsett om du \u00e4r en tillf\u00e4llig eller regelbunden vaper, s\u00e4kerst\u00e4ller denna stora pod-kapacitet timmar av oavbruten anv\u00e4ndning.<\/li>\n<li><strong>Uppladdningsbar 1300mAh Batteri<\/strong>Gl\u00f6m inte att batteriet tar slut halvv\u00e4gs genom dagen. Arymi Hookalit har ett kraftfullt uppladdningsbart batteri p\u00e5 1300mAh som garanterar konsekvent prestanda. Ladda det n\u00e4r det beh\u00f6vs och forts\u00e4tt vapa utan avbrott.<\/li>\n<li><strong>Dubbel Mesh Coil Teknologi<\/strong>: Med en 0,6 ohm dubbel mesh-spole f\u00f6rb\u00e4ttrar enheten smakproduktionen och skapar t\u00e4ta \u00e5ngmoln. Denna avancerade spoleteknologi s\u00e4kerst\u00e4ller j\u00e4mnare, rikare smaker vid varje drag, vilket tar din vape-upplevelse till en ny niv\u00e5.<\/li>\n<li><strong>Nikotinstyrka Alternativ<\/strong>: F\u00f6r dem som s\u00f6ker en mild nikotinp\u00e5verkan erbjuder Arymi Hookalit en nikotinstyrka p\u00e5 0,3% (20mg). Det ger en tillfredsst\u00e4llande halsst\u00f6t utan att \u00f6verv\u00e4ldiga anv\u00e4ndaren, perfekt f\u00f6r dem som byter fr\u00e5n cigaretter eller s\u00f6ker en mer avslappnad upplevelse.<\/li>\n<li><strong>Teckenaktiverad funktion<\/strong>: Att anv\u00e4nda Arymi Hookalit \u00e4r enklare \u00e4n du kan t\u00e4nka dig.  Andas bara in, s\u00e5 aktiveras enheten automatiskt f\u00f6r att producera j\u00e4mn, kontinuerlig \u00e5nga. Det finns ingen anledning att trycka p\u00e5 knappar eller oroa sig f\u00f6r komplicerade inst\u00e4llningar, vilket g\u00f6r den ideal f\u00f6r anv\u00e4ndare p\u00e5 alla erfarenhetsniv\u00e5er.<\/li>\n<li><strong>Grossistk\u00f6palternativ<\/strong>: Arymi Hookalit \u00e4r ocks\u00e5 ett utm\u00e4rkt val f\u00f6r \u00e5terf\u00f6rs\u00e4ljare. Med konkurrenskraftig grossistpris kan du fylla p\u00e5 med denna h\u00f6gpresterande eng\u00e5ngsvape till \u00f6verkomliga priser och erbjuda dina kunder en premium vape-upplevelse.<\/li>\n<\/ul>\n<h3>Varf\u00f6r v\u00e4lja <a href=\"https:\/\/casinovape.de\/sv\/produktkategori\/arymi-hookalit-engangsvapor\/\">Arymi Hookalit 40,000 Puffs<\/a>?<\/h3>\n<p>Arymi Hookalit 40 000 Puffs \u00e4r inte bara en annan eng\u00e5ngsvape; det \u00e4r en produkt som levererar exceptionellt v\u00e4rde och prestanda. Oavsett om du \u00e4r en enskild anv\u00e4ndare eller en \u00e5terf\u00f6rs\u00e4ljare som letar efter de b\u00e4sta vape-pennorna f\u00f6r f\u00f6rs\u00e4ljning, h\u00e4r \u00e4r varf\u00f6r Arymi Hookalit borde vara ditt f\u00f6rsta val:<\/p>\n<ul>\n<li><strong>H\u00e5llbar och kostnadseffektiv<\/strong>Med 40 000 bloss per enhet och ett uppladdningsbart batteri f\u00e5r du mycket mer ut av Arymi Hookalit j\u00e4mf\u00f6rt med typiska eng\u00e5ngsvape-produkter. Det \u00e4r en l\u00e5ngsiktig investering som reducerar besv\u00e4ret med konstanta ers\u00e4ttningar och p\u00e5fyllningar.<\/li>\n<li><strong>Okomprometterad Kvalitet<\/strong>: Arymi Hookalit tillverkas enligt de h\u00f6gsta kvalitetsstandarderna, vilket s\u00e4kerst\u00e4ller att varje enhet levererar en j\u00e4mn vapingupplevelse. Varje enhet \u00e4r noggrant utformad f\u00f6r att erbjuda dig tillf\u00f6rlitlig prestanda, puff efter puff.<\/li>\n<li><strong>Bekv\u00e4mlighet och m\u00e5ngsidighet<\/strong>Med en stor e-v\u00e4tskekapacitet, uppladdningsbar batteri och ritningsaktiverad funktion \u00e4r Arymi Hookalit f\u00f6rkroppsligandet av bekv\u00e4mlighet. Det \u00e4r ett perfekt val f\u00f6r de som f\u00f6redrar en problemfri, anv\u00e4ndarv\u00e4nlig \u00e5ngupplevelse.<\/li>\n<li><strong>Stor smakval<\/strong>: En av de b\u00e4sta funktionerna hos Arymi Hookalit \u00e4r dess stora variation av smaker, som erbjuder n\u00e5got f\u00f6r alla. Fr\u00e5n fruktiga blandningar till uppfriskande mintsmaker, finns det en smakprofil f\u00f6r varje vapare.<\/li>\n<li><strong>L\u00e4mplig f\u00f6r storskaliga ink\u00f6p<\/strong>Med m\u00f6jlighet till bulkk\u00f6p kan \u00e5terf\u00f6rs\u00e4ljare fylla p\u00e5 lager med denna h\u00f6gkvalitativa eng\u00e5ngsvape till \u00f6verkomliga priser, vilket hj\u00e4lper till att \u00f6ka vinstmarginalerna samtidigt som kunderna erbjuds en premium vape-upplevelse.<\/li>\n<\/ul>\n<p><img loading=\"lazy\" decoding=\"async\" class=\"alignnone wp-image-4826 size-full\" src=\"https:\/\/casinovape.de\/wp-content\/uploads\/2024\/12\/arymi-hookalit-40000-1-1.webp\" alt=\"Europeiska Lager Arymi Hookalit 40000 Puffs L\u00e5g Nikotin K\u00f6p Ursprunglig Autentisk \u00c5teranv\u00e4ndbar Eng\u00e5ngs Vape Pen \" width=\"2000\" height=\"2000\" srcset=\"https:\/\/casinovape.de\/wp-content\/uploads\/2024\/12\/arymi-hookalit-40000-1-1.webp 2000w, https:\/\/casinovape.de\/wp-content\/uploads\/2024\/12\/arymi-hookalit-40000-1-1-300x300.webp 300w, https:\/\/casinovape.de\/wp-content\/uploads\/2024\/12\/arymi-hookalit-40000-1-1-1024x1024.webp 1024w, https:\/\/casinovape.de\/wp-content\/uploads\/2024\/12\/arymi-hookalit-40000-1-1-150x150.webp 150w, https:\/\/casinovape.de\/wp-content\/uploads\/2024\/12\/arymi-hookalit-40000-1-1-768x768.webp 768w, https:\/\/casinovape.de\/wp-content\/uploads\/2024\/12\/arymi-hookalit-40000-1-1-1536x1536.webp 1536w, https:\/\/casinovape.de\/wp-content\/uploads\/2024\/12\/arymi-hookalit-40000-1-1-12x12.webp 12w, https:\/\/casinovape.de\/wp-content\/uploads\/2024\/12\/arymi-hookalit-40000-1-1-600x600.webp 600w, https:\/\/casinovape.de\/wp-content\/uploads\/2024\/12\/arymi-hookalit-40000-1-1-100x100.webp 100w\" sizes=\"auto, (max-width: 2000px) 100vw, 2000px\" \/><\/p>\n<h3>Tillg\u00e4ngliga smaker av <a href=\"https:\/\/casinovape.de\/sv\/produktkategori\/arymi-hookalit-engangsvapor\/\">Arymi Hookalit 40,000 Puffs<\/a><\/h3>\n<p>Arymi Hookalit 40 000 Puffs kommer i en rad sp\u00e4nnande och l\u00e4ckra smaker, utformade f\u00f6r att tillgodose olika smakpreferenser. Oavsett om du f\u00f6redrar fruktiga, mentol- eller s\u00f6tprofiler, \u00e4r du s\u00e4ker p\u00e5 att hitta det perfekta alternativet f\u00f6r dina vapingbehov.<\/p>\n<p>H\u00e4r \u00e4r en uppdelning av n\u00e5gra av de mest popul\u00e4ra smakerna som finns tillg\u00e4ngliga:<\/p>\n<ul>\n<li><strong>Jordgubb Kiwi &amp; Vattenmelon Jordgubb Melon<\/strong>En underbar fusion av saftiga jordgubbar, syrliga kiwi och uppfriskande vattenmelon, som ger en s\u00f6t och syrlig explosion av smaker. Perfekt f\u00f6r alla som s\u00f6ker en fruktig, tillfredsst\u00e4llande vape.<\/li>\n<li><strong>Vindruv Is &amp; Svartvinb\u00e4r Is<\/strong>: Daring, s\u00f6t vindruvor i kombination med svarta vinb\u00e4rens syrlighet, avslutat med en kylande mentolkick. Denna uppfriskande vape erbjuder en j\u00e4mn, isig finish vid varje drag.<\/li>\n<li><strong>Blandb\u00e4r &amp; Bl\u00e5b\u00e4r Hallon<\/strong>En blandning av s\u00f6ta b\u00e4r, inklusive syrliga bl\u00e5b\u00e4r och hallon, som skapar en perfekt balanserad fruktig smakprofil. Ideal f\u00f6r b\u00e4r\u00e4lskare som njuter av lagrade och komplexa smaker.<\/li>\n<li><strong>Mango Frys &amp; Cherry Raspberry<\/strong>En tropisk fusion av s\u00f6t mango, syrlig k\u00f6rsb\u00e4r och uppfriskande hallon, avslutat med en kylig isig k\u00e4nsla. Perfekt f\u00f6r de som s\u00f6ker en fruktig vape med en cool twist.<\/li>\n<li><strong>Lush Is &amp; Citron Mint<\/strong>En uppfriskande blandning av vattenmelon och mentol, kombinerad med den syrliga smaken av citron och mynta. Denna kombination erbjuder en sval, citrusaktig och uppfriskande vape-upplevelse.<\/li>\n<li><strong>Berry Mint &amp; Peach Mango Vattenmelon<\/strong>En blandning av blandade b\u00e4r och mynta, med tropiska frukter som persika, mango och vattenmelon. Resultatet \u00e4r en j\u00e4mn och tillfredsst\u00e4llande vape som kombinerar fruktiga och uppfriskande element.<\/li>\n<li><strong>Tuggummi Smak &amp; Tv\u00e5 \u00c4pple Shisha<\/strong>F\u00f6r en nostalgisk vape-upplevelse kombinerar denna smak s\u00f6t bubbelgummi med den autentiska smaken av tv\u00e5 \u00e4ppel shisha. Det \u00e4r den perfekta balansen mellan fruktig s\u00f6tma och en lekfull vridning.<\/li>\n<li><strong>K\u00f6rsb\u00e4r Mint &amp; Persika Glass<\/strong>En tart k\u00f6rsb\u00e4rs smak kombinerad med kylande mint och en uppfriskande persika is finish. Denna fruktiga, isiga blandning \u00e4r perfekt f\u00f6r vapers som s\u00f6ker en cool, fruktig vape.<\/li>\n<li><strong>S\u00f6t Passionsfrukt &amp; Bl\u00e5 Razz Lemonad<\/strong>En tropisk blandning av passionsfrukt och syrlig bl\u00e5 hallonlemonad, som erbjuder en dj\u00e4rv och s\u00f6t vapeupplevelse som \u00e4r b\u00e5de exotisk och uppfriskande.<\/li>\n<li><strong>Jordgubbs Punch &amp; Bl\u00e5b\u00e4rs Tuggummi<\/strong>S\u00f6ta jordgubbar blandade med den nostalgiska smaken av bl\u00e5b\u00e4rs-tuggummi. Det \u00e4r en lekfull, godislika smak som \u00e4r perfekt f\u00f6r vapers med s\u00f6tt tand.<\/li>\n<\/ul>\n<h3>Varf\u00f6r k\u00f6pa fr\u00e5n <a href=\"https:\/\/casinovape.de\/sv\/\">casinovape.de<\/a>?<\/h3>\n<p>P\u00e5 <strong>casinovape.de<\/strong>Vi \u00e4r engagerade i att tillhandah\u00e5lla v\u00e5ra kunder med de b\u00e4sta eng\u00e5ngsvape-produkterna p\u00e5 marknaden, inklusive Arymi Hookalit 40 000 Puffs. H\u00e4r \u00e4r varf\u00f6r vi sticker ut:<\/p>\n<ul>\n<li><strong>St\u00f6rsta urvalet i Tyskland<\/strong>: Vi \u00e4r Tysklands st\u00f6rsta online-retailplattform f\u00f6r eng\u00e5ngs-e-cigaretter och erbjuder ett brett urval av h\u00f6gkvalitativa vapes f\u00f6r alla smaker.<\/li>\n<li><strong>Ingen minimiorderkvantitet<\/strong>: Oavsett om du \u00e4r ett litet f\u00f6retag eller en stor \u00e5terf\u00f6rs\u00e4ljare kan du k\u00f6pa s\u00e5 f\u00e5 som en enhet eller k\u00f6pa i bulk.<\/li>\n<li><strong>Snabb och P\u00e5litlig Frakt<\/strong>V\u00e5ra produkter skickas direkt fr\u00e5n v\u00e5rt europeiska lager, vilket s\u00e4kerst\u00e4ller snabb leverans inom 3-7 dagar.<\/li>\n<li><strong>Utm\u00e4rkt kundservice<\/strong>: Vi \u00e4r stolta \u00f6ver att erbjuda en s\u00f6ml\u00f6s shoppingupplevelse, fr\u00e5n enkel best\u00e4llning till snabb leverans och dedikerat kundst\u00f6d.<\/li>\n<li><strong>S\u00e4kra Betalningsalternativ<\/strong>: Njut av en smidig och s\u00e4ker betalningsprocess med flera betalningsalternativ, s\u00e5 att din shoppingupplevelse \u00e4r trygg och bekymmersfri.<\/li>\n<\/ul>\n<p><img loading=\"lazy\" decoding=\"async\" class=\"alignnone wp-image-4825 size-full\" src=\"https:\/\/casinovape.de\/wp-content\/uploads\/2024\/12\/ARymi-40k-1.webp\" alt=\"Europeiska Lager Arymi Hookalit 40000 Puffs L\u00e5g Nikotin K\u00f6p Ursprunglig Autentisk \u00c5teranv\u00e4ndbar Eng\u00e5ngs Vape Pen \" width=\"2000\" height=\"2000\" srcset=\"https:\/\/casinovape.de\/wp-content\/uploads\/2024\/12\/ARymi-40k-1.webp 2000w, https:\/\/casinovape.de\/wp-content\/uploads\/2024\/12\/ARymi-40k-1-300x300.webp 300w, https:\/\/casinovape.de\/wp-content\/uploads\/2024\/12\/ARymi-40k-1-1024x1024.webp 1024w, https:\/\/casinovape.de\/wp-content\/uploads\/2024\/12\/ARymi-40k-1-150x150.webp 150w, https:\/\/casinovape.de\/wp-content\/uploads\/2024\/12\/ARymi-40k-1-768x768.webp 768w, https:\/\/casinovape.de\/wp-content\/uploads\/2024\/12\/ARymi-40k-1-1536x1536.webp 1536w, https:\/\/casinovape.de\/wp-content\/uploads\/2024\/12\/ARymi-40k-1-12x12.webp 12w, https:\/\/casinovape.de\/wp-content\/uploads\/2024\/12\/ARymi-40k-1-600x600.webp 600w, https:\/\/casinovape.de\/wp-content\/uploads\/2024\/12\/ARymi-40k-1-100x100.webp 100w\" sizes=\"auto, (max-width: 2000px) 100vw, 2000px\" \/><\/p>\n<p>Om du letar efter <strong>K\u00f6p eng\u00e5ngs elektroniska cigaretter<\/strong> I Tyskland \u00e4r Arymi Hookalit 40 000 Puffs det perfekta valet. Bes\u00f6k <a href=\"https:\/\/casinovape.de\/sv\/\"><strong>casinovape.de<\/strong><\/a> Idag f\u00f6r att bl\u00e4ddra igenom v\u00e5r fulla sortiment av premium eng\u00e5ngsvape och placera din best\u00e4llning med l\u00e4tthet!<\/p>\n<h3>Slutsats<\/h3>\n<p>Den <strong>Arymi Hookalit 40,000 Puffs<\/strong> \u00e4r en spelv\u00e4xlare i v\u00e4rlden av eng\u00e5ngsvape. Med sin massiva puffantal, premi\u00e4rbyggnadskvalitet och smakrika utbud, erbjuder den den ultimata vape-upplevelsen f\u00f6r b\u00e5de individer och f\u00f6retag. Oavsett om du letar efter att k\u00f6pa f\u00f6r personligt bruk eller f\u00f6r att fylla p\u00e5 din detaljhandelsbutik, erbjuder Arymi Hookalit allt du beh\u00f6ver och mer. Missa inte - utforska v\u00e5rt urval p\u00e5<a href=\"https:\/\/casinovape.de\/sv\/\"> <strong>casinovape.de<\/strong><\/a> och uppt\u00e4ck skillnaden sj\u00e4lv!<\/p>","protected":false},"excerpt":{"rendered":"<p>Den <strong>Arymi Hookalit 40000 Puffs<\/strong> F\u00f6rbrukningsbart E-Cigaretter erbjuder exceptionell prestanda med 40 000 bloss, en 40ml f\u00f6rfylld patron, en uppladdningsbar 1300mAh batteri och en m\u00e4ngd l\u00e4ckra smaker f\u00f6r en l\u00e5ngvarig och intensiv \u00e5ngupplevelse.<\/p>","protected":false},"featured_media":4782,"comment_status":"open","ping_status":"closed","template":"","meta":[],"product_brand":[],"product_cat":[38,78,79,80,81,82,84,86,87,88,89,90,91,92,93,94,96,98,99,65,66,67,68,69,70,71,72,73,74,75,76,77,57,100,45,48,50,51,52,54,55],"product_tag":[],"class_list":{"0":"post-5857","1":"product","2":"type-product","3":"status-publish","4":"has-post-thumbnail","6":"product_cat-arymi-hookalit-disposable-vapes","7":"product_cat-buy-best-disposable-vape-flavors","8":"product_cat-apple-flavor-disposable-vapes","9":"product_cat-blue-razz-flavor-disposable-vapes","10":"product_cat-blueberry-flavor-disposable-vapes","11":"product_cat-cherry-flavor-disposable-vapes","12":"product_cat-grape-flavor-disposable-vapes","13":"product_cat-ice-flavor-disposable-vapes","14":"product_cat-kiwi-flavor-disposable-vapes","15":"product_cat-lemon-flavor-disposable-vapes","16":"product_cat-lush-flavor-disposable-vapes","17":"product_cat-mango-flavor-disposable-vapes","18":"product_cat-mint-flavor-disposable-vapes","19":"product_cat-mixed-berries-flavor-disposable-vapes","20":"product_cat-passion-fruit-flavor-disposable-vapes","21":"product_cat-peach-flavor-disposable-vapes","22":"product_cat-raspberry-flavor-disposable-vapes","23":"product_cat-strawberry-flavor-disposable-vapes","24":"product_cat-watermelon-flavor-disposable-vapes","25":"product_cat-best-disposable-vape-in-europe","26":"product_cat-buy-disposable-vapes-in-austria","27":"product_cat-buy-disposable-vapes-in-belgium","28":"product_cat-buy-disposable-vapes-in-france","29":"product_cat-buy-disposable-vapes-in-germany","30":"product_cat-buy-disposable-vapes-in-italy","31":"product_cat-buy-disposable-vapes-in-netherlands","32":"product_cat-buy-disposable-vapes-in-norway","33":"product_cat-buy-disposable-vapes-in-poland","34":"product_cat-buy-disposable-vapes-in-portugal","35":"product_cat-buy-disposable-vapes-in-spain","36":"product_cat-buy-disposable-vapes-in-sweden","37":"product_cat-buy-disposable-vapes-in-switzerland","38":"product_cat-shop-disposable-vapes-by-puffs","39":"product_cat-40000-puff-disposable-vape","40":"product_cat-disposable-vape-types","41":"product_cat-big-puffs-disposable-vapes","42":"product_cat-digital-box-disposable-vapes","43":"product_cat-dual-mesh-disposable-vapes","44":"product_cat-lower-nicotine-disposable-vapes","45":"product_cat-rechargeable-disposable-vapes","46":"product_cat-shisha-hookah-disposable-vapes","48":"first","49":"outofstock","50":"shipping-taxable","51":"product-type-variable"},"jetpack_sharing_enabled":true,"_links":{"self":[{"href":"https:\/\/casinovape.de\/sv\/wp-json\/wp\/v2\/product\/5857","targetHints":{"allow":["GET"]}}],"collection":[{"href":"https:\/\/casinovape.de\/sv\/wp-json\/wp\/v2\/product"}],"about":[{"href":"https:\/\/casinovape.de\/sv\/wp-json\/wp\/v2\/types\/product"}],"replies":[{"embeddable":true,"href":"https:\/\/casinovape.de\/sv\/wp-json\/wp\/v2\/comments?post=5857"}],"wp:featuredmedia":[{"embeddable":true,"href":"https:\/\/casinovape.de\/sv\/wp-json\/wp\/v2\/media\/4782"}],"wp:attachment":[{"href":"https:\/\/casinovape.de\/sv\/wp-json\/wp\/v2\/media?parent=5857"}],"wp:term":[{"taxonomy":"product_brand","embeddable":true,"href":"https:\/\/casinovape.de\/sv\/wp-json\/wp\/v2\/product_brand?post=5857"},{"taxonomy":"product_cat","embeddable":true,"href":"https:\/\/casinovape.de\/sv\/wp-json\/wp\/v2\/product_cat?post=5857"},{"taxonomy":"product_tag","embeddable":true,"href":"https:\/\/casinovape.de\/sv\/wp-json\/wp\/v2\/product_tag?post=5857"}],"curies":[{"name":"wp","href":"https:\/\/api.w.org\/{rel}","templated":true}]}}