{"id":4843,"date":"2024-12-09T03:42:25","date_gmt":"2024-12-09T03:42:25","guid":{"rendered":"https:\/\/casinovape.de\/?post_type=product&#038;p=4843"},"modified":"2025-06-29T07:22:31","modified_gmt":"2025-06-29T07:22:31","slug":"europeiskt-lager-fumot-randm-digitalbox-12000-puffar-lag-nikotinhalt-kop-original-autentisk-uppladdningsbar-engangspenna-2","status":"publish","type":"product","link":"https:\/\/casinovape.de\/sv\/produkt\/europeiskt-lager-fumot-randm-digitalbox-12000-puffar-lag-nikotinhalt-kop-original-autentisk-uppladdningsbar-engangspenna-2\/","title":{"rendered":"Europeiskt lager Slumpm\u00e4ssig Tornado 12000 bloss L\u00e5g nikotin K\u00f6p Ursprunglig Autentisk \u00c5teranv\u00e4ndbar Eng\u00e5ngs Vape Pen"},"content":{"rendered":"<h2>Uppt\u00e4ck <a href=\"https:\/\/casinovape.de\/sv\/produktkategori\/slumpmassiga-engangsvapor\/\">Random Tornado 12000 Puffar<\/a> Uppladdningsbar Eng\u00e5ngs Vape: Din Ultimata Vapningsupplevelse<\/h2>\n<p>N\u00e4r det kommer till h\u00f6gkvalitativa, l\u00e5ngvariga vapingupplevelser \u00e4r <strong>Random Tornado 12000 Puffar Uppfyllningsbar Eng\u00e5ngs Vape Pen<\/strong> utm\u00e4rker sig som en topputmanare. Packad med en <strong>massiv 20 ml e-v\u00e4tskekapacitet<\/strong> och erbjuder en otrolig <strong>12 000 bloss \n(Or  could also be translated as  12.000 bloss, depends on context)<\/strong> per enhet, denna vape-kit garanterar tillfredsst\u00e4llelse f\u00f6r de som l\u00e4ngtar efter konsekventa och smakrika moln. Det \u00e4r inte bara storleken som imponerar \u2014 <strong>Inbyggd uppladdningsbar 850 mAh batteri<\/strong> g\u00f6r att du kan njuta av vaping under l\u00e4ngre perioder utan behov av frekventa byten. Dessutom, med sin <strong>Typ-C laddningsport<\/strong>Du kommer att njuta av snabbt och effektivt laddning.<\/p>\n<p>Designad med <strong>6 RGB-ljus<\/strong> som lyser upp medan du f\u00f6r\u00e5ngar, skapar Random Tornado 12000 en cool, i\u00f6gonfallande effekt, vilket g\u00f6r dina sessioner lika visuellt f\u00e4ngslande som de \u00e4r tillfredsst\u00e4llande. Oavsett om du \u00e4r en erfaren f\u00f6r\u00e5ngare eller ny i v\u00e4rlden av eng\u00e5ngsf\u00f6r\u00e5ngare, \u00e4r denna enhet konstruerad f\u00f6r att m\u00f6ta de h\u00f6gsta standarderna inom f\u00f6r\u00e5ngargemenskapen.<\/p>\n<p>Den <strong>Slumpm\u00e4ssig Tornado 12000<\/strong> erbjuder ett brett utbud av smaker, alla skapade med premiumm\u00e4ssig e-juice f\u00f6r en ostoppelig smak. Oavsett om du letar efter en uppfriskande fruktig smak eller n\u00e5got med en mer traditionell vape-smak, s\u00e5 har denna enhet dig t\u00e4ckt. Med <strong>justerbar luftfl\u00f6de<\/strong>Du kan anpassa varje puff till din \u00f6nskade niv\u00e5, oavsett om du letar efter en mjuk inandning eller en molnfull upplevelse.<\/p>\n<p>F\u00f6r din bekv\u00e4mlighet, den <strong>Random Tornado 12000 Puffar<\/strong> s\u00e4ljs individuellt, vilket inneb\u00e4r att du kan njuta av en enhet i taget utan krav p\u00e5 minimiorder. Levereras fr\u00e5n v\u00e5r <strong>Europeiska Vape Lager<\/strong>, du kan vara s\u00e4ker p\u00e5 att din vape-kit kommer att anl\u00e4nda i <strong>3-7 dagar<\/strong> utan kr\u00e5ngel.<\/p>\n<p>V\u00e5r <strong>Casinovape<\/strong> Plattformen \u00e4r stolt \u00f6ver att erbjuda det st\u00f6rsta urvalet av eng\u00e5ngsvape-produkter i Tyskland. Vi s\u00e4ljer premiumvarum\u00e4rken som <strong>Al Fakher<\/strong>, <strong>Fizzy<\/strong>, <strong>OBEELAB HHC<\/strong>, <strong>Randm Fumot<\/strong>och <strong>SMPO DL02<\/strong>, och tillgodoser b\u00e5de detaljhandelsgrupper och enskilda kunder \u00f6ver hela EU. Du hittar ost\u00f6rda priser, toppklassig service och de b\u00e4sta vapingprodukter just h\u00e4r p\u00e5 <strong>Casinovape<\/strong>.<\/p>\n<p>L\u00e5t oss f\u00f6rdjupa oss i <strong>Random Tornado 12000 Puffar<\/strong> och utforska dess funktioner, f\u00f6rdelar och varf\u00f6r det \u00e4r det perfekta valet f\u00f6r dig.<\/p>\n<h2>Egenskaper hos <a href=\"https:\/\/casinovape.de\/sv\/produktkategori\/slumpmassiga-engangsvapor\/\">Random Tornado 12000 Puffar<\/a> \u00c5teranv\u00e4ndbar eng\u00e5ngsvape<\/h2>\n<ul>\n<li><strong>12 000 Puffs<\/strong>: Njut av cirka 12 000 bloss per enhet, vilket g\u00f6r denna eng\u00e5ngsvape till ett av de l\u00e4ngsta alternativen p\u00e5 marknaden.<\/li>\n<li><strong>20 ml E-Liquid kapacitet<\/strong>: Denna vape \u00e4r f\u00f6rfylld med 20 ml e-v\u00e4tska, vilket s\u00e4kerst\u00e4ller att du inte kommer att f\u00e5 slut p\u00e5 din favorit smak n\u00e4r som helst snart.<\/li>\n<li><strong>2% Nikotinstyrka<\/strong>: Enheten levereras f\u00f6rinstallerad med en 2% (20 mg) nikotinstyrka, perfekt f\u00f6r de som f\u00f6redrar en tillfredsst\u00e4llande halsst\u00f6t med varje puff.<\/li>\n<li><strong>850 mAh uppladdningsbar batteri<\/strong>: Med ett inbyggt uppladdningsbart batteri kan du enkelt ladda din enhet f\u00f6r fortsatt anv\u00e4ndning och s\u00e4kerst\u00e4lla l\u00e5ngvarig prestanda.<\/li>\n<li><strong>Typ-C laddningsport<\/strong>: Enheten har en modern Type-C laddningsport, som l\u00e5ter dig snabbt och bekv\u00e4mt ladda din vape-kit f\u00f6r timmar av n\u00f6je.<\/li>\n<li><strong>6 RGB-ljus<\/strong>: Vibrant RGB-belysning aktiveras n\u00e4r du andas in, vilket ger en touch av stil till din vape-upplevelse.<\/li>\n<li><strong>Justerbar Luftfl\u00f6deskontroll<\/strong>: Luftfl\u00f6deskontrollfunktionen ger dig m\u00f6jlighet att anpassa din vape-upplevelse, s\u00e5 att du kan v\u00e4lja mellan ett t\u00e4tt eller luftigt drag.<\/li>\n<li><strong>L\u00e4ttvikts- och b\u00e4rbar<\/strong>Den kompakta designen g\u00f6r det l\u00e4tt att b\u00e4ra och perfekt f\u00f6r vaping p\u00e5 spr\u00e5ng utan det bulkiga som traditionella vapes har.<\/li>\n<\/ul>\n<h2>Varf\u00f6r Du B\u00f6r K\u00f6pa Den <a href=\"https:\/\/casinovape.de\/sv\/produktkategori\/slumpmassiga-engangsvapor\/\">Random Tornado 12000 Puffar<\/a><\/h2>\n<p>Det r\u00e5der ingen tvekan om att <strong>Random Tornado 12000 Puffar<\/strong> \u00e4r en spelv\u00e4xlare i v\u00e4rlden av eng\u00e5ngsvape. H\u00e4r \u00e4r varf\u00f6r det \u00e4r det b\u00e4sta valet f\u00f6r dig:<\/p>\n<ul>\n<li><strong>L\u00e5ngvarig Vapingupplevelse<\/strong>Med <strong>12 000 bloss \n(Or  could also be translated as  12.000 bloss, depends on context)<\/strong> och <strong>20 ml e-v\u00e4tska<\/strong>Du f\u00e5r mer v\u00e4rde per vape, vilket reducerar behovet av frekventa utbyten. Detta g\u00f6r det till ett utm\u00e4rkt val f\u00f6r kraftiga vapers.<\/li>\n<li><strong>Uppladdningsbar bekv\u00e4mlighet<\/strong>: Till skillnad fr\u00e5n andra eng\u00e5ngsvape-produkter, \u00e4r den <strong>Slumpm\u00e4ssig Tornado 12000<\/strong> kommer med en <strong>uppladdningsbart batteri 850 mAh<\/strong>Det betyder att du kan ladda enheten flera g\u00e5nger, f\u00f6rl\u00e4nga dess livsl\u00e4ngd och minska m\u00e4ngden avfall.<\/li>\n<li><strong>Konfigurerbar Airflow<\/strong>: Justera luftfl\u00f6det f\u00f6r att passa dina \u00f6nskem\u00e5l, vare sig du vill ha en j\u00e4mn dragning eller en starkare, mer intensiv upplevelse. Denna funktion f\u00f6rb\u00e4ttrar enheten m\u00e5ngsidighet och g\u00f6r den l\u00e4mplig f\u00f6r olika vapingstilar.<\/li>\n<li><strong>Utt\u00f6mmande smaker<\/strong>Med en omfattande lista \u00f6ver livliga smaker att v\u00e4lja mellan, <strong>Slumpm\u00e4ssig Tornado 12000<\/strong> garanterar att du hittar den perfekta smaken som matchar ditt hum\u00f6r och dina preferenser. Det \u00e4r en njutning f\u00f6r dina smakl\u00f6kar med varje puff.<\/li>\n<li><strong>RGB-belysning f\u00f6r stil<\/strong>: Den inbyggda <strong>6 RGB-ljus<\/strong> G\u00f6r vaping mer underh\u00e5llande och visuellt sl\u00e5ende. Det \u00e4r ett coolt s\u00e4tt att sticka ut, oavsett om du f\u00f6r\u00e5ngar inomhus eller utomhus.<\/li>\n<li><strong>Snabb Leverans<\/strong>: Eftersom vi fraktar direkt fr\u00e5n v\u00e5r <strong>Europeiska Vape Lager<\/strong>, kan du f\u00f6rv\u00e4nta dig snabb och tillf\u00f6rlitlig leverans inom <strong>3-7 dagar<\/strong>Ingen anledning att v\u00e4nta veckor p\u00e5 att din vape-kit kommer.<\/li>\n<li><strong>Toppklassiga Vape-varum\u00e4rken<\/strong>: P\u00e5 <a href=\"https:\/\/casinovape.de\/sv\/\"><strong>Casinovape<\/strong><\/a>Vi s\u00e4ljer endast p\u00e5litliga och premiumm\u00e4rken f\u00f6r vape, vilket s\u00e4kerst\u00e4ller kvalitet och tillfredsst\u00e4llelse vid varje k\u00f6p.<\/li>\n<\/ul>\n<p><img loading=\"lazy\" decoding=\"async\" class=\"alignnone wp-image-4864 size-full\" src=\"https:\/\/casinovape.de\/wp-content\/uploads\/2024\/12\/Fumot-RandM-Digital-Box-12000-Puffs-2.webp\" alt=\"Europeiskt lager Slumpm\u00e4ssig Tornado 12000 bloss L\u00e5g nikotin K\u00f6p Ursprunglig Autentisk \u00c5teranv\u00e4ndbar Eng\u00e5ngs Vape Pen \" width=\"1280\" height=\"1810\" srcset=\"https:\/\/casinovape.de\/wp-content\/uploads\/2024\/12\/Fumot-RandM-Digital-Box-12000-Puffs-2.webp 1280w, https:\/\/casinovape.de\/wp-content\/uploads\/2024\/12\/Fumot-RandM-Digital-Box-12000-Puffs-2-212x300.webp 212w, https:\/\/casinovape.de\/wp-content\/uploads\/2024\/12\/Fumot-RandM-Digital-Box-12000-Puffs-2-724x1024.webp 724w, https:\/\/casinovape.de\/wp-content\/uploads\/2024\/12\/Fumot-RandM-Digital-Box-12000-Puffs-2-768x1086.webp 768w, https:\/\/casinovape.de\/wp-content\/uploads\/2024\/12\/Fumot-RandM-Digital-Box-12000-Puffs-2-1086x1536.webp 1086w, https:\/\/casinovape.de\/wp-content\/uploads\/2024\/12\/Fumot-RandM-Digital-Box-12000-Puffs-2-8x12.webp 8w, https:\/\/casinovape.de\/wp-content\/uploads\/2024\/12\/Fumot-RandM-Digital-Box-12000-Puffs-2-600x848.webp 600w\" sizes=\"auto, (max-width: 1280px) 100vw, 1280px\" \/><\/p>\n<h2>Utforska smakerna av Random Tornado 12000 Puffs<\/h2>\n<p>Den <strong>Random Tornado 12000 Puffar<\/strong> erbjuder ett brett spektrum av smaker som tillgodoser olika smakpreferenser. Oavsett om du \u00e4r anh\u00e4ngare av fruktiga blandningar, isiga mentoler eller klassiska favoriter, finns det n\u00e5got f\u00f6r alla. H\u00e4r \u00e4r en uppdelning av de tillg\u00e4ngliga smakerna:<\/p>\n<ol>\n<li><strong>Tuggummi<\/strong><br \/>\nEn s\u00f6t och nostalgisk smak som f\u00f6r tillbaka minnen fr\u00e5n barndomen. Perfekt f\u00f6r de som njuter av en sockerrik, tuggig smak med en l\u00e4tt, lekfull k\u00e4nsla.<\/li>\n<li><strong>Cherry Cola<\/strong><br \/>\nEn mousserande och syrlig fusion av s\u00f6ta k\u00f6rsb\u00e4r och klassisk cola, som levererar en livlig explosion av smak med varje puff.<\/li>\n<li><strong>K\u00f6rsb\u00e4r<\/strong><br \/>\nRik och saftig, denna smak f\u00e5ngar essensen av f\u00e4rska, s\u00f6ta k\u00f6rsb\u00e4r och erbjuder en tillfredsst\u00e4llande upplevelse f\u00f6r frukt\u00e4lskare.<\/li>\n<li><strong>Drueis<\/strong><br \/>\nEn uppfriskande kombination av s\u00f6t vindruva och kylande mentol, som skapar en perfekt balans mellan fruktighet och isig kyla.<\/li>\n<li><strong>Isglass<\/strong><br \/>\nEn cool och syrlig smak som efterliknar den klassiska ispop-smaken, vilket ger en uppfriskande och fruktig \u00e5ngupplevelse.<\/li>\n<li><strong>Lush Ice<\/strong><br \/>\nEn perfekt blandning av s\u00f6t vattenmelon och isig mentol, som erbjuder en j\u00e4mn, kall sensation vid varje drag.<\/li>\n<li><strong>Mango On Ice<\/strong><br \/>\nTropisk mangosmaka kombinerad med en sval mentholv\u00e4ndning, vilket skapar en exotisk och uppfriskande vapeupplevelse.<\/li>\n<li><strong>Mint<\/strong><br \/>\nEn frisk och uppfriskande mintsmak som kyler sinnena och ger ett rent, uppfriskande inandnings andetag.<\/li>\n<li><strong>Blandb\u00e4r<\/strong><br \/>\nEn blandning av olika b\u00e4r, inklusive jordgubbar, hallon och bl\u00e5b\u00e4r, f\u00f6r en s\u00f6t och syrlig upplevelse.<\/li>\n<li><strong>Persika Glass<\/strong><br \/>\nEn saftig persika smak kombinerad med en kyla av mentol, som erbjuder en balanserad och j\u00e4mn vape med en fruktig twist.<\/li>\n<li><strong>Jordgubbs-Banan<\/strong><br \/>\nEn l\u00e4cker kombination av mogna jordgubbar och kr\u00e4miga bananer, som levererar en s\u00f6t och dekadent smakprofil.<\/li>\n<li><strong>Jordgubbsdonut<\/strong><br \/>\nEn dessertinspirerad smak som kombinerar s\u00f6ta jordgubbar med den varma, degiga godheten hos en nybakad munk.<\/li>\n<li><strong>Jordgubb Vindruva<\/strong><br \/>\nEn perfekt blandning av saftiga jordgubbar och vindruvor, som erbjuder en s\u00f6t och syrlig vapeupplevelse som b\u00e5de \u00e4r uppfriskande och tillfredsst\u00e4llande.<\/li>\n<li><strong>Jordgubbssorbet<\/strong><br \/>\nEn s\u00f6t och fruktig jordgubbs smak, f\u00f6rst\u00e4rkt med en isig mentol finish f\u00f6r en cool, uppfriskande vape.<\/li>\n<li><strong>Jordgubb Vattenmelon<\/strong><br \/>\nEn fruktig fusion av mogna jordgubbar och saftig vattenmelon, som skapar en perfekt balans av s\u00f6tma och friskhet.<\/li>\n<li><strong>Vattenmelon Glass<\/strong><br \/>\nEn kyld vattenmelonsmak som \u00e4r perfekt f\u00f6r de varma sommardagarna. S\u00f6t, uppfriskande och f\u00f6rh\u00f6jd med en sval mentoltouch.<\/li>\n<\/ol>\n<hr \/>\n<p><strong>Redo att uppleva det b\u00e4sta vaping har att erbjuda?<\/strong><br \/>\nV\u00e4nta inte - f\u00e5 din <strong>Random Tornado 12000 Puffs Rechargeable Disposable Vape \nbecomes \nRandom Tornado 12000 Puffs Uppladdningsbar Eng\u00e5ngsvape<\/strong> idag p\u00e5 <a href=\"https:\/\/casinovape.de\/sv\/\"><strong>Casinovape<\/strong><\/a>, den st\u00f6rsta online-\u00e5terf\u00f6rs\u00e4ljningsplattformen f\u00f6r eng\u00e5ngsvapeprodukter i <strong>Tyskland<\/strong>. Njut av h\u00f6gkvalitativa produkter, snabb leverans och o\u00f6vertr\u00e4ffade priser. <strong>K\u00f6p nu<\/strong> och ta din vape-upplevelse till n\u00e4sta niv\u00e5!<\/p>","protected":false},"excerpt":{"rendered":"<div class=\"flex-shrink-0 flex flex-col relative items-end\">\n<div class=\"pt-0\">\n<div class=\"gizmo-shadow-stroke flex h-8 w-8 items-center justify-center overflow-hidden rounded-full\">\n<div class=\"h-full w-full\">\n<div class=\"gizmo-shadow-stroke overflow-hidden rounded-full\">Den <strong>Random Tornado 12000 Puffar<\/strong> Uppladdningsbar eng\u00e5ngskit med 12 000 bloss, 20 ml e-v\u00e4tskekapacitet med 2% nikotin, uppladdningsbar 850mAh batteri, 6 RGB-ljus, justerbar luftfl\u00f6deskontroll och en m\u00e4ngd l\u00e4ckra smaker f\u00f6r en l\u00e5ngvarig och anpassningsbar \u00e5ngupplevelse.<\/div>\n<\/div>\n<\/div>\n<\/div>\n<\/div>","protected":false},"featured_media":4870,"comment_status":"open","ping_status":"closed","template":"","meta":[],"product_brand":[],"product_cat":[39,78,82,83,84,86,89,90,91,92,94,98,99,65,66,67,68,69,70,71,72,73,74,75,76,77,57,60,45,48,50,52,54],"product_tag":[],"class_list":{"0":"post-4843","1":"product","2":"type-product","3":"status-publish","4":"has-post-thumbnail","6":"product_cat-random-disposable-vapes","7":"product_cat-buy-best-disposable-vape-flavors","8":"product_cat-cherry-flavor-disposable-vapes","9":"product_cat-cola-flavor-disposable-vapes","10":"product_cat-grape-flavor-disposable-vapes","11":"product_cat-ice-flavor-disposable-vapes","12":"product_cat-lush-flavor-disposable-vapes","13":"product_cat-mango-flavor-disposable-vapes","14":"product_cat-mint-flavor-disposable-vapes","15":"product_cat-mixed-berries-flavor-disposable-vapes","16":"product_cat-peach-flavor-disposable-vapes","17":"product_cat-strawberry-flavor-disposable-vapes","18":"product_cat-watermelon-flavor-disposable-vapes","19":"product_cat-best-disposable-vape-in-europe","20":"product_cat-buy-disposable-vapes-in-austria","21":"product_cat-buy-disposable-vapes-in-belgium","22":"product_cat-buy-disposable-vapes-in-france","23":"product_cat-buy-disposable-vapes-in-germany","24":"product_cat-buy-disposable-vapes-in-italy","25":"product_cat-buy-disposable-vapes-in-netherlands","26":"product_cat-buy-disposable-vapes-in-norway","27":"product_cat-buy-disposable-vapes-in-poland","28":"product_cat-buy-disposable-vapes-in-portugal","29":"product_cat-buy-disposable-vapes-in-spain","30":"product_cat-buy-disposable-vapes-in-sweden","31":"product_cat-buy-disposable-vapes-in-switzerland","32":"product_cat-shop-disposable-vapes-by-puffs","33":"product_cat-12000-puff-disposable-vape","34":"product_cat-disposable-vape-types","35":"product_cat-big-puffs-disposable-vapes","36":"product_cat-digital-box-disposable-vapes","37":"product_cat-lower-nicotine-disposable-vapes","38":"product_cat-rechargeable-disposable-vapes","40":"first","41":"outofstock","42":"shipping-taxable","43":"product-type-variable"},"jetpack_sharing_enabled":true,"_links":{"self":[{"href":"https:\/\/casinovape.de\/sv\/wp-json\/wp\/v2\/product\/4843","targetHints":{"allow":["GET"]}}],"collection":[{"href":"https:\/\/casinovape.de\/sv\/wp-json\/wp\/v2\/product"}],"about":[{"href":"https:\/\/casinovape.de\/sv\/wp-json\/wp\/v2\/types\/product"}],"replies":[{"embeddable":true,"href":"https:\/\/casinovape.de\/sv\/wp-json\/wp\/v2\/comments?post=4843"}],"wp:featuredmedia":[{"embeddable":true,"href":"https:\/\/casinovape.de\/sv\/wp-json\/wp\/v2\/media\/4870"}],"wp:attachment":[{"href":"https:\/\/casinovape.de\/sv\/wp-json\/wp\/v2\/media?parent=4843"}],"wp:term":[{"taxonomy":"product_brand","embeddable":true,"href":"https:\/\/casinovape.de\/sv\/wp-json\/wp\/v2\/product_brand?post=4843"},{"taxonomy":"product_cat","embeddable":true,"href":"https:\/\/casinovape.de\/sv\/wp-json\/wp\/v2\/product_cat?post=4843"},{"taxonomy":"product_tag","embeddable":true,"href":"https:\/\/casinovape.de\/sv\/wp-json\/wp\/v2\/product_tag?post=4843"}],"curies":[{"name":"wp","href":"https:\/\/api.w.org\/{rel}","templated":true}]}}