{"id":4415,"date":"2024-11-27T13:06:03","date_gmt":"2024-11-27T13:06:03","guid":{"rendered":"https:\/\/casinovape.de\/?post_type=product&#038;p=4415"},"modified":"2025-03-31T02:03:11","modified_gmt":"2025-03-31T02:03:11","slug":"europeiskt-lager-fumot-randm-tornado-20000-puffar-lag-nikotinhalt-kop-original-autentisk-uppladdningsbar-engangspenna","status":"publish","type":"product","link":"https:\/\/casinovape.de\/sv\/produkt\/europeiskt-lager-fumot-randm-tornado-20000-puffar-lag-nikotinhalt-kop-original-autentisk-uppladdningsbar-engangspenna\/","title":{"rendered":"Europ\u00e9iskt lager Fumot RandM Tornado 20000 Puffs L\u00e5g Nikotin K\u00f6p Original Autentisk \u00c5teranv\u00e4ndbar Eng\u00e5ngs Vape Pen"},"content":{"rendered":"<div style=\"width: 1020px;\" class=\"wp-video\"><!--[if lt IE 9]><script>document.createElement('video');<\/script><![endif]-->\n<video class=\"wp-video-shortcode\" id=\"video-4415-1\" width=\"1020\" height=\"573\" preload=\"metadata\" controls=\"controls\"><source type=\"video\/mp4\" src=\"https:\/\/casinovape.de\/wp-content\/uploads\/2024\/11\/fumot-tornado-20000-\u89c6\u9891-\u538b\u7f29.mp4?_=1\" \/><a href=\"https:\/\/casinovape.de\/wp-content\/uploads\/2024\/11\/fumot-tornado-20000-\u89c6\u9891-\u538b\u7f29.mp4\">https:\/\/casinovape.de\/wp-content\/uploads\/2024\/11\/fumot-tornado-20000-\u89c6\u9891-\u538b\u7f29.mp4<\/a><\/video><\/div>\n<h2><a href=\"https:\/\/casinovape.de\/sv\/produktkategori\/randm-fumot-engangsvapes\/\">Fumot<\/a> Tornado 20000 Puffs: En spelv\u00e4xlare inom disponibel vapingteknik<\/h2>\n<p>I v\u00e4rlden av vaping kan det vara en skr\u00e4mmande uppgift att hitta den perfekta eng\u00e5ngs-e-cigaretten som uppfyller dina behov. Men Fumot Tornado 20000 \u00e4r h\u00e4r f\u00f6r att f\u00f6r\u00e4ndra spelet. Med banbrytande teknologi, \u00f6verl\u00e4gsen prestanda och ett urval av l\u00e4ckra smaker revolutionerar denna eng\u00e5ngsvape marknaden i <strong>Tyskland<\/strong> och vidare.<\/p>\n<p>Oavsett om du \u00e4r en erfaren vaper eller n\u00e5gon som just b\u00f6rjar utforska v\u00e4rlden av e-cigaretter, \u00e4r Tornado 20000 utformad f\u00f6r att ge en j\u00e4mn, tillfredsst\u00e4llande och anpassningsbar \u00e5ngningsupplevelse. Denna produkt utm\u00e4rker sig inte bara f\u00f6r sin <strong>Imponerande e-v\u00e4tskekapacitet<\/strong> men ocks\u00e5 f\u00f6r dess <strong>Avancerade funktioner<\/strong> det g\u00f6r det till ett av de b\u00e4sta valen f\u00f6r <strong>Vape k\u00f6pa<\/strong> i Tyskland. L\u00e5t oss ta en n\u00e4rmare titt p\u00e5 allt som Fumot Tornado 20000 har att erbjuda.<\/p>\n<p><img loading=\"lazy\" decoding=\"async\" class=\"alignnone wp-image-2675 size-full\" src=\"https:\/\/casinovape.de\/wp-content\/uploads\/2024\/11\/Fumot-RandM-Tornado-20000-2-scaled.jpg\" alt=\"Europ\u00e9iskt lager Fumot RandM Tornado 20000 Puffs L\u00e5g Nikotin K\u00f6p Original Autentisk \u00c5teranv\u00e4ndbar Eng\u00e5ngs Vape Pen\" width=\"2560\" height=\"1641\" srcset=\"https:\/\/casinovape.de\/wp-content\/uploads\/2024\/11\/Fumot-RandM-Tornado-20000-2-scaled.jpg 2560w, https:\/\/casinovape.de\/wp-content\/uploads\/2024\/11\/Fumot-RandM-Tornado-20000-2-300x192.jpg 300w, https:\/\/casinovape.de\/wp-content\/uploads\/2024\/11\/Fumot-RandM-Tornado-20000-2-1024x657.jpg 1024w, https:\/\/casinovape.de\/wp-content\/uploads\/2024\/11\/Fumot-RandM-Tornado-20000-2-768x492.jpg 768w, https:\/\/casinovape.de\/wp-content\/uploads\/2024\/11\/Fumot-RandM-Tornado-20000-2-1536x985.jpg 1536w, https:\/\/casinovape.de\/wp-content\/uploads\/2024\/11\/Fumot-RandM-Tornado-20000-2-2048x1313.jpg 2048w, https:\/\/casinovape.de\/wp-content\/uploads\/2024\/11\/Fumot-RandM-Tornado-20000-2-18x12.jpg 18w, https:\/\/casinovape.de\/wp-content\/uploads\/2024\/11\/Fumot-RandM-Tornado-20000-2-600x385.jpg 600w\" sizes=\"auto, (max-width: 2560px) 100vw, 2560px\" \/><\/p>\n<h3><strong>Huvudfunktioner i<a href=\"https:\/\/casinovape.de\/sv\/produktkategori\/randm-fumot-engangsvapes\/\"> Fumot<\/a>\u00a0RandM Tornado 20000 Puffs<\/strong><\/h3>\n<h4><strong>1. Dubbla mesh-spolar f\u00f6r f\u00f6rb\u00e4ttrad smak<\/strong><\/h4>\n<p>I mittpunkten av <strong>Fumot Tornado 20000<\/strong> \u00e4r det <strong>dubbel mesh-spolteknik<\/strong>som tar smakproduktionen till n\u00e4sta niv\u00e5. Mesh-spolar erbjuder en mer j\u00e4mn v\u00e4rmef\u00f6rdelning, vilket s\u00e4kerst\u00e4ller en j\u00e4mnare, rikare och mer konsekvent smak vid varje puff. Oavsett om du f\u00f6r\u00e5ngar en fruktig blandning eller en komplex tobaks smak, f\u00e5r dubbla mesh-spolar ut det b\u00e4sta ur varje e-v\u00e4tska och levererar en tillfredsst\u00e4llande hit varje g\u00e5ng.<\/p>\n<h4><strong>2. Imponerande E-v\u00e4tskekapacitet: 20ml<\/strong><\/h4>\n<p>En av de mest framst\u00e5ende egenskaperna hos Tornado 20000 \u00e4r dess enorma <strong>20ml e-liquid kapacitet<\/strong>Denna stora volym inneb\u00e4r att du kan njuta av dina favorit smaker under l\u00e4ngre tid utan behov av konstant p\u00e5fyllning. F\u00f6r vapers som njuter av l\u00e5nga sessioner eller inte vill ha besv\u00e4ret med att b\u00e4ra flera enheter, \u00e4r denna kapacitet en riktig spelv\u00e4xlare.<\/p>\n<h4><strong>3. Smart sk\u00e4rm med indikatorer i realtid<\/strong><\/h4>\n<p>Ingen mer gissning n\u00e4r din enhet beh\u00f6ver laddas eller p\u00e5fyllas. <strong>smartdisplay \nbecomes \nsmarta sk\u00e4rmen \n NO \nsmart display \n\n Smart display<\/strong> P\u00e5 Tornado 20000 g\u00f6r det det enklare \u00e4n n\u00e5gonsin att h\u00e5lla koll p\u00e5 din vapes prestanda. Denna LED-sk\u00e4rm visar b\u00e5de <strong>v\u00e4tskeniv\u00e5 f\u00f6r e-liquid<\/strong> och <strong>batteristatus<\/strong>s\u00e5 att du alltid \u00e4r f\u00f6rberedd f\u00f6r din n\u00e4sta session. Det \u00e4r ett genomt\u00e4nkt till\u00e4gg som g\u00f6r anv\u00e4ndarupplevelsen mer intuitiv och stressfri.<\/p>\n<h4><strong>4. Upp till 20 000 bloss f\u00f6r l\u00e5ngvarighet<\/strong><\/h4>\n<p>Med en imponerande livsl\u00e4ngd p\u00e5 <strong>upp till 20 000 bloss<\/strong>Tornado 20000 \u00e4r konstruerad f\u00f6r h\u00e5llbarhet. Detta g\u00f6r den till en av de mest l\u00e5ngvariga eng\u00e5ngsvape som finns tillg\u00e4ngliga, vilket erbjuder enormt v\u00e4rde f\u00f6r pengarna. Oavsett om du \u00e4r en l\u00e4tt eller tung vaper, kan du f\u00f6rlita dig p\u00e5 att Tornado 20000 h\u00e5ller l\u00e4ngre \u00e4n m\u00e5nga andra alternativ p\u00e5 marknaden, vilket reducerar behovet av frekventa ers\u00e4ttningar.<\/p>\n<h4><strong>5. Anpassningsbar nikotinstyrka<\/strong><\/h4>\n<p>Tornado 20000 erbjuder <strong>M\u00e5ngsidig nikotinstyrka<\/strong> alternativ, s\u00e5 att du kan v\u00e4lja den ideala niv\u00e5n f\u00f6r dina personliga preferenser. V\u00e4lj mellan <strong>0%, 2%, 3%, eller 5% nikotin<\/strong> f\u00f6r att anpassa din upplevelse. Oavsett om du vill minska din nikotinintag eller njuta av en starkare effekt, m\u00f6jligg\u00f6r denna eng\u00e5ngsvape att du anpassar din upplevelse enligt dina behov.<\/p>\n<h4><strong>6. Uppladdningsbar 850mAh Batteri<\/strong><\/h4>\n<p>Till skillnad fr\u00e5n m\u00e5nga eng\u00e5ngs e-cigaretter, har Tornado 20000 en kraftfull <strong>850mAh uppladdningsbar batteri<\/strong>Detta s\u00e4kerst\u00e4ller att du f\u00e5r mer ut av varje enhet och inte beh\u00f6ver oroa dig f\u00f6r ett urladdat batteri efter bara n\u00e5gra anv\u00e4ndningar. <strong>Typ-C laddningsport<\/strong> g\u00f6r det m\u00f6jligt att snabbt ladda om, minimera stillest\u00e5ndstiden och s\u00e4kerst\u00e4lla att din enhet alltid \u00e4r redo n\u00e4r du beh\u00f6ver den.<\/p>\n<h4><strong>7. Snabbladdning med Type-C-port<\/strong><\/h4>\n<p>Den <strong>Typ-C snabbladdning<\/strong> Porten \u00e4r en modern funktion som s\u00e4kerst\u00e4ller att din enhet laddas snabbt och effektivt. Oavsett om du \u00e4r hemma eller p\u00e5 v\u00e4g kan du ladda om din Tornado 20000 p\u00e5 nolltid, s\u00e5 att du kan \u00e5terg\u00e5 till att njuta av dina vape-sessioner utan avbrott.<\/p>\n<h4><strong>8. 30 Smakrika Alternativ<\/strong><\/h4>\n<p>Fumot f\u00f6rst\u00e5r att m\u00e5ngfald \u00e4r nyckeln till en tillfredsst\u00e4llande vape-upplevelse, vilket \u00e4r varf\u00f6r Tornado 20000 kommer med <strong>30 unika och l\u00e4ckra smaker<\/strong>Oavsett om du \u00e4r i hum\u00f6r f\u00f6r n\u00e5got s\u00f6tt, fruktigt eller menthol, finns det en smak f\u00f6r alla. Dessa smaker \u00e4r skapade med h\u00f6gkvalitativa ingredienser f\u00f6r att s\u00e4kerst\u00e4lla en j\u00e4mn, njutbar vape varje g\u00e5ng.<\/p>\n<hr \/>\n<h3><img loading=\"lazy\" decoding=\"async\" class=\"alignnone wp-image-2676 size-full\" src=\"https:\/\/casinovape.de\/wp-content\/uploads\/2024\/11\/Fumot-RandM-Tornado-20000-3-scaled.jpg\" alt=\"Europ\u00e9iskt lager Fumot RandM Tornado 20000 Puffs L\u00e5g Nikotin K\u00f6p Original Autentisk \u00c5teranv\u00e4ndbar Eng\u00e5ngs Vape Pen\" width=\"2560\" height=\"1641\" srcset=\"https:\/\/casinovape.de\/wp-content\/uploads\/2024\/11\/Fumot-RandM-Tornado-20000-3-scaled.jpg 2560w, https:\/\/casinovape.de\/wp-content\/uploads\/2024\/11\/Fumot-RandM-Tornado-20000-3-300x192.jpg 300w, https:\/\/casinovape.de\/wp-content\/uploads\/2024\/11\/Fumot-RandM-Tornado-20000-3-1024x657.jpg 1024w, https:\/\/casinovape.de\/wp-content\/uploads\/2024\/11\/Fumot-RandM-Tornado-20000-3-768x492.jpg 768w, https:\/\/casinovape.de\/wp-content\/uploads\/2024\/11\/Fumot-RandM-Tornado-20000-3-1536x985.jpg 1536w, https:\/\/casinovape.de\/wp-content\/uploads\/2024\/11\/Fumot-RandM-Tornado-20000-3-2048x1313.jpg 2048w, https:\/\/casinovape.de\/wp-content\/uploads\/2024\/11\/Fumot-RandM-Tornado-20000-3-18x12.jpg 18w, https:\/\/casinovape.de\/wp-content\/uploads\/2024\/11\/Fumot-RandM-Tornado-20000-3-600x385.jpg 600w\" sizes=\"auto, (max-width: 2560px) 100vw, 2560px\" \/><\/h3>\n<h3><strong>Smaksprofil: Upplev en v\u00e4rld av smaker med varje puff<\/strong><\/h3>\n<p>N\u00e4r det kommer till vaping \u00e4r smak av yttersta vikt. Med <strong>Fumot Tornado 20000<\/strong>Du kommer att uppleva en explosion av smaker som kan avnjutas i dagar. Den stora variationen av tillg\u00e4ngliga smaker s\u00e4kerst\u00e4ller att varje vaper kan hitta n\u00e5got som passar deras smakprofil perfekt.<\/p>\n<p>Fr\u00e5n fruktiga, uppfriskande blandningar till rika och dekadenta dessertsmaker, <strong>Fumot Tornado 20000<\/strong> erbjuder ett brett spektrum av smaker som tillgodoser olika preferenser. F\u00f6rest\u00e4ll dig den uppfriskande k\u00e4nslan av en sval mentol, s\u00f6tman av mogna jordgubbar eller kr\u00e4migheten av vaniljkr\u00e4m - allt expertiskt tillverkat f\u00f6r att leverera en exceptionell vapeupplevelse.<\/p>\n<p>En av de viktigaste faktorerna som skiljer denna produkt \u00e5t \u00e4r <strong>dubbel mesh-spolteknik<\/strong>, vilket f\u00f6rst\u00e4rker intensiteten hos varje smak. Detta inneb\u00e4r att de redan rika och l\u00e4ckra smakerna \u00e4r \u00e4nnu mer uttalade och tillfredsst\u00e4llande. Spolarna s\u00e4kerst\u00e4ller j\u00e4mn uppv\u00e4rmning, vilket f\u00f6rhindrar torra eller br\u00e4nda puffar som ibland kan f\u00f6rst\u00f6ra vape-upplevelsen.<\/p>\n<p>Om du \u00e4r n\u00e5gon som njuter av att prova en m\u00e4ngd olika smaker \u00e4r Tornado 20000 ett idealiskt val. Du kan byta fr\u00e5n en smak till en annan utan att oroa dig f\u00f6r \u00e5terst\u00e5ende smaker eller f\u00f6roreningar. Oavsett om du vill ha en mild smak f\u00f6r ett lugnt \u00f6gonblick eller n\u00e5got starkt och intensivt f\u00f6r att energisera din dag, levererar Tornado 20000 varje g\u00e5ng.<\/p>\n<p>Med smaker som <strong>Lush Ice<\/strong>, <strong>Bl\u00e5b\u00e4r Hallon<\/strong>, <strong>Tropisk Punch<\/strong>och <strong>Mentol Mint<\/strong>, dina smakl\u00f6kar kommer att f\u00e5 en riktig behandling. The <strong>20ml e-liquid kapacitet<\/strong> g\u00f6r att du kan njuta av varje smak utan att beh\u00f6va fylla p\u00e5 f\u00f6r ofta, och det stora antalet puffs inneb\u00e4r att du kan utforska flera smaker under produkttens livsl\u00e4ngd.<\/p>\n<p>Om du \u00e4r en nyb\u00f6rjare inom vaping eller n\u00e5gon som vill prova nya och sp\u00e4nnande alternativ, kommer Tornado 20000:s omfattande urval av smaker aldrig att besvika dig. Oavsett om du \u00e4r p\u00e5 spr\u00e5ng eller kopplar av hemma, kommer dessa smaker att h\u00f6ja din vape-upplevelse.<\/p>\n<p><img loading=\"lazy\" decoding=\"async\" class=\"alignnone wp-image-2677 size-full\" src=\"https:\/\/casinovape.de\/wp-content\/uploads\/2024\/11\/Fumot-RandM-Tornado-20000-scaled.jpg\" alt=\"Europ\u00e9iskt lager Fumot RandM Tornado 20000 Puffs L\u00e5g Nikotin K\u00f6p Original Autentisk \u00c5teranv\u00e4ndbar Eng\u00e5ngs Vape Pen\" width=\"2560\" height=\"1641\" srcset=\"https:\/\/casinovape.de\/wp-content\/uploads\/2024\/11\/Fumot-RandM-Tornado-20000-scaled.jpg 2560w, https:\/\/casinovape.de\/wp-content\/uploads\/2024\/11\/Fumot-RandM-Tornado-20000-300x192.jpg 300w, https:\/\/casinovape.de\/wp-content\/uploads\/2024\/11\/Fumot-RandM-Tornado-20000-1024x657.jpg 1024w, https:\/\/casinovape.de\/wp-content\/uploads\/2024\/11\/Fumot-RandM-Tornado-20000-768x492.jpg 768w, https:\/\/casinovape.de\/wp-content\/uploads\/2024\/11\/Fumot-RandM-Tornado-20000-1536x985.jpg 1536w, https:\/\/casinovape.de\/wp-content\/uploads\/2024\/11\/Fumot-RandM-Tornado-20000-2048x1313.jpg 2048w, https:\/\/casinovape.de\/wp-content\/uploads\/2024\/11\/Fumot-RandM-Tornado-20000-18x12.jpg 18w, https:\/\/casinovape.de\/wp-content\/uploads\/2024\/11\/Fumot-RandM-Tornado-20000-600x385.jpg 600w\" sizes=\"auto, (max-width: 2560px) 100vw, 2560px\" \/><\/p>\n<hr \/>\n<h2><strong>Varf\u00f6r Du B\u00f6r K\u00f6pa Den<a href=\"https:\/\/casinovape.de\/sv\/produktkategori\/randm-fumot-engangsvapes\/\"> Fumot<\/a> Tornado 20000<\/strong><\/h2>\n<p>N\u00e4r det kommer till <strong>disponibla e-cigaretter<\/strong>, den <strong>Fumot Tornado 20000<\/strong> utm\u00e4rker sig f\u00f6r sin kombination av <strong>Avancerad teknologi<\/strong>, <strong>Otrolig smakvariation<\/strong>och <strong>L\u00e5ngvarig prestanda<\/strong>H\u00e4r \u00e4r varf\u00f6r du b\u00f6r \u00f6verv\u00e4ga att k\u00f6pa Tornado 20000:<\/p>\n<ul>\n<li><strong>H\u00f6g puffantal<\/strong>: Med m\u00f6jlighet att leverera upp till <strong>20 000 bloss \n(Or  could also be translated as  20.000 bloss )<\/strong>Du beh\u00f6ver inte oroa dig f\u00f6r att ta slut p\u00e5 e-v\u00e4tska snabbt.<\/li>\n<li><strong>Uppladdningsbar Batteri<\/strong>: Den <strong>850mAh uppladdningsbar batteri<\/strong> \u00e4r en utm\u00e4rkande funktion, som erbjuder f\u00f6rl\u00e4ngd anv\u00e4ndning j\u00e4mf\u00f6rt med m\u00e5nga traditionella eng\u00e5ngsvape-produkter.<\/li>\n<li><strong>Snabbladdning<\/strong>: Den <strong>Typ-C snabbladdning<\/strong> Porten g\u00f6r det snabbt och enkelt att ladda din enhet, s\u00e5 att du kan forts\u00e4tta vara p\u00e5 spr\u00e5ng.<\/li>\n<li><strong>Smaksortiment<\/strong>Med <strong>30 smaker<\/strong> att v\u00e4lja mellan, finns det n\u00e5got f\u00f6r alla, oavsett om du f\u00f6redrar s\u00f6tt, fruktigt eller mentolfyllt.<\/li>\n<li><strong>L\u00e5ngvarigt v\u00e4rde<\/strong>: Tornado 20000 \u00e4r konstruerad f\u00f6r att h\u00e5lla och erbjuder <strong>exceptionell h\u00e5llbarhet<\/strong> och stort v\u00e4rde f\u00f6r pengarna.<\/li>\n<\/ul>\n<p>Om du letar efter <strong>k\u00f6pa eng\u00e5ngs e-cigarett<\/strong> i <strong>Tyskland<\/strong>, den <strong>Fumot Tornado 20000<\/strong> \u00e4r det ultimata valet. Dess kombination av prestanda, bekv\u00e4mlighet och smak g\u00f6r den till en av de b\u00e4sta eng\u00e5ngsvape som finns tillg\u00e4ngliga idag.<\/p>\n<p>V\u00e4nta inte - bes\u00f6k <a href=\"https:\/\/casinovape.de\/sv\/\"><strong>casinovape.de<\/strong><\/a> Idag och f\u00e5 tag p\u00e5 <strong>Fumot Tornado 20000<\/strong> f\u00f6r att ta din vape-upplevelse till n\u00e4sta niv\u00e5!<\/p>\n<hr \/>\n<h3><strong>Slutsats<\/strong><\/h3>\n<p>Den <strong>Fumot Tornado 20000<\/strong> \u00e4r en revolutionerande produkt som s\u00e4tter nya standarder f\u00f6r eng\u00e5ngsvape. Erbjuder <strong>upp till 20 000 bloss<\/strong>, en <strong>20ml e-liquid kapacitet<\/strong>och <strong>dubbel mesh-spolteknik<\/strong>denna enhet \u00e4r utformad f\u00f6r att f\u00f6rb\u00e4ttra din vape-upplevelse. Med sin <strong>uppladdningsbar batteri<\/strong> och <strong>30 l\u00e4ckra smaker<\/strong>Den levererar bekv\u00e4mlighet och tillfredsst\u00e4llelse i varje bloss.<\/p>\n<p>F\u00f6r den b\u00e4sta disponibla e-cigarettupplevelsen, leta inte l\u00e4ngre \u00e4n <strong>Fumot Tornado 20000<\/strong>\u2014tillg\u00e4nglig nu p\u00e5 <a href=\"https:\/\/casinovape.de\/sv\/\"><strong>casinovape.de<\/strong><\/a>, den st\u00f6rsta onlineplattformen f\u00f6r detaljhandel med eng\u00e5ngse-cigaretter i Tyskland. <strong>Vape k\u00f6pa<\/strong> Idag och njut av en ostoppbar \u00e5ngupplevelse!<\/p>","protected":false},"excerpt":{"rendered":"<p>Uppt\u00e4ck Fumot RandM Tornado 20000 Puffs, en revolutionerande disponibel vape med upp till 20 000 bloss, 20 ml e-v\u00e4tskekapacitet, dubbel mesh-spolteknik och 30 unika smaker. Upp laddningsbar, l\u00e5ngvarig och perfekt f\u00f6r en f\u00f6rh\u00f6jd vapeupplevelse. Finns nu tillg\u00e4nglig p\u00e5<strong> casinovape.de<\/strong><\/p>","protected":false},"featured_media":2590,"comment_status":"open","ping_status":"closed","template":"","meta":[],"product_brand":[],"product_cat":[15,78,79,80,81,82,83,86,87,88,89,90,91,94,95,96,98,99,65,66,67,68,69,70,71,72,73,74,75,76,77,57,63,45,48,50,51,47,52,54,56],"product_tag":[],"class_list":{"0":"post-4415","1":"product","2":"type-product","3":"status-publish","4":"has-post-thumbnail","6":"product_cat-randm-fumot-disposable-vapes","7":"product_cat-buy-best-disposable-vape-flavors","8":"product_cat-apple-flavor-disposable-vapes","9":"product_cat-blue-razz-flavor-disposable-vapes","10":"product_cat-blueberry-flavor-disposable-vapes","11":"product_cat-cherry-flavor-disposable-vapes","12":"product_cat-cola-flavor-disposable-vapes","13":"product_cat-ice-flavor-disposable-vapes","14":"product_cat-kiwi-flavor-disposable-vapes","15":"product_cat-lemon-flavor-disposable-vapes","16":"product_cat-lush-flavor-disposable-vapes","17":"product_cat-mango-flavor-disposable-vapes","18":"product_cat-mint-flavor-disposable-vapes","19":"product_cat-peach-flavor-disposable-vapes","20":"product_cat-pineapple-flavor-disposable-vapes","21":"product_cat-raspberry-flavor-disposable-vapes","22":"product_cat-strawberry-flavor-disposable-vapes","23":"product_cat-watermelon-flavor-disposable-vapes","24":"product_cat-best-disposable-vape-in-europe","25":"product_cat-buy-disposable-vapes-in-austria","26":"product_cat-buy-disposable-vapes-in-belgium","27":"product_cat-buy-disposable-vapes-in-france","28":"product_cat-buy-disposable-vapes-in-germany","29":"product_cat-buy-disposable-vapes-in-italy","30":"product_cat-buy-disposable-vapes-in-netherlands","31":"product_cat-buy-disposable-vapes-in-norway","32":"product_cat-buy-disposable-vapes-in-poland","33":"product_cat-buy-disposable-vapes-in-portugal","34":"product_cat-buy-disposable-vapes-in-spain","35":"product_cat-buy-disposable-vapes-in-sweden","36":"product_cat-buy-disposable-vapes-in-switzerland","37":"product_cat-shop-disposable-vapes-by-puffs","38":"product_cat-20000-puff-disposable-vape","39":"product_cat-disposable-vape-types","40":"product_cat-big-puffs-disposable-vapes","41":"product_cat-digital-box-disposable-vapes","42":"product_cat-dual-mesh-disposable-vapes","43":"product_cat-full-screen-disposable-vapes","44":"product_cat-lower-nicotine-disposable-vapes","45":"product_cat-rechargeable-disposable-vapes","46":"product_cat-tornado-disposable-vapes","48":"first","49":"outofstock","50":"shipping-taxable","51":"product-type-variable","52":"has-default-attributes"},"jetpack_sharing_enabled":true,"_links":{"self":[{"href":"https:\/\/casinovape.de\/sv\/wp-json\/wp\/v2\/product\/4415","targetHints":{"allow":["GET"]}}],"collection":[{"href":"https:\/\/casinovape.de\/sv\/wp-json\/wp\/v2\/product"}],"about":[{"href":"https:\/\/casinovape.de\/sv\/wp-json\/wp\/v2\/types\/product"}],"replies":[{"embeddable":true,"href":"https:\/\/casinovape.de\/sv\/wp-json\/wp\/v2\/comments?post=4415"}],"wp:featuredmedia":[{"embeddable":true,"href":"https:\/\/casinovape.de\/sv\/wp-json\/wp\/v2\/media\/2590"}],"wp:attachment":[{"href":"https:\/\/casinovape.de\/sv\/wp-json\/wp\/v2\/media?parent=4415"}],"wp:term":[{"taxonomy":"product_brand","embeddable":true,"href":"https:\/\/casinovape.de\/sv\/wp-json\/wp\/v2\/product_brand?post=4415"},{"taxonomy":"product_cat","embeddable":true,"href":"https:\/\/casinovape.de\/sv\/wp-json\/wp\/v2\/product_cat?post=4415"},{"taxonomy":"product_tag","embeddable":true,"href":"https:\/\/casinovape.de\/sv\/wp-json\/wp\/v2\/product_tag?post=4415"}],"curies":[{"name":"wp","href":"https:\/\/api.w.org\/{rel}","templated":true}]}}