{"id":4352,"date":"2024-11-27T12:52:05","date_gmt":"2024-11-27T12:52:05","guid":{"rendered":"https:\/\/casinovape.de\/?post_type=product&#038;p=4352"},"modified":"2025-04-08T08:13:44","modified_gmt":"2025-04-08T08:13:44","slug":"europeiskt-lager-vozol-star-20000-puffar-lag-nikotinhalt-kop-original-autentisk-uppladdningsbar-engangspenna-2","status":"publish","type":"product","link":"https:\/\/casinovape.de\/sv\/produkt\/europeiskt-lager-vozol-star-20000-puffar-lag-nikotinhalt-kop-original-autentisk-uppladdningsbar-engangspenna-2\/","title":{"rendered":"Europeiskt lager Vozol Star 20000 puffar L\u00e5g nikotin K\u00f6p original \u00c4kta uppladdningsbar eng\u00e5ngsvapepenna"},"content":{"rendered":"<div class=\"flex-shrink-0 flex flex-col relative items-end\">\n<div>\n<div class=\"pt-0\">\n<div class=\"gizmo-shadow-stroke flex h-8 w-8 items-center justify-center overflow-hidden rounded-full\">\n<div class=\"h-full w-full\">\n<div style=\"width: 360px;\" class=\"wp-video\"><!--[if lt IE 9]><script>document.createElement('video');<\/script><![endif]-->\n<video class=\"wp-video-shortcode\" id=\"video-4352-1\" width=\"360\" height=\"640\" preload=\"metadata\" controls=\"controls\"><source type=\"video\/mp4\" src=\"https:\/\/casinovape.de\/wp-content\/uploads\/2024\/11\/vozol-star-20000.mp4?_=1\" \/><a href=\"https:\/\/casinovape.de\/wp-content\/uploads\/2024\/11\/vozol-star-20000.mp4\">https:\/\/casinovape.de\/wp-content\/uploads\/2024\/11\/vozol-star-20000.mp4<\/a><\/video><\/div>\n<\/div>\n<\/div>\n<\/div>\n<\/div>\n<\/div>\n<div class=\"group\/conversation-turn relative flex w-full min-w-0 flex-col agent-turn\">\n<div class=\"flex-col gap-1 md:gap-3\">\n<div class=\"flex max-w-full flex-col flex-grow\">\n<div class=\"min-h-8 text-message flex w-full flex-col items-end gap-2 whitespace-normal break-words [.text-message+&amp;]:mt-5\" dir=\"auto\" data-message-author-role=\"assistant\" data-message-id=\"19eefec6-29ef-4aae-8d64-1b6d062299fc\" data-message-model-slug=\"gpt-4o\">\n<div class=\"flex w-full flex-col gap-1 empty:hidden first:pt-[3px]\">\n<div class=\"markdown prose w-full break-words dark:prose-invert light\">\n<h2><a href=\"https:\/\/casinovape.de\/sv\/produktkategori\/vozol-engangsvapor\/\">Vozol<\/a> Star 20000 Puffs Disposable Vape: Den Ultimata Vapingupplevelsen<\/h2>\n<p>N\u00e4r det g\u00e4ller eng\u00e5ngsvape, <strong>Vozol Star 20000 Puffs<\/strong> s\u00e4tter en ny standard f\u00f6r prestanda, stil och bekv\u00e4mlighet. Utvecklad med banbrytande teknologi erbjuder denna enhet allt en vaper kan \u00f6nska: l\u00e5ngvarig kraft, en \u00f6verl\u00e4gsen vapingupplevelse och snygg estetik. Oavsett om du \u00e4r en erfaren vaper eller just b\u00f6rjar, \u00e4r Vozol Star 20000 Puffs ett m\u00e5ste-tillskott till din samling.<\/p>\n<h2>Detaljerad Produkt\u00f6versikt: <a href=\"https:\/\/casinovape.de\/sv\/produktkategori\/vozol-engangsvapor\/\">Vozol Star 20000 Puffs<\/a> Eng\u00e5ngs Vape<\/h2>\n<p>Den <strong>Vozol Star 20000 Puffs Disposable Vape \nbecomes \nVozol Star 20000 Puffs eng\u00e5ngsvape<\/strong> utm\u00e4rker sig p\u00e5 den tr\u00e5nga marknaden f\u00f6r eng\u00e5ngsvapeprodukter med sin imponerande prestanda och anv\u00e4ndarv\u00e4nliga funktioner. Till skillnad fr\u00e5n traditionella vapes erbjuder Vozol Star ett uppladdningsbart alternativ, vilket g\u00f6r den b\u00e5de milj\u00f6v\u00e4nlig och ekonomisk. Med ett brett utbud av livliga smaker och en rad avancerade funktioner \u00e4r den anpassad f\u00f6r att m\u00f6ta behoven hos alla vape-anv\u00e4ndare.<\/p>\n<h3>Kraftfull och l\u00e5ngvarig prestanda<\/h3>\n<p>En av de mest framst\u00e5ende funktionerna hos Vozol Star 20000 Puffs \u00e4r dess <strong>20 000 puffkapacitet<\/strong>Denna l\u00e5ngvarighet s\u00e4kerst\u00e4ller att du kan njuta av ut\u00f6kade vaping-sessioner utan att beh\u00f6va byta ut enheten konstant, vilket g\u00f6r den mycket kostnadseffektiv f\u00f6r regelbundna anv\u00e4ndare. Den l\u00e5ngvariga batteriet och de inbyggda funktionerna, s\u00e5som dubbla mesh-spolar och ett uppladdningsbart batteri, m\u00f6jligg\u00f6r en <strong>smidig vape-upplevelse<\/strong> f\u00f6r varje g\u00e5ng. S\u00e4g adj\u00f6 till frekventa p\u00e5fyllningar och ers\u00e4ttningar; Vozol Star s\u00e4kerst\u00e4ller h\u00e5llbarhet utan att kompromissa med smak eller \u00e5ngkvalitet.<\/p>\n<h3>Dubbla Mesh-spolar f\u00f6r \u00f6verl\u00e4gsen smak<\/h3>\n<p>Vozol Star 20000 anv\u00e4nder <strong>dubbla mesh-spolar<\/strong> som \u00e4r konstruerade f\u00f6r att ge rikare smaker och t\u00e4tare \u00e5nga. Dessa spiraler optimerar din vape-upplevelse genom att f\u00f6rb\u00e4ttra smaken och \u00e5ngproduktionen, vilket skapar en tillfredsst\u00e4llande och njutbar dragning varje g\u00e5ng du tar en puff. Oavsett om du f\u00f6redrar <strong>l\u00e4tt \u00e5nga<\/strong> eller <strong>t\u00e4ta moln<\/strong>De dubbla mesh-spolarna garanterar att du f\u00e5r den smakprofil du l\u00e4ngtar efter.<\/p>\n<h3>Dubbla l\u00e4gen f\u00f6r personalisering<\/h3>\n<p>Den <strong>dubbel l\u00e4gesfunktion<\/strong> av Vozol Star 20000 \u00e4r perfekt f\u00f6r de som vill anpassa sin upplevelse. Den <strong>Eko-l\u00e4ge<\/strong> s\u00e4kerst\u00e4ller en j\u00e4mnare, l\u00e4ttare \u00e5nga f\u00f6r de som f\u00f6redrar en mer subtil effekt, medan <strong>Energil\u00e4ge<\/strong> levererar st\u00f6rre, mer intensiva moln f\u00f6r en fullst\u00e4ndig vapingupplevelse. Att v\u00e4xla mellan dessa l\u00e4gen \u00e4r enkelt - tryck bara p\u00e5 en knapp f\u00f6r att v\u00e4xla mellan dem, vilket ger dig kontroll \u00f6ver din vape-session.<\/p>\n<h3>Kompakt, Stylish och Funktionell Design<\/h3>\n<p>Med sin eleganta <strong>gradient metallfinish<\/strong> och <strong>spegel HD sk\u00e4rm<\/strong>Vozol Star 20000 inte bara fungerar bra utan ser ocks\u00e5 bra ut. <strong>spegelsk\u00e4rm<\/strong> ger tydlig information, inklusive batteriniv\u00e5er och e-v\u00e4tska-status, s\u00e5 att du alltid \u00e4r informerad om din enhets prestanda. <strong>kompakt design<\/strong> garanterar portabilitet, s\u00e5 att du kan ta din vape vart du \u00e4n g\u00e5r, utan att kompromissa med stilen.<\/p>\n<h3>Snabb laddning och bekv\u00e4mlighet<\/h3>\n<p>Tr\u00f6tt p\u00e5 att v\u00e4nta p\u00e5 att din enhet ska laddas? Den <strong>Vozol Star 20000<\/strong> kan laddas fullt p\u00e5 bara <strong>30 minuter<\/strong>, s\u00e5 att du kan \u00e5terg\u00e5 till vaping snabbt. Plus, <strong>MTL (Mouth-to-Lung)<\/strong> designen erbjuder en bekant k\u00e4nsla som liknar r\u00f6kning, vilket g\u00f6r den till ett bra val f\u00f6r de som byter fr\u00e5n cigaretter.<\/p>\n<h3>Hygienisk och s\u00e4ker design<\/h3>\n<p>Den <strong>munskydd<\/strong> funktionen s\u00e4kerst\u00e4ller att munstycket f\u00f6rblir rent och hygieniskt och h\u00e5ller f\u00f6roreningar som damm och skr\u00e4p borta fr\u00e5n munstycket n\u00e4r det inte anv\u00e4nds. Denna uppm\u00e4rksamhet p\u00e5 hygien \u00e4r en av anledningarna till varf\u00f6r Vozol Star utm\u00e4rker sig som en f\u00f6rstklassig vaping-enhet.<\/p>\n<h3>L\u00e4mplig b\u00e5de f\u00f6r nyb\u00f6rjare och experter<\/h3>\n<p>Den <strong>Vozol Star 20000 Puffs<\/strong> \u00e4r utformad f\u00f6r att vara nyb\u00f6rjarv\u00e4nlig, med enkla funktioner och l\u00e4ttanv\u00e4nd funktionalitet. Oavsett om du \u00e4r ny i v\u00e4rlden av vaping eller en erfaren vaper, \u00e4r detta enhetsval ett utm\u00e4rkt val. Dess okomplicerade design g\u00f6r den ideal f\u00f6r de som just b\u00f6rjar, medan dess avancerade funktioner kommer att tillfredsst\u00e4lla de erfaren vapers preferenser.<\/p>\n<h2>Funktioner hos Vozol Star 20000 Puffs Disposable Vape<\/h2>\n<ul>\n<li><strong>20 000+ Puffar<\/strong>: Ut\u00f6kade vaping-sessioner, vilket reducerar behovet av frekventa ers\u00e4ttningar.<\/li>\n<li><strong>Uppladdningsbar<\/strong>: Milj\u00f6v\u00e4nlig och kostnadseffektiv med ett snabbt laddningsbart batteri (fulladdat p\u00e5 bara 30 minuter).<\/li>\n<li><strong>Dubbla Mesh-spolar<\/strong>: Levererar rik smak och t\u00e4t \u00e5nga f\u00f6r ett tillfredsst\u00e4llande drag.<\/li>\n<li><strong>Dubbla l\u00e4gen<\/strong>: Eco-l\u00e4ge f\u00f6r l\u00e4ttare \u00e5nga och Power-l\u00e4ge f\u00f6r t\u00e4ta moln.<\/li>\n<li><strong>LED-sk\u00e4rmdisplay<\/strong>: Tillhandah\u00e5ller realtidsuppdateringar om batteri- och e-v\u00e4tskeniv\u00e5er.<\/li>\n<li><strong>5% Nikotinstyrka<\/strong>: Tillfredsst\u00e4llande nikotinpuff f\u00f6r en tillfredsst\u00e4llande vapeupplevelse.<\/li>\n<li><strong>MTL Design<\/strong>: Ideal f\u00f6r mouth-to-lung-vaporer som vill ha en j\u00e4mnare upplevelse som liknar r\u00f6kning.<\/li>\n<li><strong>Mundstycke Skydd<\/strong>: Hygienisk design f\u00f6rhindrar kontamination.<\/li>\n<li><strong>Stylish &amp; Kompakt Design<\/strong>: Gradient metallfinish med ett snyggt vitt h\u00f6lje f\u00f6r b\u00e4rbarhet och estetiskt tilltal.<\/li>\n<\/ul>\n<h2>Vozol Star 20000 Puffs Smaker<\/h2>\n<p>Vozol Star 20000 Puffs kommer i en stor m\u00e4ngd l\u00e4ckra smaker. Oavsett om du \u00e4r p\u00e5 hum\u00f6r f\u00f6r n\u00e5got fruktigt, isigt eller s\u00f6tt, finns det en smak f\u00f6r alla. H\u00e4r \u00e4r en komplett lista \u00f6ver tillg\u00e4ngliga smaker:<\/p>\n<p><img loading=\"lazy\" decoding=\"async\" class=\"alignnone wp-image-3623 size-full\" src=\"https:\/\/casinovape.de\/wp-content\/uploads\/2024\/11\/vozol-star-20000.webp\" alt=\"Europeiskt lager Vozol Star 20000 puffar L\u00e5g nikotin K\u00f6p original \u00c4kta uppladdningsbar eng\u00e5ngsvapepenna\" width=\"1131\" height=\"1600\" srcset=\"https:\/\/casinovape.de\/wp-content\/uploads\/2024\/11\/vozol-star-20000.webp 1131w, https:\/\/casinovape.de\/wp-content\/uploads\/2024\/11\/vozol-star-20000-212x300.webp 212w, https:\/\/casinovape.de\/wp-content\/uploads\/2024\/11\/vozol-star-20000-724x1024.webp 724w, https:\/\/casinovape.de\/wp-content\/uploads\/2024\/11\/vozol-star-20000-768x1086.webp 768w, https:\/\/casinovape.de\/wp-content\/uploads\/2024\/11\/vozol-star-20000-1086x1536.webp 1086w, https:\/\/casinovape.de\/wp-content\/uploads\/2024\/11\/vozol-star-20000-8x12.webp 8w, https:\/\/casinovape.de\/wp-content\/uploads\/2024\/11\/vozol-star-20000-600x849.webp 600w\" sizes=\"auto, (max-width: 1131px) 100vw, 1131px\" \/><\/p>\n<ol>\n<li><strong>Vattenmelon Glass<\/strong>: En uppfriskande och kylig vattenmelonsmak, perfekt f\u00f6r varma dagar. Den isiga utandningen ger en uppfriskande vridning.<\/li>\n<li><strong>Drueis<\/strong>En j\u00e4mn, saftig vindruvs smak kompletterad av en uppfriskande isfinish som \u00e4r b\u00e5de uppfriskande och tillfredsst\u00e4llande.<\/li>\n<li><strong>Mango Glass \n Mango is translated as Mango in Swedish and Ice as glass.<\/strong>S\u00f6t, tropisk mangosmaka kombinerad med en kylig isig finish, som erbjuder den ultimata fruktiga friskheten.<\/li>\n<li><strong>Dubbelt \u00c4pple Is<\/strong>En blandning av tv\u00e5 \u00e4ppelsorter - s\u00f6t och syrlig - kombinerad med en fryskyld isnot f\u00f6r en underbar balans.<\/li>\n<li><strong>Jordgubb Kiwi<\/strong>Den perfekta blandningen av saftig jordgubbe och syrlig kiwi, vilket skapar en s\u00f6t och exotisk smakprofil.<\/li>\n<li><strong>Hallonvattenmelon<\/strong>En fruktig blandning av syrliga hallon och s\u00f6t vattenmelon, som erbjuder en l\u00e4tt och uppfriskande smak.<\/li>\n<li><strong>Bl\u00e5 Razz Glass<\/strong>En s\u00f6t och syrlig bl\u00e5 hallon smak, med en uppfriskande isig finish f\u00f6r att h\u00f6ja smaken.<\/li>\n<li><strong>Jordgubb Mango<\/strong>En tropisk kombination av mogen mango och s\u00f6t jordgubbe, som skapar en perfekt balanserad fruktig blandning.<\/li>\n<li><strong>Persika Mango Vattenmelon<\/strong>En kombination av saftiga persikor, tropiska mangos och s\u00f6t vattenmelon, perfekt f\u00f6r dem som njuter av lagrade fruktiga smaker.<\/li>\n<li><strong>Cherry Cola<\/strong>En nostalgisk k\u00f6rsb\u00e4rscola-smak, som erbjuder en s\u00f6t och mousserande vape-upplevelse med en j\u00e4mn finish.<\/li>\n<li><strong>Juicy Peach Glass \n(Saknas \"Ice\" \u00f6vers\u00e4ttning h\u00e4r eftersom det f\u00f6rmodligen h\u00e4nvisar till en glass-smak\/produkt, beh\u00e5ller det som det \u00e4r, men l\u00e4gg till \"Glass\" f\u00f6r att ange typ) \n(Juicy Peach Ice f\u00f6rmodas vara en glass-smak) \nJuicy Peach Ice blir till \nSaftig Persika Glass<\/strong>Den saftiga smaken av mogna persikor f\u00f6rst\u00e4rkt med en kylig isfinish f\u00f6r en extra uppfriskande upplevelse.<\/li>\n<li><strong>Dragon StrawNana<\/strong>: En unik blandning av drakfrukt, jordgubbe och banan, som erbjuder en s\u00f6t och exotisk smakprofil.<\/li>\n<li><strong>Blandb\u00e4r<\/strong>En l\u00e4cker kombination av olika b\u00e4r, som ger en s\u00f6t och syrlig smakexplosion vid varje puff.<\/li>\n<li><strong>Citron Lime<\/strong>En kryddig blandning av syrlig citron- och lime-smaker, perfekt f\u00f6r de som njuter av citrusbaserade vape-produkter.<\/li>\n<li><strong>Tropisk explosion<\/strong>En tropisk blandning av exotiska frukter, som ger en s\u00f6t och uppfriskande smak med varje inandning.<\/li>\n<li><strong>Bl\u00e5b\u00e4rsstorm<\/strong>En j\u00e4mn bl\u00e5b\u00e4rs smak med undertoner av s\u00f6tma och l\u00e4tt syrlighet, perfekt f\u00f6r b\u00e4r\u00e4lskare.<\/li>\n<li><strong>Parfym Citron<\/strong>En citrusliknande och blommig lemon smak, som erbjuder en fr\u00e4sch och uppfriskande smak.<\/li>\n<li><strong>Apelsin Ananas Lychee<\/strong>En tropisk blandning av s\u00f6t apelsin, syrlig ananas och exotisk lychee, perfekt f\u00f6r dem som vill ha en explosion av tropisk smak.<\/li>\n<li><strong>Love 777<\/strong>: En unik och mystisk blandning av frukter och godis, som erbjuder en s\u00f6t och smakfull upplevelse.<\/li>\n<li><strong>Hallon \u00c4pple Vattenmelon Ananas<\/strong>En uppfriskande blandning av hallon, \u00e4pple, vattenmelon och ananas, som ger en s\u00f6t och syrlig kombination av smaker.<\/li>\n<\/ol>\n<h2>Varf\u00f6r v\u00e4lja <a href=\"https:\/\/casinovape.de\/sv\/produktkategori\/vozol-engangsvapor\/\">Vozol<\/a> Star 20000 Puffs Disposable Vape<\/h2>\n<ul>\n<li><strong>Uexceptionell smak<\/strong>Med avancerad mesh-spolteknologi levererar Vozol Star 20000 Puffs en enast\u00e5ende smak som kommer att tillfredsst\u00e4lla dina cravings med varje puff.<\/li>\n<li><strong>Prisv\u00e4rd &amp; Bekv\u00e4m<\/strong>: Med 20 000 bloss erbjuder denna vape-apparat stort v\u00e4rde f\u00f6r pengarna, vilket reducerar behovet av frekventa ers\u00e4ttningar och p\u00e5fyllningar.<\/li>\n<li><strong>Snabbladdning<\/strong>: Ladda din enhet fullt p\u00e5 bara 30 minuter, minimera nedetid och maximera din vape-upplevelse.<\/li>\n<li><strong>Brett smakomr\u00e5de<\/strong>: Fr\u00e5n fruktiga till isiga alternativ, finns det en smak som passar varje personliga smak, s\u00e5 att du aldrig blir uttr\u00e5kad.<\/li>\n<li><strong>Kvalitet och s\u00e4kerhet<\/strong>Vozol Star 20000 Puffs kommer med ett hygieniskt munstycke och tillf\u00f6rlitlig prestanda, vilket s\u00e4kerst\u00e4ller en s\u00e4ker och njutbar vapingupplevelse.<\/li>\n<\/ul>\n<h2>K\u00f6p Vozol Star 20000 Puffs fr\u00e5n <a href=\"https:\/\/casinovape.de\/sv\/\">Casinovape<\/a><\/h2>\n<p>Casinovape \u00e4r ledande <strong>online detaljhandelsplattform<\/strong> f\u00f6r eng\u00e5ngsvape i de <strong>Tyskland<\/strong>. Vi erbjuder ett brett utbud av h\u00f6gkvalitativa m\u00e4rken, inklusive <strong>Al Fakher<\/strong>, <strong>Fizzy<\/strong>, <strong>OBEELAB HHC<\/strong>, <strong>Randm Fumot<\/strong>och <strong>SMPO DL02<\/strong>, allt till ost\u00f6rbara priser. Inga minimiorderkvantiteter och snabb leverans fr\u00e5n v\u00e5r <strong>Europeiskt vape-lager<\/strong>, du kan njuta av dina favorit eng\u00e5ngsvape inom bara <strong>3-7 dagar<\/strong>Oavsett om du k\u00f6per en eller flera, s\u00e4kerst\u00e4ller Casinovape en smidig och problemfri shoppingupplevelse.<\/p>\n<p><strong>Best\u00e4ll nu<\/strong> och njut av den ultimata vape-upplevelsen med Vozol Star 20000 Puffs!<\/p>\n<\/div>\n<\/div>\n<\/div>\n<\/div>\n<\/div>\n<\/div>","protected":false},"excerpt":{"rendered":"<p>Butik <strong>Vozol Star 20000 Puffs<\/strong> Eng\u00e5ngs Vape p\u00e5 Casinovape, med l\u00e5ngvarig prestanda, rika smaker och snabb laddning. Njut av premium vaping utan minimibest\u00e4llning och snabb leverans fr\u00e5n v\u00e5rt europeiska lager.<\/p>","protected":false},"featured_media":5259,"comment_status":"open","ping_status":"closed","template":"","meta":[],"product_brand":[],"product_cat":[22,78,79,80,81,82,83,84,86,87,88,90,92,94,95,96,98,99,65,66,67,68,69,70,71,72,73,74,75,76,77,57,63,45,48,50,51,47,52,54],"product_tag":[],"class_list":{"0":"post-4352","1":"product","2":"type-product","3":"status-publish","4":"has-post-thumbnail","6":"product_cat-vozol-disposable-vapes","7":"product_cat-buy-best-disposable-vape-flavors","8":"product_cat-apple-flavor-disposable-vapes","9":"product_cat-blue-razz-flavor-disposable-vapes","10":"product_cat-blueberry-flavor-disposable-vapes","11":"product_cat-cherry-flavor-disposable-vapes","12":"product_cat-cola-flavor-disposable-vapes","13":"product_cat-grape-flavor-disposable-vapes","14":"product_cat-ice-flavor-disposable-vapes","15":"product_cat-kiwi-flavor-disposable-vapes","16":"product_cat-lemon-flavor-disposable-vapes","17":"product_cat-mango-flavor-disposable-vapes","18":"product_cat-mixed-berries-flavor-disposable-vapes","19":"product_cat-peach-flavor-disposable-vapes","20":"product_cat-pineapple-flavor-disposable-vapes","21":"product_cat-raspberry-flavor-disposable-vapes","22":"product_cat-strawberry-flavor-disposable-vapes","23":"product_cat-watermelon-flavor-disposable-vapes","24":"product_cat-best-disposable-vape-in-europe","25":"product_cat-buy-disposable-vapes-in-austria","26":"product_cat-buy-disposable-vapes-in-belgium","27":"product_cat-buy-disposable-vapes-in-france","28":"product_cat-buy-disposable-vapes-in-germany","29":"product_cat-buy-disposable-vapes-in-italy","30":"product_cat-buy-disposable-vapes-in-netherlands","31":"product_cat-buy-disposable-vapes-in-norway","32":"product_cat-buy-disposable-vapes-in-poland","33":"product_cat-buy-disposable-vapes-in-portugal","34":"product_cat-buy-disposable-vapes-in-spain","35":"product_cat-buy-disposable-vapes-in-sweden","36":"product_cat-buy-disposable-vapes-in-switzerland","37":"product_cat-shop-disposable-vapes-by-puffs","38":"product_cat-20000-puff-disposable-vape","39":"product_cat-disposable-vape-types","40":"product_cat-big-puffs-disposable-vapes","41":"product_cat-digital-box-disposable-vapes","42":"product_cat-dual-mesh-disposable-vapes","43":"product_cat-full-screen-disposable-vapes","44":"product_cat-lower-nicotine-disposable-vapes","45":"product_cat-rechargeable-disposable-vapes","47":"first","48":"instock","49":"sale","50":"shipping-taxable","51":"purchasable","52":"product-type-variable"},"jetpack_sharing_enabled":true,"_links":{"self":[{"href":"https:\/\/casinovape.de\/sv\/wp-json\/wp\/v2\/product\/4352","targetHints":{"allow":["GET"]}}],"collection":[{"href":"https:\/\/casinovape.de\/sv\/wp-json\/wp\/v2\/product"}],"about":[{"href":"https:\/\/casinovape.de\/sv\/wp-json\/wp\/v2\/types\/product"}],"replies":[{"embeddable":true,"href":"https:\/\/casinovape.de\/sv\/wp-json\/wp\/v2\/comments?post=4352"}],"wp:featuredmedia":[{"embeddable":true,"href":"https:\/\/casinovape.de\/sv\/wp-json\/wp\/v2\/media\/5259"}],"wp:attachment":[{"href":"https:\/\/casinovape.de\/sv\/wp-json\/wp\/v2\/media?parent=4352"}],"wp:term":[{"taxonomy":"product_brand","embeddable":true,"href":"https:\/\/casinovape.de\/sv\/wp-json\/wp\/v2\/product_brand?post=4352"},{"taxonomy":"product_cat","embeddable":true,"href":"https:\/\/casinovape.de\/sv\/wp-json\/wp\/v2\/product_cat?post=4352"},{"taxonomy":"product_tag","embeddable":true,"href":"https:\/\/casinovape.de\/sv\/wp-json\/wp\/v2\/product_tag?post=4352"}],"curies":[{"name":"wp","href":"https:\/\/api.w.org\/{rel}","templated":true}]}}