{"id":4263,"date":"2024-11-27T12:51:52","date_gmt":"2024-11-27T12:51:52","guid":{"rendered":"https:\/\/casinovape.de\/?post_type=product&#038;p=4263"},"modified":"2025-05-12T07:40:05","modified_gmt":"2025-05-12T07:40:05","slug":"europeiskt-lager-lavande-bm18000-puffar-lag-nikotinhalt-kop-original-autentisk-uppladdningsbar-engangspenna","status":"publish","type":"product","link":"https:\/\/casinovape.de\/sv\/produkt\/europeiskt-lager-lavande-bm18000-puffar-lag-nikotinhalt-kop-original-autentisk-uppladdningsbar-engangspenna\/","title":{"rendered":"Europeiskt lager Lavande BM18000 Puffs L\u00e5g nikotin K\u00f6p Original \u00c4kta Uppfyllningsbar Eng\u00e5ngs Vape Pen"},"content":{"rendered":"<p><img loading=\"lazy\" decoding=\"async\" class=\"alignnone wp-image-3545 size-full\" src=\"https:\/\/casinovape.de\/wp-content\/uploads\/2024\/11\/Lavande-BM18000\uff085\uff09.webp\" alt=\"\" width=\"800\" height=\"800\" srcset=\"https:\/\/casinovape.de\/wp-content\/uploads\/2024\/11\/Lavande-BM18000\uff085\uff09.webp 800w, https:\/\/casinovape.de\/wp-content\/uploads\/2024\/11\/Lavande-BM18000\uff085\uff09-300x300.webp 300w, https:\/\/casinovape.de\/wp-content\/uploads\/2024\/11\/Lavande-BM18000\uff085\uff09-150x150.webp 150w, https:\/\/casinovape.de\/wp-content\/uploads\/2024\/11\/Lavande-BM18000\uff085\uff09-768x768.webp 768w, https:\/\/casinovape.de\/wp-content\/uploads\/2024\/11\/Lavande-BM18000\uff085\uff09-12x12.webp 12w, https:\/\/casinovape.de\/wp-content\/uploads\/2024\/11\/Lavande-BM18000\uff085\uff09-600x600.webp 600w, https:\/\/casinovape.de\/wp-content\/uploads\/2024\/11\/Lavande-BM18000\uff085\uff09-100x100.webp 100w\" sizes=\"auto, (max-width: 800px) 100vw, 800px\" \/><\/p>\n<p>I den v\u00e4rld av vaping, den <strong>Lavande BM 18000 Puffs<\/strong> utm\u00e4rker sig som ett av de mest avancerade och innovativa alternativen som finns tillg\u00e4ngliga. Denna banbrytande uppladdningsbara eng\u00e5ngsvapepenna \u00e4r utformad f\u00f6r dem som s\u00f6ker en l\u00e4ngre h\u00e5llbar, smakfull och anpassningsbar vapeupplevelse. Med sin eleganta design, toppmoderna teknologi och imponerande puffkapacitet lovar Lavande BM 18000 Puffs att h\u00f6ja din vapeupplevelse.<\/p>\n<p>P\u00e5 <strong>Casinovape<\/strong>, den st\u00f6rsta online-returplatformen f\u00f6r eng\u00e5ngsvape-produkter i Deutschland, vi \u00e4r stolta \u00f6ver att erbjuda <strong>Lavande BM 18000 Puffs<\/strong> och en m\u00e4ngd andra premium vape-produkter fr\u00e5n m\u00e4rken som <strong>Al Fakher<\/strong>, <strong>Fizzy<\/strong>, <strong>OBEELAB HHC<\/strong>, <strong>Randm Fumot<\/strong>och <strong>SMPO DL02<\/strong>Vi betj\u00e4nar detaljhandels-kunder \u00f6ver hela Europeiska unionen och s\u00e4kerst\u00e4ller att du f\u00e5r de b\u00e4sta produkterna till konkurrenskraftiga priser med snabb leverans direkt fr\u00e5n v\u00e5rt europeiska vape-lager.<\/p>\n<h3><a href=\"https:\/\/casinovape.de\/sv\/produktkategori\/lavande-engangsvapor\/\">Lavande BM 18000 Puffs <\/a>Detaljerad Produktbeskrivning<\/h3>\n<p>Den <strong>Lavande BM 18000 Puffs<\/strong> \u00e4r en <strong>uppladdningsbar eng\u00e5ngsvapepenna<\/strong> som kombinerar bekv\u00e4mlighet med h\u00f6g prestanda. Utformad med en <strong>6x mesh-spole v\u00e4rme system<\/strong>denna vape levererar en j\u00e4mn, smakfull \u00e5nga med varje puff. <strong>650mAh batteri<\/strong> \u00e4r utformad f\u00f6r optimal effekt, vilket s\u00e4kerst\u00e4ller att du kan njuta av din vape under l\u00e5ng tid utan frekventa uppladdningar. Enheten <strong>24ml f\u00f6rfylld e-v\u00e4tskekapacitet<\/strong> garantier att du f\u00e5r uppleva konsekventa och tillfredsst\u00e4llande moln fr\u00e5n b\u00f6rjan till slut.<\/p>\n<p>En av de utm\u00e4rkande egenskaperna hos Lavande BM 18000 Puffs \u00e4r dess <strong>18 000 puff<\/strong> kapacitet. Detta g\u00f6r den idealisk f\u00f6r dem som f\u00f6redrar en l\u00e5ngvarig vape utan besv\u00e4ret med konstanta ers\u00e4ttningar. Oavsett om du \u00e4r en avslappnad vaper eller n\u00e5gon som njuter av att vape under hela dagen, kommer denna enhet att ge en problemfri upplevelse.<\/p>\n<p>En annan viktig funktion \u00e4r <strong>ritningsaktiverad funktion<\/strong>, vilket inneb\u00e4r att du inte beh\u00f6ver trycka p\u00e5 n\u00e5gra knappar f\u00f6r att b\u00f6rja vapa. Simma inandas bara, s\u00e5 aktiveras enheten automatiskt och levererar j\u00e4mn och smakrik \u00e5nga varje g\u00e5ng. <strong>3,0\u201d Full HD Mega-sk\u00e4rm<\/strong> garanterar en visuellt f\u00f6rb\u00e4ttrad upplevelse, vilket g\u00f6r det enkelt att \u00f6vervaka dina inst\u00e4llningar, batteritid och puffantal. Denna funktionsrika enhet erbjuder ocks\u00e5 <strong>Normal l\u00e4ge<\/strong> och <strong>Turbol\u00e4ge<\/strong>, s\u00e5 att du kan anpassa din vape-upplevelse enligt dina \u00f6nskem\u00e5l.<\/p>\n<p>Den <strong>USB Type-C-laddning<\/strong> kapaciteten s\u00e4kerst\u00e4ller att din enhet laddas snabbt, s\u00e5 att du kan \u00e5terg\u00e5 till att njuta av din vape. Med <strong>Stiltyper<\/strong> B\u00e5de f\u00f6r normal och f\u00f6rst\u00e4rkt prestanda kan anv\u00e4ndare finjustera sin vape-upplevelse f\u00f6r att passa sina specifika smakpreferenser. Oavsett om du vill f\u00f6rl\u00e4nga din vapes livsl\u00e4ngd eller njuta av en extra smakpuff, har denna enhet dig t\u00e4ckt.<\/p>\n<h3>Huvudfunktioner <a href=\"https:\/\/casinovape.de\/sv\/produktkategori\/lavande-engangsvapor\/\">Lavande BM 18000 Puffs<\/a><\/h3>\n<ul>\n<li><strong>F\u00f6rfylld kapacitet<\/strong>: 24ml<\/li>\n<li><strong>Batterikapacitet<\/strong>: 650mAh f\u00f6r ut\u00f6kat bruk<\/li>\n<li><strong>Max Puffs<\/strong>: 18000 puffar, ger l\u00e5ngvarig vaping njutning<\/li>\n<li><strong>Operation<\/strong>: Aktiveras genom att ritas f\u00f6r enkel anv\u00e4ndning<\/li>\n<li><strong>V\u00e4rmeelement<\/strong>: 6x Mesh-spolar f\u00f6r optimal smak och j\u00e4mn \u00e5nga<\/li>\n<li><strong>Bildsk\u00e4rm<\/strong>: 3,0\u2033 Full HD Mega-sk\u00e4rm f\u00f6r b\u00e4ttre synlighet och kontroll<\/li>\n<li><strong>Laddningstyp<\/strong>: USB Type-C f\u00f6r snabb laddning<\/li>\n<li><strong>Stiltyper<\/strong>: Normal l\u00e4ge och Boost-l\u00e4ge f\u00f6r en anpassningsbar upplevelse<\/li>\n<li><strong>Visningskontrollinst\u00e4llningar<\/strong>: Justera inst\u00e4llningar enkelt med anv\u00e4ndarv\u00e4nliga kommandon<\/li>\n<\/ul>\n<h3>Varf\u00f6r Du B\u00f6r K\u00f6pa Den <a href=\"https:\/\/casinovape.de\/sv\/produktkategori\/lavande-engangsvapor\/\">Lavande BM 18000 Puffs<\/a><\/h3>\n<ol>\n<li><strong>L\u00e5ngvariga Puffar<\/strong>Med 18 000 bloss per enhet s\u00e4kerst\u00e4ller Lavande BM att du inte beh\u00f6ver oroa dig f\u00f6r frekventa ers\u00e4ttningar. Njut av en problemfri vapingupplevelse som kan vara i dagar eller till och med veckor, beroende p\u00e5 din anv\u00e4ndning.<\/li>\n<li><strong>\u00d6verl\u00e4gsen smak och \u00e5ngkvalitet<\/strong>: Det avancerade 6x mesh-spolv\u00e4rme-systemet f\u00f6rb\u00e4ttrar smakleveransen och s\u00e4kerst\u00e4ller j\u00e4mna och smakrika moln vid varje andetag. Oavsett om du f\u00f6redrar fruktiga, isiga eller mentolhaltiga smaker, kommer Lavande BM 18000 Puffs att imponera med sin konsistens och j\u00e4mnhet.<\/li>\n<li><strong>Bekv\u00e4m och anv\u00e4ndarv\u00e4nlig<\/strong>: Med dragaktiverad funktion beh\u00f6ver du inte trycka p\u00e5 n\u00e5gra knappar f\u00f6r att b\u00f6rja vapa. Suvera in, s\u00e5 \u00e4r du redo att g\u00e5. Det \u00e4r perfekt f\u00f6r b\u00e5de nyb\u00f6rjare och erfarna vapers som v\u00e4rdes\u00e4tter enkelhet.<\/li>\n<li><strong>Uppladdningsbart f\u00f6r h\u00e5llbarhet<\/strong>: Till skillnad fr\u00e5n traditionella eng\u00e5ngsvape som beh\u00f6ver bytas ut efter ett visst antal bloss, \u00e4r Lavande BM 18000 Puffs uppladdningsbar, vilket g\u00f6r att du kan forts\u00e4tta njuta av din vape utan on\u00f6dig avfall.<\/li>\n<li><strong>Snabbladdning<\/strong>Med <strong>USB Type-C<\/strong> Laddning, enheten laddas snabbt, vilket s\u00e4kerst\u00e4ller minimalt stillest\u00e5nd och mer tid f\u00f6r dig att njuta av din vape.<\/li>\n<li><strong>Snygg och modern design<\/strong>: Lavande BM 18000 Puffs kombinerar funktionalitet med estetik och erbjuder en snygg, b\u00e4rbar och diskret design som du kan ta med dig \u00f6verallt.<\/li>\n<\/ol>\n<p><img loading=\"lazy\" decoding=\"async\" class=\"alignnone wp-image-3532 size-full\" src=\"https:\/\/casinovape.de\/wp-content\/uploads\/2024\/11\/Lavande-BM18000\uff083\uff09-scaled.webp\" alt=\"Europeiskt lager Lavande BM18000 Puffs L\u00e5g nikotin K\u00f6p Original \u00c4kta Uppfyllningsbar Eng\u00e5ngs Vape Pen\" width=\"759\" height=\"2560\" srcset=\"https:\/\/casinovape.de\/wp-content\/uploads\/2024\/11\/Lavande-BM18000\uff083\uff09-scaled.webp 759w, https:\/\/casinovape.de\/wp-content\/uploads\/2024\/11\/Lavande-BM18000\uff083\uff09-89x300.webp 89w, https:\/\/casinovape.de\/wp-content\/uploads\/2024\/11\/Lavande-BM18000\uff083\uff09-455x1536.webp 455w, https:\/\/casinovape.de\/wp-content\/uploads\/2024\/11\/Lavande-BM18000\uff083\uff09-607x2048.webp 607w, https:\/\/casinovape.de\/wp-content\/uploads\/2024\/11\/Lavande-BM18000\uff083\uff09-4x12.webp 4w, https:\/\/casinovape.de\/wp-content\/uploads\/2024\/11\/Lavande-BM18000\uff083\uff09-600x2025.webp 600w\" sizes=\"auto, (max-width: 759px) 100vw, 759px\" \/><\/p>\n<h3>B\u00e4sta smaker f\u00f6r Lavande BM 18000 Puffs<\/h3>\n<p>Lavande BM 18000 Puffs erbjuder en m\u00e4ngd sp\u00e4nnande och uppfriskande smaker f\u00f6r att tillgodose varje smakpreferens. Oavsett om du \u00e4lskar fruktiga, menthol eller godisinspirerade smaker, har Lavande n\u00e5got f\u00f6r alla. H\u00e4r \u00e4r en detaljerad lista \u00f6ver de b\u00e4sta smakerna som s\u00e4kerligen kommer att h\u00f6ja din vape-upplevelse:<\/p>\n<ol>\n<li><strong>Vattenmelon Hallon<\/strong> En s\u00f6t, saftig blandning av mogen vattenmelon och syrlig hallon. Denna uppfriskande blandning \u00e4r perfekt f\u00f6r dem som njuter av en fruktig explosion med varje puff.<\/li>\n<li><strong>Vattenmelon Glass<\/strong> \u2013 En cool och krispig vattenmelonsmak i kombination med en uppfriskande isfinish. Det \u00e4r som att bita i en saftig vattenmelon en varm sommardag.<\/li>\n<li><strong>Rainbow Skittz<\/strong> En underbar blandning av godisinspirerade smaker. S\u00f6t, syrlig och f\u00e4rgrik, denna \u00e4r f\u00f6r de som \u00e4lskar smaken av godis i vapeform.<\/li>\n<li><strong>Ananas Glass<\/strong> \u2013 En tropisk njutning med perfekt balans mellan s\u00f6t ananas och en kylig mentolefinish. Den isiga k\u00e4nslan kompletterar fruktens s\u00f6tma vackert.<\/li>\n<li><strong>Jordgubbssorbet<\/strong> \u2013 En j\u00e4mn och s\u00f6t jordgubbs smak med en uppfriskande isig touch. Detta \u00e4r en perfekt vape f\u00f6r de som njuter av fruktiga, coola smaker.<\/li>\n<li><strong>Persika Glass<\/strong> \u2013 Den saftiga, s\u00f6ta smaken av mogna persikor m\u00f6ter en cool mentoleffekt, vilket skapar en smak som b\u00e5de \u00e4r uppfriskande och tillfredsst\u00e4llande.<\/li>\n<li><strong>Herr Bl\u00e5<\/strong> \u2013 En dj\u00e4rv blandning av bl\u00e5 hallon och andra b\u00e4rsmaker. Denna \u00e4r en favorit bland fans f\u00f6r dem som \u00e4lskar en syrlig, s\u00f6t vape.<\/li>\n<li><strong>Mango Glass \n Mango is translated as Mango in Swedish and Ice as glass.<\/strong> \u2013 En tropisk mangosmaka med en sval, isig finish. Denna smak \u00e4r perfekt f\u00f6r alla som njuter av en fruktig vape med en extra kyla.<\/li>\n<li><strong>Mango Drakonfrukt<\/strong> En tropisk fusion av s\u00f6t mango och exotisk drakfrukt. Denna kombination \u00e4r b\u00e5de fruktig och uppfriskande, med en touch av s\u00f6tma.<\/li>\n<li><strong>K\u00e4rlek 66<\/strong> En hemlig och mystisk smakblandning som erbjuder en kombination av s\u00f6t, syrlig och l\u00e4tt kr\u00e4mig ton. Det \u00e4r en smak som kommer att h\u00e5lla dig i sp\u00e4nning.<\/li>\n<li><strong>Citron Mint<\/strong> \u2013 En kryddig citron i kombination med f\u00e4rsk mint, som erbjuder en skarp men sval smak som b\u00e5de \u00e4r uppfriskande och energigivande.<\/li>\n<li><strong>Vinsylt Mint<\/strong> \u2013 S\u00f6ta, saftiga druvor med en krispig mintfinish. Det \u00e4r en perfekt balans mellan fruktigt och mintigt som kommer att locka dina smakl\u00f6kar.<\/li>\n<li><strong>Dubbel Druva<\/strong> \u2013 En rik, djup vindruvs smak som \u00e4r s\u00f6t, dj\u00e4rv och helt tillfredsst\u00e4llande. Dubbeldosen vindruva g\u00f6r detta till en topptier-smak.<\/li>\n<li><strong>Dubbel \u00c4pple<\/strong> \u2013 En s\u00f6t och krispig \u00e4ppelsmak med en dubbel st\u00f6t av intensitet. Detta \u00e4r ett bra val f\u00f6r de som \u00e4lskar smaken av f\u00e4rska \u00e4pplen.<\/li>\n<li><strong>Tuggig Vattenmelon<\/strong> En vattenmelonssmak som \u00e4r b\u00e5de s\u00f6t och tuggig, p\u00e5minnande om klassisk vattenmeloncandy. Det \u00e4r en nostalgisk smak som s\u00e4kerligen kommer att gl\u00e4dja.<\/li>\n<li><strong>Bl\u00e5b\u00e4r Mint<\/strong> \u2013 En blandning av s\u00f6t frukt med en sval mintig finish. Detta \u00e4r en uppfriskande, fruktig mintsmak som \u00e4r perfekt f\u00f6r hela dagen.<\/li>\n<li><strong>Svarta vinb\u00e4rsgel\u00e9<\/strong> \u2013 Rik och syrlig svartvinb\u00e4rs smak kombinerad med en isig finish. Detta \u00e4r ett idealiskt val f\u00f6r de som njuter av rika, syrliga smaker med en menthol tonvikten.<\/li>\n<li><strong>Bl\u00e5b\u00e4rsis<\/strong> \u2013 En j\u00e4mn bl\u00e5b\u00e4rs smak med en isig menthol finish. Den \u00e4r fruktig, kall och perfekt f\u00f6r dem som njuter av s\u00f6t b\u00e4rsma.<\/li>\n<li><strong>Bl\u00e5b\u00e4rsmynta<\/strong> \u2013 Den perfekta kombinationen av s\u00f6ta bl\u00e5b\u00e4r och uppfriskande mynta. Det \u00e4r en tillfredsst\u00e4llande smak som \u00e4r b\u00e5de fruktig och sval.<\/li>\n<li><strong>Tuggummi Mint<\/strong> \u2013 En s\u00f6t, tuggig mintsmak som \u00e4r uppfriskande och lugnande. Det \u00e4r ett bra val f\u00f6r de som vill ha en sval men j\u00e4mn vapeupplevelse.<\/li>\n<\/ol>\n<h3>Varf\u00f6r v\u00e4lja <a href=\"https:\/\/casinovape.de\/sv\/\">Casinovape<\/a> F\u00f6r dina eng\u00e5ngsbehov av vape?<\/h3>\n<p>P\u00e5 <strong>Casinovape<\/strong>, vi erbjuder h\u00f6gkvalitativa eng\u00e5ngsvape-produkter som t.ex. <strong>Lavande BM 18000 Puffs<\/strong> utan n\u00e5gon minimikvantitet, fr\u00e5n endast <strong>1 stycke<\/strong>V\u00e5ra produkter skickas fr\u00e5n v\u00e5r <strong>Europeiska Vape Lager<\/strong>, vilket s\u00e4kerst\u00e4ller snabb leverans inom <strong>3-7 dagar<\/strong> till kunder \u00f6ver hela EU. Oavsett om du \u00e4r en enskild vaper eller en del av en detaljhandelsgrupp, erbjuder vi de b\u00e4sta priserna och f\u00f6rstklassig kundservice.<\/p>\n<p>V\u00e4lj <a href=\"https:\/\/casinovape.de\/sv\/\"><strong>Casinovape<\/strong><\/a> f\u00f6r en exceptionell shoppingupplevelse och tillg\u00e5ng till premium eng\u00e5ngs vape-pennor som passar dina behov. Utforska v\u00e5r samling och uppt\u00e4ck de b\u00e4sta eng\u00e5ngs vapes som finns tillg\u00e4ngliga p\u00e5 marknaden idag.<\/p>","protected":false},"excerpt":{"rendered":"<div class=\"flex-shrink-0 flex flex-col relative items-end\">\n<div>\n<div class=\"pt-0\">\n<div class=\"gizmo-shadow-stroke flex h-8 w-8 items-center justify-center overflow-hidden rounded-full\">\n<div class=\"h-full w-full\">\n<div class=\"gizmo-shadow-stroke overflow-hidden rounded-full\"><span style=\"color: #555555;\">Uppt\u00e4ck<strong> Lavande BM18000 Puffs<\/strong>?F\u00f6rbrukningsbar Vape, erbjuder l\u00e5ngvarig prestanda, premiumsmaker och ett uppladdningsbart design. Handla nu p\u00e5 Casinovape f\u00f6r snabb EU-leverans fr\u00e5n v\u00e5rt europeiska Vape-lager.<\/span><\/div>\n<\/div>\n<\/div>\n<\/div>\n<\/div>\n<\/div>","protected":false},"featured_media":3538,"comment_status":"open","ping_status":"closed","template":"","meta":[],"product_brand":[],"product_cat":[35,78,79,81,84,86,88,90,91,94,95,96,98,99,65,66,67,68,69,70,71,72,73,74,75,76,77,57,102,45,48,50,52,54],"product_tag":[],"class_list":{"0":"post-4263","1":"product","2":"type-product","3":"status-publish","4":"has-post-thumbnail","6":"product_cat-lavande-disposable-vapes","7":"product_cat-buy-best-disposable-vape-flavors","8":"product_cat-apple-flavor-disposable-vapes","9":"product_cat-blueberry-flavor-disposable-vapes","10":"product_cat-grape-flavor-disposable-vapes","11":"product_cat-ice-flavor-disposable-vapes","12":"product_cat-lemon-flavor-disposable-vapes","13":"product_cat-mango-flavor-disposable-vapes","14":"product_cat-mint-flavor-disposable-vapes","15":"product_cat-peach-flavor-disposable-vapes","16":"product_cat-pineapple-flavor-disposable-vapes","17":"product_cat-raspberry-flavor-disposable-vapes","18":"product_cat-strawberry-flavor-disposable-vapes","19":"product_cat-watermelon-flavor-disposable-vapes","20":"product_cat-best-disposable-vape-in-europe","21":"product_cat-buy-disposable-vapes-in-austria","22":"product_cat-buy-disposable-vapes-in-belgium","23":"product_cat-buy-disposable-vapes-in-france","24":"product_cat-buy-disposable-vapes-in-germany","25":"product_cat-buy-disposable-vapes-in-italy","26":"product_cat-buy-disposable-vapes-in-netherlands","27":"product_cat-buy-disposable-vapes-in-norway","28":"product_cat-buy-disposable-vapes-in-poland","29":"product_cat-buy-disposable-vapes-in-portugal","30":"product_cat-buy-disposable-vapes-in-spain","31":"product_cat-buy-disposable-vapes-in-sweden","32":"product_cat-buy-disposable-vapes-in-switzerland","33":"product_cat-shop-disposable-vapes-by-puffs","34":"product_cat-18000-puff-disposable-vape","35":"product_cat-disposable-vape-types","36":"product_cat-big-puffs-disposable-vapes","37":"product_cat-digital-box-disposable-vapes","38":"product_cat-lower-nicotine-disposable-vapes","39":"product_cat-rechargeable-disposable-vapes","41":"first","42":"outofstock","43":"shipping-taxable","44":"product-type-variable"},"jetpack_sharing_enabled":true,"_links":{"self":[{"href":"https:\/\/casinovape.de\/sv\/wp-json\/wp\/v2\/product\/4263","targetHints":{"allow":["GET"]}}],"collection":[{"href":"https:\/\/casinovape.de\/sv\/wp-json\/wp\/v2\/product"}],"about":[{"href":"https:\/\/casinovape.de\/sv\/wp-json\/wp\/v2\/types\/product"}],"replies":[{"embeddable":true,"href":"https:\/\/casinovape.de\/sv\/wp-json\/wp\/v2\/comments?post=4263"}],"wp:featuredmedia":[{"embeddable":true,"href":"https:\/\/casinovape.de\/sv\/wp-json\/wp\/v2\/media\/3538"}],"wp:attachment":[{"href":"https:\/\/casinovape.de\/sv\/wp-json\/wp\/v2\/media?parent=4263"}],"wp:term":[{"taxonomy":"product_brand","embeddable":true,"href":"https:\/\/casinovape.de\/sv\/wp-json\/wp\/v2\/product_brand?post=4263"},{"taxonomy":"product_cat","embeddable":true,"href":"https:\/\/casinovape.de\/sv\/wp-json\/wp\/v2\/product_cat?post=4263"},{"taxonomy":"product_tag","embeddable":true,"href":"https:\/\/casinovape.de\/sv\/wp-json\/wp\/v2\/product_tag?post=4263"}],"curies":[{"name":"wp","href":"https:\/\/api.w.org\/{rel}","templated":true}]}}