{"id":4262,"date":"2024-11-27T12:51:52","date_gmt":"2024-11-27T12:51:52","guid":{"rendered":"https:\/\/casinovape.de\/?post_type=product&#038;p=4262"},"modified":"2025-06-29T07:22:48","modified_gmt":"2025-06-29T07:22:48","slug":"europeiskt-lager-sista-karleken-20000-puffar-lag-nikotinhalt-kop-original-autentisk-uppladdningsbar-engangspenna","status":"publish","type":"product","link":"https:\/\/casinovape.de\/sv\/produkt\/europeiskt-lager-sista-karleken-20000-puffar-lag-nikotinhalt-kop-original-autentisk-uppladdningsbar-engangspenna\/","title":{"rendered":"Europeiskt lager Sista K\u00e4rlek 20000 Puffs L\u00e5g Nikotin K\u00f6p Original Autentisk \u00c5teranv\u00e4ndbar DTL F\u00f6rbrukningsbar Vapes Pen"},"content":{"rendered":"<h2><a href=\"https:\/\/casinovape.de\/sv\/produktkategori\/sista-karlek-engangsvapes\/\">Sista k\u00e4rleken<\/a> 20000 Puffs Rechargeable Disposable Vape Kit: En Spelv\u00e4xlare i Vapingupplevelse<\/h2>\n<p>LastLove \u00e4r stolt \u00f6ver att vara f\u00f6rstegenerationsfabriken f\u00f6r<a href=\"https:\/\/casinovape.de\/sv\/produktkategori\/al-fakher-engangsvapor\/\"> <strong>Al Fakher<\/strong><\/a>, ett av de mest v\u00e4lk\u00e4nda namnen i v\u00e4rlden av vaping- och shishaprodukter. Med \u00e5rs erfarenhet och dedikation till kvalitet kombinerar LastLove det tillf\u00f6rlitliga arvet fr\u00e5n Al Fakher med banbrytande innovation f\u00f6r att skapa produkter som h\u00f6jer vape-upplevelsen till nya h\u00f6jder. Deras engagemang f\u00f6r excellens \u00e5terspeglas i varje produkt, fr\u00e5n design till prestanda, och s\u00e4kerst\u00e4ller att varje puff levererar en of\u00f6rgl\u00f6mlig sensation.<\/p>\n<h4>Nu presenterar vi <strong>Last Love 20000 Puffs Rechargeable Disposable Vape Kit (EURO2024) \nbecomes \n\nLast Love 20000 Puffs Rechargeable Disposable Vape Kit (EURO2024)<\/strong>\u2014en spelomvandlare inom vaping.<\/h4>\n<p>Den <strong>Last Love 20000 Puffs Rechargeable Disposable Vape Kit \nbecomes \n\nLast Love 20000 Puffs Rechargeable Disposable Vape Kit<\/strong> (EURO2024) \u00e4r utformad f\u00f6r att ge en o\u00f6vertr\u00e4ffad vape-upplevelse. Med sin eleganta design, h\u00f6gkvalitativa utf\u00f6rande och ett imponerande antal puffs p\u00e5 20 000, \u00e4r detta ett enast\u00e5ende alternativ f\u00f6r alla vapers som s\u00f6ker b\u00e5de prestanda och bekv\u00e4mlighet. Oavsett om du \u00e4r en nyb\u00f6rjare eller en erfaren entusiast, \u00e4r detta disponibla vape-kit konstruerat f\u00f6r att leverera konsekventa och smakrika hits med varje puff. Det som skiljer detta vape-kit fr\u00e5n andra \u00e4r dess uppladdningsbara funktion, som m\u00f6jligg\u00f6r att du kan njuta av den sista droppen e-v\u00e4tska utan sl\u00f6seri. S\u00e4g farv\u00e4l till frustration och v\u00e4lkommen till en \u00f6verl\u00e4gsen vape-upplevelse!<\/p>\n<h3><a href=\"https:\/\/casinovape.de\/sv\/produktkategori\/sista-karlek-engangsvapes\/\">Sista k\u00e4rleken<\/a> 20000 Puffs? Produkt\u00f6versikt<\/h3>\n<p>Den <strong>Last Love 20000 Puffs Rechargeable Disposable Vape Kit \nbecomes \n\nLast Love 20000 Puffs Rechargeable Disposable Vape Kit<\/strong> \u00e4r den perfekta kombinationen av l\u00e5ngvarig prestanda och modern teknik. Denna fotbolls-tema begr\u00e4nsade utg\u00e5van \u00e4r inte bara estetiskt tilltalande, den \u00e4r \u00e4ven utrustad med funktioner som tillgodoser behoven hos alla vapers. Den <strong>EURO2024<\/strong> utg\u00e5van betonar den festliga st\u00e4mningen i fotbollsv\u00e4rlden och erbjuder ett unikt design tillsammans med \u00f6verl\u00e4gsen funktionalitet.<\/p>\n<p>Denna vape-kit erbjuder <strong>22ml e-v\u00e4tska<\/strong> med en 2% nikotinstyrka (20mg), vilket l\u00e5ter dig njuta upp till <strong>20 000 bloss \n(Or  could also be translated as  20.000 bloss )<\/strong> av rik, fyllig smak. Den inbyggda <strong>0,6 Mesh Coil<\/strong> s\u00e4kerst\u00e4ller att varje puff \u00e4r j\u00e4mn och konsekvent, medan den <strong>800mAh integrerad uppladdningsbar batteri<\/strong> erbjuder gott om kraft f\u00f6r l\u00e5ngvariga sessioner. En praktisk <strong>batteri- och v\u00e4tskeniv\u00e5display<\/strong> s\u00e5 att du alltid \u00e4r medveten om din vapes status, s\u00e5 att du kan ladda eller fylla p\u00e5 vid r\u00e4tt tidpunkt.<\/p>\n<p>Vad som verkligen g\u00f6r denna enhet unik \u00e4r dess <strong>uppladdningsbar port<\/strong> placerad i botten av enheten. Denna funktion garanterar att du kan t\u00f6mma varje sista droppe e-v\u00e4tska, maximera v\u00e4rdet p\u00e5 ditt k\u00f6p och minska avfall. Med <strong>12 sp\u00e4nnande smaker<\/strong> att v\u00e4lja mellan, finns det n\u00e5got f\u00f6r alla i denna omfattande samling.<\/p>\n<h3><a href=\"https:\/\/casinovape.de\/sv\/produktkategori\/sista-karlek-engangsvapes\/\">Sista k\u00e4rleken<\/a> 20 000 Puffs Viktiga Funktioner<\/h3>\n<ul>\n<li><strong>20000 Puffs<\/strong>: Njut av en ut\u00f6kad vaping-upplevelse med upp till 20 000 bloss per enhet, vilket g\u00f6r detta till en av de mest l\u00e5ngvariga eng\u00e5ngsvapearna p\u00e5 marknaden.<\/li>\n<li><strong>22ml E-v\u00e4tskekapacitet<\/strong>: Den stora e-v\u00e4tsketanken s\u00e4kerst\u00e4ller l\u00e4ngre vaping-sessioner utan behov av frekventa p\u00e5fyllningar.<\/li>\n<li><strong>Uppladdningsbar design<\/strong>: Kommer med en uppladdningsbar port, s\u00e5 att du kan f\u00e5 ut det mesta av varje vape genom att helt t\u00f6mma e-v\u00e4tskan i tanken.<\/li>\n<li><strong>Integrerad 800mAh batteri<\/strong>: Den h\u00f6gkapacitiva batteriet s\u00e4kerst\u00e4ller att vape-kitet varar l\u00e4ngre, medan det uppladdningsbara designen eliminerar behovet av konstanta ers\u00e4ttningar.<\/li>\n<li><strong>Mesh Coil-teknik<\/strong>: 0,6 mesh-spolen s\u00e4kerst\u00e4ller att \u00e5ngan \u00e4r j\u00e4mn och smakfull, vilket f\u00f6rb\u00e4ttrar den totala vape-upplevelsen.<\/li>\n<li><strong>Batteri- och v\u00e4tskeniv\u00e5display<\/strong>: H\u00e5ll dig informerad med realtids\u00f6vervakning av batteriets livsl\u00e4ngd och e-v\u00e4tskeniv\u00e5, s\u00e5 att du aldrig tar slut ov\u00e4ntat.<\/li>\n<li><strong>12 Smaker att V\u00e4lja Bland<\/strong>: En varierad smakpalett som tillgodoser olika preferenser, fr\u00e5n fruktiga och mentolhaltiga till unika blandningar.<\/li>\n<\/ul>\n<h3>Varf\u00f6r Du B\u00f6r V\u00e4lja<a href=\"https:\/\/casinovape.de\/sv\/produktkategori\/sista-karlek-engangsvapes\/\"> Sista k\u00e4rleken<\/a> 20000 Puffs Upp laddningsbar eng\u00e5ngsvape Kit<\/h3>\n<p>Om du letar efter en vaping-apparat som kombinerar bekv\u00e4mlighet, l\u00e5ngvarighet och smak, s\u00e5 leta inte l\u00e4ngre \u00e4n <strong>Last Love 20000 Puffs Rechargeable Disposable Vape Kit \nbecomes \n\nLast Love 20000 Puffs Rechargeable Disposable Vape Kit<\/strong>Oavsett om du \u00e4r nyb\u00f6rjare eller en erfaren anv\u00e4ndare, kommer denna enhet att g\u00f6ra din vape-upplevelse till en minnesv\u00e4rd s\u00e5dan. Dess <strong>stor puffantal<\/strong> betyder att du kan njuta av ut\u00f6kade vaping-sessioner, vilket g\u00f6r det till ett perfekt alternativ f\u00f6r dem som f\u00f6redrar en l\u00e5ngvarig disponibel vape. The <strong>uppladdningsbar funktion<\/strong> s\u00e5 att du f\u00e5r ut det mesta av din enhet, och sortimentet av smaker inneb\u00e4r att det finns n\u00e5got f\u00f6r alla.<\/p>\n<p>Genom att k\u00f6pa fr\u00e5n <strong>Casinovape<\/strong>, den st\u00f6rsta online-returplattformen f\u00f6r eng\u00e5ngsvape-produkter i Tyskland, garanterar du den b\u00e4sta kundservicen och snabba leveranser. V\u00e5r <strong>Europeiska Vape Lager<\/strong> garanterar att dina produkter anl\u00e4nder inom <strong>3-7 dagar<\/strong>, vilket ger dig bekv\u00e4mligheten med snabb leverans utan v\u00e4ntetid. Dessutom, med ingen minim kvantitet f\u00f6r best\u00e4llning, kan du k\u00f6pa s\u00e5 lite som en enda enhet, vare sig du \u00e4r en avslappnad vaper eller en del av en st\u00f6rre detaljhandelsgrupp.<\/p>\n<p><img loading=\"lazy\" decoding=\"async\" class=\"alignnone wp-image-3423 size-full\" src=\"https:\/\/casinovape.de\/wp-content\/uploads\/2024\/11\/last-love.webp\" alt=\"Europeiskt lager Sista K\u00e4rlek 20000 Puffs L\u00e5g Nikotin K\u00f6p Ursprunglig Autentisk \u00c5teranv\u00e4ndbar Eng\u00e5ngs Vape Pen\" width=\"600\" height=\"599\" srcset=\"https:\/\/casinovape.de\/wp-content\/uploads\/2024\/11\/last-love.webp 600w, https:\/\/casinovape.de\/wp-content\/uploads\/2024\/11\/last-love-300x300.webp 300w, https:\/\/casinovape.de\/wp-content\/uploads\/2024\/11\/last-love-150x150.webp 150w, https:\/\/casinovape.de\/wp-content\/uploads\/2024\/11\/last-love-12x12.webp 12w, https:\/\/casinovape.de\/wp-content\/uploads\/2024\/11\/last-love-100x100.webp 100w\" sizes=\"auto, (max-width: 600px) 100vw, 600px\" \/><\/p>\n<h3>En Omfattande Smakupplevelse: 12 Smaker f\u00f6r att Tillfredsst\u00e4lla Varje Smakl\u00f6kar<\/h3>\n<p>Den <strong>Last Love 20000 Puffs Rechargeable Disposable Vape Kit \nbecomes \n\nLast Love 20000 Puffs Rechargeable Disposable Vape Kit<\/strong> erbjuder en stor variation av <strong>12 distinkta smaker<\/strong>, alla utformade f\u00f6r att tillgodose olika smakpreferenser. Oavsett om du \u00e4r p\u00e5 hum\u00f6r f\u00f6r n\u00e5got fruktigt, mintigt eller en unik kombination av smaker, har denna vape-kit allt. Nedan f\u00f6ljer en detaljerad beskrivning av varje tillg\u00e4nglig smak:<\/p>\n<ol>\n<li><strong>Svartvinb\u00e4r<\/strong>En djup och rik b\u00e4rsmak, som erbjuder en j\u00e4mn och syrlig k\u00e4nsla som kommer att tilltala dem som \u00e4lskar fruktiga och syrliga profiler.<\/li>\n<li><strong>Bl\u00e5b\u00e4r<\/strong>En klassisk smak, som perfekt f\u00e5ngar den s\u00f6ta, saftiga och lite syrliga smaken av mogna bl\u00e5b\u00e4r. Ideal f\u00f6r \u00e4lskare av friska fruktsmaker.<\/li>\n<li><strong>Vinsylt Mint<\/strong>En uppfriskande blandning av s\u00f6t, mogen vindruva med en sval mintig finish. Denna smak ger en perfekt balans mellan fruktig s\u00f6tma och mentol fr\u00e4schhet.<\/li>\n<li><strong>Tuggummi Mint<\/strong>En nostalgisk och uppfriskande smak som blandar gummins klassiska s\u00f6tma med en fr\u00e4sch mintkyla, vilket g\u00f6r den perfekt f\u00f6r en hel dags vape.<\/li>\n<li><strong>Citron Mint<\/strong>En citrusaktig och sval blandning av syrlig citron med den uppfriskande kyla av mint, som erbjuder en upplyftande och energigivande smakupplevelse.<\/li>\n<li><strong>Lush Ice<\/strong>En tropisk fruktblandning med en kraftfull mentoleffekt. Denna smak levererar smaken av saftiga meloner och en uppfriskande bris i varje puff.<\/li>\n<li><strong>Magisk k\u00e4rlek<\/strong>En s\u00f6t och mystisk blandning av fruktiga smaker, som kombinerar exotiska frukter f\u00f6r att skapa en verkligt magisk vape-upplevelse.<\/li>\n<li><strong>Mango Glass \n Mango is translated as Mango in Swedish and Ice as glass.<\/strong>S\u00f6t, tropisk mangosmaka kombinerad med en kylig menthol undertone. Denna smak \u00e4r perfekt f\u00f6r dem som \u00e4lskar fruktiga och uppfriskande toner med en isig finish.<\/li>\n<li><strong>mungb\u00f6nsorbet<\/strong>En intressant smakblandning med en mjuk, jordn\u00e4ra smak av mungb\u00f6nor, kompletterad av en sval, isig utandning. Ett unikt alternativ f\u00f6r \u00e4ventyrslystna vapers.<\/li>\n<li><strong>Persika Glass<\/strong>En saftig och saftig persika smak som ger en s\u00f6t och naturlig smak med en sval menthol ton. Ideal f\u00f6r dem som \u00e4lskar fruktiga, iskalla vape'er.<\/li>\n<li><strong>jordgubbe<\/strong>S\u00f6ta och mogna jordgubbar f\u00e5r liv i denna smak, vilket ger en l\u00e4cker fr\u00e4sch, b\u00e4rrik upplevelse med en naturlig s\u00f6tma.<\/li>\n<li><strong>Tv\u00e5 \u00c4pplen<\/strong>En knasig och syrlig blandning av tv\u00e5 \u00e4ppelsorter, som ger en perfekt balanserad s\u00f6t och sur profil. Ett uppfriskande val f\u00f6r \u00e4ppel\u00e4lskare.<\/li>\n<\/ol>\n<h3>Varf\u00f6r k\u00f6pa fr\u00e5n <a href=\"https:\/\/casinovape.de\/sv\/\">Casinovape<\/a>?<\/h3>\n<p>P\u00e5 <strong>Casinovape<\/strong>Vi \u00e4r fast beslutna att tillhandah\u00e5lla v\u00e5ra kunder endast de b\u00e4sta eng\u00e5ngsvape-produkterna. Med v\u00e5r <a href=\"https:\/\/casinovape.de\/sv\/\"><strong>Europeiska Vape Lager<\/strong><\/a>, kan du f\u00f6rv\u00e4nta dig snabb och tillf\u00f6rlitlig leverans inom <strong>3-7 dagar<\/strong>. V\u00e5r omfattande samling inkluderar popul\u00e4ra m\u00e4rken som <strong>Al Fakher<\/strong>, <strong>Fizzy<\/strong>, <strong>OBEELAB HHC<\/strong>, <strong>Randm Fumot<\/strong>och <strong>SMPO DL02<\/strong>, vilket s\u00e4kerst\u00e4ller att du f\u00e5r de b\u00e4sta produkterna som finns p\u00e5 marknaden. Och den b\u00e4sta delen? Vi erbjuder flexibla k\u00f6palternativ, utan krav p\u00e5 minsta best\u00e4llningskvantitet - perfekt f\u00f6r b\u00e5de enskilda k\u00f6pare och detaljhandelsgrupper.<\/p>\n<p>Oavsett om du beh\u00f6ver en <strong>uppladdningsbar eng\u00e5ngsvapepenna<\/strong>eller letar efter en enhet med en imponerande puffantal, <a href=\"https:\/\/casinovape.de\/sv\/\"><strong>Casinovape<\/strong><\/a> \u00e4r din go-to-destination. <strong>Best\u00e4ll nu<\/strong> att uppleva det b\u00e4sta i kvalitet, smak och bekv\u00e4mlighet!<\/p>","protected":false},"excerpt":{"rendered":"<p>Uppt\u00e4ck <strong>Last Love 20000 Puffs Rechargeable Disposable Vape Kit \nbecomes \n\nLast Love 20000 Puffs Rechargeable Disposable Vape Kit<\/strong> med 12 premiumsmaker, 20 000 bloss, och en uppladdningsbar design. Snabb leverans fr\u00e5n v\u00e5r <strong>Europeiska Vape Lager<\/strong>K\u00f6p nu p\u00e5 <strong>Casinovape<\/strong> f\u00f6r den b\u00e4sta vape-upplevelsen!<\/p>","protected":false},"featured_media":3423,"comment_status":"open","ping_status":"closed","template":"","meta":[],"product_brand":[],"product_cat":[34,78,79,81,84,86,88,89,90,91,94,98,65,66,67,68,69,70,71,72,73,74,75,76,77,57,45],"product_tag":[],"class_list":{"0":"post-4262","1":"product","2":"type-product","3":"status-publish","4":"has-post-thumbnail","6":"product_cat-last-love-disposable-vapes","7":"product_cat-buy-best-disposable-vape-flavors","8":"product_cat-apple-flavor-disposable-vapes","9":"product_cat-blueberry-flavor-disposable-vapes","10":"product_cat-grape-flavor-disposable-vapes","11":"product_cat-ice-flavor-disposable-vapes","12":"product_cat-lemon-flavor-disposable-vapes","13":"product_cat-lush-flavor-disposable-vapes","14":"product_cat-mango-flavor-disposable-vapes","15":"product_cat-mint-flavor-disposable-vapes","16":"product_cat-peach-flavor-disposable-vapes","17":"product_cat-strawberry-flavor-disposable-vapes","18":"product_cat-best-disposable-vape-in-europe","19":"product_cat-buy-disposable-vapes-in-austria","20":"product_cat-buy-disposable-vapes-in-belgium","21":"product_cat-buy-disposable-vapes-in-france","22":"product_cat-buy-disposable-vapes-in-germany","23":"product_cat-buy-disposable-vapes-in-italy","24":"product_cat-buy-disposable-vapes-in-netherlands","25":"product_cat-buy-disposable-vapes-in-norway","26":"product_cat-buy-disposable-vapes-in-poland","27":"product_cat-buy-disposable-vapes-in-portugal","28":"product_cat-buy-disposable-vapes-in-spain","29":"product_cat-buy-disposable-vapes-in-sweden","30":"product_cat-buy-disposable-vapes-in-switzerland","31":"product_cat-shop-disposable-vapes-by-puffs","32":"product_cat-disposable-vape-types","34":"first","35":"outofstock","36":"shipping-taxable","37":"product-type-variable"},"jetpack_sharing_enabled":true,"_links":{"self":[{"href":"https:\/\/casinovape.de\/sv\/wp-json\/wp\/v2\/product\/4262","targetHints":{"allow":["GET"]}}],"collection":[{"href":"https:\/\/casinovape.de\/sv\/wp-json\/wp\/v2\/product"}],"about":[{"href":"https:\/\/casinovape.de\/sv\/wp-json\/wp\/v2\/types\/product"}],"replies":[{"embeddable":true,"href":"https:\/\/casinovape.de\/sv\/wp-json\/wp\/v2\/comments?post=4262"}],"wp:featuredmedia":[{"embeddable":true,"href":"https:\/\/casinovape.de\/sv\/wp-json\/wp\/v2\/media\/3423"}],"wp:attachment":[{"href":"https:\/\/casinovape.de\/sv\/wp-json\/wp\/v2\/media?parent=4262"}],"wp:term":[{"taxonomy":"product_brand","embeddable":true,"href":"https:\/\/casinovape.de\/sv\/wp-json\/wp\/v2\/product_brand?post=4262"},{"taxonomy":"product_cat","embeddable":true,"href":"https:\/\/casinovape.de\/sv\/wp-json\/wp\/v2\/product_cat?post=4262"},{"taxonomy":"product_tag","embeddable":true,"href":"https:\/\/casinovape.de\/sv\/wp-json\/wp\/v2\/product_tag?post=4262"}],"curies":[{"name":"wp","href":"https:\/\/api.w.org\/{rel}","templated":true}]}}