{"id":4229,"date":"2024-11-27T12:44:50","date_gmt":"2024-11-27T12:44:50","guid":{"rendered":"https:\/\/casinovape.de\/?post_type=product&#038;p=4229"},"modified":"2025-02-25T08:17:23","modified_gmt":"2025-02-25T08:17:23","slug":"europeiskt-lager-hayat-pro-ultra-15000-puffar-lag-nikotinhalt-kop-original-autentisk-uppladdningsbar-engangspenna","status":"publish","type":"product","link":"https:\/\/casinovape.de\/sv\/produkt\/europeiskt-lager-hayat-pro-ultra-15000-puffar-lag-nikotinhalt-kop-original-autentisk-uppladdningsbar-engangspenna\/","title":{"rendered":"Europeiskt lager Hayat Pro Ultra 15000 puffar L\u00e5g nikotin K\u00f6p original \u00c4kta uppladdningsbar eng\u00e5ngs vapepen"},"content":{"rendered":"<div style=\"width: 480px;\" class=\"wp-video\"><!--[if lt IE 9]><script>document.createElement('video');<\/script><![endif]-->\n<video class=\"wp-video-shortcode\" id=\"video-4229-1\" width=\"480\" height=\"848\" preload=\"metadata\" controls=\"controls\"><source type=\"video\/mp4\" src=\"https:\/\/casinovape.de\/wp-content\/uploads\/2024\/11\/hayat.mp4?_=1\" \/><a href=\"https:\/\/casinovape.de\/wp-content\/uploads\/2024\/11\/hayat.mp4\">https:\/\/casinovape.de\/wp-content\/uploads\/2024\/11\/hayat.mp4<\/a><\/video><\/div>\n<h2><strong><a href=\"https:\/\/casinovape.de\/sv\/produktkategori\/hayat-engangsvapor\/\">Hayat<\/a> Pro Ultra 15000 Puffs Disposable Vape: En Premium Vapingupplevelse<\/strong><\/h2>\n<h2><strong>F\u00f6rh\u00f6j Din Vapning Upplevelse Med <a href=\"https:\/\/casinovape.de\/sv\/produktkategori\/hayat-engangsvapor\/\">Hayat Pro Ultra 15000 Puffs<\/a><\/strong><\/h2>\n<p>\u00c4r du redo f\u00f6r en extraordin\u00e4r \u00e5ngupplevelse? Den <strong>Hayat Pro Ultra 15000 Puffs Eng\u00e5ngs Vape<\/strong> erbjuder en o\u00f6vertr\u00e4ffad blandning av innovation, bekv\u00e4mlighet och prestanda. Utformad f\u00f6r den kr\u00e4sna vaperaren tar denna enhet dina vaping-sessioner till nya h\u00f6jder och levererar mer \u00e4n bara \u00e5nga - den ger en of\u00f6rgl\u00f6mlig upplevelse. Med funktioner som dubbla oberoende e-v\u00e4tsketankar, en uppladdningsbar batteri och en snygg visuell displaysk\u00e4rm s\u00e4kerst\u00e4ller Hayat Pro Ultra att varje puff \u00e4r j\u00e4mn, tillfredsst\u00e4llande och rik p\u00e5 smak.<\/p>\n<p>Oavsett om du \u00e4r en erfaren vaper eller ny p\u00e5 scenen, erbjuder Hayat Pro Ultra en anpassningsbar upplevelse som m\u00f6ter alla dina behov. Och med \u00f6ver 35 smakalternativ finns det n\u00e5got f\u00f6r varje smakpreferens. Utforska funktionerna som g\u00f6r denna eng\u00e5ngsvape till en spelv\u00e4xlare.<\/p>\n<hr \/>\n<h3><strong>Produkt\u00f6versikt: Varf\u00f6r V\u00e4lja <a href=\"https:\/\/casinovape.de\/sv\/produktkategori\/hayat-engangsvapor\/\">Hayat Pro Ultra 15000 Puffs<\/a> Eng\u00e5ngs Vape<\/strong><\/h3>\n<p>Den <strong>Hayat Pro Ultra 15000 Puffs Eng\u00e5ngs Vape<\/strong> utm\u00e4rker sig som en revolutionerande produkt inom v\u00e4rlden av eng\u00e5ngsvape. Den erbjuder en extraordin\u00e4r kombination av storlek, kraft och flexibilitet, vilket g\u00f6r den till den perfekta f\u00f6ljes\u00e4llskapet f\u00f6r de som uppskattar premiumvaping. Med en kapacitet p\u00e5 \u00f6ver 15 000 bloss \u00e4r denna enhet utformad f\u00f6r att h\u00e5lla l\u00e4ngre och erbjuda mer njutning j\u00e4mf\u00f6rt med traditionella eng\u00e5ngsvape.<\/p>\n<p>Den <strong>uppladdningsbar 850mAh batteri<\/strong> s\u00e4kerst\u00e4ller att du kan forts\u00e4tta vapa l\u00e4ngre utan behov av konstanta ers\u00e4ttningar. Enheten drivs av en l\u00e4ttanv\u00e4nd <strong>Typ-C laddningsport<\/strong>, vilket m\u00f6jligg\u00f6r snabbt och effektivt laddning, s\u00e5 att du alltid \u00e4r redo f\u00f6r din n\u00e4sta session. Tack vare <strong>dubbla oberoende e-v\u00e4tsketankar<\/strong>Du kan njuta av olika smaker utan besv\u00e4ret med p\u00e5fyllningar, vilket g\u00f6r det b\u00e5de praktiskt och m\u00e5ngsidigt.<\/p>\n<p><img loading=\"lazy\" decoding=\"async\" class=\"alignnone wp-image-3360 size-full\" src=\"https:\/\/casinovape.de\/wp-content\/uploads\/2024\/11\/hayat.webp\" alt=\"Europeiskt lager Hayat Pro Ultra 15000 puffar L\u00e5g nikotin K\u00f6p original \u00c4kta uppladdningsbar eng\u00e5ngs vapepen \" width=\"868\" height=\"1280\" srcset=\"https:\/\/casinovape.de\/wp-content\/uploads\/2024\/11\/hayat.webp 868w, https:\/\/casinovape.de\/wp-content\/uploads\/2024\/11\/hayat-203x300.webp 203w, https:\/\/casinovape.de\/wp-content\/uploads\/2024\/11\/hayat-694x1024.webp 694w, https:\/\/casinovape.de\/wp-content\/uploads\/2024\/11\/hayat-768x1133.webp 768w, https:\/\/casinovape.de\/wp-content\/uploads\/2024\/11\/hayat-8x12.webp 8w, https:\/\/casinovape.de\/wp-content\/uploads\/2024\/11\/hayat-600x885.webp 600w\" sizes=\"auto, (max-width: 868px) 100vw, 868px\" \/><\/p>\n<hr \/>\n<h3><strong>Huvudfunktioner i <a href=\"https:\/\/casinovape.de\/sv\/produktkategori\/hayat-engangsvapor\/\">Hayat Pro Ultra 15000 Puffs<\/a> Eng\u00e5ngs Vape<\/strong><\/h3>\n<ul>\n<li><strong>Massiv Puffkapacitet<\/strong>: Hayat Pro Ultra \u00e4r konstruerad f\u00f6r att ge \u00f6ver <strong>15 000 bloss<\/strong>, ger dig ut\u00f6kat n\u00f6je vid varje anv\u00e4ndning. S\u00e4g adj\u00f6 till att st\u00e4ndigt k\u00f6pa ers\u00e4ttningsprodukter \u2013 denna enhet \u00e4r byggd f\u00f6r att h\u00e5lla.<\/li>\n<li><strong>Dubbla E-V\u00e4tska Tankar<\/strong>Med <strong>tv\u00e5 12ml e-v\u00e4tska tankar<\/strong>Du kan njuta av en m\u00e4ngd olika smaker utan att beh\u00f6va ha flera enheter. V\u00e4xla mellan smaker med l\u00e4tthet och njut av en anpassad \u00e5ngupplevelse varje g\u00e5ng.<\/li>\n<li><strong>Uppladdningsbar 850mAh Batteri<\/strong>: Den <strong>850mAh uppladdningsbar batteri<\/strong> s\u00e4kerst\u00e4ller att du aldrig tar slut p\u00e5 batteri under din vape-session. Med den extra bekv\u00e4mligheten av en <strong>Typ-C laddningsport<\/strong>Du kan snabbt ladda den och \u00e5terg\u00e5 till vaping p\u00e5 nolltid.<\/li>\n<li><strong>V\u00e4xlingsbart munstycke<\/strong>: Den <strong>v\u00e4xelmundstykke<\/strong> ger dig m\u00f6jlighet att enkelt v\u00e4xla mellan tankar, vilket erbjuder en ytterligare niv\u00e5 av anpassning. Oavsett om du vill byta smak eller blanda och matcha, s\u00e4kerst\u00e4ller denna funktion att din vape-upplevelse \u00e4r lika unik som du \u00e4r.<\/li>\n<li><strong>Mesh-spole f\u00f6r rik \u00e5nga<\/strong>: Den <strong>1,1\u03a9 n\u00e4tverksspole<\/strong> s\u00e4kerst\u00e4ller att varje puff \u00e4r rik och smakfull, vilket producerar konsekvent \u00e5nga vid varje drag. Denna spoleteknik \u00e4r utformad f\u00f6r att f\u00f6rb\u00e4ttra den totala vape-upplevelsen genom att s\u00e4kerst\u00e4lla j\u00e4mn och t\u00e4t \u00e5nga.<\/li>\n<li><strong>Visuell sk\u00e4rmdisplay<\/strong>: H\u00e5ll dig informerad med enheten <strong>visuell displaysk\u00e4rm<\/strong>Sk\u00e4rmen visar viktig information som batteriets livsl\u00e4ngd, antal puffs och annan anv\u00e4ndbar information, s\u00e5 att du alltid \u00e4r informerad om din vapingapparat status.<\/li>\n<\/ul>\n<hr \/>\n<h3><strong>Smaksorter: Ett brett utbud f\u00f6r att passa varje smak<\/strong><\/h3>\n<p>Den <strong>Hayat Pro Ultra 15000 Puffs Eng\u00e5ngs Vape<\/strong> erbjuder ett imponerande urval av mer \u00e4n 35 olika smaker. Oavsett om du \u00e4r f\u00f6rtjust i fruktiga, mentoliga eller dessertinspirerade smaker, finns det n\u00e5got f\u00f6r alla. Nedan f\u00f6ljer bara n\u00e5gra av de mest popul\u00e4ra smakalternativen:<\/p>\n<ol>\n<li><strong>Tropisk Mango<\/strong> \u2013 En s\u00f6t och syrlig blandning av saftiga mangos som transporterar dig till ett tropiskt paradis med varje puff. Perfekt f\u00f6r dem som \u00e4lskar en fruktig, exotisk upplevelse.<\/li>\n<li><strong>Bl\u00e5b\u00e4rslemonad<\/strong> En uppfriskande blandning av mogna bl\u00e5b\u00e4r och syrlig lemonad, som ger en balans mellan s\u00f6tma och citrus. En perfekt hela-dagen-vape f\u00f6r dem som \u00e4lskar en cool, fruktig smak.<\/li>\n<li><strong>Mentol Ice<\/strong> \u2013 Om du \u00e4lskar en uppfriskande mentolerfarenhet \u00e4r denna smak f\u00f6r dig. En kall, isig mentolst\u00f6t som ger en st\u00e4rkande k\u00e4nsla med varje puff.<\/li>\n<li><strong>Druvkrasch<\/strong> \u2013 En l\u00e4cker och s\u00f6t vindruvs smak som f\u00e5ngar essensen av en saftig ving\u00e5rd. Rik, fyllig och perfekt balanserad f\u00f6r dem som \u00e4lskar djupa, fruktiga smaker.<\/li>\n<li><strong>P\u00e4ron Lychee<\/strong> \u2013 En fusion av tv\u00e5 \u00e4lskade frukter, persika och lychee. Den s\u00f6ta, florala smaken av lychee passar perfekt ihop med den saftiga s\u00f6tman av mogna persikor f\u00f6r en l\u00e4cker exotisk upplevelse.<\/li>\n<li><strong>Vattenmelonsfrys<\/strong> \u2013 Ett svalt, uppfriskande slag av vattenmelon i kombination med en menthol-twist. Denna smak \u00e4r perfekt f\u00f6r dem som njuter av en kall, s\u00f6t behandling.<\/li>\n<li><strong>Vaniljkr\u00e4m<\/strong> \u2013 Smidig och kr\u00e4mig vaniljkr\u00e4m som erbjuder en rik och tr\u00f6sterik vapeupplevelse. Perfekt f\u00f6r dessert\u00e4lskare som vill ha n\u00e5got dekadent.<\/li>\n<li><strong>Jordgubb Kiwi<\/strong> \u2013 En klassisk fruktig kombination som blandar jordgubbarnas s\u00f6tma med kiwins syrlighet. En perfekt balans av smaker som \u00e4r s\u00f6t och syrlig.<\/li>\n<li><strong>Citrus Burst<\/strong> En livlig blandning av apelsiner, citroner och limefrukter, som erbjuder en syrlig och uppfriskande citrusexplosion vid varje puff. Ideal f\u00f6r dem som njuter av friska, syrliga smaker.<\/li>\n<li><strong>Mango Tango<\/strong> \u2013 En tropisk smakupplevelse med den rika s\u00f6tman av mango och en antydan av syrlig citrus. Perfekt f\u00f6r en tropisk flykt i varje puff.<\/li>\n<\/ol>\n<hr \/>\n<h3><strong>Varf\u00f6r Du B\u00f6r V\u00e4lja Hayat Pro Ultra 15000 Puffs Disposable Vape<\/strong><\/h3>\n<ul>\n<li><strong>L\u00e5ngvarig Njutning<\/strong>Med mer \u00e4n 15 000 bloss per enhet erbjuder Hayat Pro Ultra en otrolig l\u00e5ngvarighet, vilket s\u00e4kerst\u00e4ller att dina vaping-sessioner varar s\u00e5 l\u00e4nge du beh\u00f6ver. Du beh\u00f6ver inte oroa dig f\u00f6r att st\u00e4ndigt byta ut din vape - den \u00e4r utformad f\u00f6r kontinuerlig anv\u00e4ndning.<\/li>\n<li><strong>L\u00e4tt att Anv\u00e4nda och Ladda Upp<\/strong>: Ingen komplicerad installation eller p\u00e5fyllning kr\u00e4vs. Hayat Pro Ultra kommer f\u00f6rfylld och redo att anv\u00e4ndas direkt ur l\u00e5dan. Dessutom, <strong>uppladdningsbar batteri<\/strong> betyder att du enkelt kan fylla p\u00e5 din str\u00f6m n\u00e4r du \u00e4n beh\u00f6ver det.<\/li>\n<li><strong>M\u00e5ngsidiga smaker f\u00f6r varje smak<\/strong>Med \u00f6ver 35 olika smaker l\u00e5ter Hayat Pro Ultra dig utforska ett brett spektrum av smaker, fr\u00e5n fruktigt till dessertinspirerat, mentol till godis. Du kommer alltid ha en ny, fr\u00e4sch smak att prova.<\/li>\n<li><strong>Kompakt och b\u00e4rbar<\/strong>: Den snygga, l\u00e4tta designen g\u00f6r det enkelt att ta Hayat Pro Ultra med dig vart du \u00e4n g\u00e5r. Oavsett om du reser, pendlar eller bara h\u00e4nger ut, \u00e4r denna vape den perfekta portabla f\u00f6ljes\u00e4llskapet.<\/li>\n<li><strong>Prisv\u00e4rd och Bekv\u00e4m<\/strong>: F\u00f6r k\u00f6p enskilt \u00e4r Hayat Pro Ultra 15000 Puffs Disposable Vape perfekt f\u00f6r detaljhandels k\u00f6pare p\u00e5 EU-marknaden. Utan minsta orderkvantitet kan du best\u00e4lla s\u00e5 f\u00e5 eller s\u00e5 m\u00e5nga som du beh\u00f6ver, vilket g\u00f6r den ideal f\u00f6r b\u00e5de personligt och f\u00f6retagsbruk.<\/li>\n<\/ul>\n<hr \/>\n<h3><strong>K\u00f6p din Hayat Pro Ultra 15000 Puffs Disposable Vape fr\u00e5n <a href=\"https:\/\/casinovape.de\/sv\/\">Casinovape<\/a><\/strong><\/h3>\n<p>F\u00f6r det b\u00e4sta urvalet av <strong>Hayat Pro Ultra 15000 Puffs Eng\u00e5ngs Vapes<\/strong>, leta inte l\u00e4ngre \u00e4n <strong>Casinovape<\/strong>, den st\u00f6rsta online-returplattformen f\u00f6r eng\u00e5ngsvape-produkter i Tyskland. Vi erbjuder ett sortiment av premiumvarum\u00e4rken som <strong>Al Fakher<\/strong>, <strong>Fizzy<\/strong>, <strong>OBEELAB HHC<\/strong>och <strong>SMPO DL02<\/strong>, alla tillg\u00e4ngliga utan minimibest\u00e4llningskvantitet och redo f\u00f6r snabb leverans fr\u00e5n v\u00e5r <strong>Europeiskt vape-lager<\/strong>.<\/p>\n<p>Med <a href=\"https:\/\/casinovape.de\/sv\/\"><strong>Casinovape<\/strong><\/a>kan du f\u00f6rv\u00e4nta dig snabb och tillf\u00f6rlitlig leverans inom 3-7 dagar \u00f6ver hela EU. Oavsett om du \u00e4r en detaljhandelsgrupp eller en enskild vape-anv\u00e4ndare, har vi dig t\u00e4ckt. Bl\u00e4ddra i v\u00e5r samling och best\u00e4ll din <strong>Hayat Pro Ultra 15000 Puffs Eng\u00e5ngs Vape<\/strong> Idag!<\/p>","protected":false},"excerpt":{"rendered":"<p>Uppt\u00e4ck <strong>Hayat Pro Ultra 15000 Puffs<\/strong> Sl\u00e4ngbar Vape p\u00e5 Casinovape, erbjuder l\u00e5ngvarig njutning, \u00f6ver 35 smaker, en uppladdningsbar batteri, och dubbla e-v\u00e4tska tankar. Snabb EU-leverans tillg\u00e4nglig!<\/p>","protected":false},"featured_media":3361,"comment_status":"open","ping_status":"closed","template":"","meta":[],"product_brand":[],"product_cat":[33,78,79,80,81,82,83,84,85,86,87,88,90,91,92,93,94,95,96,97,98,99,65,66,67,68,69,70,71,72,73,74,75,76,77,57,61,45,48,50,51,52,54],"product_tag":[],"class_list":{"0":"post-4229","1":"product","2":"type-product","3":"status-publish","4":"has-post-thumbnail","6":"product_cat-hayat-disposable-vapes","7":"product_cat-buy-best-disposable-vape-flavors","8":"product_cat-apple-flavor-disposable-vapes","9":"product_cat-blue-razz-flavor-disposable-vapes","10":"product_cat-blueberry-flavor-disposable-vapes","11":"product_cat-cherry-flavor-disposable-vapes","12":"product_cat-cola-flavor-disposable-vapes","13":"product_cat-grape-flavor-disposable-vapes","14":"product_cat-guava-flavor-disposable-vapes","15":"product_cat-ice-flavor-disposable-vapes","16":"product_cat-kiwi-flavor-disposable-vapes","17":"product_cat-lemon-flavor-disposable-vapes","18":"product_cat-mango-flavor-disposable-vapes","19":"product_cat-mint-flavor-disposable-vapes","20":"product_cat-mixed-berries-flavor-disposable-vapes","21":"product_cat-passion-fruit-flavor-disposable-vapes","22":"product_cat-peach-flavor-disposable-vapes","23":"product_cat-pineapple-flavor-disposable-vapes","24":"product_cat-raspberry-flavor-disposable-vapes","25":"product_cat-red-bull-flavor-disposable-vapes","26":"product_cat-strawberry-flavor-disposable-vapes","27":"product_cat-watermelon-flavor-disposable-vapes","28":"product_cat-best-disposable-vape-in-europe","29":"product_cat-buy-disposable-vapes-in-austria","30":"product_cat-buy-disposable-vapes-in-belgium","31":"product_cat-buy-disposable-vapes-in-france","32":"product_cat-buy-disposable-vapes-in-germany","33":"product_cat-buy-disposable-vapes-in-italy","34":"product_cat-buy-disposable-vapes-in-netherlands","35":"product_cat-buy-disposable-vapes-in-norway","36":"product_cat-buy-disposable-vapes-in-poland","37":"product_cat-buy-disposable-vapes-in-portugal","38":"product_cat-buy-disposable-vapes-in-spain","39":"product_cat-buy-disposable-vapes-in-sweden","40":"product_cat-buy-disposable-vapes-in-switzerland","41":"product_cat-shop-disposable-vapes-by-puffs","42":"product_cat-15000-puff-disposable-vape","43":"product_cat-disposable-vape-types","44":"product_cat-big-puffs-disposable-vapes","45":"product_cat-digital-box-disposable-vapes","46":"product_cat-dual-mesh-disposable-vapes","47":"product_cat-lower-nicotine-disposable-vapes","48":"product_cat-rechargeable-disposable-vapes","50":"first","51":"outofstock","52":"shipping-taxable","53":"product-type-variable"},"jetpack_sharing_enabled":true,"_links":{"self":[{"href":"https:\/\/casinovape.de\/sv\/wp-json\/wp\/v2\/product\/4229","targetHints":{"allow":["GET"]}}],"collection":[{"href":"https:\/\/casinovape.de\/sv\/wp-json\/wp\/v2\/product"}],"about":[{"href":"https:\/\/casinovape.de\/sv\/wp-json\/wp\/v2\/types\/product"}],"replies":[{"embeddable":true,"href":"https:\/\/casinovape.de\/sv\/wp-json\/wp\/v2\/comments?post=4229"}],"wp:featuredmedia":[{"embeddable":true,"href":"https:\/\/casinovape.de\/sv\/wp-json\/wp\/v2\/media\/3361"}],"wp:attachment":[{"href":"https:\/\/casinovape.de\/sv\/wp-json\/wp\/v2\/media?parent=4229"}],"wp:term":[{"taxonomy":"product_brand","embeddable":true,"href":"https:\/\/casinovape.de\/sv\/wp-json\/wp\/v2\/product_brand?post=4229"},{"taxonomy":"product_cat","embeddable":true,"href":"https:\/\/casinovape.de\/sv\/wp-json\/wp\/v2\/product_cat?post=4229"},{"taxonomy":"product_tag","embeddable":true,"href":"https:\/\/casinovape.de\/sv\/wp-json\/wp\/v2\/product_tag?post=4229"}],"curies":[{"name":"wp","href":"https:\/\/api.w.org\/{rel}","templated":true}]}}