{"id":13,"date":"2024-10-20T09:51:21","date_gmt":"2024-10-20T09:51:21","guid":{"rendered":"https:\/\/casinovape.de\/?page_id=13"},"modified":"2024-11-03T09:59:32","modified_gmt":"2024-11-03T09:59:32","slug":"casinovapes-aterbetalningspolicy","status":"publish","type":"page","link":"https:\/\/casinovape.de\/sv\/casinovapes-aterbetalningspolicy\/","title":{"rendered":"CasinoVape Returpolicy"},"content":{"rendered":"<p>P\u00e5 CasinoVape \u00e4r vi dedikerade till att leverera h\u00f6gkvalitativa eng\u00e5ngsvape-produkter och s\u00e4kerst\u00e4lla din tillfredsst\u00e4llelse med varje k\u00f6p. V\u00e5r retur- och \u00e5terbetalningspolicy \u00e4r utformad med transparens och r\u00e4ttvisa i \u00e5tanke s\u00e5 att du kan handla med f\u00f6rtroende.<\/p>\r\n<hr \/>\r\n<h4>1. Best\u00e4llningsavbokningar och ber\u00e4ttigande till \u00e5terbetalningar<\/h4>\r\n<p>Om du vill avbryta din best\u00e4llning, var v\u00e4nlig och meddela oss inom 24 timmar fr\u00e5n k\u00f6pet. Best\u00e4llningar som \u00e4nnu inte har behandlats eller skickats \u00e4r ber\u00e4ttigade till full \u00e5terbetalning. Tyv\u00e4rr kan en best\u00e4llning inte l\u00e4ngre avbrytas n\u00e4r den har behandlats eller skickats.<\/p>\r\n<h4>2. \u00c5terbetalningar efter 24-timmarsf\u00f6nstret<\/h4>\r\n<p>De flesta best\u00e4llningar g\u00e5r vidare till behandling efter 24 timmar.  Partiella returer p\u00e5 upp till 50% kan vara m\u00f6jliga om din best\u00e4llning \u00e4nnu inte har skickats men har \u00e5dragit sig behandlingsavgifter.  Best\u00e4llningar som redan har skickats \u00e4r inte \u00e5terbetalningsbara.<\/p>\r\n<h4>3. Skadade eller defekta produkter<\/h4>\r\n<p>Om du f\u00e5r en defekt eller skadad produkt, v\u00e4nligen kontakta oss inom 7 dagar fr\u00e5n mottagandet. F\u00f6r att hj\u00e4lpa till med din beg\u00e4ran kan vi beg\u00e4ra fotografiskt bevis f\u00f6r att utv\u00e4rdera problemet. Kvalificerade beg\u00e4randen kan vara ber\u00e4ttigade till full \u00e5terbetalning eller ers\u00e4ttning, beroende p\u00e5 tillg\u00e4nglighet.<\/p>\r\n<h4>4. Tull och fraktf\u00f6rs\u00e4kring<\/h4>\r\n<p>Alla best\u00e4llningar \u00e4r f\u00f6rs\u00e4krade under transporten. Om din best\u00e4llning h\u00e5lls kvar av tullen och problemet inte kan l\u00f6sas inom en rimlig tidsram, kommer vi att erbjuda en full \u00e5terbetalning.<\/p>\r\n<h4>5. Felaktig fraktinformation<\/h4>\r\n<p>Kunder \u00e4r ansvariga f\u00f6r att tillhandah\u00e5lla korrekt leveransinformation. Eventuella felaktigheter som leder till retur kan medf\u00f6ra ytterligare fraktkostnader.<\/p>\r\n<h4>6. \u00c5terbetalning p\u00e5 stora best\u00e4llningar<\/h4>\r\n<p>Andra returvillkor g\u00e4ller f\u00f6r bulkbest\u00e4llningar. I allm\u00e4nhet \u00e4r bulkbest\u00e4llningar inte ber\u00e4ttigade till retur efter leverans, s\u00e5vida det inte finns ett verifierat kvalitetsproblem eller om felaktiga varor levererades.<\/p>\r\n<h4>7. Beg\u00e4ra \u00e5terbetalning<\/h4>\r\n<p>F\u00f6r att starta en returanfr\u00e5ga, kontakta v\u00e5rt kundsupportteam p\u00e5 <a rel=\"noopener\">info@casinovape.de<\/a> med din ordernummer och en kort beskrivning av problemet. Vi kommer att granska din beg\u00e4ran inom 3\u20135 arbetsdagar.<\/p>\r\n<p>Genom att g\u00f6ra ett k\u00f6p p\u00e5 CasinoVape samtycker du till dessa returvillkor. Om du har ytterligare fr\u00e5gor, tveka inte att kontakta oss.<\/p>","protected":false},"excerpt":{"rendered":"<p>P\u00e5 CasinoVape \u00e4r vi engagerade i att leverera h\u00f6gkvalitativa disponibla vapes och s\u00e4kerst\u00e4lla din tillfredsst\u00e4llelse med varje k\u00f6p. V\u00e5r retur- och \u00e5terbetalningspolicy \u00e4r utformad med transparens och r\u00e4ttvisa i \u00e5tanke s\u00e5 att du kan handla med f\u00f6rtroende. 1. Orderavbokningar och ber\u00e4ttigande till \u00e5terbetalningar Om du vill avboka din best\u00e4llning, v\u00e4nligen meddela oss inom 24 [\u2026]","protected":false},"author":1,"featured_media":0,"parent":0,"menu_order":0,"comment_status":"closed","ping_status":"closed","template":"page-blank-title-center.php","meta":{"footnotes":""},"class_list":["post-13","page","type-page","status-publish","hentry"],"jetpack_sharing_enabled":true,"_links":{"self":[{"href":"https:\/\/casinovape.de\/sv\/wp-json\/wp\/v2\/pages\/13","targetHints":{"allow":["GET"]}}],"collection":[{"href":"https:\/\/casinovape.de\/sv\/wp-json\/wp\/v2\/pages"}],"about":[{"href":"https:\/\/casinovape.de\/sv\/wp-json\/wp\/v2\/types\/page"}],"author":[{"embeddable":true,"href":"https:\/\/casinovape.de\/sv\/wp-json\/wp\/v2\/users\/1"}],"replies":[{"embeddable":true,"href":"https:\/\/casinovape.de\/sv\/wp-json\/wp\/v2\/comments?post=13"}],"version-history":[{"count":0,"href":"https:\/\/casinovape.de\/sv\/wp-json\/wp\/v2\/pages\/13\/revisions"}],"wp:attachment":[{"href":"https:\/\/casinovape.de\/sv\/wp-json\/wp\/v2\/media?parent=13"}],"curies":[{"name":"wp","href":"https:\/\/api.w.org\/{rel}","templated":true}]}}