{"id":1063,"date":"2024-10-20T12:56:44","date_gmt":"2024-10-20T12:56:44","guid":{"rendered":"https:\/\/casinovape.de\/?page_id=1063"},"modified":"2024-11-03T10:10:19","modified_gmt":"2024-11-03T10:10:19","slug":"kop-premium-engangsvapes-i-europa-med-paypal-pa-casinovape","status":"publish","type":"page","link":"https:\/\/casinovape.de\/sv\/kop-premium-engangsvapes-i-europa-med-paypal-pa-casinovape\/","title":{"rendered":"K\u00f6p Premium Eng\u00e5ngs Vapes i Europa med PayPal p\u00e5 CasinoVape"},"content":{"rendered":"<p>P\u00e5 CasinoVape vet vi att bekv\u00e4mlighet och s\u00e4kerhet \u00e4r h\u00f6gsta prioritet n\u00e4r det kommer till att k\u00f6pa vape-produkter. Det \u00e4r d\u00e4rf\u00f6r vi med stolthet erbjuder PayPal som betalningsmetod, vilket g\u00f6r oss till en av de f\u00e5 online-vape-handlarna i Tyskland som tillhandah\u00e5ller detta p\u00e5litliga, s\u00f6ml\u00f6sa alternativ. Oavsett om du k\u00f6per eng\u00e5ngsvape f\u00f6r personligt bruk eller fylla p\u00e5, s\u00e4kerst\u00e4ller PayPal en snabb och s\u00e4ker checkout-upplevelse, anpassad till dina behov.<\/p>\n<h3>Varf\u00f6r CasinoVape Anv\u00e4nder PayPal f\u00f6r K\u00f6p av Eng\u00e5ngs Vaporizers<\/h3>\n<p>Vapingbranschen st\u00e5r inf\u00f6r unika regulatoriska utmaningar, s\u00e4rskilt n\u00e4r det g\u00e4ller onlinebetalningar. M\u00e5nga betalningsleverant\u00f6rer kategoriserar vapeprodukter p\u00e5 samma s\u00e4tt som tobak, vilket begr\u00e4nsar handlarnas tillg\u00e5ng till p\u00e5litliga alternativ som PayPal. P\u00e5 CasinoVape har vi framg\u00e5ngsrikt navigerat dessa utmaningar och s\u00e4krat godk\u00e4nnande f\u00f6r att behandla vape-relaterade transaktioner med PayPal. Detta inneb\u00e4r att du kan handla h\u00f6gkvalitativa eng\u00e5ngsvapes med f\u00f6rtroende, med vetskapen om att din betalning kommer att hanteras smidigt.<\/p>\n<h3>Varf\u00f6r v\u00e4lja PayPal f\u00f6r dina CasinoVape-best\u00e4llningar?<\/h3>\n<p>Med PayPal erbjuder vi dig en effektiv och s\u00e4ker betalningsl\u00f6sning som f\u00f6renklar varje transaktion. H\u00e4r \u00e4r n\u00e5gra f\u00f6rdelar med att v\u00e4lja PayPal n\u00e4r du k\u00f6per eng\u00e5ngsvape-produkter fr\u00e5n oss:<\/p>\n<ul>\n<li><strong>Avancerad s\u00e4kerhet &amp; K\u00f6parskydd<\/strong>: PayPal erbjuder robust s\u00e4kerhet och k\u00f6parskydd, vilket ger dig sinnesro vid varje k\u00f6p.<\/li>\n<li><strong>Enkhet<\/strong>: Hoppa \u00f6ver att ange kortuppgifter igen f\u00f6r varje k\u00f6p. Logga bara in och fullf\u00f6lj din best\u00e4llning p\u00e5 n\u00e5gra sekunder.<\/li>\n<li><strong>S\u00f6ml\u00f6s betalk\u00e4nsla<\/strong>: CasinoVape har fullt integrerat PayPal i v\u00e5r kassanl\u00e4ggning, vilket s\u00e4kerst\u00e4ller en smidig och problemfri transaktion.<\/li>\n<\/ul>\n<h3>Utforska ledande m\u00e4rken f\u00f6r eng\u00e5ngsvape p\u00e5 CasinoVape<\/h3>\n<p>Vi \u00e4r fast beslutna om att endast erbjuda dig de b\u00e4sta eng\u00e5ngsvape-produkterna p\u00e5 marknaden, med v\u00e4lk\u00e4nda m\u00e4rken som:<\/p>\n<ul>\n<li><strong>Al Fakher<\/strong><\/li>\n<li><strong>Fizzy<\/strong><\/li>\n<li><strong>OBEELAB HHC<\/strong><\/li>\n<li><strong>SMPO DL02<\/strong><\/li>\n<\/ul>\n<p>Oavsett om du \u00e4r en avslappnad anv\u00e4ndare eller vill k\u00f6pa i bulk, inkluderar v\u00e5rt sortiment popul\u00e4ra, h\u00f6gkvalitativa produkter som \u00e4r tillg\u00e4ngliga \u00f6ver hela EU, med leverans direkt fr\u00e5n v\u00e5ra europeiska lager.<\/p>\n<h3>Viktig Information f\u00f6r PayPal-anv\u00e4ndare<\/h3>\n<p>Medan PayPal \u00e4r ett bra alternativ finns det n\u00e5gra punkter att \u00f6verv\u00e4ga n\u00e4r du g\u00f6r din betalning:<\/p>\n<ul>\n<li><strong>Ordergr\u00e4ns<\/strong>: PayPal-best\u00e4llningar \u00e4r begr\u00e4nsade till 200 \u20ac p\u00e5 grund av vissa regulatoriska krav.<\/li>\n<li><strong>Momsanm\u00e4lan<\/strong>: F\u00f6r PayPal-betalningar kan en ytterligare moms p\u00e5 20% tillkomma, vilket eventuellt kan p\u00e5verka ditt k\u00f6pbeslut.<\/li>\n<\/ul>\n<h3>Alternativa Betalningsalternativ f\u00f6r St\u00f6rre Best\u00e4llningar<\/h3>\n<p>Om du placerar en st\u00f6rre best\u00e4llning eller vill undvika momsavgifter rekommenderar vi att du utforskar v\u00e5ra alternativa betalningsmetoder. Dessa inkluderar SEPA-bank\u00f6verf\u00f6ringar inom Europa och kryptovalutaalternativ, vilket ger st\u00f6rre flexibilitet f\u00f6r bulkbest\u00e4llningar eller internationella k\u00f6p.<\/p>\n<h3>Shoppa med f\u00f6rtroende p\u00e5 CasinoVape<\/h3>\n<p>CasinoVape \u00e4r dedikerad till att tillhandah\u00e5lla dig med flexibla betalningsalternativ, transparens och en problemfri shoppingupplevelse. Oavsett om du \u00e4r en enskild kund eller en \u00e5terf\u00f6rs\u00e4ljare, erbjuder v\u00e5rt urval av premium disponibla vapes och PayPals tillf\u00f6rlitlighet CasinoVape som din f\u00f6rsta destination f\u00f6r h\u00f6gkvalitativa vapingprodukter.<\/p>\n<p>Bes\u00f6k CasinoVape idag och njut av s\u00e4kra, snabba betalningar med PayPal, eller v\u00e4lj en av v\u00e5ra andra betalningsmetoder f\u00f6r extra bekv\u00e4mlighet.<\/p>","protected":false},"excerpt":{"rendered":"<p>P\u00e5 CasinoVape vet vi att bekv\u00e4mlighet och s\u00e4kerhet \u00e4r h\u00f6gsta prioritet n\u00e4r det kommer till att k\u00f6pa vape-produkter. Det \u00e4r d\u00e4rf\u00f6r vi med stolthet erbjuder PayPal som betalningsmetod, vilket g\u00f6r oss till en av de f\u00e5 online-vape-handlarna i Tyskland som tillhandah\u00e5ller detta p\u00e5litliga, s\u00f6ml\u00f6sa alternativ. Oavsett om du k\u00f6per eng\u00e5ngsvape f\u00f6r personligt bruk eller lager [\u2026]","protected":false},"author":1,"featured_media":0,"parent":0,"menu_order":0,"comment_status":"closed","ping_status":"closed","template":"page-blank-title-center.php","meta":{"footnotes":""},"class_list":["post-1063","page","type-page","status-publish","hentry"],"jetpack_sharing_enabled":true,"_links":{"self":[{"href":"https:\/\/casinovape.de\/sv\/wp-json\/wp\/v2\/pages\/1063","targetHints":{"allow":["GET"]}}],"collection":[{"href":"https:\/\/casinovape.de\/sv\/wp-json\/wp\/v2\/pages"}],"about":[{"href":"https:\/\/casinovape.de\/sv\/wp-json\/wp\/v2\/types\/page"}],"author":[{"embeddable":true,"href":"https:\/\/casinovape.de\/sv\/wp-json\/wp\/v2\/users\/1"}],"replies":[{"embeddable":true,"href":"https:\/\/casinovape.de\/sv\/wp-json\/wp\/v2\/comments?post=1063"}],"version-history":[{"count":0,"href":"https:\/\/casinovape.de\/sv\/wp-json\/wp\/v2\/pages\/1063\/revisions"}],"wp:attachment":[{"href":"https:\/\/casinovape.de\/sv\/wp-json\/wp\/v2\/media?parent=1063"}],"curies":[{"name":"wp","href":"https:\/\/api.w.org\/{rel}","templated":true}]}}