{"id":1060,"date":"2024-10-20T12:51:59","date_gmt":"2024-10-20T12:51:59","guid":{"rendered":"https:\/\/casinovape.de\/?page_id=1060"},"modified":"2024-11-03T10:07:00","modified_gmt":"2024-11-03T10:07:00","slug":"casinovapes-alderspolicy","status":"publish","type":"page","link":"https:\/\/casinovape.de\/sv\/casinovapes-alderspolicy\/","title":{"rendered":"CasinoVape \u00c5lderspolicy"},"content":{"rendered":"<p>P\u00e5 CasinoVape \u00e4r vi dedikerade till att uppr\u00e4tth\u00e5lla strikt efterlevnad av lagstadgade \u00e5lderskrav f\u00f6r k\u00f6p av eng\u00e5ngs e-cigaretter. F\u00f6r att s\u00e4kerst\u00e4lla en s\u00e4ker och compliant shoppingupplevelse \u00e5terspeglar v\u00e5ra policyer ett starkt engagemang f\u00f6r lagliga och ansvarsfull vapingpraxis, i linje med f\u00f6rordningar i Tyskland och hela Europeiska unionen.<\/p>\n<h3>Lagstadgad minimi\u00e5lder<\/h3>\n<p>F\u00f6r att k\u00f6pa produkter fr\u00e5n CasinoVape m\u00e5ste kunder vara minst 18 \u00e5r gamla, vilket \u00e4r den lagliga \u00e5ldern f\u00f6r r\u00f6kning i Tyskland och m\u00e5nga andra europeiska l\u00e4nder. Detta \u00e5lderskrav st\u00e4mmer \u00f6verens med v\u00e5rt engagemang f\u00f6r att f\u00f6rhindra att minder\u00e5riga f\u00e5r tillg\u00e5ng till vapingprodukter.<\/p>\n<h3>Str\u00e4ngt f\u00f6rbjudet att s\u00e4lja till minder\u00e5riga<\/h3>\n<p>Vi f\u00f6rbjuder uttryckligen k\u00f6p av v\u00e5ra produkter av eller f\u00f6r vem som helst under 18 \u00e5r. \u00d6vertr\u00e4delse av denna regel kan leda till juridiska f\u00f6ljder och underminera v\u00e5rt engagemang f\u00f6r att endast erbjuda vapingprodukter till vuxna.<\/p>\n<h3>\u00c5ldersverifieringsprocess<\/h3>\n<p>F\u00f6r att uppfylla lagkrav, till\u00e4mpar CasinoVape en rigor\u00f6s \u00e5ldersverifieringsprocess. Vid kassan m\u00e5ste kunderna l\u00e4mna personuppgifter, inklusive namn, adress, f\u00f6delsedatum och en officiell form av identifiering. Denna information anv\u00e4nds f\u00f6r att verifiera din \u00e5lder genom offentliga register. Om detta f\u00f6rsta verifieringsf\u00f6rs\u00f6k inte lyckas, kommer du att uppmanas att ladda upp en tydlig bild av ditt statligt utf\u00e4rdade ID f\u00f6r att bekr\u00e4fta beh\u00f6righet.<\/p>\n<h3>Best\u00e4llningsavslag och Avbokningspolicy<\/h3>\n<p>CasinoVape f\u00f6rbeh\u00e5ller sig r\u00e4tten att v\u00e4gra eller avbryta eventuella best\u00e4llningar om \u00e5ldersverifieringen \u00e4r ofullst\u00e4ndig eller otillfredsst\u00e4llande. Denna policy \u00e4r p\u00e5 plats f\u00f6r att s\u00e4kerst\u00e4lla fullst\u00e4ndig efterlevnad av lagstandarder och uppr\u00e4tth\u00e5lla integriteten i v\u00e5ra aff\u00e4rsmetoder.<\/p>\n<h3>Kompromiss till att f\u00f6rhindra ungdomars \u00e5tkomst<\/h3>\n<p>Vi \u00e4r dedikerade till att f\u00f6rhindra \u00e5tkomst till e-cigaretter f\u00f6r minder\u00e5riga. V\u00e5ra strikta \u00e5ldersverifierings\u00e5tg\u00e4rder \u00e4r ett bevis p\u00e5 v\u00e5r dedikation till ansvarsfull och laglig vapingpraxis, vilket s\u00e4kerst\u00e4ller att endast vuxna kan f\u00e5 tillg\u00e5ng till v\u00e5ra produkter.<\/p>\n<h3>Tj\u00e4nstbegr\u00e4nsade r\u00e4ttigheter<\/h3>\n<p>Medan v\u00e5ra produkter \u00e4r tillg\u00e4ngliga online, f\u00f6rbeh\u00e5ller sig CasinoVape r\u00e4tten att begr\u00e4nsa eller v\u00e4gra service vid behov. Om du k\u00e4nner att \u00e5tkomsten har nekats felaktigt, v\u00e4nligen kontakta v\u00e5rt kundservice-team f\u00f6r hj\u00e4lp.<\/p>\n<h3>Klara webbplatsaviseringar<\/h3>\n<p>V\u00e5r webbplats visar tydligt varningar om anv\u00e4ndningen av elektroniska cigaretter och det lagstadgade minimi\u00e5ldern. Detta fungerar som en ytterligare p\u00e5minnelse om vikten av att respektera \u00e5ldersbegr\u00e4nsningar.<\/p>\n<h3>S\u00e4kerst\u00e4lla en s\u00e4ker och compliant shoppingupplevelse<\/h3>\n<p>P\u00e5 CasinoVape prioriterar vi b\u00e5de s\u00e4kerhet och laglighet i v\u00e5ra operationer. V\u00e5ra \u00e5ldersverifieringspolicyer \u00e4r utformade f\u00f6r att s\u00e4kerst\u00e4lla att f\u00f6rs\u00e4ljningen av eng\u00e5ngs-e-cigaretter genomf\u00f6rs p\u00e5 ett ansvarsfullt s\u00e4tt. Genom att f\u00f6lja dessa protokoll str\u00e4var vi efter att skapa en s\u00e4ker och compliant milj\u00f6 f\u00f6r alla kunder. Lita p\u00e5 CasinoVape f\u00f6r en s\u00e4ker och laglig shoppingupplevelse.<\/p>\n<p>F\u00f6r eventuella fr\u00e5gor om v\u00e5ra \u00e5lderspolicyer eller best\u00e4llningar, v\u00e4nligen kontakta oss p\u00e5 <a rel=\"noopener\">info@casinovape.de<\/a>.<\/p>","protected":false},"excerpt":{"rendered":"<p>P\u00e5 CasinoVape \u00e4r vi dedikerade till att uppr\u00e4tth\u00e5lla strikt efterlevnad av lagstadgade \u00e5lderskrav f\u00f6r k\u00f6p av eng\u00e5ngs e-cigaretter. F\u00f6r att s\u00e4kerst\u00e4lla en s\u00e4ker och compliant shoppingupplevelse \u00e5terspeglar v\u00e5ra policyer ett starkt engagemang f\u00f6r lagliga och ansvarsfull vaping-praktiker, i linje med f\u00f6rordningar i Tyskland och hela Europeiska unionen. Lagstadgad minimi\u00e5lder F\u00f6r att k\u00f6pa n\u00e5gon [\u2026]","protected":false},"author":1,"featured_media":0,"parent":0,"menu_order":0,"comment_status":"closed","ping_status":"closed","template":"page-blank-title-center.php","meta":{"footnotes":""},"class_list":["post-1060","page","type-page","status-publish","hentry"],"jetpack_sharing_enabled":true,"_links":{"self":[{"href":"https:\/\/casinovape.de\/sv\/wp-json\/wp\/v2\/pages\/1060","targetHints":{"allow":["GET"]}}],"collection":[{"href":"https:\/\/casinovape.de\/sv\/wp-json\/wp\/v2\/pages"}],"about":[{"href":"https:\/\/casinovape.de\/sv\/wp-json\/wp\/v2\/types\/page"}],"author":[{"embeddable":true,"href":"https:\/\/casinovape.de\/sv\/wp-json\/wp\/v2\/users\/1"}],"replies":[{"embeddable":true,"href":"https:\/\/casinovape.de\/sv\/wp-json\/wp\/v2\/comments?post=1060"}],"version-history":[{"count":0,"href":"https:\/\/casinovape.de\/sv\/wp-json\/wp\/v2\/pages\/1060\/revisions"}],"wp:attachment":[{"href":"https:\/\/casinovape.de\/sv\/wp-json\/wp\/v2\/media?parent=1060"}],"curies":[{"name":"wp","href":"https:\/\/api.w.org\/{rel}","templated":true}]}}