{"id":1039,"date":"2024-10-20T09:42:59","date_gmt":"2024-10-20T09:42:59","guid":{"rendered":"https:\/\/casinovape.de\/?page_id=1039"},"modified":"2024-11-03T09:47:43","modified_gmt":"2024-11-03T09:47:43","slug":"hur-man-koper-engangsvapes-pa-casinovape","status":"publish","type":"page","link":"https:\/\/casinovape.de\/sv\/hur-man-koper-engangsvapes-pa-casinovape\/","title":{"rendered":"Hur man k\u00f6per eng\u00e5ngsvape p\u00e5 CasinoVape"},"content":{"rendered":"<h3>Hur man k\u00f6per eng\u00e5ngsvape p\u00e5 CasinoVape.de<\/h3>\n<h4>Steg 1: Bl\u00e4ddra i v\u00e5r samling<\/h4>\n<ol>\n<li><strong>Bes\u00f6k startsidan<\/strong><br \/>\nB\u00f6rja med att g\u00e5 till <a href=\"https:\/\/casinovape.de\/sv\/\" target=\"_new\" rel=\"noopener\">casinovape.de<\/a>, din destination f\u00f6r premium eng\u00e5ngsvape-produkter i Europa.<\/li>\n<li><strong>Utforska Produkter<\/strong><br \/>\nKlicka p\u00e5 fliken \"Butik\" i huvudmenyn. H\u00e4r hittar du en m\u00e4ngd h\u00f6gkvalitativa eng\u00e5ngsvape-produkter fr\u00e5n ledande m\u00e4rken som <strong>Al Fakher<\/strong>, <strong>Fizzy<\/strong>, <strong>OBEELAB HHC<\/strong>och <strong>SMPO DL02<\/strong>CasinoVape erbjuder ett kurerat urval av smaker och modeller f\u00f6r att passa varje persons smak.<\/li>\n<\/ol>\n<h4>Steg 2: V\u00e4lj din vape<\/h4>\n<ol>\n<li><strong>V\u00e4lj Ditt M\u00e4rke eller Smak<\/strong><br \/>\nAnv\u00e4nd filtre eller bl\u00e4ddra igenom v\u00e5rt stora urval f\u00f6r att hitta m\u00e4rket, modellen eller smaken som passar din vape-stil b\u00e4st.<\/li>\n<li><strong>Produktinformation<\/strong><br \/>\nKlicka p\u00e5 produktbilden eller namnet f\u00f6r att visa mer information. Du hittar beskrivningar, smakprofiler, antal puffar och prism\u00e4ssig information f\u00f6r varje modell. Kundrecensioner \u00e4r ocks\u00e5 tillg\u00e4ngliga f\u00f6r att hj\u00e4lpa dig v\u00e4lja.<\/li>\n<\/ol>\n<h4>Steg 3: Granska produkten<\/h4>\n<ol>\n<li><strong>L\u00e4s Beskrivningen<\/strong><br \/>\nBekanta dig med varje produkts unika smaknoter och andra specifikationer.<\/li>\n<li><strong>V\u00e4lj kvantitet<\/strong><br \/>\nV\u00e4lj \u00f6nskat antal enheter. P\u00e5 CasinoVape kan du k\u00f6pa varje artikel individuellt, vilket g\u00f6r att du kan prova olika smaker och m\u00e4rken utan krav p\u00e5 minimiorder.<\/li>\n<li><strong>L\u00e4gg till i varukorgen<\/strong><br \/>\nN\u00e4r du \u00e4r redo klickar du p\u00e5 \"L\u00e4gg till i varukorgen\" f\u00f6r att l\u00e4gga till varan i ditt k\u00f6p.<\/li>\n<\/ol>\n<h4>Steg 4: Visa din varukorg<\/h4>\n<ol>\n<li><strong>Tillg\u00e5ng till Varukorgen<\/strong><br \/>\nF\u00f6r att granska dina valda artiklar klickar du p\u00e5 vagnikonen som finns i det \u00f6vre h\u00f6gra h\u00f6rnet p\u00e5 sidan.<\/li>\n<li><strong>Verifiera din best\u00e4llning<\/strong><br \/>\nKontrollera att kvantiteten och valda produkter \u00e4r korrekta. Justera kvantiteter eller ta bort artiklar enligt behov.<\/li>\n<li><strong>G\u00e5 till Kassan<\/strong><br \/>\nN\u00e4r du \u00e4r n\u00f6jd klickar du p\u00e5 \"Kassan\" f\u00f6r att starta betalningsprocessen.<\/li>\n<\/ol>\n<h4>Steg 5: Komplettera dina fakturerings- och leveransdetaljer<\/h4>\n<ol>\n<li><strong>Ange faktureringsinformation<\/strong><br \/>\nAnge dina personuppgifter, inklusive namn, faktureringsadress och kontaktinformation.<\/li>\n<li><strong>Ange fraktinformation<\/strong><br \/>\nOm din leveransadress skiljer sig fr\u00e5n din faktureringsadress, fyll i de alternativa detaljerna.<\/li>\n<li><strong>V\u00e4lj Betalningsmetod<\/strong><br \/>\nCasinoVape erbjuder flera betalningsmetoder f\u00f6r din bekv\u00e4mlighet:<\/p>\n<ul>\n<li><strong>PayPal<\/strong><\/li>\n<li><strong>Kreditkort<\/strong> (Visa, MasterCard, etc.)<\/li>\n<li><strong>Kryptovaluta<\/strong> f\u00f6r \u00f6kad s\u00e4kerhet och integritet<\/li>\n<li><strong>SEPA-bank\u00f6verf\u00f6ring<\/strong> (finns tillg\u00e4nglig inom EU)<\/li>\n<\/ul>\n<\/li>\n<\/ol>\n<h4>Steg 6: L\u00e4gg din best\u00e4llning<\/h4>\n<ol>\n<li><strong>\u00d6versikt \u00f6ver din best\u00e4llningssammanfattning<\/strong><br \/>\nTa en stund f\u00f6r att dubbelkontrollera best\u00e4llningsdetaljerna, inklusive varor, kvantiteter och totala kostnader.<\/li>\n<li><strong>Slutf\u00f6r K\u00f6p<\/strong><br \/>\nN\u00e4r allt ser korrekt ut, klicka p\u00e5 \"Placera best\u00e4llning\" f\u00f6r att finalisera ditt k\u00f6p.<\/li>\n<\/ol>\n<h4>Steg 7: Best\u00e4llningsbekr\u00e4ftelse<\/h4>\n<ol>\n<li><strong>Bekr\u00e4ftelse p\u00e5 sk\u00e4rmen<\/strong><br \/>\nEfter att du har skickat in din best\u00e4llning kommer du att se en bekr\u00e4ftelse p\u00e5 sk\u00e4rmen med ditt unika best\u00e4llningsnummer.<\/li>\n<li><strong>E-postbekr\u00e4ftelse<\/strong><br \/>\nEn bekr\u00e4ftelsemail kommer att skickas till dig med alla detaljer om din best\u00e4llning. V\u00e4nligen kontrollera din inkorg f\u00f6r att s\u00e4kerst\u00e4lla att du har mottagit den, eftersom den kommer att tj\u00e4na som ditt ink\u00f6psbevis.<\/li>\n<\/ol>\n<hr \/>\n<h3>Varf\u00f6r V\u00e4lja CasinoVape?<\/h3>\n<ul>\n<li><strong>Gratis frakt:<\/strong> Njut av gratis leverans p\u00e5 best\u00e4llningar \u00f6ver 49,99 \u20ac inom Tyskland och 99,99 \u20ac inom EU.<\/li>\n<li><strong>Snabb leverans:<\/strong> Best\u00e4llningar skickas fr\u00e5n v\u00e5rt europeiska lager och anl\u00e4nder vanligtvis inom 3\u20137 arbetsdagar.<\/li>\n<li><strong>Utm\u00e4rkt Produktval:<\/strong> CasinoVape erbjuder endast de mest v\u00e4lrenommerade m\u00e4rkena med ett brett utbud av smaker och puffantal, s\u00e5 att du kan utforska och njuta av det b\u00e4sta av vaping.<\/li>\n<li><strong>S\u00e4kra Betalningsalternativ:<\/strong> CasinoVape st\u00f6der PayPal, kreditkort, kryptovaluta och SEPA-bank\u00f6verf\u00f6ringar, vilket s\u00e4kerst\u00e4ller flexibilitet och s\u00e4kerhet vid varje transaktion.<\/li>\n<\/ul>\n<p>Om du har n\u00e5gra fr\u00e5gor eller beh\u00f6ver ytterligare hj\u00e4lp, tveka inte att kontakta v\u00e5rt v\u00e4nliga kundsupportteam p\u00e5 <a rel=\"noopener\">info@casinovape.de<\/a>.<\/p>","protected":false},"excerpt":{"rendered":"<p>How to Buy Disposable Vapes on CasinoVape.de Step 1: Browse Our Collection Visit the Homepage Start by going to casinovape.de, your destination for premium disposable vapes in Europe. Explore the Products Click on the \u201cShop\u201d tab in the main menu. Here, you\u2019ll find a variety of top-quality disposable vapes from leading brands like Al Fakher, [\u2026]","protected":false},"author":1,"featured_media":0,"parent":0,"menu_order":0,"comment_status":"closed","ping_status":"closed","template":"page-blank-title-center.php","meta":{"footnotes":""},"class_list":["post-1039","page","type-page","status-publish","hentry"],"jetpack_sharing_enabled":true,"_links":{"self":[{"href":"https:\/\/casinovape.de\/sv\/wp-json\/wp\/v2\/pages\/1039","targetHints":{"allow":["GET"]}}],"collection":[{"href":"https:\/\/casinovape.de\/sv\/wp-json\/wp\/v2\/pages"}],"about":[{"href":"https:\/\/casinovape.de\/sv\/wp-json\/wp\/v2\/types\/page"}],"author":[{"embeddable":true,"href":"https:\/\/casinovape.de\/sv\/wp-json\/wp\/v2\/users\/1"}],"replies":[{"embeddable":true,"href":"https:\/\/casinovape.de\/sv\/wp-json\/wp\/v2\/comments?post=1039"}],"version-history":[{"count":0,"href":"https:\/\/casinovape.de\/sv\/wp-json\/wp\/v2\/pages\/1039\/revisions"}],"wp:attachment":[{"href":"https:\/\/casinovape.de\/sv\/wp-json\/wp\/v2\/media?parent=1039"}],"curies":[{"name":"wp","href":"https:\/\/api.w.org\/{rel}","templated":true}]}}