{"id":1024,"date":"2024-10-20T08:30:15","date_gmt":"2024-10-20T08:30:15","guid":{"rendered":"https:\/\/casinovape.de\/?page_id=1024"},"modified":"2024-11-03T09:21:15","modified_gmt":"2024-11-03T09:21:15","slug":"vanliga-fragor","status":"publish","type":"page","link":"https:\/\/casinovape.de\/sv\/vanliga-fragor\/","title":{"rendered":"Vanliga fr\u00e5gor"},"content":{"rendered":"<p><strong>Vilka m\u00e4rken av eng\u00e5ngs e-cigaretter erbjuder ni?<\/strong><br \/>\nP\u00e5 CasinoVape presenterar vi stolt ett kurerat urval av premium eng\u00e5ngs e-cigaretter, inklusive v\u00e4lk\u00e4nda m\u00e4rken som Al Fakher, Fizzy, OBEELAB HHC och SMPO DL02. V\u00e5rt sortiment omfattar n\u00e5gra av de mest popul\u00e4ra alternativen p\u00e5 den europeiska marknaden, vilket s\u00e4kerst\u00e4ller att du njuter av exceptionell kvalitet och smak med varje puff.<\/p>\n<p><strong>2. Erbjuder ni bulkrabatter eller grossistalternativ?<\/strong><br \/>\nAbsolut! V\u00e5r aff\u00e4rsmodell \u00e4r utformad f\u00f6r att ge attraktiva priser f\u00f6r bulkk\u00f6p. Oavsett om du \u00e4r en \u00e5terf\u00f6rs\u00e4ljare eller en distribut\u00f6r erbjuder vi konkurrenskraftiga priser och gynnsamma villkor f\u00f6r stora best\u00e4llningar, vilket g\u00f6r det m\u00f6jligt f\u00f6r dig att maximera dina vinstmarginaler.<\/p>\n<p><strong>3. Till vilka l\u00e4nder levererar ni?<\/strong><br \/>\nVi levererar till de flesta l\u00e4nder inom Europeiska unionen, inklusive Tyskland, Frankrike, Italien, Spanien och Nederl\u00e4nderna. V\u00e5rt m\u00e5l \u00e4r att g\u00f6ra v\u00e5ra premiumprodukter tillg\u00e4ngliga f\u00f6r s\u00e5 m\u00e5nga kunder som m\u00f6jligt \u00f6ver hela Europa.<\/p>\n<p><strong>4. Vilka betalningsmetoder accepterar ni?<\/strong><br \/>\nCasinoVape accepterar ett brett utbud av betalningsmetoder f\u00f6r att s\u00e4kerst\u00e4lla en s\u00f6ml\u00f6s shoppingupplevelse. Du kan betala med kreditkort, PayPal och kryptovalutor. Dessutom kan kunder fr\u00e5n olika europeiska l\u00e4nder genomf\u00f6ra transaktioner via SEPA-bank\u00f6verf\u00f6ringar.<\/p>\n<p><strong>5. Hur l\u00e5ng tid tar frakten?<\/strong><br \/>\nLeveranstider kan variera beroende p\u00e5 din plats och storleken p\u00e5 din best\u00e4llning. I allm\u00e4nhet skickar vi best\u00e4llningar fr\u00e5n v\u00e5rt europeiska lager inom 3 till 7 dagar, s\u00e5 du kan b\u00f6rja njuta av dina produkter utan on\u00f6diga f\u00f6rseningar.<\/p>\n<p><strong>6. \u00c4r dina produkter \u00e4kta?<\/strong><br \/>\nJa, alla produkter som s\u00e4ljs p\u00e5 CasinoVape \u00e4r 100% \u00e4kta. Vi k\u00f6per v\u00e5ra eng\u00e5ngs-e-cigaretter direkt fr\u00e5n tillverkare eller auktoriserade representanter, vilket garanterar h\u00f6gsta kvalitet f\u00f6r v\u00e5ra kunder.<\/p>\n<p><strong>7. Finns det en minsta orderkvantitet (MOQ)?<\/strong><br \/>\nDet finns ingen minimibest\u00e4llningskvantitet hos CasinoVape! Du kan best\u00e4lla s\u00e5 lite som en enhet, vilket g\u00f6r v\u00e5ra erbjudanden attraktiva b\u00e5de f\u00f6r enskilda k\u00f6pare och st\u00f6rre kunder.<\/p>\n<p><strong>8. Erbjuder ni best\u00e4llningssp\u00e5rning?<\/strong><br \/>\nJa! N\u00e4r din best\u00e4llning har skickats f\u00e5r du ett sp\u00e5rningsnummer via e-post, s\u00e5 att du kan \u00f6vervaka framstegen i din leverans i realtid.<\/p>\n<p><strong>9. Kan jag returnera eller byta varor?<\/strong><br \/>\nVi accepterar returer eller byten f\u00f6r produkter som anl\u00e4nder skadade eller defekta. Om du st\u00f6ter p\u00e5 n\u00e5gra problem, v\u00e4nligen kontakta v\u00e5rt kundservice-team inom 7 dagar efter att ha mottagit din best\u00e4llning f\u00f6r att starta processen.<\/p>\n<p><strong>10. Erbjuder du kundsupport?<\/strong><br \/>\nNaturligtvis! V\u00e5rt kundservice-team finns h\u00e4r f\u00f6r att hj\u00e4lpa dig med eventuella fr\u00e5gor om v\u00e5ra produkter, best\u00e4llningar eller allm\u00e4nna fr\u00e5gor. Du kan n\u00e5 oss p\u00e5 <a rel=\"noopener\">info@casinovape.de<\/a> f\u00f6r prompt hj\u00e4lp.<\/p>","protected":false},"excerpt":{"rendered":"<p>1. Vilka m\u00e4rken av eng\u00e5ngs e-cigaretter erbjuder ni? P\u00e5 CasinoVape presenterar vi stolt ett kurerat urval av premium eng\u00e5ngs e-cigaretter, inklusive v\u00e4lk\u00e4nda m\u00e4rken som Al Fakher, Fizzy, OBEELAB HHC och SMPO DL02. V\u00e5rt sortiment omfattar n\u00e5gra av de mest popul\u00e4ra alternativen p\u00e5 den europeiska marknaden, vilket s\u00e4kerst\u00e4ller att du njuter av exceptionell kvalitet och smak med varje [\u2026]","protected":false},"author":1,"featured_media":0,"parent":0,"menu_order":0,"comment_status":"closed","ping_status":"closed","template":"page-blank-title-center.php","meta":{"footnotes":""},"class_list":["post-1024","page","type-page","status-publish","hentry"],"jetpack_sharing_enabled":true,"_links":{"self":[{"href":"https:\/\/casinovape.de\/sv\/wp-json\/wp\/v2\/pages\/1024","targetHints":{"allow":["GET"]}}],"collection":[{"href":"https:\/\/casinovape.de\/sv\/wp-json\/wp\/v2\/pages"}],"about":[{"href":"https:\/\/casinovape.de\/sv\/wp-json\/wp\/v2\/types\/page"}],"author":[{"embeddable":true,"href":"https:\/\/casinovape.de\/sv\/wp-json\/wp\/v2\/users\/1"}],"replies":[{"embeddable":true,"href":"https:\/\/casinovape.de\/sv\/wp-json\/wp\/v2\/comments?post=1024"}],"version-history":[{"count":0,"href":"https:\/\/casinovape.de\/sv\/wp-json\/wp\/v2\/pages\/1024\/revisions"}],"wp:attachment":[{"href":"https:\/\/casinovape.de\/sv\/wp-json\/wp\/v2\/media?parent=1024"}],"curies":[{"name":"wp","href":"https:\/\/api.w.org\/{rel}","templated":true}]}}