{"id":1011,"date":"2024-10-20T08:15:20","date_gmt":"2024-10-20T08:15:20","guid":{"rendered":"https:\/\/casinovape.de\/?page_id=1011"},"modified":"2024-11-03T09:14:40","modified_gmt":"2024-11-03T09:14:40","slug":"om-casinovape","status":"publish","type":"page","link":"https:\/\/casinovape.de\/sv\/om-casinovape\/","title":{"rendered":"Om CasinoVape"},"content":{"rendered":"<p>V\u00e4lkommen till CasinoVape, din fr\u00e4msta destination f\u00f6r eng\u00e5ngs e-cigaretter i Tyskland. Vi \u00e4r dedikerade till att f\u00f6rse dig med ett kurerat urval av h\u00f6gkvalitativa, smakrika eng\u00e5ngs vapes som inte bara m\u00f6ter dina f\u00f6rv\u00e4ntningar utan ocks\u00e5 f\u00f6rb\u00e4ttrar din vape-upplevelse. Med ett omfattande utbud av smaker fr\u00e5n v\u00e4lk\u00e4nda m\u00e4rken som Al Fakher, Fizzy, OBEELAB HHC och SMPO DL02, garanterar vi kvalitet och tillfredsst\u00e4llelse i varje puff.<\/p>\n<h2>V\u00e5r vision<\/h2>\n<p>P\u00e5 CasinoVape \u00e4r v\u00e5r ambition att bli den ledande navet f\u00f6r vapers \u00f6ver hela Europa. Vi fokuserar p\u00e5 att s\u00e4kerst\u00e4lla att varje kund har enkel tillg\u00e5ng till de b\u00e4sta f\u00f6rbrukningsbara vapes som finns tillg\u00e4ngliga. Vi \u00e4r inte bara en annan \u00e5terf\u00f6rs\u00e4ljare; vi \u00e4r din p\u00e5litliga partner f\u00f6r att uppn\u00e5 en exceptionell \u00e5ngningsupplevelse.<\/p>\n<h2>Varf\u00f6r V\u00e4lja CasinoVape?<\/h2>\n<p>I ett snabbt expanderande marknad sticker vi ut genom v\u00e5rt engagemang f\u00f6r kvalitet, v\u00e4rde och tillf\u00f6rlitlighet. Alla v\u00e5ra produkter uppfyller de h\u00f6gsta europeiska standarderna, vilket s\u00e4kerst\u00e4ller s\u00e4kerhet och \u00f6verensst\u00e4mmelse. Vi prioriterar kundn\u00f6jdhet och erbjuder snabb leverans fr\u00e5n v\u00e5ra europeiska lager, s\u00e5 din best\u00e4llning anl\u00e4nder till din d\u00f6rrtr\u00f6skel inom 3-7 dagar.<\/p>\n<h3>V\u00e5rt Produktsortiment<\/h3>\n<p>V\u00e5rt sortiment omfattar noggrant utvalda eng\u00e5ngs e-cigaretter som \u00e4r k\u00e4nda f\u00f6r sin utm\u00e4rkta prestanda och variation. Oavsett om du letar efter popul\u00e4ra smaker eller sp\u00e4nnande nya alternativ kommer du alltid att hitta det perfekta valet p\u00e5 CasinoVape.<\/p>\n<p><img loading=\"lazy\" decoding=\"async\" class=\"alignnone wp-image-1017 size-full\" src=\"https:\/\/casinovape.de\/wp-content\/uploads\/2024\/10\/FIZZY-banner-2.webp\" alt=\"\" width=\"2560\" height=\"1440\" srcset=\"https:\/\/casinovape.de\/wp-content\/uploads\/2024\/10\/FIZZY-banner-2.webp 2560w, https:\/\/casinovape.de\/wp-content\/uploads\/2024\/10\/FIZZY-banner-2-300x169.webp 300w, https:\/\/casinovape.de\/wp-content\/uploads\/2024\/10\/FIZZY-banner-2-1024x576.webp 1024w, https:\/\/casinovape.de\/wp-content\/uploads\/2024\/10\/FIZZY-banner-2-768x432.webp 768w, https:\/\/casinovape.de\/wp-content\/uploads\/2024\/10\/FIZZY-banner-2-1536x864.webp 1536w, https:\/\/casinovape.de\/wp-content\/uploads\/2024\/10\/FIZZY-banner-2-2048x1152.webp 2048w, https:\/\/casinovape.de\/wp-content\/uploads\/2024\/10\/FIZZY-banner-2-600x338.webp 600w\" sizes=\"auto, (max-width: 2560px) 100vw, 2560px\" \/><\/p>\n<h3>Enkel best\u00e4llning och betalning<\/h3>\n<p>Vi erbjuder flexibla betalningsmetoder, inklusive PayPal, kreditkort och till och med kryptovalutor. Du kan best\u00e4lla fr\u00e5n bara en enhet, vilket l\u00e5ter dig handla enligt dina behov och preferenser.<\/p>\n<h3>Kontakta oss<\/h3>\n<p>F\u00f6r eventuella fr\u00e5gor eller hj\u00e4lp, \u00e4r v\u00e5rt team alltid redo att hj\u00e4lpa. Kontakta oss helt enkelt p\u00e5 <a rel=\"noopener\">info@casinovape.de<\/a>.<\/p>\n<p>CasinoVape \u2013 Vapa med stil och uppt\u00e4ck de b\u00e4sta eng\u00e5ngs e-cigaretterna i Tyskland! Njut av gratis frakt p\u00e5 best\u00e4llningar \u00f6ver 49,99 \u20ac inom Tyskland och \u00f6ver 99,99 \u20ac inom EU.<\/p>\n<p>Upplev bekv\u00e4mligheten och kvaliteten som CasinoVape erbjuder och h\u00f6j din vape-upplevelse idag!<\/p>","protected":false},"excerpt":{"rendered":"<p>V\u00e4lkommen till CasinoVape, din premi\u00e4rdestination f\u00f6r eng\u00e5ngs e-cigaretter i Tyskland. Vi \u00e4r dedikerade till att f\u00f6rse dig med ett kurerat urval av h\u00f6gkvalitativa, smakrika eng\u00e5ngs vapes som inte bara m\u00f6ter dina f\u00f6rv\u00e4ntningar utan ocks\u00e5 f\u00f6rb\u00e4ttrar din vape-upplevelse. Med ett omfattande utbud av smaker fr\u00e5n v\u00e4lk\u00e4nda m\u00e4rken som Al Fakher, Fizzy, OBEELAB HHC och SMPO [\u2026]","protected":false},"author":1,"featured_media":0,"parent":0,"menu_order":0,"comment_status":"closed","ping_status":"closed","template":"page-blank-title-center.php","meta":{"footnotes":""},"class_list":["post-1011","page","type-page","status-publish","hentry"],"jetpack_sharing_enabled":true,"_links":{"self":[{"href":"https:\/\/casinovape.de\/sv\/wp-json\/wp\/v2\/pages\/1011","targetHints":{"allow":["GET"]}}],"collection":[{"href":"https:\/\/casinovape.de\/sv\/wp-json\/wp\/v2\/pages"}],"about":[{"href":"https:\/\/casinovape.de\/sv\/wp-json\/wp\/v2\/types\/page"}],"author":[{"embeddable":true,"href":"https:\/\/casinovape.de\/sv\/wp-json\/wp\/v2\/users\/1"}],"replies":[{"embeddable":true,"href":"https:\/\/casinovape.de\/sv\/wp-json\/wp\/v2\/comments?post=1011"}],"version-history":[{"count":0,"href":"https:\/\/casinovape.de\/sv\/wp-json\/wp\/v2\/pages\/1011\/revisions"}],"wp:attachment":[{"href":"https:\/\/casinovape.de\/sv\/wp-json\/wp\/v2\/media?parent=1011"}],"curies":[{"name":"wp","href":"https:\/\/api.w.org\/{rel}","templated":true}]}}