{"id":6767,"date":"2025-04-14T22:36:18","date_gmt":"2025-04-14T22:36:18","guid":{"rendered":"https:\/\/casinovape.de\/?post_type=product&#038;p=6767"},"modified":"2025-09-06T00:39:54","modified_gmt":"2025-09-06T00:39:54","slug":"request-failed-with-status-code-629","status":"publish","type":"product","link":"https:\/\/casinovape.de\/ro\/produs\/request-failed-with-status-code-629\/","title":{"rendered":"Depozitul European Al Fakher Crown Bar Hypermax 15000 Puffs 0.2% Nicotin\u0103 Sc\u0103zut\u0103 Cump\u0103ra\u021bi Vape Pen Re\u00eenc\u0103rcabil Monousor Original Autentic"},"content":{"rendered":"<div style=\"width: 848px;\" class=\"wp-video\"><!--[if lt IE 9]><script>document.createElement('video');<\/script><![endif]-->\n<video class=\"wp-video-shortcode\" id=\"video-6767-1\" width=\"848\" height=\"480\" preload=\"metadata\" controls=\"controls\"><source type=\"video\/mp4\" src=\"https:\/\/casinovape.de\/wp-content\/uploads\/2025\/04\/AF-15K-HYPERMAX-.mp4?_=1\" \/><a href=\"https:\/\/casinovape.de\/wp-content\/uploads\/2025\/04\/AF-15K-HYPERMAX-.mp4\">https:\/\/casinovape.de\/wp-content\/uploads\/2025\/04\/AF-15K-HYPERMAX-.mp4<\/a><\/video><\/div>\n<h2 class=\"\" data-start=\"478\" data-end=\"581\"><a href=\"https:\/\/casinovape.de\/ro\/categorie-de-produse\/al-fakher-vape-de-unica-folosinta\/\">AL Fakher Crown Bar Hypermax 15000<\/a> Puffs \u2013 Vape-uri de unic\u0103 folosin\u021b\u0103 premium pentru o experien\u021b\u0103 de vaporizare superioar\u0103<\/h2>\n<p class=\"\" data-start=\"583\" data-end=\"1127\">C\u0103uta\u021bi o experien\u021b\u0103 de vaporizare \u00eembun\u0103t\u0103\u021bit\u0103 care s\u0103 combine at\u00e2t confortul, c\u00e2t \u0219i calitatea premium? Nu c\u0103uta\u021bi mai departe dec\u00e2t <strong data-start=\"710\" data-end=\"754\">AL Fakher Crown Bar Hypermax 15000 Puffs<\/strong>, dispozitivul suprem de vape de unic\u0103 folosin\u021b\u0103 care promite un echilibru perfect de arom\u0103, longevitate \u0219i u\u0219urin\u021b\u0103 \u00een utilizare. Cu <strong data-start=\"868\" data-end=\"884\">15.000 pufuri<\/strong> de vapori lin \u0219i aromat, aceast\u0103 vape de unic\u0103 folosin\u021b\u0103 este conceput\u0103 pentru a satisface chiar \u0219i cei mai preten\u021bio\u0219i vapori. Indiferent dac\u0103 sunte\u021bi nou \u00een lumea vapingului sau un entuziast experimentat, Crown Bar Hypermax v\u0103 va \u00eembun\u0103t\u0103\u021bi experien\u021ba la fiecare puf.<\/p>\n<p class=\"\" data-start=\"1129\" data-end=\"1560\">La Casinovape, oferim cu m\u00e2ndrie <strong data-start=\"1161\" data-end=\"1205\">AL Fakher Crown Bar Hypermax 15000 Puffs<\/strong> \u00eentr-o varietate de arome apetisante, fiecare creat pentru a oferi o experien\u021b\u0103 de vaporizare excep\u021bional\u0103. Aceste vape sunt pre-umplute cu o cantitate generoas\u0103 <strong data-start=\"1346\" data-end=\"1365\">15ml de e-lichid<\/strong>, asigur\u00e2nd o sesiune de vaporizare lung\u0103 \u0219i satisf\u0103c\u0103toare. Dispozitivul <strong data-start=\"1445\" data-end=\"1461\">re\u00eenc\u0103rcabil<\/strong> Caracteristica \u00ee\u0219i extinde utilitatea, iar designul s\u0103u elegant, <strong data-start=\"1508\" data-end=\"1526\">design compact<\/strong> u\u0219ureaz\u0103 transportul \u00een deplasare.<\/p>\n<h3 class=\"\" data-start=\"1562\" data-end=\"1618\">De ce s\u0103 alegi <a href=\"https:\/\/casinovape.de\/ro\/categorie-de-produse\/al-fakher-vape-de-unica-folosinta\/\">AL Fakher Crown Bar Hypermax 15000<\/a> Puffs?<\/h3>\n<p class=\"\" data-start=\"1620\" data-end=\"1756\">AL Fakher Crown Bar Hypermax 15000 Puffs este conceput pentru a oferi o performan\u021b\u0103 excep\u021bional\u0103 la fiecare puf. Iat\u0103 de ce se remarc\u0103:<\/p>\n<ul data-start=\"1758\" data-end=\"3124\">\n<li class=\"\" data-start=\"1758\" data-end=\"1982\">\n<p class=\"\" data-start=\"1760\" data-end=\"1982\"><strong data-start=\"1760\" data-end=\"1787\">15.000 de Puff-uri de Arom\u0103:<\/strong> Cu o capacitate generoas\u0103 de e-lichid de 15 ml, Crown Bar Hypermax ofer\u0103 p\u00e2n\u0103 la 15.000 de pufuri, permi\u021b\u00e2ndu-v\u0103 s\u0103 v\u0103 bucura\u021bi de sesiuni prelungite f\u0103r\u0103 a fi nevoie s\u0103 re\u00eenc\u0103rca\u021bi sau s\u0103 \u00eenlocui\u021bi constant dispozitivul.<\/p>\n<\/li>\n<li class=\"\" data-start=\"1983\" data-end=\"2253\">\n<p class=\"\" data-start=\"1985\" data-end=\"2253\"><strong data-start=\"1985\" data-end=\"2007\">Arome Autentice:<\/strong> Fiecare arom\u0103 este atent selec\u021bionat\u0103 pentru a v\u0103 oferi gustul bogat \u0219i autentic care imit\u0103 experien\u021ba de a fuma o narghilea tradi\u021bional\u0103. Indiferent dac\u0103 sunte\u021bi \u00een c\u0103utarea unor arome fructate, mentolate sau inspirate de tutun, exist\u0103 ceva pentru fiecare preferin\u021b\u0103.<\/p>\n<\/li>\n<li class=\"\" data-start=\"2254\" data-end=\"2457\">\n<p class=\"\" data-start=\"2256\" data-end=\"2457\"><strong data-start=\"2256\" data-end=\"2285\">Mecanism activat prin tragere:<\/strong> Bucura\u021bi-v\u0103 de o experien\u021b\u0103 f\u0103r\u0103 probleme \u0219i f\u0103r\u0103 \u00eentreruperi cu mecanismul activat prin tragere. Pur \u0219i simplu inhala\u021bi, iar vape-ul se va activa automat, oferind o vapoare lin\u0103 \u0219i constant\u0103.<\/p>\n<\/li>\n<li class=\"\" data-start=\"2458\" data-end=\"2650\">\n<p class=\"\" data-start=\"2460\" data-end=\"2650\"><strong data-start=\"2460\" data-end=\"2489\">Re\u00eenc\u0103rcabile comoditate:<\/strong> The \n(acum, f\u0103r\u0103 modific\u0103ri) \nThe <strong data-start=\"2494\" data-end=\"2512\">Baterie 600mAh<\/strong> este re\u00eenc\u0103rcabil\u0103 printr-un port de tip C (cablul nu este inclus), permi\u021b\u00e2ndu-v\u0103 s\u0103 v\u0103 bucura\u021bi de sesiuni mai lungi de vaporizare f\u0103r\u0103 s\u0103 v\u0103 face\u021bi griji pentru durata de via\u021b\u0103 a bateriei.<\/p>\n<\/li>\n<li class=\"\" data-start=\"2651\" data-end=\"2835\">\n<p class=\"\" data-start=\"2653\" data-end=\"2835\"><strong data-start=\"2653\" data-end=\"2686\">Perfect pentru vaporizare \u00een deplasare:<\/strong> Compact, portabil \u0219i u\u0219or de utilizat, Crown Bar Hypermax este conceput pentru cei care doresc o experien\u021b\u0103 premium de vaporizare pe care o pot lua oriunde.<\/p>\n<\/li>\n<li class=\"\" data-start=\"2836\" data-end=\"2988\">\n<p class=\"\" data-start=\"2838\" data-end=\"2988\"><strong data-start=\"2838\" data-end=\"2867\">M\u00e2ner din piele confortabil:<\/strong> Designul ergonomic include o prindere confortabil\u0103 din piele, f\u0103c\u00e2nd-o u\u0219oar\u0103 \u0219i pl\u0103cut\u0103 de \u021binut \u00een timpul sesiunilor de vape.<\/p>\n<\/li>\n<li class=\"\" data-start=\"2989\" data-end=\"3121\">\n<p class=\"\" data-start=\"2991\" data-end=\"3121\"><strong data-start=\"2991\" data-end=\"3013\">Puterea nicotinei:<\/strong> Vapa vine cu <strong data-start=\"3034\" data-end=\"3050\">2% (20mg\/ml)<\/strong> Puterea nicotinei, oferind o lovitur\u0103 satisf\u0103c\u0103toare \u00een g\u00e2t \u0219i o cre\u0219tere a nicotinei.<\/p>\n<\/li>\n<\/ul>\n<h3 class=\"\" data-start=\"3125\" data-end=\"3179\"><a href=\"https:\/\/casinovape.de\/ro\/categorie-de-produse\/al-fakher-vape-de-unica-folosinta\/\">AL Fakher Crown Bar Hypermax 15000<\/a> Caracteristici Puffs:<\/h3>\n<ul data-start=\"3181\" data-end=\"3599\">\n<li class=\"\" data-start=\"3181\" data-end=\"3209\">\n<p class=\"\" data-start=\"3183\" data-end=\"3209\"><strong data-start=\"3183\" data-end=\"3204\">Capacitate E-lichid:<\/strong> 15ml<\/p>\n<\/li>\n<li class=\"\" data-start=\"3210\" data-end=\"3240\">\n<p class=\"\" data-start=\"3212\" data-end=\"3240\"><strong data-start=\"3212\" data-end=\"3233\">Capacitatea bateriei:<\/strong> 600mAh<\/p>\n<\/li>\n<li class=\"\" data-start=\"3241\" data-end=\"3278\">\n<p class=\"\" data-start=\"3243\" data-end=\"3278\"><strong data-start=\"3243\" data-end=\"3265\">Puterea nicotinei:<\/strong> 2% (20mg\/ml)<\/p>\n<\/li>\n<li class=\"\" data-start=\"3279\" data-end=\"3330\">\n<p class=\"\" data-start=\"3281\" data-end=\"3330\"><strong data-start=\"3281\" data-end=\"3309\">Re\u00eenc\u0103rcabil\u0103 prin Type-C:<\/strong> (cablul nu este inclus)<\/p>\n<\/li>\n<li class=\"\" data-start=\"3331\" data-end=\"3413\">\n<p class=\"\" data-start=\"3333\" data-end=\"3413\"><strong data-start=\"3333\" data-end=\"3362\">Baterie \u0219i Afi\u0219aj Lichid:<\/strong> Pentru monitorizarea u\u0219oar\u0103 a nivelurilor de baterie \u0219i e-lichid<\/p>\n<\/li>\n<li class=\"\" data-start=\"3414\" data-end=\"3511\">\n<p class=\"\" data-start=\"3416\" data-end=\"3511\"><strong data-start=\"3416\" data-end=\"3448\">Vaping direct \u00een pl\u0103m\u00e2ni (DTL):<\/strong> Bucura\u021bi-v\u0103 de abur bogat \u0219i aromat, cu performan\u021be de vapare DTL satisf\u0103c\u0103toare<\/p>\n<\/li>\n<li class=\"\" data-start=\"3512\" data-end=\"3564\">\n<p class=\"\" data-start=\"3514\" data-end=\"3564\"><strong data-start=\"3514\" data-end=\"3531\">M\u00e2ner din piele:<\/strong> Design confortabil \u0219i ergonomic<\/p>\n<\/li>\n<li class=\"\" data-start=\"3565\" data-end=\"3599\">\n<p class=\"\" data-start=\"3567\" data-end=\"3599\"><strong data-start=\"3567\" data-end=\"3599\">Perfect pentru Vaping \u00een Deplasare<\/strong><\/p>\n<\/li>\n<\/ul>\n<h3 class=\"\" data-start=\"3601\" data-end=\"3676\">AL Fakher Crown Bar Hypermax 15000 Puffs \u2013 O privire mai atent\u0103 asupra aromelor<\/h3>\n<p class=\"\" data-start=\"3678\" data-end=\"3925\">C\u00e2nd vine vorba de vaporizare, gustul este esen\u021bial, iar <strong data-start=\"3726\" data-end=\"3758\">AL Fakher Crown Bar Hypermax<\/strong> nu dezam\u0103ge\u0219te. Dispozitivul este disponibil \u00eentr-o gam\u0103 larg\u0103 de arome interesante care se potrivesc cu fiecare preferin\u021b\u0103. Iat\u0103 o detaliere a aromelor disponibile:<\/p>\n<ol data-start=\"3927\" data-end=\"6013\">\n<li class=\"\" data-start=\"3927\" data-end=\"4070\">\n<p class=\"\" data-start=\"3930\" data-end=\"4070\"><strong data-start=\"3930\" data-end=\"3944\">Berry Ice:<\/strong> O combina\u021bie r\u0103coritoare de fructe de p\u0103dure amestecate, completat\u0103 de o finish r\u0103coritoare \u0219i \u00eenghe\u021bat\u0103, perfect\u0103 pentru cei care iubesc o vape dulce \u0219i rece.<\/p>\n<\/li>\n<li class=\"\" data-start=\"4071\" data-end=\"4192\">\n<p class=\"\" data-start=\"4074\" data-end=\"4192\"><strong data-start=\"4074\" data-end=\"4092\">Cherry Fiesta:<\/strong> O arom\u0103 de cire\u0219e vibrant\u0103 \u0219i acidulat\u0103, cu o not\u0103 de dulcea\u021b\u0103 care v\u0103 va face papilele gustative s\u0103 danseze.<\/p>\n<\/li>\n<li class=\"\" data-start=\"4193\" data-end=\"4309\">\n<p class=\"\" data-start=\"4196\" data-end=\"4309\"><strong data-start=\"4196\" data-end=\"4211\">L\u0103m\u00e2ie Lime:<\/strong> O combina\u021bie picant\u0103 de l\u0103m\u00e2ie acr\u0103 \u0219i lime r\u0103coritoare, oferind un gust puternic \u0219i revigorant.<\/p>\n<\/li>\n<li class=\"\" data-start=\"4310\" data-end=\"4432\">\n<p class=\"\" data-start=\"4313\" data-end=\"4432\"><strong data-start=\"4313\" data-end=\"4326\">Lush Ghea\u021b\u0103:<\/strong> Pepene verde dulce \u0219i suculent, asociat cu o finishare mentolat\u0103 pentru un efect de r\u0103cire perfect pentru zilele calde.<\/p>\n<\/li>\n<li class=\"\" data-start=\"4433\" data-end=\"4562\">\n<p class=\"\" data-start=\"4436\" data-end=\"4562\"><strong data-start=\"4436\" data-end=\"4446\">Hubba:<\/strong> O arom\u0103 nostalgic\u0103 de gum\u0103 de mestecat care aduce \u00eenapoi amintiri despre tratamentul dvs. favorit de mestecat, cu un gust dulce \u0219i neted.<\/p>\n<\/li>\n<li class=\"\" data-start=\"4563\" data-end=\"4688\">\n<p class=\"\" data-start=\"4566\" data-end=\"4688\"><strong data-start=\"4566\" data-end=\"4588\">Mur\u0103 de Zmeur\u0103 Ment\u0103:<\/strong> Murele negre \u00eendr\u0103zne\u021be cu o not\u0103 de fundal crocant\u0103 \u0219i mentolat\u0103 creeaz\u0103 un amestec perfect de dulcea\u021b\u0103 \u0219i prospe\u021bime.<\/p>\n<\/li>\n<li class=\"\" data-start=\"4689\" data-end=\"4824\">\n<p class=\"\" data-start=\"4692\" data-end=\"4824\"><strong data-start=\"4692\" data-end=\"4706\">Doi Mere:<\/strong> O fuziune delicioas\u0103 de mere verzi acre \u0219i mere ro\u0219ii dulci, oferind o arom\u0103 fructat\u0103 satisf\u0103c\u0103toare \u0219i bine echilibrat\u0103.<\/p>\n<\/li>\n<li class=\"\" data-start=\"4825\" data-end=\"4960\">\n<p class=\"\" data-start=\"4828\" data-end=\"4960\"><strong data-start=\"4828\" data-end=\"4843\">Ment\u0103 de struguri:<\/strong> Struguri dulci \u0219i suculen\u021bi combina\u021bi cu o finishare de ment\u0103 r\u0103coritoare creeaz\u0103 o vape echilibrat\u0103 care este at\u00e2t de r\u0103coritoare, c\u00e2t \u0219i de indulgent\u0103.<\/p>\n<\/li>\n<li class=\"\" data-start=\"4961\" data-end=\"5093\">\n<p class=\"\" data-start=\"4964\" data-end=\"5093\"><strong data-start=\"4964\" data-end=\"4979\">Albastru de mure:<\/strong> O explozie de fructe de p\u0103dure amestecate cu o u\u0219oar\u0103 aciditate, care aduce o arom\u0103 proasp\u0103t\u0103 \u0219i fructat\u0103 pe care o vei iubi la fiecare puf.<\/p>\n<\/li>\n<li class=\"\" data-start=\"5094\" data-end=\"5224\">\n<p class=\"\" data-start=\"5098\" data-end=\"5224\"><strong data-start=\"5098\" data-end=\"5122\">Mure Afine:<\/strong> O combina\u021bie de afine dulci \u0219i zmeur\u0103 acri\u0219oar\u0103, cre\u00e2nd o arom\u0103 de fructe de p\u0103dure perfect echilibrat\u0103.<\/p>\n<\/li>\n<li class=\"\" data-start=\"5225\" data-end=\"5365\">\n<p class=\"\" data-start=\"5229\" data-end=\"5365\"><strong data-start=\"5229\" data-end=\"5254\">Pepene verde Ananas:<\/strong> O combina\u021bie tropical\u0103 de pepene verde suculent \u0219i ananas dulce, oferind o arom\u0103 r\u0103coritoare \u0219i exotic\u0103 pentru vape-ul dvs.<\/p>\n<\/li>\n<li class=\"\" data-start=\"5366\" data-end=\"5511\">\n<p class=\"\" data-start=\"5370\" data-end=\"5511\"><strong data-start=\"5370\" data-end=\"5386\">Cherry Fizz:<\/strong> O arom\u0103 fizzy de cire\u0219\u0103 cu o \u00eentors\u0103tur\u0103 bublin\u0103 \u0219i r\u0103coritoare, perfect\u0103 pentru cei care iubesc o vape dulce \u0219i acr\u0103 cu pu\u021bin\u0103 str\u0103lucire.<\/p>\n<\/li>\n<li class=\"\" data-start=\"5512\" data-end=\"5636\">\n<p class=\"\" data-start=\"5516\" data-end=\"5636\"><strong data-start=\"5516\" data-end=\"5531\">Cherry Ice:<\/strong> O arom\u0103 de cire\u0219e dulce \u0219i acut-cu un finis r\u0103coros \u0219i \u00eenghe\u021bat pentru o experien\u021b\u0103 de vape revigorant\u0103 \u0219i satisf\u0103c\u0103toare.<\/p>\n<\/li>\n<li class=\"\" data-start=\"5637\" data-end=\"5774\">\n<p class=\"\" data-start=\"5641\" data-end=\"5774\"><strong data-start=\"5641\" data-end=\"5661\">Pepene verde Lime:<\/strong> O arom\u0103 de pepene verde acutic\u0103, asociat\u0103 cu prospe\u021bimea zesty a l\u0103m\u00e2ii, oferind un echilibru perfect de dulce \u0219i acru.<\/p>\n<\/li>\n<li class=\"\" data-start=\"5775\" data-end=\"5899\">\n<p class=\"\" data-start=\"5779\" data-end=\"5899\"><strong data-start=\"5779\" data-end=\"5794\">Mango Coool: \nnu,  Mango r\u0103coros<\/strong> O arom\u0103 de mango tropical\u0103 neted\u0103, cu un finis mentolat r\u0103coritor, ideal\u0103 pentru o vape relaxant\u0103 \u0219i revigorant\u0103.<\/p>\n<\/li>\n<li class=\"\" data-start=\"5900\" data-end=\"6013\">\n<p class=\"\" data-start=\"5904\" data-end=\"6013\"><strong data-start=\"5904\" data-end=\"5913\">Ment\u0103:<\/strong> Un gust de ment\u0103 simplu, dar satisf\u0103c\u0103tor, care ofer\u0103 o experien\u021b\u0103 de vapare clar\u0103, curat\u0103 \u0219i r\u0103coritoare.<\/p>\n<\/li>\n<\/ol>\n<p><img loading=\"lazy\" decoding=\"async\" class=\"alignnone wp-image-6791 size-full\" src=\"https:\/\/casinovape.de\/wp-content\/uploads\/2025\/04\/AF-15K-HYPERMAX-2.webp\" alt=\"Depozitul European Al Fakher Crown Bar Hypermax 15000 Puffs 0.2% Nicotin\u0103 Sc\u0103zut\u0103 Cump\u0103ra\u021bi Vape Pen Re\u00eenc\u0103rcabil Monousor Original Autentic \" width=\"1058\" height=\"726\" srcset=\"https:\/\/casinovape.de\/wp-content\/uploads\/2025\/04\/AF-15K-HYPERMAX-2.webp 1058w, https:\/\/casinovape.de\/wp-content\/uploads\/2025\/04\/AF-15K-HYPERMAX-2-300x206.webp 300w, https:\/\/casinovape.de\/wp-content\/uploads\/2025\/04\/AF-15K-HYPERMAX-2-1024x703.webp 1024w, https:\/\/casinovape.de\/wp-content\/uploads\/2025\/04\/AF-15K-HYPERMAX-2-768x527.webp 768w, https:\/\/casinovape.de\/wp-content\/uploads\/2025\/04\/AF-15K-HYPERMAX-2-18x12.webp 18w, https:\/\/casinovape.de\/wp-content\/uploads\/2025\/04\/AF-15K-HYPERMAX-2-600x412.webp 600w\" sizes=\"auto, (max-width: 1058px) 100vw, 1058px\" \/><\/p>\n<h3 class=\"\" data-start=\"6015\" data-end=\"6078\">De ce ar trebui s\u0103 cump\u0103ra\u021bi AL Fakher Crown Bar Hypermax 15000 Puffs<\/h3>\n<p class=\"\" data-start=\"6080\" data-end=\"6321\">C\u00e2nd alegi <strong data-start=\"6100\" data-end=\"6144\">AL Fakher Crown Bar Hypermax 15000 Puffs<\/strong>Nu ob\u021bine\u021bi doar o vape de unic\u0103 folosin\u021b\u0103; investi\u021bi \u00eentr-o experien\u021b\u0103 premium care combin\u0103 comoditatea, aroma \u0219i performan\u021ba. Iat\u0103 de ce este alegerea potrivit\u0103 pentru tine:<\/p>\n<ul data-start=\"6323\" data-end=\"7263\">\n<li class=\"\" data-start=\"6323\" data-end=\"6466\">\n<p class=\"\" data-start=\"6325\" data-end=\"6466\"><strong data-start=\"6325\" data-end=\"6354\">Performan\u021b\u0103 de Lung\u0103 Durat\u0103:<\/strong> Cu <strong data-start=\"6360\" data-end=\"6376\">15.000 pufuri<\/strong> Per dispozitiv, v\u0103 pute\u021bi bucura de o sesiune lung\u0103 de vaporizare f\u0103r\u0103 a fi nevoie de \u00eenlocuiri constante.<\/p>\n<\/li>\n<li class=\"\" data-start=\"6467\" data-end=\"6676\">\n<p class=\"\" data-start=\"6469\" data-end=\"6676\"><strong data-start=\"6469\" data-end=\"6501\">Experien\u021b\u0103 Autentic\u0103 de Narghilea:<\/strong> AL Fakher este o marc\u0103 renumit\u0103 \u00een lumea hookah-ului, iar Crown Bar Hypermax aduce acela\u0219i gust bogat \u0219i experien\u021b\u0103 lin\u0103 \u00eentr-un vape portabil \u0219i convenabil, de unic\u0103 folosin\u021b\u0103.<\/p>\n<\/li>\n<li class=\"\" data-start=\"6677\" data-end=\"6848\">\n<p class=\"\" data-start=\"6679\" data-end=\"6848\"><strong data-start=\"6679\" data-end=\"6705\">Vast\u0103 selec\u021bie de arome:<\/strong> De la amestecuri fructate la mentole reci, exist\u0103 o arom\u0103 pentru fiecare gust, toate create cu ingrediente de calitate pentru a asigura o experien\u021b\u0103 satisf\u0103c\u0103toare.<\/p>\n<\/li>\n<li class=\"\" data-start=\"6849\" data-end=\"7062\">\n<p class=\"\" data-start=\"6851\" data-end=\"7062\"><strong data-start=\"6851\" data-end=\"6888\">Depozitul European de Vape pentru Expediere:<\/strong> C\u00e2nd cumperi de la<a href=\"https:\/\/casinovape.de\/ro\/\"> <strong data-start=\"6907\" data-end=\"6921\">Casinovape<\/strong><\/a>ve\u0163i primi transport rapid \u015fi fiabil de la noi <strong data-start=\"6977\" data-end=\"7004\">Depozit european de vape<\/strong>cu comenzile care sosesc \u00een doar <strong data-start=\"7035\" data-end=\"7047\">3-7 zile<\/strong> \u00een cadrul UE.<\/p>\n<\/li>\n<li class=\"\" data-start=\"7063\" data-end=\"7263\">\n<p class=\"\" data-start=\"7065\" data-end=\"7263\"><strong data-start=\"7065\" data-end=\"7095\">F\u0103r\u0103 cantitate minim\u0103 de comand\u0103:<\/strong> Indiferent dac\u0103 achizi\u021biona\u021bi <strong data-start=\"7122\" data-end=\"7133\">1 buc\u0103\u021bi<\/strong> Pentru mai multe dispozitive, pute\u021bi cump\u0103ra at\u00e2ta c\u00e2t dori\u021bi, f\u0103c\u00e2ndu-l perfect at\u00e2t pentru utilizatorii individuali, c\u00e2t \u0219i pentru grupurile de retail.<\/p>\n<\/li>\n<\/ul>\n<h3 class=\"\" data-start=\"7265\" data-end=\"7320\">\u00centreb\u0103ri frecvente despre AL Fakher Crown Bar Hypermax 15000 Puffs<\/h3>\n<p class=\"\" data-start=\"7322\" data-end=\"7514\"><strong data-start=\"7322\" data-end=\"7390\">R: AL Fakher Crown Bar Hypermax ofer\u0103 10.000 de puffs.<\/strong><br data-start=\"7390\" data-end=\"7393\" \/>A: AL Fakher Crown Bar Hypermax ofer\u0103 p\u00e2n\u0103 la <strong data-start=\"7442\" data-end=\"7458\">15.000 pufuri<\/strong> pe dispozitiv, oferind o experien\u021b\u0103 de vaporizare de lung\u0103 durat\u0103.<\/p>\n<p class=\"\" data-start=\"7516\" data-end=\"7680\"><strong data-start=\"7516\" data-end=\"7550\">\u00ce: Dispozitivul poate fi re\u00eenc\u0103rcat?<\/strong><br data-start=\"7550\" data-end=\"7553\" \/>Da, dispozitivul vine cu un <strong data-start=\"7585\" data-end=\"7616\">Baterie re\u00eenc\u0103rcabil\u0103 600mAh<\/strong> care poate fi \u00eenc\u0103rcat prin intermediul unui <strong data-start=\"7643\" data-end=\"7653\">Type-C<\/strong> port (cablul nu este inclus).<\/p>\n<p class=\"\" data-start=\"7682\" data-end=\"7847\"><strong data-start=\"7682\" data-end=\"7750\">R: Puterea de nicotin\u0103 a AL Fakher Crown Bar 15K este de 18 mg.<\/strong><br data-start=\"7750\" data-end=\"7753\" \/>A: Dispozitivul vine cu <strong data-start=\"7778\" data-end=\"7794\">2% (20mg\/ml)<\/strong> Puterea nicotinei, oferind o lovitur\u0103 satisf\u0103c\u0103toare pentru g\u00e2t.<\/p>\n<p class=\"\" data-start=\"7849\" data-end=\"8002\"><strong data-start=\"7849\" data-end=\"7884\">\u00ce: C\u00e2t timp dureaz\u0103 expedierea?<\/strong><br data-start=\"7884\" data-end=\"7887\" \/>A: Noi livr\u0103m direct de la depozitul nostru <strong data-start=\"7916\" data-end=\"7943\">Depozit european de vape<\/strong>\u0219i comanda dvs. va ajunge \u00een termen de <strong data-start=\"7979\" data-end=\"7991\">3-7 zile<\/strong> \u00een UE.<\/p>\n<p class=\"\" data-start=\"8004\" data-end=\"8213\"><strong data-start=\"8004\" data-end=\"8049\">\u00ce: Exist\u0103 \u0219i alte arome disponibile?<\/strong><br data-start=\"8049\" data-end=\"8052\" \/>Da, exist\u0103 multe arome disponibile, inclusiv <strong data-start=\"8104\" data-end=\"8117\">Berry Ice<\/strong>, <strong data-start=\"8119\" data-end=\"8136\">Cherry Fiesta<\/strong>, <strong data-start=\"8138\" data-end=\"8146\">Ment\u0103<\/strong>\u0219i multe altele. Fiecare arom\u0103 este conceput\u0103 pentru o experien\u021b\u0103 premium de vaporizare.<\/p>\n<hr class=\"\" data-start=\"8215\" data-end=\"8218\" \/>\n<p class=\"\" data-start=\"8220\" data-end=\"8452\">Cu AL Fakher Crown Bar Hypermax 15000 Puffs, alegi mai mult dec\u00e2t o vape; alegi o experien\u021b\u0103. <strong data-start=\"8341\" data-end=\"8354\">Comanda\u021bi acum<\/strong> la <a href=\"https:\/\/casinovape.de\/ro\/\"><strong data-start=\"8358\" data-end=\"8372\">Casinovape<\/strong> <\/a>\u0219i bucura\u021bi-v\u0103 de un <strong data-start=\"8385\" data-end=\"8412\">Vaporizator de unic\u0103 folosin\u021b\u0103 premium<\/strong> cu livrare gratuit\u0103 \u0219i rapid\u0103 \u00een toat\u0103 UE.<\/p>","protected":false},"excerpt":{"rendered":"<p>Experimenta\u021bi vaporizarea de lung\u0103 durat\u0103 \u0219i aromat\u0103 cu <strong>AL Fakher Crown Bar Hypermax 15000<\/strong> Puffs \u2013 unde calitatea premium se \u00eent\u00e2lne\u0219te cu confortul suprem.<\/p>","protected":false},"featured_media":6789,"comment_status":"open","ping_status":"closed","template":"","meta":[],"product_brand":[],"product_cat":[16,78,79,82,84,86,88,89,90,91,95,96,99,65,66,67,68,69,70,71,72,73,74,75,76,77,57,61,45,48,50,52,54],"product_tag":[],"class_list":{"0":"post-6767","1":"product","2":"type-product","3":"status-publish","4":"has-post-thumbnail","6":"product_cat-al-fakher-disposable-vapes","7":"product_cat-buy-best-disposable-vape-flavors","8":"product_cat-apple-flavor-disposable-vapes","9":"product_cat-cherry-flavor-disposable-vapes","10":"product_cat-grape-flavor-disposable-vapes","11":"product_cat-ice-flavor-disposable-vapes","12":"product_cat-lemon-flavor-disposable-vapes","13":"product_cat-lush-flavor-disposable-vapes","14":"product_cat-mango-flavor-disposable-vapes","15":"product_cat-mint-flavor-disposable-vapes","16":"product_cat-pineapple-flavor-disposable-vapes","17":"product_cat-raspberry-flavor-disposable-vapes","18":"product_cat-watermelon-flavor-disposable-vapes","19":"product_cat-best-disposable-vape-in-europe","20":"product_cat-buy-disposable-vapes-in-austria","21":"product_cat-buy-disposable-vapes-in-belgium","22":"product_cat-buy-disposable-vapes-in-france","23":"product_cat-buy-disposable-vapes-in-germany","24":"product_cat-buy-disposable-vapes-in-italy","25":"product_cat-buy-disposable-vapes-in-netherlands","26":"product_cat-buy-disposable-vapes-in-norway","27":"product_cat-buy-disposable-vapes-in-poland","28":"product_cat-buy-disposable-vapes-in-portugal","29":"product_cat-buy-disposable-vapes-in-spain","30":"product_cat-buy-disposable-vapes-in-sweden","31":"product_cat-buy-disposable-vapes-in-switzerland","32":"product_cat-shop-disposable-vapes-by-puffs","33":"product_cat-15000-puff-disposable-vape","34":"product_cat-disposable-vape-types","35":"product_cat-big-puffs-disposable-vapes","36":"product_cat-digital-box-disposable-vapes","37":"product_cat-lower-nicotine-disposable-vapes","38":"product_cat-rechargeable-disposable-vapes","40":"first","41":"instock","42":"sale","43":"shipping-taxable","44":"purchasable","45":"product-type-variable"},"jetpack_sharing_enabled":true,"_links":{"self":[{"href":"https:\/\/casinovape.de\/ro\/wp-json\/wp\/v2\/product\/6767","targetHints":{"allow":["GET"]}}],"collection":[{"href":"https:\/\/casinovape.de\/ro\/wp-json\/wp\/v2\/product"}],"about":[{"href":"https:\/\/casinovape.de\/ro\/wp-json\/wp\/v2\/types\/product"}],"replies":[{"embeddable":true,"href":"https:\/\/casinovape.de\/ro\/wp-json\/wp\/v2\/comments?post=6767"}],"wp:featuredmedia":[{"embeddable":true,"href":"https:\/\/casinovape.de\/ro\/wp-json\/wp\/v2\/media\/6789"}],"wp:attachment":[{"href":"https:\/\/casinovape.de\/ro\/wp-json\/wp\/v2\/media?parent=6767"}],"wp:term":[{"taxonomy":"product_brand","embeddable":true,"href":"https:\/\/casinovape.de\/ro\/wp-json\/wp\/v2\/product_brand?post=6767"},{"taxonomy":"product_cat","embeddable":true,"href":"https:\/\/casinovape.de\/ro\/wp-json\/wp\/v2\/product_cat?post=6767"},{"taxonomy":"product_tag","embeddable":true,"href":"https:\/\/casinovape.de\/ro\/wp-json\/wp\/v2\/product_tag?post=6767"}],"curies":[{"name":"wp","href":"https:\/\/api.w.org\/{rel}","templated":true}]}}