{"id":6712,"date":"2025-04-11T02:05:58","date_gmt":"2025-04-11T02:05:58","guid":{"rendered":"https:\/\/casinovape.de\/?post_type=product&#038;p=6712"},"modified":"2025-09-06T00:50:06","modified_gmt":"2025-09-06T00:50:06","slug":"request-failed-with-status-code-628","status":"publish","type":"product","link":"https:\/\/casinovape.de\/ro\/produs\/request-failed-with-status-code-628\/","title":{"rendered":"Depozitul European Fumot RandM Tornado 7000 Puff-uri Nicotin\u0103 Sc\u0103zut\u0103 Cump\u0103ra\u021bi Vape Pen Re\u00eenc\u0103rcabil de Unic\u0103 Folosin\u021b\u0103 Autentic Original"},"content":{"rendered":"<div style=\"width: 1020px;\" class=\"wp-video\"><!--[if lt IE 9]><script>document.createElement('video');<\/script><![endif]-->\n<video class=\"wp-video-shortcode\" id=\"video-6712-1\" width=\"1020\" height=\"574\" preload=\"metadata\" controls=\"controls\"><source type=\"video\/mp4\" src=\"https:\/\/casinovape.de\/wp-content\/uploads\/2025\/04\/Fumot-RandM-Tornado-7000.mp4?_=1\" \/><a href=\"https:\/\/casinovape.de\/wp-content\/uploads\/2025\/04\/Fumot-RandM-Tornado-7000.mp4\">https:\/\/casinovape.de\/wp-content\/uploads\/2025\/04\/Fumot-RandM-Tornado-7000.mp4<\/a><\/video><\/div>\n<h2 class=\"\" data-start=\"388\" data-end=\"456\"><strong data-start=\"391\" data-end=\"456\"><a href=\"https:\/\/casinovape.de\/ro\/categorie-de-produse\/randm-fumot-vape-de-unica-folosinta\/\">FUMOT RandM Tornado 7000<\/a> Puffs \u2013 Redefinirea Artei Vapingului<\/strong><\/h2>\n<h3 class=\"\" data-start=\"458\" data-end=\"510\"><strong data-start=\"462\" data-end=\"510\">Performan\u021b\u0103 f\u0103r\u0103 egal \u00eent\u00e2lne\u0219te estetica urban\u0103<\/strong><\/h3>\n<p class=\"\" data-start=\"512\" data-end=\"965\">Vapingul se \u00eent\u00e2lne\u0219te cu arta \u00een <strong data-start=\"536\" data-end=\"590\">Pen\u0103 de vape de unic\u0103 folosin\u021b\u0103 FUMOT RandM Tornado 7000 pufuri<\/strong>, o inova\u021bie premium care combin\u0103 designul \u00eendr\u0103zne\u021b de strad\u0103 cu tehnologia de vape de ultim\u0103 genera\u021bie. Cu un exterior inspirat de graffiti \u0219i efecte de iluminare RGB str\u0103lucitoare, acest dispozitiv este la fel de captivant vizual, a\u0219a cum este de puternic. Conceput pentru vaperii moderni care caut\u0103 num\u0103r mare de pufuri, u\u0219urin\u021b\u0103 \u00een utilizare \u0219i arome bogate, Tornado 7000 nu face compromisuri nici \u00een ceea ce prive\u0219te forma, nici func\u021bia.<\/p>\n<p class=\"\" data-start=\"967\" data-end=\"1307\">La <strong data-start=\"970\" data-end=\"984\">Casinovape<\/strong>, cea mai mare platform\u0103 online din Germania pentru vape-uri de unic\u0103 folosin\u021b\u0103, pute\u021bi cump\u0103ra Tornado 7000 cu <strong data-start=\"1076\" data-end=\"1096\">f\u0103r\u0103 comand\u0103 minim\u0103<\/strong>\u2014perfect pentru persoane fizice, comercian\u021bi cu am\u0103nuntul \u0219i entuzia\u0219ti din toate domeniile <strong data-start=\"1160\" data-end=\"1178\">Pia\u021ba vape-urilor din UE<\/strong>Fiecare comand\u0103 este onorat\u0103 din <strong data-start=\"1213\" data-end=\"1240\">Depozitul European de Vape<\/strong>asigur\u00e2nd o operare rapid\u0103 \u0219i eficient\u0103 <strong data-start=\"1272\" data-end=\"1292\">Livrare \u00een 3-7 zile<\/strong> \u00een toat\u0103 Europa.<\/p>\n<hr class=\"\" data-start=\"1309\" data-end=\"1312\" \/>\n<h3 data-start=\"1314\" data-end=\"1371\"><strong data-start=\"1317\" data-end=\"1371\">De ce FUMOT<a href=\"https:\/\/casinovape.de\/ro\/categorie-de-produse\/randm-fumot-vape-de-unica-folosinta\/\"> RandM Tornado 7000<\/a> este un schimb\u0103tor de joc<\/strong><\/h3>\n<p class=\"\" data-start=\"1373\" data-end=\"1583\">De la construc\u021bia sa robust\u0103 la performan\u021ba sa cu capacitate mare, fiecare detaliu al Tornado 7000 este conceput pentru satisfac\u021bie. Acest dispozitiv este mai mult dec\u00e2t un simplu produs de unic\u0103 folosin\u021b\u0103 - este o experien\u021b\u0103 complet\u0103 de vape \u00een buzunarul dvs.<\/p>\n<h3 class=\"\" data-start=\"1585\" data-end=\"1624\"><strong data-start=\"1589\" data-end=\"1624\">Principalele caracteristici \u0219i specifica\u021bii<\/strong><\/h3>\n<ul data-start=\"1626\" data-end=\"2557\">\n<li class=\"\" data-start=\"1626\" data-end=\"1738\">\n<p class=\"\" data-start=\"1628\" data-end=\"1738\"><strong data-start=\"1628\" data-end=\"1651\">Putere maxim\u0103 de suflare<\/strong>: Livr\u0103 p\u00e2n\u0103 la <strong data-start=\"1668\" data-end=\"1682\">7000 puffs<\/strong>ideal pentru utilizare pe termen lung f\u0103r\u0103 \u00eenlocuiri constante.<\/p>\n<\/li>\n<li class=\"\" data-start=\"1739\" data-end=\"1838\">\n<p class=\"\" data-start=\"1741\" data-end=\"1838\"><strong data-start=\"1741\" data-end=\"1767\">Capacitate E-lichid 14ml<\/strong>: Pre\u00eenc\u0103rcat cu lichid de vape de calitate premium pentru o satisfac\u021bie prelungit\u0103.<\/p>\n<\/li>\n<li class=\"\" data-start=\"1839\" data-end=\"1938\">\n<p class=\"\" data-start=\"1841\" data-end=\"1938\"><strong data-start=\"1841\" data-end=\"1876\">Puteri de nicotin\u0103 personalizabile<\/strong>: Alege\u021bi din <strong data-start=\"1890\" data-end=\"1912\">0%, 2%, 3% \u0219i 5%<\/strong> pentru a se potrivi cu preferin\u021ba dvs.<\/p>\n<\/li>\n<li class=\"\" data-start=\"1939\" data-end=\"2078\">\n<p class=\"\" data-start=\"1941\" data-end=\"2078\"><strong data-start=\"1941\" data-end=\"1984\">Baterie Re\u00eenc\u0103rcabil\u0103 Integrat\u0103 1000mAh<\/strong>: Rechargeabil prin USB, asigur\u00e2nd o utilizare prelungit\u0103 p\u00e2n\u0103 la ultima pic\u0103tur\u0103 de lichid electronic.<\/p>\n<\/li>\n<li class=\"\" data-start=\"2079\" data-end=\"2182\">\n<p class=\"\" data-start=\"2081\" data-end=\"2182\"><strong data-start=\"2081\" data-end=\"2110\">Sistem de Debit de Aer Reglabil<\/strong>: Personalizeaz\u0103 tragerea pentru pufuri mai str\u00e2nse sau mai aerisite - vape-ul t\u0103u, \u00een modul t\u0103u.<\/p>\n<\/li>\n<li class=\"\" data-start=\"2183\" data-end=\"2273\">\n<p class=\"\" data-start=\"2185\" data-end=\"2273\"><strong data-start=\"2185\" data-end=\"2209\">Tehnologie Mesh Coil<\/strong>Ofer\u0103 o vapoare mai lin\u0103, mai curat\u0103, cu o livrare de arom\u0103 intens\u0103.<\/p>\n<\/li>\n<li class=\"\" data-start=\"2274\" data-end=\"2370\">\n<p class=\"\" data-start=\"2276\" data-end=\"2370\"><strong data-start=\"2276\" data-end=\"2296\">Design Ergonomic<\/strong>: Piesa bucal\u0103 din cauciuc moale, de calitate alimentar\u0103, pentru o inhalare premium \u0219i confortabil\u0103.<\/p>\n<\/li>\n<li class=\"\" data-start=\"2371\" data-end=\"2461\">\n<p class=\"\" data-start=\"2373\" data-end=\"2461\"><strong data-start=\"2373\" data-end=\"2402\">Afi\u0219aj de lumin\u0103 RGB cu 6 culori<\/strong>: Bucura\u021bi-v\u0103 de o experien\u021b\u0103 vizual\u0103 dinamic\u0103 \u0219i colorat\u0103 \u00een timp ce v\u0103pa\u021bi.<\/p>\n<\/li>\n<li class=\"\" data-start=\"2462\" data-end=\"2557\">\n<p class=\"\" data-start=\"2464\" data-end=\"2557\"><strong data-start=\"2464\" data-end=\"2490\">Ambalare gata pentru v\u00e2nzare cu am\u0103nuntul<\/strong>: 10 unit\u0103\u021bi pe cutie de afi\u0219are, 240 pe carton\u2014ideal pentru grupurile de v\u00e2nzare cu am\u0103nuntul.<\/p>\n<\/li>\n<\/ul>\n<hr class=\"\" data-start=\"2559\" data-end=\"2562\" \/>\n<h3 data-start=\"2564\" data-end=\"2601\"><strong data-start=\"2567\" data-end=\"2601\">Sursa dvs. de vape din UE cu beneficii<\/strong><\/h3>\n<p class=\"\" data-start=\"2603\" data-end=\"2918\">La Casinovape, ne specializ\u0103m \u00een m\u0103rci de top, inclusiv <strong data-start=\"2661\" data-end=\"2670\">Fumot<\/strong>, <strong data-start=\"2672\" data-end=\"2685\">Al Fakher<\/strong>, <strong data-start=\"2687\" data-end=\"2696\">Fizzy<\/strong>, <strong data-start=\"2698\" data-end=\"2713\">OBEELAB HHC<\/strong>\u0219i <strong data-start=\"2719\" data-end=\"2732\">SMPO DL02<\/strong>Politica noastr\u0103 f\u0103r\u0103 MOQ \u00eenseamn\u0103 c\u0103 pute\u021bi cump\u0103ra doar <strong data-start=\"2780\" data-end=\"2811\">1 bucat\u0103 sau cump\u0103ra\u021bi \u00een vrac<\/strong>cu livrare sigur\u0103 de la noi <strong data-start=\"2845\" data-end=\"2867\">Depozit european<\/strong> direct la u\u0219a ta - rapid, \u00een siguran\u021b\u0103 \u0219i f\u0103r\u0103 probleme.<\/p>\n<hr class=\"\" data-start=\"2920\" data-end=\"2923\" \/>\n<h3 data-start=\"2925\" data-end=\"2986\"><strong data-start=\"2928\" data-end=\"2986\">Experien\u021b\u0103 de Arom\u0103 - 20 de Profiluri Dinamice din Care s\u0103 Alege\u021bi<\/strong><\/h3>\n<p class=\"\" data-start=\"2988\" data-end=\"3199\">Bucura\u021bi-v\u0103 de o selec\u021bie extraordinar\u0103 de arome, fiecare creat\u0103 pentru a satisface diverse palate - de la r\u0103coritoare reci la amestecuri fructate. Iat\u0103 lista complet\u0103 <strong data-start=\"3138\" data-end=\"3155\">gam\u0103 de arome<\/strong>numerotate \u0219i descrise pentru o selec\u021bie u\u0219oar\u0103:<\/p>\n<ol data-start=\"3201\" data-end=\"5218\">\n<li class=\"\" data-start=\"3201\" data-end=\"3328\">\n<p class=\"\" data-start=\"3204\" data-end=\"3328\"><strong data-start=\"3204\" data-end=\"3224\">Ghea\u021b\u0103 de coac\u0103ze negre<\/strong> O explozie puternic\u0103 de coac\u0103ze negre, r\u0103cit\u0103 de o finish mentolat\u0103 \u00eenghe\u021bat\u0103, ideal\u0103 pentru iubitorii de fructe care caut\u0103 o senza\u021bie de r\u0103coare.<\/p>\n<\/li>\n<li class=\"\" data-start=\"3329\" data-end=\"3426\">\n<p class=\"\" data-start=\"3332\" data-end=\"3426\"><strong data-start=\"3332\" data-end=\"3343\">Ice Pop<\/strong> Aromele nostalgice ale acsorba\u021bilor se \u00eenv\u00e2rt \u00eentr-un vape r\u0103coritor cu o senza\u021bie de r\u0103coare dup\u0103 gust.<\/p>\n<\/li>\n<li class=\"\" data-start=\"3427\" data-end=\"3535\">\n<p class=\"\" data-start=\"3430\" data-end=\"3535\"><strong data-start=\"3430\" data-end=\"3452\">Bluesour Raspberry<\/strong> \u2013 O amestec\u0103tur\u0103 de zmeur\u0103 albastr\u0103 acr\u0103 cu o lovitur\u0103 de citrice care \u00ee\u021bi taie r\u0103suflarea.<\/p>\n<\/li>\n<li class=\"\" data-start=\"3536\" data-end=\"3637\">\n<p class=\"\" data-start=\"3539\" data-end=\"3637\"><strong data-start=\"3539\" data-end=\"3560\">Apple Berry Blast \n(Toat\u0103 expresia este un nume propriu \u0219i nu necesit\u0103 traducere, dar dac\u0103 dori\u021bi o traducere a numelui, aceasta poate fi)\n\n Explozie de M\u0103r \u0219i Afine<\/strong> \u2013 Merele dulci se \u00eent\u00e2lnesc cu o fuziune de fructe de p\u0103dure s\u0103lbatice \u00een acest amestec echilibrat \u0219i suculent.<\/p>\n<\/li>\n<li class=\"\" data-start=\"3638\" data-end=\"3741\">\n<p class=\"\" data-start=\"3641\" data-end=\"3741\"><strong data-start=\"3641\" data-end=\"3651\">Cirea\u0219\u0103<\/strong> \u2013 Gust de cire\u0219e pur, dulce, cu exact cantitatea potrivit\u0103 de aciditate \u2014 simplu \u0219i satisf\u0103c\u0103tor.<\/p>\n<\/li>\n<li class=\"\" data-start=\"3742\" data-end=\"3850\">\n<p class=\"\" data-start=\"3745\" data-end=\"3850\"><strong data-start=\"3745\" data-end=\"3763\">Pacific Cooler<\/strong> O lovitur\u0103 tropical\u0103 de ananas, mango \u0219i citrice \u00eenvelit\u0103 \u00eentr-o adiere r\u0103coritoare de mentol.<\/p>\n<\/li>\n<li class=\"\" data-start=\"3851\" data-end=\"3964\">\n<p class=\"\" data-start=\"3854\" data-end=\"3964\"><strong data-start=\"3854\" data-end=\"3872\">Limonad\u0103 de fructe de p\u0103dure<\/strong> \u2013 Fructele de p\u0103dure \u0219i limonada se \u00eent\u00e2lnesc \u00eentr-o amestec\u0103tur\u0103 dulce-acri\u0219oar\u0103 care r\u0103core\u0219te la fiecare sorbitur\u0103.<\/p>\n<\/li>\n<li class=\"\" data-start=\"3965\" data-end=\"4080\">\n<p class=\"\" data-start=\"3968\" data-end=\"4080\"><strong data-start=\"3968\" data-end=\"3983\">S\u00e2nge de Tigru<\/strong> \u2013 Exotic \u0219i \u00eendr\u0103zne\u021b, acest amestec de c\u0103p\u0219uni, pepene verde \u0219i nuc\u0103 de cocos ofer\u0103 o lovitur\u0103 de arom\u0103 puternic\u0103.<\/p>\n<\/li>\n<li class=\"\" data-start=\"4081\" data-end=\"4179\">\n<p class=\"\" data-start=\"4084\" data-end=\"4179\"><strong data-start=\"4084\" data-end=\"4095\">Domnul Albastru<\/strong> O amestec misterios \u0219i r\u0103coritor de fructe de p\u0103dure \u0219i mentol, \u00eenv\u0103luit \u00eentr-o dulcea\u021b\u0103 subtil\u0103.<\/p>\n<\/li>\n<li class=\"\" data-start=\"4180\" data-end=\"4281\">\n<p class=\"\" data-start=\"4184\" data-end=\"4281\"><strong data-start=\"4184\" data-end=\"4202\">Red Energy Ice<\/strong> \u2013 Inspirat de b\u0103uturile energizante, \u00ee\u021bi energizeaz\u0103 sim\u021burile cu o r\u0103coare suplimentar\u0103 \u0219i \u00eenghe\u021bat\u0103.<\/p>\n<\/li>\n<li class=\"\" data-start=\"4282\" data-end=\"4365\">\n<p class=\"\" data-start=\"4286\" data-end=\"4365\"><strong data-start=\"4286\" data-end=\"4303\">M\u0103r Ro\u0219u Ghea\u021b\u0103<\/strong> \u2013 Mere ro\u0219ii crocante, maturate cu o not\u0103 de mentol r\u0103coritoare subiacent\u0103.<\/p>\n<\/li>\n<li class=\"\" data-start=\"4366\" data-end=\"4476\">\n<p class=\"\" data-start=\"4370\" data-end=\"4476\"><strong data-start=\"4370\" data-end=\"4400\">Mure Cherry Afine<\/strong> \u2013 Un trio triumf\u0103tor de fructe care ofer\u0103 dulce, acru \u0219i tart \u00een acela\u0219i timp.<\/p>\n<\/li>\n<li class=\"\" data-start=\"4477\" data-end=\"4575\">\n<p class=\"\" data-start=\"4481\" data-end=\"4575\"><strong data-start=\"4481\" data-end=\"4501\">Blue Razz Cherry<\/strong> \u2013 Mureaz\u0103 vibrant\u0103 de zmeur\u0103 albastr\u0103, combinat\u0103 cu cire\u0219\u0103 suculent\u0103 pentru o \u00eentors\u0103tur\u0103 acru-dulce.<\/p>\n<\/li>\n<li class=\"\" data-start=\"4576\" data-end=\"4663\">\n<p class=\"\" data-start=\"4580\" data-end=\"4663\"><strong data-start=\"4580\" data-end=\"4593\">Ghea\u021b\u0103 de struguri<\/strong> \u2013 Gust de struguri bogat, stratificat cu mentol \u00eenghe\u021bat pentru o senza\u021bie de r\u0103coare intens\u0103.<\/p>\n<\/li>\n<li class=\"\" data-start=\"4664\" data-end=\"4739\">\n<p class=\"\" data-start=\"4668\" data-end=\"4739\"><strong data-start=\"4668\" data-end=\"4681\">Mango Ice<\/strong> \u2013 Mango tropical\u0103 ridicat\u0103 de o exhalare r\u0103coritoare de mentol.<\/p>\n<\/li>\n<li class=\"\" data-start=\"4740\" data-end=\"4836\">\n<p class=\"\" data-start=\"4744\" data-end=\"4836\"><strong data-start=\"4744\" data-end=\"4764\">Lapte de Banane Shakes<\/strong> \u2013 O arom\u0103 de desert cremoas\u0103 \u0219i vis\u0103toare de banan\u0103, perfect\u0103 pentru momente de indulgen\u021b\u0103.<\/p>\n<\/li>\n<li class=\"\" data-start=\"4837\" data-end=\"4928\">\n<p class=\"\" data-start=\"4841\" data-end=\"4928\"><strong data-start=\"4841\" data-end=\"4866\">Stafid\u0103 de pepene verde<\/strong> Fructele de var\u0103 se ciocnesc \u00een aceast\u0103 combina\u021bie de vape suculent\u0103 \u0219i r\u0103coritoare.<\/p>\n<\/li>\n<li class=\"\" data-start=\"4929\" data-end=\"5026\">\n<p class=\"\" data-start=\"4933\" data-end=\"5026\"><strong data-start=\"4933\" data-end=\"4946\">Peach Ice<\/strong> \u2013 Nectar de piersic\u0103 delicat\u0103, impregnat cu o adiere de mentol\u0103 pentru o inhalare lin\u0103 \u0219i dulce.<\/p>\n<\/li>\n<li class=\"\" data-start=\"5027\" data-end=\"5125\">\n<p class=\"\" data-start=\"5031\" data-end=\"5125\"><strong data-start=\"5031\" data-end=\"5051\">Afine pe Ghea\u021b\u0103<\/strong> \u2013 Note de afine suculente r\u0103cite la perfec\u021bie, f\u0103c\u00e2nd fiecare puf extrem de proasp\u0103t.<\/p>\n<\/li>\n<li class=\"\" data-start=\"5126\" data-end=\"5218\">\n<p class=\"\" data-start=\"5130\" data-end=\"5218\"><strong data-start=\"5130\" data-end=\"5147\">Limonad\u0103 roz<\/strong> O amestec de citrice roz zesty, care este acru, dulce \u0219i plin de caracter.<\/p>\n<\/li>\n<\/ol>\n<hr class=\"\" data-start=\"5220\" data-end=\"5223\" \/>\n<h3 data-start=\"5225\" data-end=\"5248\"><strong data-start=\"5228\" data-end=\"5248\">Pentru Cine Este Acest Lucru?<\/strong><\/h3>\n<p class=\"\" data-start=\"5250\" data-end=\"5520\">Indiferent dac\u0103 sunte\u021bi un vaporizator experimentat care caut\u0103 comoditate sau un comerciant cu am\u0103nuntul care caut\u0103 o linie de produse de \u00eencredere, <a href=\"https:\/\/casinovape.de\/ro\/categorie-de-produse\/randm-fumot-vape-de-unica-folosinta\/\"><strong data-start=\"5361\" data-end=\"5389\">FUMOT RandM Tornado 7000<\/strong> <\/a>se potrive\u0219te tuturor. F\u0103r\u0103 o configurare complicat\u0103, este ideal pentru cei care prioritizeaz\u0103 gustul, u\u0219urin\u021ba \u0219i performan\u021ba \u00eentr-un dispozitiv elegant.<\/p>\n<hr class=\"\" data-start=\"5522\" data-end=\"5525\" \/>\n<h3 data-start=\"5527\" data-end=\"5557\"><strong data-start=\"5530\" data-end=\"5557\">De ce s\u0103 cump\u0103ra\u021bi de la <a href=\"https:\/\/casinovape.de\/ro\/\">Casinovape<\/a>?<\/strong><\/h3>\n<ul data-start=\"5559\" data-end=\"5855\">\n<li class=\"\" data-start=\"5559\" data-end=\"5614\">\n<p class=\"\" data-start=\"5561\" data-end=\"5614\">\u2705 <strong data-start=\"5563\" data-end=\"5614\">Cel mai mare retailer de vape-uri de unic\u0103 folosin\u021b\u0103 din Germania<\/strong><\/p>\n<\/li>\n<li class=\"\" data-start=\"5615\" data-end=\"5684\">\n<p class=\"\" data-start=\"5617\" data-end=\"5684\">\u2705 <strong data-start=\"5619\" data-end=\"5684\">Doar M\u0103rci de Top - FUMOT, Al Fakher, OBEELAB HHC, Fizzy &amp; More<\/strong><\/p>\n<\/li>\n<li class=\"\" data-start=\"5685\" data-end=\"5725\">\n<p class=\"\" data-start=\"5687\" data-end=\"5725\">\u2705 <strong data-start=\"5689\" data-end=\"5725\">Cump\u0103ra\u021bi 1 sau \u00een cantitate - F\u0103r\u0103 comand\u0103 minim\u0103<\/strong><\/p>\n<\/li>\n<li class=\"\" data-start=\"5726\" data-end=\"5786\">\n<p class=\"\" data-start=\"5728\" data-end=\"5786\">\u2705 <strong data-start=\"5730\" data-end=\"5786\">Livrare Rapid\u0103 \u00een UE - 3-7 Zile din Depozitul European<\/strong><\/p>\n<\/li>\n<li class=\"\" data-start=\"5787\" data-end=\"5855\">\n<p class=\"\" data-start=\"5789\" data-end=\"5855\">\u2705 <strong data-start=\"5791\" data-end=\"5855\">Dedicat calit\u0103\u021bii, originalit\u0103\u021bii \u0219i satisfac\u021biei clien\u021bilor<\/strong><\/p>\n<\/li>\n<\/ul>\n<hr class=\"\" data-start=\"5857\" data-end=\"5860\" \/>\n<h3 data-start=\"5862\" data-end=\"5873\"><strong data-start=\"5865\" data-end=\"5873\">\u00centreb\u0103ri frecvente<\/strong><\/h3>\n<p class=\"\" data-start=\"5875\" data-end=\"6069\"><strong data-start=\"5875\" data-end=\"5940\">Este FUMOT RandM Tornado 7000 Vape de unic\u0103 folosin\u021b\u0103 re\u00eenc\u0103rcabil\u0103?<\/strong><br data-start=\"5940\" data-end=\"5943\" \/>Da, include o baterie integrat\u0103 de 1000mAh care este complet re\u00eenc\u0103rcabil\u0103 prin USB, permi\u021b\u00e2ndu-v\u0103 s\u0103 o utiliza\u021bi p\u00e2n\u0103 la ultima puf\u0103tur\u0103.<\/p>\n<p class=\"\" data-start=\"6071\" data-end=\"6219\"><strong data-start=\"6071\" data-end=\"6110\">Ce niveluri de nicotin\u0103 sunt disponibile?<\/strong><br data-start=\"6110\" data-end=\"6113\" \/>Acest model suport\u0103 nivelurile de nicotin\u0103 0%, 2%, 3% \u0219i 5%, oferind flexibilitate \u00een func\u021bie de preferin\u021bele dumneavoastr\u0103.<\/p>\n<p class=\"\" data-start=\"6221\" data-end=\"6386\"><strong data-start=\"6221\" data-end=\"6254\">Este potrivit pentru \u00eencep\u0103tori?<\/strong><br data-start=\"6254\" data-end=\"6257\" \/>Absolut. Este conceput at\u00e2t pentru vapori noi, c\u00e2t \u0219i pentru cei experimenta\u021bi. Doar despacheta\u021bi, \u00eenc\u0103rca\u021bi dac\u0103 este necesar, \u0219i bucura\u021bi-v\u0103 - nicio configurare sau realimentare nu este necesar\u0103.<\/p>\n<p class=\"\" data-start=\"6388\" data-end=\"6509\"><strong data-start=\"6388\" data-end=\"6423\">C\u00e2te arome sunt disponibile?<\/strong><br data-start=\"6423\" data-end=\"6426\" \/>\u00cen prezent exist\u0103 <strong data-start=\"6446\" data-end=\"6460\">20 arome<\/strong>, variind de la r\u0103citoare reci p\u00e2n\u0103 la fuzion\u0103ri bogate de fructe.<\/p>\n<p class=\"\" data-start=\"6511\" data-end=\"6660\"><strong data-start=\"6511\" data-end=\"6541\">Casinovape<\/strong><br data-start=\"6541\" data-end=\"6544\" \/>Suntem localiza\u021bi \u00een Germania \u0219i oper\u0103m dintr-un sediu dedicat <strong data-start=\"6599\" data-end=\"6626\">Depozit european de vape<\/strong>deservind clien\u021bi din \u00eentreaga UE.<\/p>","protected":false},"excerpt":{"rendered":"<p>O vape reutilizabil\u0103 puternic\u0103 \u0219i stilat\u0103 care ofer\u0103 7000 de pufuri aromate cu o baterie re\u00eenc\u0103rcabil\u0103 \u0219i iluminare RGB vibrant\u0103.<\/p>","protected":false},"featured_media":6734,"comment_status":"open","ping_status":"closed","template":"","meta":[],"product_brand":[],"product_cat":[15,78,79,80,82,86,90,96,65,66,67,68,69,70,71,72,73,74,75,76,77,57,45,56],"product_tag":[],"class_list":{"0":"post-6712","1":"product","2":"type-product","3":"status-publish","4":"has-post-thumbnail","6":"product_cat-randm-fumot-disposable-vapes","7":"product_cat-buy-best-disposable-vape-flavors","8":"product_cat-apple-flavor-disposable-vapes","9":"product_cat-blue-razz-flavor-disposable-vapes","10":"product_cat-cherry-flavor-disposable-vapes","11":"product_cat-ice-flavor-disposable-vapes","12":"product_cat-mango-flavor-disposable-vapes","13":"product_cat-raspberry-flavor-disposable-vapes","14":"product_cat-best-disposable-vape-in-europe","15":"product_cat-buy-disposable-vapes-in-austria","16":"product_cat-buy-disposable-vapes-in-belgium","17":"product_cat-buy-disposable-vapes-in-france","18":"product_cat-buy-disposable-vapes-in-germany","19":"product_cat-buy-disposable-vapes-in-italy","20":"product_cat-buy-disposable-vapes-in-netherlands","21":"product_cat-buy-disposable-vapes-in-norway","22":"product_cat-buy-disposable-vapes-in-poland","23":"product_cat-buy-disposable-vapes-in-portugal","24":"product_cat-buy-disposable-vapes-in-spain","25":"product_cat-buy-disposable-vapes-in-sweden","26":"product_cat-buy-disposable-vapes-in-switzerland","27":"product_cat-shop-disposable-vapes-by-puffs","28":"product_cat-disposable-vape-types","29":"product_cat-tornado-disposable-vapes","31":"first","32":"instock","33":"sale","34":"shipping-taxable","35":"purchasable","36":"product-type-variable"},"jetpack_sharing_enabled":true,"_links":{"self":[{"href":"https:\/\/casinovape.de\/ro\/wp-json\/wp\/v2\/product\/6712","targetHints":{"allow":["GET"]}}],"collection":[{"href":"https:\/\/casinovape.de\/ro\/wp-json\/wp\/v2\/product"}],"about":[{"href":"https:\/\/casinovape.de\/ro\/wp-json\/wp\/v2\/types\/product"}],"replies":[{"embeddable":true,"href":"https:\/\/casinovape.de\/ro\/wp-json\/wp\/v2\/comments?post=6712"}],"wp:featuredmedia":[{"embeddable":true,"href":"https:\/\/casinovape.de\/ro\/wp-json\/wp\/v2\/media\/6734"}],"wp:attachment":[{"href":"https:\/\/casinovape.de\/ro\/wp-json\/wp\/v2\/media?parent=6712"}],"wp:term":[{"taxonomy":"product_brand","embeddable":true,"href":"https:\/\/casinovape.de\/ro\/wp-json\/wp\/v2\/product_brand?post=6712"},{"taxonomy":"product_cat","embeddable":true,"href":"https:\/\/casinovape.de\/ro\/wp-json\/wp\/v2\/product_cat?post=6712"},{"taxonomy":"product_tag","embeddable":true,"href":"https:\/\/casinovape.de\/ro\/wp-json\/wp\/v2\/product_tag?post=6712"}],"curies":[{"name":"wp","href":"https:\/\/api.w.org\/{rel}","templated":true}]}}