{"id":6481,"date":"2025-04-03T03:54:37","date_gmt":"2025-04-03T03:54:37","guid":{"rendered":"https:\/\/casinovape.de\/?post_type=product&#038;p=6481"},"modified":"2025-04-28T11:21:37","modified_gmt":"2025-04-28T11:21:37","slug":"depozit-european-vozol-neon-10000-puffs-low-nicotine-cumpara-original-autentisch-reincarcabila-de-unica-folosinta-vapes-pen","status":"publish","type":"product","link":"https:\/\/casinovape.de\/ro\/produs\/depozit-european-vozol-neon-10000-puffs-low-nicotine-cumpara-original-autentisch-reincarcabila-de-unica-folosinta-vapes-pen\/","title":{"rendered":"Depozitul European Vozol neon 10000 Puffs Nicotin\u0103 Sc\u0103zut\u0103 Cump\u0103ra\u021bi Vape Pen Re\u00eenc\u0103rcabil Monousor Original Autentic"},"content":{"rendered":"<article class=\"text-token-text-primary w-full\" dir=\"auto\" data-testid=\"conversation-turn-2\" data-scroll-anchor=\"true\">\n<div class=\"text-base my-auto mx-auto py-5 px-6\">\n<div class=\"mx-auto flex flex-1 text-base gap-4 md:gap-5 lg:gap-6 md:max-w-3xl lg:max-w-[40rem] xl:max-w-[48rem] group\/turn-messages focus-visible:outline-hidden\" tabindex=\"-1\">\n<div class=\"group\/conversation-turn relative flex w-full min-w-0 flex-col agent-turn @xs\/thread:px-0 @sm\/thread:px-1.5 @md\/thread:px-4\">\n<div class=\"relative flex-col gap-1 md:gap-3\">\n<div class=\"flex max-w-full flex-col grow\">\n<div class=\"min-h-8 text-message relative flex w-full flex-col items-end gap-2 text-start break-words whitespace-normal [.text-message+&amp;]:mt-5\" dir=\"auto\" data-message-author-role=\"assistant\" data-message-id=\"1015b57b-2c78-4202-b7fd-c80867ef36f7\" data-message-model-slug=\"gpt-4o\">\n<div class=\"flex w-full flex-col gap-1 empty:hidden first:pt-[3px]\">\n<div class=\"markdown prose dark:prose-invert w-full break-words light\">\n<h2 data-start=\"454\" data-end=\"546\"><img loading=\"lazy\" decoding=\"async\" class=\"alignnone wp-image-6499 size-full\" src=\"https:\/\/casinovape.de\/wp-content\/uploads\/2025\/04\/Vozol-Neon-10000.webp\" alt=\"Depozitul European Vozol neon 10000 Puffs Nicotin\u0103 Sc\u0103zut\u0103 Cump\u0103ra\u021bi Vape Pen Re\u00eenc\u0103rcabil Monousor Original Autentic \" width=\"1200\" height=\"628\" srcset=\"https:\/\/casinovape.de\/wp-content\/uploads\/2025\/04\/Vozol-Neon-10000.webp 1200w, https:\/\/casinovape.de\/wp-content\/uploads\/2025\/04\/Vozol-Neon-10000-300x157.webp 300w, https:\/\/casinovape.de\/wp-content\/uploads\/2025\/04\/Vozol-Neon-10000-1024x536.webp 1024w, https:\/\/casinovape.de\/wp-content\/uploads\/2025\/04\/Vozol-Neon-10000-768x402.webp 768w, https:\/\/casinovape.de\/wp-content\/uploads\/2025\/04\/Vozol-Neon-10000-18x9.webp 18w, https:\/\/casinovape.de\/wp-content\/uploads\/2025\/04\/Vozol-Neon-10000-600x314.webp 600w\" sizes=\"auto, (max-width: 1200px) 100vw, 1200px\" \/><\/h2>\n<h2 data-start=\"454\" data-end=\"546\"><strong data-start=\"456\" data-end=\"544\"><a href=\"https:\/\/casinovape.de\/ro\/categorie-de-produse\/vape-de-unica-folosinta-vozol\/\">Vozol Neon 10000<\/a> Puffs Vape Rechargeable De Unic\u0103 Folosin\u021b\u0103 \u2013 Ridic\u0103 Experien\u021ba Ta De Vaping<\/strong><\/h2>\n<h2 class=\"\" data-start=\"548\" data-end=\"592\"><strong data-start=\"551\" data-end=\"590\">O experien\u021b\u0103 de vaporizare de nou\u0103 genera\u021bie<\/strong><\/h2>\n<p class=\"\" data-start=\"593\" data-end=\"1160\">The \n(acum, f\u0103r\u0103 modific\u0103ri) \nThe <strong data-start=\"597\" data-end=\"652\">Vozol Neon 10000 Puffs Rechargeable Vaporizator de Unic\u0103 Folosin\u021b\u0103<\/strong> Este conceput pentru vapori cunosc\u0103tori care caut\u0103 confort, performan\u021b\u0103 \u0219i un gust f\u0103r\u0103 egal. Laud\u0103 un impresionant <strong data-start=\"770\" data-end=\"786\">10.000 pufuri<\/strong> de la un <strong data-start=\"794\" data-end=\"818\">10 mL sering\u0103 preumplut\u0103<\/strong>acest dispozitiv ofer\u0103 o experien\u021b\u0103 excep\u021bional\u0103 cu un gust consistent, produc\u021bie de vapori lin\u0103 \u0219i o bobin\u0103 ceramic\u0103 de \u00eencredere. <strong data-start=\"946\" data-end=\"978\">Baterie re\u00eenc\u0103rcabil\u0103 500 mAh<\/strong> asigur\u0103 o bucurie de durat\u0103, f\u0103c\u00e2ndu-l perfect pentru utiliz\u0103ri prelungite. Cu <strong data-start=\"1052\" data-end=\"1075\">\u00cenc\u0103rcare USB Type-C<\/strong> Pentru re\u00eenc\u0103rc\u0103ri rapide \u0219i eficiente, nu ve\u021bi fi niciodat\u0103 f\u0103r\u0103 vape-ul dvs. preferat.<\/p>\n<p class=\"\" data-start=\"1162\" data-end=\"1498\">La <strong data-start=\"1165\" data-end=\"1179\">Casinovape<\/strong>Suntem cel mai mare retailer online de vape-uri de unic\u0103 folosin\u021b\u0103 \u00een <strong data-start=\"1239\" data-end=\"1254\">Deutschland<\/strong>Oferim m\u0103rci de top precum <strong data-start=\"1285\" data-end=\"1346\">Al Fakher, Fizzy, OBEELAB HHC, Randm Fumot \u0219i SMPO DL02<\/strong> cu <strong data-start=\"1352\" data-end=\"1381\">f\u0103r\u0103 cantitate minim\u0103 de comand\u0103<\/strong>. Produsele noastre sunt expediate direct de la noi <strong data-start=\"1419\" data-end=\"1446\">Depozitul European de Vape<\/strong>livrarea c\u0103tre <strong data-start=\"1466\" data-end=\"1479\">Pia\u021ba UE<\/strong> \u00een <strong data-start=\"1483\" data-end=\"1495\">3-7 zile<\/strong>.<\/p>\n<hr class=\"\" data-start=\"1500\" data-end=\"1503\" \/>\n<h3 data-start=\"1505\" data-end=\"1552\"><strong data-start=\"1508\" data-end=\"1550\">De ce s\u0103 alegi Vozolul <a href=\"https:\/\/casinovape.de\/ro\/categorie-de-produse\/vape-de-unica-folosinta-vozol\/\">Neon 10000 Puffs<\/a>?<\/strong><\/h3>\n<h3 class=\"\" data-start=\"1554\" data-end=\"1609\"><strong data-start=\"1558\" data-end=\"1609\">Caracteristici Inovative pentru o Experien\u021b\u0103 de Neegalat<\/strong><\/h3>\n<ul data-start=\"1610\" data-end=\"2377\">\n<li class=\"\" data-start=\"1610\" data-end=\"1699\">\n<p class=\"\" data-start=\"1612\" data-end=\"1699\"><strong data-start=\"1612\" data-end=\"1639\">Impresionante 10.000 de pufuri<\/strong>: Bucura\u021bi-v\u0103 de pufuri consistente \u0219i satisf\u0103c\u0103toare de la \u00eenceput p\u00e2n\u0103 la sf\u00e2r\u0219it.<\/p>\n<\/li>\n<li class=\"\" data-start=\"1700\" data-end=\"1775\">\n<p class=\"\" data-start=\"1702\" data-end=\"1775\"><strong data-start=\"1702\" data-end=\"1739\">Capacitate preumplut\u0103 generoas\u0103 de 10 mL<\/strong>Elimin\u0103 necesitatea de a re\u00eenc\u0103rca.<\/p>\n<\/li>\n<li class=\"\" data-start=\"1776\" data-end=\"1893\">\n<p class=\"\" data-start=\"1778\" data-end=\"1893\"><strong data-start=\"1778\" data-end=\"1810\">Baterie Re\u00eenc\u0103rcabil\u0103 500 mAh<\/strong>Baterie de lung\u0103 durat\u0103 cu <strong data-start=\"1838\" data-end=\"1861\">\u00cenc\u0103rcare USB Type-C<\/strong> pentru re\u00eenc\u0103rc\u0103ri rapide \u0219i sigure.<\/p>\n<\/li>\n<li class=\"\" data-start=\"1894\" data-end=\"1972\">\n<p class=\"\" data-start=\"1896\" data-end=\"1972\"><strong data-start=\"1896\" data-end=\"1927\">5% Nicotin\u0103 Putere (50mg)<\/strong>Ofer\u0103 o lovitur\u0103 lin\u0103 \u0219i satisf\u0103c\u0103toare pentru g\u00e2t.<\/p>\n<\/li>\n<li class=\"\" data-start=\"1973\" data-end=\"2063\">\n<p class=\"\" data-start=\"1975\" data-end=\"2063\"><strong data-start=\"1975\" data-end=\"2011\">Tehnologie avansat\u0103 de bobine ceramice<\/strong>: Livr\u0103az\u0103 arom\u0103 pur\u0103 \u0219i bogat\u0103 f\u0103r\u0103 gusturi arse.<\/p>\n<\/li>\n<li class=\"\" data-start=\"2064\" data-end=\"2144\">\n<p class=\"\" data-start=\"2066\" data-end=\"2144\"><strong data-start=\"2066\" data-end=\"2094\">Operare activat\u0103 prin desen<\/strong>: Pur \u0219i simplu inspira\u021bi pentru a activa - niciun buton nu este necesar.<\/p>\n<\/li>\n<li class=\"\" data-start=\"2145\" data-end=\"2232\">\n<p class=\"\" data-start=\"2147\" data-end=\"2232\"><strong data-start=\"2147\" data-end=\"2191\">Debit de aer fix pentru performan\u021b\u0103 constant\u0103<\/strong>: Intrare echilibrat\u0103 de aer pentru trageri lin\u0103.<\/p>\n<\/li>\n<li class=\"\" data-start=\"2233\" data-end=\"2312\">\n<p class=\"\" data-start=\"2235\" data-end=\"2312\"><strong data-start=\"2235\" data-end=\"2267\">\u00cenveli\u0219 de protec\u021bie pentru igien\u0103 bucal\u0103<\/strong>P\u0103streaz\u0103 dispozitivul curat \u0219i gata de utilizare.<\/p>\n<\/li>\n<li class=\"\" data-start=\"2313\" data-end=\"2377\">\n<p class=\"\" data-start=\"2315\" data-end=\"2377\"><strong data-start=\"2315\" data-end=\"2346\">Design compact \u0219i portabil<\/strong>Ideal pentru vaporizare \u00een deplasare.<\/p>\n<\/li>\n<\/ul>\n<hr class=\"\" data-start=\"2379\" data-end=\"2382\" \/>\n<h3 data-start=\"2384\" data-end=\"2441\"><strong data-start=\"2387\" data-end=\"2439\">Gam\u0103 de Arome: Descoper\u0103 Vapa Perfect\u0103 pentru Tine<\/strong><\/h3>\n<h3 class=\"\" data-start=\"2443\" data-end=\"2465\"><strong data-start=\"2447\" data-end=\"2463\">1. Menta R\u0103citoare<\/strong><\/h3>\n<p class=\"\" data-start=\"2466\" data-end=\"2686\">Un amestec clasic, r\u0103coritor de ment\u0103 \u00eenghe\u021bat\u0103 cu o finish r\u0103citoare. Frigul invigorant lini\u0219te\u0219te sim\u021burile tale \u0219i ofer\u0103 o experien\u021b\u0103 de vaporizare revigorant\u0103. Perfect pentru iubitorii de mentol care caut\u0103 o lovitur\u0103 crocant\u0103 \u0219i lin\u0103 de fiecare dat\u0103.<\/p>\n<h3 class=\"\" data-start=\"2688\" data-end=\"2715\"><strong data-start=\"2692\" data-end=\"2713\">2. Ghea\u021b\u0103 de pepene verde<\/strong><\/h3>\n<p class=\"\" data-start=\"2716\" data-end=\"2939\">O fuziune \u00eenc\u00e2nt\u0103toare de pepene verde suculent \u0219i mentol \u00eenghe\u021bat. Dulcea\u021ba pepenelui verde copt este completat\u0103 perfect de o exhalare \u00eenghe\u021bat\u0103, oferind o experien\u021b\u0103 r\u0103coritoare \u0219i fructat\u0103. Ideal pentru vibra\u021biile de var\u0103 pe tot parcursul anului.<\/p>\n<h3 class=\"\" data-start=\"2941\" data-end=\"2963\"><strong data-start=\"2945\" data-end=\"2961\">3. Bomb\u0103 Roz<\/strong><\/h3>\n<p class=\"\" data-start=\"2964\" data-end=\"3163\">Exploda\u021bi-v\u0103 papilele gustative cu o explozie de dulcea\u021b\u0103 fructat\u0103! Aceast\u0103 arom\u0103 unic\u0103 combin\u0103 o varietate de fructe de p\u0103dure suculente cu o not\u0103 de dulcea\u021b\u0103, oferind un gust echilibrat \u0219i satisf\u0103c\u0103tor la fiecare puf.<\/p>\n<hr class=\"\" data-start=\"3165\" data-end=\"3168\" \/>\n<h3 data-start=\"3170\" data-end=\"3241\"><strong data-start=\"3173\" data-end=\"3239\">Experimenta\u021bi confortul expedierii de la depozitul european de vape<\/strong><\/h3>\n<p class=\"\" data-start=\"3242\" data-end=\"3597\">La <a href=\"https:\/\/casinovape.de\/ro\/\"><strong data-start=\"3245\" data-end=\"3259\">Casinovape<\/strong>,<\/a> Ne m\u00e2ndrim cu o expediere rapid\u0103 \u0219i fiabil\u0103 direct de la noi. <strong data-start=\"3326\" data-end=\"3353\">Depozitul European de Vape<\/strong>Entuzia\u0219tii de vaporizare din toat\u0103 lumea <strong data-start=\"3381\" data-end=\"3396\">Deutschland<\/strong> \u0219i \nthe <strong data-start=\"3405\" data-end=\"3418\">Pia\u021ba UE<\/strong> livrare rapid\u0103 \u00een cadrul <strong data-start=\"3446\" data-end=\"3458\">3-7 zile<\/strong>Ne adres\u0103m grupurilor de retail cu <strong data-start=\"3491\" data-end=\"3520\">f\u0103r\u0103 cantitate minim\u0103 de comand\u0103<\/strong>, asigur\u00e2nd c\u0103 toat\u0103 lumea poate bucura de vape-uri de unic\u0103 folosin\u021b\u0103 premium f\u0103r\u0103 limit\u0103ri.<\/p>\n<hr class=\"\" data-start=\"3599\" data-end=\"3602\" \/>\n<h3 data-start=\"3604\" data-end=\"3638\"><strong data-start=\"3607\" data-end=\"3636\">De ce s\u0103 cump\u0103ra\u021bi de la <a href=\"https:\/\/casinovape.de\/ro\/\">Casinovape<\/a>?<\/strong><\/h3>\n<ul data-start=\"3639\" data-end=\"4039\">\n<li class=\"\" data-start=\"3639\" data-end=\"3732\">\n<p class=\"\" data-start=\"3641\" data-end=\"3732\"><strong data-start=\"3641\" data-end=\"3664\">M\u0103rci de Vape de Top<\/strong>: Al Fakher, Fizzy, OBEELAB HHC, Randm Fumot, SMPO DL02, \u0219i multe altele!<\/p>\n<\/li>\n<li class=\"\" data-start=\"3733\" data-end=\"3805\">\n<p class=\"\" data-start=\"3735\" data-end=\"3805\"><strong data-start=\"3735\" data-end=\"3764\">F\u0103r\u0103 cantitate minim\u0103 de comand\u0103<\/strong>Cump\u0103ra\u021bi c\u00e2t de pu\u021bin sau c\u00e2t de mult ave\u021bi nevoie.<\/p>\n<\/li>\n<li class=\"\" data-start=\"3806\" data-end=\"3884\">\n<p class=\"\" data-start=\"3808\" data-end=\"3884\"><strong data-start=\"3808\" data-end=\"3834\">Livrare rapid\u0103 \u00een Europa<\/strong>: Direct de la noi <strong data-start=\"3854\" data-end=\"3881\">Depozitul European de Vape<\/strong>.<\/p>\n<\/li>\n<li class=\"\" data-start=\"3885\" data-end=\"3962\">\n<p class=\"\" data-start=\"3887\" data-end=\"3962\"><strong data-start=\"3887\" data-end=\"3917\">Suport dedicat clien\u021bilor<\/strong>Suntem aici pentru a ajuta la fiecare pas.<\/p>\n<\/li>\n<li class=\"\" data-start=\"3963\" data-end=\"4039\">\n<p class=\"\" data-start=\"3965\" data-end=\"4039\"><strong data-start=\"3965\" data-end=\"4004\">O Gam\u0103 Larg\u0103 de Arome \u0219i Putere<\/strong>: Pentru fiecare preferin\u021b\u0103 ceva.<\/p>\n<\/li>\n<\/ul>\n<hr class=\"\" data-start=\"4041\" data-end=\"4044\" \/>\n<h3 data-start=\"4046\" data-end=\"4088\"><strong data-start=\"4049\" data-end=\"4086\">\u00centreb\u0103ri Frecvente (IF)<\/strong><\/h3>\n<p class=\"\" data-start=\"4090\" data-end=\"4269\"><strong data-start=\"4090\" data-end=\"4153\">1. C\u00e2t dureaz\u0103 Vozol Neon 10000 Disposable Vape?<\/strong><br data-start=\"4153\" data-end=\"4156\" \/>Dispozitivul ofer\u0103 p\u00e2n\u0103 la <strong data-start=\"4180\" data-end=\"4196\">10.000 pufuri<\/strong> cu podul s\u0103u preumplut de 10 mL, care asigur\u0103 o utilizare prelungit\u0103 \u00eenainte de eliminare.<\/p>\n<p class=\"\" data-start=\"4271\" data-end=\"4442\"><strong data-start=\"4271\" data-end=\"4314\">2. Pot re\u00eenc\u0103rca Vozol Neon 10000?<\/strong><br data-start=\"4314\" data-end=\"4317\" \/>Da, dispozitivul are o <strong data-start=\"4344\" data-end=\"4376\">Baterie re\u00eenc\u0103rcabil\u0103 500 mAh<\/strong> cu <strong data-start=\"4382\" data-end=\"4396\">USB Tip-C<\/strong> taxare pentru re\u00eenc\u0103rc\u0103ri rapide \u0219i convenabile.<\/p>\n<p class=\"\" data-start=\"4444\" data-end=\"4585\"><strong data-start=\"4444\" data-end=\"4487\">3. Este u\u0219or de utilizat Vozol Neon 10000?<\/strong><br data-start=\"4487\" data-end=\"4490\" \/>Absolut! The <strong data-start=\"4506\" data-end=\"4534\">func\u021bionare activat\u0103 prin desen<\/strong> \u00eenseamn\u0103 c\u0103 nu sunt necesare butoane - doar inspira\u021bi pentru a vapora.<\/p>\n<p class=\"\" data-start=\"4587\" data-end=\"4724\"><strong data-start=\"4587\" data-end=\"4621\">4. Ce arome sunt disponibile?<\/strong><br data-start=\"4621\" data-end=\"4624\" \/>Alege\u021bi dintre <strong data-start=\"4636\" data-end=\"4676\">Cool Mint, Ghea\u021b\u0103 de Pepene, Pink Bomb<\/strong>\u0219i multe altele pentru o experien\u021b\u0103 de vaporizare personalizat\u0103.<\/p>\n<p class=\"\" data-start=\"4726\" data-end=\"4884\"><strong data-start=\"4726\" data-end=\"4759\">5. Livra\u021bi \u00een toat\u0103 Europa?<\/strong><br data-start=\"4759\" data-end=\"4762\" \/>Da, <strong data-start=\"4767\" data-end=\"4781\">Casinovape<\/strong> livreaz\u0103 \u00eentregului <strong data-start=\"4805\" data-end=\"4818\">Pia\u021ba UE<\/strong> cu <strong data-start=\"4824\" data-end=\"4844\">Livrare \u00een 3-7 zile<\/strong> din partea noastr\u0103 <strong data-start=\"4854\" data-end=\"4881\">Depozitul European de Vape<\/strong>.<\/p>\n<hr class=\"\" data-start=\"4886\" data-end=\"4889\" \/>\n<h3 data-start=\"4891\" data-end=\"4949\"><strong data-start=\"4894\" data-end=\"4947\">Comanda\u021bi Vozol Neon 10000 de la Casinovape Ast\u0103zi!<\/strong><\/h3>\n<p class=\"\" data-start=\"4950\" data-end=\"5210\">Ridica\u021bi experien\u021ba dvs. de vaporizare cu ajutorul <strong data-start=\"4990\" data-end=\"5045\">Vozol Neon 10000 Puffs Rechargeable Vaporizator de Unic\u0103 Folosin\u021b\u0103<\/strong>\u2014un dispozitiv conceput pentru performan\u021b\u0103, arom\u0103 \u0219i comoditate. <strong data-start=\"5106\" data-end=\"5120\">Casinovape<\/strong> Este destina\u021bia dvs. de \u00eencredere pentru vape-uri de unic\u0103 folosin\u021b\u0103 premium \u00een <strong data-start=\"5181\" data-end=\"5196\">Deutschland<\/strong> \u0219i mai departe.<\/p>\n<p class=\"\" data-start=\"5212\" data-end=\"5341\">Cump\u0103ra\u021bi acum la <a href=\"https:\/\/casinovape.de\/ro\/\"><strong data-start=\"5226\" data-end=\"5240\">Casinovape<\/strong><\/a> pentru vape-uri de unic\u0103 folosin\u021b\u0103 premium cu <strong data-start=\"5275\" data-end=\"5304\">f\u0103r\u0103 cantitate minim\u0103 de comand\u0103<\/strong> \u0219i livrare rapid\u0103 \u00een toat\u0103 <strong data-start=\"5330\" data-end=\"5340\">Europa<\/strong>!<\/p>\n<\/div>\n<\/div>\n<\/div>\n<\/div>\n<\/div>\n<\/div>\n<\/div>\n<\/div>\n<\/article>","protected":false},"excerpt":{"rendered":"<p>Experimenta\u021bi vaporizarea puternic\u0103 \u0219i de lung\u0103 durat\u0103 cu <strong data-start=\"50\" data-end=\"105\">Vozol Neon 10000 Puffs Rechargeable Vaporizator de Unic\u0103 Folosin\u021b\u0103<\/strong>\u2014ofer\u0103 arome intense, 10.000 de pufuri \u0219i \u00eenc\u0103rcare convenabil\u0103 prin USB Type-C.<\/p>","protected":false},"featured_media":6505,"comment_status":"open","ping_status":"closed","template":"","meta":[],"product_brand":[],"product_cat":[22],"product_tag":[],"class_list":{"0":"post-6481","1":"product","2":"type-product","3":"status-publish","4":"has-post-thumbnail","6":"product_cat-vozol-disposable-vapes","8":"first","9":"outofstock","10":"shipping-taxable","11":"product-type-variable"},"jetpack_sharing_enabled":true,"_links":{"self":[{"href":"https:\/\/casinovape.de\/ro\/wp-json\/wp\/v2\/product\/6481","targetHints":{"allow":["GET"]}}],"collection":[{"href":"https:\/\/casinovape.de\/ro\/wp-json\/wp\/v2\/product"}],"about":[{"href":"https:\/\/casinovape.de\/ro\/wp-json\/wp\/v2\/types\/product"}],"replies":[{"embeddable":true,"href":"https:\/\/casinovape.de\/ro\/wp-json\/wp\/v2\/comments?post=6481"}],"wp:featuredmedia":[{"embeddable":true,"href":"https:\/\/casinovape.de\/ro\/wp-json\/wp\/v2\/media\/6505"}],"wp:attachment":[{"href":"https:\/\/casinovape.de\/ro\/wp-json\/wp\/v2\/media?parent=6481"}],"wp:term":[{"taxonomy":"product_brand","embeddable":true,"href":"https:\/\/casinovape.de\/ro\/wp-json\/wp\/v2\/product_brand?post=6481"},{"taxonomy":"product_cat","embeddable":true,"href":"https:\/\/casinovape.de\/ro\/wp-json\/wp\/v2\/product_cat?post=6481"},{"taxonomy":"product_tag","embeddable":true,"href":"https:\/\/casinovape.de\/ro\/wp-json\/wp\/v2\/product_tag?post=6481"}],"curies":[{"name":"wp","href":"https:\/\/api.w.org\/{rel}","templated":true}]}}