{"id":6420,"date":"2025-04-03T03:37:55","date_gmt":"2025-04-03T03:37:55","guid":{"rendered":"https:\/\/casinovape.de\/?post_type=product&#038;p=6420"},"modified":"2025-06-09T01:13:44","modified_gmt":"2025-06-09T01:13:44","slug":"depozit-european-vozol-gear-putere-20000-puffs-nicotina-scazuta-cumpara-original-autentisch-reincarcabila-de-unica-folosinta-vapes-pen","status":"publish","type":"product","link":"https:\/\/casinovape.de\/ro\/produs\/depozit-european-vozol-gear-putere-20000-puffs-nicotina-scazuta-cumpara-original-autentisch-reincarcabila-de-unica-folosinta-vapes-pen\/","title":{"rendered":"Depozitul European Vozol Gear Power 20000 Puffs Nicotin\u0103 Sc\u0103zut\u0103 Cump\u0103ra\u021bi Vape Pen Re\u00eenc\u0103rcabil Monousor Original Autentic"},"content":{"rendered":"<div style=\"width: 888px;\" class=\"wp-video\"><!--[if lt IE 9]><script>document.createElement('video');<\/script><![endif]-->\n<video class=\"wp-video-shortcode\" id=\"video-6420-1\" width=\"888\" height=\"498\" preload=\"metadata\" controls=\"controls\"><source type=\"video\/mp4\" src=\"https:\/\/casinovape.de\/wp-content\/uploads\/2025\/04\/VOZOL-GEAR-POWER-20000.mp4?_=1\" \/><a href=\"https:\/\/casinovape.de\/wp-content\/uploads\/2025\/04\/VOZOL-GEAR-POWER-20000.mp4\">https:\/\/casinovape.de\/wp-content\/uploads\/2025\/04\/VOZOL-GEAR-POWER-20000.mp4<\/a><\/video><\/div>\n<h2 class=\"\" data-start=\"507\" data-end=\"548\"><a href=\"https:\/\/casinovape.de\/ro\/categorie-de-produse\/vape-de-unica-folosinta-vozol\/\">VOZOL Gear Power 20000<\/a> Vaporizator de unic\u0103 folosin\u021b\u0103<\/h2>\n<h3 class=\"\" data-start=\"550\" data-end=\"565\">Descriere<\/h3>\n<p class=\"\" data-start=\"567\" data-end=\"724\"><span class=\"relative -mx-px my-[-0.2rem] rounded-sm px-px py-[0.2rem]\">VOZOL Gear Power 20000 Disposable Vape este un dispozitiv de ultim\u0103 genera\u021bie conceput pentru vaperii care caut\u0103 at\u00e2t longevitate, c\u00e2t \u0219i performan\u021b\u0103 excep\u021bional\u0103.<\/span> <span class=\"relative -mx-px my-[-0.2rem] rounded-sm px-px py-[0.2rem]\">Cu un sistem inovativ de mod de alimentare dual\u0103, utilizatorii pot alege \u00eentre modul Eco, care ofer\u0103 p\u00e2n\u0103 la 20.000 de pufuri, \u0219i modul Power, care asigur\u0103 aproximativ 12.000 de pufuri.<\/span> <span class=\"relative -mx-px my-[-0.2rem] rounded-sm px-px py-[0.2rem]\">Aceast\u0103 flexibilitate v\u0103 permite s\u0103 v\u0103 adapta\u021bi experien\u021ba de vaporizare la preferin\u021bele dvs., indiferent dac\u0103 acorda\u021bi prioritate unei utiliz\u0103ri prelungite sau unei sesiuni mai intense.<\/span>Nu a fost furnizat niciun text pentru traducere. V\u0103 rog furniza\u021bi textul \u00een limba englez\u0103 pe care dori\u021bi s\u0103 \u00eel traduc \u00een limba rom\u00e2n\u0103.<\/p>\n<p class=\"\" data-start=\"726\" data-end=\"883\"><span class=\"relative -mx-px my-[-0.2rem] rounded-sm px-px py-[0.2rem]\">Dotat\u0103 cu un rezervor substan\u021bial de e-lichid preumplut de 20mL, cu o putere de nicotin\u0103 de 5% (50mg), VOZOL Gear Power asigur\u0103 o experien\u021b\u0103 de vaping satisf\u0103c\u0103toare \u0219i prelungit\u0103.<\/span> <span class=\"relative -mx-px my-[-0.2rem] rounded-sm px-px py-[0.2rem]\">Dispozitivul are o baterie re\u00eenc\u0103rcabil\u0103 de 650mAh, completat\u0103 de un port de \u00eenc\u0103rcare USB Type-C pentru re\u00eenc\u0103rcare rapid\u0103 \u0219i convenabil\u0103.<\/span> <span class=\"relative -mx-px my-[-0.2rem] rounded-sm px-px py-[0.2rem]\">Afi\u0219ajul LED pe toat\u0103 ecranul ofer\u0103 informa\u021bii \u00een timp real despre durata de via\u021b\u0103 a bateriei, nivelurile de e-lichid \u0219i starea de alimentare, \u021bin\u00e2ndu-v\u0103 informat \u0219i sub control.<\/span>Nu a fost furnizat niciun text pentru traducere. V\u0103 rog furniza\u021bi textul \u00een limba englez\u0103 pe care dori\u021bi s\u0103 \u00eel traduc \u00een limba rom\u00e2n\u0103.<\/p>\n<p class=\"\" data-start=\"885\" data-end=\"1010\"><span class=\"relative -mx-px my-[-0.2rem] rounded-sm px-px py-[0.2rem]\">\u00cencorpor\u00e2nd tehnologia avansat\u0103 S.i.L.C. (Smooth, Identical, Long-lasting, Clean) \u0219i un sistem de bobin\u0103 cu dubl\u0103 plas\u0103, aceast\u0103 vape de unic\u0103 folosin\u021b\u0103 ofer\u0103 arome consistente \u0219i bogate, precum \u0219i o produc\u021bie de vapori lin\u0103 de la prima p\u00e2n\u0103 la ultima puf\u0103tur\u0103.<\/span> <span class=\"relative -mx-px my-[-0.2rem] rounded-sm px-px py-[0.2rem]\">Includerea unui protector pentru piesa bucal\u0103 asigur\u0103 igiena \u0219i cur\u0103\u021benia, \u00eembun\u0103t\u0103\u021bind experien\u021ba general\u0103 a utilizatorului.<\/span>Nu a fost furnizat niciun text pentru traducere. V\u0103 rog furniza\u021bi textul \u00een limba englez\u0103 pe care dori\u021bi s\u0103 \u00eel traduc \u00een limba rom\u00e2n\u0103.<\/p>\n<h3 class=\"\" data-start=\"1012\" data-end=\"1028\">Caracteristici cheie<\/h3>\n<ul data-start=\"1030\" data-end=\"1916\">\n<li class=\"\" data-start=\"1030\" data-end=\"1217\">\n<p class=\"\" data-start=\"1032\" data-end=\"1055\"><strong data-start=\"1032\" data-end=\"1053\">Moduri duble de alimentare:<\/strong><\/p>\n<ul data-start=\"1058\" data-end=\"1217\">\n<li class=\"\" data-start=\"1058\" data-end=\"1113\">\n<p class=\"\" data-start=\"1060\" data-end=\"1113\"><em data-start=\"1060\" data-end=\"1071\">Mod Eco:<\/em> <span class=\"relative -mx-px my-[-0.2rem] rounded-sm px-px py-[0.2rem]\">Livreaz\u0103 p\u00e2n\u0103 la 20.000 de pufuri pentru o utilizare prelungit\u0103.<\/span><\/p>\n<\/li>\n<li class=\"\" data-start=\"1116\" data-end=\"1217\">\n<p class=\"\" data-start=\"1118\" data-end=\"1217\"><em data-start=\"1118\" data-end=\"1131\">Modul de putere:<\/em> <span class=\"relative -mx-px my-[-0.2rem] rounded-sm px-px py-[0.2rem]\">Ofer\u0103 aproximativ 12.000 de pufuri pentru o experien\u021b\u0103 de vaporizare mai intens\u0103.<\/span><\/p>\n<\/li>\n<\/ul>\n<\/li>\n<li class=\"\" data-start=\"1219\" data-end=\"1338\">\n<p class=\"\" data-start=\"1221\" data-end=\"1338\"><strong data-start=\"1221\" data-end=\"1252\">Capacitate Generoas\u0103 de E-Lichid:<\/strong> <span class=\"relative -mx-px my-[-0.2rem] rounded-sm px-px py-[0.2rem]\">Pre-umplut cu 20mL de lichid electronic cu o putere de nicotin\u0103 de 50mg (51%) pentru o satisfac\u021bie prelungit\u0103.<\/span>Nu a fost furnizat niciun text pentru traducere. V\u0103 rog furniza\u021bi textul \u00een limba englez\u0103 pe care dori\u021bi s\u0103 \u00eel traduc \u00een limba rom\u00e2n\u0103.<\/p>\n<\/li>\n<li class=\"\" data-start=\"1340\" data-end=\"1453\">\n<p class=\"\" data-start=\"1342\" data-end=\"1453\"><strong data-start=\"1342\" data-end=\"1367\">Baterie re\u00eenc\u0103rcabil\u0103:<\/strong> <span class=\"relative -mx-px my-[-0.2rem] rounded-sm px-px py-[0.2rem]\">Echipat cu o baterie de 650mAh \u0219i \u00eenc\u0103rcare USB Type-C pentru re\u00eenc\u0103rcare rapid\u0103 \u0219i convenabil\u0103.<\/span>Nu a fost furnizat niciun text pentru traducere. V\u0103 rog furniza\u021bi textul \u00een limba englez\u0103 pe care dori\u021bi s\u0103 \u00eel traduc \u00een limba rom\u00e2n\u0103.<\/p>\n<\/li>\n<li class=\"\" data-start=\"1455\" data-end=\"1571\">\n<p class=\"\" data-start=\"1457\" data-end=\"1571\"><strong data-start=\"1457\" data-end=\"1485\">Afi\u0219aj LED pe toat\u0103 ecranul:<\/strong> <span class=\"relative -mx-px my-[-0.2rem] rounded-sm px-px py-[0.2rem]\">Ofer\u0103 actualiz\u0103ri \u00een timp real despre durata de via\u021b\u0103 a bateriei, nivelurile de e-lichid \u0219i starea de alimentare.<\/span>Nu a fost furnizat niciun text pentru traducere. V\u0103 rog furniza\u021bi textul \u00een limba englez\u0103 pe care dori\u021bi s\u0103 \u00eel traduc \u00een limba rom\u00e2n\u0103.<\/p>\n<\/li>\n<li class=\"\" data-start=\"1573\" data-end=\"1687\">\n<p class=\"\" data-start=\"1575\" data-end=\"1687\"><strong data-start=\"1575\" data-end=\"1601\">Sistem Dual Mesh Coil:<\/strong> <span class=\"relative -mx-px my-[-0.2rem] rounded-sm px-px py-[0.2rem]\">\u00cembun\u0103t\u0103\u021be\u0219te intensitatea aromei \u0219i produc\u021bia de vapori pentru o experien\u021b\u0103 de vapare superioar\u0103.<\/span>Nu a fost furnizat niciun text pentru traducere. V\u0103 rog furniza\u021bi textul \u00een limba englez\u0103 pe care dori\u021bi s\u0103 \u00eel traduc \u00een limba rom\u00e2n\u0103.<\/p>\n<\/li>\n<li class=\"\" data-start=\"1689\" data-end=\"1801\">\n<p class=\"\" data-start=\"1691\" data-end=\"1801\"><strong data-start=\"1691\" data-end=\"1715\">Tehnologia S.i.L.C.<\/strong> <span class=\"relative -mx-px my-[-0.2rem] rounded-sm px-px py-[0.2rem]\">Asigur\u0103 extrageri lin\u0103, consecvente \u0219i curate pe toat\u0103 durata de via\u021b\u0103 a dispozitivului.<\/span>Nu a fost furnizat niciun text pentru traducere. V\u0103 rog furniza\u021bi textul \u00een limba englez\u0103 pe care dori\u021bi s\u0103 \u00eel traduc \u00een limba rom\u00e2n\u0103.<\/p>\n<\/li>\n<li class=\"\" data-start=\"1803\" data-end=\"1916\">\n<p class=\"\" data-start=\"1805\" data-end=\"1916\"><strong data-start=\"1805\" data-end=\"1830\">Protector bucal:<\/strong> <span class=\"relative -mx-px my-[-0.2rem] rounded-sm px-px py-[0.2rem]\">Men\u021bine igiena \u0219i cur\u0103\u021benia dispozitivului.<\/span><\/p>\n<\/li>\n<\/ul>\n<h3 class=\"\" data-start=\"1918\" data-end=\"1956\">De ce s\u0103 alegi <a href=\"https:\/\/casinovape.de\/ro\/categorie-de-produse\/vape-de-unica-folosinta-vozol\/\">VOZOL Gear Power 20000<\/a>?<\/h3>\n<p class=\"\" data-start=\"1958\" data-end=\"2163\"><span class=\"relative -mx-px my-[-0.2rem] rounded-sm px-px py-[0.2rem]\">VOZOL Gear Power 20000 iese \u00een eviden\u021b\u0103 pe pia\u021ba vape-urilor de unic\u0103 folosin\u021b\u0103 datorit\u0103 combina\u021biei sale de capacitate mare, tehnologie avansat\u0103 \u0219i design centrat pe utilizator.<\/span> <span class=\"relative -mx-px my-[-0.2rem] rounded-sm px-px py-[0.2rem]\">Modurile duale de putere ofer\u0103 versatilitate pentru a se potrivi diferitelor preferin\u021be de vapare, \u00een timp ce capacitatea substan\u021bial\u0103 de e-lichid \u0219i bateria re\u00eenc\u0103rcabil\u0103 asigur\u0103 o utilizare de lung\u0103 durat\u0103 f\u0103r\u0103 \u00eenlocuiri frecvente.<\/span> <span class=\"relative -mx-px my-[-0.2rem] rounded-sm px-px py-[0.2rem]\">Integrarea tehnologiei S.i.L.C. \u0219i a unui sistem de bobin\u0103 cu dubl\u0103 plas\u0103 garanteaz\u0103 o experien\u021b\u0103 uniform lin\u0103 \u0219i aromat\u0103.<\/span> <span class=\"relative -mx-px my-[-0.2rem] rounded-sm px-px py-[0.2rem]\">\u00cen plus, afi\u0219ajul LED pe ecran complet \u0219i protec\u021bia gurii adaug\u0103 confort \u0219i igien\u0103, f\u0103c\u00e2nd acest dispozitiv o alegere de top pentru vapoarele exigente.<\/span><\/p>\n<p class=\"\" data-start=\"1958\" data-end=\"2163\"><img loading=\"lazy\" decoding=\"async\" class=\"alignnone wp-image-6452 size-full\" src=\"https:\/\/casinovape.de\/wp-content\/uploads\/2025\/04\/Vozol-gear-power-20000-2-scaled.webp\" alt=\"Depozitul European Vozol putere 20000 Puff-uri Nicotin\u0103 Sc\u0103zut\u0103 Cump\u0103ra\u021bi Vape Pen Re\u00eenc\u0103rcabil de Unic\u0103 Folosin\u021b\u0103 Autentic Original\" width=\"2560\" height=\"1440\" srcset=\"https:\/\/casinovape.de\/wp-content\/uploads\/2025\/04\/Vozol-gear-power-20000-2-scaled.webp 2560w, https:\/\/casinovape.de\/wp-content\/uploads\/2025\/04\/Vozol-gear-power-20000-2-300x169.webp 300w, https:\/\/casinovape.de\/wp-content\/uploads\/2025\/04\/Vozol-gear-power-20000-2-1024x576.webp 1024w, https:\/\/casinovape.de\/wp-content\/uploads\/2025\/04\/Vozol-gear-power-20000-2-768x432.webp 768w, https:\/\/casinovape.de\/wp-content\/uploads\/2025\/04\/Vozol-gear-power-20000-2-1536x864.webp 1536w, https:\/\/casinovape.de\/wp-content\/uploads\/2025\/04\/Vozol-gear-power-20000-2-2048x1152.webp 2048w, https:\/\/casinovape.de\/wp-content\/uploads\/2025\/04\/Vozol-gear-power-20000-2-18x10.webp 18w, https:\/\/casinovape.de\/wp-content\/uploads\/2025\/04\/Vozol-gear-power-20000-2-600x337.webp 600w\" sizes=\"auto, (max-width: 2560px) 100vw, 2560px\" \/>Nu a fost furnizat niciun text pentru traducere. V\u0103 rog furniza\u021bi textul \u00een limba englez\u0103 pe care dori\u021bi s\u0103 \u00eel traduc \u00een limba rom\u00e2n\u0103.<\/p>\n<h3 class=\"\" data-start=\"2165\" data-end=\"2186\">Aromele disponibile<\/h3>\n<p class=\"\" data-start=\"2188\" data-end=\"2273\"><span class=\"relative -mx-px my-[-0.2rem] rounded-sm px-px py-[0.2rem]\">VOZOL Gear Power 20000 este disponibil \u00eentr-o varietate de arome meticulos create pentru a satisface diverse palate:<\/span>Nu a fost furnizat niciun text pentru traducere. V\u0103 rog furniza\u021bi textul \u00een limba englez\u0103 pe care dori\u021bi s\u0103 \u00eel traduc \u00een limba rom\u00e2n\u0103.<\/p>\n<ol data-start=\"2275\" data-end=\"3378\">\n<li class=\"\" data-start=\"2275\" data-end=\"2382\">\n<p class=\"\" data-start=\"2278\" data-end=\"2382\"><strong data-start=\"2278\" data-end=\"2296\">Blue Razz Ice:<\/strong> <span class=\"relative -mx-px my-[-0.2rem] rounded-sm px-px py-[0.2rem]\">O combina\u021bie picant\u0103 de zmeur\u0103 albastr\u0103 cu un final mentolat r\u0103coritor, oferind un echilibru perfect de dulce \u0219i \u00eenghe\u021bat.<\/span><\/p>\n<\/li>\n<li class=\"\" data-start=\"2384\" data-end=\"2493\">\n<p class=\"\" data-start=\"2387\" data-end=\"2493\"><strong data-start=\"2387\" data-end=\"2407\">Caribbean Juice:<\/strong> <span class=\"relative -mx-px my-[-0.2rem] rounded-sm px-px py-[0.2rem]\">O amestec exotic de fructe tropicale care te transport\u0103 \u00eentr-o paradis \u00eensorit la fiecare puf.<\/span>Nu a fost furnizat niciun text pentru traducere. V\u0103 rog furniza\u021bi textul \u00een limba englez\u0103 pe care dori\u021bi s\u0103 \u00eel traduc \u00een limba rom\u00e2n\u0103.<\/p>\n<\/li>\n<li class=\"\" data-start=\"2495\" data-end=\"2605\">\n<p class=\"\" data-start=\"2498\" data-end=\"2605\"><strong data-start=\"2498\" data-end=\"2519\">Cherry Berry Ice:<\/strong> <span class=\"relative -mx-px my-[-0.2rem] rounded-sm px-px py-[0.2rem]\">O combina\u021bie dulce \u0219i acr\u0103 de cire\u0219e \u0219i fructe de p\u0103dure amestecate, \u00eembun\u0103t\u0103\u021bit\u0103 cu o lovitur\u0103 r\u0103coritoare de mentol.<\/span>Nu a fost furnizat niciun text pentru traducere. V\u0103 rog furniza\u021bi textul \u00een limba englez\u0103 pe care dori\u021bi s\u0103 \u00eel traduc \u00een limba rom\u00e2n\u0103.<\/p>\n<\/li>\n<li class=\"\" data-start=\"2607\" data-end=\"2710\">\n<p class=\"\" data-start=\"2610\" data-end=\"2710\"><strong data-start=\"2610\" data-end=\"2624\">R\u0103coarea Mentinei:<\/strong> <span class=\"relative -mx-px my-[-0.2rem] rounded-sm px-px py-[0.2rem]\">Un gust de ment\u0103 crocant \u0219i invigorant care ofer\u0103 o experien\u021b\u0103 de vapare curat\u0103 \u0219i r\u0103coritoare.<\/span>Nu a fost furnizat niciun text pentru traducere. V\u0103 rog furniza\u021bi textul \u00een limba englez\u0103 pe care dori\u021bi s\u0103 \u00eel traduc \u00een limba rom\u00e2n\u0103.<\/p>\n<\/li>\n<li class=\"\" data-start=\"2712\" data-end=\"2822\">\n<p class=\"\" data-start=\"2715\" data-end=\"2822\"><strong data-start=\"2715\" data-end=\"2736\">Double Apple Ice:<\/strong> <span class=\"relative -mx-px my-[-0.2rem] rounded-sm px-px py-[0.2rem]\">O amestecare armonioas\u0103 de mere ro\u0219ii \u0219i verzi cu o not\u0103 de mentol r\u0103coritoare, echilibr\u00e2nd dulcea\u021ba \u0219i aciditatea.<\/span>Nu a fost furnizat niciun text pentru traducere. V\u0103 rog furniza\u021bi textul \u00een limba englez\u0103 pe care dori\u021bi s\u0103 \u00eel traduc \u00een limba rom\u00e2n\u0103.<\/p>\n<\/li>\n<li class=\"\" data-start=\"2824\" data-end=\"2927\">\n<p class=\"\" data-start=\"2827\" data-end=\"2927\"><strong data-start=\"2827\" data-end=\"2841\">Ghea\u021b\u0103 de struguri:<\/strong> <span class=\"relative -mx-px my-[-0.2rem] rounded-sm px-px py-[0.2rem]\">Struguri suculen\u021bi, coap\u021bi la soare, completa\u021bi de o adiere mentolat\u0103 crocant\u0103, cre\u00e2nd o senza\u021bie r\u0103coritoare \u0219i dulce.<\/span>Nu a fost furnizat niciun text pentru traducere. V\u0103 rog furniza\u021bi textul \u00een limba englez\u0103 pe care dori\u021bi s\u0103 \u00eel traduc \u00een limba rom\u00e2n\u0103.<\/p>\n<\/li>\n<li class=\"\" data-start=\"2929\" data-end=\"3040\">\n<p class=\"\" data-start=\"2932\" data-end=\"3040\"><strong data-start=\"2932\" data-end=\"2954\">Ghea\u021b\u0103 de Mango Mexican\u0103:<\/strong> <span class=\"relative -mx-px my-[-0.2rem] rounded-sm px-px py-[0.2rem]\">Mangoase luxuriante, coapte, infuzate cu o not\u0103 de mentol, oferind o evadare tropical\u0103 la fiecare inhalare.<\/span>Nu a fost furnizat niciun text pentru traducere. V\u0103 rog furniza\u021bi textul \u00een limba englez\u0103 pe care dori\u021bi s\u0103 \u00eel traduc \u00een limba rom\u00e2n\u0103.<\/p>\n<\/li>\n<li class=\"\" data-start=\"3042\" data-end=\"3156\">\n<p class=\"\" data-start=\"3045\" data-end=\"3156\"><strong data-start=\"3045\" data-end=\"3070\">Raspberry Watermelon: \nNici o traducere necesara pentru acest text, se pare a fi un nume propriu de produs. \nRaspberry Watermelon<\/strong> <span class=\"relative -mx-px my-[-0.2rem] rounded-sm px-px py-[0.2rem]\">O fuziune \u00eenc\u00e2nt\u0103toare de zmeur\u0103 dulce \u0219i pepene verde suculent, oferind o vape r\u0103coritoare \u0219i fructat\u0103.<\/span>Nu a fost furnizat niciun text pentru traducere. V\u0103 rog furniza\u021bi textul \u00een limba englez\u0103 pe care dori\u021bi s\u0103 \u00eel traduc \u00een limba rom\u00e2n\u0103.<\/p>\n<\/li>\n<li class=\"\" data-start=\"3158\" data-end=\"3267\">\n<p class=\"\" data-start=\"3161\" data-end=\"3267\"><strong data-start=\"3161\" data-end=\"3181\">Strawberry Kiwi: \nCapsuni Kiwi:<\/strong> <span class=\"relative -mx-px my-[-0.2rem] rounded-sm px-px py-[0.2rem]\">O pereche clasic\u0103 de c\u0103p\u0219uni suculente \u0219i kiwi acri\u0219or, oferind o experien\u021b\u0103 lin\u0103 \u0219i aromat\u0103.<\/span>Nu a fost furnizat niciun text pentru traducere. V\u0103 rog furniza\u021bi textul \u00een limba englez\u0103 pe care dori\u021bi s\u0103 \u00eel traduc \u00een limba rom\u00e2n\u0103.<\/p>\n<\/li>\n<li class=\"\" data-start=\"3269\" data-end=\"3378\">\n<p class=\"\" data-start=\"3273\" data-end=\"3378\"><strong data-start=\"3273\" data-end=\"3292\">Ghea\u021b\u0103 de pepene verde:<\/strong> <span class=\"relative -mx-px my-[-0.2rem] rounded-sm px-px py-[0.2rem]\">Gust de pepene verde r\u0103coritor cu o finishare mentolat\u0103 r\u0103coare, perfect\u0103 pentru zilele c\u0103lduroase de var\u0103.<\/span>Nu a fost furnizat niciun text pentru traducere. V\u0103 rog furniza\u021bi textul \u00een limba englez\u0103 pe care dori\u021bi s\u0103 \u00eel traduc \u00een limba rom\u00e2n\u0103.<\/p>\n<\/li>\n<\/ol>\n<h3 class=\"\" data-start=\"3380\" data-end=\"3388\">\u00centreb\u0103ri frecvente<\/h3>\n<p class=\"\" data-start=\"3390\" data-end=\"3525\"><strong data-start=\"3390\" data-end=\"3437\">Este VOZOL Gear Power 20000 re\u00eenc\u0103rcabil?<\/strong><br data-start=\"3437\" data-end=\"3440\" \/><span class=\"relative -mx-px my-[-0.2rem] rounded-sm px-px py-[0.2rem]\">Da, dispune de o baterie re\u00eenc\u0103rcabil\u0103 de 650mAh cu un port de \u00eenc\u0103rcare USB Type-C pentru re\u00eenc\u0103rcare rapid\u0103 \u0219i convenabil\u0103.<\/span><\/p>\n<p class=\"\" data-start=\"3527\" data-end=\"3652\"><strong data-start=\"3527\" data-end=\"3564\">Cum func\u021bioneaz\u0103 modurile duble de putere?<\/strong><br data-start=\"3564\" data-end=\"3567\" \/><span class=\"relative -mx-px my-[-0.2rem] rounded-sm px-px py-[0.2rem]\">Dispozitivul ofer\u0103 dou\u0103 moduri: Modul Eco pentru p\u00e2n\u0103 la 20.000 de pufuri, concentrat pe utilizare prelungit\u0103, \u0219i Modul Putere pentru aproximativ 12.000 de pufuri, oferind o experien\u021b\u0103 de vaporizare mai intens\u0103.<\/span>Nu a fost furnizat niciun text pentru traducere. V\u0103 rog furniza\u021bi textul \u00een limba englez\u0103 pe care dori\u021bi s\u0103 \u00eel traduc \u00een limba rom\u00e2n\u0103.<\/p>\n<p class=\"\" data-start=\"3654\" data-end=\"3774\"><strong data-start=\"3654\" data-end=\"3686\">Ce este tehnologia S.i.L.C.?<\/strong><br data-start=\"3686\" data-end=\"3689\" \/><span class=\"relative -mx-px my-[-0.2rem] rounded-sm px-px py-[0.2rem]\">S.i.L.C. \u00eenseamn\u0103 tehnologie Smooth, Identic\u0103, de Lung\u0103 Durat\u0103, Curat\u0103, care asigur\u0103 arome consistente \u0219i de \u00eenalt\u0103 calitate, precum \u0219i o produc\u021bie de vapori lin\u0103 pe toat\u0103 durata de via\u021b\u0103 a dispozitivului.<\/span>Nu a fost furnizat niciun text pentru traducere. V\u0103 rog furniza\u021bi textul \u00een limba englez\u0103 pe care dori\u021bi s\u0103 \u00eel traduc \u00een limba rom\u00e2n\u0103.<\/p>\n<p class=\"\" data-start=\"3776\" data-end=\"3918\"><strong data-start=\"3776\" data-end=\"3830\">Cum pute\u021bi monitoriza nivelurile bateriei \u0219i e-lichidului?<\/strong><br data-start=\"3830\" data-end=\"3833\" \/><span class=\"relative -mx-px my-[-0.2rem] rounded-sm px-px py-[0.2rem]\">Afi\u0219ajul LED pe toat\u0103 ecranul ofer\u0103 informa\u021bii \u00een timp real despre durata de via\u021b\u0103 a bateriei, nivelurile de e-lichid \u0219i starea de alimentare, \u021bin\u00e2ndu-v\u0103 informat \u0219i sub control.<\/span>Nu a fost furnizat niciun text pentru traducere. V\u0103 rog furniza\u021bi textul \u00een limba englez\u0103 pe care dori\u021bi s\u0103 \u00eel traduc \u00een limba rom\u00e2n\u0103.<\/p>","protected":false},"excerpt":{"rendered":"<p>The \n(acum, f\u0103r\u0103 modific\u0103ri) \nThe<strong> VOZOL Gear Power 20000<\/strong> Disposable Vape ofer\u0103 p\u00e2n\u0103 la 20.000 de pufuri, un afi\u0219aj pe tot ecranul, dou\u0103 moduri de alimentare \u0219i o baterie re\u00eenc\u0103rcabil\u0103 pentru o experien\u021b\u0103 de vaporizare premium.<\/p>","protected":false},"featured_media":6463,"comment_status":"open","ping_status":"closed","template":"","meta":[],"product_brand":[],"product_cat":[22],"product_tag":[],"class_list":{"0":"post-6420","1":"product","2":"type-product","3":"status-publish","4":"has-post-thumbnail","6":"product_cat-vozol-disposable-vapes","8":"first","9":"instock","10":"sale","11":"shipping-taxable","12":"purchasable","13":"product-type-variable"},"jetpack_sharing_enabled":true,"_links":{"self":[{"href":"https:\/\/casinovape.de\/ro\/wp-json\/wp\/v2\/product\/6420","targetHints":{"allow":["GET"]}}],"collection":[{"href":"https:\/\/casinovape.de\/ro\/wp-json\/wp\/v2\/product"}],"about":[{"href":"https:\/\/casinovape.de\/ro\/wp-json\/wp\/v2\/types\/product"}],"replies":[{"embeddable":true,"href":"https:\/\/casinovape.de\/ro\/wp-json\/wp\/v2\/comments?post=6420"}],"wp:featuredmedia":[{"embeddable":true,"href":"https:\/\/casinovape.de\/ro\/wp-json\/wp\/v2\/media\/6463"}],"wp:attachment":[{"href":"https:\/\/casinovape.de\/ro\/wp-json\/wp\/v2\/media?parent=6420"}],"wp:term":[{"taxonomy":"product_brand","embeddable":true,"href":"https:\/\/casinovape.de\/ro\/wp-json\/wp\/v2\/product_brand?post=6420"},{"taxonomy":"product_cat","embeddable":true,"href":"https:\/\/casinovape.de\/ro\/wp-json\/wp\/v2\/product_cat?post=6420"},{"taxonomy":"product_tag","embeddable":true,"href":"https:\/\/casinovape.de\/ro\/wp-json\/wp\/v2\/product_tag?post=6420"}],"curies":[{"name":"wp","href":"https:\/\/api.w.org\/{rel}","templated":true}]}}