{"id":6342,"date":"2025-03-23T13:08:08","date_gmt":"2025-03-23T13:08:08","guid":{"rendered":"https:\/\/casinovape.de\/?post_type=product&#038;p=6342"},"modified":"2025-09-05T15:03:37","modified_gmt":"2025-09-05T15:03:37","slug":"depozit-european-suonon-drag-22000-puffs-shisha-low-nicotine-buy-original-authentisch-reincarcabila-de-unica-folosinta-vapes-pen","status":"publish","type":"product","link":"https:\/\/casinovape.de\/ro\/produs\/depozit-european-suonon-drag-22000-puffs-shisha-low-nicotine-buy-original-authentisch-reincarcabila-de-unica-folosinta-vapes-pen\/","title":{"rendered":"Depozitul European Suonon trage 22000 de pufuri Shisha Nicotin\u0103 sc\u0103zut\u0103 Cump\u0103ra\u021bi Vape Pen reutilizabil \u0219i re\u00eenc\u0103rcabil original autentic, de unic\u0103 folosin\u021b\u0103"},"content":{"rendered":"<div style=\"width: 848px;\" class=\"wp-video\"><!--[if lt IE 9]><script>document.createElement('video');<\/script><![endif]-->\n<video class=\"wp-video-shortcode\" id=\"video-6342-1\" width=\"848\" height=\"480\" preload=\"metadata\" controls=\"controls\"><source type=\"video\/mp4\" src=\"https:\/\/casinovape.de\/wp-content\/uploads\/2025\/03\/Suonon-drag-22000.mp4?_=1\" \/><a href=\"https:\/\/casinovape.de\/wp-content\/uploads\/2025\/03\/Suonon-drag-22000.mp4\">https:\/\/casinovape.de\/wp-content\/uploads\/2025\/03\/Suonon-drag-22000.mp4<\/a><\/video><\/div>\n<h2 data-start=\"437\" data-end=\"511\"><strong data-start=\"437\" data-end=\"511\">Experimenta\u021bi Vaping F\u0103r\u0103 Precedent Cu<a href=\"https:\/\/casinovape.de\/ro\/categorie-de-produse\/request-failed-with-status-code-585\/\"> SUONON DRAG 22000<\/a> Vaporizator de unic\u0103 folosin\u021b\u0103<\/strong><\/h2>\n<p class=\"\" data-start=\"513\" data-end=\"803\">\u00cen peisajul \u00een evolu\u021bie al vapingului, SUONON DRAG 22000 Disposable Vape iese \u00een eviden\u021b\u0103 ca un far al inova\u021biei \u0219i confortului. Conceput at\u00e2t pentru \u00eencep\u0103tori, c\u00e2t \u0219i pentru vaperii experimenta\u021bi, acest dispozitiv ofer\u0103 o experien\u021b\u0103 f\u0103r\u0103 precedent, \u00eembin\u00e2nd perfect tehnologia avansat\u0103 cu caracteristici u\u0219or de utilizat.<\/p>\n<h3 data-start=\"805\" data-end=\"825\"><strong data-start=\"805\" data-end=\"825\">Prezentare general\u0103 a produsului<\/strong><\/h3>\n<p class=\"\" data-start=\"827\" data-end=\"1154\">SUONON DRAG 22000 este un dispozitiv de vape de unic\u0103 folosin\u021b\u0103 de ultim\u0103 genera\u021bie, conceput pentru a oferi o experien\u021b\u0103 de vaping satisf\u0103c\u0103toare \u0219i prelungit\u0103. Cu o capacitate impresionant\u0103 de p\u00e2n\u0103 la 22.000 de pufuri, asigur\u0103 longevitate \u0219i performan\u021b\u0103 constant\u0103, f\u0103c\u00e2ndu-l un companion de \u00eencredere pentru cei care caut\u0103 calitate \u0219i rezisten\u021b\u0103 \u00een sesiunile lor de vaping.<\/p>\n<h3 data-start=\"1156\" data-end=\"1172\"><strong data-start=\"1156\" data-end=\"1172\">Caracteristici cheie<\/strong><\/h3>\n<ul data-start=\"1174\" data-end=\"1758\">\n<li class=\"\" data-start=\"1174\" data-end=\"1289\">\n<p class=\"\" data-start=\"1176\" data-end=\"1289\"><strong data-start=\"1176\" data-end=\"1206\">Mod Dual &amp; Bobin\u0103 Dual Mesh<\/strong>: <span class=\"relative -mx-px my-[-0.2rem] rounded px-px py-[0.2rem]\">Aceast\u0103 func\u021bie permite utilizatorilor s\u0103 comute cu u\u0219urin\u021b\u0103 \u00eentre modurile Turbo \u0219i Regular, adapt\u00e2nd experien\u021ba lor de vaping la preferin\u021bele personale. Designul bobinei duble cu plas\u0103 asigur\u0103 o \u00eenc\u0103lzire eficient\u0103, duc\u00e2nd la o livrare de arom\u0103 bogat\u0103 \u0219i constant\u0103.<\/span>Nu a fost furnizat niciun text pentru traducere. V\u0103 rog furniza\u021bi textul \u00een limba englez\u0103 pe care dori\u021bi s\u0103 \u00eel traduc \u00een limba rom\u00e2n\u0103.<\/p>\n<\/li>\n<li class=\"\" data-start=\"1291\" data-end=\"1408\">\n<p class=\"\" data-start=\"1293\" data-end=\"1408\"><strong data-start=\"1293\" data-end=\"1325\">Design compact \u0219i ergonomic<\/strong>: <span class=\"relative -mx-px my-[-0.2rem] rounded px-px py-[0.2rem]\">M\u0103sur\u00e2nd 27,5 x 51 x 99,2 mm, SUONON DRAG 22000 este confec\u021bionat din material policarbonat (PC) durabil, oferind at\u00e2t rezilien\u021b\u0103, c\u00e2t \u0219i o aderen\u021b\u0103 confortabil\u0103.<\/span>Nu a fost furnizat niciun text pentru traducere. V\u0103 rog furniza\u021bi textul \u00een limba englez\u0103 pe care dori\u021bi s\u0103 \u00eel traduc \u00een limba rom\u00e2n\u0103.<\/p>\n<\/li>\n<li class=\"\" data-start=\"1410\" data-end=\"1528\">\n<p class=\"\" data-start=\"1412\" data-end=\"1528\"><strong data-start=\"1412\" data-end=\"1445\">Capacitate substan\u021bial\u0103 de lichid electronic<\/strong>: <span class=\"relative -mx-px my-[-0.2rem] rounded px-px py-[0.2rem]\">Dotat\u0103 cu un rezervor de e-lichid de 25 ml, aceast\u0103 dispozitiv\u0103 minimizeaz\u0103 necesitatea de realiment\u0103ri frecvente, oferind o experien\u021b\u0103 de vaporizare f\u0103r\u0103 probleme.<\/span>Nu a fost furnizat niciun text pentru traducere. V\u0103 rog furniza\u021bi textul \u00een limba englez\u0103 pe care dori\u021bi s\u0103 \u00eel traduc \u00een limba rom\u00e2n\u0103.<\/p>\n<\/li>\n<li class=\"\" data-start=\"1530\" data-end=\"1639\">\n<p class=\"\" data-start=\"1532\" data-end=\"1639\"><strong data-start=\"1532\" data-end=\"1556\">Rezisten\u021b\u0103 Optimizat\u0103<\/strong>: <span class=\"relative -mx-px my-[-0.2rem] rounded px-px py-[0.2rem]\">Prezent\u00e2nd o gam\u0103 de rezisten\u021b\u0103 de 0,5-1,0 \u03a9, dispozitivul asigur\u0103 o produc\u021bie de vapori lin\u0103 \u0219i un gust consistent la fiecare puf.<\/span>Nu a fost furnizat niciun text pentru traducere. V\u0103 rog furniza\u021bi textul \u00een limba englez\u0103 pe care dori\u021bi s\u0103 \u00eel traduc \u00een limba rom\u00e2n\u0103.<\/p>\n<\/li>\n<li class=\"\" data-start=\"1641\" data-end=\"1758\">\n<p class=\"\" data-start=\"1643\" data-end=\"1758\"><strong data-start=\"1643\" data-end=\"1675\">Performan\u021b\u0103 Fiabil\u0103 a Bateriei<\/strong>: <span class=\"relative -mx-px my-[-0.2rem] rounded px-px py-[0.2rem]\">Capacitatea bateriei de 800mAh suport\u0103 utilizarea prelungit\u0103, iar designul re\u00eenc\u0103rcabil asigur\u0103 c\u0103 pute\u021bi utiliza dispozitivul la poten\u021bialul s\u0103u maxim.<\/span>Nu a fost furnizat niciun text pentru traducere. V\u0103 rog furniza\u021bi textul \u00een limba englez\u0103 pe care dori\u021bi s\u0103 \u00eel traduc \u00een limba rom\u00e2n\u0103.<\/p>\n<\/li>\n<\/ul>\n<h3 data-start=\"1760\" data-end=\"1797\"><strong data-start=\"1760\" data-end=\"1797\">De ce s\u0103 alegi<a href=\"https:\/\/casinovape.de\/ro\/categorie-de-produse\/request-failed-with-status-code-585\/\"> SUONON DRAG 22000<\/a>?<\/strong><\/h3>\n<ul data-start=\"1799\" data-end=\"2257\">\n<li class=\"\" data-start=\"1799\" data-end=\"1906\">\n<p class=\"\" data-start=\"1801\" data-end=\"1906\"><strong data-start=\"1801\" data-end=\"1819\">Utilizare extins\u0103<\/strong>: <span class=\"relative -mx-px my-[-0.2rem] rounded px-px py-[0.2rem]\">Cu p\u00e2n\u0103 la 22.000 de pufuri, acest dispozitiv r\u0103spunde nevoilor utilizatorilor care caut\u0103 longevitate, reduc\u00e2nd frecven\u021ba \u00eenlocuirilor \u0219i oferind satisfac\u021bie sus\u021binut\u0103.<\/span>Nu a fost furnizat niciun text pentru traducere. V\u0103 rog furniza\u021bi textul \u00een limba englez\u0103 pe care dori\u021bi s\u0103 \u00eel traduc \u00een limba rom\u00e2n\u0103.<\/p>\n<\/li>\n<li class=\"\" data-start=\"1908\" data-end=\"2031\">\n<p class=\"\" data-start=\"1910\" data-end=\"2031\"><strong data-start=\"1910\" data-end=\"1944\">Experien\u021b\u0103 de Vaping Personalizabil\u0103<\/strong>: <span class=\"relative -mx-px my-[-0.2rem] rounded px-px py-[0.2rem]\">Func\u021bionalitatea dual-mod permite utilizatorilor s\u0103 \u00ee\u0219i ajusteze stilul de vaporizare, indiferent dac\u0103 prefer\u0103 o experien\u021b\u0103 mai intens\u0103 sau mai relaxat\u0103.<\/span>Nu a fost furnizat niciun text pentru traducere. V\u0103 rog furniza\u021bi textul \u00een limba englez\u0103 pe care dori\u021bi s\u0103 \u00eel traduc \u00een limba rom\u00e2n\u0103.<\/p>\n<\/li>\n<li class=\"\" data-start=\"2033\" data-end=\"2146\">\n<p class=\"\" data-start=\"2035\" data-end=\"2146\"><strong data-start=\"2035\" data-end=\"2059\">Design Utilizator-Convenabil<\/strong>: <span class=\"relative -mx-px my-[-0.2rem] rounded px-px py-[0.2rem]\">Dimensiunile sale compacte \u0219i structura ergonomic\u0103 \u00eel fac convenabil de transportat \u0219i utilizat, integr\u00e2ndu-se perfect \u00een diferite stiluri de via\u021b\u0103.<\/span>Nu a fost furnizat niciun text pentru traducere. V\u0103 rog furniza\u021bi textul \u00een limba englez\u0103 pe care dori\u021bi s\u0103 \u00eel traduc \u00een limba rom\u00e2n\u0103.<\/p>\n<\/li>\n<li class=\"\" data-start=\"2148\" data-end=\"2257\">\n<p class=\"\" data-start=\"2150\" data-end=\"2257\"><strong data-start=\"2150\" data-end=\"2170\">Integritatea Aromei<\/strong>: <span class=\"relative -mx-px my-[-0.2rem] rounded px-px py-[0.2rem]\">Tehnologia avansat\u0103 a bobinei de plas\u0103 asigur\u0103 c\u0103 fiecare puf ofer\u0103 un gust consistent \u0219i bogat, \u00eembun\u0103t\u0103\u021bind experien\u021ba general\u0103 de vaporizare.<\/span>Nu a fost furnizat niciun text pentru traducere. V\u0103 rog furniza\u021bi textul \u00een limba englez\u0103 pe care dori\u021bi s\u0103 \u00eel traduc \u00een limba rom\u00e2n\u0103.<\/p>\n<\/li>\n<\/ul>\n<h3 data-start=\"2259\" data-end=\"2280\"><strong data-start=\"2259\" data-end=\"2280\">Aromele disponibile<\/strong><\/h3>\n<p class=\"\" data-start=\"2282\" data-end=\"2393\">SUONON DRAG 22000 ofer\u0103 o gam\u0103 divers\u0103 de arome, fiecare creat\u0103 pentru a oferi un gust unic \u0219i satisf\u0103c\u0103tor:<\/p>\n<ol data-start=\"2395\" data-end=\"3690\">\n<li class=\"\" data-start=\"2395\" data-end=\"2498\">\n<p class=\"\" data-start=\"2398\" data-end=\"2498\"><strong data-start=\"2398\" data-end=\"2411\">Peach Ice<\/strong>: <span class=\"relative -mx-px my-[-0.2rem] rounded px-px py-[0.2rem]\">O amestecare armonioas\u0103 de piersici suculente cu un final r\u0103coritor \u00eenghe\u021bat, oferind o senza\u021bie dulce \u0219i r\u0103coritoare.<\/span>Nu a fost furnizat niciun text pentru traducere. V\u0103 rog furniza\u021bi textul \u00een limba englez\u0103 pe care dori\u021bi s\u0103 \u00eel traduc \u00een limba rom\u00e2n\u0103.<\/p>\n<\/li>\n<li class=\"\" data-start=\"2500\" data-end=\"2605\">\n<p class=\"\" data-start=\"2503\" data-end=\"2605\"><strong data-start=\"2503\" data-end=\"2518\">P\u0103r Mango<\/strong>: <span class=\"relative -mx-px my-[-0.2rem] rounded px-px py-[0.2rem]\">Combin\u0103 gustul suculent al piersicilor coapte cu dulcea\u021ba tropical\u0103 a mangoilor, cre\u00e2nd o fuziune \u00eenc\u00e2nt\u0103toare.<\/span>Nu a fost furnizat niciun text pentru traducere. V\u0103 rog furniza\u021bi textul \u00een limba englez\u0103 pe care dori\u021bi s\u0103 \u00eel traduc \u00een limba rom\u00e2n\u0103.<\/p>\n<\/li>\n<li class=\"\" data-start=\"2607\" data-end=\"2712\">\n<p class=\"\" data-start=\"2610\" data-end=\"2712\"><strong data-start=\"2610\" data-end=\"2625\">Amestec de Fructe de P\u0103dure<\/strong>: <span class=\"relative -mx-px my-[-0.2rem] rounded px-px py-[0.2rem]\">O selec\u021bie variat\u0103 de fructe de p\u0103dure, oferind un echilibru perfect de dulcea\u021b\u0103 \u0219i aciditate pentru un profil de arom\u0103 vibrant.<\/span>Nu a fost furnizat niciun text pentru traducere. V\u0103 rog furniza\u021bi textul \u00een limba englez\u0103 pe care dori\u021bi s\u0103 \u00eel traduc \u00een limba rom\u00e2n\u0103.<\/p>\n<\/li>\n<li class=\"\" data-start=\"2714\" data-end=\"2821\">\n<p class=\"\" data-start=\"2717\" data-end=\"2821\"><strong data-start=\"2717\" data-end=\"2734\">Limonad\u0103 roz<\/strong>: <span class=\"relative -mx-px my-[-0.2rem] rounded px-px py-[0.2rem]\">Captur\u0103 gustul clasic al l\u0103m\u00e2ilor acre cu o not\u0103 de dulcea\u021b\u0103, evoc\u00e2nd o b\u0103utur\u0103 r\u0103coritoare de var\u0103.<\/span>Nu a fost furnizat niciun text pentru traducere. V\u0103 rog furniza\u021bi textul \u00een limba englez\u0103 pe care dori\u021bi s\u0103 \u00eel traduc \u00een limba rom\u00e2n\u0103.<\/p>\n<\/li>\n<li class=\"\" data-start=\"2823\" data-end=\"2938\">\n<p class=\"\" data-start=\"2826\" data-end=\"2938\"><strong data-start=\"2826\" data-end=\"2851\">Stafid\u0103 de pepene verde<\/strong>: <span class=\"relative -mx-px my-[-0.2rem] rounded px-px py-[0.2rem]\">\u00cembin\u0103 dulcea\u021ba c\u0103p\u0219unilor cu gustul crocant \u0219i r\u0103coritor al pepenelui, rezult\u00e2nd o \u00eenc\u00e2ntare fructat\u0103.<\/span>Nu a fost furnizat niciun text pentru traducere. V\u0103 rog furniza\u021bi textul \u00een limba englez\u0103 pe care dori\u021bi s\u0103 \u00eel traduc \u00een limba rom\u00e2n\u0103.<\/p>\n<\/li>\n<li class=\"\" data-start=\"2940\" data-end=\"3048\">\n<p class=\"\" data-start=\"2943\" data-end=\"3048\"><strong data-start=\"2943\" data-end=\"2961\">Ghea\u021b\u0103 de pepene verde<\/strong>: <span class=\"relative -mx-px my-[-0.2rem] rounded px-px py-[0.2rem]\">Livr\u0103 aroma suculent\u0103 a pepenelui verde completat\u0103 de o finish mentolat\u0103 r\u0103coritoare, perfect\u0103 pentru un vape revigorant.<\/span>Nu a fost furnizat niciun text pentru traducere. V\u0103 rog furniza\u021bi textul \u00een limba englez\u0103 pe care dori\u021bi s\u0103 \u00eel traduc \u00een limba rom\u00e2n\u0103.<\/p>\n<\/li>\n<li class=\"\" data-start=\"3050\" data-end=\"3153\">\n<p class=\"\" data-start=\"3053\" data-end=\"3153\"><strong data-start=\"3053\" data-end=\"3066\">Ghea\u021b\u0103 de struguri<\/strong>: <span class=\"relative -mx-px my-[-0.2rem] rounded px-px py-[0.2rem]\">Ofer\u0103 gustul bogat al strugurilor coap\u021bi, cu o not\u0103 r\u0103coritoare de ghea\u021b\u0103, echilibr\u00e2nd dulcea\u021ba cu prospe\u021bimea.<\/span>Nu a fost furnizat niciun text pentru traducere. V\u0103 rog furniza\u021bi textul \u00een limba englez\u0103 pe care dori\u021bi s\u0103 \u00eel traduc \u00een limba rom\u00e2n\u0103.<\/p>\n<\/li>\n<li class=\"\" data-start=\"3155\" data-end=\"3254\">\n<p class=\"\" data-start=\"3158\" data-end=\"3254\"><strong data-start=\"3158\" data-end=\"3167\">Vimto<\/strong>: <span class=\"relative -mx-px my-[-0.2rem] rounded px-px py-[0.2rem]\">Inspirat\u0103 de b\u0103utura clasic\u0103, aceast\u0103 arom\u0103 combin\u0103 diverse fructe pentru o experien\u021b\u0103 de gust unic\u0103 \u0219i nostalgic\u0103.<\/span>Nu a fost furnizat niciun text pentru traducere. V\u0103 rog furniza\u021bi textul \u00een limba englez\u0103 pe care dori\u021bi s\u0103 \u00eel traduc \u00een limba rom\u00e2n\u0103.<\/p>\n<\/li>\n<li class=\"\" data-start=\"3256\" data-end=\"3364\">\n<p class=\"\" data-start=\"3259\" data-end=\"3364\"><strong data-start=\"3259\" data-end=\"3277\">Strawberry Ice<\/strong>: <span class=\"relative -mx-px my-[-0.2rem] rounded px-px py-[0.2rem]\">Combin\u0103 gustul delicios al c\u0103p\u0219unilor cu o adiere r\u0103coritoare de mentol, oferind o interpretare fresh a unui gust clasic de fructe.<\/span>Nu a fost furnizat niciun text pentru traducere. V\u0103 rog furniza\u021bi textul \u00een limba englez\u0103 pe care dori\u021bi s\u0103 \u00eel traduc \u00een limba rom\u00e2n\u0103.<\/p>\n<\/li>\n<li class=\"\" data-start=\"3366\" data-end=\"3467\">\n<p class=\"\" data-start=\"3370\" data-end=\"3467\"><strong data-start=\"3370\" data-end=\"3380\">Cirea\u0219\u0103<\/strong>: <span class=\"relative -mx-px my-[-0.2rem] rounded px-px py-[0.2rem]\">Ofer\u0103 aroma puternic\u0103 \u0219i dulce a cire\u0219elor coapte, oferind o experien\u021b\u0103 de vape bogat\u0103 \u0219i satisf\u0103c\u0103toare.<\/span>Nu a fost furnizat niciun text pentru traducere. V\u0103 rog furniza\u021bi textul \u00een limba englez\u0103 pe care dori\u021bi s\u0103 \u00eel traduc \u00een limba rom\u00e2n\u0103.<\/p>\n<\/li>\n<li class=\"\" data-start=\"3469\" data-end=\"3583\">\n<p class=\"\" data-start=\"3473\" data-end=\"3583\"><strong data-start=\"3473\" data-end=\"3496\">Mure Afine<\/strong>: <span class=\"relative -mx-px my-[-0.2rem] rounded px-px py-[0.2rem]\">O fuziune de afine dulci \u0219i zmeur\u0103 acri\u0219oar\u0103, cre\u00e2nd un profil echilibrat \u0219i aromat.<\/span>Nu a fost furnizat niciun text pentru traducere. V\u0103 rog furniza\u021bi textul \u00een limba englez\u0103 pe care dori\u021bi s\u0103 \u00eel traduc \u00een limba rom\u00e2n\u0103.<\/p>\n<\/li>\n<li class=\"\" data-start=\"3585\" data-end=\"3690\">\n<p class=\"\" data-start=\"3589\" data-end=\"3690\"><strong data-start=\"3589\" data-end=\"3603\">M\u0103r acri\u0219or<\/strong>: <span class=\"relative -mx-px my-[-0.2rem] rounded px-px py-[0.2rem]\">Prinde gustul crocant \u0219i acut al merelor verzi, oferind o experien\u021b\u0103 r\u0103coritoare \u0219i u\u0219or astringent\u0103.<\/span>Nu a fost furnizat niciun text pentru traducere. V\u0103 rog furniza\u021bi textul \u00een limba englez\u0103 pe care dori\u021bi s\u0103 \u00eel traduc \u00een limba rom\u00e2n\u0103.<\/p>\n<\/li>\n<\/ol>\n<h3 data-start=\"3692\" data-end=\"3729\"><strong data-start=\"3692\" data-end=\"3729\">\u00centreb\u0103ri Frecvente (IF)<\/strong><\/h3>\n<ul data-start=\"3731\" data-end=\"4298\">\n<li class=\"\" data-start=\"3731\" data-end=\"3864\">\n<p class=\"\" data-start=\"3733\" data-end=\"3775\"><strong data-start=\"3733\" data-end=\"3775\">Este SUONON DRAG 22000 re\u00eenc\u0103rcabil\u0103?<\/strong><\/p>\n<p class=\"\" data-start=\"3779\" data-end=\"3864\"><span class=\"relative -mx-px my-[-0.2rem] rounded px-px py-[0.2rem]\">Da, dispune de o baterie re\u00eenc\u0103rcabil\u0103 de 800mAh, asigur\u00e2nd o utilizare prelungit\u0103 \u0219i confort.<\/span>Nu a fost furnizat niciun text pentru traducere. V\u0103 rog furniza\u021bi textul \u00een limba englez\u0103 pe care dori\u021bi s\u0103 \u00eel traduc \u00een limba rom\u00e2n\u0103.<\/p>\n<\/li>\n<li class=\"\" data-start=\"3866\" data-end=\"4009\">\n<p class=\"\" data-start=\"3868\" data-end=\"3920\"><strong data-start=\"3868\" data-end=\"3920\">Cum comut\u0103 \u00eentre modurile Turbo \u0219i Regular?<\/strong><\/p>\n<p class=\"\" data-start=\"3924\" data-end=\"4009\"><span class=\"relative -mx-px my-[-0.2rem] rounded px-px py-[0.2rem]\">Dispozitivul este proiectat pentru comutarea modurilor f\u0103r\u0103 \u00eentreruperi; consulta\u021bi manualul de utilizare pentru instruc\u021biuni specifice.<\/span>Nu a fost furnizat niciun text pentru traducere. V\u0103 rog furniza\u021bi textul \u00een limba englez\u0103 pe care dori\u021bi s\u0103 \u00eel traduc \u00een limba rom\u00e2n\u0103.<\/p>\n<\/li>\n<li class=\"\" data-start=\"4011\" data-end=\"4152\">\n<p class=\"\" data-start=\"4013\" data-end=\"4063\"><strong data-start=\"4013\" data-end=\"4063\">Care este puterea de nicotin\u0103 a lichidului de \u021bigar\u0103 electronic\u0103?<\/strong><\/p>\n<p class=\"\" data-start=\"4067\" data-end=\"4152\"><span class=\"relative -mx-px my-[-0.2rem] rounded px-px py-[0.2rem]\">Puterea nicotinei variaz\u0103 \u00een func\u021bie de arom\u0103; v\u0103 rug\u0103m s\u0103 verifica\u021bi specifica\u021biile produsului pentru informa\u021bii detaliate.<\/span><\/p>\n<\/li>\n<li class=\"\" data-start=\"4154\" data-end=\"4298\">\n<p class=\"\" data-start=\"4156\" data-end=\"4209\"><strong data-start=\"4156\" data-end=\"4209\">C\u00e2t timp dureaz\u0103 \u00eenc\u0103rcarea complet\u0103 a dispozitivului?<\/strong><\/p>\n<p class=\"\" data-start=\"4213\" data-end=\"4298\"><span class=\"relative -mx-px my-[-0.2rem] rounded px-px py-[0.2rem]\">Timpii de \u00eenc\u0103rcare pot varia; consulta\u0163i manualul de utilizare pentru duratele de \u00eenc\u0103rcare recomandate.<\/span>Nu a fost furnizat niciun text pentru traducere. V\u0103 rog furniza\u021bi textul \u00een limba englez\u0103 pe care dori\u021bi s\u0103 \u00eel traduc \u00een limba rom\u00e2n\u0103.<\/p>\n<\/li>\n<\/ul>\n<h3 data-start=\"4300\" data-end=\"4349\"><strong data-start=\"4300\" data-end=\"4349\">Cump\u0103ra\u021bi Produsul Dvs. <a href=\"https:\/\/casinovape.de\/ro\/categorie-de-produse\/request-failed-with-status-code-585\/\">SUONON DRAG 22000<\/a> la Casinovape<\/strong><\/h3>\n<p class=\"\" data-start=\"4351\" data-end=\"4817\">La Casinovape, suntem m\u00e2ndri s\u0103 fim cea mai mare platform\u0103 de retail online pentru vape de unic\u0103 folosin\u021b\u0103 \u00een Deutschland. Oferim o selec\u021bie extins\u0103 de m\u0103rci, inclusiv Al Fakher, Fizzy, OBEELAB HHC, Randm Fumot \u0219i SMPO DL02. F\u0103r\u0103 o cantitate minim\u0103 de comand\u0103, pute\u021bi cump\u0103ra \u00eencep\u00e2nd de la o singur\u0103 bucat\u0103, satisf\u0103c\u00e2nd at\u00e2t nevoile individuale, c\u00e2t \u0219i cele de retail. Produsele noastre sunt expediate din depozitul nostru european de vape, asigur\u00e2nd livrarea \u00een termen de 3-7 zile pe pia\u021ba UE.<\/p>\n<h3 data-start=\"4819\" data-end=\"4845\"><strong data-start=\"4819\" data-end=\"4845\">De ce s\u0103 alegi <a href=\"https:\/\/casinovape.de\/ro\/\">Casinovape<\/a>?<\/strong><\/h3>\n<ul data-start=\"4847\" data-end=\"5137\">\n<li class=\"\" data-start=\"4847\" data-end=\"4959\">\n<p class=\"\" data-start=\"4849\" data-end=\"4959\"><strong data-start=\"4849\" data-end=\"4872\">Selec\u021bie extins\u0103<\/strong>: <span class=\"relative -mx-px my-[-0.2rem] rounded px-px py-[0.2rem]\">Oferim o gam\u0103 larg\u0103 de vape-uri de unic\u0103 folosin\u021b\u0103 pentru a satisface diverse preferin\u021be.<\/span>Nu a fost furnizat niciun text pentru traducere. V\u0103 rog furniza\u021bi textul \u00een limba englez\u0103 pe care dori\u021bi s\u0103 \u00eel traduc \u00een limba rom\u00e2n\u0103.<\/p>\n<\/li>\n<li class=\"\" data-start=\"4961\" data-end=\"5079\">\n<p class=\"\" data-start=\"4963\" data-end=\"5079\"><strong data-start=\"4963\" data-end=\"4992\">F\u0103r\u0103 cantitate minim\u0103 de comand\u0103<\/strong>: <span class=\"relative -mx-px my-[-0.2rem] rounded px-px py-[0.2rem]\">Cump\u0103ra\u021bi at\u00e2tea sau c\u00e2t de multe ave\u021bi nevoie, \u00eencep\u00e2nd cu o singur\u0103 bucat\u0103.<\/span><\/p>\n<\/li>\n<\/ul>","protected":false},"excerpt":{"rendered":"<div class=\"flex-shrink-0 flex flex-col relative items-end\">\n<div class=\"pt-0\">\n<div class=\"gizmo-shadow-stroke flex h-8 w-8 items-center justify-center overflow-hidden rounded-full\">\n<div class=\"h-full w-full\">\n<div class=\"gizmo-shadow-stroke overflow-hidden rounded-full\">The \n(acum, f\u0103r\u0103 modific\u0103ri) \nThe <strong data-start=\"4\" data-end=\"41\">SUONON DRAG 22000 Disposable Vape \n\nbecomes \n\nSUONON DRAG 22000 Vaporizator de unic\u0103 folosin\u021b\u0103<\/strong> ofer\u0103 p\u00e2n\u0103 la <strong data-start=\"55\" data-end=\"71\">22.000 pufuri<\/strong>prezent\u00e2nd <strong data-start=\"83\" data-end=\"168\">tehnologie dual-mod, o baterie re\u00eenc\u0103rcabil\u0103 de 800mAh \u0219i o capacitate de e-lichid de 25ml<\/strong>oferind o experien\u021b\u0103 de vaporizare de lung\u0103 durat\u0103 \u0219i personalizabil\u0103.<\/div>\n<\/div>\n<\/div>\n<\/div>\n<\/div>","protected":false},"featured_media":6405,"comment_status":"open","ping_status":"closed","template":"","meta":[],"product_brand":[],"product_cat":[103],"product_tag":[],"class_list":{"0":"post-6342","1":"product","2":"type-product","3":"status-publish","4":"has-post-thumbnail","6":"product_cat-suonon-disposable-vapes","8":"first","9":"outofstock","10":"shipping-taxable","11":"product-type-variable"},"jetpack_sharing_enabled":true,"_links":{"self":[{"href":"https:\/\/casinovape.de\/ro\/wp-json\/wp\/v2\/product\/6342","targetHints":{"allow":["GET"]}}],"collection":[{"href":"https:\/\/casinovape.de\/ro\/wp-json\/wp\/v2\/product"}],"about":[{"href":"https:\/\/casinovape.de\/ro\/wp-json\/wp\/v2\/types\/product"}],"replies":[{"embeddable":true,"href":"https:\/\/casinovape.de\/ro\/wp-json\/wp\/v2\/comments?post=6342"}],"wp:featuredmedia":[{"embeddable":true,"href":"https:\/\/casinovape.de\/ro\/wp-json\/wp\/v2\/media\/6405"}],"wp:attachment":[{"href":"https:\/\/casinovape.de\/ro\/wp-json\/wp\/v2\/media?parent=6342"}],"wp:term":[{"taxonomy":"product_brand","embeddable":true,"href":"https:\/\/casinovape.de\/ro\/wp-json\/wp\/v2\/product_brand?post=6342"},{"taxonomy":"product_cat","embeddable":true,"href":"https:\/\/casinovape.de\/ro\/wp-json\/wp\/v2\/product_cat?post=6342"},{"taxonomy":"product_tag","embeddable":true,"href":"https:\/\/casinovape.de\/ro\/wp-json\/wp\/v2\/product_tag?post=6342"}],"curies":[{"name":"wp","href":"https:\/\/api.w.org\/{rel}","templated":true}]}}