{"id":5952,"date":"2025-01-03T08:05:25","date_gmt":"2025-01-03T08:05:25","guid":{"rendered":"https:\/\/casinovape.de\/?post_type=product&#038;p=5952"},"modified":"2025-08-29T08:51:49","modified_gmt":"2025-08-29T08:51:49","slug":"request-failed-with-status-code-511","status":"publish","type":"product","link":"https:\/\/casinovape.de\/ro\/produs\/request-failed-with-status-code-511\/","title":{"rendered":"Depozitul European HighPuffs HHC PEN DISPONIBIL CU NICOTIN\u0102 SC\u0102ZUT\u0102 Cump\u0103ra\u021bi Vape Pen Original Autentic Re\u00eenc\u0103rcabil Disposable"},"content":{"rendered":"<h2><img loading=\"lazy\" decoding=\"async\" class=\"alignnone wp-image-5457 size-full\" src=\"https:\/\/casinovape.de\/wp-content\/uploads\/2024\/12\/HighPuffs-HHC-VAPE-2.webp\" alt=\"European Warehouse GELATO %95 HHC DISPOSABLE PEN Low Nicotine Buy Original Authentisch Rechargeable Disposable Vapes Pen \" width=\"1280\" height=\"1280\" srcset=\"https:\/\/casinovape.de\/wp-content\/uploads\/2024\/12\/HighPuffs-HHC-VAPE-2.webp 1280w, https:\/\/casinovape.de\/wp-content\/uploads\/2024\/12\/HighPuffs-HHC-VAPE-2-300x300.webp 300w, https:\/\/casinovape.de\/wp-content\/uploads\/2024\/12\/HighPuffs-HHC-VAPE-2-1024x1024.webp 1024w, https:\/\/casinovape.de\/wp-content\/uploads\/2024\/12\/HighPuffs-HHC-VAPE-2-150x150.webp 150w, https:\/\/casinovape.de\/wp-content\/uploads\/2024\/12\/HighPuffs-HHC-VAPE-2-768x768.webp 768w, https:\/\/casinovape.de\/wp-content\/uploads\/2024\/12\/HighPuffs-HHC-VAPE-2-12x12.webp 12w, https:\/\/casinovape.de\/wp-content\/uploads\/2024\/12\/HighPuffs-HHC-VAPE-2-600x600.webp 600w, https:\/\/casinovape.de\/wp-content\/uploads\/2024\/12\/HighPuffs-HHC-VAPE-2-100x100.webp 100w\" sizes=\"auto, (max-width: 1280px) 100vw, 1280px\" \/><\/h2>\n<h2><strong><a href=\"https:\/\/casinovape.de\/ro\/categorie-de-produse\/gelato-hhc-vape-de-unica-folosinta\/\">GELATO 95% HHC<\/a> Vaporizator de Unic\u0103 Folosin\u021b\u0103: Experien\u021ba Ultim\u0103 \u00een Arom\u0103 \u0219i Relaxare<\/strong><\/h2>\n<p><strong>Introducere \u00een GELATO 95% HHC Disposable Vape<\/strong><\/p>\n<p>Descoper\u0103 urm\u0103torul nivel de relaxare cu <strong>GELATO 95% HHC Disposable Vape \n\nbeci tradus nu necesita modificare \n\n Deci \nGELATO 95% HHC Disposable Vape r\u0103m\u00e2ne \n\n La fel \n\n \u00cens\u0103 , \nDac\u0103 dori\u021bi , \n \u00cel pute\u021bi l\u0103sa a\u0219a cum este , \n Ceea ce \u00eenseamn\u0103 \n GELATO 95% HHC Disposable Vape \n\n R\u0103spuns Final \nGELATO 95% HHC Disposable Vape<\/strong> de <strong>HighPuffs<\/strong>, ultima inova\u021bie \u00een vaporizare premium. Cu amestecul s\u0103u atent creat de 95% <strong>HHC (hidroxihexahidrocannabinol)<\/strong> \u0219i terpene bogate, aceast\u0103 pen\u0103 de vape de unic\u0103 folosin\u021b\u0103 ofer\u0103 o experien\u021b\u0103 intens\u0103 \u0219i satisf\u0103c\u0103toare care \u00ee\u021bi ridic\u0103 sim\u021burile la noi \u00een\u0103l\u021bimi. Indiferent dac\u0103 e\u0219ti nou \u00een lumea <strong>HHC vape-uri<\/strong> Pentru un entuziast experimentat, GELATO Disposable Vape ofer\u0103 o experien\u021b\u0103 echilibrat\u0103, lin\u0103 \u0219i puternic\u0103, care ofer\u0103 calitate \u0219i satisfac\u021bie la fiecare puf.<\/p>\n<p>La <strong>casinovape.de<\/strong>Suntem m\u00e2ndri s\u0103 oferim <strong>GELATO HHC Vaporizator de unic\u0103 folosin\u021b\u0103<\/strong> al\u0103turi de alte m\u0103rci de top, cum ar fi <strong>Al Fakher<\/strong>, <strong>Fizzy<\/strong>, <strong>OBEELAB HHC<\/strong>, <strong>Randm Fumot<\/strong>\u0219i <strong>SMPO DL02<\/strong>Ca cea mai mare platform\u0103 de comer\u021b electronic online pentru vape-uri de unic\u0103 folosin\u021b\u0103 din Germania, ne asigur\u0103m c\u0103 comanda dvs. ajunge rapid \u0219i eficient, direct de la noi <strong>Depozit european de vape<\/strong> \u00een termen de 3 p\u00e2n\u0103 la 7 zile.<\/p>\n<h3>De ce s\u0103 alegi <a href=\"https:\/\/casinovape.de\/ro\/categorie-de-produse\/gelato-hhc-vape-de-unica-folosinta\/\">GELATO 95% HHC<\/a> Vaporizator de unic\u0103 folosin\u021b\u0103<\/h3>\n<p><strong>GELATO 95% HHC Disposable Vape \n\nbeci tradus nu necesita modificare \n\n Deci \nGELATO 95% HHC Disposable Vape r\u0103m\u00e2ne \n\n La fel \n\n \u00cens\u0103 , \nDac\u0103 dori\u021bi , \n \u00cel pute\u021bi l\u0103sa a\u0219a cum este , \n Ceea ce \u00eenseamn\u0103 \n GELATO 95% HHC Disposable Vape \n\n R\u0103spuns Final \nGELATO 95% HHC Disposable Vape<\/strong> se remarc\u0103 prin func\u021bionarea sa lin\u0103 \u0219i formularea premium. F\u0103r\u0103 a fi nevoie de realimentare sau re\u00eenc\u0103rcare, este o alegere ideal\u0103 pentru cei care apreciaz\u0103 confortul f\u0103r\u0103 a face compromisuri \u00een ceea ce prive\u0219te gustul sau experien\u021ba. Fiecare vape pen este pre\u00eenc\u0103rcat \u0219i preumplut, oferind o experien\u021b\u0103 de vaporizare f\u0103r\u0103 probleme de la prima p\u00e2n\u0103 la ultima puf\u0103tur\u0103.<\/p>\n<p>Umplut cu <strong>95% HHC<\/strong>acest vaporizator de unic\u0103 folosin\u021b\u0103 asigur\u0103 un efect puternic, dar echilibrat. Spre deosebire de vaporizoarele tradi\u021bionale pe baz\u0103 de THC, HHC (hidroxihexahidrocannabinol) este cunoscut pentru efectele sale bl\u00e2nde, dar pl\u0103cute, f\u0103c\u00e2ndu-l o alegere perfect\u0103 pentru cei care caut\u0103 o experien\u021b\u0103 mai subtil\u0103, dar \u00eenc\u0103 pl\u0103cut\u0103. HHC nu este psihoactiv \u00een majoritatea cazurilor, dar poate oferi o senza\u021bie de relaxare \u0219i claritate mental\u0103 pe care utilizatorii o iubesc.<\/p>\n<hr \/>\n<h3><strong>Caracteristici cheie ale GELATO 95% HHC Disposable Vape:<\/strong><\/h3>\n<ul>\n<li><strong>95% Concentra\u021bia HHC<\/strong>: Oferind o experien\u021b\u0103 de vaporizare de \u00eenalt\u0103 calitate, <strong>GELATO 95% HHC Disposable Vape \n\nbeci tradus nu necesita modificare \n\n Deci \nGELATO 95% HHC Disposable Vape r\u0103m\u00e2ne \n\n La fel \n\n \u00cens\u0103 , \nDac\u0103 dori\u021bi , \n \u00cel pute\u021bi l\u0103sa a\u0219a cum este , \n Ceea ce \u00eenseamn\u0103 \n GELATO 95% HHC Disposable Vape \n\n R\u0103spuns Final \nGELATO 95% HHC Disposable Vape<\/strong> caracteristici 95% <strong>Hidroxiexahidrocanabinol (HHC)<\/strong>oferind efecte puternice, dar lin.<\/li>\n<li><strong>Amestec de Terpeni Armonios<\/strong>: Vapa prezint\u0103 un amestec atent echilibrat de terpene care \u00eembun\u0103t\u0103\u021besc profilul de arom\u0103, f\u0103c\u00e2nd fiecare puf\u0103ritur\u0103 pl\u0103cut\u0103 \u0219i aromat\u0103.<\/li>\n<li><strong>Nu este nevoie de reumplere sau re\u00eenc\u0103rcare<\/strong>Acesta <strong>stilou vape reutilizabil nu, stilou vape de unica folosinta<\/strong> este pre\u00eenc\u0103rcat \u0219i preumplut, oferind o solu\u021bie convenabil\u0103 pentru cei care prefer\u0103 o experien\u021b\u0103 de vaporizare f\u0103r\u0103 probleme. Dup\u0103 ce este gata, pur \u0219i simplu arunca\u021bi-l \u00een mod responsabil.<\/li>\n<li><strong>Portabil \u0219i u\u0219or de utilizat<\/strong>: Compact, elegant \u0219i u\u0219or, <strong>GELATO 95% HHC Disposable Vape \n\nbeci tradus nu necesita modificare \n\n Deci \nGELATO 95% HHC Disposable Vape r\u0103m\u00e2ne \n\n La fel \n\n \u00cens\u0103 , \nDac\u0103 dori\u021bi , \n \u00cel pute\u021bi l\u0103sa a\u0219a cum este , \n Ceea ce \u00eenseamn\u0103 \n GELATO 95% HHC Disposable Vape \n\n R\u0103spuns Final \nGELATO 95% HHC Disposable Vape<\/strong> se \u00eencadreaz\u0103 perfect \u00een buzunarul dvs., f\u0103c\u00e2ndu-l ideal pentru utilizare \u00een deplasare.<\/li>\n<li><strong>Arome Premium pentru Bucurie Ultim\u0103<\/strong>: Cufund\u0103-te \u00een arome bogate \u0219i intense la fiecare inhalare, oferind o experien\u021b\u0103 lin\u0103 \u0219i satisf\u0103c\u0103toare.<\/li>\n<li><strong>Livrare Rapid\u0103<\/strong>Cu ale noastre <strong>Depozit european de vape<\/strong>, ne asigur\u0103m c\u0103 livrarea comenzii dvs. se realizeaz\u0103 \u00een termen de 3 p\u00e2n\u0103 la 7 zile, astfel \u00eenc\u00e2t experien\u021ba dvs. de vaping s\u0103 poat\u0103 \u00eencepe c\u00e2t mai cur\u00e2nd posibil.<\/li>\n<\/ul>\n<hr \/>\n<h3><strong>Cum se utilizeaz\u0103 <a href=\"https:\/\/casinovape.de\/ro\/categorie-de-produse\/gelato-hhc-vape-de-unica-folosinta\/\">GELATO 95% HHC<\/a> Vaporizator de unic\u0103 folosin\u021b\u0103<\/strong><\/h3>\n<p>Folosind <strong>GELATO 95% HHC Disposable Vape \n\nbeci tradus nu necesita modificare \n\n Deci \nGELATO 95% HHC Disposable Vape r\u0103m\u00e2ne \n\n La fel \n\n \u00cens\u0103 , \nDac\u0103 dori\u021bi , \n \u00cel pute\u021bi l\u0103sa a\u0219a cum este , \n Ceea ce \u00eenseamn\u0103 \n GELATO 95% HHC Disposable Vape \n\n R\u0103spuns Final \nGELATO 95% HHC Disposable Vape<\/strong> este simplu \u0219i u\u0219or de utilizat. Deoarece este deja pre\u00eenc\u0103rcat \u0219i preumplut, tot ce trebuie s\u0103 faci este s\u0103 inspiri prin piesa bucal\u0103 \u0219i s\u0103 te bucuri de aromele netede \u0219i bogate.<\/p>\n<p>Se recomand\u0103 s\u0103 nu se dep\u0103\u0219easc\u0103 6 pufuri pe zi pentru a evita un efect cov\u00e2r\u0219itor. Deoarece <strong>HHC<\/strong> Poate avea efecte variate asupra diferitelor persoane, \u00eencep\u00e2nd cu o cantitate mic\u0103 \u0219i cresc\u00e2nd treptat poate asigura cea mai bun\u0103 experien\u021b\u0103.<\/p>\n<p><strong>Avertismente \u0219i Ghiduri Importante:<\/strong><\/p>\n<ul>\n<li><strong>Numai pentru Utilizare \u0218tiin\u021bific\u0103<\/strong>Acest produs nu este destinat utiliz\u0103rii medicale sau pentru tratarea, diagnosticarea, prevenirea sau vindecarea oric\u0103ror boli. V\u0103 rug\u0103m s\u0103 utiliza\u021bi acest produs cu precau\u021bie.<\/li>\n<li><strong>A \u021bine la \u00eendem\u00e2n\u0103 copiilor<\/strong>: The <strong>GELATO 95% HHC Disposable Vape \n\nbeci tradus nu necesita modificare \n\n Deci \nGELATO 95% HHC Disposable Vape r\u0103m\u00e2ne \n\n La fel \n\n \u00cens\u0103 , \nDac\u0103 dori\u021bi , \n \u00cel pute\u021bi l\u0103sa a\u0219a cum este , \n Ceea ce \u00eenseamn\u0103 \n GELATO 95% HHC Disposable Vape \n\n R\u0103spuns Final \nGELATO 95% HHC Disposable Vape<\/strong> este destinat utiliz\u0103rii de c\u0103tre persoane cu v\u00e2rsta peste 18 ani. Este esen\u021bial s\u0103 p\u0103stra\u021bi produsul departe de copii \u0219i de persoanele tinere pentru a evita utilizarea accidental\u0103.<\/li>\n<li><strong>Nu conduce\u021bi vehicule<\/strong>: Datorit\u0103 efectelor poten\u021biale ale HHC, nu conduce\u021bi vehicule \u0219i nu opera\u021bi utilaje dup\u0103 utilizarea acestui produs. Utiliza\u021bi \u00eentotdeauna \u00eentr-un mediu sigur \u0219i confortabil.<\/li>\n<\/ul>\n<h3><strong>De ce ar trebui s\u0103 alege\u021bi <a href=\"https:\/\/casinovape.de\/ro\/categorie-de-produse\/gelato-hhc-vape-de-unica-folosinta\/\">GELATO 95% HHC<\/a> Vaporizator de unic\u0103 folosin\u021b\u0103<\/strong><\/h3>\n<ul>\n<li><strong>Calitate Premium<\/strong>: The <strong>GELATO 95% HHC Disposable Vape \n\nbeci tradus nu necesita modificare \n\n Deci \nGELATO 95% HHC Disposable Vape r\u0103m\u00e2ne \n\n La fel \n\n \u00cens\u0103 , \nDac\u0103 dori\u021bi , \n \u00cel pute\u021bi l\u0103sa a\u0219a cum este , \n Ceea ce \u00eenseamn\u0103 \n GELATO 95% HHC Disposable Vape \n\n R\u0103spuns Final \nGELATO 95% HHC Disposable Vape<\/strong> ofer\u0103 o experien\u021b\u0103 premium de vaporizare cu ingrediente de \u00eenalt\u0103 calitate \u0219i profiluri de arom\u0103 perfecte. Pute\u021bi avea \u00eencredere \u00een HighPuffs pentru un produs de top care asigur\u0103 o experien\u021b\u0103 satisf\u0103c\u0103toare la fiecare puf.<\/li>\n<li><strong>Comoditate \u0219i u\u0219urin\u021b\u0103<\/strong>F\u0103r\u0103 a fi nevoie de re\u00eenc\u0103rcare sau reumplere, aceast\u0103 pen\u0103 de vape de unic\u0103 folosin\u021b\u0103 ofer\u0103 confort f\u0103r\u0103 a sacrifica calitatea. Pur \u0219i simplu inhala\u021bi \u0219i bucura\u021bi-v\u0103, f\u0103r\u0103 nicio b\u0103taie de cap sau mizerie.<\/li>\n<li><strong>O mare varietate de arome<\/strong>: Intervalul de <strong>gelato<\/strong> Aromele satisfac o varietate de gusturi, de la fructate \u0219i acre la moi \u0219i cremose. Indiferent dac\u0103 prefera\u021bi menta r\u0103coritoare sau arome tropicale exotice, exist\u0103 ceva pentru fiecare palat.<\/li>\n<li><strong>Livrare Rapid\u0103 \u00een Toat\u0103 Europa<\/strong>: Oferim livrare rapid\u0103 din <strong>Depozit european de vape<\/strong>, asigur\u00e2nd c\u0103 produsul dvs. ajunge \u00een termen de 3-7 zile. Nu este nevoie s\u0103 a\u0219tepta\u021bi mult timp pentru vape-urile dvs. de unic\u0103 folosin\u021b\u0103 preferate.<\/li>\n<li><strong>Sigur \u0219i de \u00eencredere<\/strong>: Cu linii directoare clare de utilizare \u0219i avertismente, <strong>GELATO 95% HHC Disposable Vape \n\nbeci tradus nu necesita modificare \n\n Deci \nGELATO 95% HHC Disposable Vape r\u0103m\u00e2ne \n\n La fel \n\n \u00cens\u0103 , \nDac\u0103 dori\u021bi , \n \u00cel pute\u021bi l\u0103sa a\u0219a cum este , \n Ceea ce \u00eenseamn\u0103 \n GELATO 95% HHC Disposable Vape \n\n R\u0103spuns Final \nGELATO 95% HHC Disposable Vape<\/strong> este conceput \u021bin\u00e2nd cont de siguran\u021ba dvs. V\u0103 pute\u021bi bucura de el cu \u00eencredere, \u0219tiind c\u0103 este fabricat cu ingrediente de \u00eenalt\u0103 calitate.<\/li>\n<\/ul>\n<hr \/>\n<p><strong>Gata s\u0103 experimenta\u021bi relaxarea suprem\u0103 \u0219i savoarea? Comanda\u021bi-v\u0103 GELATO 95% HHC Disposable Vape ast\u0103zi la <a href=\"https:\/\/casinovape.de\/ro\/\">casinovape.de<\/a><\/strong> \u0219i p\u0103trunde\u021bi \u00een lumea experien\u021belor de vape bogate, moi \u0219i satisf\u0103c\u0103toare. Fie c\u0103 sunte\u021bi \u00een c\u0103utarea unei sesiuni relaxante sau a unei lovituri revigorante, selec\u021bia noastr\u0103 de vape HHC are tot ce v\u0103 trebuie!<\/p>","protected":false},"excerpt":{"rendered":"<p>The \n(acum, f\u0103r\u0103 modific\u0103ri) \nThe <strong>GELATO 95% HHC Disposable Vape \n\nbeci tradus nu necesita modificare \n\n Deci \nGELATO 95% HHC Disposable Vape r\u0103m\u00e2ne \n\n La fel \n\n \u00cens\u0103 , \nDac\u0103 dori\u021bi , \n \u00cel pute\u021bi l\u0103sa a\u0219a cum este , \n Ceea ce \u00eenseamn\u0103 \n GELATO 95% HHC Disposable Vape \n\n R\u0103spuns Final \nGELATO 95% HHC Disposable Vape<\/strong> de <strong>HighPuffs<\/strong> ofer\u0103 o experien\u021b\u0103 de vaporizare lin\u0103, aromat\u0103 \u0219i puternic\u0103, cu o concentra\u021bie de 95% HHC, disponibil\u0103 \u00eentr-o varietate de arome delicioase \u0219i conceput\u0103 pentru confort, f\u0103r\u0103 a fi nevoie de reumplere sau re\u00eenc\u0103rcare.<\/p>","protected":false},"featured_media":5458,"comment_status":"open","ping_status":"closed","template":"","meta":[],"product_brand":[],"product_cat":[42,78,86,91,65,66,67,68,69,70,71,72,73,74,75,76,77,57,45,48,52,54],"product_tag":[],"class_list":{"0":"post-5952","1":"product","2":"type-product","3":"status-publish","4":"has-post-thumbnail","6":"product_cat-gelato-hhc-disposable-vapes","7":"product_cat-buy-best-disposable-vape-flavors","8":"product_cat-ice-flavor-disposable-vapes","9":"product_cat-mint-flavor-disposable-vapes","10":"product_cat-best-disposable-vape-in-europe","11":"product_cat-buy-disposable-vapes-in-austria","12":"product_cat-buy-disposable-vapes-in-belgium","13":"product_cat-buy-disposable-vapes-in-france","14":"product_cat-buy-disposable-vapes-in-germany","15":"product_cat-buy-disposable-vapes-in-italy","16":"product_cat-buy-disposable-vapes-in-netherlands","17":"product_cat-buy-disposable-vapes-in-norway","18":"product_cat-buy-disposable-vapes-in-poland","19":"product_cat-buy-disposable-vapes-in-portugal","20":"product_cat-buy-disposable-vapes-in-spain","21":"product_cat-buy-disposable-vapes-in-sweden","22":"product_cat-buy-disposable-vapes-in-switzerland","23":"product_cat-shop-disposable-vapes-by-puffs","24":"product_cat-disposable-vape-types","25":"product_cat-big-puffs-disposable-vapes","26":"product_cat-lower-nicotine-disposable-vapes","27":"product_cat-rechargeable-disposable-vapes","29":"first","30":"instock","31":"sale","32":"shipping-taxable","33":"purchasable","34":"product-type-variable"},"jetpack_sharing_enabled":true,"_links":{"self":[{"href":"https:\/\/casinovape.de\/ro\/wp-json\/wp\/v2\/product\/5952","targetHints":{"allow":["GET"]}}],"collection":[{"href":"https:\/\/casinovape.de\/ro\/wp-json\/wp\/v2\/product"}],"about":[{"href":"https:\/\/casinovape.de\/ro\/wp-json\/wp\/v2\/types\/product"}],"replies":[{"embeddable":true,"href":"https:\/\/casinovape.de\/ro\/wp-json\/wp\/v2\/comments?post=5952"}],"wp:featuredmedia":[{"embeddable":true,"href":"https:\/\/casinovape.de\/ro\/wp-json\/wp\/v2\/media\/5458"}],"wp:attachment":[{"href":"https:\/\/casinovape.de\/ro\/wp-json\/wp\/v2\/media?parent=5952"}],"wp:term":[{"taxonomy":"product_brand","embeddable":true,"href":"https:\/\/casinovape.de\/ro\/wp-json\/wp\/v2\/product_brand?post=5952"},{"taxonomy":"product_cat","embeddable":true,"href":"https:\/\/casinovape.de\/ro\/wp-json\/wp\/v2\/product_cat?post=5952"},{"taxonomy":"product_tag","embeddable":true,"href":"https:\/\/casinovape.de\/ro\/wp-json\/wp\/v2\/product_tag?post=5952"}],"curies":[{"name":"wp","href":"https:\/\/api.w.org\/{rel}","templated":true}]}}