{"id":5172,"date":"2024-12-16T07:16:10","date_gmt":"2024-12-16T07:16:10","guid":{"rendered":"https:\/\/casinovape.de\/?post_type=product&#038;p=5172"},"modified":"2025-06-09T01:15:53","modified_gmt":"2025-06-09T01:15:53","slug":"depozit-european-vozol-star-20000-pufuri-cu-nicotina-scazuta-cumpara-stilou-original-autentic-autentic-reincarcabil-de-unica-folosinta","status":"publish","type":"product","link":"https:\/\/casinovape.de\/ro\/produs\/depozit-european-vozol-star-20000-pufuri-cu-nicotina-scazuta-cumpara-stilou-original-autentic-autentic-reincarcabil-de-unica-folosinta\/","title":{"rendered":"Depozitul European Vozol Gear shisha 25000 de pufuri Nicotin\u0103 sc\u0103zut\u0103 Cump\u0103ra\u021bi Vape Pen original, autentic, reutilizabil \u0219i de unic\u0103 folosin\u021b\u0103"},"content":{"rendered":"<h2><img loading=\"lazy\" decoding=\"async\" class=\"alignnone wp-image-5224 size-full\" src=\"https:\/\/casinovape.de\/wp-content\/uploads\/2024\/12\/vozol-gear-shisha-25k-2-scaled.webp\" alt=\"Depozitul European Vozol Gear shisha 25000 de pufuri Nicotin\u0103 sc\u0103zut\u0103 Cump\u0103ra\u021bi Vape Pen original, autentic, reutilizabil \u0219i de unic\u0103 folosin\u021b\u0103 \" width=\"2560\" height=\"1280\" srcset=\"https:\/\/casinovape.de\/wp-content\/uploads\/2024\/12\/vozol-gear-shisha-25k-2-scaled.webp 2560w, https:\/\/casinovape.de\/wp-content\/uploads\/2024\/12\/vozol-gear-shisha-25k-2-300x150.webp 300w, https:\/\/casinovape.de\/wp-content\/uploads\/2024\/12\/vozol-gear-shisha-25k-2-1024x512.webp 1024w, https:\/\/casinovape.de\/wp-content\/uploads\/2024\/12\/vozol-gear-shisha-25k-2-768x384.webp 768w, https:\/\/casinovape.de\/wp-content\/uploads\/2024\/12\/vozol-gear-shisha-25k-2-1536x768.webp 1536w, https:\/\/casinovape.de\/wp-content\/uploads\/2024\/12\/vozol-gear-shisha-25k-2-2048x1024.webp 2048w, https:\/\/casinovape.de\/wp-content\/uploads\/2024\/12\/vozol-gear-shisha-25k-2-18x9.webp 18w, https:\/\/casinovape.de\/wp-content\/uploads\/2024\/12\/vozol-gear-shisha-25k-2-600x300.webp 600w\" sizes=\"auto, (max-width: 2560px) 100vw, 2560px\" \/><\/h2>\n<h2><strong><a href=\"https:\/\/casinovape.de\/ro\/categorie-de-produse\/vape-de-unica-folosinta-vozol\/\">Vozol Gear Shisha 25000 Puffs<\/a> Vaporizator de Unic\u0103 Folosin\u021b\u0103 \u2013 Experien\u021ba Ultim\u0103 de Vaping<\/strong><\/h2>\n<h3>Introducere: Alegerea Perfect\u0103 pentru Fiecare Vaper<\/h3>\n<p>The \n(acum, f\u0103r\u0103 modific\u0103ri) \nThe <strong>Vozol Gear Shisha 25000 Puffuri Vaporizator de unic\u0103 folosin\u021b\u0103<\/strong> Este conceput pentru a revolu\u021biona experien\u021ba dvs. de vaporizare cu tehnologie de ultim\u0103 or\u0103, op\u021biuni premium de arom\u0103 \u0219i performan\u021b\u0103 superioar\u0103. Indiferent dac\u0103 sunte\u021bi \u00eencep\u0103tor sau un vapator experimentat, acest dispozitiv ofer\u0103 pufuri consistente \u0219i satisf\u0103c\u0103toare, precum \u0219i caracteristici care asigur\u0103 c\u0103 fiecare vaporizare este lin\u0103 \u0219i pl\u0103cut\u0103. Cu un num\u0103r impresionant de pufuri de p\u00e2n\u0103 la 25.000 de pufuri \u0219i un design re\u00eenc\u0103rcabil, seria Gear Shisha se remarc\u0103 drept unul dintre cele mai durabile \u0219i u\u0219or de utilizat vaporizoare de unic\u0103 folosin\u021b\u0103 de pe pia\u021b\u0103.<\/p>\n<p>La <strong>casinovape.de<\/strong>v\u0103 oferim acces exclusiv la aceste dispozitive premium cu livrare rapid\u0103 de la noi <strong>Depozitul European de Vape<\/strong>Ne specializ\u0103m \u00een oferirea celor mai bune vape-uri de unic\u0103 folosin\u021b\u0103, inclusiv m\u0103rci precum <strong>Vozol<\/strong>, <strong>Fizzy<\/strong>, <strong>OBEELAB HHC<\/strong>, <strong>Randm Fumot<\/strong>\u0219i <strong>SMPO DL02<\/strong>Toate produsele sunt disponibile f\u0103r\u0103 cantitate minim\u0103 de comand\u0103. Scopul nostru este s\u0103 facem experien\u021ba dvs. de vaporizare f\u0103r\u0103 \u00eentreruperi, oferind livrare rapid\u0103 \u00een termen de 3-7 zile pe pia\u021ba UE.<\/p>\n<h3>De ce s\u0103 alegi<a href=\"https:\/\/casinovape.de\/ro\/categorie-de-produse\/vape-de-unica-folosinta-vozol\/\"> Vozol Gear Shisha 25000 Puffs<\/a> Vaporizator de unic\u0103 folosin\u021b\u0103<\/h3>\n<p>The \n(acum, f\u0103r\u0103 modific\u0103ri) \nThe <strong>Vozol Gear Shisha 25000 Puffs<\/strong> Este construit cu confort, longevitate \u0219i calitate excep\u021bional\u0103 a aromei \u00een minte. Ofer\u0103 o experien\u021b\u0103 de vaporizare cu adev\u0103rat unic\u0103, perfect\u0103 pentru utilizatorii care doresc performan\u021be constante \u0219i func\u021bionalitate u\u0219or de utilizat.<\/p>\n<ul>\n<li><strong>Num\u0103r Masiv De Puff-uri<\/strong>: Cu capacitatea de a livra p\u00e2n\u0103 la <strong>25.000 pufuri<\/strong>Acest vape asigur\u0103 c\u0103 po\u021bi bucura de sesiuni de lung\u0103 durat\u0103 f\u0103r\u0103 s\u0103 te \u00eengrijorezi constant c\u0103 r\u0103m\u00e2i f\u0103r\u0103 baterie.<\/li>\n<li><strong>Moduri duble de vaporizare<\/strong>: The <strong>Mod Eco<\/strong> permis p\u00e2n\u0103 la <strong>25.000 pufuri<\/strong> pentru o experien\u021b\u0103 mai moderat\u0103, durabil\u0103, \u00een timp ce <strong>Modul de putere<\/strong> ofer\u0103 p\u00e2n\u0103 la <strong>18.000 pufuri<\/strong> pentru utilizatorii care prefer\u0103 nori de vapori mai puternici \u0219i mai inten\u0219i.<\/li>\n<li><strong>Re\u00eenc\u0103rcare Convenabil\u0103<\/strong>: The <strong>Gear Shisha<\/strong> vine cu o putere puternic\u0103 <strong>Baterie 1000mAh<\/strong> acest lucru poate fi re\u00eenc\u0103rcat cu u\u0219urin\u021b\u0103 prin intermediul <strong>Port USB-C<\/strong>, asigur\u00e2ndu-v\u0103 c\u0103 dispozitivul dumneavoastr\u0103 este \u00eentotdeauna gata de utilizare.<\/li>\n<li><strong>Capacitate Premium E-Lichid<\/strong>Precompletat cu <strong>20mL<\/strong> de \u00eenalt\u0103 calitate a lichidului de vape, garanteaz\u0103 o experien\u021b\u0103 de vape prelungit\u0103 \u0219i f\u0103r\u0103 probleme.<\/li>\n<li><strong>Bobine cu dubl\u0103 plas\u0103<\/strong>Aceast\u0103 tehnologie inovatoare a bobinei \u00eembun\u0103t\u0103\u021be\u0219te reten\u021bia aromei \u0219i produc\u021bia de vapori, asigur\u00e2nd c\u0103 fiecare puf\u0103tur\u0103 este lin\u0103 \u0219i satisf\u0103c\u0103toare.<\/li>\n<li><strong>Debit de aer reglabil<\/strong>: Un glisor reglabil pentru controlul fluxului de aer permite utilizatorilor s\u0103-\u0219i personalizeze trac\u021biunea, de la str\u00e2ns\u0103 la deschis\u0103, pentru o experien\u021b\u0103 de vaporizare mai personalizat\u0103.<\/li>\n<li><strong>Sunet Hookah Interactiv<\/strong>: Pe l\u00e2ng\u0103 unicitatea sa, dispozitivul produce un <strong>sunet de clocotit<\/strong>oferind o experien\u021b\u0103 tradi\u021bional\u0103 similar\u0103 cu cea a shisha-ului.<\/li>\n<li><strong>Design Ergonomic<\/strong>Dispozitivul este u\u0219or \u0219i portabil, ceea ce \u00eel face perfect pentru utilizare \u00een deplasare. Este conceput pentru a fi at\u00e2t ergonomic, c\u00e2t \u0219i durabil, prevenind scurgerile \u0219i v\u0103rs\u0103rile, asigur\u00e2nd \u00een acela\u0219i timp longevitatea.<\/li>\n<\/ul>\n<h3><a href=\"https:\/\/casinovape.de\/ro\/categorie-de-produse\/vape-de-unica-folosinta-vozol\/\">Vozol Gear Shisha 25000<\/a> Caracteristici:<\/h3>\n<ul>\n<li><strong>Num\u0103r de puf\u0103turi<\/strong>P\u00e2n\u0103 la <strong>25.000 pufuri<\/strong> pentru o experien\u021b\u0103 de vape mai lung\u0103.<\/li>\n<li><strong>Moduri duble de vaporizare<\/strong>: Alege \u00eentre <strong>Mod Eco<\/strong> p\u00e2n\u0103 la <strong>25.000 pufuri<\/strong>) \u0219i <strong>Modul de putere<\/strong> p\u00e2n\u0103 la <strong>18.000 pufuri<\/strong>) pentru o experien\u021b\u0103 personalizabil\u0103.<\/li>\n<li><strong>Re\u00eenc\u0103rcabil<\/strong>: <strong>Baterie 1000mAh<\/strong> cu <strong>\u00cenc\u0103rcare USB-C<\/strong> pentru o re\u00eenc\u0103rcare rapid\u0103 \u0219i convenabil\u0103.<\/li>\n<li><strong>E-lichid preumplut<\/strong>: <strong>20mL<\/strong> de e-lichid premium, pre-umplut pentru o experien\u021b\u0103 de vape f\u0103r\u0103 probleme.<\/li>\n<li><strong>Bobine cu dubl\u0103 plas\u0103<\/strong>: Livreaz\u0103 vapori consisten\u021bi \u0219i o reten\u021bie \u00eembun\u0103t\u0103\u021bit\u0103 a aromei.<\/li>\n<li><strong>Debit de aer reglabil<\/strong>: Regla\u021bi fin experien\u021ba cu <strong>Glisor de control al fluxului de aer<\/strong>.<\/li>\n<li><strong>Ecran de Afi\u0219are Color<\/strong>: A <strong>Ecran color 2,1 inci<\/strong> ofer\u0103 actualiz\u0103ri \u00een timp real despre num\u0103rul de pufuri, durata de via\u021b\u0103 a bateriei \u0219i set\u0103rile modului.<\/li>\n<li><strong>Sunet Inspirat de Hookah<\/strong>: Dispozitivul imit\u0103 sunetul fumului de shisha care se \u00eenvolbureaz\u0103 pentru o experien\u021b\u0103 captivant\u0103.<\/li>\n<li><strong>Design Rezistent la Scurgeri<\/strong>: Previne v\u0103rs\u0103rile \u0219i men\u021bine cur\u0103\u021benia, asigur\u00e2nd c\u0103 dispozitivul dvs. r\u0103m\u00e2ne ordonat.<\/li>\n<\/ul>\n<p><img loading=\"lazy\" decoding=\"async\" class=\"alignnone wp-image-5242 size-full\" src=\"https:\/\/casinovape.de\/wp-content\/uploads\/2024\/12\/vozol-gear-shisha-25k-3-scaled.webp\" alt=\"Depozitul European Vozol Gear shisha 25000 de pufuri Nicotin\u0103 sc\u0103zut\u0103 Cump\u0103ra\u021bi Vape Pen original, autentic, reutilizabil \u0219i de unic\u0103 folosin\u021b\u0103 \" width=\"2071\" height=\"2560\" srcset=\"https:\/\/casinovape.de\/wp-content\/uploads\/2024\/12\/vozol-gear-shisha-25k-3-scaled.webp 2071w, https:\/\/casinovape.de\/wp-content\/uploads\/2024\/12\/vozol-gear-shisha-25k-3-243x300.webp 243w, https:\/\/casinovape.de\/wp-content\/uploads\/2024\/12\/vozol-gear-shisha-25k-3-828x1024.webp 828w, https:\/\/casinovape.de\/wp-content\/uploads\/2024\/12\/vozol-gear-shisha-25k-3-768x949.webp 768w, https:\/\/casinovape.de\/wp-content\/uploads\/2024\/12\/vozol-gear-shisha-25k-3-1243x1536.webp 1243w, https:\/\/casinovape.de\/wp-content\/uploads\/2024\/12\/vozol-gear-shisha-25k-3-1657x2048.webp 1657w, https:\/\/casinovape.de\/wp-content\/uploads\/2024\/12\/vozol-gear-shisha-25k-3-10x12.webp 10w, https:\/\/casinovape.de\/wp-content\/uploads\/2024\/12\/vozol-gear-shisha-25k-3-600x742.webp 600w\" sizes=\"auto, (max-width: 2071px) 100vw, 2071px\" \/><\/p>\n<h3>Vozol Gear <a href=\"https:\/\/casinovape.de\/ro\/categorie-de-produse\/vape-de-unica-folosinta-vozol\/\">Shisha 25000 Puffs<\/a> Arome: O Simfonie de Gusturi<\/h3>\n<p>Fiecare arom\u0103 \u00een <strong>Vozol Gear Shisha 25000<\/strong> Seria este conceput\u0103 pentru a oferi o experien\u021b\u0103 unic\u0103 \u0219i incitant\u0103 de vaporizare. Mai jos este o descriere detaliat\u0103 a aromelor disponibile:<\/p>\n<ol>\n<li><strong>Doi Mere<\/strong>O amestec delicios de mere ro\u0219ii \u0219i verzi crocante, suculente, perfect echilibrate pentru un gust r\u0103coritor \u0219i dulce.<\/li>\n<li><strong>Ghea\u021b\u0103 de pepene verde<\/strong>O arom\u0103 de pepene verde r\u0103coritoare \u0219i suculent\u0103, combinat\u0103 cu o finish r\u0103coritoare pentru o senza\u021bie de refreshare.<\/li>\n<li><strong>Mango Freeze<\/strong>: Dulcea\u021ba tropical\u0103 a mango-ului combinat\u0103 cu o r\u0103coare \u00eenghe\u021bat\u0103, oferind o experien\u021b\u0103 de vaporizare lin\u0103 \u0219i r\u0103coroas\u0103.<\/li>\n<li><strong>Mur\u0103 de Afine cu Ment\u0103<\/strong>O explozie de afine proaspete cu o not\u0103 de ment\u0103, cre\u00e2nd un profil de arom\u0103 dulce \u0219i r\u0103coritoare.<\/li>\n<li><strong>Mango P\u00easce nu se traduce, dar  \u00een traducere liber\u0103  ar fi  Mango piersic\u0103 \nMango piersic\u0103<\/strong>O fuziune tropical\u0103 de mango copt \u0219i piersic\u0103 suculent\u0103 pentru o vape dulce \u0219i suculent\u0103.<\/li>\n<li><strong>L\u0103m\u00e2ie Ment\u0103<\/strong>O arom\u0103 de l\u0103m\u00e2ie picant\u0103, completat\u0103 de o ment\u0103 r\u0103coritoare, perfect\u0103 pentru cei care iubesc citricele cu o not\u0103 r\u0103fr\u0103ge\u021bitoare.<\/li>\n<li><strong>Ghea\u021b\u0103 de Afine<\/strong>O arom\u0103 dulce \u0219i fructat\u0103 de afine cu un finis mentolat r\u0103coritor, perfect pentru o vapare clar\u0103 \u0219i r\u0103refreshant\u0103.<\/li>\n<li><strong>Parfum de l\u0103m\u00e2ie<\/strong>O interpretare fragant\u0103 \u0219i floral\u0103 a clasicului l\u0103m\u00e2ie, oferind o experien\u021b\u0103 unic\u0103 \u0219i proasp\u0103t\u0103 de vaporizare.<\/li>\n<li><strong>Blackberry Ice<\/strong>: Mure \u00eendr\u0103zne\u021be \u0219i tangente, cu o not\u0103 r\u0103coritoare de mentol, cre\u00e2nd o experien\u021b\u0103 de vape proasp\u0103t\u0103 \u0219i fructat\u0103.<\/li>\n<li><strong>Blue Razz Ice<\/strong>O arom\u0103 dulce \u0219i acr\u0103 de zmeur\u0103 albastr\u0103, \u00eembun\u0103t\u0103\u021bit\u0103 cu un finis r\u0103coros \u0219i \u00eenghe\u021bat pentru o vapare exaltant\u0103.<\/li>\n<li><strong>Ghea\u021b\u0103 de struguri<\/strong>O arom\u0103 clasic\u0103 de struguri cu o atingere r\u0103coritoare de ghea\u021b\u0103, oferind o experien\u021b\u0103 de vaporizare lin\u0103 \u0219i dulce.<\/li>\n<li><strong>Stafid\u0103 Kiwi<\/strong>O combina\u021bie acri\u0219oar\u0103 \u0219i dulce de c\u0103p\u0219uni coapte \u0219i kiwi tropical, oferind o vapare delicios de fructat\u0103.<\/li>\n<li><strong>Afine Pepene verde<\/strong>: Dulcea\u021ba afinelor combinat\u0103 cu gustul r\u0103coritor al pepenelui verde pentru o combina\u021bie de fructe perfect\u0103.<\/li>\n<li><strong>Cherry Cola<\/strong>O arom\u0103 nostalgic\u0103 de cola cu cire\u0219e, care aduce gustul clasic al sifonului \u00een vape-ul t\u0103u \u00eentr-o experien\u021b\u0103 dulce \u0219i fizzy.<\/li>\n<li><strong>Blue Mojito<\/strong>O combina\u021bie de ment\u0103 proasp\u0103t\u0103, lime \u0219i afine, care imit\u0103 gustul r\u0103coritor al unui cocktail mojito.<\/li>\n<li><strong>Strawberry Margarita<\/strong>O amestec tropical de c\u0103p\u0219uni coapte \u0219i lime, oferind o vape r\u0103coritoare \u0219i acr\u0103 cu o not\u0103 de sare.<\/li>\n<li><strong>Pepino de ap\u0103 Ment\u0103<\/strong>: Pepene verde dulce \u0219i suculent, echilibrat cu o r\u0103sucire minty r\u0103coritoare pentru o vapare lin\u0103 \u0219i rece.<\/li>\n<li><strong>Love 777<\/strong>O combina\u021bie unic\u0103 \u0219i exotic\u0103 de diverse fructe, oferind un profil de arom\u0103 dulce \u0219i misterios.<\/li>\n<li><strong>Serile din Moscova<\/strong>O arom\u0103 r\u0103coritoare, rece, cu note de citrice \u0219i ierburi, oferind o vaporizare vibrant\u0103 \u0219i relaxant\u0103.<\/li>\n<li><strong>Vr\u0103jitoarea uciga\u0219\u0103<\/strong>O amestec \u00eendr\u0103zne\u021b de fructe cu o lovitur\u0103 dulce \u0219i acr\u0103 care cu siguran\u021b\u0103 v\u0103 va satisface papilele gustative.<\/li>\n<li><strong>Cherry Ice<\/strong>: Cire\u0219e dulci \u0219i suculente cu un finis mentolat r\u0103coritor, oferind o vapare crocant\u0103 \u0219i aromat\u0103.<\/li>\n<li><strong>Ment\u0103 de struguri<\/strong>O arom\u0103 dulce \u0219i acr\u0103 de struguri, combinat\u0103 cu o ment\u0103 r\u0103coritoare, perfect\u0103 pentru cei care iubesc amestecurile de mentol fructate.<\/li>\n<li><strong>Peach Ice<\/strong>O arom\u0103 dulce \u0219i suculent\u0103 de piersic\u0103, completat\u0103 de o senza\u021bie de mentol r\u0103coritoare.<\/li>\n<li><strong>Berry Ice<\/strong>O amestec\u0103tur\u0103 de fructe de p\u0103dure cu o explozie de frig, oferind o vapare dulce, dar r\u0103coritoare.<\/li>\n<li><strong>Mur\u0103 \u0219i Ment\u0103<\/strong>O combina\u021bie de fructe de p\u0103dure dulci cu o not\u0103 de ment\u0103 pentru o vape r\u0103coritoare \u0219i satisf\u0103c\u0103toare.<\/li>\n<li><strong>Ghea\u021b\u0103 de coac\u0103ze negre<\/strong>Un gust de coac\u0103ze negre \u00een\u021bep\u0103tor, asociat cu o finishare rece \u0219i \u00eenghe\u021bat\u0103 pentru un vape unic \u0219i \u00eendr\u0103zne\u021b.<\/li>\n<li><strong>Pasiune Dulce de Fruct<\/strong>O arom\u0103 tropical\u0103 de pasiune fructat\u0103, bogat\u0103 \u00een dulcea\u021b\u0103 \u0219i aciditate, oferind o experien\u021b\u0103 de vape exotic\u0103.<\/li>\n<li><strong>Frozen Strawberry Kiwi \n\n(or substitute with) \nFragu\u021b\u0103 de c\u0103p\u0219uni \u0219i kiwi congelate<\/strong>O amestec \u00eenghe\u021bat de c\u0103p\u0219uni \u0219i kiwi, oferind o experien\u021b\u0103 de vaporizare \u00eenghe\u021bat\u0103 \u0219i fructat\u0103.<\/li>\n<li><strong>Passiune de Maracuy\u00e1 Litchi Portocal\u0103<\/strong>O trilogie tropical\u0103 de pasiune, lychee \u0219i portocal\u0103, care ofer\u0103 o experien\u021b\u0103 dulce, acr\u0103 \u0219i aromat\u0103.<\/li>\n<li><strong>Dragon Fruit Banana Cherry<\/strong>O combina\u021bie exotic\u0103 de dragon fruit, banan\u0103 dulce \u0219i cire\u0219e acre pentru o vape cu adev\u0103rat unic\u0103 \u0219i aromat\u0103.<\/li>\n<\/ol>\n<h3>De ce s\u0103 cump\u0103ra\u021bi de la noi?<\/h3>\n<p>La<a href=\"https:\/\/casinovape.de\/ro\/\"> <strong>casinovape.de<\/strong><\/a>Ne m\u00e2ndrim cu oferirea celei mai bune selec\u021bii de vape-uri de unic\u0103 folosin\u021b\u0103, sus\u021binute de o livrare rapid\u0103 \u0219i un serviciu clien\u021bi excep\u021bional. Fie c\u0103 e\u0219ti un cump\u0103r\u0103tor pentru prima dat\u0103 sau un vaper experimentat, gama extins\u0103 de produse, inclusiv <a href=\"https:\/\/casinovape.de\/ro\/categorie-de-produse\/vape-de-unica-folosinta-vozol\/\"><strong>Vozol Gear Shisha 25000 Puffs<\/strong>,<\/a> este conceput pentru a se potrivi nevoilor dvs.<\/p>\n<p>Asigur\u0103m c\u0103 toate produsele sunt expediate de la <a href=\"https:\/\/casinovape.de\/ro\/\"><strong>Depozitul European de Vape<\/strong><\/a>sosind \u00een termen de 3-7 zile. Bucura\u021bi-v\u0103 de confortul de a cump\u0103ra de pe o platform\u0103 de \u00eencredere f\u0103r\u0103 cantitate minim\u0103 de comand\u0103 \u0219i ob\u021bine\u021bi acces la unele dintre cele mai populare m\u0103rci de vape de unic\u0103 folosin\u021b\u0103 de pe pia\u021b\u0103.<\/p>\n<p>Vizita\u021bi site-ul nostru pentru a cump\u0103ra acum \u0219i descoperi\u021bi experien\u021ba suprem\u0103 de vaporizare cu <strong>Vozol Gear Shisha 25000 Puffuri Vaporizator de unic\u0103 folosin\u021b\u0103<\/strong>!<\/p>","protected":false},"excerpt":{"rendered":"<p>The \n(acum, f\u0103r\u0103 modific\u0103ri) \nThe <strong>Vozol Gear Shisha 25000 Puffuri Vaporizator de unic\u0103 folosin\u021b\u0103<\/strong> ofer\u0103 o experien\u021b\u0103 excep\u021bional\u0103 de vaporizare cu p\u00e2n\u0103 la 25.000 de pufuri, bobine duble cu ochiuri pentru arom\u0103 bogat\u0103, flux de aer reglabil, o baterie re\u00eenc\u0103rcabil\u0103 de 1000mAh \u0219i un afi\u0219aj color de 2,1 inci, toate \u00eenchise \u00eentr-un design elegant \u0219i portabil care include \u0219i sunet inspirat de hookah pentru o not\u0103 nostalgic\u0103.<\/p>","protected":false},"featured_media":5258,"comment_status":"open","ping_status":"closed","template":"","meta":[],"product_brand":[],"product_cat":[22,78,79,80,81,82,83,84,86,87,88,90,91,93,94,96,98,99,65,66,67,68,69,70,71,72,73,74,75,76,77,57,101,45,48,50,51,47,52,54,55],"product_tag":[],"class_list":{"0":"post-5172","1":"product","2":"type-product","3":"status-publish","4":"has-post-thumbnail","6":"product_cat-vozol-disposable-vapes","7":"product_cat-buy-best-disposable-vape-flavors","8":"product_cat-apple-flavor-disposable-vapes","9":"product_cat-blue-razz-flavor-disposable-vapes","10":"product_cat-blueberry-flavor-disposable-vapes","11":"product_cat-cherry-flavor-disposable-vapes","12":"product_cat-cola-flavor-disposable-vapes","13":"product_cat-grape-flavor-disposable-vapes","14":"product_cat-ice-flavor-disposable-vapes","15":"product_cat-kiwi-flavor-disposable-vapes","16":"product_cat-lemon-flavor-disposable-vapes","17":"product_cat-mango-flavor-disposable-vapes","18":"product_cat-mint-flavor-disposable-vapes","19":"product_cat-passion-fruit-flavor-disposable-vapes","20":"product_cat-peach-flavor-disposable-vapes","21":"product_cat-raspberry-flavor-disposable-vapes","22":"product_cat-strawberry-flavor-disposable-vapes","23":"product_cat-watermelon-flavor-disposable-vapes","24":"product_cat-best-disposable-vape-in-europe","25":"product_cat-buy-disposable-vapes-in-austria","26":"product_cat-buy-disposable-vapes-in-belgium","27":"product_cat-buy-disposable-vapes-in-france","28":"product_cat-buy-disposable-vapes-in-germany","29":"product_cat-buy-disposable-vapes-in-italy","30":"product_cat-buy-disposable-vapes-in-netherlands","31":"product_cat-buy-disposable-vapes-in-norway","32":"product_cat-buy-disposable-vapes-in-poland","33":"product_cat-buy-disposable-vapes-in-portugal","34":"product_cat-buy-disposable-vapes-in-spain","35":"product_cat-buy-disposable-vapes-in-sweden","36":"product_cat-buy-disposable-vapes-in-switzerland","37":"product_cat-shop-disposable-vapes-by-puffs","38":"product_cat-25000-puff-disposable-vape","39":"product_cat-disposable-vape-types","40":"product_cat-big-puffs-disposable-vapes","41":"product_cat-digital-box-disposable-vapes","42":"product_cat-dual-mesh-disposable-vapes","43":"product_cat-full-screen-disposable-vapes","44":"product_cat-lower-nicotine-disposable-vapes","45":"product_cat-rechargeable-disposable-vapes","46":"product_cat-shisha-hookah-disposable-vapes","48":"first","49":"outofstock","50":"shipping-taxable","51":"product-type-variable"},"jetpack_sharing_enabled":true,"_links":{"self":[{"href":"https:\/\/casinovape.de\/ro\/wp-json\/wp\/v2\/product\/5172","targetHints":{"allow":["GET"]}}],"collection":[{"href":"https:\/\/casinovape.de\/ro\/wp-json\/wp\/v2\/product"}],"about":[{"href":"https:\/\/casinovape.de\/ro\/wp-json\/wp\/v2\/types\/product"}],"replies":[{"embeddable":true,"href":"https:\/\/casinovape.de\/ro\/wp-json\/wp\/v2\/comments?post=5172"}],"wp:featuredmedia":[{"embeddable":true,"href":"https:\/\/casinovape.de\/ro\/wp-json\/wp\/v2\/media\/5258"}],"wp:attachment":[{"href":"https:\/\/casinovape.de\/ro\/wp-json\/wp\/v2\/media?parent=5172"}],"wp:term":[{"taxonomy":"product_brand","embeddable":true,"href":"https:\/\/casinovape.de\/ro\/wp-json\/wp\/v2\/product_brand?post=5172"},{"taxonomy":"product_cat","embeddable":true,"href":"https:\/\/casinovape.de\/ro\/wp-json\/wp\/v2\/product_cat?post=5172"},{"taxonomy":"product_tag","embeddable":true,"href":"https:\/\/casinovape.de\/ro\/wp-json\/wp\/v2\/product_tag?post=5172"}],"curies":[{"name":"wp","href":"https:\/\/api.w.org\/{rel}","templated":true}]}}