{"id":4385,"date":"2024-11-27T13:05:57","date_gmt":"2024-11-27T13:05:57","guid":{"rendered":"https:\/\/casinovape.de\/?post_type=product&#038;p=4385"},"modified":"2025-09-06T00:40:44","modified_gmt":"2025-09-06T00:40:44","slug":"depozit-european-al-fakher-crown-bar-8000-puf-uri-pro-mod-dual-vape-originale-de-unica-folosinta-pachet-mixt-de-10-bucati","status":"publish","type":"product","link":"https:\/\/casinovape.de\/ro\/produs\/depozit-european-al-fakher-crown-bar-8000-puf-uri-pro-mod-dual-vape-originale-de-unica-folosinta-pachet-mixt-de-10-bucati\/","title":{"rendered":"Depozitul European Al Fakher Crown Bar 8000 Puffs Pro Mod Dual Original Vape de unic\u0103 folosin\u021b\u0103 \u2013 Pachet mixt de 10 buc\u0103\u021bi"},"content":{"rendered":"<div class=\"flex-1 overflow-hidden\">\n<div class=\"h-full\">\n<div class=\"react-scroll-to-bottom--css-zitxy-79elbk h-full\">\n<div class=\"react-scroll-to-bottom--css-zitxy-1n7m0yu\">\n<div class=\"flex flex-col text-sm md:pb-9\">\n<article class=\"w-full text-token-text-primary focus-visible:outline-2 focus-visible:outline-offset-[-4px]\" dir=\"auto\" data-testid=\"conversation-turn-3\" data-scroll-anchor=\"true\">\n<div class=\"text-base py-[18px] px-3 md:px-4 m-auto w-full md:px-5 lg:px-4 xl:px-5\">\n<div class=\"mx-auto flex flex-1 gap-4 text-base md:gap-5 lg:gap-6 md:max-w-3xl lg:max-w-[40rem] xl:max-w-[48rem]\">\n<div class=\"group\/conversation-turn relative flex w-full min-w-0 flex-col agent-turn\">\n<div class=\"flex-col gap-1 md:gap-3\">\n<div class=\"flex max-w-full flex-col flex-grow\"><img loading=\"lazy\" decoding=\"async\" class=\"alignnone wp-image-2962 size-full\" src=\"https:\/\/casinovape.de\/wp-content\/uploads\/2024\/11\/Al-Fakher-Crown-Bar-8000-Puffs-Pro-Dual-Mode-10-pieces-mixed-pack-4.webp\" alt=\"Depozitul European Al Fakher Crown Bar 8000 Puffs Pro Mod Dual 0.5% Nicotin\u0103 Sc\u0103zut\u0103 Cump\u0103ra\u021bi Vape Pen Rechargeable Original Autentic - Pachet mixt de 10 buc\u0103\u021bi\" width=\"1200\" height=\"1600\" srcset=\"https:\/\/casinovape.de\/wp-content\/uploads\/2024\/11\/Al-Fakher-Crown-Bar-8000-Puffs-Pro-Dual-Mode-10-pieces-mixed-pack-4.webp 1200w, https:\/\/casinovape.de\/wp-content\/uploads\/2024\/11\/Al-Fakher-Crown-Bar-8000-Puffs-Pro-Dual-Mode-10-pieces-mixed-pack-4-225x300.webp 225w, https:\/\/casinovape.de\/wp-content\/uploads\/2024\/11\/Al-Fakher-Crown-Bar-8000-Puffs-Pro-Dual-Mode-10-pieces-mixed-pack-4-768x1024.webp 768w, https:\/\/casinovape.de\/wp-content\/uploads\/2024\/11\/Al-Fakher-Crown-Bar-8000-Puffs-Pro-Dual-Mode-10-pieces-mixed-pack-4-1152x1536.webp 1152w, https:\/\/casinovape.de\/wp-content\/uploads\/2024\/11\/Al-Fakher-Crown-Bar-8000-Puffs-Pro-Dual-Mode-10-pieces-mixed-pack-4-9x12.webp 9w, https:\/\/casinovape.de\/wp-content\/uploads\/2024\/11\/Al-Fakher-Crown-Bar-8000-Puffs-Pro-Dual-Mode-10-pieces-mixed-pack-4-600x800.webp 600w\" sizes=\"auto, (max-width: 1200px) 100vw, 1200px\" \/><\/div>\n<\/div>\n<\/div>\n<\/div>\n<\/div>\n<\/article>\n<\/div>\n<\/div>\n<\/div>\n<\/div>\n<\/div>\n<div class=\"md:pt-0 dark:border-white\/20 md:border-transparent md:dark:border-transparent w-full\">\n<div class=\"\">\n<div class=\"relative w-full px-2 py-2 text-center text-xs text-token-text-secondary empty:hidden md:px-[60px]\">\n<div>\n<h2>Ridica\u021bi experien\u021ba dvs. de vaporizare cu Al Fakher Crown Bar 8000 Puffs Pro \u00een modul dual<\/h2>\n<p>The \n(acum, f\u0103r\u0103 modific\u0103ri) \nThe <strong>Al Fakher Crown Bar 8000 Puffs Pro Mod Dual\u0103<\/strong> nu este doar un vape - este o revolu\u021bie \u00een lumea vapingului de unic\u0103 folosin\u021b\u0103. At\u00e2t pentru vaperii \u00eencep\u0103tori, c\u00e2t \u0219i pentru cei experimenta\u021bi, acest avansat stilou vape reutilizabil de unic\u0103 folosin\u021b\u0103 ofer\u0103 o experien\u021b\u0103 de vaping f\u0103r\u0103 precedent, oferind arom\u0103 premium \u0219i performan\u021b\u0103 satisf\u0103c\u0103toare. Indiferent dac\u0103 prefera\u021bi o lovitur\u0103 de la gur\u0103 la pl\u0103m\u00e2n (MTL) sau direct \u00een pl\u0103m\u00e2n (DTL), <strong>Mod dual<\/strong> Tehnologia ofer\u0103 flexibilitatea de a v\u0103 personaliza experien\u021ba.<\/p>\n<p>Conceput cu cele mai fine materiale \u0219i caracteristici de ultim\u0103 or\u0103, acest vape pen este proiectat pentru a v\u0103 oferi toate beneficiile unei experien\u021be asem\u0103n\u0103toare shisha la fiecare puf. Ca cel mai mare retailer online din Europa pentru <strong>Vape-uri de unic\u0103 folosin\u021b\u0103<\/strong>Casinovape ofer\u0103 cu m\u00e2ndrie <strong>Al Fakher Crown Bar 8000 Puffs Pro<\/strong> <strong> Mod dual <\/strong>pentru vapoare de-a lungul continentului.<\/p>\n<p>Cu un robust <strong>Baterie re\u00eenc\u0103rcabil\u0103 800 mAh<\/strong> \u0219i un masiv <strong>Capacitate e-lichid 18 ml<\/strong>, aceast\u0103 vape este construit\u0103 pentru a dura \u0219i a performa. Bucura\u021bi-v\u0103 de nori netezi \u0219i consisten\u021bi p\u00e2n\u0103 la <strong>8000 pufuri<\/strong> cu fiecare dispozitiv, asigur\u00e2nd o experien\u021b\u0103 prelungit\u0103 de vaping care dep\u0103\u0219e\u0219te mul\u021bi dintre concuren\u021bii s\u0103i.<\/p>\n<p><strong>Casinovape<\/strong> ofer\u0103 urm\u0103toarele <strong>Al Fakher Crown Bar 8000 Puffs Pro<\/strong> <strong> Mod dual <\/strong>cu <strong>f\u0103r\u0103 cantitate minim\u0103 de comand\u0103<\/strong>, f\u0103c\u00e2ndu-l perfect at\u00e2t pentru clien\u021bii individuali, c\u00e2t \u0219i pentru cump\u0103r\u0103torii de retail. Comanda\u021bi de la noi <a href=\"https:\/\/casinovape.de\/ro\/\"><strong>Depozitul European de Vape<\/strong><\/a> \u0219i bucura\u021bi-v\u0103 de livrarea rapid\u0103 \u00een 3-7 zile oriunde \u00een UE.<\/p>\n<p><img loading=\"lazy\" decoding=\"async\" class=\"alignnone wp-image-2959 size-full\" src=\"https:\/\/casinovape.de\/wp-content\/uploads\/2024\/11\/Al-Fakher-Crown-Bar-8000-Puffs-Pro-Dual-Mode-10-pieces-mixed-pack-3.webp\" alt=\"Depozitul European Al Fakher Crown Bar 8000 Puffs Pro Mod Dual 0.5% Nicotin\u0103 Sc\u0103zut\u0103 Cump\u0103ra\u021bi Vape Pen Rechargeable Original Autentic - Pachet mixt de 10 buc\u0103\u021bi\" width=\"1280\" height=\"1280\" srcset=\"https:\/\/casinovape.de\/wp-content\/uploads\/2024\/11\/Al-Fakher-Crown-Bar-8000-Puffs-Pro-Dual-Mode-10-pieces-mixed-pack-3.webp 1280w, https:\/\/casinovape.de\/wp-content\/uploads\/2024\/11\/Al-Fakher-Crown-Bar-8000-Puffs-Pro-Dual-Mode-10-pieces-mixed-pack-3-300x300.webp 300w, https:\/\/casinovape.de\/wp-content\/uploads\/2024\/11\/Al-Fakher-Crown-Bar-8000-Puffs-Pro-Dual-Mode-10-pieces-mixed-pack-3-1024x1024.webp 1024w, https:\/\/casinovape.de\/wp-content\/uploads\/2024\/11\/Al-Fakher-Crown-Bar-8000-Puffs-Pro-Dual-Mode-10-pieces-mixed-pack-3-150x150.webp 150w, https:\/\/casinovape.de\/wp-content\/uploads\/2024\/11\/Al-Fakher-Crown-Bar-8000-Puffs-Pro-Dual-Mode-10-pieces-mixed-pack-3-768x768.webp 768w, https:\/\/casinovape.de\/wp-content\/uploads\/2024\/11\/Al-Fakher-Crown-Bar-8000-Puffs-Pro-Dual-Mode-10-pieces-mixed-pack-3-12x12.webp 12w, https:\/\/casinovape.de\/wp-content\/uploads\/2024\/11\/Al-Fakher-Crown-Bar-8000-Puffs-Pro-Dual-Mode-10-pieces-mixed-pack-3-600x600.webp 600w, https:\/\/casinovape.de\/wp-content\/uploads\/2024\/11\/Al-Fakher-Crown-Bar-8000-Puffs-Pro-Dual-Mode-10-pieces-mixed-pack-3-100x100.webp 100w\" sizes=\"auto, (max-width: 1280px) 100vw, 1280px\" \/><\/p>\n<h2><a href=\"https:\/\/casinovape.de\/ro\/\">Al Fakher<\/a> Crown Bar 8000 Puffs Pro Mod Dual: Caracteristici cheie<\/h2>\n<ul>\n<li><strong>Capacitate Puff Extins\u0103<\/strong>: Bucura\u021bi-v\u0103 p\u00e2n\u0103 la <strong>8000 pufuri<\/strong> pe dispozitiv, asigur\u00e2nd o experien\u021b\u0103 de vape de lung\u0103 durat\u0103 \u0219i consistent\u0103 care dep\u0103\u0219e\u0219te alte vape de unic\u0103 folosin\u021b\u0103 de pe pia\u021b\u0103.<\/li>\n<li><strong>Capacitate Mare de E-Lichid<\/strong>Fiecare <strong>Al Fakher Crown Bar 8000 Pro<\/strong> <strong> Mod dual <\/strong>vine pre-completat cu <strong>18 ml<\/strong> de e-lichid premium, oferind mai multe sesiuni de vapare \u0219i un gust \u00eembun\u0103t\u0103\u021bit de la prima p\u00e2n\u0103 la ultima puf\u0103tur\u0103.<\/li>\n<li><strong>Design Re\u00eenc\u0103rcabil<\/strong>: Dotat cu un <strong>Port de \u00eenc\u0103rcare Type-C<\/strong> \u0219i robust <strong>Baterie re\u00eenc\u0103rcabil\u0103 800 mAh<\/strong>, pute\u021bi re\u00eenc\u0103rca rapid dispozitivul, asigur\u00e2nd c\u0103 nu r\u0103m\u00e2ne\u021bi niciodat\u0103 f\u0103r\u0103 energie \u00een timpul sesiunilor de vaping.<\/li>\n<li><strong>Vaporizare \u00een Modul Dual<\/strong>: Cu op\u021biuni pentru <strong>Mouth-to-Lung (MTL)<\/strong> \u0219i <strong>Direct-to-Lung (DTL)<\/strong> moduri, personaliza\u021bi experien\u021ba dvs. de vapare pentru a se potrivi cu preferin\u021ba dvs. - fie c\u0103 dori\u021bi o aspira\u021bie mai str\u00e2ns\u0103, mai concentrat\u0103 sau o lovitur\u0103 complet\u0103 pentru pl\u0103m\u00e2ni.<\/li>\n<li><strong>Arom\u0103 Autentic\u0103 de Shisha<\/strong>: Cunoscut pentru calitatea sa premium, <strong>Al Fakher<\/strong> ofer\u0103 aromele bogate, moi \u0219i r\u0103coritoare ale shisha tradi\u021bional direct \u00een vape pen-ul dvs., oferind o experien\u021b\u0103 care este at\u00e2t satisf\u0103c\u0103toare, c\u00e2t \u0219i autentic\u0103.<\/li>\n<li><strong>Afi\u0219aj LED<\/strong>: Monitorizeaz\u0103 nivelul de e-lichid \u0219i durata de via\u021b\u0103 a bateriei cu u\u0219urin\u021b\u0103 folosind afi\u0219ajul LED \u00eencorporat, pentru o experien\u021b\u0103 de vaporizare f\u0103r\u0103 probleme.<\/li>\n<li><strong>F\u0103r\u0103 Cump\u0103rare Minim\u0103<\/strong>La Casinovape, vindem <strong>Al Fakher Crown Bar 8000 Puffs Pro<\/strong> <strong> Mod dual <\/strong>\u00een unit\u0103\u021bi individuale, f\u0103r\u0103 cantitate minim\u0103 de comand\u0103, f\u0103c\u00e2ndu-l ideal at\u00e2t pentru utilizare personal\u0103, c\u00e2t \u0219i pentru achizi\u021bii mari.<\/li>\n<li><strong>Livrare rapid\u0103 \u00een UE<\/strong>Mul\u021bumim partenerilor no\u0219tri <strong>Depozitul European de Vape<\/strong>, ne asigur\u0103m c\u0103 livrarea se face rapid \u00een cadrul <strong>3-7 zile<\/strong> \u00een orice parte a UE, astfel \u00eenc\u00e2t nu va trebui s\u0103 a\u0219tepta\u021bi mult pentru a v\u0103 bucura de vape.<\/li>\n<\/ul>\n<h2>Descoper\u0103 Colec\u021bia de Arome: Dezl\u0103n\u021buie Cele Mai Bune Arome Inspirate din Shisha<\/h2>\n<p>Unul dintre punctele culminante ale <strong>Al Fakher Crown Bar 8000 Puffs Pro<\/strong> este selec\u021bia sa bogat\u0103 de arome inspirate din shisha. Create cu grij\u0103 pentru a imita gustul autentic al shisha tradi\u021bional, aceste arome ofer\u0103 o experien\u021b\u0103 satisf\u0103c\u0103toare \u0219i de neuitat la fiecare puf. Fiecare arom\u0103 oferind o combina\u021bie unic\u0103 de note dulci, fructate sau mentolate, exist\u0103 o arom\u0103 pentru fiecare vaporizator.<\/p>\n<h3>Gusturi de Al Fakher Crown Bar 8000 Puffs Pro Mod Dual<\/h3>\n<ol>\n<li><strong>Peach Ice<\/strong>: Bucura\u021bi-v\u0103 de gustul dulce \u0219i suculent al piersicilor coapte, completat de o finish r\u0103coritoare \u0219i \u00eenghe\u021bat\u0103 care aduce r\u0103coarea verii cu fiecare puf.<\/li>\n<li><strong>Cherry Fiesta<\/strong>: Experimenta\u021bi aroma bogat\u0103 \u0219i dulce a cire\u0219elor coapte, oferind un nor \u00eendr\u0103zne\u021b \u0219i fructat la fiecare aspirare.<\/li>\n<li><strong>Mango Ice<\/strong>: Dulcea\u021ba tropical\u0103 a mangoilor coap\u021bi este perfect echilibrat\u0103 cu o finish r\u0103coritoare \u0219i \u00eenghe\u021bat\u0103, oferind o experien\u021b\u0103 de vapare exotic\u0103 \u0219i r\u0103coritoare.<\/li>\n<li><strong>Mango Ananas<\/strong>O amestec delicios de tropice de mango dulce \u0219i ananas acru, care te transport\u0103 \u00eentr-un paradis de plaj\u0103 la fiecare inhalare.<\/li>\n<li><strong>Vis lucid<\/strong>O fuziune vis\u0103toare de arome fructate care ofer\u0103 o experien\u021b\u0103 de vaporizare \u00eenc\u00e2nt\u0103toare \u0219i magic\u0103, amestec\u00e2ndu-se perfect pentru o senza\u021bie \u00eenvior\u0103toare \u0219i r\u0103coritoare.<\/li>\n<li><strong>Hubba<\/strong>: Gum\u0103 de mestecat dulce \u00eent\u00e2lne\u0219te o r\u0103sucire r\u0103coritoare, cre\u00e2nd un amestec nea\u0219teptat \u0219i \u00eenc\u00e2nt\u0103tor, care este distractiv \u0219i r\u0103coritor deodat\u0103.<\/li>\n<li><strong>Doi mere<\/strong>Amestecul clasic de mere ro\u0219ii dulci \u0219i mere verzi acre, oferind un echilibru satisf\u0103c\u0103tor de arome fructate, reminiscent al shisha tradi\u021bional.<\/li>\n<li><strong>Ghea\u021b\u0103 Lush<\/strong>: Bucur\u0103-te de savoarea suculent\u0103 a pepenelui verde, completat\u0103 de o senza\u021bie crocant\u0103 \u0219i r\u0103coritoare care \u00ee\u021bi re\u00eenfreshaz\u0103 sim\u021burile.<\/li>\n<li><strong>Punc de c\u0103p\u0219uni<\/strong>O amestec\u0103tur\u0103 dulce \u0219i acrisolit\u0103 de c\u0103p\u0219uni proaspete, care ofer\u0103 o explozie de arom\u0103 revitalizant\u0103 ce \u00ee\u021bi excit\u0103 papilele gustative.<\/li>\n<li><strong>Ment\u0103 de struguri<\/strong>O arom\u0103 dulce \u0219i acr\u0103 de struguri, \u00eembun\u0103t\u0103\u021bit\u0103 de o finish mentolat\u0103 pentru o experien\u021b\u0103 r\u0103coritoare \u0219i satisf\u0103c\u0103toare.<\/li>\n<li><strong>Dragoste Magic\u0103<\/strong>O crea\u021bie misterioas\u0103 \u0219i fructat\u0103 care este at\u00e2t dulce, c\u00e2t \u0219i r\u0103coritoare, oferind o experien\u021b\u0103 de vapare cu adev\u0103rat magic\u0103.<\/li>\n<li><strong>L\u0103m\u00e2ie Ment\u0103<\/strong>Gustul \u00een\u021bep\u0103tor al l\u0103m\u00e2iei proaspete combinat cu senza\u021bia r\u0103coritoare \u0219i r\u0103coare a mentei, perfect pentru o vapare pe tot parcursul zilei.<\/li>\n<li><strong>Berry Ice<\/strong>O combina\u021bie de fructe de p\u0103dure amestecate cu o exhalare \u00eenghe\u021bat\u0103, oferind o experien\u021b\u0103 de vaporizare dulce, dar r\u0103coroas\u0103, pe care iubitorii de fructe de p\u0103dure o vor aprecia.<\/li>\n<li><strong>Limonad\u0103 Albastr\u0103 Razz<\/strong>: Murele albastre tangy \u0219i l\u0103m\u00e2iul zesty se reunesc \u00een aceast\u0103 arom\u0103 nostalgic\u0103, oferind o atmosfer\u0103 perfect\u0103 de var\u0103.<\/li>\n<li><strong>Oceanul Albastru<\/strong>O arom\u0103 r\u0103coroas\u0103, inspirat\u0103 de ocean, cu un profil u\u0219or s\u0103rat, care te transport\u0103 \u00eentr-o zi petrecut\u0103 l\u00e2ng\u0103 mare.<\/li>\n<li><strong>Ghea\u021b\u0103 de coac\u0103ze negre<\/strong>: Mure bogate \u0219i reci, cu un final r\u0103coros \u0219i \u00eenghe\u021bat, oferind o experien\u021b\u0103 de vapare sofisticat\u0103, lin\u0103 \u0219i r\u0103refreshant\u0103.<\/li>\n<li><strong>L\u0103m\u00e2ie Lime<\/strong>O echilibru perfect de l\u0103m\u00e2ie \u0219i lime str\u0103lucitoare, oferind o experien\u021b\u0103 de citrice revigorant\u0103.<\/li>\n<li><strong>Gum\u0103 de Afine<\/strong>O arom\u0103 nostalgic\u0103 de gum\u0103 de mestecat albastr\u0103 dulce de afine, care ofer\u0103 at\u00e2t note fructate c\u00e2t \u0219i distractive care te vor duce \u00eenapoi \u00een copil\u0103ria ta.<\/li>\n<li><strong>Gum\u0103 de ment\u0103<\/strong>Gustul dulce \u0219i mestecat al gumei amestecat cu o r\u0103sucire de ment\u0103 r\u0103coritoare, transform\u00e2nd fiecare puf \u00eentr-o experien\u021b\u0103 extraordinar\u0103.<\/li>\n<\/ol>\n<h2>De ce s\u0103 alegi <a href=\"https:\/\/casinovape.de\/ro\/\">Al Fakhe<\/a>r Crown Bar 8000 Puffs Pro Mod Dual\u0103?<\/h2>\n<p>The \n(acum, f\u0103r\u0103 modific\u0103ri) \nThe <strong>Al Fakher Crown Bar 8000 Puffs Pro<\/strong> se remarc\u0103 drept unul dintre cele mai fiabile \u0219i aromate vape-uri de unic\u0103 folosin\u021b\u0103 disponibile pe pia\u021b\u0103. Indiferent dac\u0103 e\u0219ti nou \u00een materie de vaporizare sau un profesionist experimentat, acest dispozitiv se adapteaz\u0103 la toate preferin\u021bele, oferind op\u021biuni personalizabile cu <strong>Tehnologie Dual Mode<\/strong> \u0219i <strong>8000 pufuri<\/strong> per dispozitiv.<\/p>\n<p>Iat\u0103 de ce ar trebui s\u0103 alege\u021bi acest produs:<\/p>\n<ul>\n<li><strong>Varian\u021b\u0103 de Arom\u0103 Inegalabil\u0103<\/strong>: De la dulce \u0219i fructuos la \u00eenghe\u021bat \u0219i r\u0103coritor, <strong>Al Fakher Crown Bar 8000 Pro<\/strong> <strong> Mod dual<\/strong>ofer\u0103 o gam\u0103 larg\u0103 de arome inspirate din shisha, concepute pentru a te face s\u0103 revii mereu.<\/li>\n<li><strong>Calitate Premium<\/strong>: Reputa\u021bia Al Fakher \u00een lumea vape-ului shisha se reflect\u0103 \u00een acest dispozitiv, oferind o experien\u021b\u0103 de arom\u0103 premium \u0219i autentic\u0103 care rivalizeaz\u0103 cu shisha tradi\u021bional.<\/li>\n<li><strong>Performan\u021b\u0103 de Lung\u0103 Durat\u0103<\/strong>Cu ea <strong>Capacitate de 8000 de pufuri<\/strong> \u0219i <strong>Baterie re\u00eenc\u0103rcabil\u0103<\/strong>Aceast\u0103 vape ofer\u0103 o experien\u021b\u0103 prelungit\u0103, elimin\u00e2nd necesitatea \u00eenlocuirilor frecvente.<\/li>\n<li><strong>Comoditate \u0219i flexibilitate<\/strong>: The <strong>Mod dual<\/strong> Aceast\u0103 func\u021bie v\u0103 permite s\u0103 alege\u021bi \u00eentre <strong>MTL<\/strong> sau <strong>DTL<\/strong> lovituri, f\u0103c\u00e2nd acest dispozitiv potrivit pentru toate stilurile de vaporizare.<\/li>\n<li><strong>Livrare Rapid\u0103 \u0219i De \u00cencredere<\/strong>: C\u00e2nd comanda\u021bi de la <strong>Casinovape<\/strong>pute\u021bi a\u0219tepta o livrare rapid\u0103 \u00een termen de <strong>3-7 zile<\/strong>, cu expediere direct\u0103 de la noi <strong>Depozitul European de Vape<\/strong>.<\/li>\n<li><strong>F\u0103r\u0103 comand\u0103 minim\u0103<\/strong>Cump\u0103ra\u021bi at\u00e2tea sau c\u00e2t de pu\u021bine unit\u0103\u021bi ave\u021bi nevoie, satisf\u0103c\u00e2nd at\u00e2t cump\u0103r\u0103torii personali, c\u00e2t \u0219i cei de v\u00e2nzare cu am\u0103nuntul.<\/li>\n<\/ul>\n<h2>Comanda\u021bi Ast\u0103zi Al Fakher Crown Bar 8000 Puffs Pro Dual Mode!<\/h2>\n<p>Transform\u0103-\u021bi experien\u021ba de vaporizare cu <strong>Al Fakher Crown Bar 8000 Puffs Pro Mod Dual\u0103<\/strong>disponibil exclusiv la<a href=\"https:\/\/casinovape.de\/ro\/\"> <strong>Casinovape<\/strong><\/a>Suntem m\u00e2ndri s\u0103 oferim <strong>Vape de unic\u0103 folosin\u021b\u0103 autentice<\/strong> cu <strong>livrare rapid\u0103 \u00een Europa<\/strong>, astfel \u00eenc\u00e2t s\u0103 pute\u021bi savura fiecare puf cu \u00eencredere. Vizita\u021bi site-ul nostru pentru a r\u0103sfoi selec\u021bia noastr\u0103, explora noi arome \u0219i plasa\u021bi comanda ast\u0103zi.<\/p>\n<p>Cu <a href=\"https:\/\/casinovape.de\/ro\/\"><strong>Casinovape<\/strong><\/a>Bucura\u021bi-v\u0103 de cele mai bune produse \u00een materie de calitate, confort \u0219i gust, livrate chiar la u\u0219a dumneavoastr\u0103. <strong>Comanda\u021bi acum<\/strong> \u0219i experimenta\u021bi viitorul vapingului de unic\u0103 folosin\u021b\u0103 cu <strong>Al Fakher Crown Bar 8000 Puffs Pro Mod Dual\u0103<\/strong>!<\/p>\n<\/div>\n<\/div>\n<\/div>\n<\/div>","protected":false},"excerpt":{"rendered":"<p>Descoper\u0103 <strong>Al Fakher Crown Bar 8000 Puffs Pro Mod Dual\u0103<em> -10 buc\u0103\u021bi pachet mixt<\/em><\/strong> Vape de unic\u0103 folosin\u021b\u0103 la Casinovape. Bucura\u021bi-v\u0103 de p\u00e2n\u0103 la 8000 de pufuri cu arome autentice de shisha, confort re\u00eenc\u0103rcabil \u0219i livrare rapid\u0103 \u00een Europa. Comanda\u021bi acum!<\/p>","protected":false},"featured_media":4520,"comment_status":"open","ping_status":"closed","template":"","meta":[],"product_brand":[],"product_cat":[16,78,79,80,81,82,84,86,88,89,90,91,92,94,95,98,99,65,66,67,68,69,70,71,72,73,74,75,76,77,57,58,45,48,50,47,52,54,55],"product_tag":[],"class_list":{"0":"post-4385","1":"product","2":"type-product","3":"status-publish","4":"has-post-thumbnail","6":"product_cat-al-fakher-disposable-vapes","7":"product_cat-buy-best-disposable-vape-flavors","8":"product_cat-apple-flavor-disposable-vapes","9":"product_cat-blue-razz-flavor-disposable-vapes","10":"product_cat-blueberry-flavor-disposable-vapes","11":"product_cat-cherry-flavor-disposable-vapes","12":"product_cat-grape-flavor-disposable-vapes","13":"product_cat-ice-flavor-disposable-vapes","14":"product_cat-lemon-flavor-disposable-vapes","15":"product_cat-lush-flavor-disposable-vapes","16":"product_cat-mango-flavor-disposable-vapes","17":"product_cat-mint-flavor-disposable-vapes","18":"product_cat-mixed-berries-flavor-disposable-vapes","19":"product_cat-peach-flavor-disposable-vapes","20":"product_cat-pineapple-flavor-disposable-vapes","21":"product_cat-strawberry-flavor-disposable-vapes","22":"product_cat-watermelon-flavor-disposable-vapes","23":"product_cat-best-disposable-vape-in-europe","24":"product_cat-buy-disposable-vapes-in-austria","25":"product_cat-buy-disposable-vapes-in-belgium","26":"product_cat-buy-disposable-vapes-in-france","27":"product_cat-buy-disposable-vapes-in-germany","28":"product_cat-buy-disposable-vapes-in-italy","29":"product_cat-buy-disposable-vapes-in-netherlands","30":"product_cat-buy-disposable-vapes-in-norway","31":"product_cat-buy-disposable-vapes-in-poland","32":"product_cat-buy-disposable-vapes-in-portugal","33":"product_cat-buy-disposable-vapes-in-spain","34":"product_cat-buy-disposable-vapes-in-sweden","35":"product_cat-buy-disposable-vapes-in-switzerland","36":"product_cat-shop-disposable-vapes-by-puffs","37":"product_cat-8000-puff-disposable-vape","38":"product_cat-disposable-vape-types","39":"product_cat-big-puffs-disposable-vapes","40":"product_cat-digital-box-disposable-vapes","41":"product_cat-full-screen-disposable-vapes","42":"product_cat-lower-nicotine-disposable-vapes","43":"product_cat-rechargeable-disposable-vapes","44":"product_cat-shisha-hookah-disposable-vapes","46":"first","47":"instock","48":"sale","49":"shipping-taxable","50":"purchasable","51":"product-type-variable"},"jetpack_sharing_enabled":true,"_links":{"self":[{"href":"https:\/\/casinovape.de\/ro\/wp-json\/wp\/v2\/product\/4385","targetHints":{"allow":["GET"]}}],"collection":[{"href":"https:\/\/casinovape.de\/ro\/wp-json\/wp\/v2\/product"}],"about":[{"href":"https:\/\/casinovape.de\/ro\/wp-json\/wp\/v2\/types\/product"}],"replies":[{"embeddable":true,"href":"https:\/\/casinovape.de\/ro\/wp-json\/wp\/v2\/comments?post=4385"}],"wp:featuredmedia":[{"embeddable":true,"href":"https:\/\/casinovape.de\/ro\/wp-json\/wp\/v2\/media\/4520"}],"wp:attachment":[{"href":"https:\/\/casinovape.de\/ro\/wp-json\/wp\/v2\/media?parent=4385"}],"wp:term":[{"taxonomy":"product_brand","embeddable":true,"href":"https:\/\/casinovape.de\/ro\/wp-json\/wp\/v2\/product_brand?post=4385"},{"taxonomy":"product_cat","embeddable":true,"href":"https:\/\/casinovape.de\/ro\/wp-json\/wp\/v2\/product_cat?post=4385"},{"taxonomy":"product_tag","embeddable":true,"href":"https:\/\/casinovape.de\/ro\/wp-json\/wp\/v2\/product_tag?post=4385"}],"curies":[{"name":"wp","href":"https:\/\/api.w.org\/{rel}","templated":true}]}}