{"id":4352,"date":"2024-11-27T12:52:05","date_gmt":"2024-11-27T12:52:05","guid":{"rendered":"https:\/\/casinovape.de\/?post_type=product&#038;p=4352"},"modified":"2025-04-08T08:13:44","modified_gmt":"2025-04-08T08:13:44","slug":"depozit-european-vozol-star-20000-pufuri-cu-nicotina-scazuta-cumpara-stilou-original-autentic-autentic-reincarcabil-de-unica-folosinta-2","status":"publish","type":"product","link":"https:\/\/casinovape.de\/ro\/produs\/depozit-european-vozol-star-20000-pufuri-cu-nicotina-scazuta-cumpara-stilou-original-autentic-autentic-reincarcabil-de-unica-folosinta-2\/","title":{"rendered":"Depozitul European Vozol Star 20000 Puffs Nicotin\u0103 Sc\u0103zut\u0103 Cump\u0103ra\u021bi Vape Pen Re\u00eenc\u0103rcabil Monousor Original Autentic"},"content":{"rendered":"<div class=\"flex-shrink-0 flex flex-col relative items-end\">\n<div>\n<div class=\"pt-0\">\n<div class=\"gizmo-shadow-stroke flex h-8 w-8 items-center justify-center overflow-hidden rounded-full\">\n<div class=\"h-full w-full\">\n<div style=\"width: 360px;\" class=\"wp-video\"><!--[if lt IE 9]><script>document.createElement('video');<\/script><![endif]-->\n<video class=\"wp-video-shortcode\" id=\"video-4352-1\" width=\"360\" height=\"640\" preload=\"metadata\" controls=\"controls\"><source type=\"video\/mp4\" src=\"https:\/\/casinovape.de\/wp-content\/uploads\/2024\/11\/vozol-star-20000.mp4?_=1\" \/><a href=\"https:\/\/casinovape.de\/wp-content\/uploads\/2024\/11\/vozol-star-20000.mp4\">https:\/\/casinovape.de\/wp-content\/uploads\/2024\/11\/vozol-star-20000.mp4<\/a><\/video><\/div>\n<\/div>\n<\/div>\n<\/div>\n<\/div>\n<\/div>\n<div class=\"group\/conversation-turn relative flex w-full min-w-0 flex-col agent-turn\">\n<div class=\"flex-col gap-1 md:gap-3\">\n<div class=\"flex max-w-full flex-col flex-grow\">\n<div class=\"min-h-8 text-message flex w-full flex-col items-end gap-2 whitespace-normal break-words [.text-message+&amp;]:mt-5\" dir=\"auto\" data-message-author-role=\"assistant\" data-message-id=\"19eefec6-29ef-4aae-8d64-1b6d062299fc\" data-message-model-slug=\"gpt-4o\">\n<div class=\"flex w-full flex-col gap-1 empty:hidden first:pt-[3px]\">\n<div class=\"markdown prose w-full break-words dark:prose-invert light\">\n<h2><a href=\"https:\/\/casinovape.de\/ro\/categorie-de-produse\/vape-de-unica-folosinta-vozol\/\">Vozol<\/a> Star 20000 Puffs Disposable Vape: Experien\u021ba Ultim\u0103 de Vaping<\/h2>\n<p>C\u00e2nd vine vorba de vape-urile de unic\u0103 folosin\u021b\u0103, <strong>Vozol Star 20000 Puffs<\/strong> stabile\u0219te un nou standard pentru performan\u021b\u0103, stil \u0219i confort. Conceput cu tehnologie de ultim\u0103 or\u0103, acest dispozitiv ofer\u0103 tot ce \u0219i-ar putea dori un vaper: putere de lung\u0103 durat\u0103, o experien\u021b\u0103 de vapare superioar\u0103 \u0219i estetic\u0103 elegant\u0103. Indiferent dac\u0103 e\u0219ti un vaper experimentat sau abia \u00eencepi, Vozol Star 20000 Puffs este un adaos obligatoriu la colec\u021bia ta.<\/p>\n<h2>Prezentare detaliat\u0103 a produsului: <a href=\"https:\/\/casinovape.de\/ro\/categorie-de-produse\/vape-de-unica-folosinta-vozol\/\">Vozol Star 20000 Puffs<\/a> Vaporizator de unic\u0103 folosin\u021b\u0103<\/h2>\n<p>The \n(acum, f\u0103r\u0103 modific\u0103ri) \nThe <strong>Vozol Star 20000 Puffs Vaporizator de unic\u0103 folosin\u021b\u0103<\/strong> se remarc\u0103 pe pia\u021ba aglomerat\u0103 a vapoarelor de unic\u0103 folosin\u021b\u0103 prin performan\u021ba sa impresionant\u0103 \u0219i caracteristicile u\u0219or de utilizat. Spre deosebire de vapoarele tradi\u021bionale, Vozol Star ofer\u0103 o op\u021biune re\u00eenc\u0103rcabil\u0103, f\u0103c\u00e2ndu-l at\u00e2t ecologic, c\u00e2t \u0219i economic. Cu o gam\u0103 larg\u0103 de arome vibrante \u0219i o serie de caracteristici avansate, este conceput pentru a satisface nevoile oric\u0103rui vaper.<\/p>\n<h3>Performan\u021b\u0103 Puternic\u0103 \u0219i de Lung\u0103 Durat\u0103<\/h3>\n<p>Una dintre caracteristicile remarcabile ale Vozol Star 20000 Puffs este faptul c\u0103 <strong>20.000 capacitate de puf<\/strong>Aceast\u0103 longevitate v\u0103 permite s\u0103 v\u0103 bucura\u021bi de sesiuni prelungite de vaporizare f\u0103r\u0103 a fi nevoie s\u0103 \u00eenlocui\u021bi dispozitivul \u00een mod constant, f\u0103c\u00e2ndu-l extrem de rentabil pentru utilizatorii obi\u0219nui\u021bi. Bateria de lung\u0103 durat\u0103 \u0219i func\u021biile integrate, cum ar fi bobinele duble cu plas\u0103 \u0219i bateria re\u00eenc\u0103rcabil\u0103, permit o <strong>experien\u021b\u0103 de vaporizare lin\u0103<\/strong> De fiecare dat\u0103. La revedere re\u00eenc\u0103rc\u0103rilor \u0219i \u00eenlocuirilor frecvente; Vozol Star asigur\u0103 durabilitate f\u0103r\u0103 a compromite gustul sau calitatea vaporului.<\/p>\n<h3>Bobine duble cu ochiuri pentru arom\u0103 superioar\u0103<\/h3>\n<p>Vozol Star 20000 folose\u0219te <strong>bobine cu dubl\u0103 plas\u0103<\/strong> care sunt proiectate pentru a oferi arome mai bogate \u0219i vapori mai den\u0219i. Aceste bobine optimizeaz\u0103 experien\u021ba dvs. de vapare prin \u00eembun\u0103t\u0103\u021birea gustului \u0219i a produc\u021biei de vapori, cre\u00e2nd o senza\u021bie satisf\u0103c\u0103toare \u0219i pl\u0103cut\u0103 de fiecare dat\u0103 c\u00e2nd trage\u021bi o puf\u0103. Indiferent dac\u0103 prefera\u021bi <strong>vapoare u\u015foar\u0103<\/strong> sau <strong>nori densi<\/strong>, bobinele duble cu ochiuri garanteaz\u0103 c\u0103 ob\u021bine\u021bi profilul de arom\u0103 pe care \u00eel dori\u021bi.<\/p>\n<h3>Moduri duble pentru personalizare<\/h3>\n<p>The \n(acum, f\u0103r\u0103 modific\u0103ri) \nThe <strong>caracteristic\u0103 dual\u0103<\/strong> Vozol Star 20000 este perfect pentru cei care vor s\u0103-\u0219i personalizeze experien\u021ba. <strong>Mod Eco<\/strong> asigur\u0103 o vapoare mai lin\u0103, mai u\u0219oar\u0103 pentru cei care prefer\u0103 o lovitur\u0103 mai subtil\u0103, \u00een timp ce <strong>Modul de putere<\/strong> ofer\u0103 nori mai mari \u0219i mai intensi pentru o experien\u021b\u0103 de vaporizare mai complet\u0103. Comutarea \u00eentre aceste moduri este simpl\u0103 - ap\u0103sa\u021bi pur \u0219i simplu un buton pentru a comuta \u00eentre ele, oferindu-v\u0103 control asupra sesiunii de vaporizare.<\/p>\n<h3>Design compact, elegant \u0219i func\u021bional<\/h3>\n<p>Cu designul s\u0103u elegant <strong>finisare metalic\u0103 gradientat\u0103<\/strong> \u0219i <strong>Ecran HD oglind\u0103<\/strong>Vozol Star 20000 nu numai c\u0103 performeaz\u0103 bine, ci arat\u0103 \u0219i grozav. <strong>ecran oglind\u0103<\/strong> ofer\u0103 informa\u021bii clare, inclusiv nivelurile bateriei \u0219i starea e-lichidului, astfel \u00eenc\u00e2t sunte\u021bi \u00eentotdeauna informat despre performan\u021ba dispozitivului dvs. <strong>design compact<\/strong> asigur\u0103 portabilitatea, permi\u021b\u00e2ndu-v\u0103 s\u0103 v\u0103 lua\u021bi vape-ul oriunde merge\u021bi, f\u0103r\u0103 a sacrifica stilul.<\/p>\n<h3>\u00cenc\u0103rcare Rapid\u0103 \u0219i Convenabil\u0103<\/h3>\n<p>Obosit s\u0103 a\u0219tep\u021bi ca dispozitivul t\u0103u s\u0103 se \u00eencarce? The <strong>Vozol Star 20000<\/strong> poate fi complet \u00eenc\u0103rcat \u00een doar <strong>30 de minute<\/strong>, asigur\u00e2ndu-v\u0103 c\u0103 reveni\u021bi rapid la vaporizare. \u00cen plus, <strong>MTL (Gur\u0103-la-Pl\u0103m\u00e2ni)<\/strong> ofer\u0103 o senza\u021bie familiar\u0103 similar\u0103 cu fumatul, f\u0103c\u00e2ndu-l o alegere excelent\u0103 pentru cei care trec de la \u021bigarete.<\/p>\n<h3>Design Igienic \u0219i Siguran\u021b\u0103<\/h3>\n<p>The \n(acum, f\u0103r\u0103 modific\u0103ri) \nThe <strong>protec\u021bie pentru guraj<\/strong> Aceast\u0103 caracteristic\u0103 asigur\u0103 c\u0103 piesa bucal\u0103 r\u0103m\u00e2ne curat\u0103 \u0219i igienic\u0103, \u021bin\u00e2nd contaminan\u021bii cum ar fi praful \u0219i resturile departe de piesa bucal\u0103 atunci c\u00e2nd nu este \u00een uz. Aceast\u0103 aten\u021bie la igien\u0103 este unul dintre motivele pentru care Vozol Star iese \u00een eviden\u021b\u0103 ca un dispozitiv de vaporizare de top.<\/p>\n<h3>Perfect pentru \u00eencep\u0103tori \u0219i exper\u021bi deopotriv\u0103<\/h3>\n<p>The \n(acum, f\u0103r\u0103 modific\u0103ri) \nThe <strong>Vozol Star 20000 Puffs<\/strong> este conceput pentru a fi prietenos cu \u00eencep\u0103torii, cu caracteristici simple \u0219i func\u021bionalitate u\u0219oar\u0103. Indiferent dac\u0103 sunte\u021bi un \u00eencep\u0103tor \u00een lumea vapingului sau un vaper experimentat, acest dispozitiv este o alegere excelent\u0103. Designul s\u0103u simplu \u00eel face ideal pentru cei care \u00eencep, \u00een timp ce func\u021biile avansate vor satisface preferin\u021bele vaperilor experimenta\u021bi.<\/p>\n<h2>Caracteristici Vozol Star 20000 Puffs Vape de unic\u0103 folosin\u021b\u0103<\/h2>\n<ul>\n<li><strong>20.000+ pufuri<\/strong>: \u0218edin\u021be prelungite de vaporizare, reduc\u00e2nd nevoia de \u00eenlocuiri frecvente.<\/li>\n<li><strong>Re\u00eenc\u0103rcabil<\/strong>: Ecologic\u0103 \u0219i rentabil\u0103, cu o baterie care se \u00eencarc\u0103 rapid (\u00eenc\u0103rcat\u0103 complet \u00een doar 30 de minute).<\/li>\n<li><strong>Bobine cu dubl\u0103 plas\u0103<\/strong>: Ofer\u0103 un gust bogat \u0219i o vapoare dens\u0103 pentru o experien\u021b\u0103 satisf\u0103c\u0103toare.<\/li>\n<li><strong>Moduri duble<\/strong>: Modul Eco pentru vapori mai u\u0219ori \u0219i Modul Putere pentru nori den\u0219i.<\/li>\n<li><strong>Ecran cu LED-uri<\/strong>: Ofer\u0103 actualiz\u0103ri \u00een timp real despre nivelurile bateriei \u0219i lichidului electronic.<\/li>\n<li><strong>5% Nicotin\u0103 Putere<\/strong>: O lovitur\u0103 de nicotin\u0103 satisf\u0103c\u0103toare pentru o experien\u021b\u0103 de vaporizare \u00eemplinitoare.<\/li>\n<li><strong>Design MTL<\/strong>: Ideal pentru vapoarele de la gur\u0103 la pl\u0103m\u00e2ni care doresc o experien\u021b\u0103 mai lin\u0103 similar\u0103 cu fumatul.<\/li>\n<li><strong>Protec\u021bia piesei bucale<\/strong>: Designul igienic previne contaminarea.<\/li>\n<li><strong>Design Stylish \u0219i Compact<\/strong>Finisare metalic\u0103 gradientat\u0103 cu o carcas\u0103 alb\u0103 elegant\u0103 pentru portabilitate \u0219i atractivitate estetic\u0103.<\/li>\n<\/ul>\n<h2>Vozol Star 20000 Puffs Arome<\/h2>\n<p>Vozol Star 20000 Puffs vine \u00eentr-o mare varietate de arome apetisante. Indiferent dac\u0103 sunte\u021bi \u00een c\u0103utarea ceva fructat, \u00eenghe\u021bat sau dulce, exist\u0103 o arom\u0103 pentru toat\u0103 lumea. Iat\u0103 o list\u0103 complet\u0103 a aromelor disponibile:<\/p>\n<p><img loading=\"lazy\" decoding=\"async\" class=\"alignnone wp-image-3623 size-full\" src=\"https:\/\/casinovape.de\/wp-content\/uploads\/2024\/11\/vozol-star-20000.webp\" alt=\"Depozitul European Vozol Star 20000 Puffs Nicotin\u0103 Sc\u0103zut\u0103 Cump\u0103ra\u021bi Vape Pen Re\u00eenc\u0103rcabil Monousor Original Autentic\" width=\"1131\" height=\"1600\" srcset=\"https:\/\/casinovape.de\/wp-content\/uploads\/2024\/11\/vozol-star-20000.webp 1131w, https:\/\/casinovape.de\/wp-content\/uploads\/2024\/11\/vozol-star-20000-212x300.webp 212w, https:\/\/casinovape.de\/wp-content\/uploads\/2024\/11\/vozol-star-20000-724x1024.webp 724w, https:\/\/casinovape.de\/wp-content\/uploads\/2024\/11\/vozol-star-20000-768x1086.webp 768w, https:\/\/casinovape.de\/wp-content\/uploads\/2024\/11\/vozol-star-20000-1086x1536.webp 1086w, https:\/\/casinovape.de\/wp-content\/uploads\/2024\/11\/vozol-star-20000-8x12.webp 8w, https:\/\/casinovape.de\/wp-content\/uploads\/2024\/11\/vozol-star-20000-600x849.webp 600w\" sizes=\"auto, (max-width: 1131px) 100vw, 1131px\" \/><\/p>\n<ol>\n<li><strong>Ghea\u021b\u0103 de pepene verde<\/strong>O arom\u0103 de pepene verde r\u0103coritoare \u0219i r\u0103coare, perfect\u0103 pentru zilele calde. Expira\u021bia \u00eenghe\u021bat\u0103 adaug\u0103 o not\u0103 r\u0103coritoare.<\/li>\n<li><strong>Ghea\u021b\u0103 de struguri<\/strong>O arom\u0103 de strugure neted\u0103 \u0219i suculent\u0103, completat\u0103 de o finish de ghea\u021b\u0103 r\u0103coritoare care este at\u00e2t de revigorant\u0103, c\u00e2t \u0219i de satisf\u0103c\u0103toare.<\/li>\n<li><strong>Mango Ice<\/strong>: Gustul dulce \u0219i tropical al mango-ului combinat cu o finish r\u0103coritoare \u0219i \u00eenghe\u021bat\u0103, oferind r\u0103sf\u0103\u021barea fructat\u0103 suprem\u0103.<\/li>\n<li><strong>Double Apple Ice<\/strong>O combina\u021bie de dou\u0103 soiuri de mere - dulce \u0219i acru - asociate cu o not\u0103 de ghea\u021b\u0103 pentru un echilibru \u00eenc\u00e2nt\u0103tor.<\/li>\n<li><strong>Stafid\u0103 Kiwi<\/strong>Amestecul perfect de c\u0103p\u0219uni suculente \u0219i kiwi acri\u0219or, cre\u00e2nd un profil de arom\u0103 dulce \u0219i exotic.<\/li>\n<li><strong>Zmeur\u0103 \u0219i pepene verde<\/strong>O combina\u021bie fructat\u0103 de zmeur\u0103 acr\u0103 \u0219i pepene verde dulce, oferind o arom\u0103 u\u0219oar\u0103 \u0219i r\u0103coritoare.<\/li>\n<li><strong>Blue Razz Ice<\/strong>O arom\u0103 dulce \u0219i acr\u0103 de zmeur\u0103 albastr\u0103, cu un final \u00eenghe\u021bat r\u0103coritor pentru a ridica gustul.<\/li>\n<li><strong>Strawberry Mango \n\n(or eventualele traduceri, in functie de context daca se cere) \nc\u0103p\u0219uni mango \nMango de c\u0103p\u0219uni \nC\u0103p\u0219une \u0219i mango<\/strong>O combina\u021bie tropical\u0103 de mango copt \u0219i c\u0103p\u0219uni dulci, cre\u00e2nd un amestec fructat perfect echilibrat.<\/li>\n<li><strong>P\u0103r Mango Pepene verde<\/strong>O combina\u021bie de piersici suculente, mango tropical \u0219i pepene dulce, perfect\u0103 pentru cei care iubesc aromele fructate stratificate.<\/li>\n<li><strong>Cherry Cola<\/strong>O arom\u0103 de cola cu cire\u0219e nostalgic\u0103, oferind o experien\u021b\u0103 de vape dulce \u0219i fizzy cu un finis lin.<\/li>\n<li><strong>Ghea\u021b\u0103 de P\u0103r de P\u00eache Sucos<\/strong>Gustul suculent al piersicilor coapte, \u00eembun\u0103t\u0103\u021bit cu o finish de ghea\u021b\u0103 r\u0103coritoare pentru o experien\u021b\u0103 \u0219i mai revigorant\u0103.<\/li>\n<li><strong>Dragon StrawNana<\/strong>O combina\u021bie unic\u0103 de dragonfruit, c\u0103p\u0219uni \u0219i banan\u0103, oferind un profil de arom\u0103 dulce \u0219i exotic.<\/li>\n<li><strong>Fructe de p\u0103dure amestecate<\/strong>O combina\u021bie delicioas\u0103 de diferite tipuri de fructe de p\u0103dure, care ofer\u0103 o explozie de arom\u0103 dulce \u0219i acrisoar\u0103 la fiecare puf.<\/li>\n<li><strong>L\u0103m\u00e2ie Lime<\/strong>O amestec picant de arome de l\u0103m\u00e2ie \u0219i lime acre, perfect pentru cei care iubesc vape-urile pe baz\u0103 de citrice.<\/li>\n<li><strong>Tropical Blast<\/strong>O combina\u021bie tropical\u0103 de fructe exotice, care ofer\u0103 o arom\u0103 dulce \u0219i r\u0103coritoare la fiecare inhalare.<\/li>\n<li><strong>Furtun\u0103 de Afine<\/strong>O arom\u0103 de afine neted\u0103, cu note de dulcea\u021b\u0103 \u0219i o u\u0219oar\u0103 aciditate, perfect\u0103 pentru iubitorii de fructe de p\u0103dure.<\/li>\n<li><strong>Parfum de l\u0103m\u00e2ie<\/strong>O arom\u0103 de l\u0103m\u00e2ie citric\u0103 \u0219i floral\u0103, care ofer\u0103 un gust fresh \u0219i invigorant.<\/li>\n<li><strong>Portocal\u0103 Ananas Litchi<\/strong>O combina\u021bie tropical\u0103 de portocal\u0103 dulce, ananas acidulat \u0219i lychee exotic, perfect\u0103 pentru cei care doresc o explozie de arom\u0103 tropical\u0103.<\/li>\n<li><strong>Love 777<\/strong>O combina\u021bie unic\u0103 \u0219i misterioas\u0103 de fructe \u0219i bomboane, oferind o experien\u021b\u0103 dulce \u0219i aromat\u0103.<\/li>\n<li><strong>Zmeur\u0103 M\u0103r Pepene Portocal\u0103 Ananas<\/strong>O combina\u021bie r\u0103coritoare de zmeur\u0103, m\u0103r, pepene verde \u0219i ananas, oferind o amestec\u0103tur\u0103 dulce \u0219i acr\u0103 de arome.<\/li>\n<\/ol>\n<h2>De ce s\u0103 alegi <a href=\"https:\/\/casinovape.de\/ro\/categorie-de-produse\/vape-de-unica-folosinta-vozol\/\">Vozol<\/a> Star 20000 Puffs Vaporizator de Unic\u0103 Folosin\u021b\u0103<\/h2>\n<ul>\n<li><strong>Gust Excep\u021bional<\/strong>Cu tehnologia avansat\u0103 a bobinei cu plas\u0103, Vozol Star 20000 Puffs ofer\u0103 un gust excep\u021bional care v\u0103 va satisface pofta la fiecare puf.<\/li>\n<li><strong>Accesibil \u0219i Convenabil<\/strong>: Cu 20.000 de pufuri, acest dispozitiv de vape ofer\u0103 o mare valoare pentru bani, reduc\u00e2nd nevoia de \u00eenlocuiri \u0219i realiment\u0103ri frecvente.<\/li>\n<li><strong>\u00cenc\u0103rcare rapid\u0103<\/strong>\u00cencarc\u0103 complet dispozitivul t\u0103u \u00een doar 30 de minute, reduc\u00e2nd la minimum timpul de inactivitate \u0219i maximiz\u00e2nd pl\u0103cerea de a vapora.<\/li>\n<li><strong>O Gam\u0103 Larg\u0103 de Arome<\/strong>De la op\u021biuni fructate la altele \u00eenghe\u021bate, exist\u0103 o arom\u0103 care se potrive\u0219te fiec\u0103rei preferin\u021be, garant\u00e2nd c\u0103 nu te vei plictisi niciodat\u0103.<\/li>\n<li><strong>Calitate \u0219i Siguran\u021b\u0103<\/strong>Vozol Star 20000 Puffs vine cu o pies\u0103 bucal\u0103 igienic\u0103 \u0219i performan\u021b\u0103 fiabil\u0103, asigur\u00e2nd o experien\u021b\u0103 de vaporizare sigur\u0103 \u0219i pl\u0103cut\u0103.<\/li>\n<\/ul>\n<h2>Cump\u0103ra\u021bi Vozol Star 20000 Puffs de la <a href=\"https:\/\/casinovape.de\/ro\/\">Casinovape<\/a><\/h2>\n<p>Casinovape este liderul <strong>platform\u0103 de comer\u021b electronic online<\/strong> pentru vape-uri de unic\u0103 folosin\u021b\u0103 \u00een <strong>Deutschland<\/strong>Oferim o gam\u0103 larg\u0103 de m\u0103rci de \u00eenalt\u0103 calitate, inclusiv <strong>Al Fakher<\/strong>, <strong>Fizzy<\/strong>, <strong>OBEELAB HHC<\/strong>, <strong>Randm Fumot<\/strong>\u0219i <strong>SMPO DL02<\/strong>toate la pre\u021buri de ne\u00eenvins. F\u0103r\u0103 cantitate minim\u0103 de comand\u0103 \u0219i expediere rapid\u0103 din partea noastr\u0103 <strong>Depozit european de vape<\/strong>pute\u021bi savura vape-urile de unic\u0103 folosin\u021b\u0103 preferate chiar \u0219i \u00een <strong>3-7 zile<\/strong>Indiferent dac\u0103 cump\u0103ra\u021bi unul sau mai multe, Casinovape asigur\u0103 o experien\u021b\u0103 de cump\u0103r\u0103turi lin\u0103 \u0219i f\u0103r\u0103 probleme.<\/p>\n<p><strong>Comanda\u021bi acum<\/strong> \u0219i bucura\u021bi-v\u0103 de experien\u021ba suprem\u0103 de vaporizare cu Vozol Star 20000 Puffs!<\/p>\n<\/div>\n<\/div>\n<\/div>\n<\/div>\n<\/div>\n<\/div>","protected":false},"excerpt":{"rendered":"<p>Magazin <strong>Vozol Star 20000 Puffs<\/strong> Vape de unic\u0103 folosin\u021b\u0103 la Casinovape, cu performan\u021b\u0103 de lung\u0103 durat\u0103, arome bogate \u0219i \u00eenc\u0103rcare rapid\u0103. Bucura\u021bi-v\u0103 de vaporizare premium f\u0103r\u0103 comand\u0103 minim\u0103 \u0219i livrare rapid\u0103 din depozitul nostru european.<\/p>","protected":false},"featured_media":5259,"comment_status":"open","ping_status":"closed","template":"","meta":[],"product_brand":[],"product_cat":[22,78,79,80,81,82,83,84,86,87,88,90,92,94,95,96,98,99,65,66,67,68,69,70,71,72,73,74,75,76,77,57,63,45,48,50,51,47,52,54],"product_tag":[],"class_list":{"0":"post-4352","1":"product","2":"type-product","3":"status-publish","4":"has-post-thumbnail","6":"product_cat-vozol-disposable-vapes","7":"product_cat-buy-best-disposable-vape-flavors","8":"product_cat-apple-flavor-disposable-vapes","9":"product_cat-blue-razz-flavor-disposable-vapes","10":"product_cat-blueberry-flavor-disposable-vapes","11":"product_cat-cherry-flavor-disposable-vapes","12":"product_cat-cola-flavor-disposable-vapes","13":"product_cat-grape-flavor-disposable-vapes","14":"product_cat-ice-flavor-disposable-vapes","15":"product_cat-kiwi-flavor-disposable-vapes","16":"product_cat-lemon-flavor-disposable-vapes","17":"product_cat-mango-flavor-disposable-vapes","18":"product_cat-mixed-berries-flavor-disposable-vapes","19":"product_cat-peach-flavor-disposable-vapes","20":"product_cat-pineapple-flavor-disposable-vapes","21":"product_cat-raspberry-flavor-disposable-vapes","22":"product_cat-strawberry-flavor-disposable-vapes","23":"product_cat-watermelon-flavor-disposable-vapes","24":"product_cat-best-disposable-vape-in-europe","25":"product_cat-buy-disposable-vapes-in-austria","26":"product_cat-buy-disposable-vapes-in-belgium","27":"product_cat-buy-disposable-vapes-in-france","28":"product_cat-buy-disposable-vapes-in-germany","29":"product_cat-buy-disposable-vapes-in-italy","30":"product_cat-buy-disposable-vapes-in-netherlands","31":"product_cat-buy-disposable-vapes-in-norway","32":"product_cat-buy-disposable-vapes-in-poland","33":"product_cat-buy-disposable-vapes-in-portugal","34":"product_cat-buy-disposable-vapes-in-spain","35":"product_cat-buy-disposable-vapes-in-sweden","36":"product_cat-buy-disposable-vapes-in-switzerland","37":"product_cat-shop-disposable-vapes-by-puffs","38":"product_cat-20000-puff-disposable-vape","39":"product_cat-disposable-vape-types","40":"product_cat-big-puffs-disposable-vapes","41":"product_cat-digital-box-disposable-vapes","42":"product_cat-dual-mesh-disposable-vapes","43":"product_cat-full-screen-disposable-vapes","44":"product_cat-lower-nicotine-disposable-vapes","45":"product_cat-rechargeable-disposable-vapes","47":"first","48":"instock","49":"sale","50":"shipping-taxable","51":"purchasable","52":"product-type-variable"},"jetpack_sharing_enabled":true,"_links":{"self":[{"href":"https:\/\/casinovape.de\/ro\/wp-json\/wp\/v2\/product\/4352","targetHints":{"allow":["GET"]}}],"collection":[{"href":"https:\/\/casinovape.de\/ro\/wp-json\/wp\/v2\/product"}],"about":[{"href":"https:\/\/casinovape.de\/ro\/wp-json\/wp\/v2\/types\/product"}],"replies":[{"embeddable":true,"href":"https:\/\/casinovape.de\/ro\/wp-json\/wp\/v2\/comments?post=4352"}],"wp:featuredmedia":[{"embeddable":true,"href":"https:\/\/casinovape.de\/ro\/wp-json\/wp\/v2\/media\/5259"}],"wp:attachment":[{"href":"https:\/\/casinovape.de\/ro\/wp-json\/wp\/v2\/media?parent=4352"}],"wp:term":[{"taxonomy":"product_brand","embeddable":true,"href":"https:\/\/casinovape.de\/ro\/wp-json\/wp\/v2\/product_brand?post=4352"},{"taxonomy":"product_cat","embeddable":true,"href":"https:\/\/casinovape.de\/ro\/wp-json\/wp\/v2\/product_cat?post=4352"},{"taxonomy":"product_tag","embeddable":true,"href":"https:\/\/casinovape.de\/ro\/wp-json\/wp\/v2\/product_tag?post=4352"}],"curies":[{"name":"wp","href":"https:\/\/api.w.org\/{rel}","templated":true}]}}