{"id":4292,"date":"2024-11-27T12:51:56","date_gmt":"2024-11-27T12:51:56","guid":{"rendered":"https:\/\/casinovape.de\/?post_type=product&#038;p=4292"},"modified":"2025-09-19T06:59:51","modified_gmt":"2025-09-19T06:59:51","slug":"depozitul-european-baton-de-platina-20000-pufuri-cu-nicotina-scazuta-cumpara-stilou-original-autentic-autentic-reincarcabil-de-unica-folosinta","status":"publish","type":"product","link":"https:\/\/casinovape.de\/ro\/produs\/depozitul-european-baton-de-platina-20000-pufuri-cu-nicotina-scazuta-cumpara-stilou-original-autentic-autentic-reincarcabil-de-unica-folosinta\/","title":{"rendered":"Tigaret\u0103 electronic\u0103 de unic\u0103 folosin\u021b\u0103, re\u00eenc\u0103rcabil\u0103, cu 15000 de pufuri, nicotin\u0103 sc\u0103zut\u0103, depozit european, bar\u0103 de platin\u0103, cump\u0103ra\u021bi original, autentic"},"content":{"rendered":"<div style=\"width: 1020px;\" class=\"wp-video\"><!--[if lt IE 9]><script>document.createElement('video');<\/script><![endif]-->\n<video class=\"wp-video-shortcode\" id=\"video-4292-1\" width=\"1020\" height=\"1813\" preload=\"metadata\" controls=\"controls\"><source type=\"video\/mp4\" src=\"https:\/\/casinovape.de\/wp-content\/uploads\/2024\/11\/PB20K_VIDEO.mp4?_=1\" \/><a href=\"https:\/\/casinovape.de\/wp-content\/uploads\/2024\/11\/PB20K_VIDEO.mp4\">https:\/\/casinovape.de\/wp-content\/uploads\/2024\/11\/PB20K_VIDEO.mp4<\/a><\/video><\/div>\n<h2><strong><a href=\"https:\/\/casinovape.de\/ro\/categorie-de-produse\/vape-de-unica-folosinta-baton-de-platina\/\">Platin\u0103 Bar 15.000 de pufuri<\/a> Vaporizator de Unic\u0103 Folosin\u021b\u0103: Experien\u021ba Ultim\u0103 de Vaping<\/strong><\/h2>\n<p>C\u00e2nd vine vorba de vape-urile de unic\u0103 folosin\u021b\u0103, <strong>Platin\u0103 Bar 15.000 de pufuri Vape Pen<\/strong> se remarc\u0103 ca o op\u021biune excep\u021bional\u0103 at\u00e2t pentru vaperii \u00eencep\u0103tori, c\u00e2t \u0219i pentru cei experimenta\u021bi. Conceput pentru confort \u0219i longevitate, acest vape ofer\u0103 o experien\u021b\u0103 de vaping ne\u00eentrerupt\u0103, cu un design elegant \u0219i stilizat, perfect pentru utilizare \u00een deplasare. Fie c\u0103 sunte\u021bi \u00een c\u0103utarea unui gust satisf\u0103c\u0103tor sau a unui dispozitiv de \u00eenalt\u0103 performan\u021b\u0103, Platinum Bar garanteaz\u0103 satisfac\u021bia la fiecare puf.<\/p>\n<h3>O solu\u021bie de vaporizare de lung\u0103 durat\u0103<\/h3>\n<p>Una dintre caracteristicile remarcabile ale <strong>Platin\u0103 Bar 15.000 de pufuri Vaporizator de unic\u0103 folosin\u021b\u0103<\/strong> este impresionantul num\u0103r de pufuri. Cu capacitatea de a livra <strong>p\u00e2n\u0103 la 15.000 de pufuri<\/strong>acest dispozitiv ofer\u0103 <strong>longevitate excep\u021bional\u0103<\/strong> acest lucru asigur\u0103 c\u0103 po\u021bi bucura de o experien\u021b\u0103 de vaporizare de lung\u0103 durat\u0103 f\u0103r\u0103 a fi nevoie de \u00eenlocuiri frecvente.<\/p>\n<p>Spre deosebire de multe alte vape-uri de unic\u0103 folosin\u021b\u0103 de pe pia\u021b\u0103, Platinum Bar folose\u0219te un <strong>Baterie re\u00eenc\u0103rcabil\u0103 de calitate premium<\/strong>, asigur\u00e2nd c\u0103 fiecare puf r\u0103m\u00e2ne la fel de aromat ca primul. Indiferent dac\u0103 vapezi pentru relaxare sau pentru o explozie de energie pe tot parcursul zilei, Platinum Bar va livra \u00een mod constant un nor satisf\u0103c\u0103tor de vapori \u0219i un gust vibrant.<\/p>\n<h3>Performan\u021b\u0103 ridicat\u0103 \u0219i confort f\u0103r\u0103 egal<\/h3>\n<p>The \n(acum, f\u0103r\u0103 modific\u0103ri) \nThe <strong>Platin\u0103 Bar 15.000 de pufuri Vape Pen<\/strong> Este conceput pentru cei care caut\u0103 at\u00e2t <strong>performan\u021b\u0103 ridicat\u0103<\/strong> \u0219i <strong>u\u0219urin\u021ba de utilizare<\/strong>Fiecare dispozitiv este preumplut cu e-lichid premium, oferind o experien\u021b\u0103 de vaporizare lin\u0103 \u0219i aromat\u0103 care nu necesit\u0103 reumplere dezordonat\u0103 sau configurare complex\u0103. Doar despacheta\u021bi \u0219i \u00eencepe\u021bi s\u0103 v\u0103pa\u021bi imediat! Acest lucru \u00eel face alegerea perfect\u0103 pentru <strong>Vaperi \u00een deplasare<\/strong>, fie acas\u0103, la serviciu sau \u00een c\u0103l\u0103torie.<\/p>\n<p>Mai mult dec\u00e2t at\u00e2t, dispozitivul este <strong>discret \u0219i portabil<\/strong>\u00eenc\u0103p\u00e2nd cu u\u0219urin\u021b\u0103 \u00een buzunarul sau geanta dvs., astfel \u00eenc\u00e2t s\u0103 pute\u021bi lua Platinum Bar-ul dvs. oriunde. Designul s\u0103u compact nu face compromisuri \u00een ceea ce prive\u0219te gustul sau produc\u021bia de vapori, asigur\u00e2nd c\u0103 v\u0103 bucura\u021bi de fiecare moment.<\/p>\n<p><img loading=\"lazy\" decoding=\"async\" class=\"alignnone wp-image-3125 size-full\" src=\"https:\/\/casinovape.de\/wp-content\/uploads\/2024\/11\/platinum-bar-20000-2.webp\" alt=\"Tigaret\u0103 electronic\u0103 de unic\u0103 folosin\u021b\u0103, re\u00eenc\u0103rcabil\u0103, cu 15000 de pufuri, nicotin\u0103 sc\u0103zut\u0103, depozit european, bar\u0103 de platin\u0103, cump\u0103ra\u021bi original, autentic \" width=\"618\" height=\"618\" srcset=\"https:\/\/casinovape.de\/wp-content\/uploads\/2024\/11\/platinum-bar-20000-2.webp 618w, https:\/\/casinovape.de\/wp-content\/uploads\/2024\/11\/platinum-bar-20000-2-300x300.webp 300w, https:\/\/casinovape.de\/wp-content\/uploads\/2024\/11\/platinum-bar-20000-2-150x150.webp 150w, https:\/\/casinovape.de\/wp-content\/uploads\/2024\/11\/platinum-bar-20000-2-12x12.webp 12w, https:\/\/casinovape.de\/wp-content\/uploads\/2024\/11\/platinum-bar-20000-2-600x600.webp 600w, https:\/\/casinovape.de\/wp-content\/uploads\/2024\/11\/platinum-bar-20000-2-100x100.webp 100w\" sizes=\"auto, (max-width: 618px) 100vw, 618px\" \/><\/p>\n<h3>De ce s\u0103 alegi <a href=\"https:\/\/casinovape.de\/ro\/categorie-de-produse\/vape-de-unica-folosinta-baton-de-platina\/\">Bar de Platin\u0103<\/a> 15.000 Puffs Vape<\/h3>\n<h4><strong>1. Puffs P\u00e2n\u0103 la 15.000<\/strong><\/h4>\n<p>Cu capacitatea de a livra <strong>p\u00e2n\u0103 la 15.000 de pufuri<\/strong>Bara de platin\u0103 ofer\u0103 o experien\u021b\u0103 de vapare de lung\u0103 durat\u0103 care dep\u0103\u0219e\u0219te multe alte vape-uri de unic\u0103 folosin\u021b\u0103 de pe pia\u021b\u0103. Aceast\u0103 durat\u0103 de via\u021b\u0103 prelungit\u0103 este ideal\u0103 pentru vapatorii obi\u0219nui\u021bi care doresc s\u0103 evite achizi\u021biile frecvente.<\/p>\n<h4><strong>2. Comoditate re\u00eenc\u0103rcabil\u0103<\/strong><\/h4>\n<p>Barul de Platin\u0103 prezint\u0103 un <strong>Baterie re\u00eenc\u0103rcabil\u0103<\/strong>, f\u0103c\u00e2ndu-l o op\u021biune prietenoas\u0103 cu mediul pentru vapori. Spre deosebire de multe dispozitive de unic\u0103 folosin\u021b\u0103 care sunt aruncate dup\u0103 ce bateria lor se epuizeaz\u0103, Platinum Bar v\u0103 permite s\u0103 re\u00eenc\u0103rca\u021bi \u0219i s\u0103 v\u0103 bucura\u021bi de \u0219i mai mult\u0103 satisfac\u021bie de vaporizare, oferind <strong>o valoare excelent\u0103 pentru bani<\/strong>.<\/p>\n<h4><strong>3. Pl\u0103cerea de a Vapa f\u0103r\u0103 \u00centreruperi<\/strong><\/h4>\n<p>Cu ea <strong>performan\u021b\u0103 de \u00eenalt\u0103 calitate<\/strong> \u0219i <strong>baterie de \u00eencredere<\/strong>Bara de platin\u0103 asigur\u0103 c\u0103 experimenta\u021bi o produc\u021bie de vapori constant\u0103 de la prima puf\u0103tur\u0103 p\u00e2n\u0103 la ultima. Nu este nevoie s\u0103 v\u0103 face\u021bi griji cu privire la performan\u021ba inegal\u0103 sau pierderea aromei \u00een timpul sesiunilor de vaping.<\/p>\n<h4><strong>4. Arome Premium pentru Fiecare Gust<\/strong><\/h4>\n<p>Disponibil \u00eentr-o gam\u0103 larg\u0103 de arome incitante, Platinum Bar ofer\u0103 un profil de arom\u0103 unic pentru fiecare tip de vaporizator. De la op\u021biuni de fructe r\u0103coritoare la amestecuri clasice de mentol\u0103, ve\u021bi g\u0103si vape-ul perfect care se potrive\u0219te poftelor dvs.<\/p>\n<h4><strong>5. Design Sleek \u0219i Stilos<\/strong><\/h4>\n<p>Stratul sub\u021bire, <strong>design compact<\/strong> Bara de platin\u0103 asigur\u0103 u\u0219urin\u021ba \u00een utilizare \u0219i portabilitate. Forma sa ergonomic\u0103 se potrive\u0219te confortabil \u00een m\u00e2n\u0103, \u00een timp ce estetica atractiv\u0103 adaug\u0103 o not\u0103 de sofisticare rutinei dvs. de vaporizare.<\/p>\n<h3>Platin\u0103 Bar 15.000 de pufuri Arome<\/h3>\n<p>Indiferent dac\u0103 e\u0219ti un fan al aromelor \u00eendr\u0103zne\u021be \u0219i fructate sau preferi ceva mai tradi\u021bional, Platinum Bar 20,000 Puffs ofer\u0103 o gam\u0103 divers\u0103 de op\u021biuni pentru a satisface toate preferin\u021bele gustative. Iat\u0103 o list\u0103 complet\u0103 a aromelor disponibile:<\/p>\n<ol>\n<li><strong>Black Cola Ice<\/strong><br \/>\nO arom\u0103 de cola r\u0103coritoare cu un finis de ghea\u021b\u0103 crocant, perfect pentru cei care iubesc senza\u021bia rece \u0219i efervescent\u0103.<\/li>\n<li><strong>Ment\u0103 neagr\u0103 proasp\u0103t\u0103<\/strong><br \/>\nO experien\u021b\u0103 lin\u0103, mentolat\u0103 care \u00ee\u021bi \u00eemprosp\u0103teaz\u0103 palatul la fiecare puf.<\/li>\n<li><strong>Ghea\u021b\u0103 de Struguri Negri<\/strong><br \/>\nO arom\u0103 de struguri dulce \u0219i suculent\u0103, \u00eembun\u0103t\u0103\u021bit\u0103 cu o finish mentolat\u0103 \u0219i \u00eenghe\u021bat\u0103, care adaug\u0103 un strat suplimentar de prospe\u021bime.<\/li>\n<li><strong>Strugure Negre Lychee Grapefruit<\/strong><br \/>\nO amestec complex de struguri negri, lychee exotic \u0219i grapefruit tart pentru o vape echilibrat\u0103 \u0219i fructat\u0103.<\/li>\n<li><strong>Tutun negru<\/strong><br \/>\nUn gust clasic, bogat de tutun, cu tonuri profunde \u0219i fumurii. Ideal pentru fum\u0103torii de \u021big\u0103ri tradi\u021bionale care caut\u0103 un gust autentic.<\/li>\n<li><strong>Gold Banana Ice<\/strong><br \/>\nGust de banan\u0103 cremos \u0219i dulce, echilibrat cu o r\u0103coare revigorant\u0103 de ghea\u021b\u0103.<\/li>\n<li><strong>Gold Lemon Ice<\/strong><br \/>\nUn gust de l\u0103m\u00e2ie \u00een\u021bep\u0103tor cu o lovitur\u0103 rece \u0219i \u00eenghe\u021bat\u0103 care v\u0103 va satisface pofta de citrice.<\/li>\n<li><strong>Ghea\u021b\u0103 de Ananas de Aur<\/strong><br \/>\nGustul tropical de ananas completat de un final lin \u0219i \u00eenghe\u021bat, oferind senza\u021bia unei brize tropicale.<\/li>\n<li><strong>Mango Copt de Aur<\/strong><br \/>\nGust de mango suculent \u0219i copt, care este \u00een mod natural dulce, oferind o senza\u021bie de soare la fiecare puf.<\/li>\n<li><strong>Aur Tropical Ananas Piersic\u0103<\/strong><br \/>\nO combina\u021bie \u00eenc\u00e2nt\u0103toare de ananas acidulat \u0219i piersic\u0103 dulce, reunind arome tropicale \u0219i fructate.<\/li>\n<li><strong>M\u0103r Roz\u0103 C\u0103p\u0219un\u0103<\/strong><br \/>\nUn m\u0103r dulce \u0219i suculent combinat cu c\u0103p\u0219uni proaspete pentru o experien\u021b\u0103 fructat\u0103 \u0219i r\u0103coritoare.<\/li>\n<li><strong>Rose Fizzy Cherry<\/strong><br \/>\nO arom\u0103 de cire\u0219e acr\u0103 cu un finis fizzy, efervescent, ideal pentru cei care iubesc un vape spumant.<\/li>\n<li><strong>Trandafir C\u0103p\u0219un\u0103 Pepene verde<\/strong><br \/>\nO amestec delicios de c\u0103p\u0219uni \u0219i pepene verde, oferind o combina\u021bie de arome suculent\u0103 \u0219i apetisant\u0103.<\/li>\n<li><strong>Trandafir Vara de Fructe de Padure<\/strong><br \/>\nO amestec\u0103tur\u0103 de fructe de p\u0103dure coapte de var\u0103, reunind aromele dulci de afine, zmeur\u0103 \u0219i c\u0103p\u0219uni.<\/li>\n<li><strong>Trandafir Pepene verde Gum\u0103 de mestecat<\/strong><br \/>\nO combina\u021bie distractiv\u0103 \u0219i nostalgic\u0103 de pepene verde dulce \u0219i arom\u0103 de gum\u0103 de mestecat, perfect\u0103 pentru cei care iubesc un vape juc\u0103u\u0219.<\/li>\n<li><strong>Argintiu Albastru Zmeur\u0103<\/strong><br \/>\nO arom\u0103 de zmeur\u0103 delicios de acr\u0103, completat\u0103 de o finish lin\u0103 de afine.<\/li>\n<li><strong>Limonad\u0103 de Afine Mure Albastre Argintii<\/strong><br \/>\nO amestec de l\u0103m\u00e2ie zesty cu zmeur\u0103 \u0219i afine acre, oferind o vape r\u0103coritoare \u0219i citric\u0103.<\/li>\n<li><strong>Silver Kiwi Passionfruit Guava<\/strong><br \/>\nO fuziune tropical\u0103 de kiwi, pasiune \u0219i guava, oferind o experien\u021b\u0103 de arom\u0103 exotic\u0103 \u0219i r\u0103coritoare.<\/li>\n<li><strong>Silver Peach Ice \n\n(orice posibil\u0103 traducere ar fi incorect\u0103 - nume propriu, deci) \nSilver Peach Ice<\/strong><br \/>\nO arom\u0103 de piersic\u0103 neted\u0103 \u0219i suculent\u0103 cu o r\u0103sucire \u00eenghe\u021bat\u0103 de r\u0103coare, perfect\u0103 pentru o vapare r\u0103cit\u0103 \u0219i fructat\u0103.<\/li>\n<li><strong>Argint\u0103 Pepene verde Ghea\u021b\u0103<\/strong><br \/>\nPepene verde dulce \u0219i suculent cu un finis de ghea\u021b\u0103 \u00eenghe\u021bat\u0103, un tratament r\u0103coritor pentru zilele calde de var\u0103.<\/li>\n<\/ol>\n<h3>Cump\u0103ra\u021bi <a href=\"https:\/\/casinovape.de\/ro\/categorie-de-produse\/vape-de-unica-folosinta-baton-de-platina\/\">Bar de Platin\u0103<\/a> Vaporizator de Unic\u0103 Folosin\u021b\u0103 Ast\u0103zi<\/h3>\n<p>Experia\u021bi <strong>Platin\u0103 Bar 15.000 de pufuri Vaporizator de unic\u0103 folosin\u021b\u0103<\/strong> Ast\u0103zi \u0219i ridic\u0103 vape-ul t\u0103u la urm\u0103torul nivel! Indiferent dac\u0103 cau\u021bi un dispozitiv de lung\u0103 durat\u0103 sau o varietate de arome premium, acest vape are tot ce ai nevoie.<\/p>\n<p>Cump\u0103ra\u021bi de la noi la <a href=\"https:\/\/casinovape.de\/ro\/\"><strong>Casinovape<\/strong><\/a>cel mai mare <strong>platform\u0103 de v\u00e2nz\u0103ri cu am\u0103nuntul online pentru vape-uri de unic\u0103 folosin\u021b\u0103 \u00een Germania<\/strong>Oferim solu\u021bii convenabile <strong>f\u0103r\u0103 cantitate minim\u0103 de comand\u0103<\/strong>cu livrare rapid\u0103 de la noi <strong>Depozitul European de Vape<\/strong>Comanda dvs. va ajunge \u00een doar <strong>3-7 zile<\/strong> \u00een orice parte a UE. Cump\u0103ra\u021bi direct de la noi pentru a v\u0103 bucura de m\u0103rcile de top, cum ar fi <a href=\"https:\/\/casinovape.de\/ro\/categorie-de-produse\/al-fakher-vape-de-unica-folosinta\/\"><strong>Al Fakher<\/strong><\/a>, <strong>Fizzy<\/strong>, <a href=\"https:\/\/casinovape.de\/ro\/categorie-de-produse\/vape-de-unica-folosinta-obeelab-hhc\/\"><strong>OBEELAB HHC<\/strong><\/a>\u0219i <strong>SMPO DL02<\/strong>\u0219i experien\u021ba <strong>Vaping de \u00eenalt\u0103 calitate premium<\/strong> la cel mai bun nivel.<\/p>\n<p>Fie c\u0103 e\u0219ti un vaporizator experimentat sau abia ai \u00eenceput, platforma noastr\u0103 asigur\u0103 c\u0103 ob\u021bii cele mai bune vape-uri de unic\u0103 folosin\u021b\u0103, cu pre\u021buri de ne\u00eenvins \u0219i satisfac\u021bie garantat\u0103 a clien\u021bilor. <strong>Cump\u0103ra\u021bi acum<\/strong> \u0219i ridica\u021bi experien\u021ba dvs. de vaping cu Platinum Bar!<\/p>","protected":false},"excerpt":{"rendered":"<div class=\"flex-shrink-0 flex flex-col relative items-end\">\n<div>\n<div class=\"pt-0\">\n<div class=\"gizmo-shadow-stroke flex h-8 w-8 items-center justify-center overflow-hidden rounded-full\">\n<div class=\"h-full w-full\">\n<div class=\"gizmo-shadow-stroke overflow-hidden rounded-full\"><span style=\"color: #555555;\">Descoper\u0103<strong> Platin\u0103 Bar 15.000 de pufuri<\/strong> Vape de unic\u0103 folosin\u021b\u0103, oferind performan\u021b\u0103 de lung\u0103 durat\u0103, arome premium \u0219i design re\u00eenc\u0103rcabil. Cump\u0103ra\u021bi acum de la Casinovape pentru livrare rapid\u0103 \u00een UE din depozitul nostru european de vape.<\/span><\/div>\n<\/div>\n<\/div>\n<\/div>\n<\/div>\n<\/div>","protected":false},"featured_media":3020,"comment_status":"open","ping_status":"closed","template":"","meta":[],"product_brand":[],"product_cat":[28,78,79,81,82,83,84,85,86,87,88,90,91,93,94,95,96,98,99,65,66,67,68,69,70,71,72,73,74,75,76,77,57,61,45,48,50,52,54],"product_tag":[],"class_list":{"0":"post-4292","1":"product","2":"type-product","3":"status-publish","4":"has-post-thumbnail","6":"product_cat-platinum-bar-disposable-vapes","7":"product_cat-buy-best-disposable-vape-flavors","8":"product_cat-apple-flavor-disposable-vapes","9":"product_cat-blueberry-flavor-disposable-vapes","10":"product_cat-cherry-flavor-disposable-vapes","11":"product_cat-cola-flavor-disposable-vapes","12":"product_cat-grape-flavor-disposable-vapes","13":"product_cat-guava-flavor-disposable-vapes","14":"product_cat-ice-flavor-disposable-vapes","15":"product_cat-kiwi-flavor-disposable-vapes","16":"product_cat-lemon-flavor-disposable-vapes","17":"product_cat-mango-flavor-disposable-vapes","18":"product_cat-mint-flavor-disposable-vapes","19":"product_cat-passion-fruit-flavor-disposable-vapes","20":"product_cat-peach-flavor-disposable-vapes","21":"product_cat-pineapple-flavor-disposable-vapes","22":"product_cat-raspberry-flavor-disposable-vapes","23":"product_cat-strawberry-flavor-disposable-vapes","24":"product_cat-watermelon-flavor-disposable-vapes","25":"product_cat-best-disposable-vape-in-europe","26":"product_cat-buy-disposable-vapes-in-austria","27":"product_cat-buy-disposable-vapes-in-belgium","28":"product_cat-buy-disposable-vapes-in-france","29":"product_cat-buy-disposable-vapes-in-germany","30":"product_cat-buy-disposable-vapes-in-italy","31":"product_cat-buy-disposable-vapes-in-netherlands","32":"product_cat-buy-disposable-vapes-in-norway","33":"product_cat-buy-disposable-vapes-in-poland","34":"product_cat-buy-disposable-vapes-in-portugal","35":"product_cat-buy-disposable-vapes-in-spain","36":"product_cat-buy-disposable-vapes-in-sweden","37":"product_cat-buy-disposable-vapes-in-switzerland","38":"product_cat-shop-disposable-vapes-by-puffs","39":"product_cat-15000-puff-disposable-vape","40":"product_cat-disposable-vape-types","41":"product_cat-big-puffs-disposable-vapes","42":"product_cat-digital-box-disposable-vapes","43":"product_cat-lower-nicotine-disposable-vapes","44":"product_cat-rechargeable-disposable-vapes","46":"first","47":"instock","48":"sale","49":"shipping-taxable","50":"purchasable","51":"product-type-variable"},"jetpack_sharing_enabled":true,"_links":{"self":[{"href":"https:\/\/casinovape.de\/ro\/wp-json\/wp\/v2\/product\/4292","targetHints":{"allow":["GET"]}}],"collection":[{"href":"https:\/\/casinovape.de\/ro\/wp-json\/wp\/v2\/product"}],"about":[{"href":"https:\/\/casinovape.de\/ro\/wp-json\/wp\/v2\/types\/product"}],"replies":[{"embeddable":true,"href":"https:\/\/casinovape.de\/ro\/wp-json\/wp\/v2\/comments?post=4292"}],"wp:featuredmedia":[{"embeddable":true,"href":"https:\/\/casinovape.de\/ro\/wp-json\/wp\/v2\/media\/3020"}],"wp:attachment":[{"href":"https:\/\/casinovape.de\/ro\/wp-json\/wp\/v2\/media?parent=4292"}],"wp:term":[{"taxonomy":"product_brand","embeddable":true,"href":"https:\/\/casinovape.de\/ro\/wp-json\/wp\/v2\/product_brand?post=4292"},{"taxonomy":"product_cat","embeddable":true,"href":"https:\/\/casinovape.de\/ro\/wp-json\/wp\/v2\/product_cat?post=4292"},{"taxonomy":"product_tag","embeddable":true,"href":"https:\/\/casinovape.de\/ro\/wp-json\/wp\/v2\/product_tag?post=4292"}],"curies":[{"name":"wp","href":"https:\/\/api.w.org\/{rel}","templated":true}]}}