{"id":4263,"date":"2024-11-27T12:51:52","date_gmt":"2024-11-27T12:51:52","guid":{"rendered":"https:\/\/casinovape.de\/?post_type=product&#038;p=4263"},"modified":"2025-05-12T07:40:05","modified_gmt":"2025-05-12T07:40:05","slug":"depozit-european-lavande-bm18000-puf-uri-cu-nicotina-scazuta-cumpara-stilou-original-autentic-autentic-reincarcabil-de-unica-folosinta","status":"publish","type":"product","link":"https:\/\/casinovape.de\/ro\/produs\/depozit-european-lavande-bm18000-puf-uri-cu-nicotina-scazuta-cumpara-stilou-original-autentic-autentic-reincarcabil-de-unica-folosinta\/","title":{"rendered":"Depozitul European Lavande BM18000 Puffs Nicotin\u0103 Sc\u0103zut\u0103 Cump\u0103ra\u021bi Vape Pen Re\u00eenc\u0103rcabil de Unic\u0103 Folosin\u021b\u0103 Autentic Original"},"content":{"rendered":"<p><img loading=\"lazy\" decoding=\"async\" class=\"alignnone wp-image-3545 size-full\" src=\"https:\/\/casinovape.de\/wp-content\/uploads\/2024\/11\/Lavande-BM18000\uff085\uff09.webp\" alt=\"\" width=\"800\" height=\"800\" srcset=\"https:\/\/casinovape.de\/wp-content\/uploads\/2024\/11\/Lavande-BM18000\uff085\uff09.webp 800w, https:\/\/casinovape.de\/wp-content\/uploads\/2024\/11\/Lavande-BM18000\uff085\uff09-300x300.webp 300w, https:\/\/casinovape.de\/wp-content\/uploads\/2024\/11\/Lavande-BM18000\uff085\uff09-150x150.webp 150w, https:\/\/casinovape.de\/wp-content\/uploads\/2024\/11\/Lavande-BM18000\uff085\uff09-768x768.webp 768w, https:\/\/casinovape.de\/wp-content\/uploads\/2024\/11\/Lavande-BM18000\uff085\uff09-12x12.webp 12w, https:\/\/casinovape.de\/wp-content\/uploads\/2024\/11\/Lavande-BM18000\uff085\uff09-600x600.webp 600w, https:\/\/casinovape.de\/wp-content\/uploads\/2024\/11\/Lavande-BM18000\uff085\uff09-100x100.webp 100w\" sizes=\"auto, (max-width: 800px) 100vw, 800px\" \/><\/p>\n<p>\u00cen lumea vapingului, <strong>Lavand\u0103 BM 18000 Puffs<\/strong> se remarc\u0103 ca una dintre cele mai avansate \u0219i inovative op\u021biuni disponibile. Acest stilou de vape reutilizabil \u0219i de unic\u0103 folosin\u021b\u0103 de ultim\u0103 genera\u021bie este conceput pentru cei care caut\u0103 o experien\u021b\u0103 de vape mai lung\u0103, mai aromat\u0103 \u0219i personalizabil\u0103. Cu designul s\u0103u elegant, tehnologia de ultim\u0103 genera\u021bie \u0219i impresionanta capacitate de pufuri, Lavande BM 18000 Puffs promite s\u0103 ridice experien\u021ba dvs. de vape la un nivel superior.<\/p>\n<p>La <strong>Casinovape<\/strong>cea mai mare platform\u0103 de v\u00e2nz\u0103ri online pentru vape-uri de unic\u0103 folosin\u021b\u0103 din Deutschland, suntem m\u00e2ndri s\u0103 oferim <strong>Lavand\u0103 BM 18000 Puffs<\/strong> \u0219i o varietate de alte produse premium de vape de la m\u0103rci precum <strong>Al Fakher<\/strong>, <strong>Fizzy<\/strong>, <strong>OBEELAB HHC<\/strong>, <strong>Randm Fumot<\/strong>\u0219i <strong>SMPO DL02<\/strong>Deservim clien\u021bii retail din \u00eentreaga Uniune European\u0103, asigur\u00e2nd c\u0103 primi\u021bi cele mai bune produse la pre\u021buri competitive, cu livrare rapid\u0103 direct din depozitul nostru european de vape.<\/p>\n<h3><a href=\"https:\/\/casinovape.de\/ro\/categorie-de-produse\/vape-lavande-de-unica-folosinta\/\">Lavand\u0103 BM 18000 Puffs <\/a>Descrierea detaliat\u0103 a produsului<\/h3>\n<p>The \n(acum, f\u0103r\u0103 modific\u0103ri) \nThe <strong>Lavand\u0103 BM 18000 Puffs<\/strong> este un <strong>stilou vape reutilizabil de unic\u0103 folosin\u021b\u0103<\/strong> care combin\u0103 confortul cu performan\u021ba ridicat\u0103. Conceput cu un <strong>Sistem de \u00eenc\u0103lzire cu bobin\u0103 mesh 6x<\/strong>aceast\u0103 vape ofer\u0103 o vapoare lin\u0103 \u0219i aromat\u0103 la fiecare puf. The <strong>Baterie 650mAh<\/strong> este conceput pentru o putere optim\u0103, asigur\u00e2nd c\u0103 v\u0103 pute\u021bi bucura de vape pentru o perioad\u0103 lung\u0103 de timp f\u0103r\u0103 re\u00eenc\u0103rc\u0103ri frecvente. Dispozitivul\u2019s <strong>Capacitate de e-lichid preumplut\u0103 de 24 ml<\/strong> garan\u021bii c\u0103 vei experimenta nori consisten\u021bi \u0219i satisf\u0103c\u0103tori de la \u00eenceput p\u00e2n\u0103 la sf\u00e2r\u0219it.<\/p>\n<p>Una dintre caracteristicile remarcabile ale Lavande BM 18000 Puffs este faptul c\u0103 <strong>18000 puff<\/strong> capacitate. Acest lucru \u00eel face ideal pentru cei care prefer\u0103 o vape de lung\u0103 durat\u0103 f\u0103r\u0103 b\u0103taia de cap a \u00eenlocuirilor constante. Indiferent dac\u0103 e\u0219ti un vaper ocazional sau cineva care se bucur\u0103 de vape pe tot parcursul zilei, acest dispozitiv va oferi o experien\u021b\u0103 f\u0103r\u0103 probleme.<\/p>\n<p>O alt\u0103 caracteristic\u0103 cheie este <strong>func\u021bionare activat\u0103 prin desen<\/strong>\u00eenseamn\u0103 c\u0103 nu trebuie s\u0103 ap\u0103sa\u021bi niciun buton pentru a \u00eencepe vaporizarea. Pur \u0219i simplu inhala\u021bi, iar dispozitivul se va activa automat, oferind de fiecare dat\u0103 vapori lin \u0219i aromat. <strong>Ecran Mega Full HD de 3.0\u201d<\/strong> asigur\u0103 o experien\u021b\u0103 vizual\u0103 \u00eembun\u0103t\u0103\u021bit\u0103, f\u0103c\u00e2nd u\u0219or monitorizarea set\u0103rilor, a duratei de via\u021b\u0103 a bateriei \u0219i a num\u0103rului de pufuri. Acest dispozitiv bogat \u00een func\u021bii ofer\u0103, de asemenea, <strong>Mod Normal<\/strong> \u0219i <strong>Mod Boost<\/strong>, permi\u021b\u00e2ndu-v\u0103 s\u0103 v\u0103 personaliza\u021bi experien\u021ba de vaporizare \u00een func\u021bie de preferin\u021bele dvs.<\/p>\n<p>The \n(acum, f\u0103r\u0103 modific\u0103ri) \nThe <strong>\u00cenc\u0103rcare USB Type-C<\/strong> capacitatea asigur\u0103 c\u0103 dispozitivul dvs. se \u00eencarc\u0103 rapid, astfel \u00eenc\u00e2t s\u0103 pute\u021bi reveni la utilizarea vape-ului dvs. Cu <strong>Tipuri de moduri<\/strong> Pentru performan\u021be normale \u0219i \u00eembun\u0103t\u0103\u021bite deopotriv\u0103, utilizatorii pot regla fin experien\u021ba de vaporizare pentru a se potrivi gusturilor lor specifice. Fie c\u0103 dori\u021bi s\u0103 prelungi\u021bi durata de via\u021b\u0103 a vape-ului dvs. sau s\u0103 v\u0103 bucura\u021bi de o explozie suplimentar\u0103 de arom\u0103, acest dispozitiv are grij\u0103 de dvs.<\/p>\n<h3>Caracteristici cheie ale <a href=\"https:\/\/casinovape.de\/ro\/categorie-de-produse\/vape-lavande-de-unica-folosinta\/\">Lavand\u0103 BM 18000 Puffs<\/a><\/h3>\n<ul>\n<li><strong>Capacitate precompletat\u0103<\/strong>: 24ml<\/li>\n<li><strong>Capacitatea bateriei<\/strong>: 650mAh pentru utilizare prelungit\u0103<\/li>\n<li><strong>Max Puffs<\/strong>: 18000 de pufuri, oferind o experien\u021b\u0103 de vaporizare de lung\u0103 durat\u0103<\/li>\n<li><strong>Opera\u021biune<\/strong>: Activat prin desen pentru u\u0219urin\u021b\u0103 \u00een utilizare<\/li>\n<li><strong>Element de \u00eenc\u0103lzire<\/strong>: 6x bobine mesh pentru arom\u0103 optim\u0103 \u0219i vapori netezi<\/li>\n<li><strong>Ecran de afi\u0219are<\/strong>: Ecran Mega Full HD de 3,0\u2033 pentru o vizibilitate \u0219i un control mai bun<\/li>\n<li><strong>Tip \u00eenc\u0103rcare<\/strong>: USB Type-C pentru \u00eenc\u0103rcare rapid\u0103<\/li>\n<li><strong>Tipuri de moduri<\/strong>: Mod Normal \u0219i Mod Boost pentru o experien\u021b\u0103 personalizabil\u0103<\/li>\n<li><strong>Set\u0103ri de control al afi\u0219\u0103rii<\/strong>: Regla\u021bi cu u\u0219urin\u021b\u0103 set\u0103rile cu comenzi u\u0219or de utilizat<\/li>\n<\/ul>\n<h3>De ce ar trebui s\u0103 cump\u0103ra\u021bi <a href=\"https:\/\/casinovape.de\/ro\/categorie-de-produse\/vape-lavande-de-unica-folosinta\/\">Lavand\u0103 BM 18000 Puffs<\/a><\/h3>\n<ol>\n<li><strong>Puffuri de lung\u0103 durat\u0103<\/strong>: Cu 18.000 de pufuri per dispozitiv, Lavande BM v\u0103 asigur\u0103 c\u0103 nu ve\u021bi fi nevoit s\u0103 v\u0103 face\u021bi griji \u00een leg\u0103tur\u0103 cu \u00eenlocuirile frecvente. Bucura\u021bi-v\u0103 de o experien\u021b\u0103 de vaporizare f\u0103r\u0103 probleme care poate dura zile sau chiar s\u0103pt\u0103m\u00e2ni, \u00een func\u021bie de utilizarea dvs.<\/li>\n<li><strong>Gust Superior \u0219i Calitate a Vaporului<\/strong>: Sistemul avansat de \u00eenc\u0103lzire cu bobin\u0103 mesh 6x \u00eembun\u0103t\u0103\u021be\u0219te livrarea aromei, asigur\u00e2nd nori lin \u0219i aromatici la fiecare inhalare. Indiferent dac\u0103 prefera\u021bi arome fructate, reci sau mentolate, Lavande BM 18000 Puffs v\u0103 va impresiona prin consisten\u021ba \u0219i moliciunea sa.<\/li>\n<li><strong>Convenabil \u0219i u\u0219or de utilizat<\/strong>: Cu func\u021bionarea activat\u0103 prin tragere, nu trebuie s\u0103 ap\u0103sa\u021bi niciun buton pentru a \u00eencepe vaporizarea. Pur \u0219i simplu inhala\u021bi \u0219i sunte\u021bi gata. Este perfect at\u00e2t pentru \u00eencep\u0103tori, c\u00e2t \u0219i pentru vapatorii experimenta\u021bi care apreciaz\u0103 simplitatea.<\/li>\n<li><strong>Re\u00eenc\u0103rcabile pentru durabilitate<\/strong>Spre deosebire de vapele tradi\u021bionale de unic\u0103 folosin\u021b\u0103 care trebuie \u00eenlocuite dup\u0103 un anumit num\u0103r de pufuri, Lavande BM 18000 Puffs este re\u00eenc\u0103rcabil\u0103, permi\u021b\u00e2ndu-v\u0103 s\u0103 continua\u021bi s\u0103 v\u0103 bucura\u021bi de vape f\u0103r\u0103 de\u0219euri inutile.<\/li>\n<li><strong>\u00cenc\u0103rcare rapid\u0103<\/strong>Cu <strong>USB Tip-C<\/strong> \u00eenc\u0103rcarea, dispozitivul se \u00eencarc\u0103 rapid, asigur\u00e2nd un timp de inactivitate minim \u0219i mai mult timp pentru a v\u0103 bucura de vape.<\/li>\n<li><strong>Design Sleek \u0219i Modern<\/strong>Lavande BM 18000 Puffs combin\u0103 func\u021bionalitatea cu estetica, oferind un design elegant, portabil \u0219i discret pe care \u00eel pute\u021bi lua oriunde.<\/li>\n<\/ol>\n<p><img loading=\"lazy\" decoding=\"async\" class=\"alignnone wp-image-3532 size-full\" src=\"https:\/\/casinovape.de\/wp-content\/uploads\/2024\/11\/Lavande-BM18000\uff083\uff09-scaled.webp\" alt=\"Depozitul European Lavande BM18000 Puffs Nicotin\u0103 Sc\u0103zut\u0103 Cump\u0103ra\u021bi Vape Pen Re\u00eenc\u0103rcabil de Unic\u0103 Folosin\u021b\u0103 Autentic Original\" width=\"759\" height=\"2560\" srcset=\"https:\/\/casinovape.de\/wp-content\/uploads\/2024\/11\/Lavande-BM18000\uff083\uff09-scaled.webp 759w, https:\/\/casinovape.de\/wp-content\/uploads\/2024\/11\/Lavande-BM18000\uff083\uff09-89x300.webp 89w, https:\/\/casinovape.de\/wp-content\/uploads\/2024\/11\/Lavande-BM18000\uff083\uff09-455x1536.webp 455w, https:\/\/casinovape.de\/wp-content\/uploads\/2024\/11\/Lavande-BM18000\uff083\uff09-607x2048.webp 607w, https:\/\/casinovape.de\/wp-content\/uploads\/2024\/11\/Lavande-BM18000\uff083\uff09-4x12.webp 4w, https:\/\/casinovape.de\/wp-content\/uploads\/2024\/11\/Lavande-BM18000\uff083\uff09-600x2025.webp 600w\" sizes=\"auto, (max-width: 759px) 100vw, 759px\" \/><\/p>\n<h3>Top Arome pentru Lavande BM 18000 Puffs<\/h3>\n<p>Lavande BM 18000 Puffs ofer\u0103 o varietate de arome interesante \u0219i r\u0103coritoare pentru a satisface toate preferin\u021bele gustative. Fie c\u0103 iube\u0219ti aromele fructate, mentolate sau inspirate de dulciuri, Lavande are ceva pentru toat\u0103 lumea. Iat\u0103 o list\u0103 detaliat\u0103 a principalelor arome care cu siguran\u021b\u0103 vor \u00eembun\u0103t\u0103\u021bi experien\u021ba ta de vapare:<\/p>\n<ol>\n<li><strong>Pepene verde Zmeur\u0103<\/strong> O amestec dulce \u0219i suculent de pepene verde copt \u0219i zmeur\u0103 acri\u0219oar\u0103. Acest amestec r\u0103coritor este perfect pentru cei care iubesc o explozie de fructe la fiecare puf.<\/li>\n<li><strong>Ghea\u021b\u0103 de pepene verde<\/strong> \u2013 O arom\u0103 de pepene verde r\u0103coritoare \u0219i crocant\u0103, combinat\u0103 cu o finish de ghea\u021b\u0103 revigorant\u0103. E ca \u0219i cum ai mu\u0219ca dintr-un pepene verde suculent \u00eentr-o zi cald\u0103 de var\u0103.<\/li>\n<li><strong>Rainbow Skittz<\/strong> \u2013 O amestec delicios de arome inspirate din bomboane. Dulce, acru \u0219i colorat, acesta este pentru cei care iubesc gustul bomboanelor \u00een form\u0103 de vape.<\/li>\n<li><strong>Pineapple Ice<\/strong> O \u00eenc\u00e2ntare tropical\u0103 cu echilibrul perfect de ananas dulce \u0219i un finis mentolat r\u0103coritor. Sensatia de r\u0103ceal\u0103 completeaz\u0103 perfect dulcea\u021ba fructului.<\/li>\n<li><strong>Strawberry Ice<\/strong> O arom\u0103 de c\u0103p\u0219uni neted\u0103 \u0219i dulce, cu o atingere r\u0103coritoare de ghea\u021b\u0103. Acesta este un vape perfect pentru cei care iubesc aromele fructate \u0219i r\u0103coritoare.<\/li>\n<li><strong>Peach Ice<\/strong> Gustul suculent \u0219i dulce al piersicilor coapte se \u00eent\u00e2lne\u0219te cu o lovitur\u0103 r\u0103coritoare de mentol, cre\u00e2nd o arom\u0103 care te face s\u0103 salivezi \u0219i care este at\u00e2t de r\u0103coritoare, c\u00e2t \u0219i de satisf\u0103c\u0103toare.<\/li>\n<li><strong>Domnul Blue<\/strong> \u2013 Un amestec \u00eendr\u0103zne\u021b de zmeur\u0103 albastr\u0103 \u0219i alte arome de fructe de p\u0103dure. Acesta este un favorit al fanilor pentru cei care iubesc un vape acru \u0219i dulce.<\/li>\n<li><strong>Mango Ice<\/strong> \u2013 O arom\u0103 tropical\u0103 de mango cu un finis r\u0103coros \u0219i \u00eenghe\u021bat. Aceast\u0103 arom\u0103 este perfect\u0103 pentru oricine care se bucur\u0103 de o vape fructat\u0103 cu o senza\u021bie suplimentar\u0103 de r\u0103coare.<\/li>\n<li><strong>Mango Dragon Fruit \u2192  Mango Dragon Fruit \n\n Nu se traduce , se las\u0103 ca atare , fruct exotic , nume propriu .<\/strong> O fuziune tropical\u0103 de mango dulce \u0219i fruct dragon exotic. Aceast\u0103 combina\u021bie este at\u00e2t de fructat\u0103, c\u00e2t \u0219i de r\u0103coritoare, cu o not\u0103 de dulcea\u021b\u0103.<\/li>\n<li><strong>Love 66 \n\n(Trebuie s\u0103 fie tradus doar textul care are nevoie de traducere. \u00cen acest caz \"Love\" \u0219i \"66\" sunt l\u0103sa\u021bi a\u0219a cum sunt deoarece \"Love\" poate fi \u00een\u021beles ca atare \u0219i \"66\" este un num\u0103r)\n\n Dragoste 66<\/strong> O combina\u021bie de arome secretoas\u0103 \u0219i misterioas\u0103 care ofer\u0103 o amestec\u0103tur\u0103 de note dulci, acre \u0219i u\u0219or cremoase. Este o arom\u0103 care te va \u021bine \u00een suspiciune.<\/li>\n<li><strong>L\u0103m\u00e2ie Ment\u0103<\/strong> \u2013 O l\u0103m\u00e2ie zesty asociat\u0103 cu ment\u0103 proasp\u0103t\u0103, oferind o arom\u0103 puternic\u0103, dar r\u0103coritoare, care este at\u00e2t de revigorant\u0103, c\u00e2t \u0219i de energizant\u0103.<\/li>\n<li><strong>Ment\u0103 de struguri<\/strong> \u2013 Struguri dulci \u0219i suculen\u021bi cu o finish de ment\u0103 crocant\u0103. Este un echilibru perfect de fructat \u0219i mentolat care v\u0103 va tenta papilele gustative.<\/li>\n<li><strong>Dublu Vi\u0219ine<\/strong> \u2013 O arom\u0103 de struguri bogat\u0103 \u0219i profund\u0103, dulce, \u00eendr\u0103znea\u021b\u0103 \u0219i complet satisf\u0103c\u0103toare. Dublul aport de struguri face ca aceasta s\u0103 fie o arom\u0103 de top.<\/li>\n<li><strong>M\u0103r dublu<\/strong> \u2013 O arom\u0103 de m\u0103r dulce \u0219i crocant\u0103 cu o dubl\u0103 lovitur\u0103 de intensitate. Aceasta este o alegere excelent\u0103 pentru cei care iubesc gustul merelor proaspete.<\/li>\n<li><strong>Acidulat de pepene verde<\/strong> O arom\u0103 de pepene verde care este at\u00e2t dulce, c\u00e2t \u0219i mestecabil\u0103, evoc\u00e2nd amintirea clasicei bomboane de pepene verde. Este o arom\u0103 nostalgic\u0103 care este sigur\u0103 s\u0103 plac\u0103.<\/li>\n<li><strong>Mur\u0103 \u0219i Ment\u0103<\/strong> O combina\u021bie de fructe de p\u0103dure dulci cu o finish menta r\u0103coritoare. Aceasta este o arom\u0103 de ment\u0103 fructat\u0103 \u0219i r\u0103coritoare, perfect\u0103 pentru vaporizare pe tot parcursul zilei.<\/li>\n<li><strong>Ghea\u021b\u0103 de coac\u0103ze negre<\/strong> \u2013 Arom\u0103 de coac\u0103ze negre puternic\u0103 \u0219i \u00een\u021bep\u0103toare, combinat\u0103 cu o finish r\u0103coritoare. Aceasta este o alegere ideal\u0103 pentru cei care apreciaz\u0103 gusturile bogate \u0219i tart\u0103, cu o not\u0103 de mentol.<\/li>\n<li><strong>Ghea\u021b\u0103 de Mure Albastr\u0103<\/strong> \u2013 O arom\u0103 de afine neted\u0103 cu un finis mentolat r\u0103coritor. Este fructat, r\u0103coritor \u0219i perfect pentru cei care iubesc aromele dulci de fructe de p\u0103dure.<\/li>\n<li><strong>Mur\u0103 de Afine cu Ment\u0103<\/strong> Combina\u021bia perfect\u0103 de afine dulci \u0219i ment\u0103 r\u0103coritoare. Este o arom\u0103 satisf\u0103c\u0103toare care este at\u00e2t de fructuoas\u0103, c\u00e2t \u0219i de r\u0103coritoare.<\/li>\n<li><strong>Menta Masticabil\u0103<\/strong> \u2013 O arom\u0103 de ment\u0103 dulce \u0219i u\u0219or cleioas\u0103, care este r\u0103coritoare \u0219i lini\u0219titoare. Este o op\u021biune excelent\u0103 pentru cei care doresc o experien\u021b\u0103 de vapare r\u0103coroas\u0103, dar lin\u0103.<\/li>\n<\/ol>\n<h3>De ce s\u0103 alegi <a href=\"https:\/\/casinovape.de\/ro\/\">Casinovape<\/a> Pentru Nevoile dvs. de Vape de Unic\u0103 Folosin\u021b\u0103?<\/h3>\n<p>La <strong>Casinovape<\/strong>, oferim vape-uri de unic\u0103 folosin\u021b\u0103 de \u00eenalt\u0103 calitate, cum ar fi <strong>Lavand\u0103 BM 18000 Puffs<\/strong> f\u0103r\u0103 cantitate minim\u0103 de comand\u0103, \u00eencep\u00e2nd de la doar <strong>1 buc\u0103\u021bi<\/strong>produsele noastre sunt expediate din <strong>Depozitul European de Vape<\/strong>asigur\u00e2nd livrarea rapid\u0103 \u00een cadrul <strong>3-7 zile<\/strong> pentru clien\u021bii din \u00eentreaga UE. Fie c\u0103 e\u0219ti un vaporizator individual sau parte dintr-un grup de retail, oferim cele mai bune pre\u021buri \u0219i servicii clien\u021bi de \u00eenalt\u0103 calitate.<\/p>\n<p>Alege\u021bi <a href=\"https:\/\/casinovape.de\/ro\/\"><strong>Casinovape<\/strong><\/a> pentru o experien\u021b\u0103 de cump\u0103r\u0103turi excep\u021bional\u0103 \u0219i acces la stilouri vape de unic\u0103 folosin\u021b\u0103 premium care s\u0103 r\u0103spund\u0103 nevoilor dumneavoastr\u0103. Explora\u021bi colec\u021bia noastr\u0103 \u0219i descoperi\u021bi cele mai bune vape-uri de unic\u0103 folosin\u021b\u0103 disponibile pe pia\u021b\u0103 ast\u0103zi.<\/p>","protected":false},"excerpt":{"rendered":"<div class=\"flex-shrink-0 flex flex-col relative items-end\">\n<div>\n<div class=\"pt-0\">\n<div class=\"gizmo-shadow-stroke flex h-8 w-8 items-center justify-center overflow-hidden rounded-full\">\n<div class=\"h-full w-full\">\n<div class=\"gizmo-shadow-stroke overflow-hidden rounded-full\"><span style=\"color: #555555;\">Descoper\u0103<strong> Lavand\u0103 BM18000 Puffs<\/strong>Vaporizator de unic\u0103 folosin\u021b\u0103, care ofer\u0103 performan\u021b\u0103 de lung\u0103 durat\u0103, arome premium \u0219i un design re\u00eenc\u0103rcabil. Cump\u0103ra\u021bi acum de la Casinovape pentru livrare rapid\u0103 \u00een UE din depozitul nostru european de vape.<\/span><\/div>\n<\/div>\n<\/div>\n<\/div>\n<\/div>\n<\/div>","protected":false},"featured_media":3538,"comment_status":"open","ping_status":"closed","template":"","meta":[],"product_brand":[],"product_cat":[35,78,79,81,84,86,88,90,91,94,95,96,98,99,65,66,67,68,69,70,71,72,73,74,75,76,77,57,102,45,48,50,52,54],"product_tag":[],"class_list":{"0":"post-4263","1":"product","2":"type-product","3":"status-publish","4":"has-post-thumbnail","6":"product_cat-lavande-disposable-vapes","7":"product_cat-buy-best-disposable-vape-flavors","8":"product_cat-apple-flavor-disposable-vapes","9":"product_cat-blueberry-flavor-disposable-vapes","10":"product_cat-grape-flavor-disposable-vapes","11":"product_cat-ice-flavor-disposable-vapes","12":"product_cat-lemon-flavor-disposable-vapes","13":"product_cat-mango-flavor-disposable-vapes","14":"product_cat-mint-flavor-disposable-vapes","15":"product_cat-peach-flavor-disposable-vapes","16":"product_cat-pineapple-flavor-disposable-vapes","17":"product_cat-raspberry-flavor-disposable-vapes","18":"product_cat-strawberry-flavor-disposable-vapes","19":"product_cat-watermelon-flavor-disposable-vapes","20":"product_cat-best-disposable-vape-in-europe","21":"product_cat-buy-disposable-vapes-in-austria","22":"product_cat-buy-disposable-vapes-in-belgium","23":"product_cat-buy-disposable-vapes-in-france","24":"product_cat-buy-disposable-vapes-in-germany","25":"product_cat-buy-disposable-vapes-in-italy","26":"product_cat-buy-disposable-vapes-in-netherlands","27":"product_cat-buy-disposable-vapes-in-norway","28":"product_cat-buy-disposable-vapes-in-poland","29":"product_cat-buy-disposable-vapes-in-portugal","30":"product_cat-buy-disposable-vapes-in-spain","31":"product_cat-buy-disposable-vapes-in-sweden","32":"product_cat-buy-disposable-vapes-in-switzerland","33":"product_cat-shop-disposable-vapes-by-puffs","34":"product_cat-18000-puff-disposable-vape","35":"product_cat-disposable-vape-types","36":"product_cat-big-puffs-disposable-vapes","37":"product_cat-digital-box-disposable-vapes","38":"product_cat-lower-nicotine-disposable-vapes","39":"product_cat-rechargeable-disposable-vapes","41":"first","42":"outofstock","43":"shipping-taxable","44":"product-type-variable"},"jetpack_sharing_enabled":true,"_links":{"self":[{"href":"https:\/\/casinovape.de\/ro\/wp-json\/wp\/v2\/product\/4263","targetHints":{"allow":["GET"]}}],"collection":[{"href":"https:\/\/casinovape.de\/ro\/wp-json\/wp\/v2\/product"}],"about":[{"href":"https:\/\/casinovape.de\/ro\/wp-json\/wp\/v2\/types\/product"}],"replies":[{"embeddable":true,"href":"https:\/\/casinovape.de\/ro\/wp-json\/wp\/v2\/comments?post=4263"}],"wp:featuredmedia":[{"embeddable":true,"href":"https:\/\/casinovape.de\/ro\/wp-json\/wp\/v2\/media\/3538"}],"wp:attachment":[{"href":"https:\/\/casinovape.de\/ro\/wp-json\/wp\/v2\/media?parent=4263"}],"wp:term":[{"taxonomy":"product_brand","embeddable":true,"href":"https:\/\/casinovape.de\/ro\/wp-json\/wp\/v2\/product_brand?post=4263"},{"taxonomy":"product_cat","embeddable":true,"href":"https:\/\/casinovape.de\/ro\/wp-json\/wp\/v2\/product_cat?post=4263"},{"taxonomy":"product_tag","embeddable":true,"href":"https:\/\/casinovape.de\/ro\/wp-json\/wp\/v2\/product_tag?post=4263"}],"curies":[{"name":"wp","href":"https:\/\/api.w.org\/{rel}","templated":true}]}}