{"id":1418,"date":"2024-10-22T09:00:08","date_gmt":"2024-10-22T09:00:08","guid":{"rendered":"https:\/\/casinovape.de\/?post_type=product&#038;p=1418"},"modified":"2025-01-12T13:52:49","modified_gmt":"2025-01-12T13:52:49","slug":"magazinul-european-magic-bar-ultimate-12000-puf-uri-cu-nicotina-scazuta-cumparati-stilou-original-autentic-reincarcabil-de-unica-folosinta","status":"publish","type":"product","link":"https:\/\/casinovape.de\/ro\/produs\/magazinul-european-magic-bar-ultimate-12000-puf-uri-cu-nicotina-scazuta-cumparati-stilou-original-autentic-reincarcabil-de-unica-folosinta\/","title":{"rendered":"B\u00e2ton de vape jetable rechargeable Magic Bar Ultimate European Warehouse 12000 Puffs Nicotin\u0103 Redus\u0103 Cump\u0103ra\u021bi Original Autentic"},"content":{"rendered":"<h2><img loading=\"lazy\" decoding=\"async\" class=\"alignnone wp-image-1446 size-full\" src=\"https:\/\/casinovape.de\/wp-content\/uploads\/2024\/10\/11Magic-Bar-12000.webp\" alt=\"B\u00e2ton de vape jetable rechargeable Magic Bar Ultimate European Warehouse 12000 Puffs Nicotin\u0103 Redus\u0103 Cump\u0103ra\u021bi Original Autentic\" width=\"2560\" height=\"1440\" srcset=\"https:\/\/casinovape.de\/wp-content\/uploads\/2024\/10\/11Magic-Bar-12000.webp 2560w, https:\/\/casinovape.de\/wp-content\/uploads\/2024\/10\/11Magic-Bar-12000-300x169.webp 300w, https:\/\/casinovape.de\/wp-content\/uploads\/2024\/10\/11Magic-Bar-12000-1024x576.webp 1024w, https:\/\/casinovape.de\/wp-content\/uploads\/2024\/10\/11Magic-Bar-12000-768x432.webp 768w, https:\/\/casinovape.de\/wp-content\/uploads\/2024\/10\/11Magic-Bar-12000-1536x864.webp 1536w, https:\/\/casinovape.de\/wp-content\/uploads\/2024\/10\/11Magic-Bar-12000-2048x1152.webp 2048w, https:\/\/casinovape.de\/wp-content\/uploads\/2024\/10\/11Magic-Bar-12000-600x338.webp 600w\" sizes=\"auto, (max-width: 2560px) 100vw, 2560px\" \/><\/h2>\n<h2><strong>Depozitul European Magic Bar Ultimate 12000 Puffs - <a href=\"https:\/\/casinovape.de\/ro\/\">Vaporizator Re\u00eenc\u0103rcabil de Unic\u0103 Folosin\u021b\u0103<\/a><\/strong><\/h2>\n<p>Debloca\u021bi o experien\u021b\u0103 premium de vaporizare cu <strong>Magic Bar Ultimate 12000 Puffs<\/strong> de la Casinovape, sursa dvs. de \u00eencredere pentru vape de calitate \u00een Europa. Cu o capacitate impresionant\u0103 de 12.000 de pufuri \u0219i un design re\u00eenc\u0103rcabil, acest dispozitiv de vape de unic\u0103 folosin\u021b\u0103 este conceput at\u00e2t pentru confort, c\u00e2t \u0219i pentru satisfac\u021bie. De la construc\u021bia ergonomic\u0103 la diversele profiluri de arom\u0103, Magic Bar Ultimate v\u0103 ridic\u0103 experien\u021ba de vape cu u\u0219urin\u021b\u0103 \u0219i stil. Ideal at\u00e2t pentru noii veni\u021bi, c\u00e2t \u0219i pentru entuzia\u0219tii experimenta\u021bi, dispozitivul promite o experien\u021b\u0103 de vape prelungit\u0103 la fiecare puf.<\/p>\n<h3><strong><a href=\"https:\/\/casinovape.de\/ro\/categorie-de-produse\/vape-magic-bar-de-unica-folosinta\/\">Magic Bar <\/a><\/strong><strong>Ultimul 1<\/strong><strong>2000 <\/strong><strong>Prezentare general\u0103 a produsului<\/strong><\/h3>\n<p>Proiectat pentru o utilizare f\u0103r\u0103 efort, Magic Bar Ultimate 12000 Puffs combin\u0103 tehnologia de v\u00e2rf a vaporiz\u0103rii cu un design elegant \u0219i portabil. M\u0103sur\u00e2nd doar 32\u00d7115,5 mm, se potrive\u0219te confortabil \u00een m\u00e2n\u0103 sau \u00een buzunar, f\u0103c\u00e2ndu-l perfect pentru utilizare \u00een deplasare. Dispozitivul nu necesit\u0103 \u00eentre\u021binere - f\u0103r\u0103 realimentare, f\u0103r\u0103 schimb\u0103ri de bobin\u0103, doar pl\u0103cere de vaporizare lin\u0103. Cu multiple niveluri de nicotin\u0103 (0%, 2%, 3% sau 5%), acest dispozitiv se adapteaz\u0103 la diverse preferin\u021be, fie c\u0103 dori\u021bi o sesiune f\u0103r\u0103 nicotin\u0103 sau o lovitur\u0103 mai puternic\u0103.<\/p>\n<h3><strong><a href=\"https:\/\/casinovape.de\/ro\/categorie-de-produse\/vape-magic-bar-de-unica-folosinta\/\">Magic Bar <\/a><\/strong><strong>Ultimul 1<\/strong><strong>2000 <\/strong><strong>Caracteristici cheie<\/strong><\/h3>\n<ul>\n<li><strong>Capacitate Mare de Puff-uri<\/strong>: Ofer\u0103 12.000 de pufuri impresionante per dispozitiv, asigur\u00e2nd o experien\u021b\u0103 de lung\u0103 durat\u0103.<\/li>\n<li><strong>Op\u021biuni de nicotin\u0103<\/strong>Disponibil \u00eentr-o varietate de concentra\u021bii de nicotin\u0103 (0%, 2%, 3%, 5%) pentru a se potrivi preferin\u021belor dumneavoastr\u0103 individuale.<\/li>\n<li><strong>Re\u00eenc\u0103rcare Convenabil\u0103<\/strong>: Spre deosebire de vapele tradi\u021bionale de unic\u0103 folosin\u021b\u0103, acest dispozitiv ofer\u0103 posibilitatea de a fi re\u00eenc\u0103rcat, prelungind durata de via\u021b\u0103 \u0219i reduc\u00e2nd de\u0219eurile.<\/li>\n<li><strong>Compact \u0219i prietenos pentru c\u0103l\u0103torii<\/strong>Suficient de mici pentru a se potrivi \u00een orice buzunar sau geant\u0103, perfecte pentru vaporizare \u00een deplasare.<\/li>\n<li><strong>Versatil pentru stilurile DTL \u0219i MTL<\/strong>: Bucura\u021bi-v\u0103 de ambele stiluri de vaporizare Direct-to-Lung (DTL) \u0219i Mouth-to-Lung (MTL) cu flux de aer personalizabil.<\/li>\n<li><strong>Mecanism Activat prin Trac\u021biune<\/strong>: Activat prin inhalare \u2014 f\u0103r\u0103 butoane, f\u0103r\u0103 probleme.<\/li>\n<li><strong>Varian\u021b\u0103 Aromatizat\u0103<\/strong>: Bucura\u021bi-v\u0103 de o varietate de profiluri de arom\u0103, de la fructat la \u00eenghe\u021bat, pentru a se potrivi cu starea dumneavoastr\u0103.<\/li>\n<li><strong>Debit de aer reglabil<\/strong>: Personalizeaz\u0103 experien\u021ba de vaporizare prin ajustarea fluxului de aer \u00een func\u021bie de trac\u021biunea preferat\u0103.<\/li>\n<\/ul>\n<h3><strong><a href=\"https:\/\/casinovape.de\/ro\/categorie-de-produse\/vape-magic-bar-de-unica-folosinta\/\">Magic Bar <\/a><\/strong><strong>Ultimul 1<\/strong><strong>2000<\/strong><strong>Colec\u021bie de Arome<\/strong><\/h3>\n<p>La Casinovape, credem c\u0103 gustul este totul, iar Magic Bar Ultimate ofer\u0103 o selec\u021bie extins\u0103 de arome unice \u0219i r\u0103coritoare care satisfac fiecare preferin\u021b\u0103.<\/p>\n<ol>\n<li><strong>Ghea\u021b\u0103 de pepene verde<\/strong><br \/>\nO arom\u0103 dulce \u0219i suculent\u0103 de pepene verde cu un finis mentolat r\u0103coritor, oferind o senza\u021bie de r\u0103coare \u0219i prospe\u021bime - ideal\u0103 pentru zilele calde.<\/li>\n<li><strong>Blue Razz<\/strong><br \/>\nAceast\u0103 combina\u021bie clasic\u0103 de afine \u0219i zmeur\u0103 ofer\u0103 un echilibru de aciditate \u0219i dulcea\u021b\u0103, cre\u00e2nd o explozie vibrant\u0103 de fructe de p\u0103dure la fiecare puf.<\/li>\n<li><strong>Limonad\u0103 Albastr\u0103 Razz<\/strong><br \/>\nO r\u0103sucire spumoas\u0103 de l\u0103m\u00e2ie, combinat\u0103 cu zmeur\u0103 albastr\u0103, ofer\u0103 un amestec r\u0103coritor care este at\u00e2t dulce, c\u00e2t \u0219i acru.<\/li>\n<li><strong>Kiwi Passion Guava<\/strong><br \/>\nEvada\u021bi-v\u0103 \u00een tropice cu aceast\u0103 fuziune exotic\u0103 de kiwi acidulat, pasiune suculent\u0103 \u0219i guava neted\u0103 - perfect\u0103 pentru o escapad\u0103 vibrant\u0103.<\/li>\n<li><strong>Peach Ice<\/strong><br \/>\nNote de piersic\u0103 neted\u0103 \u0219i coapt\u0103, completate de o urm\u0103 de mentol, ofer\u0103 o vaporizare fructat\u0103 \u0219i r\u0103coritoare la fiecare inspira\u021bie.<\/li>\n<li><strong>Zmeur\u0103 \u0219i pepene verde<\/strong><br \/>\nO pereche unic\u0103 de zmeur\u0103 tart\u0103 \u0219i pepene dulce, oferind un amestec bine echilibrat de arome.<\/li>\n<li><strong>Stafid\u0103 de pepene verde<\/strong><br \/>\nFructele dulci de c\u0103p\u0219uni se amestec\u0103 cu pepenele verde r\u0103coritor pentru o vapare u\u0219oar\u0103 \u0219i pl\u0103cut\u0103, perfect\u0103 pentru zilele de var\u0103.<\/li>\n<li><strong>Strawberry Ice<\/strong><br \/>\nGust de c\u0103p\u0219uni proaspete cu o finishare mentolat\u0103 crocant\u0103 pentru o senza\u021bie de r\u0103coare care este at\u00e2t de fructuoas\u0103, c\u00e2t \u0219i de r\u0103refreshant\u0103.<\/li>\n<li><strong>Limonad\u0103 roz<\/strong><br \/>\nO arom\u0103 de l\u0103m\u00e2ie roz str\u0103lucitoare \u0219i efervescent\u0103, care combin\u0103 dulcea\u021ba citricelor \u0219i a fructelor de p\u0103dure \u00eentr-o vape nostalgic\u0103.<\/li>\n<li><strong>Cola Ice<\/strong><br \/>\nGustul iconic al cola, \u00eemprosp\u0103tat cu o atingere \u00eenghe\u021bat\u0103, aduce o experien\u021b\u0103 clasic\u0103 de sifon sesiunii dvs. de vape.<\/li>\n<li><strong>Ghea\u021b\u0103 de Afine<\/strong><br \/>\nBucura\u021bi-v\u0103 de afine dulci cu o finishare mentolat\u0103 \u00eenghe\u021bat\u0103 pentru o experien\u021b\u0103 r\u0103coritoare \u0219i fructat\u0103.<\/li>\n<li><strong>Love 212<\/strong><br \/>\nO amestecare\u8ff7itoare de note florale \u0219i fructate care este perfect\u0103 pentru cei care iubesc s\u0103 experimenteze cu noi arome.<\/li>\n<li><strong>M\u0103r dublu<\/strong><br \/>\nClar \u0219i acidulat, Double Apple combin\u0103 note de mere ro\u0219ii \u0219i verzi pentru un gust echilibrat \u0219i r\u0103coritor.<\/li>\n<li><strong>Gum\u0103 de pepene<\/strong><br \/>\nBucur\u0103-te de gustul suculent al pepenelui cu o not\u0103 de gum\u0103 de mestecat nostalgic\u0103 - dulce \u0219i distractiv\u0103!<\/li>\n<li><strong>Gum\u0103 de ment\u0103<\/strong><br \/>\nO baz\u0103 de gum\u0103 de mestecat dulce, combinat\u0103 cu ment\u0103 r\u0103coritoare, creeaz\u0103 o vape r\u0103coritoare \u0219i pl\u0103cut\u0103 la fiecare puf.<\/li>\n<li><strong>Mix de fructe de p\u0103dure<\/strong><br \/>\nO amestec delicios de c\u0103p\u0219uni, afine \u0219i zmeur\u0103 ofer\u0103 o medley de fructe de p\u0103dure dulce \u0219i acrisoar\u0103.<\/li>\n<li><strong>L\u0103m\u00e2ie Ment\u0103<\/strong><br \/>\nL\u0103m\u00e2ia r\u0103coritoare se potrive\u0219te cu menta rece pentru o vape ascu\u021bit\u0103 \u0219i revigorant\u0103 care treze\u0219te sim\u021burile.<\/li>\n<li><strong>Tropical<\/strong><br \/>\nO combina\u021bie fructat\u0103 de ananas, mango \u0219i nuc\u0103 de cocos care te transport\u0103 \u00eentr-o paradis tropical\u0103 \u00eensorit\u0103.<\/li>\n<li><strong>Gum\u0103 de Mestecat de Pepene Verde<\/strong><br \/>\nPepene verde dulce \u0219i suculent, cu o not\u0103 nostalgic\u0103 de gum\u0103 de mestecat pentru o experien\u021b\u0103 distractiv\u0103 \u0219i aromat\u0103.<\/li>\n<\/ol>\n<p><img loading=\"lazy\" decoding=\"async\" class=\"alignnone wp-image-1487 size-full\" src=\"https:\/\/casinovape.de\/wp-content\/uploads\/2024\/10\/8Magic-Bar-12000.webp\" alt=\"B\u00e2ton de vape jetable rechargeable Magic Bar Ultimate European Warehouse 12000 Puffs Nicotin\u0103 Redus\u0103 Cump\u0103ra\u021bi Original Autentic\" width=\"1600\" height=\"1600\" srcset=\"https:\/\/casinovape.de\/wp-content\/uploads\/2024\/10\/8Magic-Bar-12000.webp 1600w, https:\/\/casinovape.de\/wp-content\/uploads\/2024\/10\/8Magic-Bar-12000-300x300.webp 300w, https:\/\/casinovape.de\/wp-content\/uploads\/2024\/10\/8Magic-Bar-12000-1024x1024.webp 1024w, https:\/\/casinovape.de\/wp-content\/uploads\/2024\/10\/8Magic-Bar-12000-150x150.webp 150w, https:\/\/casinovape.de\/wp-content\/uploads\/2024\/10\/8Magic-Bar-12000-768x768.webp 768w, https:\/\/casinovape.de\/wp-content\/uploads\/2024\/10\/8Magic-Bar-12000-1536x1536.webp 1536w, https:\/\/casinovape.de\/wp-content\/uploads\/2024\/10\/8Magic-Bar-12000-600x600.webp 600w, https:\/\/casinovape.de\/wp-content\/uploads\/2024\/10\/8Magic-Bar-12000-100x100.webp 100w\" sizes=\"auto, (max-width: 1600px) 100vw, 1600px\" \/><\/p>\n<h3><strong>De ce s\u0103 alegi <\/strong><strong><a href=\"https:\/\/casinovape.de\/ro\/categorie-de-produse\/vape-magic-bar-de-unica-folosinta\/\">Magic Bar <\/a><\/strong><strong>Ultimul 1<\/strong><strong>2000?<\/strong><\/h3>\n<ul>\n<li><strong>Comoditate Ultim\u0103<\/strong>: Gata de utilizat direct din cutie, f\u0103r\u0103 necesitatea de re\u00eenc\u0103rc\u0103ri sau \u00eentre\u021binere - doar bucura\u021bi-v\u0103 \u0219i arunca\u021bi.<\/li>\n<li><strong>Bucurie de Lung\u0103 Durat\u0103<\/strong>: Cu un impresionant num\u0103r de 12.000 de pufuri per dispozitiv, ob\u021bine\u021bi o experien\u021b\u0103 durabil\u0103 \u0219i consecvent\u0103 \u00een timp.<\/li>\n<li><strong>Varian\u021b\u0103 de arome<\/strong>: Explora\u021bi o selec\u021bie divers\u0103 de profiluri de arom\u0103 adaptate pentru a satisface fiecare palat.<\/li>\n<li><strong>Flexibilitate nicotinei<\/strong>: Alege\u021bi dintre mai multe niveluri de nicotin\u0103 pentru a se potrivi nevoilor dvs., indiferent dac\u0103 dori\u021bi s\u0103 reduce\u021bi sau s\u0103 v\u0103 r\u0103sf\u0103\u021ba\u021bi.<\/li>\n<li><strong>Adaptabil pentru Toate Stilurile<\/strong>: Suport\u0103 at\u00e2t vaparea DTL c\u00e2t \u0219i MTL, satisf\u0103c\u00e2nd fiecare preferin\u021b\u0103 de vapare.<\/li>\n<li><strong>Re\u00eenc\u0103rcabile \u0219i ecologice<\/strong>: Prelungi\u021bi durata de via\u021b\u0103 a vape-ului dvs. cu func\u021bia sa re\u00eenc\u0103rcabil\u0103, reduc\u00e2nd de\u0219eurile \u0219i oferind o utilizare pe termen lung.<\/li>\n<\/ul>\n<h3><strong>Experimenta\u021bi Vaping F\u0103r\u0103 Precedent Cu <a href=\"https:\/\/casinovape.de\/ro\/\">Casinovape<\/a><\/strong><\/h3>\n<p>F\u0103r\u0103 cantitate minim\u0103 de comand\u0103 \u0219i expediere rapid\u0103 de la noi <a href=\"https:\/\/casinovape.de\/ro\/\">Depozit european de vape<\/a>Casinovape faciliteaz\u0103 \u00eenceperea cu Magic Bar Ultimate 12000. Livrarea direct\u0103 \u00een UE \u00een termen de 3\u20137 zile, vape-urile noastre de unic\u0103 folosin\u021b\u0103 sunt accesibile clien\u021bilor din toat\u0103 Germania \u0219i din restul Europei. Descoper\u0103 Magic Bar \u0219i o gam\u0103 larg\u0103 de alte m\u0103rci premium precum Al Fakher, Fizzy, OBEELAB HHC \u0219i SMPO DL02 pe Casinovape.de ast\u0103zi!<\/p>\n<h3><strong>Ob\u021bine\u021bi-l Ast\u0103zi<\/strong><\/h3>\n<p>Bucura\u021bi-v\u0103 de experien\u021ba superioar\u0103 de vaporizare oferit\u0103 de Magic Bar Ultimate 12000 Puffs, disponibil\u0103 acum pe Casinovape. Vizita\u021bi site-ul nostru, explora\u021bi catalogul nostru complet \u0219i ridica\u021bi experien\u021ba dvs. de vaporizare la un nivel superior cu calitate \u0219i varietate de neegalat.<\/p>","protected":false},"excerpt":{"rendered":"<p>Descoper\u0103 <strong>Magic Bar Ultimate 12000 Puffs<\/strong> Vape de unic\u0103 folosin\u021b\u0103 la Casinovape \u2013 cel mai important retailer de vape din Europa. Re\u00eenc\u0103rcabile, compacte \u0219i disponibile \u00een diferite arome, expediate rapid din depozitul nostru din UE.<\/p>","protected":false},"featured_media":1444,"comment_status":"open","ping_status":"closed","template":"","meta":[],"product_brand":[],"product_cat":[23,78,79,80,81,83,85,86,87,88,90,91,93,94,95,96,98,99,65,66,67,68,69,70,71,72,73,74,75,76,77,57,60,45,48,52,54],"product_tag":[],"class_list":{"0":"post-1418","1":"product","2":"type-product","3":"status-publish","4":"has-post-thumbnail","6":"product_cat-magic-bar-disposable-vapes","7":"product_cat-buy-best-disposable-vape-flavors","8":"product_cat-apple-flavor-disposable-vapes","9":"product_cat-blue-razz-flavor-disposable-vapes","10":"product_cat-blueberry-flavor-disposable-vapes","11":"product_cat-cola-flavor-disposable-vapes","12":"product_cat-guava-flavor-disposable-vapes","13":"product_cat-ice-flavor-disposable-vapes","14":"product_cat-kiwi-flavor-disposable-vapes","15":"product_cat-lemon-flavor-disposable-vapes","16":"product_cat-mango-flavor-disposable-vapes","17":"product_cat-mint-flavor-disposable-vapes","18":"product_cat-passion-fruit-flavor-disposable-vapes","19":"product_cat-peach-flavor-disposable-vapes","20":"product_cat-pineapple-flavor-disposable-vapes","21":"product_cat-raspberry-flavor-disposable-vapes","22":"product_cat-strawberry-flavor-disposable-vapes","23":"product_cat-watermelon-flavor-disposable-vapes","24":"product_cat-best-disposable-vape-in-europe","25":"product_cat-buy-disposable-vapes-in-austria","26":"product_cat-buy-disposable-vapes-in-belgium","27":"product_cat-buy-disposable-vapes-in-france","28":"product_cat-buy-disposable-vapes-in-germany","29":"product_cat-buy-disposable-vapes-in-italy","30":"product_cat-buy-disposable-vapes-in-netherlands","31":"product_cat-buy-disposable-vapes-in-norway","32":"product_cat-buy-disposable-vapes-in-poland","33":"product_cat-buy-disposable-vapes-in-portugal","34":"product_cat-buy-disposable-vapes-in-spain","35":"product_cat-buy-disposable-vapes-in-sweden","36":"product_cat-buy-disposable-vapes-in-switzerland","37":"product_cat-shop-disposable-vapes-by-puffs","38":"product_cat-12000-puff-disposable-vape","39":"product_cat-disposable-vape-types","40":"product_cat-big-puffs-disposable-vapes","41":"product_cat-lower-nicotine-disposable-vapes","42":"product_cat-rechargeable-disposable-vapes","44":"first","45":"outofstock","46":"shipping-taxable","47":"purchasable","48":"product-type-variable"},"jetpack_sharing_enabled":true,"_links":{"self":[{"href":"https:\/\/casinovape.de\/ro\/wp-json\/wp\/v2\/product\/1418","targetHints":{"allow":["GET"]}}],"collection":[{"href":"https:\/\/casinovape.de\/ro\/wp-json\/wp\/v2\/product"}],"about":[{"href":"https:\/\/casinovape.de\/ro\/wp-json\/wp\/v2\/types\/product"}],"replies":[{"embeddable":true,"href":"https:\/\/casinovape.de\/ro\/wp-json\/wp\/v2\/comments?post=1418"}],"wp:featuredmedia":[{"embeddable":true,"href":"https:\/\/casinovape.de\/ro\/wp-json\/wp\/v2\/media\/1444"}],"wp:attachment":[{"href":"https:\/\/casinovape.de\/ro\/wp-json\/wp\/v2\/media?parent=1418"}],"wp:term":[{"taxonomy":"product_brand","embeddable":true,"href":"https:\/\/casinovape.de\/ro\/wp-json\/wp\/v2\/product_brand?post=1418"},{"taxonomy":"product_cat","embeddable":true,"href":"https:\/\/casinovape.de\/ro\/wp-json\/wp\/v2\/product_cat?post=1418"},{"taxonomy":"product_tag","embeddable":true,"href":"https:\/\/casinovape.de\/ro\/wp-json\/wp\/v2\/product_tag?post=1418"}],"curies":[{"name":"wp","href":"https:\/\/api.w.org\/{rel}","templated":true}]}}