{"id":1265,"date":"2024-10-21T02:17:14","date_gmt":"2024-10-21T02:17:14","guid":{"rendered":"https:\/\/casinovape.de\/?post_type=product&#038;p=1265"},"modified":"2025-09-06T00:37:12","modified_gmt":"2025-09-06T00:37:12","slug":"depozit-european-airmez-matrix-25000-puf-uri-cu-nicotina-scazuta-cumpara-stilou-original-autentic-autentic-reincarcabil-de-unica-folosinta","status":"publish","type":"product","link":"https:\/\/casinovape.de\/ro\/produs\/depozit-european-airmez-matrix-25000-puf-uri-cu-nicotina-scazuta-cumpara-stilou-original-autentic-autentic-reincarcabil-de-unica-folosinta\/","title":{"rendered":"Depozitul European Airmez Matrix 25000 Puffs Nicotin\u0103 Sc\u0103zut\u0103 Cump\u0103ra\u021bi Vape Pen Re\u00eenc\u0103rcabil Monousor Original Autentic"},"content":{"rendered":"<div class=\"flex-1 overflow-hidden\">\n<div class=\"h-full\">\n<div class=\"react-scroll-to-bottom--css-zitxy-79elbk h-full\">\n<div class=\"react-scroll-to-bottom--css-zitxy-1n7m0yu\">\n<div class=\"flex flex-col text-sm md:pb-9\">\n<article class=\"w-full text-token-text-primary focus-visible:outline-2 focus-visible:outline-offset-[-4px]\" dir=\"auto\" data-testid=\"conversation-turn-3\" data-scroll-anchor=\"true\">\n<div class=\"text-base py-[18px] px-3 md:px-4 m-auto w-full md:px-5 lg:px-4 xl:px-5\">\n<div class=\"mx-auto flex flex-1 gap-4 text-base md:gap-5 lg:gap-6 md:max-w-3xl lg:max-w-[40rem] xl:max-w-[48rem]\">\n<div class=\"group\/conversation-turn relative flex w-full min-w-0 flex-col agent-turn\">\n<div class=\"flex-col gap-1 md:gap-3\">\n<div class=\"flex max-w-full flex-col flex-grow\">\n<div style=\"width: 1020px;\" class=\"wp-video\"><!--[if lt IE 9]><script>document.createElement('video');<\/script><![endif]-->\n<video class=\"wp-video-shortcode\" id=\"video-1265-1\" width=\"1020\" height=\"1020\" preload=\"metadata\" controls=\"controls\"><source type=\"video\/mp4\" src=\"https:\/\/casinovape.de\/wp-content\/uploads\/2024\/10\/Airmez-Matrix-25000-3.mp4?_=1\" \/><a href=\"https:\/\/casinovape.de\/wp-content\/uploads\/2024\/10\/Airmez-Matrix-25000-3.mp4\">https:\/\/casinovape.de\/wp-content\/uploads\/2024\/10\/Airmez-Matrix-25000-3.mp4<\/a><\/video><\/div>\n<\/div>\n<\/div>\n<\/div>\n<\/div>\n<\/div>\n<\/article>\n<\/div>\n<\/div>\n<\/div>\n<\/div>\n<\/div>\n<div class=\"md:pt-0 dark:border-white\/20 md:border-transparent md:dark:border-transparent w-full\">\n<div class=\"\">\n<div class=\"text-base px-3 md:px-4 m-auto w-full md:px-5 lg:px-4 xl:px-5\">\n<div class=\"mx-auto flex flex-1 gap-4 text-base md:gap-5 lg:gap-6 md:max-w-3xl lg:max-w-[40rem] xl:max-w-[48rem]\">\n<form class=\"w-full\" aria-haspopup=\"dialog\" aria-expanded=\"false\" aria-controls=\"radix-:rnl:\" data-state=\"closed\" action=\"\">\n<div class=\"relative flex h-full max-w-full flex-1 flex-col\">\n<div class=\"group relative flex w-full items-center\">\n<div class=\"flex w-full flex-col gap-1.5 rounded-[26px] p-1.5 transition-colors bg-[#f4f4f4] dark:bg-token-main-surface-secondary\">\n<div class=\"flex items-end gap-1.5 pl-4 md:gap-2\">\n<div class=\"min-w-8\">\n<h2><a href=\"https:\/\/casinovape.de\/ro\/\">Depozitul European de Vape<\/a> Pen\u0103 de vape reutilizabil\u0103 Airmez Matrix 25000 Puffs, de unic\u0103 folosin\u021b\u0103<\/h2>\n<h3>Prezentare general\u0103 a produsului<\/h3>\n<p>The \n(acum, f\u0103r\u0103 modific\u0103ri) \nThe <strong>Airmez Matrix 25000 Puffs Vape Pen de unic\u0103 folosin\u021b\u0103<\/strong> este o experien\u021b\u0103 avansat\u0103 de vape, creat\u0103 pentru a satisface at\u00e2t vaperii experimenta\u021bi, c\u00e2t \u0219i noii veni\u021bi care caut\u0103 comoditate \u0219i calitate. oferit exclusiv prin intermediul <a href=\"https:\/\/casinovape.de\/ro\/\" target=\"_new\" rel=\"noopener\">Casinovape<\/a>, cel mai mare retailer din Germania pentru vape de unic\u0103 folosin\u021b\u0103, aceast\u0103 vape pen combin\u0103 caracteristici de ultim\u0103 or\u0103, un design elegant \u0219i o varietate de arome tentante, oferind o satisfac\u021bie f\u0103r\u0103 precedent la fiecare puf. Cu <strong>p\u00e2n\u0103 la 25.000 de pufuri<\/strong>Aceast\u0103 vape pen re\u00eenc\u0103rcabil\u0103 este ideal\u0103 pentru cei care apreciaz\u0103 performan\u021ba de lung\u0103 durat\u0103 \u0219i constant\u0103, f\u0103r\u0103 a fi nevoie de \u00eenlocuiri frecvente. Indiferent dac\u0103 c\u0103uta\u021bi un gust bogat sau o produc\u021bie de vapori fiabil\u0103, Airmez Matrix ofer\u0103 o experien\u021b\u0103 lin\u0103 \u0219i f\u0103r\u0103 \u00eentreruperi.<\/p>\n<h3>De ce s\u0103 alegi <a href=\"https:\/\/casinovape.de\/ro\/categorie-de-produse\/vape-de-unica-folosinta-airmez-matrix\/\">Airmez Matrix 25000<\/a>?<\/h3>\n<p>Airmez Matrix iese \u00een eviden\u021b\u0103 pe o pia\u021b\u0103 aglomerat\u0103, combin\u00e2nd confortul cu tehnologia de ultim\u0103 or\u0103, f\u0103c\u00e2ndu-l perfect pentru cei care doresc o experien\u021b\u0103 de vaporizare u\u0219oar\u0103 \u0219i pl\u0103cut\u0103. Acest dispozitiv ofer\u0103:<\/p>\n<ul>\n<li><strong>Performan\u021b\u0103 de Lung\u0103 Durat\u0103<\/strong>: Ob\u021bine\u021bi p\u00e2n\u0103 la 25.000 de pufuri, cu op\u021biuni pentru modurile Normal \u0219i Boost, pentru a se potrivi cu diferite preferin\u021be.<\/li>\n<li><strong>Re\u00eenc\u0103rcabile \u0219i ecologice<\/strong>: Dotat cu o muf\u0103 de \u00eenc\u0103rcare USB-C, acest vape pen minimizeaz\u0103 de\u0219eurile \u0219i maximizeaz\u0103 utilizarea, f\u0103c\u00e2ndu-l o alegere con\u0219tient\u0103 din punct de vedere ecologic.<\/li>\n<li><strong>Bobine Dual-Mesh Inovative<\/strong>: Aceste bobine \u00eembun\u0103t\u0103\u021besc aroma \u0219i ofer\u0103 o vapoare lin\u0103, \u00eembog\u0103\u021bind fiecare inhalare cu nori densi \u0219i aromatici.<\/li>\n<li><strong>Debit de aer reglabil<\/strong>: Personaliza\u021bi-v\u0103 experien\u021ba de vaporizare cu set\u0103ri de aerisire personalizabile pentru a ob\u021bine trac\u021biunea preferat\u0103.<\/li>\n<li><strong>Afi\u0219aj tactil u\u0219or de utilizat<\/strong>: Ecranul tactil de 2,1 inci ofer\u0103 actualiz\u0103ri \u00een timp real ale nivelului bateriei \u0219i ale st\u0103rii e-lichidului, o caracteristic\u0103 rareori \u00eent\u00e2lnit\u0103 la vape-urile de unic\u0103 folosin\u021b\u0103.<\/li>\n<\/ul>\n<p>Aceast\u0103 pen\u0103 vape re\u00eenc\u0103rcabil\u0103 cu capacitate mare este conceput\u0103 pentru pia\u021ba european\u0103, cu expediere rapid\u0103 \u00een 3-7 zile de la noi <strong>Depozitul European de Vape<\/strong>.<\/p>\n<hr \/>\n<h3>Caracteristici cheie ale Airmez Matrix 25000 Puffs <a href=\"https:\/\/casinovape.de\/ro\/\">Vaporizor de unic\u0103 folosin\u021b\u0103<\/a><\/h3>\n<ol>\n<li><strong>Capacitate de Puff Excep\u021bional\u0103<\/strong>: Ofer\u0103 p\u00e2n\u0103 la 25.000 de pufuri \u00een modul Normal \u0219i 15.000 de pufuri \u00een modul Boost, f\u0103c\u00e2ndu-l perfect pentru utiliz\u0103ri prelungite.<\/li>\n<li><strong>Tehnologie cu bobin\u0103 cu dou\u0103 ochiuri<\/strong>Ofer\u0103 profiluri de arom\u0103 robuste \u0219i vapori netezi \u0219i plini de corp.<\/li>\n<li><strong>Debit de aer reglabil<\/strong>: Bucura\u021bi-v\u0103 de o experien\u021b\u0103 personalizabil\u0103 adaptat\u0103 rezisten\u021bei la fluxul de aer preferate.<\/li>\n<li><strong>Con\u021binut Nicotin\u0103 Ridicat (5%)<\/strong>Ideal pentru cei care caut\u0103 o lovitur\u0103 de nicotin\u0103 mai puternic\u0103 \u0219i mai satisf\u0103c\u0103toare.<\/li>\n<li><strong>Afi\u0219aj cu ecran tactil 2,1 inci<\/strong>: Monitoriza\u021bi durata de via\u021b\u0103 a bateriei \u0219i nivelul de lichid electronic dintr-o privire.<\/li>\n<li><strong>\u00cenc\u0103rcare USB Type-C<\/strong>: Re\u00eenc\u0103rca\u021bi rapid \u0219i u\u0219or cu aceast\u0103 muf\u0103 de \u00eenc\u0103rcare eficient\u0103.<\/li>\n<li><strong>Dou\u0103 moduri de alimentare<\/strong>: Comuta\u021bi \u00eentre modurile Normal \u0219i Boost pentru o intensitate \u0219i o satisfac\u021bie personalizate.<\/li>\n<li><strong>Activat prin tragere<\/strong>: Bucura\u021bi-v\u0103 de confortul tehnologiei activate prin tragere pentru o experien\u021b\u0103 de vaporizare f\u0103r\u0103 \u00eentreruperi.<\/li>\n<\/ol>\n<hr \/>\n<h3>Liniup de Arome Exquisite<\/h3>\n<p>Fiecare arom\u0103 a fost creat\u0103 cu meticulozitate pentru a oferi o experien\u021b\u0103 unic\u0103 \u0219i imersiv\u0103. Iat\u0103 o privire mai atent\u0103 asupra op\u021biunilor disponibile:<\/p>\n<p><strong>1. Cirea\u0219\u0103 de Mijlocul Nop\u021bii<\/strong><br \/>\nBucura\u021bi-v\u0103 de aroma profund\u0103 \u0219i intens\u0103 a cire\u0219ei bogate, cu o dulcea\u021b\u0103 subtil\u0103. Midnight Cherry ofer\u0103 un gust \u00eendr\u0103zne\u021b \u0219i vibrant care va satisface pofta oric\u0103rui iubitor de fructe, oferind un profil \u00eentunecat \u0219i suculent la fiecare inhalare.<\/p>\n<p><strong>2. Nightcrawler<\/strong><br \/>\nO amestec complicat de fructe de p\u0103dure coapte cu o not\u0103 de aciditate, Nightcrawler ofer\u0103 o experien\u021b\u0103 de vape revigorant\u0103 \u0219i lini\u0219titoare. Perfect\u0103 pentru orice moment al zilei, aceast\u0103 arom\u0103 este echilibrat\u0103 \u0219i \u00eenvior\u0103toare, cu straturi care men\u021bin papilele gustative intrate.<\/p>\n<p><strong>3. Torta de c\u0103p\u0219uni cu catifea<\/strong><br \/>\nR\u0103sf\u0103\u021ba\u021bi-v\u0103 \u00een decaden\u021ba pr\u0103jiturii de c\u0103p\u0219uni cu velvet. Aceast\u0103 arom\u0103 combin\u0103 dulcea\u021ba c\u0103p\u0219unilor coapte cu c\u0103ldura reconfortant\u0103 a unei baze de pr\u0103jitur\u0103, cre\u00e2nd o experien\u021b\u0103 de desert bogat\u0103 \u0219i inspirat\u0103, care este at\u00e2t de satisf\u0103c\u0103toare, c\u00e2t \u0219i de neted\u0103.<\/p>\n<p><strong>4. Visul Bananei \u0219i Murei<\/strong><br \/>\nO explozie tropical\u0103 de banan\u0103 \u0219i fructe de p\u0103dure, Banana Berry Fantasy aduce o \u00eentors\u0103tur\u0103 exotic\u0103 rutinei tale de vapare. Acest amestec echilibrat este dulce, dar r\u0103coritor, perfect pentru cei care iubesc note vibrante \u0219i fructate.<\/p>\n<p><strong>5. Cherry Lemon Zest<\/strong><br \/>\nAceast\u0103 arom\u0103 combin\u0103 dulcea\u021ba cire\u0219ei cu o lovitur\u0103 de l\u0103m\u00e2ie zesty, cre\u00e2nd un profil echilibrat care este la fel de r\u0103coritor ca \u0219i de memorabil. Este o alegere ideal\u0103 pentru vapori care caut\u0103 un gust proasp\u0103t, acru, cu o not\u0103 de dulcea\u021b\u0103.<\/p>\n<p><strong>6. L\u0103m\u00e2iad\u0103 cu Dragon Fruit<\/strong><br \/>\nTransport\u0103-te \u00eentr-un paradis tropical cu Dragon Fruit Lemonade. Aceast\u0103 fuziune unic\u0103 de dragon fruit \u0219i lemonade ofer\u0103 o experien\u021b\u0103 acr\u0103, dar neted\u0103, perfect\u0103 pentru zilele calde sau ori de c\u00e2te ori dore\u0219ti o lovitur\u0103 exotic\u0103.<\/p>\n<p><strong>7. Fuzionarea Dragonului Mistic<\/strong><br \/>\nPune-te \u00een misterul Mystic Dragon Fusion, un amestec complex de dragon fruit \u0219i tonuri tropicale care creeaz\u0103 un vape interesant \u0219i stratificat. Cu profilul s\u0103u bogat \u0219i neobi\u0219nuit, este ideal pentru vapoarele aventuroase.<\/p>\n<p><strong>8. Mango Colada<\/strong><br \/>\nExperimenta\u021bi Caraibele cu Mango Colada, un amestec \u00eenc\u00e2nt\u0103tor de mango copt \u0219i nuc\u0103 de cocos cremoas\u0103. Aceast\u0103 arom\u0103 aduce esen\u021ba unei plaje tropicale la fiecare puf, oferind o experien\u021b\u0103 dulce \u0219i r\u0103coritoare.<\/p>\n<p><img loading=\"lazy\" decoding=\"async\" class=\"alignnone wp-image-1337 size-full\" src=\"https:\/\/casinovape.de\/wp-content\/uploads\/2024\/10\/Airmez-Matrix-25000.webp\" alt=\"Depozitul European Airmez Matrix 25000 Puffs Nicotin\u0103 Sc\u0103zut\u0103 Cump\u0103ra\u021bi Vape Pen Re\u00eenc\u0103rcabil Monousor Original Autentic\" width=\"1016\" height=\"1452\" srcset=\"https:\/\/casinovape.de\/wp-content\/uploads\/2024\/10\/Airmez-Matrix-25000.webp 1016w, https:\/\/casinovape.de\/wp-content\/uploads\/2024\/10\/Airmez-Matrix-25000-210x300.webp 210w, https:\/\/casinovape.de\/wp-content\/uploads\/2024\/10\/Airmez-Matrix-25000-717x1024.webp 717w, https:\/\/casinovape.de\/wp-content\/uploads\/2024\/10\/Airmez-Matrix-25000-768x1098.webp 768w, https:\/\/casinovape.de\/wp-content\/uploads\/2024\/10\/Airmez-Matrix-25000-600x857.webp 600w\" sizes=\"auto, (max-width: 1016px) 100vw, 1016px\" \/><\/p>\n<h3>De ce s\u0103 cumperi <a href=\"https:\/\/casinovape.de\/ro\/categorie-de-produse\/vape-de-unica-folosinta-airmez-matrix\/\">Airmez Matrix 25000 Puffs<\/a> Vaporizor de unic\u0103 folosin\u021b\u0103<\/h3>\n<p>Airmez Matrix 25000 este un schimb\u0103tor de joc \u00een tehnologia vape de unic\u0103 folosin\u021b\u0103, combin\u00e2nd performan\u021b\u0103 ridicat\u0103, confort \u0219i o mare varietate de arome pentru a satisface fiecare preferin\u021b\u0103. La <a href=\"https:\/\/casinovape.de\/ro\/\"><strong>Casinovape.de<\/strong><\/a>F\u0103cem lucrurile simple \u0219i accesibile pentru a v\u0103 bucura de produse premium de vaporizare, f\u0103r\u0103 cantit\u0103\u021bi minime de comand\u0103 \u0219i cu livrare rapid\u0103 \u00een Europa. Iat\u0103 de ce Airmez Matrix 25000 este o alegere excelent\u0103:<\/p>\n<ul>\n<li><strong>Durabilitate ridicat\u0103 \u0219i utilizare prelungit\u0103<\/strong>: Una dintre cele mai longevive vape-uri de unic\u0103 folosin\u021b\u0103 disponibile, perfect\u0103 pentru vape prelungit f\u0103r\u0103 \u00eenlocuire frecvent\u0103.<\/li>\n<li><strong>Gust \u0219i Performan\u021b\u0103<\/strong>: Bobinele cu dubl\u0103 plas\u0103 \u0219i o varietate de profiluri de arom\u0103 asigur\u0103 c\u0103 fiecare puf este la fel de satisf\u0103c\u0103tor ca \u0219i ultimul, cu o produc\u021bie de vapori bogat\u0103 \u0219i constant\u0103.<\/li>\n<li><strong>Design Eco-Con\u0219tient<\/strong>Func\u021bionalitatea re\u00eenc\u0103rcabil\u0103 reduce de\u0219eurile, permi\u021b\u00e2ndu-v\u0103 s\u0103 v\u0103 bucura\u021bi de un dispozitiv de \u00eenalt\u0103 calitate, fiind \u00een acela\u0219i timp atent la mediul \u00eenconjur\u0103tor.<\/li>\n<li><strong>Acces Exclusiv \u0219i Convenabil<\/strong>: Cump\u0103ra\u021bi direct de la Casinovape, cel mai mare retailer de vape-uri de unic\u0103 folosin\u021b\u0103 din Germania, asigur\u00e2ndu-v\u0103 c\u0103 primi\u021bi produse autentice expediate prompt din depozitul nostru european.<\/li>\n<\/ul>\n<p>Cu Airmez Matrix 25000, experimenta\u021bi apogeul tehnologiei de vaporizare de unic\u0103 folosin\u021b\u0103 \u0219i a gustului \u00eentr-un singur dispozitiv elegant \u0219i u\u0219or de utilizat. Vizita\u021bi <a href=\"https:\/\/casinovape.de\/ro\/\" target=\"_new\" rel=\"noopener\">Casinovape.de<\/a> Ast\u0103zi pentru a comanda propriul dvs. \u0219i a descoperi satisfac\u021bia suprem\u0103 \u00een vaporizare. Bucura\u021bi-v\u0103 de o livrare rapid\u0103 \u0219i fiabil\u0103 \u00een termen de 3-7 zile \u00een toat\u0103 Europa, f\u0103r\u0103 s\u0103 fie necesar\u0103 o comand\u0103 minim\u0103.<\/p>\n<p>Pentru toate nevoile dvs. de vaporizare, Casinovape ofer\u0103 o selec\u021bie superioar\u0103 \u0219i un serviciu dedicat. Transform\u0103-\u021bi experien\u021ba de vaporizare cu Airmez Matrix 25000 \u0219i savureaz\u0103 fiecare moment.<\/p>\n<\/div>\n<\/div>\n<\/div>\n<\/div>\n<\/div>\n<input type=\"hidden\" name=\"trp-form-language\" value=\"ro\"\/><\/form>\n<\/div>\n<\/div>\n<div class=\"relative w-full px-2 py-2 text-center text-xs text-token-text-secondary empty:hidden md:px-[60px]\">\n<div class=\"min-h-4\">\n<div><\/div>\n<\/div>\n<\/div>\n<\/div>\n<\/div>","protected":false},"excerpt":{"rendered":"<p>Descoper\u0103 ceea ce dureaz\u0103 mult timp <strong>Airmez Matrix 25000 Puffs<\/strong> Re\u00eenc\u0103rcabil\u0103 Vaporizator de Unic\u0103 Folosin\u021b\u0103 la Casinovape.de \u2013 Cel mai bun retailer de vape din Europa. Bucura\u021bi-v\u0103 de arome premium, tehnologie avansat\u0103 \u0219i livrare rapid\u0103 \u00een 3-7 zile!<\/p>","protected":false},"featured_media":1301,"comment_status":"open","ping_status":"closed","template":"","meta":[],"product_brand":[],"product_cat":[21,78,82,83,84,86,88,90,98,99,65,66,67,68,69,70,71,72,73,74,75,76,77,57,101,45,48,50,51,47,52,54],"product_tag":[],"class_list":{"0":"post-1265","1":"product","2":"type-product","3":"status-publish","4":"has-post-thumbnail","6":"product_cat-airmez-matrix-disposable-vapes","7":"product_cat-buy-best-disposable-vape-flavors","8":"product_cat-cherry-flavor-disposable-vapes","9":"product_cat-cola-flavor-disposable-vapes","10":"product_cat-grape-flavor-disposable-vapes","11":"product_cat-ice-flavor-disposable-vapes","12":"product_cat-lemon-flavor-disposable-vapes","13":"product_cat-mango-flavor-disposable-vapes","14":"product_cat-strawberry-flavor-disposable-vapes","15":"product_cat-watermelon-flavor-disposable-vapes","16":"product_cat-best-disposable-vape-in-europe","17":"product_cat-buy-disposable-vapes-in-austria","18":"product_cat-buy-disposable-vapes-in-belgium","19":"product_cat-buy-disposable-vapes-in-france","20":"product_cat-buy-disposable-vapes-in-germany","21":"product_cat-buy-disposable-vapes-in-italy","22":"product_cat-buy-disposable-vapes-in-netherlands","23":"product_cat-buy-disposable-vapes-in-norway","24":"product_cat-buy-disposable-vapes-in-poland","25":"product_cat-buy-disposable-vapes-in-portugal","26":"product_cat-buy-disposable-vapes-in-spain","27":"product_cat-buy-disposable-vapes-in-sweden","28":"product_cat-buy-disposable-vapes-in-switzerland","29":"product_cat-shop-disposable-vapes-by-puffs","30":"product_cat-25000-puff-disposable-vape","31":"product_cat-disposable-vape-types","32":"product_cat-big-puffs-disposable-vapes","33":"product_cat-digital-box-disposable-vapes","34":"product_cat-dual-mesh-disposable-vapes","35":"product_cat-full-screen-disposable-vapes","36":"product_cat-lower-nicotine-disposable-vapes","37":"product_cat-rechargeable-disposable-vapes","39":"first","40":"instock","41":"sale","42":"shipping-taxable","43":"purchasable","44":"product-type-variable"},"jetpack_sharing_enabled":true,"_links":{"self":[{"href":"https:\/\/casinovape.de\/ro\/wp-json\/wp\/v2\/product\/1265","targetHints":{"allow":["GET"]}}],"collection":[{"href":"https:\/\/casinovape.de\/ro\/wp-json\/wp\/v2\/product"}],"about":[{"href":"https:\/\/casinovape.de\/ro\/wp-json\/wp\/v2\/types\/product"}],"replies":[{"embeddable":true,"href":"https:\/\/casinovape.de\/ro\/wp-json\/wp\/v2\/comments?post=1265"}],"wp:featuredmedia":[{"embeddable":true,"href":"https:\/\/casinovape.de\/ro\/wp-json\/wp\/v2\/media\/1301"}],"wp:attachment":[{"href":"https:\/\/casinovape.de\/ro\/wp-json\/wp\/v2\/media?parent=1265"}],"wp:term":[{"taxonomy":"product_brand","embeddable":true,"href":"https:\/\/casinovape.de\/ro\/wp-json\/wp\/v2\/product_brand?post=1265"},{"taxonomy":"product_cat","embeddable":true,"href":"https:\/\/casinovape.de\/ro\/wp-json\/wp\/v2\/product_cat?post=1265"},{"taxonomy":"product_tag","embeddable":true,"href":"https:\/\/casinovape.de\/ro\/wp-json\/wp\/v2\/product_tag?post=1265"}],"curies":[{"name":"wp","href":"https:\/\/api.w.org\/{rel}","templated":true}]}}