{"id":1068,"date":"2024-10-20T13:11:21","date_gmt":"2024-10-20T13:11:21","guid":{"rendered":"https:\/\/casinovape.de\/?page_id=1068"},"modified":"2024-11-03T10:20:37","modified_gmt":"2024-11-03T10:20:37","slug":"cumparati-vape-premium-de-unica-folosinta-in-europa-cu-cod-qr-sepa-la-casinovape","status":"publish","type":"page","link":"https:\/\/casinovape.de\/ro\/cumparati-vape-premium-de-unica-folosinta-in-europa-cu-cod-qr-sepa-la-casinovape\/","title":{"rendered":"Cump\u0103ra\u021bi Vape-uri de Unic\u0103 Folosin\u021b\u0103 Premium \u00een Europa cu Cod QR SEPA la CasinoVape"},"content":{"rendered":"<p>Bun venit la <strong>CasinoVape<\/strong> - destina\u021bia dvs. pentru vape-uri de unic\u0103 folosin\u021b\u0103 de \u00eenalt\u0103 calitate din Germania.  oferim cu m\u00e2ndrie o selec\u021bie premium de \u021big\u0103ri electronice de unic\u0103 folosin\u021b\u0103 de la m\u0103rci de top precum <strong>Al Fakher, Fizzy, OBEELAB HHC, \u0219i SMPO DL02<\/strong>Cu op\u021biuni de plat\u0103 u\u0219oare, inclusiv confortul de <strong>Codul QR SEPA<\/strong>CasinoVape faciliteaz\u0103 cump\u0103r\u0103turile cu \u00eencredere.<\/p>\n<h3>Ce este plata SEPA prin cod QR?<\/h3>\n<p>Sistemul de pl\u0103\u021bi cu cod QR SEPA (Single Euro Payments Area) este utilizat pe scar\u0103 larg\u0103 \u00een Europa, oferind o metod\u0103 sigur\u0103 \u0219i rapid\u0103 de a efectua pl\u0103\u021bi direct din contul bancar. Acest proces elimin\u0103 introducerea manual\u0103, reduce erorile \u0219i accelereaz\u0103 experien\u021ba de checkout prin scanarea unui cod QR direct din aplica\u021bia bancar\u0103. Codul QR SEPA transfer\u0103 instantaneu detaliile de plat\u0103 (cum ar fi IBAN \u0219i suma) asigur\u00e2nd un checkout rapid \u0219i f\u0103r\u0103 probleme.<\/p>\n<h3>Cum s\u0103 cump\u0103ra\u021bi vape-uri de unic\u0103 folosin\u021b\u0103 cu cod QR SEPA la CasinoVape<\/h3>\n<ol>\n<li><strong>R\u0103sfoi\u021bi \u0219i Selecta\u021bi Produsele Dvs.<\/strong><br \/>\nExplora\u021bi colec\u021bia noastr\u0103 de vape-uri de unic\u0103 folosin\u021b\u0103 de \u00eenalt\u0103 calitate de la m\u0103rci de top. Selecta\u021bi aromele \u0219i produsele pe care le prefera\u021bi \u0219i ad\u0103uga\u021bi-le la co\u0219ul dumneavoastr\u0103.<\/li>\n<li><strong>Merge\u021bi la Checkout<\/strong><br \/>\nC\u00e2nd e\u0219ti gata, continu\u0103 la checkout \u0219i selecteaz\u0103 <strong>Codul QR SEPA<\/strong> ca op\u021biune de plat\u0103.<\/li>\n<li><strong>Deschide\u021bi aplica\u021bia bancar\u0103<\/strong><br \/>\nDeschide\u021bi aplica\u021bia bancar\u0103 \u0219i conecta\u021bi-v\u0103 la contul dumneavoastr\u0103. Asigura\u021bi-v\u0103 c\u0103 verifica\u021bi dac\u0103 banca dumneavoastr\u0103 suport\u0103 pl\u0103\u021bi SEPA prin cod QR.<\/li>\n<li><strong>Scana\u021bi codul QR<\/strong><br \/>\nUtiliza\u021bi scannerul de coduri QR al aplica\u021biei dvs. pentru a scana codul QR SEPA oferit la checkout. Acest lucru va completa automat detaliile de plat\u0103, inclusiv IBAN \u0219i suma datorat\u0103.<\/li>\n<li><strong>Confirma\u021bi plata<\/strong><br \/>\nVerifica\u021bi \u0219i confirma\u021bi detaliile de plat\u0103 \u00een aplica\u021bia bancar\u0103. Urma\u021bi procedurile de securitate ale b\u0103ncii dvs. pentru a autentifica \u0219i finaliza tranzac\u021bia.<\/li>\n<li><strong>Primi\u021bi confirmarea<\/strong><br \/>\nOdat\u0103 ce plata dvs. este efectuat\u0103 cu succes, ve\u0163i primi o confirmare prin e-mail de la noi. Comanda dvs. va fi procesat\u0103 prompt \u015fi expediat\u0103 din depozitul nostru european, livrarea put\u00e2nd dura \u00een mod obi\u015fnuit \u00eentre 3-7 zile.<\/li>\n<\/ol>\n<h3>De ce s\u0103 alege\u021bi codul QR SEPA la CasinoVape?<\/h3>\n<ul>\n<li><strong>Eficien\u021b\u0103<\/strong>Economisi\u021bi timp evit\u00e2nd introducerea manual\u0103 - scana\u021bi, confirma\u021bi \u0219i pl\u0103ti\u021bi.<\/li>\n<li><strong>Securitate<\/strong>Codurile QR sunt criptate, asigur\u00e2nd o tranzac\u021bie sigur\u0103 \u0219i direct\u0103 \u00eentre b\u0103nci.<\/li>\n<li><strong>Comoditate<\/strong>: Pl\u0103\u021bi rapide \u0219i u\u0219oare procesate \u00een cadrul re\u021belei SEPA.<\/li>\n<li><strong>Larg Acceptat<\/strong>: Majoritatea b\u0103ncilor europene importante suport\u0103 pl\u0103\u021bi SEPA cu cod QR.<\/li>\n<\/ul>\n<h3>De ce CasinoVape?<\/h3>\n<p>La CasinoVape, ve\u021bi g\u0103si vape-uri de unic\u0103 folosin\u021b\u0103 de \u00eenalt\u0103 calitate la pre\u021buri competitive, cu caracteristici convenabile concepute pentru a face experien\u021ba dvs. de cump\u0103r\u0103turi u\u0219oar\u0103 \u0219i pl\u0103cut\u0103:<\/p>\n<ul>\n<li><strong>Pre\u021buri Competitive<\/strong>: Ob\u021bine\u021bi cea mai bun\u0103 valoare la m\u0103rci de top precum Al Fakher, Fizzy, OBEELAB HHC \u0219i SMPO DL02.<\/li>\n<li><strong>F\u0103r\u0103 comand\u0103 minim\u0103<\/strong>: Comanda\u021bi cel pu\u021bin 1 vape sau at\u00e2tea c\u00e2te dori\u021bi, cu reduceri de volum pentru achizi\u021bii mai mari.<\/li>\n<li><strong>Op\u021biuni de Livrare Gratuit\u0103<\/strong>: Bucura\u021bi-v\u0103 de livrare gratuit\u0103 \u00een Germania pentru comenzile peste 49,99 \u20ac \u0219i \u00een toat\u0103 UE pentru comenzile peste 99,99 \u20ac.<\/li>\n<li><strong>Livrare Rapid\u0103 \u00een Toat\u0103 UE<\/strong>: Cu produsele noastre expediate din depozitele europene, vei primi comanda \u00een termen de 3-7 zile.<\/li>\n<li><strong>Op\u021biuni de plat\u0103 flexibile<\/strong>: Alege\u021bi dintre pl\u0103\u021bi prin PayPal, card de credit \u0219i criptomonede sau finaliza\u021bi tranzac\u021bia cu un transfer bancar SEPA.<\/li>\n<\/ul>\n<h3>Gata de comand\u0103?<\/h3>\n<p>R\u0103sfoi\u021bi colec\u021bia noastr\u0103, g\u0103si\u021bi aromele dvs. preferate de vape \u0219i experimenta\u021bi u\u0219urin\u021ba \u0219i comoditatea de a cump\u0103ra de la CasinoVape. Pentru orice \u00eentreb\u0103ri sau asisten\u021b\u0103, contacta\u021bi echipa noastr\u0103 la <strong><a rel=\"noopener\">info@casinovape.de<\/a><\/strong>.<\/p>","protected":false},"excerpt":{"rendered":"<p>Bun venit la CasinoVape \u2013 destina\u021bia dvs. pentru vape-uri de unic\u0103 folosin\u021b\u0103 de \u00eenalt\u0103 calitate din Germania. Noi oferim cu m\u00e2ndrie o selec\u021bie premium de \u021big\u0103ri electronice de unic\u0103 folosin\u021b\u0103 de la m\u0103rci de top precum Al Fakher, Fizzy, OBEELAB HHC \u0219i SMPO DL02. Cu op\u021biuni de plat\u0103 u\u0219oare, inclusiv comoditatea Codului QR SEPA, CasinoVape face u\u0219or s\u0103 cump\u0103ra\u021bi cu \u00eencredere. Ce este SEPA [\u2026]","protected":false},"author":1,"featured_media":0,"parent":0,"menu_order":0,"comment_status":"closed","ping_status":"closed","template":"page-blank-title-center.php","meta":{"footnotes":""},"class_list":["post-1068","page","type-page","status-publish","hentry"],"jetpack_sharing_enabled":true,"_links":{"self":[{"href":"https:\/\/casinovape.de\/ro\/wp-json\/wp\/v2\/pages\/1068","targetHints":{"allow":["GET"]}}],"collection":[{"href":"https:\/\/casinovape.de\/ro\/wp-json\/wp\/v2\/pages"}],"about":[{"href":"https:\/\/casinovape.de\/ro\/wp-json\/wp\/v2\/types\/page"}],"author":[{"embeddable":true,"href":"https:\/\/casinovape.de\/ro\/wp-json\/wp\/v2\/users\/1"}],"replies":[{"embeddable":true,"href":"https:\/\/casinovape.de\/ro\/wp-json\/wp\/v2\/comments?post=1068"}],"version-history":[{"count":0,"href":"https:\/\/casinovape.de\/ro\/wp-json\/wp\/v2\/pages\/1068\/revisions"}],"wp:attachment":[{"href":"https:\/\/casinovape.de\/ro\/wp-json\/wp\/v2\/media?parent=1068"}],"curies":[{"name":"wp","href":"https:\/\/api.w.org\/{rel}","templated":true}]}}