{"id":1063,"date":"2024-10-20T12:56:44","date_gmt":"2024-10-20T12:56:44","guid":{"rendered":"https:\/\/casinovape.de\/?page_id=1063"},"modified":"2024-11-03T10:10:19","modified_gmt":"2024-11-03T10:10:19","slug":"cumparati-vape-premium-de-unica-folosinta-in-europa-cu-paypal-la-casinovape","status":"publish","type":"page","link":"https:\/\/casinovape.de\/ro\/cumparati-vape-premium-de-unica-folosinta-in-europa-cu-paypal-la-casinovape\/","title":{"rendered":"Cump\u0103ra\u021bi Vape-uri de Unic\u0103 Folosin\u021b\u0103 Premium \u00een Europa cu PayPal la CasinoVape"},"content":{"rendered":"<p>La CasinoVape, \u0219tim c\u0103 comoditatea \u0219i securitatea sunt principalele priorit\u0103\u021bi atunci c\u00e2nd vine vorba de cump\u0103rarea de produse vape. Acesta este motivul pentru care oferim cu m\u00e2ndrie PayPal ca metod\u0103 de plat\u0103, f\u0103c\u00e2ndu-ne unul dintre pu\u021binii comercian\u021bi online de vape din Germania care ofer\u0103 aceast\u0103 op\u021biune de \u00eencredere \u0219i f\u0103r\u0103 \u00eentreruperi. Indiferent dac\u0103 cump\u0103ra\u021bi vape de unic\u0103 folosin\u021b\u0103 pentru utilizare personal\u0103 sau v\u0103 aprovizioneaz\u0103, PayPal asigur\u0103 o experien\u021b\u0103 de checkout rapid\u0103 \u0219i sigur\u0103, adaptat\u0103 nevoilor dvs.<\/p>\n<h3>De ce CasinoVape folose\u0219te PayPal pentru achizi\u021biile de vape de unic\u0103 folosin\u021b\u0103<\/h3>\n<p>Industria vape\u0103rii se confrunt\u0103 cu provoc\u0103ri regulamentare unice, \u00een special \u00een ceea ce prive\u0219te pl\u0103\u021bile online. Mul\u021bi furnizori de pl\u0103\u021bi categorizeaz\u0103 produsele vape similar cu tutunul, limit\u00e2nd accesul comercian\u021bilor la op\u021biuni de \u00eencredere precum PayPal. La CasinoVape, am navigat cu succes aceste provoc\u0103ri, asigur\u00e2nd aprobarea pentru a procesa tranzac\u021bii legate de vape cu PayPal. Acest lucru \u00eenseamn\u0103 c\u0103 pute\u021bi cump\u0103ra vaporizatoare de unic\u0103 folosin\u021b\u0103 de \u00eenalt\u0103 calitate \u00een mod confident, \u0219tiind c\u0103 plata dvs. va fi gestionat\u0103 f\u0103r\u0103 probleme.<\/p>\n<h3>De ce s\u0103 alege\u021bi PayPal pentru comenzile dvs. de la CasinoVape?<\/h3>\n<p>Cu PayPal, v\u0103 oferim o solu\u021bie de plat\u0103 eficient\u0103 \u0219i sigur\u0103 care simplific\u0103 fiecare tranzac\u021bie. Iat\u0103 c\u00e2teva beneficii ale alegerii PayPal atunci c\u00e2nd cump\u0103ra\u021bi vape-uri de unic\u0103 folosin\u021b\u0103 de la noi:<\/p>\n<ul>\n<li><strong>Securitate Avansat\u0103 &amp; Protec\u021bie Cump\u0103r\u0103tor<\/strong>PayPal ofer\u0103 securitate robust\u0103 \u0219i protec\u021bie pentru cump\u0103r\u0103tor, oferindu-v\u0103 lini\u0219te sufleteasc\u0103 la fiecare achizi\u021bie.<\/li>\n<li><strong>Simplitate<\/strong>: S\u0103ri\u021bi peste reintroducerea detaliilor cardului pentru fiecare achizi\u021bie. Doar conecta\u021bi-v\u0103 \u0219i finaliza\u021bi comanda \u00een c\u00e2teva secunde.<\/li>\n<li><strong>Experien\u021b\u0103 de Checkout F\u0103r\u0103 Cus\u0103turi<\/strong>: CasinoVape a integrat complet PayPal \u00een procesul nostru de checkout, asigur\u00e2nd o tranzac\u021bie lin\u0103 \u0219i f\u0103r\u0103 probleme.<\/li>\n<\/ul>\n<h3>Explora\u021bi M\u0103rci de Vape de Unic\u0103 Folosin\u021b\u0103 de Top la CasinoVape<\/h3>\n<p>Ne angaj\u0103m s\u0103 v\u0103 oferim numai cele mai bune vape-uri de unic\u0103 folosin\u021b\u0103 de pe pia\u021b\u0103, prezent\u00e2nd m\u0103rci renumite precum:<\/p>\n<ul>\n<li><strong>Al Fakher<\/strong><\/li>\n<li><strong>Fizzy<\/strong><\/li>\n<li><strong>OBEELAB HHC<\/strong><\/li>\n<li><strong>SMPO DL02<\/strong><\/li>\n<\/ul>\n<p>Indiferent dac\u0103 sunte\u021bi un utilizator ocazional sau dori\u021bi s\u0103 cump\u0103ra\u021bi \u00een cantit\u0103\u021bi mari, gama noastr\u0103 include produse populare de \u00eenalt\u0103 calitate disponibile \u00een toat\u0103 UE, cu livrare direct\u0103 din depozitele noastre europene.<\/p>\n<h3>Informa\u021bii Importante pentru Utilizatorii PayPal<\/h3>\n<p>\u00cen timp ce PayPal este o op\u021biune excelent\u0103, exist\u0103 c\u00e2teva aspecte de luat \u00een considerare atunci c\u00e2nd efectua\u021bi plata:<\/p>\n<ul>\n<li><strong>Limita de comand\u0103<\/strong>Comenzile prin PayPal sunt limitate la 200 \u20ac din cauza anumitor cerin\u021be de reglementare.<\/li>\n<li><strong>Notificare privind TVA<\/strong>Pentru pl\u0103\u021bi PayPal, se poate aplica o TVA suplimentar\u0103 de 20%, ceea ce ar putea influen\u021ba decizia dvs. de cump\u0103rare.<\/li>\n<\/ul>\n<h3>Op\u021biuni alternative de plat\u0103 pentru comenzi mai mari<\/h3>\n<p>Dac\u0103 plasa\u021bi o comand\u0103 mai mare sau dori\u021bi s\u0103 evita\u021bi taxele TVA, v\u0103 recomand\u0103m s\u0103 explora\u021bi metodele noastre alternative de plat\u0103. Printre acestea se num\u0103r\u0103 transferurile bancare SEPA \u00een Europa \u0219i op\u021biunile de criptomonede, oferind o mai mare flexibilitate pentru comenzile \u00een vrac sau achizi\u021biile interna\u021bionale.<\/p>\n<h3>Cump\u0103ra\u021bi cu \u00eencredere la CasinoVape<\/h3>\n<p>CasinoVape este dedicat s\u0103 v\u0103 ofere op\u021biuni de plat\u0103 flexibile, transparen\u021b\u0103 \u0219i o experien\u021b\u0103 de cump\u0103r\u0103turi f\u0103r\u0103 probleme. Fie c\u0103 sunte\u021bi un singur client sau un rev\u00e2nz\u0103tor, selec\u021bia noastr\u0103 de vape-uri de unic\u0103 folosin\u021b\u0103 premium \u0219i fiabilitatea PayPal fac din CasinoVape destina\u021bia dvs. de baz\u0103 pentru produse de \u00eenalt\u0103 calitate pentru vapare.<\/p>\n<p>Vizita\u021bi CasinoVape ast\u0103zi \u0219i bucura\u021bi-v\u0103 de pl\u0103\u021bi sigure \u0219i rapide cu PayPal sau selecta\u021bi una dintre celelalte metode de plat\u0103 pentru o convenien\u021b\u0103 suplimentar\u0103.<\/p>","protected":false},"excerpt":{"rendered":"<p>La CasinoVape, \u0219tim c\u0103 comoditatea \u0219i securitatea sunt principalele priorit\u0103\u021bi atunci c\u00e2nd vine vorba de cump\u0103rarea de produse vape. Acesta este motivul pentru care oferim cu m\u00e2ndrie PayPal ca metod\u0103 de plat\u0103, f\u0103c\u00e2ndu-ne unul dintre pu\u021binii comercian\u021bi cu am\u0103nuntul online de vape din Germania care ofer\u0103 aceast\u0103 op\u021biune de \u00eencredere \u0219i f\u0103r\u0103 \u00eentreruperi. Indiferent dac\u0103 cump\u0103ra\u021bi vape de unic\u0103 folosin\u021b\u0103 pentru utilizare personal\u0103 sau v\u0103 aprovizioneaz\u0103 [\u2026]","protected":false},"author":1,"featured_media":0,"parent":0,"menu_order":0,"comment_status":"closed","ping_status":"closed","template":"page-blank-title-center.php","meta":{"footnotes":""},"class_list":["post-1063","page","type-page","status-publish","hentry"],"jetpack_sharing_enabled":true,"_links":{"self":[{"href":"https:\/\/casinovape.de\/ro\/wp-json\/wp\/v2\/pages\/1063","targetHints":{"allow":["GET"]}}],"collection":[{"href":"https:\/\/casinovape.de\/ro\/wp-json\/wp\/v2\/pages"}],"about":[{"href":"https:\/\/casinovape.de\/ro\/wp-json\/wp\/v2\/types\/page"}],"author":[{"embeddable":true,"href":"https:\/\/casinovape.de\/ro\/wp-json\/wp\/v2\/users\/1"}],"replies":[{"embeddable":true,"href":"https:\/\/casinovape.de\/ro\/wp-json\/wp\/v2\/comments?post=1063"}],"version-history":[{"count":0,"href":"https:\/\/casinovape.de\/ro\/wp-json\/wp\/v2\/pages\/1063\/revisions"}],"wp:attachment":[{"href":"https:\/\/casinovape.de\/ro\/wp-json\/wp\/v2\/media?parent=1063"}],"curies":[{"name":"wp","href":"https:\/\/api.w.org\/{rel}","templated":true}]}}