{"id":1034,"date":"2024-10-20T09:33:26","date_gmt":"2024-10-20T09:33:26","guid":{"rendered":"https:\/\/casinovape.de\/?page_id=1034"},"modified":"2024-11-03T09:44:59","modified_gmt":"2024-11-03T09:44:59","slug":"oferte-de-cupoane-casinovape","status":"publish","type":"page","link":"https:\/\/casinovape.de\/ro\/oferte-de-cupoane-casinovape\/","title":{"rendered":"Cupoane \u0219i Oferte CasinoVape"},"content":{"rendered":"<section class=\"section\" id=\"section_1599669177\">\n\t\t<div class=\"section-bg fill\" >\n\t\t\t\t\t\t\t\t\t\n\t\t\t\n\n\t\t<\/div>\n\n\t\t\n\n\t\t<div class=\"section-content relative\">\n\t\t\t\n<div class=\"row row-small\"  id=\"row-894200599\">\n\n\t<div id=\"col-2068152029\" class=\"col medium-12 small-12 large-6\"  >\n\t\t\t\t<div class=\"col-inner\"  >\n\t\t\t\n\t\t\t\n<h2><strong>Vaporizator de unic\u0103 folosin\u021b\u0103 <\/strong><strong>Cupoane \u0219i Oferte \u2013 CasinoVape<\/strong><\/h2>\n<p>Bun venit la CasinoVape, magazinul dvs. online premium pentru \u021big\u0103ri electronice de unic\u0103 folosin\u021b\u0103 de \u00eenalt\u0103 calitate, care deserve\u0219te cu m\u00e2ndrie pia\u021ba UE. V\u0103 aducem o selec\u021bie impresionant\u0103 a m\u0103rcilor de vape cele mai c\u0103utate, cum ar fi Al Fakher, Fizzy, OBEELAB HHC \u0219i SMPO DL02. Conceput pentru a oferi o experien\u021b\u0103 de vapare f\u0103r\u0103 \u00eentreruperi, CasinoVape este angajat s\u0103 ofere servicii excelente clien\u021bilor \u0219i oferte interesante adaptate special pentru dvs.<\/p>\n<h3>Oferte curente:<\/h3>\n<ul>\n<li><strong>Livrare gratuit\u0103<\/strong>: Bucura\u021bi-v\u0103 de livrare gratuit\u0103 \u00een toat\u0103 Germania pentru comenzile peste 49,99 \u20ac! Expediem rapid din depozitele noastre europene, cu livrare \u00een termen de 3-7 zile lucr\u0103toare.<\/li>\n<li><strong>Promo\u021bii Speciale<\/strong>Nu rata\u021bi ofertele noastre cu durat\u0103 limitat\u0103 \u0219i promo\u021biile exclusive, actualizate \u00een mod regulat. Asigura\u021bi-v\u0103 c\u0103 verifica\u021bi din nou des pentru a descoperi oferte speciale la vapoarele dvs. preferate.<\/li>\n<\/ul>\n<h3>Op\u021biuni de plat\u0103 flexibile<\/h3>\n<p>Oferim op\u021biuni de plat\u0103 sigure \u0219i versatile, inclusiv PayPal, carduri de credit \u0219i transferuri bancare SEPA pentru clien\u021bii din toat\u0103 Europa. \u00cen plus, accept\u0103m pl\u0103\u021bi \u00een criptomonede pentru o mai mare comoditate.<\/p>\n<h3>De ce s\u0103 cump\u0103ra\u021bi de la CasinoVape?<\/h3>\n<ul>\n<li><strong>Calitate Premium<\/strong>: E-\u021big\u0103rile noastre de unic\u0103 folosin\u021b\u0103 sunt atent selec\u021bionate pentru a oferi o experien\u021b\u0103 de vaporizare superioar\u0103, cu o gam\u0103 de arome rafinate.<\/li>\n<li><strong>Livrare Rapid\u0103<\/strong>: Cu livrarea din depozitele noastre din UE, comanda dvs. va ajunge \u00een doar c\u00e2teva zile.<\/li>\n<li><strong>Satisfac\u021bia clien\u021bilor<\/strong>Echipa noastr\u0103 dedicat\u0103 de asisten\u021b\u0103 este aici pentru tine, acord\u00e2nd prioritate satisfac\u021biei tale \u00een fiecare etap\u0103.<\/li>\n<\/ul>\n<h3>Contacta\u021bi-ne:<\/h3>\n<p>Ave\u021bi \u00eentreb\u0103ri sau dori\u021bi s\u0103 oferi\u021bi feedback? Lua\u021bi leg\u0103tura cu noi \u00een orice moment la:<br \/>\n<strong>Email<\/strong>: <a rel=\"noopener\">info@casinovape.de<\/a><\/p>\n<p>R\u0103m\u00e2ne\u021bi la curent cu ultimele oferte de la CasinoVape \u0219i asigura\u021bi-v\u0103 reduceri exclusive la comenzile mai mari, f\u0103c\u00e2nd mai u\u0219or ca niciodat\u0103 s\u0103 v\u0103 bucura\u021bi de \u021big\u0103ri electronice de unic\u0103 folosin\u021b\u0103 de \u00eenalt\u0103 calitate la pre\u021buri atractive.<\/p>\n<a href=\"\/ro\/magazin\/\" class=\"button primary\"  >\n\t\t<span>Comanda\u021bi Acum!<\/span>\n\t<\/a>\n\n\t\t<\/div>\n\t\t\t\t\t<\/div>\n\n\t\n\n\t<div id=\"col-1265695988\" class=\"col medium-12 small-12 large-6\"  >\n\t\t\t\t<div class=\"col-inner\"  >\n\t\t\t\n\t\t\t\n\n\t\t<div class=\"icon-box featured-box icon-box-left text-left\"  >\n\t\t\t\t<div class=\"icon-box-text last-reset\">\n\t\t\t\t\t\t\t\t\t\n<h2><strong>Secure a 1% Discount \nAsigur\u0103 o reducere de 1%<\/strong><\/h2>\n<h4>Ia un <strong>1% reducere<\/strong> la comenzile peste <strong>\u20ac100<\/strong> sau <strong>$100<\/strong>.<\/h4>\n<p><strong>Valabil p\u00e2n\u0103 la<\/strong>: 12\/31\/2024<\/p>\n<a class=\"button primary\"  >\n\t\t<span>Coupon: casino1<\/span>\n\t<\/a>\n\n\t\t<\/div>\n\t<\/div>\n\t\n\t\n\t<div id=\"gap-900363127\" class=\"gap-element clearfix\" style=\"display:block; height:auto;\">\n\t\t\n<style>\n#gap-900363127 {\n  padding-top: 30px;\n}\n<\/style>\n\t<\/div>\n\t\n\n\t\t<div class=\"icon-box featured-box icon-box-left text-left\"  >\n\t\t\t\t<div class=\"icon-box-text last-reset\">\n\t\t\t\t\t\t\t\t\t\n<h2><strong>Secure a 2% Discount \n Nu necesit\u0103 traducere. \nSecure a 2% Discount<\/strong><\/h2>\n<h4>Ia un <strong>2% reducere<\/strong> la comenzile peste <strong>\u20ac250<\/strong> sau <strong>$250<\/strong>.<\/h4>\n<p><strong>Valabil p\u00e2n\u0103 la<\/strong>: 12\/31\/2024<\/p>\n<a class=\"button primary\"  >\n\t\t<span>Coupon: casino2<\/span>\n\t<\/a>\n\n\t\t<\/div>\n\t<\/div>\n\t\n\t\n\t<div id=\"gap-1800691332\" class=\"gap-element clearfix\" style=\"display:block; height:auto;\">\n\t\t\n<style>\n#gap-1800691332 {\n  padding-top: 30px;\n}\n<\/style>\n\t<\/div>\n\t\n\n\t\t<div class=\"icon-box featured-box icon-box-left text-left\"  >\n\t\t\t\t<div class=\"icon-box-text last-reset\">\n\t\t\t\t\t\t\t\t\t\n<h2><strong>Secure a 3% Discount \nSecureaz\u0103 o reducere 3%<\/strong><\/h2>\n<h4>Ia un <strong>3% reducere<\/strong> la comenzile peste <strong>\u20ac500<\/strong> sau <strong>$500<\/strong>.<\/h4>\n<p><strong>Valabil p\u00e2n\u0103 la<\/strong>: 12\/31\/2024<\/p>\n<a class=\"button primary\"  >\n\t\t<span>Coupon: casino3<\/span>\n\t<\/a>\n\n\t\t<\/div>\n\t<\/div>\n\t\n\t\n\t\t<\/div>\n\t\t\t\t\t<\/div>\n\n\t\n<\/div>\n<div class=\"row\"  id=\"row-635953306\">\n\n\t<div id=\"col-1647600551\" class=\"col small-12 large-12\"  >\n\t\t\t\t<div class=\"col-inner\"  >\n\t\t\t\n\t\t\t\n\t<div class=\"img has-hover x md-x lg-x y md-y lg-y\" id=\"image_652646243\">\n\t\t\t\t\t\t\t\t<div class=\"img-inner dark\" >\n\t\t\t\t\t\t\t\t\t\n\t\t\t\t\t<\/div>\n\t\t\t\t\t\t\t\t\n<style>\n#image_652646243 {\n  width: 100%;\n}\n<\/style>\n\t<\/div>\n\t\n\t\t<\/div>\n\t\t\t\t\t<\/div>\n\n\t\n<\/div>\n\t\t<\/div>\n\n\t\t\n<style>\n#section_1599669177 {\n  padding-top: 0px;\n  padding-bottom: 0px;\n}\n@media (min-width:550px) {\n  #section_1599669177 {\n    padding-top: 30px;\n    padding-bottom: 30px;\n  }\n}\n<\/style>\n\t<\/section>","protected":false},"excerpt":{"rendered":"","protected":false},"author":1,"featured_media":0,"parent":0,"menu_order":0,"comment_status":"closed","ping_status":"closed","template":"page-blank-title-center.php","meta":{"footnotes":""},"class_list":["post-1034","page","type-page","status-publish","hentry"],"jetpack_sharing_enabled":true,"_links":{"self":[{"href":"https:\/\/casinovape.de\/ro\/wp-json\/wp\/v2\/pages\/1034","targetHints":{"allow":["GET"]}}],"collection":[{"href":"https:\/\/casinovape.de\/ro\/wp-json\/wp\/v2\/pages"}],"about":[{"href":"https:\/\/casinovape.de\/ro\/wp-json\/wp\/v2\/types\/page"}],"author":[{"embeddable":true,"href":"https:\/\/casinovape.de\/ro\/wp-json\/wp\/v2\/users\/1"}],"replies":[{"embeddable":true,"href":"https:\/\/casinovape.de\/ro\/wp-json\/wp\/v2\/comments?post=1034"}],"version-history":[{"count":0,"href":"https:\/\/casinovape.de\/ro\/wp-json\/wp\/v2\/pages\/1034\/revisions"}],"wp:attachment":[{"href":"https:\/\/casinovape.de\/ro\/wp-json\/wp\/v2\/media?parent=1034"}],"curies":[{"name":"wp","href":"https:\/\/api.w.org\/{rel}","templated":true}]}}