{"id":1027,"date":"2024-10-20T09:27:32","date_gmt":"2024-10-20T09:27:32","guid":{"rendered":"https:\/\/casinovape.de\/?page_id=1027"},"modified":"2024-11-03T10:00:46","modified_gmt":"2024-11-03T10:00:46","slug":"metode-de-plata-casinovape","status":"publish","type":"page","link":"https:\/\/casinovape.de\/ro\/metode-de-plata-casinovape\/","title":{"rendered":"Metode de Plat\u0103 CasinoVape"},"content":{"rendered":"<p>La CasinoVape, prioritiz\u0103m oferirea unei experien\u021be de cump\u0103r\u0103turi f\u0103r\u0103 \u00eentreruperi \u0219i securizate. Scopul nostru este s\u0103 v\u0103 oferim op\u021biuni de plat\u0103 convenabile \u0219i fiabile, astfel \u00eenc\u00e2t s\u0103 pute\u021bi cump\u0103ra cu u\u0219urin\u021b\u0103 vapoarele de unic\u0103 folosin\u021b\u0103 premium preferate.<\/p>\n<h3>Carduri de credit<\/h3>\n<p>Accept\u0103m toate cardurile de credit majore, oferindu-v\u0103 o metod\u0103 de plat\u0103 rapid\u0103 \u0219i simpl\u0103. Doar selecta\u021bi produsele, pl\u0103ti\u021bi cu cardul preferat \u0219i bucura\u021bi-v\u0103 de procesarea rapid\u0103 a comenzii pentru a primi articolele la timp.<\/p>\n<h3>PayPal<\/h3>\n<p>Pentru clien\u021bii care apreciaz\u0103 securitatea \u0219i u\u0219urin\u021ba, oferim PayPal ca op\u021biune de plat\u0103. PayPal asigur\u0103 c\u0103 pl\u0103\u021bile dvs. sunt securizate \u0219i ofer\u0103 protec\u021bie extins\u0103 pentru cump\u0103r\u0103tori, permi\u021b\u00e2ndu-v\u0103 s\u0103 face\u021bi cump\u0103r\u0103turi cu \u00eencredere \u0219i lini\u0219te sufleteasc\u0103.<\/p>\n<h3>Criptomoned\u0103<\/h3>\n<p>\u00cembr\u0103\u021bi\u0219eaz\u0103 beneficiile monedelor digitale! La CasinoVape, accept\u0103m criptomonede, oferindu-v\u0103 acces la o modalitate modern\u0103 \u0219i descentralizat\u0103 de plat\u0103. Bucura\u021bi-v\u0103 de mai mult\u0103 intimitate \u0219i flexibilitate atunci c\u00e2nd alege\u021bi aceast\u0103 op\u021biune.<\/p>\n<h3>Transfer Bancar SEPA<\/h3>\n<p>Pentru clien\u021bii no\u0219tri din cadrul Uniunii Europene, oferim transfer bancar SEPA, care permite efectuarea de pl\u0103\u021bi accesibile \u0219i directe \u00een \u00eentreaga Zon\u0103 Euro. Aceast\u0103 metod\u0103 este ideal\u0103 dac\u0103 prefera\u021bi tranzac\u021bii bancare cu comisioane de transfer mici.<\/p>\n<h3>Suport clien\u021bi<\/h3>\n<p>Dac\u0103 ave\u021bi \u00eentreb\u0103ri despre op\u021biunile noastre de plat\u0103 sau ave\u021bi nevoie de asisten\u021b\u0103 specific\u0103, echipa noastr\u0103 dedicat\u0103 de servicii clien\u021bi este aici pentru a ajuta. Nu ezita\u021bi s\u0103 ne contacta\u021bi prin e-mail la <a rel=\"noopener\">info@casinovape.de<\/a>\u0219i vom fi bucuro\u0219i s\u0103 v\u0103 asist\u0103m.<\/p>\n<p><strong>Expediere \u0219i Livrare<\/strong> Livr\u0103m de la depozitul nostru european, asigur\u00e2nd livrarea rapid\u0103 \u00een termen de 3-7 zile. \u00cen Germania, comenzile peste 49,99 \u20ac sunt expediate gratuit; pentru comenzile din UE, bucura\u021bi-v\u0103 de expediere gratuit\u0103 pentru achizi\u021bii peste 99,99 \u20ac.<\/p>\n<p>V\u0103 mul\u021bumim pentru alegerea CasinoVape. Ne propunem s\u0103 v\u0103 oferim o experien\u021b\u0103 de cump\u0103r\u0103turi premium!<\/p>","protected":false},"excerpt":{"rendered":"<p>La CasinoVape, prioritiz\u0103m oferirea unei experien\u021be de cump\u0103r\u0103turi f\u0103r\u0103 \u00eentreruperi \u0219i securizate. Scopul nostru este s\u0103 v\u0103 oferim op\u021biuni de plat\u0103 convenabile \u0219i fiabile, astfel \u00eenc\u00e2t s\u0103 pute\u021bi cump\u0103ra cu u\u0219urin\u021b\u0103 vape-urile dvs. preferate de unic\u0103 folosin\u021b\u0103 premium. Carduri de credit Accept\u0103m toate cardurile de credit majore, oferindu-v\u0103 o metod\u0103 de plat\u0103 rapid\u0103 \u0219i simpl\u0103. Doar selecta\u021bi produsele, pl\u0103ti\u021bi [\u2026]","protected":false},"author":1,"featured_media":0,"parent":0,"menu_order":0,"comment_status":"closed","ping_status":"closed","template":"page-blank-title-center.php","meta":{"footnotes":""},"class_list":["post-1027","page","type-page","status-publish","hentry"],"jetpack_sharing_enabled":true,"_links":{"self":[{"href":"https:\/\/casinovape.de\/ro\/wp-json\/wp\/v2\/pages\/1027","targetHints":{"allow":["GET"]}}],"collection":[{"href":"https:\/\/casinovape.de\/ro\/wp-json\/wp\/v2\/pages"}],"about":[{"href":"https:\/\/casinovape.de\/ro\/wp-json\/wp\/v2\/types\/page"}],"author":[{"embeddable":true,"href":"https:\/\/casinovape.de\/ro\/wp-json\/wp\/v2\/users\/1"}],"replies":[{"embeddable":true,"href":"https:\/\/casinovape.de\/ro\/wp-json\/wp\/v2\/comments?post=1027"}],"version-history":[{"count":0,"href":"https:\/\/casinovape.de\/ro\/wp-json\/wp\/v2\/pages\/1027\/revisions"}],"wp:attachment":[{"href":"https:\/\/casinovape.de\/ro\/wp-json\/wp\/v2\/media?parent=1027"}],"curies":[{"name":"wp","href":"https:\/\/api.w.org\/{rel}","templated":true}]}}