{"id":1011,"date":"2024-10-20T08:15:20","date_gmt":"2024-10-20T08:15:20","guid":{"rendered":"https:\/\/casinovape.de\/?page_id=1011"},"modified":"2024-11-03T09:14:40","modified_gmt":"2024-11-03T09:14:40","slug":"despre-casinovape","status":"publish","type":"page","link":"https:\/\/casinovape.de\/ro\/despre-casinovape\/","title":{"rendered":"Despre CasinoVape"},"content":{"rendered":"<p>Bun venit la CasinoVape, destina\u021bia dvs. principal\u0103 pentru \u021big\u0103ri electronice de unic\u0103 folosin\u021b\u0103 \u00een Germania. Suntem dedica\u021bi s\u0103 v\u0103 oferim o selec\u021bie curatoriat\u0103 de \u021big\u0103ri electronice de unic\u0103 folosin\u021b\u0103 de \u00eenalt\u0103 calitate \u0219i aromate, care nu numai c\u0103 corespund a\u0219tept\u0103rilor dvs., ci \u0219i \u00eembun\u0103t\u0103\u021besc experien\u021ba dvs. de vapare. Cu o gam\u0103 extins\u0103 de arome de la m\u0103rci renumite precum Al Fakher, Fizzy, OBEELAB HHC \u0219i SMPO DL02, garant\u0103m calitate \u0219i satisfac\u021bie la fiecare puf.<\/p>\n<h2>Viziunea Noastr\u0103<\/h2>\n<p>La CasinoVape, ambi\u021bia noastr\u0103 este s\u0103 devenim principalul centru pentru vaperi din toat\u0103 Europa. Ne concentr\u0103m pe asigurarea c\u0103 fiecare client are acces u\u0219or la cele mai bune vape-uri de unic\u0103 folosin\u021b\u0103 disponibile. Nu suntem doar un alt retailer; suntem partenerul dvs. de \u00eencredere pentru a ob\u021bine o experien\u021b\u0103 excep\u021bional\u0103 de vaping.<\/p>\n<h2>De ce s\u0103 alegi CasinoVape?<\/h2>\n<p>\u00centr-o pia\u021b\u0103 \u00een rapid\u0103 expansiune, ne distingem prin angajamentul nostru fa\u021b\u0103 de calitate, valoare \u0219i fiabilitate. Toate produsele noastre respect\u0103 cele mai \u00eenalte standarde europene, garant\u00e2nd siguran\u021ba \u0219i conformitatea. Prioritiz\u0103m satisfac\u021bia clien\u021bilor \u0219i oferim livrare rapid\u0103 din depozitele noastre europene, astfel \u00eenc\u00e2t comanda dvs. s\u0103 ajung\u0103 la u\u0219a dvs. \u00een termen de 3-7 zile.<\/p>\n<h3>Gama noastr\u0103 de produse<\/h3>\n<p>Asortimentul nostru prezint\u0103 dispozitive de e-\u021big\u0103ri de unic\u0103 folosin\u021b\u0103, atent selec\u021bionate, cunoscute pentru performan\u021ba lor excep\u021bional\u0103 \u0219i varietate. Indiferent dac\u0103 c\u0103uta\u021bi arome populare sau op\u021biuni noi \u0219i incitante, ve\u021bi g\u0103si \u00eentotdeauna alegerea perfect\u0103 la CasinoVape.<\/p>\n<p><img loading=\"lazy\" decoding=\"async\" class=\"alignnone wp-image-1017 size-full\" src=\"https:\/\/casinovape.de\/wp-content\/uploads\/2024\/10\/FIZZY-banner-2.webp\" alt=\"\" width=\"2560\" height=\"1440\" srcset=\"https:\/\/casinovape.de\/wp-content\/uploads\/2024\/10\/FIZZY-banner-2.webp 2560w, https:\/\/casinovape.de\/wp-content\/uploads\/2024\/10\/FIZZY-banner-2-300x169.webp 300w, https:\/\/casinovape.de\/wp-content\/uploads\/2024\/10\/FIZZY-banner-2-1024x576.webp 1024w, https:\/\/casinovape.de\/wp-content\/uploads\/2024\/10\/FIZZY-banner-2-768x432.webp 768w, https:\/\/casinovape.de\/wp-content\/uploads\/2024\/10\/FIZZY-banner-2-1536x864.webp 1536w, https:\/\/casinovape.de\/wp-content\/uploads\/2024\/10\/FIZZY-banner-2-2048x1152.webp 2048w, https:\/\/casinovape.de\/wp-content\/uploads\/2024\/10\/FIZZY-banner-2-600x338.webp 600w\" sizes=\"auto, (max-width: 2560px) 100vw, 2560px\" \/><\/p>\n<h3>Comand\u0103 \u0219i Plat\u0103 Simpl\u0103<\/h3>\n<p>Oferim metode de plat\u0103 flexibile, inclusiv PayPal, carduri de credit \u0219i chiar criptomonede. Pute\u021bi comanda \u00eencep\u00e2nd cu o singur\u0103 bucat\u0103, permi\u021b\u00e2ndu-v\u0103 s\u0103 cump\u0103ra\u021bi \u00een func\u021bie de nevoile \u0219i preferin\u021bele dvs.<\/p>\n<h3>Contacta\u021bi-ne<\/h3>\n<p>Pentru orice \u00eentreb\u0103ri sau asisten\u021b\u0103, echipa noastr\u0103 este \u00eentotdeauna preg\u0103tit\u0103 s\u0103 v\u0103 ajute. Pur \u0219i simplu contacta\u021bi-ne la <a rel=\"noopener\">info@casinovape.de<\/a>.<\/p>\n<p>CasinoVape \u2013 Vapeaz\u0103 cu stil \u0219i descoper\u0103 cele mai bune \u021big\u0103ri electronice de unic\u0103 folosin\u021b\u0103 din Germania! Bucur\u0103-te de livrare gratuit\u0103 pentru comenzile peste 49,99 \u20ac \u00een Germania \u0219i peste 99,99 \u20ac \u00een UE.<\/p>\n<p>Experimenta\u021bi confortul \u0219i calitatea oferite de CasinoVape \u0219i ridica\u021bi-v\u0103 experien\u021ba de vaporizare ast\u0103zi!<\/p>","protected":false},"excerpt":{"rendered":"<p>Welcome to CasinoVape, your premier destination for disposable e-cigarettes in Germany. We are dedicated to providing you with a curated selection of high-quality, flavorful disposable vapes that not only meet your expectations but enhance your vaping experience. With an extensive range of flavors from renowned brands such as Al Fakher, Fizzy, OBEELAB HHC, and SMPO [&#8230;]","protected":false},"author":1,"featured_media":0,"parent":0,"menu_order":0,"comment_status":"closed","ping_status":"closed","template":"page-blank-title-center.php","meta":{"footnotes":""},"class_list":["post-1011","page","type-page","status-publish","hentry"],"jetpack_sharing_enabled":true,"_links":{"self":[{"href":"https:\/\/casinovape.de\/ro\/wp-json\/wp\/v2\/pages\/1011","targetHints":{"allow":["GET"]}}],"collection":[{"href":"https:\/\/casinovape.de\/ro\/wp-json\/wp\/v2\/pages"}],"about":[{"href":"https:\/\/casinovape.de\/ro\/wp-json\/wp\/v2\/types\/page"}],"author":[{"embeddable":true,"href":"https:\/\/casinovape.de\/ro\/wp-json\/wp\/v2\/users\/1"}],"replies":[{"embeddable":true,"href":"https:\/\/casinovape.de\/ro\/wp-json\/wp\/v2\/comments?post=1011"}],"version-history":[{"count":0,"href":"https:\/\/casinovape.de\/ro\/wp-json\/wp\/v2\/pages\/1011\/revisions"}],"wp:attachment":[{"href":"https:\/\/casinovape.de\/ro\/wp-json\/wp\/v2\/media?parent=1011"}],"curies":[{"name":"wp","href":"https:\/\/api.w.org\/{rel}","templated":true}]}}