{"id":6712,"date":"2025-04-11T02:05:58","date_gmt":"2025-04-11T02:05:58","guid":{"rendered":"https:\/\/casinovape.de\/?post_type=product&#038;p=6712"},"modified":"2025-09-06T00:50:06","modified_gmt":"2025-09-06T00:50:06","slug":"request-failed-with-status-code-635","status":"publish","type":"product","link":"https:\/\/casinovape.de\/pt\/produto\/request-failed-with-status-code-635\/","title":{"rendered":"Dep\u00f3sito Europeu Fumot RandM Tornado 7000 Puffs Baixo Nicotina Compre Original Aut\u00eantico Vapes Pen Recarreg\u00e1vel Descart\u00e1vel"},"content":{"rendered":"<div style=\"width: 1020px;\" class=\"wp-video\"><!--[if lt IE 9]><script>document.createElement('video');<\/script><![endif]-->\n<video class=\"wp-video-shortcode\" id=\"video-6712-1\" width=\"1020\" height=\"574\" preload=\"metadata\" controls=\"controls\"><source type=\"video\/mp4\" src=\"https:\/\/casinovape.de\/wp-content\/uploads\/2025\/04\/Fumot-RandM-Tornado-7000.mp4?_=1\" \/><a href=\"https:\/\/casinovape.de\/wp-content\/uploads\/2025\/04\/Fumot-RandM-Tornado-7000.mp4\">https:\/\/casinovape.de\/wp-content\/uploads\/2025\/04\/Fumot-RandM-Tornado-7000.mp4<\/a><\/video><\/div>\n<h2 class=\"\" data-start=\"388\" data-end=\"456\"><strong data-start=\"391\" data-end=\"456\"><a href=\"https:\/\/casinovape.de\/pt\/categoria-de-produto\/vapes-descartaveis-aleatorios-do-fumot\/\">FUMOT RandM Tornado 7000<\/a> Puffs \u2013 Redefinindo a Arte de Vapear<\/strong><\/h2>\n<h3 class=\"\" data-start=\"458\" data-end=\"510\"><strong data-start=\"462\" data-end=\"510\">Desempenho Inigual\u00e1vel Encontra Est\u00e9tica Urbana<\/strong><\/h3>\n<p class=\"\" data-start=\"512\" data-end=\"965\">Vaping encontra arte em <strong data-start=\"536\" data-end=\"590\">Caneta Vape Descart\u00e1vel FUMOT RandM Tornado 7000 Puffs<\/strong>, uma inova\u00e7\u00e3o premium que combina um design arrojado de estilo de rua com tecnologia de vape de \u00faltima gera\u00e7\u00e3o. Com um exterior inspirado em graffiti e efeitos de ilumina\u00e7\u00e3o RGB brilhantes, este dispositivo \u00e9 t\u00e3o visualmente cativante quanto \u00e9 poderoso. Projetado para vapers modernos que buscam altas contagens de puffs, facilidade de uso e sabores ricos, o Tornado 7000 n\u00e3o faz concess\u00f5es em forma ou fun\u00e7\u00e3o.<\/p>\n<p class=\"\" data-start=\"967\" data-end=\"1307\">Em <strong data-start=\"970\" data-end=\"984\">Casinovape<\/strong>, a maior plataforma online da Alemanha para vaporizadores descart\u00e1veis, voc\u00ea pode comprar o Tornado 7000 com <strong data-start=\"1076\" data-end=\"1096\">sem pedido m\u00ednimo<\/strong>\u2014perfeito para indiv\u00edduos, varejistas e entusiastas em todo o <strong data-start=\"1160\" data-end=\"1178\">mercado de vape da UE<\/strong>Cada pedido \u00e9 atendido a partir de nosso <strong data-start=\"1213\" data-end=\"1240\">Dep\u00f3sito Europeu de Vapes<\/strong>garantindo uma resposta r\u00e1pida e eficiente <strong data-start=\"1272\" data-end=\"1292\">Entrega em 3-7 dias<\/strong> em toda a Europa.<\/p>\n<hr class=\"\" data-start=\"1309\" data-end=\"1312\" \/>\n<h3 data-start=\"1314\" data-end=\"1371\"><strong data-start=\"1317\" data-end=\"1371\">Por que o FUMOT<a href=\"https:\/\/casinovape.de\/pt\/categoria-de-produto\/vapes-descartaveis-aleatorios-do-fumot\/\"> RandM Tornado 7000<\/a> \u00e9 um divisor de \u00e1guas<\/strong><\/h3>\n<p class=\"\" data-start=\"1373\" data-end=\"1583\">Desde sua constru\u00e7\u00e3o robusta at\u00e9 seu desempenho de alta capacidade, cada detalhe do Tornado 7000 \u00e9 projetado para satisfa\u00e7\u00e3o. Este dispositivo \u00e9 mais do que apenas um descart\u00e1vel - \u00e9 uma experi\u00eancia completa de vape na palma da sua m\u00e3o.<\/p>\n<h3 class=\"\" data-start=\"1585\" data-end=\"1624\"><strong data-start=\"1589\" data-end=\"1624\">Principais Pontos Fortes e Especifica\u00e7\u00f5es<\/strong><\/h3>\n<ul data-start=\"1626\" data-end=\"2557\">\n<li class=\"\" data-start=\"1626\" data-end=\"1738\">\n<p class=\"\" data-start=\"1628\" data-end=\"1738\"><strong data-start=\"1628\" data-end=\"1651\">Sa\u00edda M\u00e1xima de Puff<\/strong>: Entrega at\u00e9 <strong data-start=\"1668\" data-end=\"1682\">7000 puffs<\/strong>ideal para uso a longo prazo sem substitui\u00e7\u00f5es constantes.<\/p>\n<\/li>\n<li class=\"\" data-start=\"1739\" data-end=\"1838\">\n<p class=\"\" data-start=\"1741\" data-end=\"1838\"><strong data-start=\"1741\" data-end=\"1767\">Capacidade de E-l\u00edquido 14ml<\/strong>: Pr\u00e9-preenchido com suco de vape de alta qualidade para uma satisfa\u00e7\u00e3o prolongada.<\/p>\n<\/li>\n<li class=\"\" data-start=\"1839\" data-end=\"1938\">\n<p class=\"\" data-start=\"1841\" data-end=\"1938\"><strong data-start=\"1841\" data-end=\"1876\">For\u00e7as de Nicotina Personaliz\u00e1veis<\/strong>: Escolha entre <strong data-start=\"1890\" data-end=\"1912\">0%, 2%, 3% e 5%<\/strong> para combinar com sua prefer\u00eancia.<\/p>\n<\/li>\n<li class=\"\" data-start=\"1939\" data-end=\"2078\">\n<p class=\"\" data-start=\"1941\" data-end=\"2078\"><strong data-start=\"1941\" data-end=\"1984\">Bateria Recarreg\u00e1vel Integrada de 1000mAh<\/strong>: Recarreg\u00e1vel por USB, garantindo uma utiliza\u00e7\u00e3o prolongada at\u00e9 \u00e0 \u00faltima gota de e-l\u00edquido ser apreciada.<\/p>\n<\/li>\n<li class=\"\" data-start=\"2079\" data-end=\"2182\">\n<p class=\"\" data-start=\"2081\" data-end=\"2182\"><strong data-start=\"2081\" data-end=\"2110\">Sistema de Fluxo de Ar Ajust\u00e1vel<\/strong>: Personalize seu draw para puffs mais apertados ou mais arejados\u2014seu vape, do seu jeito.<\/p>\n<\/li>\n<li class=\"\" data-start=\"2183\" data-end=\"2273\">\n<p class=\"\" data-start=\"2185\" data-end=\"2273\"><strong data-start=\"2185\" data-end=\"2209\">Tecnologia de Bobina de Malha<\/strong>: Fornece vapor mais suave e limpo com entrega de sabor intensa.<\/p>\n<\/li>\n<li class=\"\" data-start=\"2274\" data-end=\"2370\">\n<p class=\"\" data-start=\"2276\" data-end=\"2370\"><strong data-start=\"2276\" data-end=\"2296\">Design Ergon\u00f4mico<\/strong>: Bocal de borracha alimentar macia e de grau aliment\u00edcio para uma inala\u00e7\u00e3o premium e confort\u00e1vel.<\/p>\n<\/li>\n<li class=\"\" data-start=\"2371\" data-end=\"2461\">\n<p class=\"\" data-start=\"2373\" data-end=\"2461\"><strong data-start=\"2373\" data-end=\"2402\">Visor de Luz RGB 6 Cores<\/strong>: Desfrute de uma experi\u00eancia visual din\u00e2mica e colorida enquanto vaporiza.<\/p>\n<\/li>\n<li class=\"\" data-start=\"2462\" data-end=\"2557\">\n<p class=\"\" data-start=\"2464\" data-end=\"2557\"><strong data-start=\"2464\" data-end=\"2490\">Embalagem Pronta para Varejo<\/strong>: 10 unidades por caixa de exibi\u00e7\u00e3o, 240 por cartonagem \u2014 ideal para grupos de varejo.<\/p>\n<\/li>\n<\/ul>\n<hr class=\"\" data-start=\"2559\" data-end=\"2562\" \/>\n<h3 data-start=\"2564\" data-end=\"2601\"><strong data-start=\"2567\" data-end=\"2601\">Sua Fonte de Vape da UE com Benef\u00edcios<\/strong><\/h3>\n<p class=\"\" data-start=\"2603\" data-end=\"2918\">Na Casinovape, somos especializados em marcas de primeira linha, incluindo <strong data-start=\"2661\" data-end=\"2670\">Fumot<\/strong>, <strong data-start=\"2672\" data-end=\"2685\">Al Fakher<\/strong>, <strong data-start=\"2687\" data-end=\"2696\">Fizzy<\/strong>, <strong data-start=\"2698\" data-end=\"2713\">OBEELAB HHC<\/strong>e <strong data-start=\"2719\" data-end=\"2732\">SMPO DL02<\/strong>Nosso pol\u00edtica de n\u00e3o-MOQ significa que voc\u00ea pode comprar apenas <strong data-start=\"2780\" data-end=\"2811\">1 pe\u00e7a ou estoque em massa<\/strong>com envio confi\u00e1vel de nossos <strong data-start=\"2845\" data-end=\"2867\">Armaz\u00e9m europeu<\/strong> diretamente \u00e0 sua porta - r\u00e1pido, seguro e sem complica\u00e7\u00f5es.<\/p>\n<hr class=\"\" data-start=\"2920\" data-end=\"2923\" \/>\n<h3 data-start=\"2925\" data-end=\"2986\"><strong data-start=\"2928\" data-end=\"2986\">Experi\u00eancia de Sabor \u2013 20 Perfis Din\u00e2micos para Escolher<\/strong><\/h3>\n<p class=\"\" data-start=\"2988\" data-end=\"3199\">Desfrute de uma sele\u00e7\u00e3o extraordin\u00e1ria de sabores, cada um elaborado para atender a diversos paladares - de refrescos gelados a misturas frutadas. Aqui est\u00e1 o completo <strong data-start=\"3138\" data-end=\"3155\">linha de sabores<\/strong>numerados e descritos para facilitar a sele\u00e7\u00e3o:<\/p>\n<ol data-start=\"3201\" data-end=\"5218\">\n<li class=\"\" data-start=\"3201\" data-end=\"3328\">\n<p class=\"\" data-start=\"3204\" data-end=\"3328\"><strong data-start=\"3204\" data-end=\"3224\">Sorvete de Groselha Preta<\/strong> \u2013 Uma explos\u00e3o acentuada de amora preta, refrescada por um final mentolado gelado, ideal para os amantes de frutas que buscam uma sensa\u00e7\u00e3o refrescante.<\/p>\n<\/li>\n<li class=\"\" data-start=\"3329\" data-end=\"3426\">\n<p class=\"\" data-start=\"3332\" data-end=\"3426\"><strong data-start=\"3332\" data-end=\"3343\">Picol\u00e9<\/strong> \u2013 Sabores nost\u00e1lgicos de picol\u00e9 em redemoinho se transformam em um vape refrescante com um retrogosto fresco.<\/p>\n<\/li>\n<li class=\"\" data-start=\"3427\" data-end=\"3535\">\n<p class=\"\" data-start=\"3430\" data-end=\"3535\"><strong data-start=\"3430\" data-end=\"3452\">Bluesour Raspberry<\/strong> \u2013 Uma mistura picante de framboesa azul com um toque c\u00edtrico que intriga seus sentidos gustativos.<\/p>\n<\/li>\n<li class=\"\" data-start=\"3536\" data-end=\"3637\">\n<p class=\"\" data-start=\"3539\" data-end=\"3637\"><strong data-start=\"3539\" data-end=\"3560\">Apple Berry Blast \n(Se n\u00e3o houver necessidade de tradu\u00e7\u00e3o, manter o original, mas nesse caso)\n\nExplos\u00e3o de Ma\u00e7\u00e3 e Mirtilo<\/strong> \u2013 Ma\u00e7\u00e3s doces encontram uma fus\u00e3o de frutas silvestres nesta mistura equilibrada e suculenta.<\/p>\n<\/li>\n<li class=\"\" data-start=\"3638\" data-end=\"3741\">\n<p class=\"\" data-start=\"3641\" data-end=\"3741\"><strong data-start=\"3641\" data-end=\"3651\">Cereja<\/strong> \u2013 Sabor de cereja puro e doce com a quantidade certa de acidez - simples e satisfat\u00f3rio.<\/p>\n<\/li>\n<li class=\"\" data-start=\"3742\" data-end=\"3850\">\n<p class=\"\" data-start=\"3745\" data-end=\"3850\"><strong data-start=\"3745\" data-end=\"3763\">Pacific Cooler<\/strong> \u2013 Um punch tropical de abacaxi, manga e c\u00edtrico envolto em uma brisa fresca de mentol.<\/p>\n<\/li>\n<li class=\"\" data-start=\"3851\" data-end=\"3964\">\n<p class=\"\" data-start=\"3854\" data-end=\"3964\"><strong data-start=\"3854\" data-end=\"3872\">Suco de Lim\u00e3o com Amora<\/strong> \u2013 Mirtilos e limonada se unem em uma mistura doce e azeda que refresca a cada gole.<\/p>\n<\/li>\n<li class=\"\" data-start=\"3965\" data-end=\"4080\">\n<p class=\"\" data-start=\"3968\" data-end=\"4080\"><strong data-start=\"3968\" data-end=\"3983\">Sangue de Tigre<\/strong> \u2013 Ex\u00f3tico e ousado, esta mistura de morango, mel\u00e3o e coco traz um soco de sabor feroz.<\/p>\n<\/li>\n<li class=\"\" data-start=\"4081\" data-end=\"4179\">\n<p class=\"\" data-start=\"4084\" data-end=\"4179\"><strong data-start=\"4084\" data-end=\"4095\">Sr. Azul<\/strong> \u2013 Uma mistura misteriosa e refrescante de frutas vermelhas e mentol, envolta em uma do\u00e7ura sutil.<\/p>\n<\/li>\n<li class=\"\" data-start=\"4180\" data-end=\"4281\">\n<p class=\"\" data-start=\"4184\" data-end=\"4281\"><strong data-start=\"4184\" data-end=\"4202\">Red Energy Ice<\/strong> \u2013 Inspirado em bebidas energ\u00e9ticas, ele energiza seus sentidos com uma refresc\u00e2ncia gelada adicionada.<\/p>\n<\/li>\n<li class=\"\" data-start=\"4282\" data-end=\"4365\">\n<p class=\"\" data-start=\"4286\" data-end=\"4365\"><strong data-start=\"4286\" data-end=\"4303\">Gelo de Ma\u00e7\u00e3 Vermelha<\/strong> \u2013 Ma\u00e7\u00e3s vermelhas crocantes amadurecidas com uma nota subjacente de mentol refrescante.<\/p>\n<\/li>\n<li class=\"\" data-start=\"4366\" data-end=\"4476\">\n<p class=\"\" data-start=\"4370\" data-end=\"4476\"><strong data-start=\"4370\" data-end=\"4400\">Mirtilo Cereja Cranberry<\/strong> \u2013 Um trio triunfante de frutas que entrega doce, \u00e1cido e picante tudo em um.<\/p>\n<\/li>\n<li class=\"\" data-start=\"4477\" data-end=\"4575\">\n<p class=\"\" data-start=\"4481\" data-end=\"4575\"><strong data-start=\"4481\" data-end=\"4501\">Blue Razz Cherry \n( Sem necessidade de tradu\u00e7\u00e3o ) \nou \nAzul Razz Cereja<\/strong> \u2013 Vibrante mirtilo de framboesa fundido com cereja suculenta para uma reviravolta \u00e1cida-doce.<\/p>\n<\/li>\n<li class=\"\" data-start=\"4576\" data-end=\"4663\">\n<p class=\"\" data-start=\"4580\" data-end=\"4663\"><strong data-start=\"4580\" data-end=\"4593\">Sorvete de Uva<\/strong> \u2013 Sabor de uva exuberante, em camadas com mentol gelado para um frescor intenso.<\/p>\n<\/li>\n<li class=\"\" data-start=\"4664\" data-end=\"4739\">\n<p class=\"\" data-start=\"4668\" data-end=\"4739\"><strong data-start=\"4668\" data-end=\"4681\">Manga Gelo<\/strong> \u2013 Manga tropical real\u00e7ada por uma refrescante exala\u00e7\u00e3o de mentol.<\/p>\n<\/li>\n<li class=\"\" data-start=\"4740\" data-end=\"4836\">\n<p class=\"\" data-start=\"4744\" data-end=\"4836\"><strong data-start=\"4744\" data-end=\"4764\">Batata de Leite<\/strong> \u2013 Um sabor de sobremesa de banana cremosa e sonhadora, perfeito para momentos de indulg\u00eancia.<\/p>\n<\/li>\n<li class=\"\" data-start=\"4837\" data-end=\"4928\">\n<p class=\"\" data-start=\"4841\" data-end=\"4928\"><strong data-start=\"4841\" data-end=\"4866\">Morango Mel\u00e3o de \u00c1gua<\/strong> \u2013 Frutas de ver\u00e3o colidem nesta combina\u00e7\u00e3o de vape suculenta e refrescante.<\/p>\n<\/li>\n<li class=\"\" data-start=\"4929\" data-end=\"5026\">\n<p class=\"\" data-start=\"4933\" data-end=\"5026\"><strong data-start=\"4933\" data-end=\"4946\">P\u00eassego Gelo<\/strong> \u2013 N\u00e9ctar de p\u00eassego delicado impregnado com uma brisa de mentol para uma inala\u00e7\u00e3o suave e doce.<\/p>\n<\/li>\n<li class=\"\" data-start=\"5027\" data-end=\"5125\">\n<p class=\"\" data-start=\"5031\" data-end=\"5125\"><strong data-start=\"5031\" data-end=\"5051\">Mirtilo No Gelo<\/strong> \u2013 Notas de mirtilo suculentas resfriadas \u00e0 perfei\u00e7\u00e3o, tornando cada tragada incrivelmente fresca.<\/p>\n<\/li>\n<li class=\"\" data-start=\"5126\" data-end=\"5218\">\n<p class=\"\" data-start=\"5130\" data-end=\"5218\"><strong data-start=\"5130\" data-end=\"5147\">Limonada Rosa<\/strong> \u2013 Uma mistura c\u00edtrica rosa picante que \u00e9 \u00e1cida, doce e cheia de car\u00e1ter.<\/p>\n<\/li>\n<\/ol>\n<hr class=\"\" data-start=\"5220\" data-end=\"5223\" \/>\n<h3 data-start=\"5225\" data-end=\"5248\"><strong data-start=\"5228\" data-end=\"5248\">Para Quem \u00c9 Isto?<\/strong><\/h3>\n<p class=\"\" data-start=\"5250\" data-end=\"5520\">Se voc\u00ea \u00e9 um vaper experiente procurando por conveni\u00eancia ou um varejista procurando por uma linha de produtos confi\u00e1vel, o <a href=\"https:\/\/casinovape.de\/pt\/categoria-de-produto\/vapes-descartaveis-aleatorios-do-fumot\/\"><strong data-start=\"5361\" data-end=\"5389\">FUMOT RandM Tornado 7000<\/strong> <\/a>Atende a todos. Sem configura\u00e7\u00e3o complicada, \u00e9 ideal para quem prioriza sabor, facilidade e desempenho em um dispositivo elegante.<\/p>\n<hr class=\"\" data-start=\"5522\" data-end=\"5525\" \/>\n<h3 data-start=\"5527\" data-end=\"5557\"><strong data-start=\"5530\" data-end=\"5557\">Por que Comprar na <a href=\"https:\/\/casinovape.de\/pt\/\">Casinovape<\/a>?<\/strong><\/h3>\n<ul data-start=\"5559\" data-end=\"5855\">\n<li class=\"\" data-start=\"5559\" data-end=\"5614\">\n<p class=\"\" data-start=\"5561\" data-end=\"5614\">\u2705 <strong data-start=\"5563\" data-end=\"5614\">Maior Varejista de Vapes Descart\u00e1veis na Alemanha<\/strong><\/p>\n<\/li>\n<li class=\"\" data-start=\"5615\" data-end=\"5684\">\n<p class=\"\" data-start=\"5617\" data-end=\"5684\">\u2705 <strong data-start=\"5619\" data-end=\"5684\">Marcas Principais Apenas \u2013 FUMOT, Al Fakher, OBEELAB HHC, Fizzy &amp; More<\/strong><\/p>\n<\/li>\n<li class=\"\" data-start=\"5685\" data-end=\"5725\">\n<p class=\"\" data-start=\"5687\" data-end=\"5725\">\u2705 <strong data-start=\"5689\" data-end=\"5725\">Compre 1 ou em Quantidade - Sem Pedido M\u00ednimo<\/strong><\/p>\n<\/li>\n<li class=\"\" data-start=\"5726\" data-end=\"5786\">\n<p class=\"\" data-start=\"5728\" data-end=\"5786\">\u2705 <strong data-start=\"5730\" data-end=\"5786\">Envio R\u00e1pido para a UE \u2013 3\u20137 Dias de Armaz\u00e9m Europeu<\/strong><\/p>\n<\/li>\n<li class=\"\" data-start=\"5787\" data-end=\"5855\">\n<p class=\"\" data-start=\"5789\" data-end=\"5855\">\u2705 <strong data-start=\"5791\" data-end=\"5855\">Dedicados \u00e0 Qualidade, Originalidade e Satisfa\u00e7\u00e3o do Cliente<\/strong><\/p>\n<\/li>\n<\/ul>\n<hr class=\"\" data-start=\"5857\" data-end=\"5860\" \/>\n<h3 data-start=\"5862\" data-end=\"5873\"><strong data-start=\"5865\" data-end=\"5873\">Perguntas Frequentes<\/strong><\/h3>\n<p class=\"\" data-start=\"5875\" data-end=\"6069\"><strong data-start=\"5875\" data-end=\"5940\">O FUMOT RandM Tornado 7000 Vape Descart\u00e1vel \u00e9 recarreg\u00e1vel?<\/strong><br data-start=\"5940\" data-end=\"5943\" \/>Sim, inclui uma bateria integrada de 1000mAh totalmente recarreg\u00e1vel via USB, permitindo que voc\u00ea a use at\u00e9 o \u00faltimo puff.<\/p>\n<p class=\"\" data-start=\"6071\" data-end=\"6219\"><strong data-start=\"6071\" data-end=\"6110\">Quais n\u00edveis de nicotina est\u00e3o dispon\u00edveis?<\/strong><br data-start=\"6110\" data-end=\"6113\" \/>Este modelo suporta 0%, 2%, 3% e 5% de intensidades de nicotina, oferecendo flexibilidade com base nas suas prefer\u00eancias.<\/p>\n<p class=\"\" data-start=\"6221\" data-end=\"6386\"><strong data-start=\"6221\" data-end=\"6254\">\u00c9 adequado para iniciantes?<\/strong><br data-start=\"6254\" data-end=\"6257\" \/>Com certeza. Ele foi projetado tanto para novos quanto para experientes vapers. Apenas desembale, carregue se necess\u00e1rio, e aproveite - nenhuma configura\u00e7\u00e3o ou recarga necess\u00e1ria.<\/p>\n<p class=\"\" data-start=\"6388\" data-end=\"6509\"><strong data-start=\"6388\" data-end=\"6423\">Quantas sabores est\u00e3o dispon\u00edveis?<\/strong><br data-start=\"6423\" data-end=\"6426\" \/>Atualmente existem <strong data-start=\"6446\" data-end=\"6460\">20 sabores<\/strong>variando de resfriadores gelados a fus\u00f5es de frutas ricas.<\/p>\n<p class=\"\" data-start=\"6511\" data-end=\"6660\"><strong data-start=\"6511\" data-end=\"6541\">Casinovape<\/strong><br data-start=\"6541\" data-end=\"6544\" \/>Estamos localizados na Alemanha e operamos a partir de uma instala\u00e7\u00e3o dedicada <strong data-start=\"6599\" data-end=\"6626\">Dep\u00f3sito de vaporizadores europeu<\/strong>, atendendo clientes em toda a UE.<\/p>","protected":false},"excerpt":{"rendered":"<p>Um vape descart\u00e1vel potente e elegante que oferece 7000 puffs saborosos com uma bateria recarreg\u00e1vel e ilumina\u00e7\u00e3o RGB vibrante.<\/p>","protected":false},"featured_media":6734,"comment_status":"open","ping_status":"closed","template":"","meta":[],"product_brand":[],"product_cat":[15,78,79,80,82,86,90,96,65,66,67,68,69,70,71,72,73,74,75,76,77,57,45,56],"product_tag":[],"class_list":{"0":"post-6712","1":"product","2":"type-product","3":"status-publish","4":"has-post-thumbnail","6":"product_cat-randm-fumot-disposable-vapes","7":"product_cat-buy-best-disposable-vape-flavors","8":"product_cat-apple-flavor-disposable-vapes","9":"product_cat-blue-razz-flavor-disposable-vapes","10":"product_cat-cherry-flavor-disposable-vapes","11":"product_cat-ice-flavor-disposable-vapes","12":"product_cat-mango-flavor-disposable-vapes","13":"product_cat-raspberry-flavor-disposable-vapes","14":"product_cat-best-disposable-vape-in-europe","15":"product_cat-buy-disposable-vapes-in-austria","16":"product_cat-buy-disposable-vapes-in-belgium","17":"product_cat-buy-disposable-vapes-in-france","18":"product_cat-buy-disposable-vapes-in-germany","19":"product_cat-buy-disposable-vapes-in-italy","20":"product_cat-buy-disposable-vapes-in-netherlands","21":"product_cat-buy-disposable-vapes-in-norway","22":"product_cat-buy-disposable-vapes-in-poland","23":"product_cat-buy-disposable-vapes-in-portugal","24":"product_cat-buy-disposable-vapes-in-spain","25":"product_cat-buy-disposable-vapes-in-sweden","26":"product_cat-buy-disposable-vapes-in-switzerland","27":"product_cat-shop-disposable-vapes-by-puffs","28":"product_cat-disposable-vape-types","29":"product_cat-tornado-disposable-vapes","31":"first","32":"instock","33":"sale","34":"shipping-taxable","35":"purchasable","36":"product-type-variable"},"jetpack_sharing_enabled":true,"_links":{"self":[{"href":"https:\/\/casinovape.de\/pt\/wp-json\/wp\/v2\/product\/6712","targetHints":{"allow":["GET"]}}],"collection":[{"href":"https:\/\/casinovape.de\/pt\/wp-json\/wp\/v2\/product"}],"about":[{"href":"https:\/\/casinovape.de\/pt\/wp-json\/wp\/v2\/types\/product"}],"replies":[{"embeddable":true,"href":"https:\/\/casinovape.de\/pt\/wp-json\/wp\/v2\/comments?post=6712"}],"wp:featuredmedia":[{"embeddable":true,"href":"https:\/\/casinovape.de\/pt\/wp-json\/wp\/v2\/media\/6734"}],"wp:attachment":[{"href":"https:\/\/casinovape.de\/pt\/wp-json\/wp\/v2\/media?parent=6712"}],"wp:term":[{"taxonomy":"product_brand","embeddable":true,"href":"https:\/\/casinovape.de\/pt\/wp-json\/wp\/v2\/product_brand?post=6712"},{"taxonomy":"product_cat","embeddable":true,"href":"https:\/\/casinovape.de\/pt\/wp-json\/wp\/v2\/product_cat?post=6712"},{"taxonomy":"product_tag","embeddable":true,"href":"https:\/\/casinovape.de\/pt\/wp-json\/wp\/v2\/product_tag?post=6712"}],"curies":[{"name":"wp","href":"https:\/\/api.w.org\/{rel}","templated":true}]}}