{"id":6481,"date":"2025-04-03T03:54:37","date_gmt":"2025-04-03T03:54:37","guid":{"rendered":"https:\/\/casinovape.de\/?post_type=product&#038;p=6481"},"modified":"2025-04-28T11:21:37","modified_gmt":"2025-04-28T11:21:37","slug":"european-warehouse-vozol-neon-10000-puffs-low-nicotine-buy-original-authentisch-rechargeable-disposable-vapes-pen","status":"publish","type":"product","link":"https:\/\/casinovape.de\/pt\/produto\/european-warehouse-vozol-neon-10000-puffs-low-nicotine-buy-original-authentisch-rechargeable-disposable-vapes-pen\/","title":{"rendered":"Armaz\u00e9m Europeu Vozol neon 10000 Puffs Baixo Nicotina Compre Original Aut\u00eantico Vapes Pen Recarreg\u00e1vel Descart\u00e1vel"},"content":{"rendered":"<article class=\"text-token-text-primary w-full\" dir=\"auto\" data-testid=\"conversation-turn-2\" data-scroll-anchor=\"true\">\n<div class=\"text-base my-auto mx-auto py-5 px-6\">\n<div class=\"mx-auto flex flex-1 text-base gap-4 md:gap-5 lg:gap-6 md:max-w-3xl lg:max-w-[40rem] xl:max-w-[48rem] group\/turn-messages focus-visible:outline-hidden\" tabindex=\"-1\">\n<div class=\"group\/conversation-turn relative flex w-full min-w-0 flex-col agent-turn @xs\/thread:px-0 @sm\/thread:px-1.5 @md\/thread:px-4\">\n<div class=\"relative flex-col gap-1 md:gap-3\">\n<div class=\"flex max-w-full flex-col grow\">\n<div class=\"min-h-8 text-message relative flex w-full flex-col items-end gap-2 text-start break-words whitespace-normal [.text-message+&amp;]:mt-5\" dir=\"auto\" data-message-author-role=\"assistant\" data-message-id=\"1015b57b-2c78-4202-b7fd-c80867ef36f7\" data-message-model-slug=\"gpt-4o\">\n<div class=\"flex w-full flex-col gap-1 empty:hidden first:pt-[3px]\">\n<div class=\"markdown prose dark:prose-invert w-full break-words light\">\n<h2 data-start=\"454\" data-end=\"546\"><img loading=\"lazy\" decoding=\"async\" class=\"alignnone wp-image-6499 size-full\" src=\"https:\/\/casinovape.de\/wp-content\/uploads\/2025\/04\/Vozol-Neon-10000.webp\" alt=\"Armaz\u00e9m Europeu Vozol neon 10000 Puffs Baixo Nicotina Compre Original Aut\u00eantico Vapes Pen Recarreg\u00e1vel Descart\u00e1vel \" width=\"1200\" height=\"628\" srcset=\"https:\/\/casinovape.de\/wp-content\/uploads\/2025\/04\/Vozol-Neon-10000.webp 1200w, https:\/\/casinovape.de\/wp-content\/uploads\/2025\/04\/Vozol-Neon-10000-300x157.webp 300w, https:\/\/casinovape.de\/wp-content\/uploads\/2025\/04\/Vozol-Neon-10000-1024x536.webp 1024w, https:\/\/casinovape.de\/wp-content\/uploads\/2025\/04\/Vozol-Neon-10000-768x402.webp 768w, https:\/\/casinovape.de\/wp-content\/uploads\/2025\/04\/Vozol-Neon-10000-18x9.webp 18w, https:\/\/casinovape.de\/wp-content\/uploads\/2025\/04\/Vozol-Neon-10000-600x314.webp 600w\" sizes=\"auto, (max-width: 1200px) 100vw, 1200px\" \/><\/h2>\n<h2 data-start=\"454\" data-end=\"546\"><strong data-start=\"456\" data-end=\"544\"><a href=\"https:\/\/casinovape.de\/pt\/categoria-de-produto\/vapes-descartaveis-vozol\/\">Vozol Neon 10000<\/a> Puffs Recarreg\u00e1vel Vape Descart\u00e1vel \u2013 Eleve Sua Experi\u00eancia de Vape<\/strong><\/h2>\n<h2 class=\"\" data-start=\"548\" data-end=\"592\"><strong data-start=\"551\" data-end=\"590\">Uma Experi\u00eancia de Vaporiza\u00e7\u00e3o de Nova Gera\u00e7\u00e3o<\/strong><\/h2>\n<p class=\"\" data-start=\"593\" data-end=\"1160\">O <strong data-start=\"597\" data-end=\"652\">Vozol Neon 10000 Puffs Recarreg\u00e1vel Vape Descart\u00e1vel<\/strong> \u00e9 projetado para vapers exigentes que buscam conveni\u00eancia, desempenho e sabor incompar\u00e1vel. Com uma impressionante <strong data-start=\"770\" data-end=\"786\">10.000 puffs<\/strong> a partir de <strong data-start=\"794\" data-end=\"818\">10 mL de pod pr\u00e9-preenchido<\/strong>este dispositivo oferece uma experi\u00eancia excepcional com sabor consistente, produ\u00e7\u00e3o de vapor suave e uma bobina de cer\u00e2mica confi\u00e1vel. <strong data-start=\"946\" data-end=\"978\">Bateria recarreg\u00e1vel de 500 mAh<\/strong> garante um longo tempo de divers\u00e3o, tornando-o perfeito para uso prolongado. Com <strong data-start=\"1052\" data-end=\"1075\">Carregamento USB Tipo-C<\/strong> para recargas r\u00e1pidas e eficientes, voc\u00ea nunca ficar\u00e1 sem o seu vape favorito.<\/p>\n<p class=\"\" data-start=\"1162\" data-end=\"1498\">Em <strong data-start=\"1165\" data-end=\"1179\">Casinovape<\/strong>, somos o maior varejista online de vaporizadores descart\u00e1veis em <strong data-start=\"1239\" data-end=\"1254\">Alemanha<\/strong>. Oferecemos marcas l\u00edderes como <strong data-start=\"1285\" data-end=\"1346\">Al Fakher, Fizzy, OBEELAB HHC, Randm Fumot e SMPO DL02<\/strong> com <strong data-start=\"1352\" data-end=\"1381\">sem quantidade m\u00ednima de pedido<\/strong>Nossos produtos s\u00e3o enviados diretamente de nossos <strong data-start=\"1419\" data-end=\"1446\">Dep\u00f3sito Europeu de Vapes<\/strong>entregando ao <strong data-start=\"1466\" data-end=\"1479\">Mercado da UE<\/strong> em <strong data-start=\"1483\" data-end=\"1495\">3-7 dias<\/strong>.<\/p>\n<hr class=\"\" data-start=\"1500\" data-end=\"1503\" \/>\n<h3 data-start=\"1505\" data-end=\"1552\"><strong data-start=\"1508\" data-end=\"1550\">Por que escolher o Vozol <a href=\"https:\/\/casinovape.de\/pt\/categoria-de-produto\/vapes-descartaveis-vozol\/\">Neon 10000 Puffs<\/a>?<\/strong><\/h3>\n<h3 class=\"\" data-start=\"1554\" data-end=\"1609\"><strong data-start=\"1558\" data-end=\"1609\">Recursos Inovadores para uma Experi\u00eancia Inigual\u00e1vel<\/strong><\/h3>\n<ul data-start=\"1610\" data-end=\"2377\">\n<li class=\"\" data-start=\"1610\" data-end=\"1699\">\n<p class=\"\" data-start=\"1612\" data-end=\"1699\"><strong data-start=\"1612\" data-end=\"1639\">Impressionais 10.000 Puffs<\/strong>: Desfrute de tragadas consistentes e satisfat\u00f3rias do in\u00edcio ao fim.<\/p>\n<\/li>\n<li class=\"\" data-start=\"1700\" data-end=\"1775\">\n<p class=\"\" data-start=\"1702\" data-end=\"1775\"><strong data-start=\"1702\" data-end=\"1739\">Capacidade pr\u00e9-preenchida generosa de 10 mL<\/strong>: Elimina a necessidade de reabastecimento.<\/p>\n<\/li>\n<li class=\"\" data-start=\"1776\" data-end=\"1893\">\n<p class=\"\" data-start=\"1778\" data-end=\"1893\"><strong data-start=\"1778\" data-end=\"1810\">Bateria Recarreg\u00e1vel 500 mAh<\/strong>: Bateria de longa dura\u00e7\u00e3o com <strong data-start=\"1838\" data-end=\"1861\">Carregamento USB Tipo-C<\/strong> para recargas r\u00e1pidas e confi\u00e1veis.<\/p>\n<\/li>\n<li class=\"\" data-start=\"1894\" data-end=\"1972\">\n<p class=\"\" data-start=\"1896\" data-end=\"1972\"><strong data-start=\"1896\" data-end=\"1927\">5% For\u00e7a da Nicotina (50mg)<\/strong>: Fornece um impacto suave e satisfat\u00f3rio na garganta.<\/p>\n<\/li>\n<li class=\"\" data-start=\"1973\" data-end=\"2063\">\n<p class=\"\" data-start=\"1975\" data-end=\"2063\"><strong data-start=\"1975\" data-end=\"2011\">Tecnologia Avan\u00e7ada de Bobina Cer\u00e2mica<\/strong>: Entrega sabor puro e rico sem sabores queimados.<\/p>\n<\/li>\n<li class=\"\" data-start=\"2064\" data-end=\"2144\">\n<p class=\"\" data-start=\"2066\" data-end=\"2144\"><strong data-start=\"2066\" data-end=\"2094\">Opera\u00e7\u00e3o Ativada por Desenho<\/strong>: Simplesmente inale para ativar - nenhum bot\u00e3o necess\u00e1rio.<\/p>\n<\/li>\n<li class=\"\" data-start=\"2145\" data-end=\"2232\">\n<p class=\"\" data-start=\"2147\" data-end=\"2232\"><strong data-start=\"2147\" data-end=\"2191\">Fluxo de Ar Fixo para Desempenho Consistente<\/strong>: Entrada de ar equilibrada para tragadas suaves.<\/p>\n<\/li>\n<li class=\"\" data-start=\"2233\" data-end=\"2312\">\n<p class=\"\" data-start=\"2235\" data-end=\"2312\"><strong data-start=\"2235\" data-end=\"2267\">Tampa de Boca para Higiene<\/strong>: Mant\u00e9m seu dispositivo limpo e pronto para uso.<\/p>\n<\/li>\n<li class=\"\" data-start=\"2313\" data-end=\"2377\">\n<p class=\"\" data-start=\"2315\" data-end=\"2377\"><strong data-start=\"2315\" data-end=\"2346\">Design Compacto e Port\u00e1til<\/strong>Ideal para vaporiza\u00e7\u00e3o em movimento.<\/p>\n<\/li>\n<\/ul>\n<hr class=\"\" data-start=\"2379\" data-end=\"2382\" \/>\n<h3 data-start=\"2384\" data-end=\"2441\"><strong data-start=\"2387\" data-end=\"2439\">Card\u00e1pio de Sabores: Descubra o Vape Perfeito para Voc\u00ea<\/strong><\/h3>\n<h3 class=\"\" data-start=\"2443\" data-end=\"2465\"><strong data-start=\"2447\" data-end=\"2463\">1. Menta Fresca<\/strong><\/h3>\n<p class=\"\" data-start=\"2466\" data-end=\"2686\">Uma mistura cl\u00e1ssica e refrescante de hortel\u00e3 gelada com um acabamento refrescante. O frio revigorante acalma os sentidos e proporciona uma experi\u00eancia de vaporiza\u00e7\u00e3o estimulante. Perfeito para os amantes de mentol que procuram um golpe fresco e suave todas as vezes.<\/p>\n<h3 class=\"\" data-start=\"2688\" data-end=\"2715\"><strong data-start=\"2692\" data-end=\"2713\">2. Sorvete de Melancia<\/strong><\/h3>\n<p class=\"\" data-start=\"2716\" data-end=\"2939\">Uma deliciosa fus\u00e3o de melancia suculenta e mentol gelado. A do\u00e7ura da melancia madura \u00e9 perfeitamente complementada por uma exala\u00e7\u00e3o gelada, oferecendo uma experi\u00eancia refrescante e frutada. Ideal para vibra\u00e7\u00f5es de ver\u00e3o o ano todo.<\/p>\n<h3 class=\"\" data-start=\"2941\" data-end=\"2963\"><strong data-start=\"2945\" data-end=\"2961\">3. Bomba Rosa<\/strong><\/h3>\n<p class=\"\" data-start=\"2964\" data-end=\"3163\">Exploda seus bot\u00f5es gustativos com uma explos\u00e3o de do\u00e7ura frutada! Este sabor \u00fanico combina uma mistura de frutas suculentas com um toque de do\u00e7ura, proporcionando um sabor equilibrado e satisfat\u00f3rio em cada tragada.<\/p>\n<hr class=\"\" data-start=\"3165\" data-end=\"3168\" \/>\n<h3 data-start=\"3170\" data-end=\"3241\"><strong data-start=\"3173\" data-end=\"3239\">Experimente a Conveni\u00eancia do Envio do Armaz\u00e9m Europeu de Vapes<\/strong><\/h3>\n<p class=\"\" data-start=\"3242\" data-end=\"3597\">Em <a href=\"https:\/\/casinovape.de\/pt\/\"><strong data-start=\"3245\" data-end=\"3259\">Casinovape<\/strong>,<\/a> Orgulhamo-nos de envios r\u00e1pidos e confi\u00e1veis diretamente de nossos <strong data-start=\"3326\" data-end=\"3353\">Dep\u00f3sito Europeu de Vapes<\/strong>Entusiastas de vaporiza\u00e7\u00e3o em todo <strong data-start=\"3381\" data-end=\"3396\">Alemanha<\/strong> e o <strong data-start=\"3405\" data-end=\"3418\">Mercado da UE<\/strong> desfrute de entrega r\u00e1pida dentro de <strong data-start=\"3446\" data-end=\"3458\">3-7 dias<\/strong>. Atendemos a grupos varejistas com <strong data-start=\"3491\" data-end=\"3520\">sem quantidade m\u00ednima de pedido<\/strong>, garantindo que todos possam desfrutar de vaporizadores descart\u00e1veis premium sem limita\u00e7\u00f5es.<\/p>\n<hr class=\"\" data-start=\"3599\" data-end=\"3602\" \/>\n<h3 data-start=\"3604\" data-end=\"3638\"><strong data-start=\"3607\" data-end=\"3636\">Por que Comprar com <a href=\"https:\/\/casinovape.de\/pt\/\">Casinovape<\/a>?<\/strong><\/h3>\n<ul data-start=\"3639\" data-end=\"4039\">\n<li class=\"\" data-start=\"3639\" data-end=\"3732\">\n<p class=\"\" data-start=\"3641\" data-end=\"3732\"><strong data-start=\"3641\" data-end=\"3664\">Marcas L\u00edderes de Vape<\/strong>: Al Fakher, Fizzy, OBEELAB HHC, Randm Fumot, SMPO DL02, e mais!<\/p>\n<\/li>\n<li class=\"\" data-start=\"3733\" data-end=\"3805\">\n<p class=\"\" data-start=\"3735\" data-end=\"3805\"><strong data-start=\"3735\" data-end=\"3764\">Sem Quantidade M\u00ednima de Pedido<\/strong>: Compre o m\u00ednimo ou o m\u00e1ximo que precisar.<\/p>\n<\/li>\n<li class=\"\" data-start=\"3806\" data-end=\"3884\">\n<p class=\"\" data-start=\"3808\" data-end=\"3884\"><strong data-start=\"3808\" data-end=\"3834\">Envio R\u00e1pido Europeu<\/strong>: Diretamente do nosso <strong data-start=\"3854\" data-end=\"3881\">Dep\u00f3sito Europeu de Vapes<\/strong>.<\/p>\n<\/li>\n<li class=\"\" data-start=\"3885\" data-end=\"3962\">\n<p class=\"\" data-start=\"3887\" data-end=\"3962\"><strong data-start=\"3887\" data-end=\"3917\">Suporte ao Cliente Dedicado<\/strong>Estamos aqui para ajudar em cada passo do caminho.<\/p>\n<\/li>\n<li class=\"\" data-start=\"3963\" data-end=\"4039\">\n<p class=\"\" data-start=\"3965\" data-end=\"4039\"><strong data-start=\"3965\" data-end=\"4004\">Ampla Variedade de Sabores e For\u00e7as<\/strong>: Algo para cada prefer\u00eancia.<\/p>\n<\/li>\n<\/ul>\n<hr class=\"\" data-start=\"4041\" data-end=\"4044\" \/>\n<h3 data-start=\"4046\" data-end=\"4088\"><strong data-start=\"4049\" data-end=\"4086\">Perguntas Frequentes (FAQs)<\/strong><\/h3>\n<p class=\"\" data-start=\"4090\" data-end=\"4269\"><strong data-start=\"4090\" data-end=\"4153\">1. Quanto tempo dura o Vozol Neon 10000 Vape Descart\u00e1vel?<\/strong><br data-start=\"4153\" data-end=\"4156\" \/>O dispositivo oferece at\u00e9 <strong data-start=\"4180\" data-end=\"4196\">10.000 puffs<\/strong> com seu pod pr\u00e9-cheio de 10 mL, proporcionando uso prolongado antes da descarte.<\/p>\n<p class=\"\" data-start=\"4271\" data-end=\"4442\"><strong data-start=\"4271\" data-end=\"4314\">2. Posso recarregar o Vozol Neon 10000?<\/strong><br data-start=\"4314\" data-end=\"4317\" \/>Sim, o dispositivo tem um <strong data-start=\"4344\" data-end=\"4376\">Bateria recarreg\u00e1vel de 500 mAh<\/strong> com <strong data-start=\"4382\" data-end=\"4396\">USB Tipo-C<\/strong> cobran\u00e7a por recargas r\u00e1pidas e convenientes.<\/p>\n<p class=\"\" data-start=\"4444\" data-end=\"4585\"><strong data-start=\"4444\" data-end=\"4487\">3. O Vozol Neon 10000 \u00e9 f\u00e1cil de usar?<\/strong><br data-start=\"4487\" data-end=\"4490\" \/>Absolutamente! O <strong data-start=\"4506\" data-end=\"4534\">Opera\u00e7\u00e3o ativada por desenho<\/strong> significa que nenhum bot\u00e3o \u00e9 necess\u00e1rio - basta inalar para vaporizar.<\/p>\n<p class=\"\" data-start=\"4587\" data-end=\"4724\"><strong data-start=\"4587\" data-end=\"4621\">4. Quais sabores est\u00e3o dispon\u00edveis?<\/strong><br data-start=\"4621\" data-end=\"4624\" \/>Escolha entre <strong data-start=\"4636\" data-end=\"4676\">Cool Mint, Sabor de Mel\u00e3o Gelado, Bomba Rosa<\/strong>e muito mais para uma experi\u00eancia personalizada de vaporiza\u00e7\u00e3o.<\/p>\n<p class=\"\" data-start=\"4726\" data-end=\"4884\"><strong data-start=\"4726\" data-end=\"4759\">5. Voc\u00ea envia para toda a Europa?<\/strong><br data-start=\"4759\" data-end=\"4762\" \/>Sim, <strong data-start=\"4767\" data-end=\"4781\">Casinovape<\/strong> entrega a todo o <strong data-start=\"4805\" data-end=\"4818\">Mercado da UE<\/strong> com <strong data-start=\"4824\" data-end=\"4844\">Envio em 3-7 dias<\/strong> de nosso <strong data-start=\"4854\" data-end=\"4881\">Dep\u00f3sito Europeu de Vapes<\/strong>.<\/p>\n<hr class=\"\" data-start=\"4886\" data-end=\"4889\" \/>\n<h3 data-start=\"4891\" data-end=\"4949\"><strong data-start=\"4894\" data-end=\"4947\">Compre o Vozol Neon 10000 na Casinovape hoje mesmo!<\/strong><\/h3>\n<p class=\"\" data-start=\"4950\" data-end=\"5210\">Eleve sua experi\u00eancia de vaporiza\u00e7\u00e3o com o <strong data-start=\"4990\" data-end=\"5045\">Vozol Neon 10000 Puffs Recarreg\u00e1vel Vape Descart\u00e1vel<\/strong>\u2014um dispositivo projetado para desempenho, sabor e conveni\u00eancia. <strong data-start=\"5106\" data-end=\"5120\">Casinovape<\/strong> \u00e9 seu destino confi\u00e1vel para vaporizadores descart\u00e1veis premium em <strong data-start=\"5181\" data-end=\"5196\">Alemanha<\/strong> e al\u00e9m.<\/p>\n<p class=\"\" data-start=\"5212\" data-end=\"5341\">\u2705 Compre agora em <a href=\"https:\/\/casinovape.de\/pt\/\"><strong data-start=\"5226\" data-end=\"5240\">Casinovape<\/strong><\/a> para vaporizadores descart\u00e1veis premium com <strong data-start=\"5275\" data-end=\"5304\">sem quantidade m\u00ednima de pedido<\/strong> e entrega r\u00e1pida em toda a \u00e1rea <strong data-start=\"5330\" data-end=\"5340\">Europa<\/strong>!<\/p>\n<\/div>\n<\/div>\n<\/div>\n<\/div>\n<\/div>\n<\/div>\n<\/div>\n<\/div>\n<\/article>","protected":false},"excerpt":{"rendered":"<p>Experimente vaporiza\u00e7\u00e3o potente e duradoura com o <strong data-start=\"50\" data-end=\"105\">Vozol Neon 10000 Puffs Recarreg\u00e1vel Vape Descart\u00e1vel<\/strong>\u2014entregando sabores ricos, 10.000 puffs e carregamento conveniente via USB Tipo-C.<\/p>","protected":false},"featured_media":6505,"comment_status":"open","ping_status":"closed","template":"","meta":[],"product_brand":[],"product_cat":[22],"product_tag":[],"class_list":{"0":"post-6481","1":"product","2":"type-product","3":"status-publish","4":"has-post-thumbnail","6":"product_cat-vozol-disposable-vapes","8":"first","9":"outofstock","10":"shipping-taxable","11":"product-type-variable"},"jetpack_sharing_enabled":true,"_links":{"self":[{"href":"https:\/\/casinovape.de\/pt\/wp-json\/wp\/v2\/product\/6481","targetHints":{"allow":["GET"]}}],"collection":[{"href":"https:\/\/casinovape.de\/pt\/wp-json\/wp\/v2\/product"}],"about":[{"href":"https:\/\/casinovape.de\/pt\/wp-json\/wp\/v2\/types\/product"}],"replies":[{"embeddable":true,"href":"https:\/\/casinovape.de\/pt\/wp-json\/wp\/v2\/comments?post=6481"}],"wp:featuredmedia":[{"embeddable":true,"href":"https:\/\/casinovape.de\/pt\/wp-json\/wp\/v2\/media\/6505"}],"wp:attachment":[{"href":"https:\/\/casinovape.de\/pt\/wp-json\/wp\/v2\/media?parent=6481"}],"wp:term":[{"taxonomy":"product_brand","embeddable":true,"href":"https:\/\/casinovape.de\/pt\/wp-json\/wp\/v2\/product_brand?post=6481"},{"taxonomy":"product_cat","embeddable":true,"href":"https:\/\/casinovape.de\/pt\/wp-json\/wp\/v2\/product_cat?post=6481"},{"taxonomy":"product_tag","embeddable":true,"href":"https:\/\/casinovape.de\/pt\/wp-json\/wp\/v2\/product_tag?post=6481"}],"curies":[{"name":"wp","href":"https:\/\/api.w.org\/{rel}","templated":true}]}}