{"id":596,"date":"2024-09-29T08:16:42","date_gmt":"2024-09-29T08:16:42","guid":{"rendered":"https:\/\/casinovape.de\/?post_type=product&#038;p=596"},"modified":"2026-03-06T14:53:05","modified_gmt":"2026-03-06T14:53:05","slug":"armazem-europeu-al-fakher-crown-bar-8000-puffs-pro-dual-mode-0-5-low-nikotin-compre-original-authentisch-recarregavel-caneta-vapes-descartavel","status":"publish","type":"product","link":"https:\/\/casinovape.de\/pt\/produto\/armazem-europeu-al-fakher-crown-bar-8000-puffs-pro-dual-mode-0-5-low-nikotin-compre-original-authentisch-recarregavel-caneta-vapes-descartavel\/","title":{"rendered":"Dep\u00f3sito Europeu Al Fakher Crown Bar 8000 Puffs Pro Modo Duplo 0.5% Baixo Nikotina Compre Original Aut\u00eantico Vapes Pen Recarreg\u00e1vel Descart\u00e1vel"},"content":{"rendered":"<h2><a href=\"https:\/\/casinovape.de\/pt\/\">Dep\u00f3sito Europeu de Vapes<\/a> Al Fakher Crown Bar 8000 Puffs Pro Modo Duplo 0.5% Baixo Nikotina \u2013 Aut\u00eantico Recarreg\u00e1vel <a href=\"https:\/\/casinovape.de\/pt\/\">Caneta Vape Descart\u00e1vel<\/a><\/h2>\n<p><strong>Experimente o M\u00e1ximo em Vaping com <a href=\"https:\/\/casinovape.de\/pt\/categoria-de-produto\/al-fakher-vapes-descartaveis\/\">Al Fakher<\/a> Crown Bar Big Cloud 8000 PRO<\/strong><\/p>\n<p>O <strong>Al Fakher Crown Bar Big Cloud 8000 PRO<\/strong> N\u00e3o \u00e9 apenas um vape - \u00e9 uma experi\u00eancia premium projetada para aqueles que valorizam sabor superior, puffs poderosos e facilidade de uso. Projetado com tecnologia de dupla modalidade de ponta, esta caneta vape atende a todas as prefer\u00eancias, seja voc\u00ea preferir o <strong>Mouth-to-Lung (MTL)<\/strong> ou <strong>Direct-to-Lung (DTL) \nDireto-ao-Pulm\u00e3o (DTL)<\/strong> estilo de vaporiza\u00e7\u00e3o. Perfeito para vapers novatos e experientes, este vape descart\u00e1vel recarreg\u00e1vel oferece at\u00e9 <strong>8000 puffs<\/strong> com uma consist\u00eancia incompar\u00e1vel, garantindo um prazer duradouro.<\/p>\n<p>Na Casinovape, <strong>Principal varejista online da Alemanha para vaporizadores descart\u00e1veis<\/strong>, oferecemos este vape Al Fakher aut\u00eantico em unidades individuais, para que voc\u00ea possa comprar exatamente o que precisa sem requisito de compra m\u00ednima. Descubra o sabor rico de e-l\u00edquidos de alta qualidade enviados do nosso armaz\u00e9m europeu, com entrega r\u00e1pida em 3-7 dias em toda a UE. N\u00e3o se contente com menos - experimente as nuvens suaves e saborosas do Al Fakher Crown Bar Big Cloud 8000 PRO.<\/p>\n<p><img loading=\"lazy\" decoding=\"async\" class=\"alignnone wp-image-3676 size-full\" src=\"https:\/\/casinovape.de\/wp-content\/uploads\/2024\/09\/\u7b2c1\u9875-1-scaled.webp\" alt=\"Dep\u00f3sito Europeu Al Fakher Crown Bar 8000 Puffs Pro Modo Duplo 0.5% Baixo Nikotina Compre Original Aut\u00eantico Vapes Pen Recarreg\u00e1vel Descart\u00e1vel\" width=\"2006\" height=\"2560\" srcset=\"https:\/\/casinovape.de\/wp-content\/uploads\/2024\/09\/\u7b2c1\u9875-1-scaled.webp 2006w, https:\/\/casinovape.de\/wp-content\/uploads\/2024\/09\/\u7b2c1\u9875-1-235x300.webp 235w, https:\/\/casinovape.de\/wp-content\/uploads\/2024\/09\/\u7b2c1\u9875-1-802x1024.webp 802w, https:\/\/casinovape.de\/wp-content\/uploads\/2024\/09\/\u7b2c1\u9875-1-768x980.webp 768w, https:\/\/casinovape.de\/wp-content\/uploads\/2024\/09\/\u7b2c1\u9875-1-1203x1536.webp 1203w, https:\/\/casinovape.de\/wp-content\/uploads\/2024\/09\/\u7b2c1\u9875-1-1605x2048.webp 1605w, https:\/\/casinovape.de\/wp-content\/uploads\/2024\/09\/\u7b2c1\u9875-1-9x12.webp 9w, https:\/\/casinovape.de\/wp-content\/uploads\/2024\/09\/\u7b2c1\u9875-1-600x766.webp 600w\" sizes=\"auto, (max-width: 2006px) 100vw, 2006px\" \/><\/p>\n<hr \/>\n<h2><strong><a href=\"https:\/\/casinovape.de\/pt\/categoria-de-produto\/al-fakher-vapes-descartaveis\/\">Al Fakher<\/a> Crown Bar Big Cloud 8000 PRO <\/strong>Principais Recursos<\/h2>\n<ul>\n<li><strong>Capacidade de Puff Estendida<\/strong>: Desfrute at\u00e9 <strong>8000 puffs<\/strong> por dispositivo, tornando-o um dos vapes descart\u00e1veis mais dur\u00e1veis dispon\u00edveis.<\/li>\n<li><strong>Alta Capacidade de E-L\u00edquido<\/strong>: Cada dispositivo \u00e9 pr\u00e9-preenchido com <strong>18 ml de e-l\u00edquido<\/strong> contendo 0,51% de sal de nicotina, proporcionando uma experi\u00eancia suave e satisfat\u00f3ria.<\/li>\n<li><strong>Bateria Recarreg\u00e1vel Robusta 800 mAh<\/strong>: Equipado com um <strong>Porta Type-C<\/strong> para recarga r\u00e1pida e conveniente, mantendo seu dispositivo carregado e pronto para uso.<\/li>\n<li><strong>Tela de LED<\/strong>: Mantenha-se informado com atualiza\u00e7\u00f5es em tempo real sobre o n\u00edvel do seu e-l\u00edquido e a vida \u00fatil da bateria.<\/li>\n<li><strong>Modos Duplos de Vaporiza\u00e7\u00e3o<\/strong>: Escolha entre MTL para um tra\u00e7o mais apertado ou DTL para um tra\u00e7o mais cheio e focado nos pulm\u00f5es.<\/li>\n<li><strong>Experi\u00eancia tipo Shisha<\/strong>: Sinta o aut\u00eantico sabor do shisha em cada tragada, gra\u00e7as aos sabores e \u00e0 qualidade exclusivas de Al Fakher.<\/li>\n<\/ul>\n<hr \/>\n<h2><strong><a href=\"https:\/\/casinovape.de\/pt\/categoria-de-produto\/al-fakher-vapes-descartaveis\/\">Al Fakher<\/a> Crown Bar Big Cloud 8000 PRO <\/strong>Explore a Cole\u00e7\u00e3o de Sabores<\/h2>\n<p>Com uma sele\u00e7\u00e3o selecionada de sabores, o Al Fakher Crown Bar Big Cloud 8000 PRO \u00e9 projetado para proporcionar uma experi\u00eancia de sabor que o faz querer voltar. Cada sabor \u00e9 meticulosamente elaborado para capturar a ess\u00eancia do shisha em forma de vape, garantindo que cada tragada seja t\u00e3o satisfat\u00f3ria quanto a \u00faltima.<\/p>\n<ol>\n<li><strong>P\u00eassego Gelo<\/strong>: Mergulhe em uma explos\u00e3o de p\u00eassego suculento equilibrado com um final gelado refrescante, evocando a sensa\u00e7\u00e3o de um dia quente de ver\u00e3o.<\/li>\n<li><strong>Festa da Cereja<\/strong>: Deleite-se com cerejas maduras e doces que oferecem uma experi\u00eancia de celebra\u00e7\u00e3o a cada inala\u00e7\u00e3o.<\/li>\n<li><strong>Manga Gelo<\/strong>: Uma escapada tropical em cada tragada, misturando manga madura com uma exala\u00e7\u00e3o refrescante para uma vibe perfeita de ver\u00e3o.<\/li>\n<li><strong>Manga Abacaxi<\/strong>Uma mistura vibrante de manga doce e abacaxi tropical, transportando voc\u00ea para um para\u00edso \u00e0 beira-mar.<\/li>\n<li><strong>Sonho L\u00facido<\/strong>Uma fus\u00e3o sonhadora de sabores de frutas frescas que adiciona um toque de magia \u00e0 sua rotina de vaporiza\u00e7\u00e3o.<\/li>\n<li><strong>Hubba<\/strong>: Doce goma de mascar com um toque legal - uma mistura inesperada t\u00e3o deliciosa quanto refrescante.<\/li>\n<li><strong>Duas Ma\u00e7\u00e3s<\/strong>: O sabor cl\u00e1ssico de shisha de ma\u00e7\u00e3s vermelhas e verdes, habilmente equilibrado entre doce e \u00e1cido.<\/li>\n<li><strong>Lush Ice<\/strong>: Mel\u00e3o suculento encontra um final refrescante, criando uma sensa\u00e7\u00e3o refrescante e de resfriamento.<\/li>\n<li><strong>Suco de Morango<\/strong>Uma mistura de morango \u00e1cida e doce que revigora seus sentidos gustativos.<\/li>\n<li><strong>hortel\u00e3 de uva<\/strong>Uva suculenta combinada com um toque refrescante de hortel\u00e3, oferecendo um perfil de sabor doce e ao mesmo tempo refrescante.<\/li>\n<li><strong>Amor M\u00e1gico<\/strong>Uma cria\u00e7\u00e3o \u00fanica e frutal que encanta seus sentidos a cada tragada.<\/li>\n<li><strong>Lim\u00e3o Hortel\u00e3<\/strong>: Lim\u00e3o picante encontra hortel\u00e3 fresca para um vape refrescante durante o dia todo.<\/li>\n<li><strong>Sorvete de Amora<\/strong>Uma mistura de frutas vermelhas com uma exala\u00e7\u00e3o gelada e crocante, perfeita para os amantes de frutas vermelhas.<\/li>\n<li><strong>Blue Razz Lemonade \nn\u00e3o necessita de tradu\u00e7\u00e3o, mas se for para um contexto de tradu\u00e7\u00e3o, aqui est\u00e1: \nLimonada Azul Razz<\/strong>: Framboesa azul picante e lim\u00e3o se combinam para um sabor nost\u00e1lgico e de ver\u00e3o.<\/li>\n<li><strong>Oceano Azul<\/strong>: Um perfil fresco e ligeiramente salgado que lembra um dia junto ao mar.<\/li>\n<li><strong>Sorvete de Groselha Preta<\/strong>: A rica cassis encontra um final fresco, oferecendo um sabor sofisticado.<\/li>\n<li><strong>Lima Lim\u00e3o<\/strong>: Lim\u00e3o e lima brilhantes e c\u00edtricos se unem para criar uma mistura revigorante.<\/li>\n<li><strong>Goma de Mirtilo<\/strong>Um sabor de goma de mirtilo nost\u00e1lgico que \u00e9 ao mesmo tempo frutado e divertido.<\/li>\n<li><strong>Gum Mint<\/strong>: O doce fasc\u00ednio da goma associado a uma ponta refrescante para uma experi\u00eancia extraordin\u00e1ria.<\/li>\n<\/ol>\n<p>&nbsp;<\/p>\n<h2 class=\"markdown prose w-full break-words dark:prose-invert light\"><span style=\"font-size: 25.92px;\"><a href=\"https:\/\/casinovape.de\/pt\/categoria-de-produto\/al-fakher-einweg-e-zigarette\/\"><img loading=\"lazy\" decoding=\"async\" class=\"alignright wp-image-631\" src=\"https:\/\/casinovape.de\/wp-content\/uploads\/2024\/09\/Al-Fakher-Crown-Bar-PRO-8K-Al-Fakher-262869555-2.webp\" alt=\"Dep\u00f3sito Europeu Al Fakher Crown Bar Big Cloud 8000 PRO Puffs 0.5% Baixo Nikotina Compre Original Aut\u00eantico Vapes Pen Recarreg\u00e1vel Descart\u00e1vel\" width=\"2000\" height=\"2000\" srcset=\"https:\/\/casinovape.de\/wp-content\/uploads\/2024\/09\/Al-Fakher-Crown-Bar-PRO-8K-Al-Fakher-262869555-2.webp 2000w, https:\/\/casinovape.de\/wp-content\/uploads\/2024\/09\/Al-Fakher-Crown-Bar-PRO-8K-Al-Fakher-262869555-2-300x300.webp 300w, https:\/\/casinovape.de\/wp-content\/uploads\/2024\/09\/Al-Fakher-Crown-Bar-PRO-8K-Al-Fakher-262869555-2-1024x1024.webp 1024w, https:\/\/casinovape.de\/wp-content\/uploads\/2024\/09\/Al-Fakher-Crown-Bar-PRO-8K-Al-Fakher-262869555-2-150x150.webp 150w, https:\/\/casinovape.de\/wp-content\/uploads\/2024\/09\/Al-Fakher-Crown-Bar-PRO-8K-Al-Fakher-262869555-2-768x768.webp 768w, https:\/\/casinovape.de\/wp-content\/uploads\/2024\/09\/Al-Fakher-Crown-Bar-PRO-8K-Al-Fakher-262869555-2-1536x1536.webp 1536w, https:\/\/casinovape.de\/wp-content\/uploads\/2024\/09\/Al-Fakher-Crown-Bar-PRO-8K-Al-Fakher-262869555-2-600x600.webp 600w, https:\/\/casinovape.de\/wp-content\/uploads\/2024\/09\/Al-Fakher-Crown-Bar-PRO-8K-Al-Fakher-262869555-2-100x100.webp 100w\" sizes=\"auto, (max-width: 2000px) 100vw, 2000px\" \/><\/a><\/span><\/h2>\n<p>&nbsp;<\/p>\n<div class=\"md:pt-0 dark:border-white\/20 md:border-transparent md:dark:border-transparent w-full\">\n<div class=\"\">\n<div class=\"text-base px-3 md:px-4 m-auto w-full md:px-5 lg:px-4 xl:px-5\">\n<div class=\"mx-auto flex flex-1 gap-4 text-base md:gap-5 lg:gap-6 md:max-w-3xl lg:max-w-[40rem] xl:max-w-[48rem]\">\n<form class=\"w-full\" aria-haspopup=\"dialog\" aria-expanded=\"false\" aria-controls=\"radix-:rnl:\" data-state=\"closed\" action=\"\">\n<div class=\"relative flex h-full max-w-full flex-1 flex-col\">\n<div class=\"group relative flex w-full items-center\">\n<div class=\"flex w-full flex-col gap-1.5 rounded-[26px] p-1.5 transition-colors bg-[#f4f4f4] dark:bg-token-main-surface-secondary\">\n<div class=\"flex items-end gap-1.5 pl-4 md:gap-2\">\n<div class=\"flex min-w-0 flex-1 flex-col\">\n<div class=\"_prosemirror-parent_15ceg_1 text-token-text-primary max-h-[25dvh] max-h-52 overflow-auto default-browser\"><\/div>\n<\/div>\n<div class=\"min-w-8\"><\/div>\n<\/div>\n<\/div>\n<\/div>\n<\/div>\n<input type=\"hidden\" name=\"trp-form-language\" value=\"pt\"\/><\/form>\n<\/div>\n<\/div>\n<div class=\"relative w-full px-2 py-2 text-center text-xs text-token-text-secondary empty:hidden md:px-[60px]\">\n<div>\n<h2>Por que escolher <a href=\"https:\/\/casinovape.de\/pt\/categoria-de-produto\/al-fakher-vapes-descartaveis\/\">Al Fakher<\/a> Crown Bar Big Cloud 8000 PRO<\/h2>\n<p>Selecionar o vape certo pode elevar sua experi\u00eancia de vaporiza\u00e7\u00e3o de comum a extraordin\u00e1ria. O <strong>Al Fakher Crown Bar Big Cloud 8000 PRO<\/strong> oferece uma variedade de recursos e sabores, projetados para satisfazer at\u00e9 mesmo os vapers mais exigentes. Com a conveni\u00eancia das op\u00e7\u00f5es de dupla modalidade, este vape \u00e9 adapt\u00e1vel, seja para um trago r\u00e1pido ou um golpe mais profundo e de corpo inteiro. N\u00e3o s\u00f3 dura mais do que a maioria dos vapes descart\u00e1veis, mas tamb\u00e9m \u00e9 recarreg\u00e1vel, garantindo que voc\u00ea obtenha a vida m\u00e1xima de cada unidade.<\/p>\n<p>A reputa\u00e7\u00e3o da Al Fakher no mundo do shisha se traduz perfeitamente no mercado de vaporiza\u00e7\u00e3o, proporcionando-lhe sabores aut\u00eanticos que parecem uma verdadeira sess\u00e3o de shisha. Ao comprar na Casinovape, voc\u00ea n\u00e3o est\u00e1 obtendo apenas um vape de alta qualidade, mas tamb\u00e9m a garantia de <strong>Envio r\u00e1pido e europeu<\/strong> e <strong>servi\u00e7o focado no cliente<\/strong>Eleve sua experi\u00eancia de vaporiza\u00e7\u00e3o com um produto que combina sabor, tecnologia e conveni\u00eancia em um dispositivo elegante.<\/p>\n<hr \/>\n<h2>Conveni\u00eancia e Foco no Cliente<\/h2>\n<p>Em<a href=\"https:\/\/casinovape.de\/pt\/\"> <strong>Casinovape<\/strong><\/a>Acreditamos que a compra do seu vape deve ser t\u00e3o suave quanto a experi\u00eancia de us\u00e1-lo. \u00c9 por isso que oferecemos vendas individuais sem quantidade m\u00ednima exigida, atendendo diretamente o mercado europeu a partir de nosso <strong>armaz\u00e9m dedicado da UE<\/strong>. Com entrega em todo o continente em 3-7 dias, voc\u00ea n\u00e3o precisar\u00e1 esperar muito para aproveitar seu Al Fakher Crown Bar Big Cloud 8000 PRO.<\/p>\n<p>Seja voc\u00ea um vaper ocasional ou um entusiasta, nossa vasta sele\u00e7\u00e3o de sabores, recursos avan\u00e7ados de produto e compromisso com a qualidade fazem do Casinovape o destino final para vaporizadores descart\u00e1veis.<\/p>\n<hr \/>\n<h3>Compre Seu Al Fakher Crown Bar Big Cloud 8000 PRO Hoje!<\/h3>\n<p>Descubra o melhor do vape descart\u00e1vel com <strong>Al Fakher Crown Bar Big Cloud 8000 PRO<\/strong>Na Casinovape, trazemos at\u00e9 voc\u00ea a experi\u00eancia aut\u00eantica Al Fakher, envio r\u00e1pido e uma ampla variedade de sabores que redefine o vape descart\u00e1vel. Visite nosso site para encomendar o seu hoje mesmo e transforme cada tragada em um momento de verdadeiro prazer.<\/p>\n<p>Desfrute sua jornada de vape com qualidade, conveni\u00eancia e sabor entregues diretamente \u00e0 sua porta por <strong><a href=\"https:\/\/casinovape.de\/pt\/\">Casinovape<\/a> \u2013 O varejista de vape confi\u00e1vel da Europa<\/strong>.<\/p>\n<\/div>\n<\/div>\n<\/div>\n<\/div>","protected":false},"excerpt":{"rendered":"<p>Descubra o<strong> Al Fakher Crown Bar Big Cloud 8000 PRO<\/strong> Vape Descart\u00e1vel da Casinovape \u2013 O principal varejista da Europa para canetas vape aut\u00eanticas e de longa dura\u00e7\u00e3o. Desfrute de entrega r\u00e1pida na UE e uma variedade de sabores premium em cada tragada!<\/p>","protected":false},"featured_media":1199,"comment_status":"open","ping_status":"closed","template":"","meta":[],"product_brand":[],"product_cat":[16,78,79,80,81,82,84,86,88,89,90,91,92,94,95,96,98,99,65,66,67,68,69,70,71,72,73,74,75,76,77,57,58,45,48,50,47,52,54,55],"product_tag":[],"class_list":{"0":"post-596","1":"product","2":"type-product","3":"status-publish","4":"has-post-thumbnail","6":"product_cat-al-fakher-disposable-vapes","7":"product_cat-buy-best-disposable-vape-flavors","8":"product_cat-apple-flavor-disposable-vapes","9":"product_cat-blue-razz-flavor-disposable-vapes","10":"product_cat-blueberry-flavor-disposable-vapes","11":"product_cat-cherry-flavor-disposable-vapes","12":"product_cat-grape-flavor-disposable-vapes","13":"product_cat-ice-flavor-disposable-vapes","14":"product_cat-lemon-flavor-disposable-vapes","15":"product_cat-lush-flavor-disposable-vapes","16":"product_cat-mango-flavor-disposable-vapes","17":"product_cat-mint-flavor-disposable-vapes","18":"product_cat-mixed-berries-flavor-disposable-vapes","19":"product_cat-peach-flavor-disposable-vapes","20":"product_cat-pineapple-flavor-disposable-vapes","21":"product_cat-raspberry-flavor-disposable-vapes","22":"product_cat-strawberry-flavor-disposable-vapes","23":"product_cat-watermelon-flavor-disposable-vapes","24":"product_cat-best-disposable-vape-in-europe","25":"product_cat-buy-disposable-vapes-in-austria","26":"product_cat-buy-disposable-vapes-in-belgium","27":"product_cat-buy-disposable-vapes-in-france","28":"product_cat-buy-disposable-vapes-in-germany","29":"product_cat-buy-disposable-vapes-in-italy","30":"product_cat-buy-disposable-vapes-in-netherlands","31":"product_cat-buy-disposable-vapes-in-norway","32":"product_cat-buy-disposable-vapes-in-poland","33":"product_cat-buy-disposable-vapes-in-portugal","34":"product_cat-buy-disposable-vapes-in-spain","35":"product_cat-buy-disposable-vapes-in-sweden","36":"product_cat-buy-disposable-vapes-in-switzerland","37":"product_cat-shop-disposable-vapes-by-puffs","38":"product_cat-8000-puff-disposable-vape","39":"product_cat-disposable-vape-types","40":"product_cat-big-puffs-disposable-vapes","41":"product_cat-digital-box-disposable-vapes","42":"product_cat-full-screen-disposable-vapes","43":"product_cat-lower-nicotine-disposable-vapes","44":"product_cat-rechargeable-disposable-vapes","45":"product_cat-shisha-hookah-disposable-vapes","47":"first","48":"instock","49":"sale","50":"shipping-taxable","51":"purchasable","52":"product-type-variable"},"jetpack_sharing_enabled":true,"_links":{"self":[{"href":"https:\/\/casinovape.de\/pt\/wp-json\/wp\/v2\/product\/596","targetHints":{"allow":["GET"]}}],"collection":[{"href":"https:\/\/casinovape.de\/pt\/wp-json\/wp\/v2\/product"}],"about":[{"href":"https:\/\/casinovape.de\/pt\/wp-json\/wp\/v2\/types\/product"}],"replies":[{"embeddable":true,"href":"https:\/\/casinovape.de\/pt\/wp-json\/wp\/v2\/comments?post=596"}],"wp:featuredmedia":[{"embeddable":true,"href":"https:\/\/casinovape.de\/pt\/wp-json\/wp\/v2\/media\/1199"}],"wp:attachment":[{"href":"https:\/\/casinovape.de\/pt\/wp-json\/wp\/v2\/media?parent=596"}],"wp:term":[{"taxonomy":"product_brand","embeddable":true,"href":"https:\/\/casinovape.de\/pt\/wp-json\/wp\/v2\/product_brand?post=596"},{"taxonomy":"product_cat","embeddable":true,"href":"https:\/\/casinovape.de\/pt\/wp-json\/wp\/v2\/product_cat?post=596"},{"taxonomy":"product_tag","embeddable":true,"href":"https:\/\/casinovape.de\/pt\/wp-json\/wp\/v2\/product_tag?post=596"}],"curies":[{"name":"wp","href":"https:\/\/api.w.org\/{rel}","templated":true}]}}