{"id":4843,"date":"2024-12-09T03:42:25","date_gmt":"2024-12-09T03:42:25","guid":{"rendered":"https:\/\/casinovape.de\/?post_type=product&#038;p=4843"},"modified":"2025-06-29T07:22:31","modified_gmt":"2025-06-29T07:22:31","slug":"armazem-europeu-fumot-randm-caixa-digital-12000-baforadas-com-baixo-teor-de-nicotina-comprar-caneta-vapes-descartavel-recarregavel-autentica-original-2","status":"publish","type":"product","link":"https:\/\/casinovape.de\/pt\/produto\/armazem-europeu-fumot-randm-caixa-digital-12000-baforadas-com-baixo-teor-de-nicotina-comprar-caneta-vapes-descartavel-recarregavel-autentica-original-2\/","title":{"rendered":"Caneta Vape Descart\u00e1vel Recarreg\u00e1vel Aut\u00eantica do Armaz\u00e9m Europeu Tornado Aleat\u00f3rio 12000 Puffs Baixo Nicotina Compre Original"},"content":{"rendered":"<h2>Descubra o <a href=\"https:\/\/casinovape.de\/pt\/categoria-de-produto\/vapes-descartaveis-aleatorios\/\">Random Tornado 12000 Puffs<\/a> Recarreg\u00e1vel Vape Descart\u00e1vel: Sua Experi\u00eancia de Vapeo Definitiva<\/h2>\n<p>Quando se trata de experi\u00eancias de vaporiza\u00e7\u00e3o de alta qualidade e longa dura\u00e7\u00e3o, o <strong>Caneta Vape Descart\u00e1vel Recarreg\u00e1vel Random Tornado 12000 Puffs<\/strong> destaca-se como um dos principais candidatos. Cheio de um <strong>capacidade de e-l\u00edquido de 20 ml enorme<\/strong> e oferecendo um incr\u00edvel <strong>12.000 puffs<\/strong> por dispositivo, este kit de vape garante satisfa\u00e7\u00e3o para aqueles que anseiam por nuvens consistentes e saborosas. N\u00e3o \u00e9 apenas o tamanho que impressiona \u2014 o <strong>bateria recarreg\u00e1vel interna de 850 mAh<\/strong> garante que voc\u00ea possa desfrutar de vaporizar durante sess\u00f5es prolongadas sem a necessidade de substitui\u00e7\u00f5es frequentes. Al\u00e9m disso, com seu <strong>Porta de carregamento Type-C<\/strong>Voc\u00ea aproveitar\u00e1 recargas r\u00e1pidas e eficientes.<\/p>\n<p>Desenhado com <strong>6 luzes RGB<\/strong> que iluminam enquanto voc\u00ea vapeia, o Random Tornado 12000 cria um efeito fresco e atraente, tornando suas sess\u00f5es t\u00e3o visualmente cativantes quanto satisfat\u00f3rias. Se voc\u00ea \u00e9 um vaper experiente ou novo no mundo dos vapes descart\u00e1veis, este dispositivo foi projetado para atender aos padr\u00f5es mais altos da comunidade de vaping.<\/p>\n<p>O <strong>Tornado Aleat\u00f3rio 12000<\/strong> oferece uma ampla variedade de sabores, cada um elaborado com e-l\u00edquido premium para um sabor incompar\u00e1vel. Se voc\u00ea est\u00e1 procurando por um sabor frutado refrescante ou algo com um sabor de vape mais tradicional, este dispositivo cobre voc\u00ea. Com <strong>fluxo de ar ajust\u00e1vel<\/strong>, voc\u00ea pode personalizar cada puff para o seu n\u00edvel desejado, seja para uma inala\u00e7\u00e3o suave ou para uma experi\u00eancia repleta de nuvens.<\/p>\n<p>Para sua conveni\u00eancia, o <strong>Random Tornado 12000 Puffs<\/strong> \u00e9 vendido individualmente, o que significa que voc\u00ea pode desfrutar de um dispositivo de cada vez, sem necessidade de pedido m\u00ednimo. Entregue a partir de nossos <strong>Dep\u00f3sito Europeu de Vapes<\/strong>, voc\u00ea pode ter certeza de que seu kit de vape chegar\u00e1 em <strong>3-7 dias<\/strong> sem complica\u00e7\u00f5es.<\/p>\n<p>Nosso <strong>Casinovape<\/strong> A plataforma tem orgulho de oferecer a maior sele\u00e7\u00e3o de vaporizadores descart\u00e1veis na Alemanha. Vendemos marcas premium como <strong>Al Fakher<\/strong>, <strong>Fizzy<\/strong>, <strong>OBEELAB HHC<\/strong>, <strong>Randm Fumot<\/strong>e <strong>SMPO DL02<\/strong>, atendendo a grupos de varejo e clientes individuais em toda a UE. Voc\u00ea encontrar\u00e1 pre\u00e7os incompar\u00e1veis, servi\u00e7o de primeira linha e os melhores produtos de vaporiza\u00e7\u00e3o aqui em <strong>Casinovape<\/strong>.<\/p>\n<p>Vamos mergulhar mais fundo no assunto <strong>Random Tornado 12000 Puffs<\/strong> e explore suas caracter\u00edsticas, benef\u00edcios e por que \u00e9 a escolha perfeita para voc\u00ea.<\/p>\n<h2>Caracter\u00edsticas do <a href=\"https:\/\/casinovape.de\/pt\/categoria-de-produto\/vapes-descartaveis-aleatorios\/\">Random Tornado 12000 Puffs<\/a> Vape Descart\u00e1vel Recarreg\u00e1vel<\/h2>\n<ul>\n<li><strong>12.000 Puffs<\/strong>: Desfrute de aproximadamente 12.000 puffs por dispositivo, tornando este vape descart\u00e1vel uma das op\u00e7\u00f5es mais duradouras do mercado.<\/li>\n<li><strong>Capacidade de E-L\u00edquido 20 ml<\/strong>: Este vape \u00e9 pr\u00e9-preenchido com 20 ml de e-l\u00edquido, o que garante que voc\u00ea n\u00e3o acabar\u00e1 com seu sabor favorito t\u00e3o cedo.<\/li>\n<li><strong>2% For\u00e7a da Nicotina<\/strong>: O dispositivo vem pr\u00e9-instalado com uma for\u00e7a de nicotina de 2% (20 mg), perfeito para aqueles que preferem um impacto satisfat\u00f3rio na garganta a cada tragada.<\/li>\n<li><strong>Bateria Recarreg\u00e1vel 850 mAh<\/strong>: Com uma bateria recarreg\u00e1vel embutida, voc\u00ea pode facilmente recarregar seu dispositivo para uso cont\u00ednuo, garantindo um desempenho duradouro.<\/li>\n<li><strong>Porta de Carregamento Tipo-C<\/strong>: O dispositivo possui uma moderna porta de carregamento Type-C, permitindo que voc\u00ea recarregue rapidamente e convenientemente seu kit de vape por horas de divers\u00e3o.<\/li>\n<li><strong>6 Luzes RGB<\/strong>: A ilumina\u00e7\u00e3o RGB vibrante ativa-se quando voc\u00ea inhala, adicionando um toque de estilo \u00e0 sua experi\u00eancia de vaporiza\u00e7\u00e3o.<\/li>\n<li><strong>Controle de Fluxo de Ar Ajust\u00e1vel<\/strong>: O recurso de controle de fluxo de ar d\u00e1 a voc\u00ea a capacidade de personalizar sua experi\u00eancia de vaporiza\u00e7\u00e3o, permitindo que voc\u00ea escolha entre uma tragada apertada ou a\u00e9rea.<\/li>\n<li><strong>Leve e Port\u00e1til<\/strong>O design compacto facilita o transporte e \u00e9 perfeito para vaporiza\u00e7\u00e3o em movimento sem o volume dos vaporizadores tradicionais.<\/li>\n<\/ul>\n<h2>Por que voc\u00ea deve comprar o <a href=\"https:\/\/casinovape.de\/pt\/categoria-de-produto\/vapes-descartaveis-aleatorios\/\">Random Tornado 12000 Puffs<\/a><\/h2>\n<p>N\u00e3o h\u00e1 d\u00favida de que o <strong>Random Tornado 12000 Puffs<\/strong> \u00e9 um divisor de \u00e1guas no mundo dos vaporizadores descart\u00e1veis. Aqui est\u00e1 por que \u00e9 a melhor escolha para voc\u00ea:<\/p>\n<ul>\n<li><strong>Experi\u00eancia de Vape de Longa Dura\u00e7\u00e3o<\/strong>Com <strong>12.000 puffs<\/strong> e <strong>20 ml de e-l\u00edquido<\/strong>, voc\u00ea obt\u00e9m mais valor por vape, reduzindo a necessidade de substitui\u00e7\u00f5es frequentes. Isso o torna uma excelente escolha para vapers pesados.<\/li>\n<li><strong>Conveni\u00eancia Recarreg\u00e1vel<\/strong>: Ao contr\u00e1rio de outros vaporizadores descart\u00e1veis, o <strong>Tornado Aleat\u00f3rio 12000<\/strong> vem com um <strong>bateria recarreg\u00e1vel 850 mAh<\/strong>Isso significa que voc\u00ea pode recarregar o dispositivo v\u00e1rias vezes, prolongando sua vida \u00fatil e reduzindo o desperd\u00edcio.<\/li>\n<li><strong>Fluxo de Ar Personaliz\u00e1vel<\/strong>: Ajuste o fluxo de ar de acordo com sua prefer\u00eancia, seja para uma experi\u00eancia suave ou mais intensa e forte. Este recurso aumenta a versatilidade do dispositivo e o torna adequado para diferentes estilos de vaporiza\u00e7\u00e3o.<\/li>\n<li><strong>Sabores Excepcionais<\/strong>Com uma extensa lista de sabores vibrantes para escolher, o <strong>Tornado Aleat\u00f3rio 12000<\/strong> garante que voc\u00ea encontrar\u00e1 o sabor perfeito para combinar com seu humor e prefer\u00eancia. \u00c9 um tratamento para seus bot\u00f5es gustativos com cada tragada.<\/li>\n<li><strong>Ilumina\u00e7\u00e3o RGB para Estilo<\/strong>: O integrado <strong>6 luzes RGB<\/strong> Torne o vaping mais divertido e visualmente atraente. \u00c9 uma maneira legal de se destacar, seja voc\u00ea vapando em ambientes fechados ou ao ar livre.<\/li>\n<li><strong>Entrega R\u00e1pida<\/strong>: Desde que enviamos diretamente de nossos <strong>Dep\u00f3sito Europeu de Vapes<\/strong>, voc\u00ea pode esperar entrega r\u00e1pida e confi\u00e1vel dentro <strong>3-7 dias<\/strong>N\u00e3o h\u00e1 necessidade de esperar semanas para que seu kit de vape chegue.<\/li>\n<li><strong>Marcas de Vape de Alta Qualidade<\/strong>: Em <a href=\"https:\/\/casinovape.de\/pt\/\"><strong>Casinovape<\/strong><\/a>, vendemos apenas marcas de vape confi\u00e1veis e premium, garantindo qualidade e satisfa\u00e7\u00e3o em cada compra.<\/li>\n<\/ul>\n<p><img loading=\"lazy\" decoding=\"async\" class=\"alignnone wp-image-4864 size-full\" src=\"https:\/\/casinovape.de\/wp-content\/uploads\/2024\/12\/Fumot-RandM-Digital-Box-12000-Puffs-2.webp\" alt=\"Caneta Vape Descart\u00e1vel Recarreg\u00e1vel Aut\u00eantica do Armaz\u00e9m Europeu Tornado Aleat\u00f3rio 12000 Puffs Baixo Nicotina Compre Original \" width=\"1280\" height=\"1810\" srcset=\"https:\/\/casinovape.de\/wp-content\/uploads\/2024\/12\/Fumot-RandM-Digital-Box-12000-Puffs-2.webp 1280w, https:\/\/casinovape.de\/wp-content\/uploads\/2024\/12\/Fumot-RandM-Digital-Box-12000-Puffs-2-212x300.webp 212w, https:\/\/casinovape.de\/wp-content\/uploads\/2024\/12\/Fumot-RandM-Digital-Box-12000-Puffs-2-724x1024.webp 724w, https:\/\/casinovape.de\/wp-content\/uploads\/2024\/12\/Fumot-RandM-Digital-Box-12000-Puffs-2-768x1086.webp 768w, https:\/\/casinovape.de\/wp-content\/uploads\/2024\/12\/Fumot-RandM-Digital-Box-12000-Puffs-2-1086x1536.webp 1086w, https:\/\/casinovape.de\/wp-content\/uploads\/2024\/12\/Fumot-RandM-Digital-Box-12000-Puffs-2-8x12.webp 8w, https:\/\/casinovape.de\/wp-content\/uploads\/2024\/12\/Fumot-RandM-Digital-Box-12000-Puffs-2-600x848.webp 600w\" sizes=\"auto, (max-width: 1280px) 100vw, 1280px\" \/><\/p>\n<h2>Explore os Sabores do Random Tornado 12000 Puffs<\/h2>\n<p>O <strong>Random Tornado 12000 Puffs<\/strong> oferece uma ampla variedade de sabores que atendem a diferentes gostos. Se voc\u00ea \u00e9 f\u00e3 de misturas frutadas, mentolas geladas ou cl\u00e1ssicos favoritos, h\u00e1 algo para todos. Aqui est\u00e1 uma an\u00e1lise dos sabores dispon\u00edveis:<\/p>\n<ol>\n<li><strong>Bolo de goma<\/strong><br \/>\nUm sabor doce e nost\u00e1lgico que traz de volta mem\u00f3rias da inf\u00e2ncia. Perfeito para quem gosta de um sabor a\u00e7ucarado e mastig\u00e1vel com uma sensa\u00e7\u00e3o leve e divertida.<\/li>\n<li><strong>Cherry Cola<\/strong><br \/>\nUma fus\u00e3o efervescente e \u00e1cida de cerejas doces e cola cl\u00e1ssica, proporcionando uma explos\u00e3o vibrante de sabor em cada tragada.<\/li>\n<li><strong>Cereja<\/strong><br \/>\nRico e suculento, este sabor captura a ess\u00eancia de cerejas frescas e doces, oferecendo uma experi\u00eancia satisfat\u00f3ria para os amantes de frutas.<\/li>\n<li><strong>Sorvete de Uva<\/strong><br \/>\nUma combina\u00e7\u00e3o refrescante de uva doce e mentol refrescante, criando um equil\u00edbrio perfeito de frutado e frio gelado.<\/li>\n<li><strong>Picol\u00e9<\/strong><br \/>\nUm sabor fresco e \u00e1cido que imita o sabor cl\u00e1ssico do picol\u00e9, oferecendo uma experi\u00eancia de vaporiza\u00e7\u00e3o refrescante e frutada.<\/li>\n<li><strong>Lush Ice<\/strong><br \/>\nUma mistura perfeita de melancia doce e mentol gelado, oferecendo uma sensa\u00e7\u00e3o suave e refrescante a cada tragada.<\/li>\n<li><strong>Manga no Gelo<\/strong><br \/>\nSabor de manga tropical combinado com uma tor\u00e7\u00e3o refrescante de mentol, criando uma experi\u00eancia de vaporiza\u00e7\u00e3o ex\u00f3tica e refrescante.<\/li>\n<li><strong>hortel\u00e3<\/strong><br \/>\nUm sabor de hortel\u00e3 crocante e revigorante que esfria os sentidos e proporciona uma inala\u00e7\u00e3o limpa e refrescante.<\/li>\n<li><strong>Mirtilos Mistos<\/strong><br \/>\nUma mistura de v\u00e1rias frutas vermelhas, incluindo morangos, framboesas e mirtilos, para uma experi\u00eancia doce e \u00e1cida.<\/li>\n<li><strong>P\u00eassego Gelo<\/strong><br \/>\nUm sabor de p\u00eassego suculento combinado com um toque de mentol, oferecendo um vape equilibrado e suave com um toque frutado.<\/li>\n<li><strong>Morango Banana<\/strong><br \/>\nUma deliciosa combina\u00e7\u00e3o de morangos maduros e bananas cremosas, proporcionando um perfil de sabor doce e indulgente.<\/li>\n<li><strong>Donut de Morango<\/strong><br \/>\nUm sabor inspirado em sobremesa que combina morangos doces com a bondade quente e massuda de um donut rec\u00e9m-assado.<\/li>\n<li><strong>Morango Uva<\/strong><br \/>\nUma combina\u00e7\u00e3o perfeita de morangos suculentos e uvas, oferecendo uma experi\u00eancia de vape doce e \u00e1cida que \u00e9 ao mesmo tempo refrescante e satisfat\u00f3ria.<\/li>\n<li><strong>Sorvete de Morango<\/strong><br \/>\nUm sabor doce e frutado de morango, aprimorado com um toque de mentol gelado para um vape fresco e refrescante.<\/li>\n<li><strong>Morango Mel\u00e3o de \u00c1gua<\/strong><br \/>\nUma fus\u00e3o frutada de morangos maduros e melancia suculenta, criando um equil\u00edbrio perfeito de do\u00e7ura e frescura.<\/li>\n<li><strong>Melancia Gelo<\/strong><br \/>\nUm sabor de melancia refrescado perfeito para aqueles dias quentes de ver\u00e3o. Doce, refrescante e aprimorado com um toque de mentol fresco.<\/li>\n<\/ol>\n<hr \/>\n<p><strong>Pronto para Experimentar o Melhor que o Vaping Tem a Oferecer?<\/strong><br \/>\nN\u00e3o espere \u2014 obtenha seu <strong>Vape Descart\u00e1vel Recarreg\u00e1vel Random Tornado 12000 Puffs<\/strong> hoje no <a href=\"https:\/\/casinovape.de\/pt\/\"><strong>Casinovape<\/strong><\/a>a maior plataforma de varejo online para vaporizadores descart\u00e1veis em <strong>Alemanha<\/strong>Desfrute de produtos de alta qualidade, envio r\u00e1pido e pre\u00e7os incompar\u00e1veis. <strong>Compre agora<\/strong> e leve sua experi\u00eancia de vaporiza\u00e7\u00e3o ao pr\u00f3ximo n\u00edvel!<\/p>","protected":false},"excerpt":{"rendered":"<div class=\"flex-shrink-0 flex flex-col relative items-end\">\n<div class=\"pt-0\">\n<div class=\"gizmo-shadow-stroke flex h-8 w-8 items-center justify-center overflow-hidden rounded-full\">\n<div class=\"h-full w-full\">\n<div class=\"gizmo-shadow-stroke overflow-hidden rounded-full\">O <strong>Random Tornado 12000 Puffs<\/strong> Kit descart\u00e1vel recarreg\u00e1vel com 12.000 tragadas, capacidade de 20ml de e-l\u00edquido com 2% de nicotina, bateria recarreg\u00e1vel de 850mAh, 6 luzes RGB, controle de fluxo de ar ajust\u00e1vel e uma variedade de sabores deliciosos para uma experi\u00eancia de vaporiza\u00e7\u00e3o duradoura e personaliz\u00e1vel.<\/div>\n<\/div>\n<\/div>\n<\/div>\n<\/div>","protected":false},"featured_media":4870,"comment_status":"open","ping_status":"closed","template":"","meta":[],"product_brand":[],"product_cat":[39,78,82,83,84,86,89,90,91,92,94,98,99,65,66,67,68,69,70,71,72,73,74,75,76,77,57,60,45,48,50,52,54],"product_tag":[],"class_list":{"0":"post-4843","1":"product","2":"type-product","3":"status-publish","4":"has-post-thumbnail","6":"product_cat-random-disposable-vapes","7":"product_cat-buy-best-disposable-vape-flavors","8":"product_cat-cherry-flavor-disposable-vapes","9":"product_cat-cola-flavor-disposable-vapes","10":"product_cat-grape-flavor-disposable-vapes","11":"product_cat-ice-flavor-disposable-vapes","12":"product_cat-lush-flavor-disposable-vapes","13":"product_cat-mango-flavor-disposable-vapes","14":"product_cat-mint-flavor-disposable-vapes","15":"product_cat-mixed-berries-flavor-disposable-vapes","16":"product_cat-peach-flavor-disposable-vapes","17":"product_cat-strawberry-flavor-disposable-vapes","18":"product_cat-watermelon-flavor-disposable-vapes","19":"product_cat-best-disposable-vape-in-europe","20":"product_cat-buy-disposable-vapes-in-austria","21":"product_cat-buy-disposable-vapes-in-belgium","22":"product_cat-buy-disposable-vapes-in-france","23":"product_cat-buy-disposable-vapes-in-germany","24":"product_cat-buy-disposable-vapes-in-italy","25":"product_cat-buy-disposable-vapes-in-netherlands","26":"product_cat-buy-disposable-vapes-in-norway","27":"product_cat-buy-disposable-vapes-in-poland","28":"product_cat-buy-disposable-vapes-in-portugal","29":"product_cat-buy-disposable-vapes-in-spain","30":"product_cat-buy-disposable-vapes-in-sweden","31":"product_cat-buy-disposable-vapes-in-switzerland","32":"product_cat-shop-disposable-vapes-by-puffs","33":"product_cat-12000-puff-disposable-vape","34":"product_cat-disposable-vape-types","35":"product_cat-big-puffs-disposable-vapes","36":"product_cat-digital-box-disposable-vapes","37":"product_cat-lower-nicotine-disposable-vapes","38":"product_cat-rechargeable-disposable-vapes","40":"first","41":"outofstock","42":"shipping-taxable","43":"product-type-variable"},"jetpack_sharing_enabled":true,"_links":{"self":[{"href":"https:\/\/casinovape.de\/pt\/wp-json\/wp\/v2\/product\/4843","targetHints":{"allow":["GET"]}}],"collection":[{"href":"https:\/\/casinovape.de\/pt\/wp-json\/wp\/v2\/product"}],"about":[{"href":"https:\/\/casinovape.de\/pt\/wp-json\/wp\/v2\/types\/product"}],"replies":[{"embeddable":true,"href":"https:\/\/casinovape.de\/pt\/wp-json\/wp\/v2\/comments?post=4843"}],"wp:featuredmedia":[{"embeddable":true,"href":"https:\/\/casinovape.de\/pt\/wp-json\/wp\/v2\/media\/4870"}],"wp:attachment":[{"href":"https:\/\/casinovape.de\/pt\/wp-json\/wp\/v2\/media?parent=4843"}],"wp:term":[{"taxonomy":"product_brand","embeddable":true,"href":"https:\/\/casinovape.de\/pt\/wp-json\/wp\/v2\/product_brand?post=4843"},{"taxonomy":"product_cat","embeddable":true,"href":"https:\/\/casinovape.de\/pt\/wp-json\/wp\/v2\/product_cat?post=4843"},{"taxonomy":"product_tag","embeddable":true,"href":"https:\/\/casinovape.de\/pt\/wp-json\/wp\/v2\/product_tag?post=4843"}],"curies":[{"name":"wp","href":"https:\/\/api.w.org\/{rel}","templated":true}]}}