{"id":4352,"date":"2024-11-27T12:52:05","date_gmt":"2024-11-27T12:52:05","guid":{"rendered":"https:\/\/casinovape.de\/?post_type=product&#038;p=4352"},"modified":"2025-04-08T08:13:44","modified_gmt":"2025-04-08T08:13:44","slug":"armazem-europeu-vozol-star-20000-baforadas-com-baixo-teor-de-nicotina-comprar-caneta-vapes-descartavel-autentica-e-recarregavel-original-2","status":"publish","type":"product","link":"https:\/\/casinovape.de\/pt\/produto\/armazem-europeu-vozol-star-20000-baforadas-com-baixo-teor-de-nicotina-comprar-caneta-vapes-descartavel-autentica-e-recarregavel-original-2\/","title":{"rendered":"Armaz\u00e9m Europeu Vozol Star 20000 Puffs Baixo Nicotina Compre Original Aut\u00eantico Vapes Pen Recarreg\u00e1vel Descart\u00e1vel"},"content":{"rendered":"<div class=\"flex-shrink-0 flex flex-col relative items-end\">\n<div>\n<div class=\"pt-0\">\n<div class=\"gizmo-shadow-stroke flex h-8 w-8 items-center justify-center overflow-hidden rounded-full\">\n<div class=\"h-full w-full\">\n<div style=\"width: 360px;\" class=\"wp-video\"><!--[if lt IE 9]><script>document.createElement('video');<\/script><![endif]-->\n<video class=\"wp-video-shortcode\" id=\"video-4352-1\" width=\"360\" height=\"640\" preload=\"metadata\" controls=\"controls\"><source type=\"video\/mp4\" src=\"https:\/\/casinovape.de\/wp-content\/uploads\/2024\/11\/vozol-star-20000.mp4?_=1\" \/><a href=\"https:\/\/casinovape.de\/wp-content\/uploads\/2024\/11\/vozol-star-20000.mp4\">https:\/\/casinovape.de\/wp-content\/uploads\/2024\/11\/vozol-star-20000.mp4<\/a><\/video><\/div>\n<\/div>\n<\/div>\n<\/div>\n<\/div>\n<\/div>\n<div class=\"group\/conversation-turn relative flex w-full min-w-0 flex-col agent-turn\">\n<div class=\"flex-col gap-1 md:gap-3\">\n<div class=\"flex max-w-full flex-col flex-grow\">\n<div class=\"min-h-8 text-message flex w-full flex-col items-end gap-2 whitespace-normal break-words [.text-message+&amp;]:mt-5\" dir=\"auto\" data-message-author-role=\"assistant\" data-message-id=\"19eefec6-29ef-4aae-8d64-1b6d062299fc\" data-message-model-slug=\"gpt-4o\">\n<div class=\"flex w-full flex-col gap-1 empty:hidden first:pt-[3px]\">\n<div class=\"markdown prose w-full break-words dark:prose-invert light\">\n<h2><a href=\"https:\/\/casinovape.de\/pt\/categoria-de-produto\/vapes-descartaveis-vozol\/\">Vozol<\/a> Star 20000 Puffs Disposable Vape: A Experi\u00eancia de Vapeo Definitiva<\/h2>\n<p>Quando se trata de vaporizadores descart\u00e1veis, o <strong>Vozol Star 20000 Puffs<\/strong> estabelece um novo padr\u00e3o de desempenho, estilo e conveni\u00eancia. Projetado com tecnologia de ponta, este dispositivo oferece tudo o que um vaper pode pedir: pot\u00eancia duradoura, uma experi\u00eancia de vaporiza\u00e7\u00e3o superior e est\u00e9tica elegante. Se voc\u00ea \u00e9 um vaper experiente ou est\u00e1 apenas come\u00e7ando, o Vozol Star 20000 Puffs \u00e9 uma adi\u00e7\u00e3o indispens\u00e1vel \u00e0 sua cole\u00e7\u00e3o.<\/p>\n<h2>Vis\u00e3o Geral Detalhada do Produto: <a href=\"https:\/\/casinovape.de\/pt\/categoria-de-produto\/vapes-descartaveis-vozol\/\">Vozol Star 20000 Puffs<\/a> Vape Descart\u00e1vel<\/h2>\n<p>O <strong>Vozol Star 20000 Puffs Vape Descart\u00e1vel<\/strong> destaca-se no mercado lotado de vaporizadores descart\u00e1veis com seu desempenho impressionante e recursos f\u00e1ceis de usar. Ao contr\u00e1rio dos vaporizadores tradicionais, o Vozol Star oferece uma op\u00e7\u00e3o recarreg\u00e1vel, tornando-o ecol\u00f3gico e econ\u00f4mico. Com uma ampla variedade de sabores vibrantes e uma gama de recursos avan\u00e7ados, \u00e9 personalizado para atender \u00e0s necessidades de qualquer vaper.<\/p>\n<h3>Desempenho Poderoso e Duradouro<\/h3>\n<p>Um dos recursos de destaque do Vozol Star 20000 Puffs \u00e9 o seu <strong>Capacidade de 20.000 puffs<\/strong>Essa longevidade garante que voc\u00ea possa desfrutar de sess\u00f5es prolongadas de vaporiza\u00e7\u00e3o sem precisar substituir o dispositivo constantemente, tornando-o altamente econ\u00f4mico para usu\u00e1rios frequentes. A bateria de longa dura\u00e7\u00e3o e os recursos integrados, como bobinas de dupla malha e uma bateria recarreg\u00e1vel, permitem uma <strong>experi\u00eancia de vaporiza\u00e7\u00e3o suave<\/strong> todas as vezes. Diga adeus a reabastecimentos e substitui\u00e7\u00f5es frequentes; o Vozol Star garante durabilidade sem comprometer o sabor ou a qualidade do vapor.<\/p>\n<h3>Bobinas de Malha Dupla para Sabor Superior<\/h3>\n<p>O Vozol Star 20000 usa <strong>bobinas de malha dupla<\/strong> que s\u00e3o projetadas para fornecer sabores mais ricos e vapor mais denso. Essas bobinas otimizam sua experi\u00eancia de vaporiza\u00e7\u00e3o, aprimorando o sabor e a produ\u00e7\u00e3o de vapor, criando uma tragada satisfat\u00f3ria e agrad\u00e1vel cada vez que voc\u00ea d\u00e1 uma tragada. Se voc\u00ea prefere <strong>vapor leve<\/strong> ou <strong>Nuvens densas<\/strong>, as bobinas de malha dupla garantem que voc\u00ea obtenha o perfil de sabor que voc\u00ea anseia.<\/p>\n<h3>Modos Duais para Personaliza\u00e7\u00e3o<\/h3>\n<p>O <strong>funcionalidade de modo dual<\/strong> do Vozol Star 20000 \u00e9 perfeito para quem deseja personalizar sua experi\u00eancia. O <strong>Modo Eco<\/strong> garante um vapor mais suave e leve para aqueles que preferem um efeito mais sutil, enquanto <strong>Modo de Energia<\/strong> entrega nuvens maiores e mais intensas para uma experi\u00eancia de vaporiza\u00e7\u00e3o mais completa. Alternar entre esses modos \u00e9 simples - basta pressionar um bot\u00e3o para alternar entre eles, dando a voc\u00ea controle sobre sua sess\u00e3o de vaporiza\u00e7\u00e3o.<\/p>\n<h3>Design Compacto, Estiloso e Funcional<\/h3>\n<p>Com seu design elegante <strong>acabamento met\u00e1lico gradiente<\/strong> e <strong>tela espelho HD<\/strong>, o Vozol Star 20000 n\u00e3o s\u00f3 tem um bom desempenho, mas tamb\u00e9m tem uma \u00f3tima apar\u00eancia. O <strong>tela espelhada<\/strong> fornece informa\u00e7\u00f5es claras, incluindo n\u00edveis de bateria e status de e-l\u00edquido, para que voc\u00ea esteja sempre informado sobre o desempenho do seu dispositivo. <strong>designo compacto<\/strong> garante portabilidade, permitindo que voc\u00ea leve seu vape a qualquer lugar, sem sacrificar o estilo.<\/p>\n<h3>Carregamento R\u00e1pido e Conveni\u00eancia<\/h3>\n<p>Cansado de esperar que seu dispositivo carregue? O <strong>Vozol Star 20000<\/strong> pode ser totalmente carregado em apenas <strong>30 minutos<\/strong>garantindo que voc\u00ea volte a vaporizar rapidamente. Al\u00e9m disso, o <strong>MTL (Boca-para-Pulm\u00e3o)<\/strong> O design oferece uma sensa\u00e7\u00e3o familiar semelhante \u00e0 fumar, tornando-o uma excelente escolha para aqueles que est\u00e3o mudando de cigarros.<\/p>\n<h3>Projeto Higi\u00eanico e Seguro<\/h3>\n<p>O <strong>prote\u00e7\u00e3o de bocal<\/strong> O recurso garante que a boquilha permane\u00e7a limpa e higi\u00eanica, mantendo contaminantes como poeira e detritos afastados da boquilha quando n\u00e3o em uso. Essa aten\u00e7\u00e3o \u00e0 higiene \u00e9 uma das raz\u00f5es pelas quais o Vozol Star se destaca como um dispositivo de vaporiza\u00e7\u00e3o de primeira linha.<\/p>\n<h3>Perfeito para Iniciantes e Especialistas igualmente<\/h3>\n<p>O <strong>Vozol Star 20000 Puffs<\/strong> \u00e9 projetado para ser amig\u00e1vel para iniciantes, com recursos simples e funcionalidade f\u00e1cil. Se voc\u00ea \u00e9 um novato no mundo do vaping ou um vaper experiente, este dispositivo \u00e9 uma excelente escolha. Seu design simples o torna ideal para aqueles que est\u00e3o come\u00e7ando, enquanto seus recursos avan\u00e7ados satisfar\u00e3o as prefer\u00eancias de vapers experientes.<\/p>\n<h2>Caracter\u00edsticas do Vozol Star 20000 Puffs Vape Descart\u00e1vel<\/h2>\n<ul>\n<li><strong>20.000+ Puffs<\/strong>: Sess\u00f5es prolongadas de vaporiza\u00e7\u00e3o, reduzindo a necessidade de substitui\u00e7\u00f5es frequentes.<\/li>\n<li><strong>Recarreg\u00e1vel<\/strong>: Ecol\u00f3gico e econ\u00f4mico com uma bateria de carregamento r\u00e1pido (totalmente carregada em apenas 30 minutos).<\/li>\n<li><strong>Bobinas de Malha Dupla<\/strong>: Entrega sabor rico e vapor denso para uma tragada satisfat\u00f3ria.<\/li>\n<li><strong>Modos Duais<\/strong>: Modo Eco para vapor mais leve e Modo Power para nuvens densas.<\/li>\n<li><strong>Tela de LED<\/strong>: Fornece atualiza\u00e7\u00f5es em tempo real sobre os n\u00edveis de bateria e l\u00edquido eletr\u00f4nico.<\/li>\n<li><strong>5% For\u00e7a da Nicotina<\/strong>: Satisfa\u00e7\u00e3o de nicotina para uma experi\u00eancia de vaporiza\u00e7\u00e3o satisfat\u00f3ria.<\/li>\n<li><strong>Projeto MTL<\/strong>: Ideal para vaporizadores de boca para pulm\u00e3o que desejam uma experi\u00eancia mais suave, semelhante ao fumar.<\/li>\n<li><strong>Prote\u00e7\u00e3o da Boca<\/strong>: O design higi\u00eanico evita a contamina\u00e7\u00e3o.<\/li>\n<li><strong>Design Elegante e Compacto<\/strong>: Acabamento met\u00e1lico gradiente com uma caixa branca elegante para portabilidade e apelo est\u00e9tico.<\/li>\n<\/ul>\n<h2>Vozol Star 20000 Puffs Sabores<\/h2>\n<p>O Vozol Star 20000 Puffs vem em uma ampla variedade de sabores deliciosos. Se voc\u00ea est\u00e1 no clima para algo frutado, gelado ou doce, h\u00e1 um sabor para todos. Aqui est\u00e1 uma lista completa dos sabores dispon\u00edveis:<\/p>\n<p><img loading=\"lazy\" decoding=\"async\" class=\"alignnone wp-image-3623 size-full\" src=\"https:\/\/casinovape.de\/wp-content\/uploads\/2024\/11\/vozol-star-20000.webp\" alt=\"Armaz\u00e9m Europeu Vozol Star 20000 Puffs Baixo Nicotina Compre Original Aut\u00eantico Vapes Pen Recarreg\u00e1vel Descart\u00e1vel\" width=\"1131\" height=\"1600\" srcset=\"https:\/\/casinovape.de\/wp-content\/uploads\/2024\/11\/vozol-star-20000.webp 1131w, https:\/\/casinovape.de\/wp-content\/uploads\/2024\/11\/vozol-star-20000-212x300.webp 212w, https:\/\/casinovape.de\/wp-content\/uploads\/2024\/11\/vozol-star-20000-724x1024.webp 724w, https:\/\/casinovape.de\/wp-content\/uploads\/2024\/11\/vozol-star-20000-768x1086.webp 768w, https:\/\/casinovape.de\/wp-content\/uploads\/2024\/11\/vozol-star-20000-1086x1536.webp 1086w, https:\/\/casinovape.de\/wp-content\/uploads\/2024\/11\/vozol-star-20000-8x12.webp 8w, https:\/\/casinovape.de\/wp-content\/uploads\/2024\/11\/vozol-star-20000-600x849.webp 600w\" sizes=\"auto, (max-width: 1131px) 100vw, 1131px\" \/><\/p>\n<ol>\n<li><strong>Melancia Gelo<\/strong>: Um sabor refrescante e refrescante de melancia, perfeito para dias quentes. A exala\u00e7\u00e3o gelada acrescenta uma reviravolta refrescante.<\/li>\n<li><strong>Sorvete de Uva<\/strong>Um sabor de uva suave e suculento complementado por um toque de gelo refrescante que \u00e9 ao mesmo tempo revigorante e satisfat\u00f3rio.<\/li>\n<li><strong>Manga Gelo<\/strong>: Doce sabor tropical de manga combinado com um final gelado refrescante, oferecendo o refresco frutal definitivo.<\/li>\n<li><strong>Duplo Sorvete de Ma\u00e7\u00e3<\/strong>Uma mistura de duas variedades de ma\u00e7\u00e3 \u2014 doce e \u00e1cida \u2014 combinadas com uma nota de gelo gelado para um equil\u00edbrio delicioso.<\/li>\n<li><strong>Morango Kiwi<\/strong>A combina\u00e7\u00e3o perfeita de morango suculento e kiwi \u00e1cido, criando um perfil de sabor doce e ex\u00f3tico.<\/li>\n<li><strong>Morangos Melancia<\/strong>Uma mistura frutada de framboesas \u00e1cidas e mel\u00e3o doce, oferecendo um sabor leve e refrescante.<\/li>\n<li><strong>Blue Razz Ice<\/strong>Um sabor de framboesa azul doce e \u00e1cido, com um final gelado refrescante para elevar o sabor.<\/li>\n<li><strong>Morango Manga<\/strong>Uma combina\u00e7\u00e3o tropical de manga madura e morango doce, criando uma mistura frutal perfeitamente equilibrada.<\/li>\n<li><strong>P\u00eassego Manga Mel\u00e3o<\/strong>Uma combina\u00e7\u00e3o de p\u00eassegos suculentos, mangos tropicais e mel\u00e3o doce, perfeito para quem gosta de sabores frutados em camadas.<\/li>\n<li><strong>Cherry Cola<\/strong>Um sabor de cola cereja nost\u00e1lgico, oferecendo uma experi\u00eancia de vape doce e efervescente com um acabamento suave.<\/li>\n<li><strong>Sorvete de P\u00eassego Suculento<\/strong>: O sabor suculento de p\u00eassegos maduros, real\u00e7ado com um toque gelado para uma experi\u00eancia extra refrescante.<\/li>\n<li><strong>Dragon StrawNana<\/strong>Uma mistura \u00fanica de pitaya, morango e banana, oferecendo um perfil de sabor doce e ex\u00f3tico.<\/li>\n<li><strong>Mirtilos Mistos<\/strong>Uma deliciosa combina\u00e7\u00e3o de v\u00e1rias frutas vermelhas, proporcionando uma explos\u00e3o de sabor doce e \u00e1cido em cada puf.<\/li>\n<li><strong>Lima Lim\u00e3o<\/strong>: Uma mistura picante de sabores de lim\u00e3o e lima \u00e1cidos, perfeita para quem gosta de vaporizadores c\u00edtricos.<\/li>\n<li><strong>Tropical Blast<\/strong>Uma mistura tropical de frutas ex\u00f3ticas, proporcionando um sabor doce e refrescante a cada inala\u00e7\u00e3o.<\/li>\n<li><strong>Tempestade de Mirtilo<\/strong>Um sabor de mirtilo suave com notas de do\u00e7ura e leve acidez, perfeito para os amantes de frutas vermelhas.<\/li>\n<li><strong>Perfume Lim\u00e3o<\/strong>Um sabor de lim\u00e3o c\u00edtrico e floral, oferecendo um sabor fresco e revigorante.<\/li>\n<li><strong>Laranja Abacate L\u00edrio do Mato n\u00e3o,  Laranja  Abacaxi  Lichia<\/strong>: Uma mistura tropical de laranja doce, abacaxi \u00e1cido e lichia ex\u00f3tica, perfeita para quem quer um surto de sabor tropical.<\/li>\n<li><strong>Love 777<\/strong>Uma mistura \u00fanica e misteriosa de frutas e balas, oferecendo uma experi\u00eancia doce e saborosa.<\/li>\n<li><strong>Morangro Ma\u00e7\u00e3 Mel\u00e3o Abacaxi<\/strong>Uma mistura refrescante de framboesa, ma\u00e7\u00e3, mel\u00e3o e abacaxi, proporcionando uma combina\u00e7\u00e3o doce e \u00e1cida de sabores.<\/li>\n<\/ol>\n<h2>Por que escolher <a href=\"https:\/\/casinovape.de\/pt\/categoria-de-produto\/vapes-descartaveis-vozol\/\">Vozol<\/a> Star 20000 Puffs Vape Descart\u00e1vel<\/h2>\n<ul>\n<li><strong>Sabor Excepcional<\/strong>: Com a tecnologia avan\u00e7ada de bobina de malha, o Vozol Star 20000 Puffs oferece um sabor excepcional que ir\u00e1 satisfazer seus desejos a cada tragada.<\/li>\n<li><strong>Acess\u00edvel e Conveniente<\/strong>Com 20.000 puffs, este dispositivo de vape oferece um grande valor pelo dinheiro, reduzindo a necessidade de substitui\u00e7\u00f5es e recargas frequentes.<\/li>\n<li><strong>Carregamento R\u00e1pido<\/strong>: Carregue totalmente o seu dispositivo em apenas 30 minutos, minimizando o tempo de inatividade e maximizando o seu prazer de vaporizar.<\/li>\n<li><strong>Ampla Variedade de Sabores<\/strong>: De op\u00e7\u00f5es frutadas a op\u00e7\u00f5es geladas, h\u00e1 um sabor para atender a todas as prefer\u00eancias, garantindo que voc\u00ea nunca se canse.<\/li>\n<li><strong>Qualidade e Seguran\u00e7a<\/strong>O Vozol Star 20000 Puffs vem com uma pe\u00e7a bucal higi\u00eanica e desempenho confi\u00e1vel, garantindo uma experi\u00eancia de vaporiza\u00e7\u00e3o segura e agrad\u00e1vel.<\/li>\n<\/ul>\n<h2>Compre Vozol Star 20000 Puffs de <a href=\"https:\/\/casinovape.de\/pt\/\">Casinovape<\/a><\/h2>\n<p>Casinovape \u00e9 o l\u00edder <strong>plataforma de varejo online<\/strong> para vaporizadores descart\u00e1veis no <strong>Alemanha<\/strong>. Oferecemos uma ampla gama de marcas de alta qualidade, incluindo <strong>Al Fakher<\/strong>, <strong>Fizzy<\/strong>, <strong>OBEELAB HHC<\/strong>, <strong>Randm Fumot<\/strong>e <strong>SMPO DL02<\/strong>, tudo a pre\u00e7os inigual\u00e1veis. Sem quantidade m\u00ednima de pedido e envio r\u00e1pido a partir de nossos <strong>Dep\u00f3sito de vaporizadores europeu<\/strong>, voc\u00ea pode desfrutar de seus vapes descart\u00e1veis favoritos em apenas <strong>3-7 dias<\/strong>. Seja comprando apenas um ou v\u00e1rios, a Casinovape garante uma experi\u00eancia de compra suave e sem complica\u00e7\u00f5es.<\/p>\n<p><strong>Fa\u00e7a o pedido agora<\/strong> e desfrute da experi\u00eancia de vaporiza\u00e7\u00e3o definitiva com Vozol Star 20000 Puffs!<\/p>\n<\/div>\n<\/div>\n<\/div>\n<\/div>\n<\/div>\n<\/div>","protected":false},"excerpt":{"rendered":"<p>Loja <strong>Vozol Star 20000 Puffs<\/strong> Vape Descart\u00e1vel na Casinovape, com desempenho de longa dura\u00e7\u00e3o, sabores ricos e carregamento r\u00e1pido. Desfrute de vaporiza\u00e7\u00e3o premium sem pedido m\u00ednimo e entrega r\u00e1pida do nosso armaz\u00e9m europeu.<\/p>","protected":false},"featured_media":5259,"comment_status":"open","ping_status":"closed","template":"","meta":[],"product_brand":[],"product_cat":[22,78,79,80,81,82,83,84,86,87,88,90,92,94,95,96,98,99,65,66,67,68,69,70,71,72,73,74,75,76,77,57,63,45,48,50,51,47,52,54],"product_tag":[],"class_list":{"0":"post-4352","1":"product","2":"type-product","3":"status-publish","4":"has-post-thumbnail","6":"product_cat-vozol-disposable-vapes","7":"product_cat-buy-best-disposable-vape-flavors","8":"product_cat-apple-flavor-disposable-vapes","9":"product_cat-blue-razz-flavor-disposable-vapes","10":"product_cat-blueberry-flavor-disposable-vapes","11":"product_cat-cherry-flavor-disposable-vapes","12":"product_cat-cola-flavor-disposable-vapes","13":"product_cat-grape-flavor-disposable-vapes","14":"product_cat-ice-flavor-disposable-vapes","15":"product_cat-kiwi-flavor-disposable-vapes","16":"product_cat-lemon-flavor-disposable-vapes","17":"product_cat-mango-flavor-disposable-vapes","18":"product_cat-mixed-berries-flavor-disposable-vapes","19":"product_cat-peach-flavor-disposable-vapes","20":"product_cat-pineapple-flavor-disposable-vapes","21":"product_cat-raspberry-flavor-disposable-vapes","22":"product_cat-strawberry-flavor-disposable-vapes","23":"product_cat-watermelon-flavor-disposable-vapes","24":"product_cat-best-disposable-vape-in-europe","25":"product_cat-buy-disposable-vapes-in-austria","26":"product_cat-buy-disposable-vapes-in-belgium","27":"product_cat-buy-disposable-vapes-in-france","28":"product_cat-buy-disposable-vapes-in-germany","29":"product_cat-buy-disposable-vapes-in-italy","30":"product_cat-buy-disposable-vapes-in-netherlands","31":"product_cat-buy-disposable-vapes-in-norway","32":"product_cat-buy-disposable-vapes-in-poland","33":"product_cat-buy-disposable-vapes-in-portugal","34":"product_cat-buy-disposable-vapes-in-spain","35":"product_cat-buy-disposable-vapes-in-sweden","36":"product_cat-buy-disposable-vapes-in-switzerland","37":"product_cat-shop-disposable-vapes-by-puffs","38":"product_cat-20000-puff-disposable-vape","39":"product_cat-disposable-vape-types","40":"product_cat-big-puffs-disposable-vapes","41":"product_cat-digital-box-disposable-vapes","42":"product_cat-dual-mesh-disposable-vapes","43":"product_cat-full-screen-disposable-vapes","44":"product_cat-lower-nicotine-disposable-vapes","45":"product_cat-rechargeable-disposable-vapes","47":"first","48":"instock","49":"sale","50":"shipping-taxable","51":"purchasable","52":"product-type-variable"},"jetpack_sharing_enabled":true,"_links":{"self":[{"href":"https:\/\/casinovape.de\/pt\/wp-json\/wp\/v2\/product\/4352","targetHints":{"allow":["GET"]}}],"collection":[{"href":"https:\/\/casinovape.de\/pt\/wp-json\/wp\/v2\/product"}],"about":[{"href":"https:\/\/casinovape.de\/pt\/wp-json\/wp\/v2\/types\/product"}],"replies":[{"embeddable":true,"href":"https:\/\/casinovape.de\/pt\/wp-json\/wp\/v2\/comments?post=4352"}],"wp:featuredmedia":[{"embeddable":true,"href":"https:\/\/casinovape.de\/pt\/wp-json\/wp\/v2\/media\/5259"}],"wp:attachment":[{"href":"https:\/\/casinovape.de\/pt\/wp-json\/wp\/v2\/media?parent=4352"}],"wp:term":[{"taxonomy":"product_brand","embeddable":true,"href":"https:\/\/casinovape.de\/pt\/wp-json\/wp\/v2\/product_brand?post=4352"},{"taxonomy":"product_cat","embeddable":true,"href":"https:\/\/casinovape.de\/pt\/wp-json\/wp\/v2\/product_cat?post=4352"},{"taxonomy":"product_tag","embeddable":true,"href":"https:\/\/casinovape.de\/pt\/wp-json\/wp\/v2\/product_tag?post=4352"}],"curies":[{"name":"wp","href":"https:\/\/api.w.org\/{rel}","templated":true}]}}