{"id":116,"date":"2024-09-24T13:10:29","date_gmt":"2024-09-24T13:10:29","guid":{"rendered":"https:\/\/casinovape.de\/?post_type=product&#038;p=116"},"modified":"2025-05-28T14:13:33","modified_gmt":"2025-05-28T14:13:33","slug":"armazem-europeu-efervescente-otimo-10000-baforadas-baixo-nikotin-comprar-original-autentico-caneta-vapes-descartavel-recarregavel","status":"publish","type":"product","link":"https:\/\/casinovape.de\/pt\/produto\/armazem-europeu-efervescente-otimo-10000-baforadas-baixo-nikotin-comprar-original-autentico-caneta-vapes-descartavel-recarregavel\/","title":{"rendered":"Armaz\u00e9m Europeu Fizzy GREAT 10000 Puffs Baixo Nikotina Compre Original Aut\u00eantico Vapes Pen Recarreg\u00e1vel Descart\u00e1vel"},"content":{"rendered":"<div style=\"width: 1020px;\" class=\"wp-video\"><!--[if lt IE 9]><script>document.createElement('video');<\/script><![endif]-->\n<video class=\"wp-video-shortcode\" id=\"video-116-1\" width=\"1020\" height=\"1020\" preload=\"metadata\" controls=\"controls\"><source type=\"video\/mp4\" src=\"https:\/\/casinovape.de\/wp-content\/uploads\/2024\/09\/Fizzy-Great-10000puffs-\u5b9e\u62cd\u89c6\u9891.mp4?_=1\" \/><a href=\"https:\/\/casinovape.de\/wp-content\/uploads\/2024\/09\/Fizzy-Great-10000puffs-\u5b9e\u62cd\u89c6\u9891.mp4\">https:\/\/casinovape.de\/wp-content\/uploads\/2024\/09\/Fizzy-Great-10000puffs-\u5b9e\u62cd\u89c6\u9891.mp4<\/a><\/video><\/div>\n<h1><a href=\"https:\/\/casinovape.de\/pt\/\">Armaz\u00e9m Europeu<\/a> Fizzy GREAT 10000 Puffs: Seu Premium Recarreg\u00e1vel <a href=\"https:\/\/casinovape.de\/pt\/\">Caneta Vape Descart\u00e1vel<\/a><\/h1>\n<h2>Introdu\u00e7\u00e3o<\/h2>\n<p>O <strong>Fizzy GREAT 10000 Puffs Vape Descart\u00e1vel<\/strong> n\u00e3o \u00e9 apenas um cigarro eletr\u00f4nico; ele incorpora o auge do prazer de vaporizar para aqueles que apreciam sabor, conveni\u00eancia e qualidade. Este dispositivo elegante e port\u00e1til oferece um desempenho impressionante de at\u00e9 10.000 tragadas, tornando-o a escolha perfeita para aqueles que desejam se entregar em movimento. Seja voc\u00ea est\u00e1 socializando ou relaxando em casa, este vape garante momentos inesquec\u00edveis de prazer a cada tragada.<\/p>\n<h2>Detalhes do Produto<\/h2>\n<ul>\n<li><strong>Marca<\/strong>: FIZZY<\/li>\n<li><strong>Modelo<\/strong>: FIZZY GREAT<\/li>\n<li><strong>Tamanho do Produto<\/strong>: 85,3 mm x 53 mm<\/li>\n<li><strong>Capacidade da bateria<\/strong>: 650 mAh (Tipo-C)<\/li>\n<li><strong>Capacidade do Pod<\/strong>: 18 ml<\/li>\n<li><strong>For\u00e7a da Nicotina<\/strong>: Dispon\u00edvel em 5% e 2%<\/li>\n<li><strong>Puffs<\/strong>: At\u00e9 10.000<\/li>\n<\/ul>\n<h2>Caracter\u00edsticas do <a href=\"https:\/\/casinovape.de\/pt\/categoria-de-produto\/vapes-descartaveis-efervescentes\/\">Fizzy<\/a> GRANDE 10000 Puffs<\/h2>\n<p>O Fizzy GREAT \u00e9 projetado para elevar sua experi\u00eancia de vaporiza\u00e7\u00e3o. Abaixo est\u00e3o os recursos de destaque que diferenciam este produto:<\/p>\n<ul>\n<li><strong>Dura\u00e7\u00e3o Prolongada de Vaporiza\u00e7\u00e3o<\/strong>: Com a capacidade de fornecer at\u00e9 10.000 puffs, este dispositivo \u00e9 projetado para sess\u00f5es de longa dura\u00e7\u00e3o, permitindo que voc\u00ea aproveite seus sabores favoritos sem interrup\u00e7\u00f5es.<\/li>\n<li><strong>M\u00faltiplos N\u00edveis de Nicotina<\/strong>: Personalize sua experi\u00eancia selecionando entre as for\u00e7as de nicotina 2% e 5%, garantindo que voc\u00ea encontre o equil\u00edbrio perfeito para suas necessidades.<\/li>\n<li><strong>Capacidade Ampla de E-L\u00edquido<\/strong>: O generoso reservat\u00f3rio de e-l\u00edquido de 18 ml garante que voc\u00ea ter\u00e1 um suprimento substancial para um prolongado desfrute, minimizando a necessidade de substitui\u00e7\u00f5es frequentes.<\/li>\n<li><strong>Tecnologia Avan\u00e7ada de Bobina de Malha<\/strong>Esta tecnologia inovadora proporciona uma intensidade de sabor aprimorada e uma produ\u00e7\u00e3o de vapor consistente, criando uma experi\u00eancia de vaporiza\u00e7\u00e3o rica e satisfat\u00f3ria.<\/li>\n<li><strong>Design Compacto e Port\u00e1til<\/strong>Seu design elegante e leve o torna ideal para carregar no bolso ou na bolsa, tornando-o perfeito para vaporizar em movimento.<\/li>\n<li><strong>Capacidade de Carregamento R\u00e1pido<\/strong>: Apresentando uma porta de carregamento Type-C e uma bateria recarreg\u00e1vel de 650 mAh, este vape permite um carregamento r\u00e1pido e conveniente, para que voc\u00ea nunca fique sem energia por muito tempo.<\/li>\n<\/ul>\n<h2><img loading=\"lazy\" decoding=\"async\" class=\"alignnone wp-image-140 size-full\" src=\"https:\/\/casinovape.de\/wp-content\/uploads\/2024\/09\/fizzy\u53e3\u5473\u56fe1.webp\" alt=\"Armaz\u00e9m Europeu Fizzy GREAT 10000 Puffs Baixo Nikotina Compre Original Aut\u00eantico Vapes Pen Recarreg\u00e1vel Descart\u00e1vel\" width=\"1280\" height=\"839\" srcset=\"https:\/\/casinovape.de\/wp-content\/uploads\/2024\/09\/fizzy\u53e3\u5473\u56fe1.webp 1280w, https:\/\/casinovape.de\/wp-content\/uploads\/2024\/09\/fizzy\u53e3\u5473\u56fe1-300x197.webp 300w, https:\/\/casinovape.de\/wp-content\/uploads\/2024\/09\/fizzy\u53e3\u5473\u56fe1-1024x671.webp 1024w, https:\/\/casinovape.de\/wp-content\/uploads\/2024\/09\/fizzy\u53e3\u5473\u56fe1-768x503.webp 768w, https:\/\/casinovape.de\/wp-content\/uploads\/2024\/09\/fizzy\u53e3\u5473\u56fe1-600x393.webp 600w\" sizes=\"auto, (max-width: 1280px) 100vw, 1280px\" \/><\/h2>\n<h2>Variedade de Sabores da<a href=\"https:\/\/casinovape.de\/pt\/categoria-de-produto\/vapes-descartaveis-efervescentes\/\"> Fizzy<\/a> GRANDE 10000 Puffs<\/h2>\n<p>O Fizzy GREAT oferece uma gama cativante de sabores, cada um cuidadosamente elaborado para proporcionar uma experi\u00eancia \u00fanica e intensa. Aqui est\u00e1 uma an\u00e1lise detalhada dos sabores dispon\u00edveis:<\/p>\n<ol>\n<li><strong>Mel\u00e3o<\/strong><br \/>\nExperimente a do\u00e7ura suculenta de melancia rec\u00e9m-cortada, proporcionando um final refrescante perfeito para dias quentes de ver\u00e3o.<\/li>\n<li><strong>Blueberry Ice<\/strong><br \/>\nUma deliciosa combina\u00e7\u00e3o de mirtilos doces combinados com um toque refrescante de mentol, ideal para uma pausa revigorante.<\/li>\n<li><strong>Sorvete de Uva<\/strong><br \/>\nA do\u00e7ura de uvas maduras complementada por uma sensa\u00e7\u00e3o refrescante, criando uma experi\u00eancia frutada que certamente agradar\u00e1 a todos os vapers.<\/li>\n<li><strong>Lichia Lim\u00e3o<\/strong><br \/>\nUma fus\u00e3o ex\u00f3tica de lichia doce e lim\u00e3o c\u00edtrico, revigorando seus sentidos com um toque refrescante.<\/li>\n<li><strong>Abacaxi P\u00eassego Maracuj\u00e1<\/strong><br \/>\nUma del\u00edcia tropical, misturando a do\u00e7ura do abacaxi com a frescura do p\u00eassego e um toque de maracuj\u00e1 para um sabor inesquec\u00edvel.<\/li>\n<li><strong>Morang\u00e3o Uva<\/strong><br \/>\nUma mistura luxuosa de framboesas doces e uvas suculentas, criando uma experi\u00eancia frutada perfeita para o desfrute di\u00e1rio.<\/li>\n<li><strong>P\u00eassego<\/strong><br \/>\nO sabor suculento de p\u00eassegos maduros, oferecendo uma experi\u00eancia de vaporiza\u00e7\u00e3o deliciosa que permanece atemporal.<\/li>\n<li><strong>Manga P\u00eassego<\/strong><br \/>\nA do\u00e7ura rica de mangos maduros entrela\u00e7ada com a frescura frutal de p\u00eassegos, resultando numa explos\u00e3o de sabor.<\/li>\n<li><strong>Mirtilos Mistos<\/strong><br \/>\nUma mistura harmoniosa de v\u00e1rias frutas vermelhas, oferecendo um perfil doce, por\u00e9m \u00e1cido, para uma experi\u00eancia de vaporiza\u00e7\u00e3o satisfat\u00f3ria.<\/li>\n<li><strong>Melancia Morango Limonada<\/strong><br \/>\nEssa combina\u00e7\u00e3o \u00fanica de melancia doce e morangos suculentos com um toque de limonada proporciona um refresco puro.<\/li>\n<\/ol>\n<h2>Conclus\u00e3o<\/h2>\n<p>Melhore sua experi\u00eancia de vaporiza\u00e7\u00e3o com o <strong>Fizzy GREAT 10000 Puffs Vape Descart\u00e1vel<\/strong>Com sua superior habilidade artesanal, impressionante variedade de sabores e alta capacidade, \u00e9 a escolha ideal para todos os vapers na Alemanha. N\u00e3o perca a oportunidade de elevar sua experi\u00eancia; visite <a href=\"https:\/\/casinovape.de\/pt\/\"><strong>Casinovape<\/strong><\/a> Hoje, para comprar o seu pr\u00f3prio vape descart\u00e1vel. Como a maior plataforma de varejo online de vapes descart\u00e1veis na Alemanha, garantimos entrega r\u00e1pida do nosso armaz\u00e9m de vape europeu, com o seu pedido chegando em 3-7 dias. Experimente a diferen\u00e7a hoje e prepare-se para uma aventura de vaporiza\u00e7\u00e3o sem igual!<\/p>","protected":false},"excerpt":{"rendered":"<div class=\"flex-shrink-0 flex flex-col relative items-end\">\n<div class=\"pt-0\">\n<div class=\"gizmo-shadow-stroke flex h-8 w-8 items-center justify-center overflow-hidden rounded-full\">\n<div class=\"h-full w-full\">Descubra o <strong>Fizzy GREAT 10000 Puffs<\/strong> Vape Descart\u00e1vel na Casinovape - seu destino principal para vaporizadores descart\u00e1veis recarreg\u00e1veis de alta qualidade na Alemanha. Desfrute de uma variedade de sabores deliciosos e envio r\u00e1pido de nosso armaz\u00e9m europeu!<\/div>\n<\/div>\n<\/div>\n<\/div>","protected":false},"featured_media":1109,"comment_status":"open","ping_status":"closed","template":"","meta":[],"product_brand":[],"product_cat":[19,78,79,81,84,86,88,90,92,93,94,95,96,98,99,65,66,67,68,69,70,71,72,73,74,75,76,77,57,59,45,48,52,54],"product_tag":[],"class_list":{"0":"post-116","1":"product","2":"type-product","3":"status-publish","4":"has-post-thumbnail","6":"product_cat-fizzy-disposable-vapes","7":"product_cat-buy-best-disposable-vape-flavors","8":"product_cat-apple-flavor-disposable-vapes","9":"product_cat-blueberry-flavor-disposable-vapes","10":"product_cat-grape-flavor-disposable-vapes","11":"product_cat-ice-flavor-disposable-vapes","12":"product_cat-lemon-flavor-disposable-vapes","13":"product_cat-mango-flavor-disposable-vapes","14":"product_cat-mixed-berries-flavor-disposable-vapes","15":"product_cat-passion-fruit-flavor-disposable-vapes","16":"product_cat-peach-flavor-disposable-vapes","17":"product_cat-pineapple-flavor-disposable-vapes","18":"product_cat-raspberry-flavor-disposable-vapes","19":"product_cat-strawberry-flavor-disposable-vapes","20":"product_cat-watermelon-flavor-disposable-vapes","21":"product_cat-best-disposable-vape-in-europe","22":"product_cat-buy-disposable-vapes-in-austria","23":"product_cat-buy-disposable-vapes-in-belgium","24":"product_cat-buy-disposable-vapes-in-france","25":"product_cat-buy-disposable-vapes-in-germany","26":"product_cat-buy-disposable-vapes-in-italy","27":"product_cat-buy-disposable-vapes-in-netherlands","28":"product_cat-buy-disposable-vapes-in-norway","29":"product_cat-buy-disposable-vapes-in-poland","30":"product_cat-buy-disposable-vapes-in-portugal","31":"product_cat-buy-disposable-vapes-in-spain","32":"product_cat-buy-disposable-vapes-in-sweden","33":"product_cat-buy-disposable-vapes-in-switzerland","34":"product_cat-shop-disposable-vapes-by-puffs","35":"product_cat-10000-puff-disposable-vape","36":"product_cat-disposable-vape-types","37":"product_cat-big-puffs-disposable-vapes","38":"product_cat-lower-nicotine-disposable-vapes","39":"product_cat-rechargeable-disposable-vapes","41":"first","42":"outofstock","43":"shipping-taxable","44":"product-type-variable"},"jetpack_sharing_enabled":true,"_links":{"self":[{"href":"https:\/\/casinovape.de\/pt\/wp-json\/wp\/v2\/product\/116","targetHints":{"allow":["GET"]}}],"collection":[{"href":"https:\/\/casinovape.de\/pt\/wp-json\/wp\/v2\/product"}],"about":[{"href":"https:\/\/casinovape.de\/pt\/wp-json\/wp\/v2\/types\/product"}],"replies":[{"embeddable":true,"href":"https:\/\/casinovape.de\/pt\/wp-json\/wp\/v2\/comments?post=116"}],"wp:featuredmedia":[{"embeddable":true,"href":"https:\/\/casinovape.de\/pt\/wp-json\/wp\/v2\/media\/1109"}],"wp:attachment":[{"href":"https:\/\/casinovape.de\/pt\/wp-json\/wp\/v2\/media?parent=116"}],"wp:term":[{"taxonomy":"product_brand","embeddable":true,"href":"https:\/\/casinovape.de\/pt\/wp-json\/wp\/v2\/product_brand?post=116"},{"taxonomy":"product_cat","embeddable":true,"href":"https:\/\/casinovape.de\/pt\/wp-json\/wp\/v2\/product_cat?post=116"},{"taxonomy":"product_tag","embeddable":true,"href":"https:\/\/casinovape.de\/pt\/wp-json\/wp\/v2\/product_tag?post=116"}],"curies":[{"name":"wp","href":"https:\/\/api.w.org\/{rel}","templated":true}]}}