{"id":1034,"date":"2024-10-20T09:33:26","date_gmt":"2024-10-20T09:33:26","guid":{"rendered":"https:\/\/casinovape.de\/?page_id=1034"},"modified":"2024-11-03T09:44:59","modified_gmt":"2024-11-03T09:44:59","slug":"ofertas-de-cupons-casinovape","status":"publish","type":"page","link":"https:\/\/casinovape.de\/pt\/ofertas-de-cupons-casinovape\/","title":{"rendered":"Cup\u00f5es e Ofertas do CasinoVape"},"content":{"rendered":"<section class=\"section\" id=\"section_912938124\">\n\t\t<div class=\"section-bg fill\" >\n\t\t\t\t\t\t\t\t\t\n\t\t\t\n\n\t\t<\/div>\n\n\t\t\n\n\t\t<div class=\"section-content relative\">\n\t\t\t\n<div class=\"row row-small\"  id=\"row-1089903493\">\n\n\t<div id=\"col-1104593931\" class=\"col medium-12 small-12 large-6\"  >\n\t\t\t\t<div class=\"col-inner\"  >\n\t\t\t\n\t\t\t\n<h2><strong>Vape Descart\u00e1vel <\/strong><strong>Cup\u00f5es e Ofertas \u2013 CasinoVape<\/strong><\/h2>\n<p>Bem-vindo ao CasinoVape, sua loja online premium para cigarros eletr\u00f4nicos descart\u00e1veis de alta qualidade, orgulhosamente atendendo o mercado da UE. Oferecemos uma sele\u00e7\u00e3o impressionante das marcas de vape mais procuradas, como Al Fakher, Fizzy, OBEELAB HHC e SMPO DL02. Projetados para oferecer uma experi\u00eancia de vaporiza\u00e7\u00e3o perfeita, o CasinoVape est\u00e1 comprometido com um excelente servi\u00e7o ao cliente e ofertas emocionais personalizadas apenas para voc\u00ea.<\/p>\n<h3>Ofertas Atuais:<\/h3>\n<ul>\n<li><strong>Frete Gr\u00e1tis<\/strong>: Desfrute de frete gr\u00e1tis em toda a Alemanha em pedidos acima de \u20ac49,99! Enviamos rapidamente de nossos armaz\u00e9ns europeus, com entrega em 3 a 7 dias \u00fateis.<\/li>\n<li><strong>Promo\u00e7\u00f5es Especiais<\/strong>: N\u00e3o perca nossas descontos por tempo limitado e ofertas exclusivas, atualizadas regularmente. Certifique-se de verificar frequentemente para descobrir ofertas especiais em seus vapes favoritos.<\/li>\n<\/ul>\n<h3>Op\u00e7\u00f5es de Pagamento Flex\u00edveis<\/h3>\n<p>Oferecemos op\u00e7\u00f5es de pagamento seguras e vers\u00e1teis, incluindo PayPal, cart\u00f5es de cr\u00e9dito e transfer\u00eancias banc\u00e1rias SEPA para clientes em toda a Europa. Al\u00e9m disso, aceitamos pagamentos em criptomoedas para maior comodidade.<\/p>\n<h3>Por que Comprar na CasinoVape?<\/h3>\n<ul>\n<li><strong>Qualidade Premium<\/strong>Nossos cigarros eletr\u00f4nicos descart\u00e1veis s\u00e3o cuidadosamente selecionados para oferecer uma experi\u00eancia de vaporiza\u00e7\u00e3o superior com uma variedade de sabores refinados.<\/li>\n<li><strong>Entrega R\u00e1pida<\/strong>: Com entrega a partir de nossos armaz\u00e9ns localizados na UE, seu pedido chegar\u00e1 em apenas alguns dias.<\/li>\n<li><strong>Satisfa\u00e7\u00e3o do Cliente<\/strong>Nossa equipe de suporte dedicada est\u00e1 aqui para voc\u00ea, priorizando sua satisfa\u00e7\u00e3o em cada etapa do caminho.<\/li>\n<\/ul>\n<h3>Entre em Contato conosco:<\/h3>\n<p>Tem d\u00favidas ou coment\u00e1rios? Entre em contato a qualquer momento em:<br \/>\n<strong>E-mail<\/strong>: <a rel=\"noopener\">info@casinovape.de<\/a><\/p>\n<p>Mantenha-se atualizado com as \u00faltimas ofertas da CasinoVape e garanta descontos exclusivos em pedidos maiores, tornando mais f\u00e1cil do que nunca desfrutar de e-cigarros descart\u00e1veis de alta qualidade a pre\u00e7os atraentes.<\/p>\n<a href=\"\/pt\/comprar\/\" class=\"button primary\"  >\n\t\t<span>Pe\u00e7a Agora!<\/span>\n\t<\/a>\n\n\t\t<\/div>\n\t\t\t\t\t<\/div>\n\n\t\n\n\t<div id=\"col-1501847700\" class=\"col medium-12 small-12 large-6\"  >\n\t\t\t\t<div class=\"col-inner\"  >\n\t\t\t\n\t\t\t\n\n\t\t<div class=\"icon-box featured-box icon-box-left text-left\"  >\n\t\t\t\t<div class=\"icon-box-text last-reset\">\n\t\t\t\t\t\t\t\t\t\n<h2><strong>Desbloqueie um Desconto 1%<\/strong><\/h2>\n<h4>Obtenha um <strong>1% desconto<\/strong> em pedidos acima de <strong>\u20ac100<\/strong> ou <strong>$100<\/strong>.<\/h4>\n<p><strong>V\u00e1lido at\u00e9<\/strong>: 12\/31\/2024<\/p>\n<a class=\"button primary\"  >\n\t\t<span>Cupom: casino1<\/span>\n\t<\/a>\n\n\t\t<\/div>\n\t<\/div>\n\t\n\t\n\t<div id=\"gap-87192521\" class=\"gap-element clearfix\" style=\"display:block; height:auto;\">\n\t\t\n<style>\n#gap-87192521 {\n  padding-top: 30px;\n}\n<\/style>\n\t<\/div>\n\t\n\n\t\t<div class=\"icon-box featured-box icon-box-left text-left\"  >\n\t\t\t\t<div class=\"icon-box-text last-reset\">\n\t\t\t\t\t\t\t\t\t\n<h2><strong>Secure um desconto 2%<\/strong><\/h2>\n<h4>Obtenha um <strong>2% desconto<\/strong> em pedidos acima de <strong>\u20ac250<\/strong> ou <strong>$250<\/strong>.<\/h4>\n<p><strong>V\u00e1lido at\u00e9<\/strong>: 12\/31\/2024<\/p>\n<a class=\"button primary\"  >\n\t\t<span>Cupom: casino2<\/span>\n\t<\/a>\n\n\t\t<\/div>\n\t<\/div>\n\t\n\t\n\t<div id=\"gap-354852220\" class=\"gap-element clearfix\" style=\"display:block; height:auto;\">\n\t\t\n<style>\n#gap-354852220 {\n  padding-top: 30px;\n}\n<\/style>\n\t<\/div>\n\t\n\n\t\t<div class=\"icon-box featured-box icon-box-left text-left\"  >\n\t\t\t\t<div class=\"icon-box-text last-reset\">\n\t\t\t\t\t\t\t\t\t\n<h2><strong>Secure um desconto 3%<\/strong><\/h2>\n<h4>Obtenha um <strong>3% desconto<\/strong> em pedidos acima de <strong>\u20ac500<\/strong> ou <strong>$500<\/strong>.<\/h4>\n<p><strong>V\u00e1lido at\u00e9<\/strong>: 12\/31\/2024<\/p>\n<a class=\"button primary\"  >\n\t\t<span>Cupom: casino3<\/span>\n\t<\/a>\n\n\t\t<\/div>\n\t<\/div>\n\t\n\t\n\t\t<\/div>\n\t\t\t\t\t<\/div>\n\n\t\n<\/div>\n<div class=\"row\"  id=\"row-1378164199\">\n\n\t<div id=\"col-1546330303\" class=\"col small-12 large-12\"  >\n\t\t\t\t<div class=\"col-inner\"  >\n\t\t\t\n\t\t\t\n\t<div class=\"img has-hover x md-x lg-x y md-y lg-y\" id=\"image_2012495516\">\n\t\t\t\t\t\t\t\t<div class=\"img-inner dark\" >\n\t\t\t\t\t\t\t\t\t\n\t\t\t\t\t<\/div>\n\t\t\t\t\t\t\t\t\n<style>\n#image_2012495516 {\n  width: 100%;\n}\n<\/style>\n\t<\/div>\n\t\n\t\t<\/div>\n\t\t\t\t\t<\/div>\n\n\t\n<\/div>\n\t\t<\/div>\n\n\t\t\n<style>\n#section_912938124 {\n  padding-top: 0px;\n  padding-bottom: 0px;\n}\n@media (min-width:550px) {\n  #section_912938124 {\n    padding-top: 30px;\n    padding-bottom: 30px;\n  }\n}\n<\/style>\n\t<\/section>","protected":false},"excerpt":{"rendered":"","protected":false},"author":1,"featured_media":0,"parent":0,"menu_order":0,"comment_status":"closed","ping_status":"closed","template":"page-blank-title-center.php","meta":{"footnotes":""},"class_list":["post-1034","page","type-page","status-publish","hentry"],"jetpack_sharing_enabled":true,"_links":{"self":[{"href":"https:\/\/casinovape.de\/pt\/wp-json\/wp\/v2\/pages\/1034","targetHints":{"allow":["GET"]}}],"collection":[{"href":"https:\/\/casinovape.de\/pt\/wp-json\/wp\/v2\/pages"}],"about":[{"href":"https:\/\/casinovape.de\/pt\/wp-json\/wp\/v2\/types\/page"}],"author":[{"embeddable":true,"href":"https:\/\/casinovape.de\/pt\/wp-json\/wp\/v2\/users\/1"}],"replies":[{"embeddable":true,"href":"https:\/\/casinovape.de\/pt\/wp-json\/wp\/v2\/comments?post=1034"}],"version-history":[{"count":0,"href":"https:\/\/casinovape.de\/pt\/wp-json\/wp\/v2\/pages\/1034\/revisions"}],"wp:attachment":[{"href":"https:\/\/casinovape.de\/pt\/wp-json\/wp\/v2\/media?parent=1034"}],"curies":[{"name":"wp","href":"https:\/\/api.w.org\/{rel}","templated":true}]}}