{"id":79,"date":"2024-09-20T09:19:52","date_gmt":"2024-09-20T09:19:52","guid":{"rendered":"https:\/\/casinovape.de\/?post_type=product&#038;p=79"},"modified":"2025-05-12T07:36:56","modified_gmt":"2025-05-12T07:36:56","slug":"magazyn-europejski-obeelab-hhc-jednorazowy-dlugopis-o-niskiej-zawartosci-nikotyny-kup-oryginalny-authentisch-akumulator-jednorazowe-vapes-dlugopis-1-gram","status":"publish","type":"product","link":"https:\/\/casinovape.de\/pl\/produkt\/magazyn-europejski-obeelab-hhc-jednorazowy-dlugopis-o-niskiej-zawartosci-nikotyny-kup-oryginalny-authentisch-akumulator-jednorazowe-vapes-dlugopis-1-gram\/","title":{"rendered":"Magazyn Europejski OBEELAB HHC JEDNORAZOWY P\u00d3\u0141WYROB  Niski Nikotyna  Kup  Oryginalny  Autentyczny  \u0141adowalny  Jednorazowy  Waporyzator  - 1 GRAM"},"content":{"rendered":"<h1>Odkryj <a href=\"https:\/\/casinovape.de\/pl\/kategoria-produktu\/jednorazowe-waporyzatory-obelab-hhc\/\">OBEELAB HHC<\/a> Jednorazowa Pi\u00f3ro: Twoje Najlepsze Do\u015bwiadczenie Vapingu<\/h1>\n<p>W stale zmieniaj\u0105cym si\u0119 \u015bwiecie wapowania, jednorazowe waporyzatory sta\u0142y si\u0119 ulubionym wyborem u\u017cytkownik\u00f3w szukaj\u0105cych wygody i przyjemno\u015bci. <strong>OBEELAB HHC Jednorazowy Pi\u00f3ro<\/strong> Wyr\u00f3\u017cnia si\u0119 jako produkt wzorcowy w tej kategorii, zaprojektowany, aby zapewni\u0107 bezproblemowe do\u015bwiadczenie wapowania. Starannie wykonany w USA, ten pi\u00f3ro wykorzystuje tylko najlepsze materia\u0142y z przemys\u0142owej konopi, zapewniaj\u0105c, \u017ce ka\u017cdy zaci\u0105gni\u0119cie jest nie tylko przyjemne, ale r\u00f3wnie\u017c najwy\u017cszej jako\u015bci. Ka\u017cda jednostka przechodzi rygorystyczne testy stron trzecich, aby zagwarantowa\u0107 czysto\u015b\u0107 i potencj\u0119, pozwalaj\u0105c u\u017cytkownikom na oddanie si\u0119 do\u015bwiadczeniu wapowania, kt\u00f3remu mog\u0105 zaufa\u0107.<\/p>\n<h2>Przegl\u0105d produktu<\/h2>\n<p>OBEELAB HHC Jednorazowa Pi\u00f3ro jest idealne zar\u00f3wno dla nowicjuszy, jak i do\u015bwiadczonych waper\u00f3w. Nie wymaga skomplikowanej konfiguracji ani konserwacji; po prostu rozpakuj, zaci\u0105gnij si\u0119 i ciesz si\u0119! Wzmocniony nikotyn\u0105, te jednorazowe vape'y s\u0105 przeznaczone dla doros\u0142ych palaczy szukaj\u0105cych niezawodnej alternatywy dla tradycyjnych papieros\u00f3w. Dzi\u0119ki r\u00f3\u017cnorodno\u015bci smak\u00f3w i przyjaznej dla u\u017cytkownika konstrukcji, pi\u00f3ro OBEELAB jest Twoim idealnym towarzyszem do wapowania w podr\u00f3\u017cy.<\/p>\n<h3>Cechy <a href=\"https:\/\/casinovape.de\/pl\/kategoria-produktu\/jednorazowe-waporyzatory-obelab-hhc\/\">OBEELAB HHC<\/a> Jednorazowa Pi\u00f3ro<\/h3>\n<ul>\n<li><strong>Nie Wymaga Konserwacji<\/strong>Gotowy do u\u017cycia od razu po wyj\u0119ciu z opakowania - nie wymaga \u0142adowania ani uzupe\u0142niania.<\/li>\n<li><strong>Wysokiej jako\u015bci sk\u0142adniki<\/strong>: Sformu\u0142owany z wysokiej jako\u015bci HHC i terpen\u00f3w pochodz\u0105cych z najlepszych przemys\u0142owych \u017ar\u00f3de\u0142 konopi.<\/li>\n<li><strong>Precyzja smaku<\/strong>: Ka\u017cda pi\u00f3ro jest impregnowana odr\u0119bnymi, starannie wybranymi smakami, aby poprawi\u0107 Twoje do\u015bwiadczenie z wapowaniem.<\/li>\n<li><strong>Aktywacja czujnika dotykowego<\/strong>: Ciesz si\u0119 optymalnym do\u015bwiadczeniem wapowania z funkcj\u0105 wst\u0119pnego nagrzewania aktywowan\u0105 potr\u00f3jnym dotkni\u0119ciem portu USB.<\/li>\n<li><strong>Kompaktowy i przeno\u015bny<\/strong>: Zaprojektowany z my\u015bl\u0105 o \u0142atwo\u015bci u\u017cytkowania, ten lekki d\u0142ugopis idealnie mie\u015bci si\u0119 w kieszeni lub torbie.<\/li>\n<li><strong>Dok\u0142adne testy laboratoryjne<\/strong>: Ka\u017cdy produkt jest testowany pod k\u0105tem czysto\u015bci i mocy, zapewniaj\u0105c, \u017ce spe\u0142nia najwy\u017csze standardy.<\/li>\n<\/ul>\n<h3><a href=\"https:\/\/casinovape.de\/pl\/kategoria-produktu\/jednorazowe-waporyzatory-obelab-hhc\/\">OBEELAB HHC <\/a>Oferty smakowe<\/h3>\n<p>Obeelab HHC jednorazowy pi\u00f3ro dost\u0119pne jest w wielu smakach, kt\u00f3re zosta\u0142y stworzone, aby zapewni\u0107 unikalne do\u015bwiadczenie wapowania. Oto szczeg\u00f3\u0142owe spojrzenie na to, czego mo\u017cesz oczekiwa\u0107:<\/p>\n<ol>\n<li><strong>Lemon Twist<\/strong><br \/>\nDo\u015bwiadcz wybuchu cytryny z smakiem Lemon Twist. Ta orze\u017awiaj\u0105ca mieszanka idealnie balansuje s\u0142odycz i kwa\u015bno\u015b\u0107, przypominaj\u0105c \u015bwie\u017co wyci\u015bni\u0119te cytryny, co sprawia, \u017ce jest to od\u015bwie\u017caj\u0105cy wyb\u00f3r na ka\u017cd\u0105 por\u0119 dnia.<\/li>\n<li><strong>SFV OG<\/strong><br \/>\nSmak SFV OG charakteryzuje si\u0119 wyra\u017an\u0105 ziemist\u0105 esencj\u0105 w po\u0142\u0105czeniu z delikatnymi nutami cytrusowymi. Oferuje robustny, a zarazem delikatny profil, zapewniaj\u0105c uspokajaj\u0105ce i relaksuj\u0105ce do\u015bwiadczenie z wapowania, kt\u00f3re uspokaja umys\u0142.<\/li>\n<li><strong>Muffin Bor\u00f3wkowy<\/strong><br \/>\nCiesz si\u0119 rozkosznym smakiem domowej roboty z Blueberry Muffin. Ten smak \u0142\u0105czy bogat\u0105 s\u0142odycz soczystych bor\u00f3wek z ma\u015blan\u0105 baz\u0105 muffinow\u0105, zapewniaj\u0105c ciep\u0142e i przytulne do\u015bwiadczenie w ka\u017cdym oddechu.<\/li>\n<li><strong>Czerwona Kr\u00f3lewna<\/strong><br \/>\nCiesz si\u0119 klasycznym smakiem Strawberry Shortcake, gdzie \u015bwie\u017ce, soczne truskawki spotykaj\u0105 si\u0119 z kremowymi nutami wanilii. Ka\u017cde wdychanie czuje si\u0119 jak ugryzienie w pysznie upieczone ciasto, co sprawia, \u017ce jest to ulubione w\u015br\u00f3d mi\u0142o\u015bnik\u00f3w deser\u00f3w.<\/li>\n<li><strong>Skywalker<\/strong><br \/>\nSmak Skywalker oferuje ekscytuj\u0105ce po\u0142\u0105czenie owocowych i ziemistych ton\u00f3w. Ta odwa\u017cna mieszanka jest idealna dla os\u00f3b poszukuj\u0105cych nowych horyzont\u00f3w smakowych, zapewniaj\u0105c niezapomnian\u0105 przygod\u0119 z wapowaniem.<\/li>\n<li><strong>Tropicana Cookies<\/strong><br \/>\nZanurz si\u0119 w s\u0142odkim i orze\u017awiaj\u0105cym \u015bwiecie ciasteczek Tropicana, gdzie tropikalne smaki owoc\u00f3w \u0142\u0105cz\u0105 si\u0119 z ma\u015blan\u0105 baz\u0105 ciasta. Ta harmonijna kombinacja gwarantuje przyjemne i satysfakcjonuj\u0105ce do\u015bwiadczenie wapowania.<\/li>\n<li><strong>Brzytwa Mango<\/strong><br \/>\nPoznaj idealne letnie przysmak z Peach Mango. Ten smak \u0142\u0105czy dojrza\u0142e brzoskwinie z egzotycznymi mango, tworz\u0105c luksusow\u0105 mieszank\u0119, kt\u00f3ra budzi zmys\u0142y i pozostawia trwa\u0142e wra\u017cenie.<\/li>\n<li><strong>Gelato<\/strong><br \/>\nCiesz si\u0119 luksusowym smakiem Gelato, oddaj\u0105c ho\u0142d kremowo\u015bci i s\u0142odyczy autentycznego w\u0142oskiego lod\u00f3w. Idealne dla os\u00f3b, kt\u00f3re t\u0119skni\u0105 za bogatym, deserowym do\u015bwiadczeniem wapowania, kt\u00f3re zachwyca podniebienie.<\/li>\n<li><strong>Mi\u0119ta<\/strong><br \/>\nDla od\u015bwie\u017caj\u0105cego efektu, smak Mi\u0119ty dostarcza ch\u0142odne, chrupi\u0105ce doznanie z ka\u017cdym zaci\u0105gni\u0119ciem. Jest idealny dla tych, kt\u00f3rzy preferuj\u0105 czyste i orze\u017awiaj\u0105ce do\u015bwiadczenie wapowania.<\/li>\n<\/ol>\n<h2><strong><img loading=\"lazy\" decoding=\"async\" class=\"alignnone wp-image-96 size-full\" src=\"https:\/\/casinovape.de\/wp-content\/uploads\/2024\/09\/17477520.webp\" alt=\"Magazyn Europejski OBEELAB HHC JEDNORAZOWY P\u00d3\u0141WYROB  Niski Nikotyna  Kup  Oryginalny  Autentyczny  \u0141adowalny  Jednorazowy  Waporyzator  - 1 GRAM\" width=\"1280\" height=\"1280\" srcset=\"https:\/\/casinovape.de\/wp-content\/uploads\/2024\/09\/17477520.webp 1280w, https:\/\/casinovape.de\/wp-content\/uploads\/2024\/09\/17477520-300x300.webp 300w, https:\/\/casinovape.de\/wp-content\/uploads\/2024\/09\/17477520-1024x1024.webp 1024w, https:\/\/casinovape.de\/wp-content\/uploads\/2024\/09\/17477520-150x150.webp 150w, https:\/\/casinovape.de\/wp-content\/uploads\/2024\/09\/17477520-768x768.webp 768w, https:\/\/casinovape.de\/wp-content\/uploads\/2024\/09\/17477520-600x600.webp 600w, https:\/\/casinovape.de\/wp-content\/uploads\/2024\/09\/17477520-100x100.webp 100w\" sizes=\"auto, (max-width: 1280px) 100vw, 1280px\" \/><\/strong><\/h2>\n<h2>Dlaczego warto wybra\u0107 jednorazow\u0105 pensyl\u0119 OBEELAB HHC<\/h2>\n<p>Wyb\u00f3r OBEELAB HHC Disposable Pen oznacza wyb\u00f3r wygody bez kompromis\u00f3w w kwestii jako\u015bci. Zaprojektowane zar\u00f3wno dla doros\u0142ych palaczy, jak i entuzjast\u00f3w wapowania, te pi\u00f3ra oferuj\u0105 bezpieczny i przyjemny spos\u00f3b na do\u015bwiadczenie HHC. At <a href=\"https:\/\/casinovape.de\/pl\/\"><strong>Casinovape<\/strong><\/a>, dumneamy z dumn\u0105 , najwi\u0119ksz\u0105 internetow\u0105 platform\u0105 handlow\u0105 dla jednorazowych waporyzator\u00f3w w Niemczech, oferuj\u0105c\u0105 szeroki wyb\u00f3r produkt\u00f3w wysokiej jako\u015bci, w tym lini\u0119 OBEELAB .<\/p>\n<p>Bez minimalnej ilo\u015bci zam\u00f3wienia mo\u017cesz kupi\u0107 nawet jedno pi\u00f3ro, co u\u0142atwia wypr\u00f3bowanie r\u00f3\u017cnych smak\u00f3w bez zobowi\u0105za\u0144. Nasze produkty s\u0105 wysy\u0142ane z naszego europejskiego magazynu vape, co gwarantuje otrzymanie zam\u00f3wienia w ci\u0105gu 3-7 dni.<\/p>\n<p>Odwied\u017a<a href=\"https:\/\/casinovape.de\/pl\/\"> <strong>Casinovape.de<\/strong> <\/a>dzi\u015b, aby odkry\u0107 nasz\u0105 gam\u0119 jednorazowych waporyzator\u00f3w i podnie\u015b\u0107 sw\u00f3j experience zwi\u0105zany z wapowaniem.  Z konkurencyjnymi cenami i r\u00f3\u017cnorodno\u015bci\u0105 smak\u00f3w, zobowi\u0105zujemy si\u0119 do dostarczania najlepszych produkt\u00f3w naszym klientom.<\/p>\n<h2>Wniosek<\/h2>\n<p>OBEELAB HHC Jednorazowa Pi\u00f3ro jest Twoim najlepszym wyborem dla premiumowego, bezproblemowego do\u015bwiadczenia z wapowaniem. Dzi\u0119ki r\u00f3\u017cnorodnemu wyborowi smak\u00f3w i zapewnieniu dok\u0142adnych test\u00f3w, mo\u017cesz si\u0119 cieszy\u0107 produktem najwy\u017cszej jako\u015bci, kt\u00f3ry spe\u0142nia Twoje potrzeby zwi\u0105zane z wapowaniem. Nie przegap okazji\u2014przejd\u017a do <a href=\"https:\/\/casinovape.de\/pl\/\"><strong>Casinovape.de<\/strong><\/a> i dokonaj nast\u0119pnego zakupu ju\u017c dzi\u015b. Do\u015bwiadcz rado\u015bci z wapowania jak nigdy wcze\u015bniej!<\/p>","protected":false},"excerpt":{"rendered":"<p>Do\u015bwiadcz wygody i jako\u015bci<strong> OBEELAB HHC Jednorazowe Pi\u00f3ra<\/strong> w Casinovape, najwi\u0119kszym niemieckim sprzedawcy internetowym. Odkryj r\u00f3\u017cnorodne pyszne smaki i ciesz si\u0119 szybk\u0105 dostaw\u0105 z naszego europejskiego magazynu vape!<\/p>","protected":false},"featured_media":1087,"comment_status":"open","ping_status":"closed","template":"","meta":[],"product_brand":[],"product_cat":[42,78,81,86,88,90,91,94,98,65,66,67,68,69,70,71,72,73,74,75,76,77,57,45,48,52,54],"product_tag":[],"class_list":{"0":"post-79","1":"product","2":"type-product","3":"status-publish","4":"has-post-thumbnail","6":"product_cat-gelato-hhc-disposable-vapes","7":"product_cat-buy-best-disposable-vape-flavors","8":"product_cat-blueberry-flavor-disposable-vapes","9":"product_cat-ice-flavor-disposable-vapes","10":"product_cat-lemon-flavor-disposable-vapes","11":"product_cat-mango-flavor-disposable-vapes","12":"product_cat-mint-flavor-disposable-vapes","13":"product_cat-peach-flavor-disposable-vapes","14":"product_cat-strawberry-flavor-disposable-vapes","15":"product_cat-best-disposable-vape-in-europe","16":"product_cat-buy-disposable-vapes-in-austria","17":"product_cat-buy-disposable-vapes-in-belgium","18":"product_cat-buy-disposable-vapes-in-france","19":"product_cat-buy-disposable-vapes-in-germany","20":"product_cat-buy-disposable-vapes-in-italy","21":"product_cat-buy-disposable-vapes-in-netherlands","22":"product_cat-buy-disposable-vapes-in-norway","23":"product_cat-buy-disposable-vapes-in-poland","24":"product_cat-buy-disposable-vapes-in-portugal","25":"product_cat-buy-disposable-vapes-in-spain","26":"product_cat-buy-disposable-vapes-in-sweden","27":"product_cat-buy-disposable-vapes-in-switzerland","28":"product_cat-shop-disposable-vapes-by-puffs","29":"product_cat-disposable-vape-types","30":"product_cat-big-puffs-disposable-vapes","31":"product_cat-lower-nicotine-disposable-vapes","32":"product_cat-rechargeable-disposable-vapes","34":"first","35":"outofstock","36":"shipping-taxable","37":"product-type-variable"},"jetpack_sharing_enabled":true,"_links":{"self":[{"href":"https:\/\/casinovape.de\/pl\/wp-json\/wp\/v2\/product\/79","targetHints":{"allow":["GET"]}}],"collection":[{"href":"https:\/\/casinovape.de\/pl\/wp-json\/wp\/v2\/product"}],"about":[{"href":"https:\/\/casinovape.de\/pl\/wp-json\/wp\/v2\/types\/product"}],"replies":[{"embeddable":true,"href":"https:\/\/casinovape.de\/pl\/wp-json\/wp\/v2\/comments?post=79"}],"wp:featuredmedia":[{"embeddable":true,"href":"https:\/\/casinovape.de\/pl\/wp-json\/wp\/v2\/media\/1087"}],"wp:attachment":[{"href":"https:\/\/casinovape.de\/pl\/wp-json\/wp\/v2\/media?parent=79"}],"wp:term":[{"taxonomy":"product_brand","embeddable":true,"href":"https:\/\/casinovape.de\/pl\/wp-json\/wp\/v2\/product_brand?post=79"},{"taxonomy":"product_cat","embeddable":true,"href":"https:\/\/casinovape.de\/pl\/wp-json\/wp\/v2\/product_cat?post=79"},{"taxonomy":"product_tag","embeddable":true,"href":"https:\/\/casinovape.de\/pl\/wp-json\/wp\/v2\/product_tag?post=79"}],"curies":[{"name":"wp","href":"https:\/\/api.w.org\/{rel}","templated":true}]}}