{"id":737,"date":"2024-10-15T02:29:09","date_gmt":"2024-10-15T02:29:09","guid":{"rendered":"https:\/\/casinovape.de\/?post_type=product&#038;p=737"},"modified":"2025-05-28T03:11:32","modified_gmt":"2025-05-28T03:11:32","slug":"magazyn-europejski-smpo-dl02-10000-zaciagniec-o-niskiej-zawartosci-nikotyny-kup-oryginalny-authentisch-akumulator-jednorazowy-dlugopis-vapes","status":"publish","type":"product","link":"https:\/\/casinovape.de\/pl\/produkt\/magazyn-europejski-smpo-dl02-10000-zaciagniec-o-niskiej-zawartosci-nikotyny-kup-oryginalny-authentisch-akumulator-jednorazowy-dlugopis-vapes\/","title":{"rendered":"Europejski Magazyn SMPO DL02 10000 Puff\u00f3w Nisk\u0105 Zawarto\u015b\u0107 Nikotyny Oryginalna Autentyczna Rechargeable Jednorazowa Waporyzator Pen"},"content":{"rendered":"<h2><img loading=\"lazy\" decoding=\"async\" class=\"alignnone wp-image-967 size-full\" src=\"https:\/\/casinovape.de\/wp-content\/uploads\/2024\/10\/DL02-product-profile_01.webp\" alt=\"Europejski Magazyn SMPO DL02 10000 Puff\u00f3w Nisk\u0105 Zawarto\u015b\u0107 Nikotyny Oryginalna Autentyczna Rechargeable Jednorazowa Waporyzator Pen\" width=\"2133\" height=\"1200\" srcset=\"https:\/\/casinovape.de\/wp-content\/uploads\/2024\/10\/DL02-product-profile_01.webp 2133w, https:\/\/casinovape.de\/wp-content\/uploads\/2024\/10\/DL02-product-profile_01-300x169.webp 300w, https:\/\/casinovape.de\/wp-content\/uploads\/2024\/10\/DL02-product-profile_01-1024x576.webp 1024w, https:\/\/casinovape.de\/wp-content\/uploads\/2024\/10\/DL02-product-profile_01-768x432.webp 768w, https:\/\/casinovape.de\/wp-content\/uploads\/2024\/10\/DL02-product-profile_01-1536x864.webp 1536w, https:\/\/casinovape.de\/wp-content\/uploads\/2024\/10\/DL02-product-profile_01-2048x1152.webp 2048w, https:\/\/casinovape.de\/wp-content\/uploads\/2024\/10\/DL02-product-profile_01-600x338.webp 600w\" sizes=\"auto, (max-width: 2133px) 100vw, 2133px\" \/><\/h2>\n<h2><a href=\"https:\/\/casinovape.de\/pl\/\">Europejski Magazyn Vape<\/a> SMPO DL02 10000 Puffs Rechargeable Disposable Vape Pen: Premiumowy Do\u015bwiadczenie Vapowania dla Entuzjast\u00f3w Vapowania w Niemczech<\/h2>\n<p>W Casinovape, najwi\u0119kszym internetowym sprzedawcy jednorazowych waporyzator\u00f3w w Niemczech, mamy przyjemno\u015b\u0107 zaprezentowa\u0107 <strong>Europejski Magazyn SMPO DL02 10000 Puff\u00f3w Akumulatorowa Jednorazowa Waporyzator Pen<\/strong>Ten zaawansowany waporyzator, zaprojektowany z wykorzystaniem najnowszej technologii i przyjaznych dla u\u017cytkownika funkcji, obiecuje niezr\u00f3wnane do\u015bwiadczenie wapowania. Niezale\u017cnie od tego, czy jeste\u015b do\u015bwiadczonym waperem, czy dopiero zaczynasz, SMPO DL02 zosta\u0142 stworzony z my\u015bl\u0105 o ka\u017cdym rodzaju u\u017cytkownika, zapewniaj\u0105c satysfakcj\u0119 z ka\u017cdego zaci\u0105gni\u0119cia.<\/p>\n<hr \/>\n<h3><a href=\"https:\/\/casinovape.de\/pl\/kategoria-produktu\/jednorazowe-waporyzatory-smpo-dl02\/\">SMPO DL02 <\/a>Przegl\u0105d produktu 10000 Puffs<\/h3>\n<p>The \nnie wymaga t\u0142umaczenia <strong>SMPO DL02 Jednorazowa Pi\u00f3ro Vape<\/strong> jest innowacyjnym, wysokowydajnym urz\u0105dzeniem do wapowania, kt\u00f3re \u0142\u0105czy wygod\u0119 z trwa\u0142o\u015bci\u0105. Zaprojektowany z pot\u0119\u017cn\u0105, 750mAh akumulatorem, kt\u00f3ry mo\u017cna \u0142adowa\u0107, zapewnia sta\u0142\u0105 moc w ca\u0142ym imponuj\u0105cym okresie u\u017cytkowania wynosz\u0105cym 10 000 zaci\u0105gni\u0119\u0107. Urz\u0105dzenie to oferuje eleganck\u0105, ergonomiczn\u0105 konstrukcj\u0119, kt\u00f3ra wygodnie mie\u015bci si\u0119 w d\u0142oni, zapewniaj\u0105c intuicyjn\u0105 i przyjemn\u0105 obs\u0142ug\u0119. Jego 20W wyj\u015bcie i zaawansowana technologia siatkowych cewek gwarantuj\u0105 g\u0142adkie, bogate chmury i wzmacniaj\u0105 smak ka\u017cdego zaci\u0105gni\u0119cia. Dzi\u0119ki elastyczno\u015bci regulacji przep\u0142ywu powietrza, u\u017cytkownicy mog\u0105 dostosowa\u0107 do\u015bwiadczenie z wapowania do swoich preferencji, od lekkich zaci\u0105gni\u0119\u0107 po g\u0119ste chmury.<\/p>\n<p>W Casinovape priorytetem s\u0105 dla nas jako\u015b\u0107, niezawodno\u015b\u0107 i zadowolenie klienta. Wszystkie nasze produkty s\u0105 autentyczne, pochodz\u0105 z renomowanych marek i s\u0105 przechowywane w naszym europejskim magazynie vape, co zapewnia szybk\u0105 dostaw\u0119 w ca\u0142ej UE w ci\u0105gu 3-7 dni.<\/p>\n<hr \/>\n<h3>G\u0142\u00f3wne cechy <a href=\"https:\/\/casinovape.de\/pl\/kategoria-produktu\/jednorazowe-waporyzatory-smpo-dl02\/\">SMPO DL02<\/a><\/h3>\n<ul>\n<li><strong>Rozszerzona pojemno\u015b\u0107 10 000 zaci\u0105gni\u0119\u0107<\/strong>: Ciesz si\u0119 d\u0142ugotrwa\u0142ymi sesjami wapowania bez konieczno\u015bci cz\u0119stej wymiany.<\/li>\n<li><strong>Bateria Akumulatorowa 750mAh<\/strong>: Solidna pojemno\u015b\u0107 baterii zapewnia sta\u0142\u0105 moc wapowania, mo\u017cliwo\u015b\u0107 ponownego \u0142adowania dla wygody.<\/li>\n<li><strong>Technologia Ochrony Przed Suchym Ciep\u0142em CRUX<\/strong>: Zachowuje integralno\u015b\u0107 smaku i zapobiega przegrzewaniu si\u0119 dla czystszego do\u015bwiadczenia z wapowaniem.<\/li>\n<li><strong>0,6\u03a9 Cewka siatki<\/strong>: Szybkie ogrzewanie dla bardziej g\u0142adkiego, intensywniejszego profilu smakowego, zaprojektowane tak, aby zminimalizowa\u0107 zu\u017cycie energii.<\/li>\n<li><strong>20ml pojemno\u015b\u0107 e-p\u0142ynu<\/strong>: Du\u017ca pojemno\u015b\u0107 przechowywania cieczy zapewniaj\u0105ca nieprzerwane przyjemno\u015bci z wapowania.<\/li>\n<li><strong>1% Poziom nikotyny<\/strong>: Oferuje \u0142agodne, a zarazem satysfakcjonuj\u0105ce do\u015bwiadczenie nikotynowe dla os\u00f3b poszukuj\u0105cych zr\u00f3wnowa\u017conego doznania.<\/li>\n<li><strong>Regulacja Przep\u0142ywu Powietrza<\/strong>: Dostosuj sw\u00f3j wydech pary do swoich preferencji, od dyskretnych uderze\u0144 po g\u0119ste chmury.<\/li>\n<li><strong>Kompaktowa, Ergonomiczna Konstrukcja<\/strong>: Lekki i wygodny w trzymaniu, co sprawia, \u017ce jest idealny do podr\u00f3\u017cy i codziennego u\u017cytku.<\/li>\n<\/ul>\n<hr \/>\n<h3>Dlaczego wybra\u0107 <a href=\"https:\/\/casinovape.de\/pl\/kategoria-produktu\/jednorazowe-waporyzatory-smpo-dl02\/\">SMPO DL02<\/a> Jednorazowa Pi\u00f3ro Vape<\/h3>\n<p>SMPO DL02 to nie tylko vape; to starannie zaprojektowane urz\u0105dzenie stworzone dla wyj\u0105tkowego do\u015bwiadczenia wapowania. Zaspokaja zar\u00f3wno pocz\u0105tkuj\u0105cych, jak i do\u015bwiadczonych u\u017cytkownik\u00f3w dzi\u0119ki wytrzyma\u0142ej konstrukcji, wysokiemu \u0634\u0645\u0627\u0631owi zaci\u0105gni\u0119\u0107 oraz niezawodnej \u017cywotno\u015bci baterii. Kupuj\u0105c przez Casinovape, mo\u017cesz by\u0107 pewien otrzymania oryginalnego, wysokiej jako\u015bci produktu z szybk\u0105 dostaw\u0105 i brakiem minimalnych wymaga\u0144 dotycz\u0105cych ilo\u015bci zam\u00f3wienia. Jeste\u015bmy dedykowani obs\u0142udze rynku UE z niezr\u00f3wnan\u0105 obs\u0142ug\u0105 klienta oraz r\u00f3\u017cnorodnym zakresem premium marek jednorazowych vape.<\/p>\n<p>Dla entuzjast\u00f3w vapowania w Niemczech, Casinovape oferuje najszerszy wyb\u00f3r jednorazowych waporyzator\u00f3w dost\u0119pnych online, w tym najlepsze marki, takie jak Al Fakher, Fizzy, OBEELAB HHC i SMPO DL02.<\/p>\n<hr \/>\n<h3>Wyb\u00f3r Smaku: Zanurz si\u0119 w \u015awiecie Bogatych Smak\u00f3w<\/h3>\n<p>Ciesz si\u0119 szerok\u0105 gam\u0105 smak\u00f3w SMPO DL02, ka\u017cdy stworzony po to, by podnie\u015b\u0107 twoje zmys\u0142y i zapewni\u0107 unikalne do\u015bwiadczenie wapowania. Poni\u017cej znajdziesz zestawienie smak\u00f3w:<\/p>\n<ol>\n<li><strong>Sok z mango<\/strong><br \/>\nDo\u015bwiadcz bujnej, tropikalnej esencji dojrza\u0142ych mango z ka\u017cdym zaci\u0105gni\u0119ciem. Ten smak jest idealny dla tych, kt\u00f3rzy t\u0119skni\u0105 za s\u0142odkim i egzotycznym waporyzacj\u0105, przynosz\u0105c\u0105 letnie vibes przez ca\u0142y rok.<\/li>\n<li><strong>Mas\u0142o orzechowe<\/strong><br \/>\nDla mi\u0142o\u015bnik\u00f3w bogatych, kremowych smak\u00f3w ta mieszanka mas\u0142a orzechowego oferuje aksamitnie g\u0142adkie do\u015bwiadczenie, r\u00f3wnowa\u017c\u0105c lekk\u0105 s\u0142ono\u015b\u0107 z orzechowym finiszem. Ciep\u0142a i zach\u0119caj\u0105ca opcja dla codziennej przyjemno\u015bci.<\/li>\n<li><strong>Lody Truskawkowe<\/strong><br \/>\nTen deserowy smak oddaje soczyst\u0105 \u015bwie\u017co\u015b\u0107 truskawek zmieszan\u0105 z kremow\u0105 bogato\u015bci\u0105 lod\u00f3w, czyni\u0105c go rozkosznym przysmakiem dla mi\u0142o\u015bnik\u00f3w s\u0142odko\u015bci w\u015br\u00f3d wapuj\u0105cych.<\/li>\n<li><strong>Cukierki Cytrynowe<\/strong><br \/>\nOd\u015bwie\u017caj\u0105cy i kwa\u015bny, smak tego cukierka cytrynowego zapewnia idealn\u0105 r\u00f3wnowag\u0119 mi\u0119dzy sk\u00f3rk\u0105 cytryny a s\u0142odycz\u0105, oferuj\u0105c \u017cywio\u0142owe i energetyzuj\u0105ce doznania vape.<\/li>\n<li><strong>Mieszane jagody<\/strong><br \/>\nHarmonijna mieszanka r\u00f3\u017cnych jag\u00f3d, \u0142\u0105cz\u0105ca s\u0142odkie i lekko kwa\u015bne nuty. Ka\u017cde wdychanie eksploduje dobroci\u0105 jag\u00f3d, idealne dla mi\u0142o\u015bnik\u00f3w owoc\u00f3w.<\/li>\n<li><strong>Truskawka Kiwi<\/strong><br \/>\nS\u0142odka truskawka \u0142\u0105czy si\u0119 z wyj\u0105tkow\u0105 kwaskowo\u015bci\u0105 kiwi, tworz\u0105c dobrze zr\u00f3wnowa\u017cone, owocowe do\u015bwiadczenie vape. To po\u0142\u0105czenie oferuje zr\u00f3wnowa\u017con\u0105 s\u0142odycz i kwaskowo\u015b\u0107 dla p\u0142ynnego do\u015bwiadczenia.<\/li>\n<li><strong>\u017burawina Winogrono<\/strong><br \/>\nTa mieszanka \u0142\u0105czy g\u0142\u0119bokie, owocowe tony winogrona z kwaskowatym akcentem \u017curawiny, tworz\u0105c od\u015bwie\u017caj\u0105cy i odwa\u017cny smak do wapowania.<\/li>\n<li><strong>Wodny L\u00f3d<\/strong><br \/>\nCh\u0142odna i orze\u017awiaj\u0105ca, Watermelon Ice to idealny wyb\u00f3r na gor\u0105ce dni lub gdy masz ochot\u0119 na lekki, od\u015bwie\u017caj\u0105cy waporyzator. \u0141\u0105czy soczysty arbuz z nut\u0105 lodowatego ch\u0142odu.<\/li>\n<li><strong>Blueberry Ice<\/strong><br \/>\nPo\u0142\u0105czenie dojrza\u0142ych bor\u00f3wek z lodowatym podtonem, smak ten dostarcza zar\u00f3wno s\u0142odyczy, jak i efektu ch\u0142odzenia, idealny dla od\u015bwie\u017caj\u0105cego przerwy w wapowaniu.<\/li>\n<li><strong>Vanilla Tobacco<\/strong><br \/>\nDla wyrafinowanego smaku, ta kombinacja g\u0142adkiego waniliu i bogatego tytoniu oferuje wyrafinowane do\u015bwiadczenie wapowania, idealne dla tych, kt\u00f3rzy ceni\u0105 klasyczne, eleganckie smaki.<\/li>\n<\/ol>\n<hr \/>\n<h3>Zam\u00f3w swoje <a href=\"https:\/\/casinovape.de\/pl\/kategoria-produktu\/jednorazowe-waporyzatory-smpo-dl02\/\">SMPO DL02<\/a> 10000 Puffs Jednorazowa Waporyzator Dzi\u015b na <a href=\"https:\/\/casinovape.de\/pl\/\">Casinovape<\/a><\/h3>\n<p>W Casinovape jeste\u015bmy dumne z bycia najlepsz\u0105 platform\u0105 dla jednorazowych waporyzator\u00f3w w Niemczech, oferuj\u0105c\u0105 najlepszy wyb\u00f3r, konkurencyjne ceny i szybk\u0105 wysy\u0142k\u0119 w UE. <strong>SMPO DL02 10000 Puffs Rechargeable \nbez zmian nie wymagaj\u0105 przek\u0142adu \nlub \nSMPO DL02 10000 Puff\u00f3w  Wymienny <a href=\"https:\/\/casinovape.de\/pl\/\">Jednorazowa Pi\u00f3ro Vape<\/a><\/strong> jest dost\u0119pny do natychmiastowego zakupu na naszej stronie bez wymaganego minimalnego zam\u00f3wienia. Przejd\u017a do najlepszego do\u015bwiadczenia wapowania z szerok\u0105 gam\u0105 smak\u00f3w, kt\u00f3re odpowiadaj\u0105 ka\u017cdemu gustowi.<\/p>\n<p>Zam\u00f3w ju\u017c dzi\u015b i do\u015bwiadcz jako\u015bci, wygody oraz premium smak\u00f3w, kt\u00f3re sprawiaj\u0105, \u017ce SMPO DL02 jest najlepszym wyborem dla waper\u00f3w w ca\u0142ej Europie.<\/p>","protected":false},"excerpt":{"rendered":"<div class=\"flex-shrink-0 flex flex-col relative items-end\">\n<div class=\"pt-0\">\n<div class=\"gizmo-shadow-stroke flex h-8 w-8 items-center justify-center overflow-hidden rounded-full\">\n<div class=\"h-full w-full\">\n<div class=\"gizmo-shadow-stroke overflow-hidden rounded-full\">Odkryj <strong>SMPO DL02 10000 Puffs<\/strong> Wielokrotnego u\u017cytku, jednorazowa e-papierosowa pi\u00f3ro w Casinovape - najwi\u0119kszym niemieckim sprzedawcy internetowym autentycznych e-papieros\u00f3w. Ciesz si\u0119 szybk\u0105 wysy\u0142k\u0105 w UE, bez minimalnej kwoty zam\u00f3wienia oraz r\u00f3\u017cnorodno\u015bci\u0105 premium smak\u00f3w. Zam\u00f3w ju\u017c teraz!<\/div>\n<\/div>\n<\/div>\n<\/div>\n<\/div>","protected":false},"featured_media":3377,"comment_status":"open","ping_status":"closed","template":"","meta":[],"product_brand":[],"product_cat":[20,78,81,84,86,87,88,89,90,92,98,99,65,66,67,68,69,70,71,72,73,74,75,76,77,57,59,45,48,52,54],"product_tag":[],"class_list":{"0":"post-737","1":"product","2":"type-product","3":"status-publish","4":"has-post-thumbnail","6":"product_cat-smpo-dl02-disposable-vapes","7":"product_cat-buy-best-disposable-vape-flavors","8":"product_cat-blueberry-flavor-disposable-vapes","9":"product_cat-grape-flavor-disposable-vapes","10":"product_cat-ice-flavor-disposable-vapes","11":"product_cat-kiwi-flavor-disposable-vapes","12":"product_cat-lemon-flavor-disposable-vapes","13":"product_cat-lush-flavor-disposable-vapes","14":"product_cat-mango-flavor-disposable-vapes","15":"product_cat-mixed-berries-flavor-disposable-vapes","16":"product_cat-strawberry-flavor-disposable-vapes","17":"product_cat-watermelon-flavor-disposable-vapes","18":"product_cat-best-disposable-vape-in-europe","19":"product_cat-buy-disposable-vapes-in-austria","20":"product_cat-buy-disposable-vapes-in-belgium","21":"product_cat-buy-disposable-vapes-in-france","22":"product_cat-buy-disposable-vapes-in-germany","23":"product_cat-buy-disposable-vapes-in-italy","24":"product_cat-buy-disposable-vapes-in-netherlands","25":"product_cat-buy-disposable-vapes-in-norway","26":"product_cat-buy-disposable-vapes-in-poland","27":"product_cat-buy-disposable-vapes-in-portugal","28":"product_cat-buy-disposable-vapes-in-spain","29":"product_cat-buy-disposable-vapes-in-sweden","30":"product_cat-buy-disposable-vapes-in-switzerland","31":"product_cat-shop-disposable-vapes-by-puffs","32":"product_cat-10000-puff-disposable-vape","33":"product_cat-disposable-vape-types","34":"product_cat-big-puffs-disposable-vapes","35":"product_cat-lower-nicotine-disposable-vapes","36":"product_cat-rechargeable-disposable-vapes","38":"first","39":"outofstock","40":"shipping-taxable","41":"product-type-variable"},"jetpack_sharing_enabled":true,"_links":{"self":[{"href":"https:\/\/casinovape.de\/pl\/wp-json\/wp\/v2\/product\/737","targetHints":{"allow":["GET"]}}],"collection":[{"href":"https:\/\/casinovape.de\/pl\/wp-json\/wp\/v2\/product"}],"about":[{"href":"https:\/\/casinovape.de\/pl\/wp-json\/wp\/v2\/types\/product"}],"replies":[{"embeddable":true,"href":"https:\/\/casinovape.de\/pl\/wp-json\/wp\/v2\/comments?post=737"}],"wp:featuredmedia":[{"embeddable":true,"href":"https:\/\/casinovape.de\/pl\/wp-json\/wp\/v2\/media\/3377"}],"wp:attachment":[{"href":"https:\/\/casinovape.de\/pl\/wp-json\/wp\/v2\/media?parent=737"}],"wp:term":[{"taxonomy":"product_brand","embeddable":true,"href":"https:\/\/casinovape.de\/pl\/wp-json\/wp\/v2\/product_brand?post=737"},{"taxonomy":"product_cat","embeddable":true,"href":"https:\/\/casinovape.de\/pl\/wp-json\/wp\/v2\/product_cat?post=737"},{"taxonomy":"product_tag","embeddable":true,"href":"https:\/\/casinovape.de\/pl\/wp-json\/wp\/v2\/product_tag?post=737"}],"curies":[{"name":"wp","href":"https:\/\/api.w.org\/{rel}","templated":true}]}}