{"id":6617,"date":"2025-04-08T07:34:09","date_gmt":"2025-04-08T07:34:09","guid":{"rendered":"https:\/\/casinovape.de\/?post_type=product&#038;p=6617"},"modified":"2025-05-13T13:26:12","modified_gmt":"2025-05-13T13:26:12","slug":"request-failed-with-status-code-635","status":"publish","type":"product","link":"https:\/\/casinovape.de\/pl\/produkt\/request-failed-with-status-code-635\/","title":{"rendered":"Europejski Magazyn Vozol star 12000 Puffs Niski Nikotyna Kup oryginalny Autentyczny Rechargeable Jednorazowe Vapes Pen"},"content":{"rendered":"<p><img loading=\"lazy\" decoding=\"async\" class=\"aligncenter wp-image-6626 size-full\" src=\"https:\/\/casinovape.de\/wp-content\/uploads\/2025\/04\/Vozol-star-12000-2-scaled.webp\" alt=\"Europejski Magazyn Vozol star 12000 Puffs Niski Nikotyna Kup oryginalny Autentyczny Rechargeable Jednorazowe Vapes Pen\" width=\"530\" height=\"2560\" srcset=\"https:\/\/casinovape.de\/wp-content\/uploads\/2025\/04\/Vozol-star-12000-2-scaled.webp 530w, https:\/\/casinovape.de\/wp-content\/uploads\/2025\/04\/Vozol-star-12000-2-62x300.webp 62w, https:\/\/casinovape.de\/wp-content\/uploads\/2025\/04\/Vozol-star-12000-2-212x1024.webp 212w, https:\/\/casinovape.de\/wp-content\/uploads\/2025\/04\/Vozol-star-12000-2-768x3711.webp 768w, https:\/\/casinovape.de\/wp-content\/uploads\/2025\/04\/Vozol-star-12000-2-318x1536.webp 318w, https:\/\/casinovape.de\/wp-content\/uploads\/2025\/04\/Vozol-star-12000-2-424x2048.webp 424w, https:\/\/casinovape.de\/wp-content\/uploads\/2025\/04\/Vozol-star-12000-2-600x2899.webp 600w\" sizes=\"auto, (max-width: 530px) 100vw, 530px\" \/><\/p>\n<h2 data-start=\"634\" data-end=\"754\"><strong data-start=\"638\" data-end=\"754\"><a href=\"https:\/\/casinovape.de\/pl\/kategoria-produktu\/jednorazowe-waporyzatory-vozol\/\">Vozol Star 12000<\/a> Wielokrotnego u\u017cytku urz\u0105dzenie do wapowania \u2013 12000 zaci\u0105gni\u0119\u0107, technologia S.i.L.C., szybkie \u0142adowanie, ekologiczna konstrukcja<\/strong><\/h2>\n<hr class=\"\" data-start=\"756\" data-end=\"759\" \/>\n<h4 class=\"\" data-start=\"761\" data-end=\"782\"><strong data-start=\"766\" data-end=\"782\">Opis:<\/strong><\/h4>\n<p class=\"\" data-start=\"784\" data-end=\"1096\">The \nnie wymaga t\u0142umaczenia <strong data-start=\"788\" data-end=\"808\">Vozol Star 12000<\/strong> jest rewolucj\u0105 w \u015bwiecie wapowania, oferuj\u0105c najnowocze\u015bniejsze do\u015bwiadczenie z innowacyjnymi funkcjami zaprojektowanymi zar\u00f3wno dla nowych, jak i do\u015bwiadczonych u\u017cytkownik\u00f3w. Zawiera <strong data-start=\"966\" data-end=\"1002\">S.i.L.C. (Shake It Like a Cloud)<\/strong> Technologia smaku, ta akumulatorowa vape zapewnia wzmocniony, g\u0142adszy smak z ka\u017cdym zaci\u0105gni\u0119ciem.<\/p>\n<p class=\"\" data-start=\"1098\" data-end=\"1331\">Zosta\u0144 w kontroli z <strong data-start=\"1123\" data-end=\"1145\">Wy\u015bwietlacz LED<\/strong>, pozwalaj\u0105c Ci sprawdzi\u0107 swoje <strong data-start=\"1174\" data-end=\"1185\">bateria<\/strong> i <strong data-start=\"1190\" data-end=\"1209\">poziomy e-p\u0142ynu<\/strong> rzuciwszy okiem. The <strong data-start=\"1227\" data-end=\"1247\">Vozol Star 12000<\/strong> jest idealny dla <strong data-start=\"1263\" data-end=\"1286\">MTL (ustnik-do-p\u0142uc)<\/strong> waperzy, zapewniaj\u0105c \u0142atwy, satysfakcjonuj\u0105cy ci\u0105g.<\/p>\n<p class=\"\" data-start=\"1333\" data-end=\"1589\">Z <strong data-start=\"1338\" data-end=\"1353\">12000 pff\u00f3w<\/strong> i <strong data-start=\"1360\" data-end=\"1391\">Bateria akumulatorowa 650mAh<\/strong>Ten waporyzator zosta\u0142 stworzony, aby wytrzyma\u0107 d\u0142u\u017cej i dzia\u0142a\u0107 lepiej, co czyni go niezawodnym towarzyszem dla wszystkich Twoich potrzeb zwi\u0105zanych z waporyzacj\u0105. Dodatkowo, zosta\u0142 zaprojektowany z <strong data-start=\"1530\" data-end=\"1555\">ochrona ustnika<\/strong> aby zachowa\u0107 higien\u0119 i bezpiecze\u0144stwo.<\/p>\n<p class=\"\" data-start=\"1591\" data-end=\"1865\">Najlepsza cz\u0119\u015b\u0107? On si\u0119 \u0142aduje <strong data-start=\"1617\" data-end=\"1631\">30% szybsze<\/strong>od zera do pe\u0142nego na\u0142adowania w zaledwie <strong data-start=\"1674\" data-end=\"1688\">30 minut<\/strong>. Smuk\u0142y <strong data-start=\"1698\" data-end=\"1717\">wz\u00f3r marmurkowy<\/strong> i <strong data-start=\"1722\" data-end=\"1770\">ekologiczny, plastik z recyklingu pochodz\u0105cy z odpad\u00f3w konsumenckich<\/strong> budowa sprawia \u017ce <strong data-start=\"1793\" data-end=\"1813\">Vozol Star 12000<\/strong> Stylowy i zr\u00f3wnowa\u017cony wyb\u00f3r dla nowoczesnych waporyzator\u00f3w.<\/p>\n<hr class=\"\" data-start=\"1867\" data-end=\"1870\" \/>\n<h4 class=\"\" data-start=\"1872\" data-end=\"1894\"><strong data-start=\"1877\" data-end=\"1894\">G\u0142\u00f3wne funkcje:<\/strong><\/h4>\n<ul data-start=\"1896\" data-end=\"2656\">\n<li class=\"\" data-start=\"1896\" data-end=\"1979\">\n<p class=\"\" data-start=\"1898\" data-end=\"1979\"><strong data-start=\"1898\" data-end=\"1920\">Wy\u015bwietlacz LED<\/strong> dla \u0142atwego monitorowania <strong data-start=\"1944\" data-end=\"1955\">bateria<\/strong> i <strong data-start=\"1960\" data-end=\"1979\">poziomy e-p\u0142ynu<\/strong><\/p>\n<\/li>\n<li class=\"\" data-start=\"1980\" data-end=\"2037\">\n<p class=\"\" data-start=\"1982\" data-end=\"2037\"><strong data-start=\"1982\" data-end=\"1999\">Zgodny z TPD<\/strong> (Dyrektywa o produktach tytoniowych zgodna)<\/p>\n<\/li>\n<li class=\"\" data-start=\"2038\" data-end=\"2101\">\n<p class=\"\" data-start=\"2040\" data-end=\"2101\"><strong data-start=\"2040\" data-end=\"2055\">12000 Puffs<\/strong>: D\u0142ugotrwa\u0142a wydajno\u015b\u0107 dla cz\u0119stych waper\u00f3w<\/p>\n<\/li>\n<li class=\"\" data-start=\"2102\" data-end=\"2184\">\n<p class=\"\" data-start=\"2104\" data-end=\"2184\"><strong data-start=\"2104\" data-end=\"2124\">Zestaw akumulator\u00f3w<\/strong>: Obejmuje <strong data-start=\"2137\" data-end=\"2168\">Bateria akumulatorowa 650mAh<\/strong> dla wygody<\/p>\n<\/li>\n<li class=\"\" data-start=\"2185\" data-end=\"2244\">\n<p class=\"\" data-start=\"2187\" data-end=\"2244\"><strong data-start=\"2187\" data-end=\"2200\">Siatka Grza\u0142ki<\/strong>: Zapewnia p\u0142ynniejsze hity i lepszy smak<\/p>\n<\/li>\n<li class=\"\" data-start=\"2245\" data-end=\"2316\">\n<p class=\"\" data-start=\"2247\" data-end=\"2316\"><strong data-start=\"2247\" data-end=\"2277\">Technologia Smaku S.i.L.C.<\/strong>Ciesz si\u0119 wy\u017cszym smakiem z ka\u017cdym zaci\u0105gni\u0119ciem<\/p>\n<\/li>\n<li class=\"\" data-start=\"2317\" data-end=\"2379\">\n<p class=\"\" data-start=\"2319\" data-end=\"2379\"><strong data-start=\"2319\" data-end=\"2344\">Ochrona ustnika<\/strong>: Utrzymuje tw\u00f3j waporyzator w czysto\u015bci i bezpiecze\u0144stwie<\/p>\n<\/li>\n<li class=\"\" data-start=\"2380\" data-end=\"2468\">\n<p class=\"\" data-start=\"2382\" data-end=\"2468\"><strong data-start=\"2382\" data-end=\"2399\">Szybkie \u0142adowanie<\/strong>: Pe\u0142ne na\u0142adowanie zajmuje tylko <strong data-start=\"2425\" data-end=\"2439\">30 minut<\/strong>30% szybszy ni\u017c inne vape'y<\/p>\n<\/li>\n<li class=\"\" data-start=\"2469\" data-end=\"2523\">\n<p class=\"\" data-start=\"2471\" data-end=\"2523\"><strong data-start=\"2471\" data-end=\"2483\">MTL Vape<\/strong>: Idealny dla wapowania w stylu Mouth-to-Lung<\/p>\n<\/li>\n<li class=\"\" data-start=\"2524\" data-end=\"2584\">\n<p class=\"\" data-start=\"2526\" data-end=\"2584\"><strong data-start=\"2526\" data-end=\"2547\">Przyjazny dla pocz\u0105tkuj\u0105cych<\/strong>: \u0141atwy w u\u017cyciu, idealny dla nowych waper\u00f3w<\/p>\n<\/li>\n<li class=\"\" data-start=\"2585\" data-end=\"2656\">\n<p class=\"\" data-start=\"2587\" data-end=\"2656\"><strong data-start=\"2587\" data-end=\"2610\">Ekologicznie zr\u00f3wnowa\u017cony design<\/strong>: Zrobione z <strong data-start=\"2622\" data-end=\"2656\">po konsumenckie tworzywo sztuczne z recyklingu<\/strong><\/p>\n<\/li>\n<\/ul>\n<hr class=\"\" data-start=\"2658\" data-end=\"2661\" \/>\n<h4 class=\"\" data-start=\"2663\" data-end=\"2691\"><strong data-start=\"2668\" data-end=\"2691\">Dlaczego Warto Kupi\u0107:<\/strong><\/h4>\n<ul data-start=\"2693\" data-end=\"3218\">\n<li class=\"\" data-start=\"2693\" data-end=\"2786\">\n<p class=\"\" data-start=\"2695\" data-end=\"2786\"><strong data-start=\"2695\" data-end=\"2729\">Innowacyjna technologia S.i.L.C.<\/strong> Poprawia smak i zapewnia bogatsze do\u015bwiadczenie z wapowaniem.<\/p>\n<\/li>\n<li class=\"\" data-start=\"2787\" data-end=\"2851\">\n<p class=\"\" data-start=\"2789\" data-end=\"2851\"><strong data-start=\"2789\" data-end=\"2808\">Szybsze \u0142adowanie<\/strong> oznacza wi\u0119cej czasu na wapowanie, mniej czasu na czekanie.<\/p>\n<\/li>\n<li class=\"\" data-start=\"2852\" data-end=\"2932\">\n<p class=\"\" data-start=\"2854\" data-end=\"2932\">The \nnie wymaga t\u0142umaczenia <strong data-start=\"2858\" data-end=\"2873\">Wy\u015bwietlacz LED<\/strong> Umo\u017cliwia \u0142atwe sprawdzenie wydajno\u015bci Twojego vape'a w dowolnym momencie.<\/p>\n<\/li>\n<li class=\"\" data-start=\"2933\" data-end=\"3015\">\n<p class=\"\" data-start=\"2935\" data-end=\"3015\"><strong data-start=\"2935\" data-end=\"2953\">Trwa\u0142a konstrukcja<\/strong> z <strong data-start=\"2959\" data-end=\"2984\">ochrona ustnika<\/strong> Zapewnia higien\u0119 i trwa\u0142o\u015b\u0107.<\/p>\n<\/li>\n<li class=\"\" data-start=\"3016\" data-end=\"3119\">\n<p class=\"\" data-start=\"3018\" data-end=\"3119\">Zrobione z <strong data-start=\"3028\" data-end=\"3054\">materia\u0142\u00f3w przyjaznych dla \u015brodowiska<\/strong>, to m\u0105dry wyb\u00f3r dla tych, kt\u00f3rzy dbaj\u0105 o \u015brodowisko.<\/p>\n<\/li>\n<li class=\"\" data-start=\"3120\" data-end=\"3218\">\n<p class=\"\" data-start=\"3122\" data-end=\"3218\">Stylowy <strong data-start=\"3130\" data-end=\"3149\">wz\u00f3r marmurkowy<\/strong> sprawia, \u017ce ta vape wyr\u00f3\u017cnia si\u0119 i dodaje dodatkowy odcie\u0144 wyrafinowania.<\/p>\n<\/li>\n<\/ul>\n<hr class=\"\" data-start=\"3220\" data-end=\"3223\" \/>\n<h4 class=\"\" data-start=\"3225\" data-end=\"3239\"><strong data-start=\"3230\" data-end=\"3239\">FAQs:<\/strong><\/h4>\n<ul data-start=\"3241\" data-end=\"4055\">\n<li class=\"\" data-start=\"3241\" data-end=\"3384\">\n<p class=\"\" data-start=\"3243\" data-end=\"3384\"><strong data-start=\"3243\" data-end=\"3285\">Czy urz\u0105dzenie vape jest przyjazne dla pocz\u0105tkuj\u0105cych?<\/strong> Tak! The <strong data-start=\"3297\" data-end=\"3317\">Vozol Star 12000<\/strong> zosta\u0142 zaprojektowany z my\u015bl\u0105 o \u0142atwo\u015bci u\u017cytkowania, co sprawia, \u017ce jest idealny dla nowych waper\u00f3w.<\/p>\n<\/li>\n<li class=\"\" data-start=\"3386\" data-end=\"3558\">\n<p class=\"\" data-start=\"3388\" data-end=\"3558\"><strong data-start=\"3388\" data-end=\"3432\">Vozol Star 12000<\/strong> Do nawet <strong data-start=\"3446\" data-end=\"3461\">12000 pff\u00f3w<\/strong>Urz\u0105dzenie vape oferuje d\u0142ugotrwa\u0142\u0105 wydajno\u015b\u0107, gwarantuj\u0105c maksymalne wykorzystanie ka\u017cdego \u0142adowania.<\/p>\n<\/li>\n<li class=\"\" data-start=\"3560\" data-end=\"3753\">\n<p class=\"\" data-start=\"3562\" data-end=\"3753\"><strong data-start=\"3562\" data-end=\"3593\">Jak na\u0142adowa\u0107 urz\u0105dzenie?<\/strong> Po prostu u\u017cyj do\u0142\u0105czonego kabla \u0142aduj\u0105cego do \u0142adowania <strong data-start=\"3649\" data-end=\"3680\">Bateria akumulatorowa 650mAh<\/strong>. Pe\u0142nie \u0142aduje si\u0119 w <strong data-start=\"3702\" data-end=\"3721\">tylko 30 minut<\/strong>30% szybszy ni\u017c inne urz\u0105dzenia.<\/p>\n<\/li>\n<li class=\"\" data-start=\"3755\" data-end=\"3903\">\n<p class=\"\" data-start=\"3757\" data-end=\"3903\"><strong data-start=\"3757\" data-end=\"3798\">Czy Vozol Star 12000 jest przyjazny dla \u015brodowiska?<\/strong> Tak, jest zrobiony z <strong data-start=\"3822\" data-end=\"3856\">po konsumenckie tworzywo sztuczne z recyklingu<\/strong>, co sprawia, \u017ce jest to ekologiczna opcja.<\/p>\n<\/li>\n<li class=\"\" data-start=\"3905\" data-end=\"4055\">\n<p class=\"\" data-start=\"3907\" data-end=\"4055\"><strong data-start=\"3907\" data-end=\"3949\">Ochrona ustnika<\/strong> The \nnie wymaga t\u0142umaczenia <strong data-start=\"3956\" data-end=\"3981\">ochrona ustnika<\/strong> pomaga utrzyma\u0107 ustnik w czysto\u015bci i higienie, szczeg\u00f3lnie wtedy, gdy nie jest u\u017cywany.<\/p>\n<\/li>\n<\/ul>","protected":false},"excerpt":{"rendered":"<p>The \nnie wymaga t\u0142umaczenia <strong data-start=\"4\" data-end=\"24\">Vozol Star 12000<\/strong> jest \u0142adowaln\u0105 vape z 12000 zaci\u0105gni\u0119ciami, szybkim 30-minutowym \u0142adowaniem, technologi\u0105 smakow\u0105 S.i.L.C. oraz ekologiczn\u0105 konstrukcj\u0105, zapewniaj\u0105c ulepszone i higieniczne do\u015bwiadczenie wapowania.<\/p>","protected":false},"featured_media":6627,"comment_status":"open","ping_status":"closed","template":"","meta":[],"product_brand":[],"product_cat":[22],"product_tag":[],"class_list":{"0":"post-6617","1":"product","2":"type-product","3":"status-publish","4":"has-post-thumbnail","6":"product_cat-vozol-disposable-vapes","8":"first","9":"outofstock","10":"shipping-taxable","11":"product-type-variable"},"jetpack_sharing_enabled":true,"_links":{"self":[{"href":"https:\/\/casinovape.de\/pl\/wp-json\/wp\/v2\/product\/6617","targetHints":{"allow":["GET"]}}],"collection":[{"href":"https:\/\/casinovape.de\/pl\/wp-json\/wp\/v2\/product"}],"about":[{"href":"https:\/\/casinovape.de\/pl\/wp-json\/wp\/v2\/types\/product"}],"replies":[{"embeddable":true,"href":"https:\/\/casinovape.de\/pl\/wp-json\/wp\/v2\/comments?post=6617"}],"wp:featuredmedia":[{"embeddable":true,"href":"https:\/\/casinovape.de\/pl\/wp-json\/wp\/v2\/media\/6627"}],"wp:attachment":[{"href":"https:\/\/casinovape.de\/pl\/wp-json\/wp\/v2\/media?parent=6617"}],"wp:term":[{"taxonomy":"product_brand","embeddable":true,"href":"https:\/\/casinovape.de\/pl\/wp-json\/wp\/v2\/product_brand?post=6617"},{"taxonomy":"product_cat","embeddable":true,"href":"https:\/\/casinovape.de\/pl\/wp-json\/wp\/v2\/product_cat?post=6617"},{"taxonomy":"product_tag","embeddable":true,"href":"https:\/\/casinovape.de\/pl\/wp-json\/wp\/v2\/product_tag?post=6617"}],"curies":[{"name":"wp","href":"https:\/\/api.w.org\/{rel}","templated":true}]}}