{"id":6523,"date":"2025-04-08T01:59:49","date_gmt":"2025-04-08T01:59:49","guid":{"rendered":"https:\/\/casinovape.de\/?post_type=product&#038;p=6523"},"modified":"2025-05-12T07:26:12","modified_gmt":"2025-05-12T07:26:12","slug":"request-failed-with-status-code-634","status":"publish","type":"product","link":"https:\/\/casinovape.de\/pl\/produkt\/request-failed-with-status-code-634\/","title":{"rendered":"Magazyn Europejski Fumot RandM Tornado 30000 Puff\u00f3w Nisk\u0105 zawarto\u015bci\u0105 nikotyny  Kup oryginalne Autentyczne  Akumulatory  Waporyzator jednorazowy"},"content":{"rendered":"<div style=\"width: 1020px;\" class=\"wp-video\"><!--[if lt IE 9]><script>document.createElement('video');<\/script><![endif]-->\n<video class=\"wp-video-shortcode\" id=\"video-6523-1\" width=\"1020\" height=\"574\" preload=\"metadata\" controls=\"controls\"><source type=\"video\/mp4\" src=\"https:\/\/casinovape.de\/wp-content\/uploads\/2025\/04\/tornado-30k-music-\u89c6\u9891.mp4?_=1\" \/><a href=\"https:\/\/casinovape.de\/wp-content\/uploads\/2025\/04\/tornado-30k-music-\u89c6\u9891.mp4\">https:\/\/casinovape.de\/wp-content\/uploads\/2025\/04\/tornado-30k-music-\u89c6\u9891.mp4<\/a><\/video><\/div>\n<h2 class=\"\" data-start=\"0\" data-end=\"87\">Do\u015bwiadcz Nieprzeci\u0119tego Palenia z <a href=\"https:\/\/casinovape.de\/pl\/kategoria-produktu\/randm-fumot-jednorazowe-waporyzatory\/\">RandM Fumot Tornado<\/a> 30000 Puff\u00f3w Jednorazowa Waporyzator<\/h2>\n<p class=\"\" data-start=\"89\" data-end=\"208\"><span class=\"relative -mx-px my-[-0.2rem] rounded-sm px-px py-[0.2rem]\">W Casinovape, wiod\u0105cym sprzedawcy internetowym jednorazowych waporyzator\u00f3w w Niemczech, jeste\u015bmy podekscytowani, \u017ce mo\u017cemy zaprezentowa\u0107 <strong data-start=\"108\" data-end=\"159\">RandM Fumot Tornado 30000 Puff\u00f3w Jednorazowa Waporyzator<\/strong>.<\/span> <span class=\"relative -mx-px my-[-0.2rem] rounded-sm px-px py-[0.2rem]\">To urz\u0105dzenie nowej generacji \u0142\u0105czy imponuj\u0105c\u0105 \u017cywotno\u015b\u0107, wyj\u0105tkow\u0105 r\u00f3\u017cnorodno\u015b\u0107 smak\u00f3w oraz innowacyjne funkcje, aby podnie\u015b\u0107 Twoje do\u015bwiadczenie z wapowania.<\/span>\u200b<\/p>\n<h3 class=\"\" data-start=\"210\" data-end=\"230\">Przegl\u0105d produktu<\/h3>\n<p class=\"\" data-start=\"232\" data-end=\"389\"><span class=\"relative -mx-px my-[-0.2rem] rounded-sm px-px py-[0.2rem]\">RandM Fumot Tornado 30000 to najnowocze\u015bniejszy jednorazowy waporyzator przeznaczony dla wapuj\u0105cych, kt\u00f3rzy szukaj\u0105 przed\u0142u\u017conego u\u017cytkowania i doskona\u0142ej wydajno\u015bci.<\/span> <span class=\"relative -mx-px my-[-0.2rem] rounded-sm px-px py-[0.2rem]\">Dzi\u0119ki zadziwiaj\u0105cej pojemno\u015bci wynosz\u0105cej do 30 000 pff\u00f3w, urz\u0105dzenie to zapewnia przed\u0142u\u017con\u0105 przyjemno\u015b\u0107 bez konieczno\u015bci cz\u0119stej wymiany.<\/span> <span class=\"relative -mx-px my-[-0.2rem] rounded-sm px-px py-[0.2rem]\">Jego elegancka i przeno\u015bna konstrukcja sprawia, \u017ce jest idealnym towarzyszem zar\u00f3wno do u\u017cytku domowego, jak i do vapowania w podr\u00f3\u017cy.<\/span>\u200b<\/p>\n<h3 class=\"\" data-start=\"391\" data-end=\"407\">G\u0142\u00f3wne funkcje<\/h3>\n<ul data-start=\"409\" data-end=\"1110\">\n<li class=\"\" data-start=\"409\" data-end=\"519\">\n<p class=\"\" data-start=\"411\" data-end=\"519\"><strong data-start=\"411\" data-end=\"436\">Masywna Pojemno\u015b\u0107 Puff<\/strong>: <span class=\"relative -mx-px my-[-0.2rem] rounded-sm px-px py-[0.2rem]\">Ciesz si\u0119 nawet 30 000 zaci\u0105gni\u0119\u0107, zapewniaj\u0105c d\u0142ugotrwa\u0142e do\u015bwiadczenie z wapowaniem, kt\u00f3re przewy\u017csza standardowe jednorazowe waporyzatory.<\/span>\u200b<\/p>\n<\/li>\n<li class=\"\" data-start=\"521\" data-end=\"632\">\n<p class=\"\" data-start=\"523\" data-end=\"632\"><strong data-start=\"523\" data-end=\"547\">Bateria Akumulatorowa<\/strong>: <span class=\"relative -mx-px my-[-0.2rem] rounded-sm px-px py-[0.2rem]\">Wyposa\u017cony w akumulator o pojemno\u015bci 600mAh, kt\u00f3ry mo\u017cna \u0142adowa\u0107 oraz wygodne gniazdo \u0142adowania typu C, co zapewnia szybkie i efektywne \u0142adowanie, dzi\u0119ki czemu mo\u017cesz d\u0142u\u017cej korzysta\u0107 z urz\u0105dzenia.<\/span>\u200b<\/p>\n<\/li>\n<li class=\"\" data-start=\"634\" data-end=\"747\">\n<p class=\"\" data-start=\"636\" data-end=\"747\"><strong data-start=\"636\" data-end=\"660\">Technologia Mesh Coil<\/strong>: <span class=\"relative -mx-px my-[-0.2rem] rounded-sm px-px py-[0.2rem]\">Wyposa\u017cony jest w 1,0\u03a9 mesh coil, kt\u00f3ry poprawia smak i produkcj\u0119 pary, zapewniaj\u0105c g\u0142adkie i r\u00f3wnomierne ssanie za ka\u017cdym razem.<\/span>\u200b<\/p>\n<\/li>\n<li class=\"\" data-start=\"749\" data-end=\"869\">\n<p class=\"\" data-start=\"751\" data-end=\"869\"><strong data-start=\"751\" data-end=\"782\">\u015awiat\u0142a LED reaguj\u0105ce na muzyk\u0119<\/strong>: <span class=\"relative -mx-px my-[-0.2rem] rounded-sm px-px py-[0.2rem]\">Zintegrowane \u015bwiat\u0142a LED, kt\u00f3re synchronizuj\u0105 si\u0119 z Twoj\u0105 muzyk\u0105, tworz\u0105c dynamiczne i wci\u0105gaj\u0105ce do\u015bwiadczenie wizualne podczas sesji wapowania.<\/span>\u200b<\/p>\n<\/li>\n<li class=\"\" data-start=\"871\" data-end=\"989\">\n<p class=\"\" data-start=\"873\" data-end=\"989\"><strong data-start=\"873\" data-end=\"902\">Opcje mocy nikotyny<\/strong>: <span class=\"relative -mx-px my-[-0.2rem] rounded-sm px-px py-[0.2rem]\">Dost\u0119pne w st\u0119\u017ceniach nikotyny 0%, 2%, 3% i 5%, dostosowane do r\u00f3\u017cnych preferencji i pozwalaj\u0105ce wybra\u0107 intensywno\u015b\u0107, kt\u00f3ra najlepiej Ci odpowiada.<\/span>\u200b<\/p>\n<\/li>\n<li class=\"\" data-start=\"991\" data-end=\"1110\">\n<p class=\"\" data-start=\"993\" data-end=\"1110\"><strong data-start=\"993\" data-end=\"1023\">Oferujemy szeroki wyb\u00f3r smak\u00f3w<\/strong>: <span class=\"relative -mx-px my-[-0.2rem] rounded-sm px-px py-[0.2rem]\">Oferuje r\u00f3\u017cnorodn\u0105 gam\u0119 30 unikalnych smak\u00f3w, gwarantuj\u0105c idealne dopasowanie dla ka\u017cdego podniebienia.<\/span>\u200b<\/p>\n<\/li>\n<\/ul>\n<h3 class=\"\" data-start=\"1112\" data-end=\"1130\">Opcje smakowe<\/h3>\n<p class=\"\" data-start=\"1132\" data-end=\"1217\"><span class=\"relative -mx-px my-[-0.2rem] rounded-sm px-px py-[0.2rem]\">Oddaj si\u0119 szerokiej gamie starannie stworzonych smak\u00f3w, zaprojektowanych by zaspokoi\u0107 r\u00f3\u017cnorodne gusta:<\/span>\u200b<\/p>\n<ol data-start=\"1219\" data-end=\"4495\">\n<li class=\"\" data-start=\"1219\" data-end=\"1323\">\n<p class=\"\" data-start=\"1222\" data-end=\"1323\"><strong data-start=\"1222\" data-end=\"1236\">L\u00f3d Bananowy<\/strong>: <span class=\"relative -mx-px my-[-0.2rem] rounded-sm px-px py-[0.2rem]\">Kremowa mieszanka dojrza\u0142ych banan\u00f3w z orze\u017awiaj\u0105cym lodowatym finiszem.<\/span>\u200b<\/p>\n<\/li>\n<li class=\"\" data-start=\"1325\" data-end=\"1428\">\n<p class=\"\" data-start=\"1328\" data-end=\"1428\"><strong data-start=\"1328\" data-end=\"1341\">Czarny L\u00f3d<\/strong>: <span class=\"relative -mx-px my-[-0.2rem] rounded-sm px-px py-[0.2rem]\">Odwa\u017cne po\u0142\u0105czenie ciemnych jag\u00f3d i ch\u0142odnego mentolu dla chrupi\u0105cego do\u015bwiadczenia wapowania.<\/span>\u200b<\/p>\n<\/li>\n<li class=\"\" data-start=\"1430\" data-end=\"1537\">\n<p class=\"\" data-start=\"1433\" data-end=\"1537\"><strong data-start=\"1433\" data-end=\"1450\">Blue Razz Ice<\/strong>: <span class=\"relative -mx-px my-[-0.2rem] rounded-sm px-px py-[0.2rem]\">Ostrej niebieskiej maliny dope\u0142nia ch\u0142odny powiew mentolu.<\/span>\u200b<\/p>\n<\/li>\n<li class=\"\" data-start=\"1539\" data-end=\"1649\">\n<p class=\"\" data-start=\"1542\" data-end=\"1649\"><strong data-start=\"1542\" data-end=\"1562\">Blueberry On Ice<\/strong>: <span class=\"relative -mx-px my-[-0.2rem] rounded-sm px-px py-[0.2rem]\">S\u0142odziutkie bor\u00f3wki przepe\u0142nione ch\u0142odnym mentolowym kopem.<\/span>\u200b<\/p>\n<\/li>\n<li class=\"\" data-start=\"1651\" data-end=\"1764\">\n<p class=\"\" data-start=\"1654\" data-end=\"1764\"><strong data-start=\"1654\" data-end=\"1677\">Jagoda Malina<\/strong>: <span class=\"relative -mx-px my-[-0.2rem] rounded-sm px-px py-[0.2rem]\">Harmonijna mieszanka soczystych bor\u00f3wek i kwa\u015bnych malin.<\/span>\u200b<\/p>\n<\/li>\n<li class=\"\" data-start=\"1766\" data-end=\"1884\">\n<p class=\"\" data-start=\"1769\" data-end=\"1884\"><strong data-start=\"1769\" data-end=\"1797\">Bor\u00f3wka Kwa\u015bna Malina<\/strong>: <span class=\"relative -mx-px my-[-0.2rem] rounded-sm px-px py-[0.2rem]\">Oczaruj\u0105ca mieszanka s\u0142odkich bor\u00f3wek i kwa\u015bnych malin z lodowatym podtonem.<\/span>\u200b<\/p>\n<\/li>\n<li class=\"\" data-start=\"1886\" data-end=\"1990\">\n<p class=\"\" data-start=\"1889\" data-end=\"1990\"><strong data-start=\"1889\" data-end=\"1903\">Cere\u015bniowy L\u00f3d<\/strong>: <span class=\"relative -mx-px my-[-0.2rem] rounded-sm px-px py-[0.2rem]\">Sokowite wi\u015bnie w po\u0142\u0105czeniu z mro\u017anym wydechem mentolu.<\/span>\u200b<\/p>\n<\/li>\n<li class=\"\" data-start=\"1992\" data-end=\"2097\">\n<p class=\"\" data-start=\"1995\" data-end=\"2097\"><strong data-start=\"1995\" data-end=\"2010\">Cerry Cola \nnie,  Czarna Kolacja nie,  Wi\u015bniowa Cola<\/strong>: <span class=\"relative -mx-px my-[-0.2rem] rounded-sm px-px py-[0.2rem]\">Klasyczny smak coli wzbogacony s\u0142odkimi nutami wi\u015bniowymi.<\/span>\u200b<\/p>\n<\/li>\n<li class=\"\" data-start=\"2099\" data-end=\"2201\">\n<p class=\"\" data-start=\"2102\" data-end=\"2201\"><strong data-start=\"2102\" data-end=\"2114\">Cola Ice<\/strong>: <span class=\"relative -mx-px my-[-0.2rem] rounded-sm px-px py-[0.2rem]\">Klasyczny smak coli ulepszony orze\u017awiaj\u0105cym akcentem mentolu.<\/span>\u200b<\/p>\n<\/li>\n<li class=\"\" data-start=\"2203\" data-end=\"2307\">\n<p class=\"\" data-start=\"2207\" data-end=\"2307\"><strong data-start=\"2207\" data-end=\"2220\">Ch\u0142odna Mi\u0119ta<\/strong>: <span class=\"relative -mx-px my-[-0.2rem] rounded-sm px-px py-[0.2rem]\">Chrupi\u0105cy i orze\u017awiaj\u0105cy mi\u0119towy smak dla od\u015bwie\u017caj\u0105cego wapowania.<\/span>\u200b<\/p>\n<\/li>\n<li class=\"\" data-start=\"2309\" data-end=\"2416\">\n<p class=\"\" data-start=\"2313\" data-end=\"2416\"><strong data-start=\"2313\" data-end=\"2329\">Podw\u00f3jne Jab\u0142ko<\/strong>: <span class=\"relative -mx-px my-[-0.2rem] rounded-sm px-px py-[0.2rem]\">Przyjemna kombinacja s\u0142odkich i kwa\u015bnych odmian jab\u0142ek.<\/span>\u200b<\/p>\n<\/li>\n<li class=\"\" data-start=\"2418\" data-end=\"2520\">\n<p class=\"\" data-start=\"2422\" data-end=\"2520\"><strong data-start=\"2422\" data-end=\"2433\">Dr Blue<\/strong>: <span class=\"relative -mx-px my-[-0.2rem] rounded-sm px-px py-[0.2rem]\">Tajemnicza mieszanka jag\u00f3d z nut\u0105 mentolu.<\/span>\u200b<\/p>\n<\/li>\n<li class=\"\" data-start=\"2522\" data-end=\"2626\">\n<p class=\"\" data-start=\"2526\" data-end=\"2626\"><strong data-start=\"2526\" data-end=\"2539\">L\u00f3d Winogronowy<\/strong>: <span class=\"relative -mx-px my-[-0.2rem] rounded-sm px-px py-[0.2rem]\">Sokowite winogrona po\u0142\u0105czone z ch\u0142odnym uczuciem mentolu.<\/span>\u200b<\/p>\n<\/li>\n<li class=\"\" data-start=\"2628\" data-end=\"2730\">\n<p class=\"\" data-start=\"2632\" data-end=\"2730\"><strong data-start=\"2632\" data-end=\"2643\">Lodzik<\/strong>: <span class=\"relative -mx-px my-[-0.2rem] rounded-sm px-px py-[0.2rem]\">Wspomniana mieszanka owocowych smak\u00f3w, przypominaj\u0105ca zamro\u017cone przysmaki.<\/span>\u200b<\/p>\n<\/li>\n<li class=\"\" data-start=\"2732\" data-end=\"2851\">\n<p class=\"\" data-start=\"2736\" data-end=\"2851\"><strong data-start=\"2736\" data-end=\"2764\">Kiwi Marakuja Guawa<\/strong>: <span class=\"relative -mx-px my-[-0.2rem] rounded-sm px-px py-[0.2rem]\">Egzotyczna mieszanka tropikalnych owoc\u00f3w dostarczaj\u0105ca \u017cywio\u0142owy smak.<\/span>\u200b<\/p>\n<\/li>\n<li class=\"\" data-start=\"2853\" data-end=\"2955\">\n<p class=\"\" data-start=\"2857\" data-end=\"2955\"><strong data-start=\"2857\" data-end=\"2868\">Love 66 \nMi\u0142o\u015b\u0107 66<\/strong>: <span class=\"relative -mx-px my-[-0.2rem] rounded-sm px-px py-[0.2rem]\">S\u0142odka i urzekaj\u0105ca mieszanka r\u00f3\u017cnych owoc\u00f3w zapewniaj\u0105ca unikalne do\u015bwiadczenie smakowe.<\/span>\u200b<\/p>\n<\/li>\n<li class=\"\" data-start=\"2957\" data-end=\"3060\">\n<p class=\"\" data-start=\"2961\" data-end=\"3060\"><strong data-start=\"2961\" data-end=\"2973\">Lush Ice<\/strong>: <span class=\"relative -mx-px my-[-0.2rem] rounded-sm px-px py-[0.2rem]\">Orze\u017awiaj\u0105cy arbuz z ch\u0142odnym mentolowym finiszem.<\/span>\u200b<\/p>\n<\/li>\n<li class=\"\" data-start=\"3062\" data-end=\"3170\">\n<p class=\"\" data-start=\"3066\" data-end=\"3170\"><strong data-start=\"3066\" data-end=\"3083\">Mieszane jagody<\/strong>: <span class=\"relative -mx-px my-[-0.2rem] rounded-sm px-px py-[0.2rem]\">Bogat\u0105 ofert\u0119 jag\u00f3d zapewniaj\u0105c\u0105 symfoni\u0119 owocowych smak\u00f3w.<\/span>\u200b<\/p>\n<\/li>\n<li class=\"\" data-start=\"3172\" data-end=\"3278\">\n<p class=\"\" data-start=\"3176\" data-end=\"3278\"><strong data-start=\"3176\" data-end=\"3191\">Peach Berry<\/strong>: <span class=\"relative -mx-px my-[-0.2rem] rounded-sm px-px py-[0.2rem]\">Sokowite brzoskwinie po\u0142\u0105czone z r\u00f3\u017cnymi jagodami dla s\u0142odkiego wapowania.<\/span>\u200b<\/p>\n<\/li>\n<li class=\"\" data-start=\"3280\" data-end=\"3384\">\n<p class=\"\" data-start=\"3284\" data-end=\"3384\"><strong data-start=\"3284\" data-end=\"3297\">Peach Ice<\/strong>: <span class=\"relative -mx-px my-[-0.2rem] rounded-sm px-px py-[0.2rem]\">Sokowite brzoskwinie z orze\u017awiaj\u0105cym mentolowym wydechem.<\/span>\u200b<\/p>\n<\/li>\n<li class=\"\" data-start=\"3386\" data-end=\"3503\">\n<p class=\"\" data-start=\"3390\" data-end=\"3503\"><strong data-start=\"3390\" data-end=\"3416\">Peachy Mango Ananas<\/strong>: <span class=\"relative -mx-px my-[-0.2rem] rounded-sm px-px py-[0.2rem]\">Tropikalna tr\u00f3jka brzoskwi\u0144, mango i ananas\u00f3w.<\/span>\u200b<\/p>\n<\/li>\n<li class=\"\" data-start=\"3505\" data-end=\"3613\">\n<p class=\"\" data-start=\"3509\" data-end=\"3613\"><strong data-start=\"3509\" data-end=\"3526\">Pineapple Ice<\/strong>: <span class=\"relative -mx-px my-[-0.2rem] rounded-sm px-px py-[0.2rem]\">S\u0142odka ananas uzupe\u0142niona przez ch\u0142odn\u0105 mentolow\u0105 bryz\u0119.<\/span>\u200b<\/p>\n<\/li>\n<li class=\"\" data-start=\"3615\" data-end=\"3723\">\n<p class=\"\" data-start=\"3619\" data-end=\"3723\"><strong data-start=\"3619\" data-end=\"3636\">R\u00f3\u017cowy sok z cytryny<\/strong>: <span class=\"relative -mx-px my-[-0.2rem] rounded-sm px-px py-[0.2rem]\">Ostre po\u0142\u0105czenie lemoniady z nut\u0105 czerwonych jag\u00f3d.<\/span>\u200b<\/p>\n<\/li>\n<li class=\"\" data-start=\"3725\" data-end=\"3828\">\n<p class=\"\" data-start=\"3729\" data-end=\"3828\"><strong data-start=\"3729\" data-end=\"3741\">Skittles<\/strong>: <span class=\"relative -mx-px my-[-0.2rem] rounded-sm px-px py-[0.2rem]\">Zabawna mieszanka owocowych smak\u00f3w przypominaj\u0105ca klasyczne cukierki.<\/span>\u200b<\/p>\n<\/li>\n<li class=\"\" data-start=\"3830\" data-end=\"3942\">\n<p class=\"\" data-start=\"3834\" data-end=\"3942\"><strong data-start=\"3834\" data-end=\"3855\">Truskawkowy Banan<\/strong>: <span class=\"relative -mx-px my-[-0.2rem] rounded-sm px-px py-[0.2rem]\">Kremowa mieszanka dojrza\u0142ych truskawek i banan\u00f3w.<\/span>\u200b<\/p>\n<\/li>\n<li class=\"\" data-start=\"3944\" data-end=\"4055\">\n<p class=\"\" data-start=\"3948\" data-end=\"4055\"><strong data-start=\"3948\" data-end=\"3968\">Truskawkowy Winogrono<\/strong>: <span class=\"relative -mx-px my-[-0.2rem] rounded-sm px-px py-[0.2rem]\">S\u0142odkie truskawki w po\u0142\u0105czeniu z soczystymi winogronami dla przyjemnego smaku.<\/span><\/p>\n<\/li>\n<li class=\"\" data-start=\"4057\" data-end=\"4166\">\n<p class=\"\" data-start=\"4061\" data-end=\"4166\"><strong data-start=\"4061\" data-end=\"4079\">Strawberry Ice<\/strong>: <span class=\"relative -mx-px my-[-0.2rem] rounded-sm px-px py-[0.2rem]\">\u015awie\u017ce truskawki z ch\u0142odnym wyfiniszem mentolowym.<\/span>\u200b<\/p>\n<\/li>\n<li class=\"\" data-start=\"4168\" data-end=\"4284\">\n<p class=\"\" data-start=\"4172\" data-end=\"4284\"><strong data-start=\"4172\" data-end=\"4197\">Truskawkowy Arbuz<\/strong>: <span class=\"relative -mx-px my-[-0.2rem] rounded-sm px-px py-[0.2rem]\">Orze\u017awiaj\u0105ca mieszanka truskawek i arbuza.<\/span>\u200b<\/p>\n<\/li>\n<li class=\"\" data-start=\"4286\" data-end=\"4393\">\n<p class=\"\" data-start=\"4290\" data-end=\"4393\"><strong data-start=\"4290\" data-end=\"4306\">Potr\u00f3jny Mango<\/strong>: <span class=\"relative -mx-px my-[-0.2rem] rounded-sm px-px py-[0.2rem]\">Intensywne do\u015bwiadczenie mango z warstwami tropikalnej s\u0142odyczy.<\/span>\u200b<\/p>\n<\/li>\n<li class=\"\" data-start=\"4395\" data-end=\"4495\">\n<p class=\"\" data-start=\"4399\" data-end=\"4495\"><strong data-start=\"4399\" data-end=\"4408\">Vimto<\/strong>: <span class=\"relative -mx-px my-[-0.2rem] rounded-sm px-px py-[0.2rem]\">Unikalna mieszanka jag\u00f3d inspirowana klasycznym brytyjskim napojem.<\/span><br \/>\n<img loading=\"lazy\" decoding=\"async\" class=\"alignnone wp-image-6577 size-full\" src=\"https:\/\/casinovape.de\/wp-content\/uploads\/2025\/04\/Fumot-Tornado-30k-2-scaled.webp\" alt=\"Magazyn Europejski Fumot RandM Tornado 30000 Puff\u00f3w Nisk\u0105 zawarto\u015bci\u0105 nikotyny  Kup oryginalne Autentyczne  Akumulatory  Waporyzator jednorazowy\" width=\"2560\" height=\"1653\" srcset=\"https:\/\/casinovape.de\/wp-content\/uploads\/2025\/04\/Fumot-Tornado-30k-2-scaled.webp 2560w, https:\/\/casinovape.de\/wp-content\/uploads\/2025\/04\/Fumot-Tornado-30k-2-300x194.webp 300w, https:\/\/casinovape.de\/wp-content\/uploads\/2025\/04\/Fumot-Tornado-30k-2-1024x661.webp 1024w, https:\/\/casinovape.de\/wp-content\/uploads\/2025\/04\/Fumot-Tornado-30k-2-768x496.webp 768w, https:\/\/casinovape.de\/wp-content\/uploads\/2025\/04\/Fumot-Tornado-30k-2-1536x992.webp 1536w, https:\/\/casinovape.de\/wp-content\/uploads\/2025\/04\/Fumot-Tornado-30k-2-2048x1322.webp 2048w, https:\/\/casinovape.de\/wp-content\/uploads\/2025\/04\/Fumot-Tornado-30k-2-18x12.webp 18w, https:\/\/casinovape.de\/wp-content\/uploads\/2025\/04\/Fumot-Tornado-30k-2-600x387.webp 600w\" sizes=\"auto, (max-width: 2560px) 100vw, 2560px\" \/><\/p>\n<\/li>\n<\/ol>\n<h3 class=\"\" data-start=\"4497\" data-end=\"4542\">Dlaczego wybra\u0107 <a href=\"https:\/\/casinovape.de\/pl\/kategoria-produktu\/randm-fumot-jednorazowe-waporyzatory\/\">RandM Fumot Tornado 30000<\/a>?<\/h3>\n<ul data-start=\"4544\" data-end=\"4932\">\n<li class=\"\" data-start=\"4544\" data-end=\"4659\">\n<p class=\"\" data-start=\"4546\" data-end=\"4659\"><strong data-start=\"4546\" data-end=\"4572\">Bezr\u00f3wnana D\u0142ugowieczno\u015b\u0107<\/strong>: <span class=\"relative -mx-px my-[-0.2rem] rounded-sm px-px py-[0.2rem]\">Dzi\u0119ki maksymalnie 30 000 zaci\u0105gni\u0119\u0107, mo\u017cesz cieszy\u0107 si\u0119 przed\u0142u\u017conymi sesjami wapowania bez konieczno\u015bci cz\u0119stej wymiany.<\/span>\u200b<\/p>\n<\/li>\n<li class=\"\" data-start=\"4661\" data-end=\"4778\">\n<p class=\"\" data-start=\"4663\" data-end=\"4778\"><strong data-start=\"4663\" data-end=\"4691\">Dostawa Wy\u017cszej Jako\u015bci Smaku<\/strong>: <span class=\"relative -mx-px my-[-0.2rem] rounded-sm px-px py-[0.2rem]\">Zaawansowana technologia siatki metalowej gwarantuje, \u017ce ka\u017cdy zaci\u0105g jest bogaty w smak i wytwarza zadowalaj\u0105ce chmury pary.<\/span>\u200b<\/p>\n<\/li>\n<li class=\"\" data-start=\"4780\" data-end=\"4896\">\n<p class=\"\" data-start=\"4782\" data-end=\"4896\"><strong data-start=\"4782\" data-end=\"4809\">Dostosowane do\u015bwiadczenie<\/strong>: <span class=\"relative -mx-px my-[-0.2rem] rounded-sm px-px py-[0.2rem]\">Wybierz spo\u015br\u00f3d r\u00f3\u017cnych mocy nikotyny i ogromnego wyboru smak\u00f3w, aby dostosowa\u0107 swoj\u0105 przygod\u0119 z wapowaniem do swoich osobistych preferencji.<\/span><\/p>\n<\/li>\n<\/ul>","protected":false},"excerpt":{"rendered":"<p>Ciesz si\u0119 nawet 30 000 aromatycznych pff\u00f3w z \u017cywymi \u015bwiat\u0142ami LED i do\u015bwiadczeniem zsynchronizowanym z muzyk\u0105 w jednej pot\u0119\u017cnej, akumulatorowej, jednorazowej vape.<\/p>","protected":false},"featured_media":6576,"comment_status":"open","ping_status":"closed","template":"","meta":[],"product_brand":[],"product_cat":[15,78,79,80,83,86,87,88,90,91,95,96,98,99,65,66,67,68,69,70,71,72,73,74,75,76,77,57,64,45,48,50,51,47,52,54,56],"product_tag":[],"class_list":{"0":"post-6523","1":"product","2":"type-product","3":"status-publish","4":"has-post-thumbnail","6":"product_cat-randm-fumot-disposable-vapes","7":"product_cat-buy-best-disposable-vape-flavors","8":"product_cat-apple-flavor-disposable-vapes","9":"product_cat-blue-razz-flavor-disposable-vapes","10":"product_cat-cola-flavor-disposable-vapes","11":"product_cat-ice-flavor-disposable-vapes","12":"product_cat-kiwi-flavor-disposable-vapes","13":"product_cat-lemon-flavor-disposable-vapes","14":"product_cat-mango-flavor-disposable-vapes","15":"product_cat-mint-flavor-disposable-vapes","16":"product_cat-pineapple-flavor-disposable-vapes","17":"product_cat-raspberry-flavor-disposable-vapes","18":"product_cat-strawberry-flavor-disposable-vapes","19":"product_cat-watermelon-flavor-disposable-vapes","20":"product_cat-best-disposable-vape-in-europe","21":"product_cat-buy-disposable-vapes-in-austria","22":"product_cat-buy-disposable-vapes-in-belgium","23":"product_cat-buy-disposable-vapes-in-france","24":"product_cat-buy-disposable-vapes-in-germany","25":"product_cat-buy-disposable-vapes-in-italy","26":"product_cat-buy-disposable-vapes-in-netherlands","27":"product_cat-buy-disposable-vapes-in-norway","28":"product_cat-buy-disposable-vapes-in-poland","29":"product_cat-buy-disposable-vapes-in-portugal","30":"product_cat-buy-disposable-vapes-in-spain","31":"product_cat-buy-disposable-vapes-in-sweden","32":"product_cat-buy-disposable-vapes-in-switzerland","33":"product_cat-shop-disposable-vapes-by-puffs","34":"product_cat-30000-puff-disposable-vape","35":"product_cat-disposable-vape-types","36":"product_cat-big-puffs-disposable-vapes","37":"product_cat-digital-box-disposable-vapes","38":"product_cat-dual-mesh-disposable-vapes","39":"product_cat-full-screen-disposable-vapes","40":"product_cat-lower-nicotine-disposable-vapes","41":"product_cat-rechargeable-disposable-vapes","42":"product_cat-tornado-disposable-vapes","44":"first","45":"outofstock","46":"shipping-taxable","47":"product-type-variable"},"jetpack_sharing_enabled":true,"_links":{"self":[{"href":"https:\/\/casinovape.de\/pl\/wp-json\/wp\/v2\/product\/6523","targetHints":{"allow":["GET"]}}],"collection":[{"href":"https:\/\/casinovape.de\/pl\/wp-json\/wp\/v2\/product"}],"about":[{"href":"https:\/\/casinovape.de\/pl\/wp-json\/wp\/v2\/types\/product"}],"replies":[{"embeddable":true,"href":"https:\/\/casinovape.de\/pl\/wp-json\/wp\/v2\/comments?post=6523"}],"wp:featuredmedia":[{"embeddable":true,"href":"https:\/\/casinovape.de\/pl\/wp-json\/wp\/v2\/media\/6576"}],"wp:attachment":[{"href":"https:\/\/casinovape.de\/pl\/wp-json\/wp\/v2\/media?parent=6523"}],"wp:term":[{"taxonomy":"product_brand","embeddable":true,"href":"https:\/\/casinovape.de\/pl\/wp-json\/wp\/v2\/product_brand?post=6523"},{"taxonomy":"product_cat","embeddable":true,"href":"https:\/\/casinovape.de\/pl\/wp-json\/wp\/v2\/product_cat?post=6523"},{"taxonomy":"product_tag","embeddable":true,"href":"https:\/\/casinovape.de\/pl\/wp-json\/wp\/v2\/product_tag?post=6523"}],"curies":[{"name":"wp","href":"https:\/\/api.w.org\/{rel}","templated":true}]}}