{"id":6420,"date":"2025-04-03T03:37:55","date_gmt":"2025-04-03T03:37:55","guid":{"rendered":"https:\/\/casinovape.de\/?post_type=product&#038;p=6420"},"modified":"2025-06-09T01:13:44","modified_gmt":"2025-06-09T01:13:44","slug":"europejski-magazyn-vozol-gear-power-20000-puffow-niska-zawartosc-nikotyny-kup-oryginalne-jednorazowe-pioro-vapes-authentisch-wielokrotnego-ladowania","status":"publish","type":"product","link":"https:\/\/casinovape.de\/pl\/produkt\/europejski-magazyn-vozol-gear-power-20000-puffow-niska-zawartosc-nikotyny-kup-oryginalne-jednorazowe-pioro-vapes-authentisch-wielokrotnego-ladowania\/","title":{"rendered":"Europejski Magazyn Vozol Gear Power 20000 Puff\u00f3w Nisk\u0105 zawarto\u015b\u0107 nikotyny  Oryginalne Autentyczne  \u0141adowalne Jednorazowe Vape Pen"},"content":{"rendered":"<div style=\"width: 888px;\" class=\"wp-video\"><!--[if lt IE 9]><script>document.createElement('video');<\/script><![endif]-->\n<video class=\"wp-video-shortcode\" id=\"video-6420-1\" width=\"888\" height=\"498\" preload=\"metadata\" controls=\"controls\"><source type=\"video\/mp4\" src=\"https:\/\/casinovape.de\/wp-content\/uploads\/2025\/04\/VOZOL-GEAR-POWER-20000.mp4?_=1\" \/><a href=\"https:\/\/casinovape.de\/wp-content\/uploads\/2025\/04\/VOZOL-GEAR-POWER-20000.mp4\">https:\/\/casinovape.de\/wp-content\/uploads\/2025\/04\/VOZOL-GEAR-POWER-20000.mp4<\/a><\/video><\/div>\n<h2 class=\"\" data-start=\"507\" data-end=\"548\"><a href=\"https:\/\/casinovape.de\/pl\/kategoria-produktu\/jednorazowe-waporyzatory-vozol\/\">VOZOL Gear Power 20000<\/a> Jednorazowa E-papieros<\/h2>\n<h3 class=\"\" data-start=\"550\" data-end=\"565\">Opis<\/h3>\n<p class=\"\" data-start=\"567\" data-end=\"724\"><span class=\"relative -mx-px my-[-0.2rem] rounded-sm px-px py-[0.2rem]\">VOZOL Gear Power 20000 Jednorazowa Waporyzator to urz\u0105dzenie najnowocze\u015bniejsze, zaprojektowane dla waporyzator\u00f3w poszukuj\u0105cych zar\u00f3wno d\u0142ugowieczno\u015bci, jak i wyj\u0105tkowej wydajno\u015bci.<\/span> <span class=\"relative -mx-px my-[-0.2rem] rounded-sm px-px py-[0.2rem]\">Dzi\u0119ki innowacyjnemu systemowi podw\u00f3jnego trybu zasilania, u\u017cytkownicy mog\u0105 wybiera\u0107 mi\u0119dzy trybem Eco, oferuj\u0105cym do 20 000 zaci\u0105gni\u0119\u0107, a trybem Power, zapewniaj\u0105cym oko\u0142o 12 000 zaci\u0105gni\u0119\u0107.<\/span> <span class=\"relative -mx-px my-[-0.2rem] rounded-sm px-px py-[0.2rem]\">Ta elastyczno\u015b\u0107 pozwala dostosowa\u0107 do\u015bwiadczenie wapowania do Twoich preferencji, niezale\u017cnie od tego, czy priorytetem jest przed\u0142u\u017cone u\u017cytkowanie, czy bardziej intensywna sesja.<\/span>\u200b<\/p>\n<p class=\"\" data-start=\"726\" data-end=\"883\"><span class=\"relative -mx-px my-[-0.2rem] rounded-sm px-px py-[0.2rem]\">Wyposa\u017cony w pojemny, wst\u0119pnie nape\u0142niony zbiornik na p\u0142yn do wapowania o pojemno\u015bci 20 mL i st\u0119\u017ceniu nikotyny 5% (50 mg), VOZOL Gear Power zapewnia satysfakcjonuj\u0105ce i d\u0142ugotrwa\u0142e do\u015bwiadczenie wapowania.<\/span> <span class=\"relative -mx-px my-[-0.2rem] rounded-sm px-px py-[0.2rem]\">Urz\u0105dzenie wyposa\u017cone jest w akumulator o pojemno\u015bci 650mAh, uzupe\u0142niony portem \u0142adowania USB typu C dla szybkiego i wygodnego \u0142adowania.<\/span> <span class=\"relative -mx-px my-[-0.2rem] rounded-sm px-px py-[0.2rem]\">Wy\u015bwietlacz LED na pe\u0142nym ekranie zapewnia informacje w czasie rzeczywistym dotycz\u0105ce poziomu baterii, poziomu e-cieczy oraz stanu zasilania, dzi\u0119ki czemu jeste\u015b poinformowany i masz kontrol\u0119.<\/span>\u200b<\/p>\n<p class=\"\" data-start=\"885\" data-end=\"1010\"><span class=\"relative -mx-px my-[-0.2rem] rounded-sm px-px py-[0.2rem]\">W\u0142\u0105czaj\u0105c zaawansowan\u0105 technologi\u0119 S.i.L.C. (G\u0142adka, To\u017csama, D\u0142ugotrwa\u0142a, Czysta) oraz podw\u00f3jny system cewek siatkowych, ta jednorazowa vape zapewnia sta\u0142\u0105, bogat\u0105 gam\u0119 smak\u00f3w oraz g\u0142adk\u0105 produkcj\u0119 pary od pierwszego do ostatniego zaci\u0105gni\u0119cia.<\/span> <span class=\"relative -mx-px my-[-0.2rem] rounded-sm px-px py-[0.2rem]\">Zastosowanie ochraniacza ustnika zapewnia higien\u0119 i czysto\u015b\u0107, podnosz\u0105c og\u00f3ln\u0105 jako\u015b\u0107 u\u017cytkowania.<\/span>\u200b<\/p>\n<h3 class=\"\" data-start=\"1012\" data-end=\"1028\">G\u0142\u00f3wne funkcje<\/h3>\n<ul data-start=\"1030\" data-end=\"1916\">\n<li class=\"\" data-start=\"1030\" data-end=\"1217\">\n<p class=\"\" data-start=\"1032\" data-end=\"1055\"><strong data-start=\"1032\" data-end=\"1053\">Tryby podw\u00f3jnej mocy:<\/strong><\/p>\n<ul data-start=\"1058\" data-end=\"1217\">\n<li class=\"\" data-start=\"1058\" data-end=\"1113\">\n<p class=\"\" data-start=\"1060\" data-end=\"1113\"><em data-start=\"1060\" data-end=\"1071\">Tryb Eco:<\/em> <span class=\"relative -mx-px my-[-0.2rem] rounded-sm px-px py-[0.2rem]\">Dostarcza do 20 000 pff\u00f3w dla przed\u0142u\u017conego u\u017cytkowania.<\/span><\/p>\n<\/li>\n<li class=\"\" data-start=\"1116\" data-end=\"1217\">\n<p class=\"\" data-start=\"1118\" data-end=\"1217\"><em data-start=\"1118\" data-end=\"1131\">Tryb zasilania:<\/em> <span class=\"relative -mx-px my-[-0.2rem] rounded-sm px-px py-[0.2rem]\">Oferuje oko\u0142o 12 000 zaci\u0105gni\u0119\u0107 dla bardziej intensywnego do\u015bwiadczenia wapowania.<\/span><\/p>\n<\/li>\n<\/ul>\n<\/li>\n<li class=\"\" data-start=\"1219\" data-end=\"1338\">\n<p class=\"\" data-start=\"1221\" data-end=\"1338\"><strong data-start=\"1221\" data-end=\"1252\">Du\u017ca pojemno\u015b\u0107 e-p\u0142ynu:<\/strong> <span class=\"relative -mx-px my-[-0.2rem] rounded-sm px-px py-[0.2rem]\">Wst\u0119pnie nape\u0142niony 20mL e-p\u0142ynu o st\u0119\u017ceniu nikotyny 50mg (5%) dla d\u0142ugotrwa\u0142ego zadowolenia.<\/span>\u200b<\/p>\n<\/li>\n<li class=\"\" data-start=\"1340\" data-end=\"1453\">\n<p class=\"\" data-start=\"1342\" data-end=\"1453\"><strong data-start=\"1342\" data-end=\"1367\">Bateria Akumulatorowa<\/strong> <span class=\"relative -mx-px my-[-0.2rem] rounded-sm px-px py-[0.2rem]\">Wyposa\u017cony w bateri\u0119 o pojemno\u015bci 650mAh i \u0142adowanie przez USB typu C dla szybkiego i wygodnego \u0142adowania.<\/span>\u200b<\/p>\n<\/li>\n<li class=\"\" data-start=\"1455\" data-end=\"1571\">\n<p class=\"\" data-start=\"1457\" data-end=\"1571\"><strong data-start=\"1457\" data-end=\"1485\">Wy\u015bwietlacz LED na pe\u0142nym ekranie:<\/strong> <span class=\"relative -mx-px my-[-0.2rem] rounded-sm px-px py-[0.2rem]\">Zapewnia aktualizacje w czasie rzeczywistym dotycz\u0105ce poziomu baterii, poziomu e-cieczy i stanu zasilania.<\/span>\u200b<\/p>\n<\/li>\n<li class=\"\" data-start=\"1573\" data-end=\"1687\">\n<p class=\"\" data-start=\"1575\" data-end=\"1687\"><strong data-start=\"1575\" data-end=\"1601\">Podw\u00f3jny System Cewki Siatki:<\/strong> <span class=\"relative -mx-px my-[-0.2rem] rounded-sm px-px py-[0.2rem]\">Zwi\u0119ksza intensywno\u015b\u0107 smaku i produkcj\u0119 pary dla lepszego do\u015bwiadczenia z wapowaniem.<\/span>\u200b<\/p>\n<\/li>\n<li class=\"\" data-start=\"1689\" data-end=\"1801\">\n<p class=\"\" data-start=\"1691\" data-end=\"1801\"><strong data-start=\"1691\" data-end=\"1715\">Technologia S.i.L.C.<\/strong> <span class=\"relative -mx-px my-[-0.2rem] rounded-sm px-px py-[0.2rem]\">Zapewnia p\u0142ynne, r\u00f3wnomierne i czyste zaci\u0105gi przez ca\u0142y okres u\u017cytkowania urz\u0105dzenia.<\/span>\u200b<\/p>\n<\/li>\n<li class=\"\" data-start=\"1803\" data-end=\"1916\">\n<p class=\"\" data-start=\"1805\" data-end=\"1916\"><strong data-start=\"1805\" data-end=\"1830\">Os\u0142ona na ustnik:<\/strong> <span class=\"relative -mx-px my-[-0.2rem] rounded-sm px-px py-[0.2rem]\">Utrzymuje higien\u0119 i czysto\u015b\u0107 urz\u0105dzenia.<\/span><\/p>\n<\/li>\n<\/ul>\n<h3 class=\"\" data-start=\"1918\" data-end=\"1956\">Dlaczego wybra\u0107 <a href=\"https:\/\/casinovape.de\/pl\/kategoria-produktu\/jednorazowe-waporyzatory-vozol\/\">VOZOL Gear Power 20000<\/a>?<\/h3>\n<p class=\"\" data-start=\"1958\" data-end=\"2163\"><span class=\"relative -mx-px my-[-0.2rem] rounded-sm px-px py-[0.2rem]\">VOZOL Gear Power 20000 wyr\u00f3\u017cnia si\u0119 na rynku jednorazowych waporyzator\u00f3w dzi\u0119ki po\u0142\u0105czeniu du\u017cej pojemno\u015bci, zaawansowanej technologii i przyjaznej dla u\u017cytkownika konstrukcji.<\/span> <span class=\"relative -mx-px my-[-0.2rem] rounded-sm px-px py-[0.2rem]\">Tryby podw\u00f3jnej mocy oferuj\u0105 wszechstronno\u015b\u0107 dostosowan\u0105 do r\u00f3\u017cnych preferencji wapowania, podczas gdy znaczna pojemno\u015b\u0107 e-p\u0142ynu i akumulator zapewniaj\u0105 d\u0142ugotrwa\u0142e u\u017cytkowanie bez cz\u0119stych wymian.<\/span> <span class=\"relative -mx-px my-[-0.2rem] rounded-sm px-px py-[0.2rem]\">Integracja technologii S.i.L.C. oraz podw\u00f3jnego systemu cewki siatkowej gwarantuje stale g\u0142adkie i aromatyczne do\u015bwiadczenie.<\/span> <span class=\"relative -mx-px my-[-0.2rem] rounded-sm px-px py-[0.2rem]\">Dodatkowo, wy\u015bwietlacz LED na pe\u0142nym ekranie oraz ochraniacz ustnika zapewniaj\u0105 wygod\u0119 i higien\u0119, co sprawia, \u017ce urz\u0105dzenie to jest najlepszym wyborem dla wymagaj\u0105cych vaper\u00f3w.<\/span><\/p>\n<p class=\"\" data-start=\"1958\" data-end=\"2163\"><img loading=\"lazy\" decoding=\"async\" class=\"alignnone wp-image-6452 size-full\" src=\"https:\/\/casinovape.de\/wp-content\/uploads\/2025\/04\/Vozol-gear-power-20000-2-scaled.webp\" alt=\"Europejski Magazyn Vozol gear power 20000 Puffs Nisk\u0105 zawarto\u015b\u0107 nikotyny Kup oryginalny Autentyczny Rechargeable Jednorazowe Vapes Pen\" width=\"2560\" height=\"1440\" srcset=\"https:\/\/casinovape.de\/wp-content\/uploads\/2025\/04\/Vozol-gear-power-20000-2-scaled.webp 2560w, https:\/\/casinovape.de\/wp-content\/uploads\/2025\/04\/Vozol-gear-power-20000-2-300x169.webp 300w, https:\/\/casinovape.de\/wp-content\/uploads\/2025\/04\/Vozol-gear-power-20000-2-1024x576.webp 1024w, https:\/\/casinovape.de\/wp-content\/uploads\/2025\/04\/Vozol-gear-power-20000-2-768x432.webp 768w, https:\/\/casinovape.de\/wp-content\/uploads\/2025\/04\/Vozol-gear-power-20000-2-1536x864.webp 1536w, https:\/\/casinovape.de\/wp-content\/uploads\/2025\/04\/Vozol-gear-power-20000-2-2048x1152.webp 2048w, https:\/\/casinovape.de\/wp-content\/uploads\/2025\/04\/Vozol-gear-power-20000-2-18x10.webp 18w, https:\/\/casinovape.de\/wp-content\/uploads\/2025\/04\/Vozol-gear-power-20000-2-600x337.webp 600w\" sizes=\"auto, (max-width: 2560px) 100vw, 2560px\" \/>\u200b<\/p>\n<h3 class=\"\" data-start=\"2165\" data-end=\"2186\">Dost\u0119pne smaki<\/h3>\n<p class=\"\" data-start=\"2188\" data-end=\"2273\"><span class=\"relative -mx-px my-[-0.2rem] rounded-sm px-px py-[0.2rem]\">VOZOL Gear Power 20000 jest dost\u0119pny w r\u00f3\u017cnorodnych, starannie opracowanych smakach, aby zaspokoi\u0107 r\u00f3\u017cnorodne gusta:<\/span>\u200b<\/p>\n<ol data-start=\"2275\" data-end=\"3378\">\n<li class=\"\" data-start=\"2275\" data-end=\"2382\">\n<p class=\"\" data-start=\"2278\" data-end=\"2382\"><strong data-start=\"2278\" data-end=\"2296\">Blue Razz Ice:<\/strong> <span class=\"relative -mx-px my-[-0.2rem] rounded-sm px-px py-[0.2rem]\">Kwa\u015bna mieszanka niebieskiej maliny z orze\u017awiaj\u0105cym wyko\u0144czeniem mentolowym, zapewniaj\u0105ca idealn\u0105 r\u00f3wnowag\u0119 s\u0142odkiego i lodowatego.<\/span><\/p>\n<\/li>\n<li class=\"\" data-start=\"2384\" data-end=\"2493\">\n<p class=\"\" data-start=\"2387\" data-end=\"2493\"><strong data-start=\"2387\" data-end=\"2407\">Sok z Karaib\u00f3w:<\/strong> <span class=\"relative -mx-px my-[-0.2rem] rounded-sm px-px py-[0.2rem]\">Egzotyczna mieszanka tropikalnych owoc\u00f3w, kt\u00f3ra przenosi Ci\u0119 do s\u0142onecznego raju z ka\u017cdym zaci\u0105gni\u0119ciem.<\/span>\u200b<\/p>\n<\/li>\n<li class=\"\" data-start=\"2495\" data-end=\"2605\">\n<p class=\"\" data-start=\"2498\" data-end=\"2605\"><strong data-start=\"2498\" data-end=\"2519\">Cere\u015bniowy L\u00f3d:<\/strong> <span class=\"relative -mx-px my-[-0.2rem] rounded-sm px-px py-[0.2rem]\">S\u0142odziutka i kwa\u015bna kombinacja wi\u015bni i mieszanych jag\u00f3d, wzmocniona ch\u0142odz\u0105cym kopem mentolu.<\/span>\u200b<\/p>\n<\/li>\n<li class=\"\" data-start=\"2607\" data-end=\"2710\">\n<p class=\"\" data-start=\"2610\" data-end=\"2710\"><strong data-start=\"2610\" data-end=\"2624\">Och\u0142adzaj\u0105cy Mi\u0119ta:<\/strong> <span class=\"relative -mx-px my-[-0.2rem] rounded-sm px-px py-[0.2rem]\">Ostre i orze\u017awiaj\u0105ce dzia\u0142anie mi\u0119ty, kt\u00f3re zapewnia czyste i od\u015bwie\u017caj\u0105ce do\u015bwiadczenie z wapowaniem.<\/span>\u200b<\/p>\n<\/li>\n<li class=\"\" data-start=\"2712\" data-end=\"2822\">\n<p class=\"\" data-start=\"2715\" data-end=\"2822\"><strong data-start=\"2715\" data-end=\"2736\">Podw\u00f3jne Jab\u0142ko L\u00f3d:<\/strong> <span class=\"relative -mx-px my-[-0.2rem] rounded-sm px-px py-[0.2rem]\">Harmonijna mieszanka czerwonych i zielonych jab\u0142ek z ch\u0142odnym mentolowym podtonem, r\u00f3wnowa\u017c\u0105ca s\u0142odycz i kwaskowato\u015b\u0107.<\/span>\u200b<\/p>\n<\/li>\n<li class=\"\" data-start=\"2824\" data-end=\"2927\">\n<p class=\"\" data-start=\"2827\" data-end=\"2927\"><strong data-start=\"2827\" data-end=\"2841\">L\u00f3d Winogronowy:<\/strong> <span class=\"relative -mx-px my-[-0.2rem] rounded-sm px-px py-[0.2rem]\">Sokowite, dojrzewaj\u0105ce na s\u0142o\u0144cu winogrona uzupe\u0142nione chrupi\u0105cym mentolowym powiewem, tworz\u0105ce ch\u0142odne i s\u0142odkie doznanie.<\/span>\u200b<\/p>\n<\/li>\n<li class=\"\" data-start=\"2929\" data-end=\"3040\">\n<p class=\"\" data-start=\"2932\" data-end=\"3040\"><strong data-start=\"2932\" data-end=\"2954\">Meksyka\u0144ski L\u00f3d Mango:<\/strong> <span class=\"relative -mx-px my-[-0.2rem] rounded-sm px-px py-[0.2rem]\">Luksusowe, dojrza\u0142e mango z infuzj\u0105 nuty mentolu, zapewniaj\u0105ce tropikaln\u0105 ucieczk\u0119 z ka\u017cdym wdychaniem.<\/span>\u200b<\/p>\n<\/li>\n<li class=\"\" data-start=\"3042\" data-end=\"3156\">\n<p class=\"\" data-start=\"3045\" data-end=\"3156\"><strong data-start=\"3045\" data-end=\"3070\">Malina Arbuz:<\/strong> <span class=\"relative -mx-px my-[-0.2rem] rounded-sm px-px py-[0.2rem]\">Rozkoszne po\u0142\u0105czenie s\u0142odkich malin i soczystego arbuza, zapewniaj\u0105ce orze\u017awiaj\u0105cy i owocowy waporyzator.<\/span>\u200b<\/p>\n<\/li>\n<li class=\"\" data-start=\"3158\" data-end=\"3267\">\n<p class=\"\" data-start=\"3161\" data-end=\"3267\"><strong data-start=\"3161\" data-end=\"3181\">Truskawka Kiwi:<\/strong> <span class=\"relative -mx-px my-[-0.2rem] rounded-sm px-px py-[0.2rem]\">Klasyczne po\u0142\u0105czenie soczystych truskawek i kwa\u015bnego kiwi, zapewniaj\u0105ce g\u0142adkie i aromatyczne do\u015bwiadczenie.<\/span>\u200b<\/p>\n<\/li>\n<li class=\"\" data-start=\"3269\" data-end=\"3378\">\n<p class=\"\" data-start=\"3273\" data-end=\"3378\"><strong data-start=\"3273\" data-end=\"3292\">L\u00f3d Arbuzowy:<\/strong> <span class=\"relative -mx-px my-[-0.2rem] rounded-sm px-px py-[0.2rem]\">Orze\u017awiaj\u0105cy smak arbuza z ch\u0142odnym mentolowym finiszem, idealny na gor\u0105ce letnie dni.<\/span>\u200b<\/p>\n<\/li>\n<\/ol>\n<h3 class=\"\" data-start=\"3380\" data-end=\"3388\">FAQs \n(bez zmian, poniewa\u017c jest to skr\u00f3towiec)<\/h3>\n<p class=\"\" data-start=\"3390\" data-end=\"3525\"><strong data-start=\"3390\" data-end=\"3437\">Czy VOZOL Gear Power 20000 jest \u0142adowalny?<\/strong><br data-start=\"3437\" data-end=\"3440\" \/><span class=\"relative -mx-px my-[-0.2rem] rounded-sm px-px py-[0.2rem]\">Tak, wyposa\u017cony jest w akumulator o pojemno\u015bci 650mAh z portem \u0142adowania USB typu C dla szybkiego i wygodnego \u0142adowania.<\/span><\/p>\n<p class=\"\" data-start=\"3527\" data-end=\"3652\"><strong data-start=\"3527\" data-end=\"3564\">Jak dzia\u0142aj\u0105 tryby podw\u00f3jnej mocy?<\/strong><br data-start=\"3564\" data-end=\"3567\" \/><span class=\"relative -mx-px my-[-0.2rem] rounded-sm px-px py-[0.2rem]\">Urz\u0105dzenie oferuje dwa tryby: tryb Eco, kt\u00f3ry umo\u017cliwia do 20 000 zaci\u0105gni\u0119\u0107, koncentruj\u0105c si\u0119 na przed\u0142u\u017conym u\u017cytkowaniu, oraz tryb Power, kt\u00f3ry zapewnia oko\u0142o 12 000 zaci\u0105gni\u0119\u0107, zapewniaj\u0105c bardziej intensywne do\u015bwiadczenie wapowania.<\/span>\u200b<\/p>\n<p class=\"\" data-start=\"3654\" data-end=\"3774\"><strong data-start=\"3654\" data-end=\"3686\">S.i.L.C. Technologia<\/strong><br data-start=\"3686\" data-end=\"3689\" \/><span class=\"relative -mx-px my-[-0.2rem] rounded-sm px-px py-[0.2rem]\">S.i.L.C. oznacza Smooth, Identical, Long-lasting, Clean technology, zapewniaj\u0105c sta\u0142e, wysokiej jako\u015bci smaki i g\u0142adk\u0105 produkcj\u0119 pary przez ca\u0142y okres u\u017cytkowania urz\u0105dzenia.<\/span>\u200b<\/p>\n<p class=\"\" data-start=\"3776\" data-end=\"3918\"><strong data-start=\"3776\" data-end=\"3830\">Jak mog\u0119 monitorowa\u0107 poziomy baterii i e-p\u0142yn\u00f3w?<\/strong><br data-start=\"3830\" data-end=\"3833\" \/><span class=\"relative -mx-px my-[-0.2rem] rounded-sm px-px py-[0.2rem]\">Wy\u015bwietlacz LED na pe\u0142nym ekranie zapewnia informacje w czasie rzeczywistym dotycz\u0105ce poziomu baterii, poziomu e-cieczy oraz stanu zasilania, dzi\u0119ki czemu jeste\u015b poinformowany i masz kontrol\u0119.<\/span>\u200b<\/p>","protected":false},"excerpt":{"rendered":"<p>The \nnie wymaga t\u0142umaczenia<strong> VOZOL Gear Power 20000<\/strong> Wykonany do jednorazowego u\u017cytku waporyzator oferuje do 20 000 zaci\u0105gni\u0119\u0107, wy\u015bwietlacz pe\u0142noekranowy, podw\u00f3jne tryby mocy oraz akumulator z mo\u017cliwo\u015bci\u0105 ponownego \u0142adowania zapewniaj\u0105cy premium do\u015bwiadczenie z wapowania.<\/p>","protected":false},"featured_media":6463,"comment_status":"open","ping_status":"closed","template":"","meta":[],"product_brand":[],"product_cat":[22],"product_tag":[],"class_list":{"0":"post-6420","1":"product","2":"type-product","3":"status-publish","4":"has-post-thumbnail","6":"product_cat-vozol-disposable-vapes","8":"first","9":"instock","10":"sale","11":"shipping-taxable","12":"purchasable","13":"product-type-variable"},"jetpack_sharing_enabled":true,"_links":{"self":[{"href":"https:\/\/casinovape.de\/pl\/wp-json\/wp\/v2\/product\/6420","targetHints":{"allow":["GET"]}}],"collection":[{"href":"https:\/\/casinovape.de\/pl\/wp-json\/wp\/v2\/product"}],"about":[{"href":"https:\/\/casinovape.de\/pl\/wp-json\/wp\/v2\/types\/product"}],"replies":[{"embeddable":true,"href":"https:\/\/casinovape.de\/pl\/wp-json\/wp\/v2\/comments?post=6420"}],"wp:featuredmedia":[{"embeddable":true,"href":"https:\/\/casinovape.de\/pl\/wp-json\/wp\/v2\/media\/6463"}],"wp:attachment":[{"href":"https:\/\/casinovape.de\/pl\/wp-json\/wp\/v2\/media?parent=6420"}],"wp:term":[{"taxonomy":"product_brand","embeddable":true,"href":"https:\/\/casinovape.de\/pl\/wp-json\/wp\/v2\/product_brand?post=6420"},{"taxonomy":"product_cat","embeddable":true,"href":"https:\/\/casinovape.de\/pl\/wp-json\/wp\/v2\/product_cat?post=6420"},{"taxonomy":"product_tag","embeddable":true,"href":"https:\/\/casinovape.de\/pl\/wp-json\/wp\/v2\/product_tag?post=6420"}],"curies":[{"name":"wp","href":"https:\/\/api.w.org\/{rel}","templated":true}]}}