{"id":5952,"date":"2025-01-03T08:05:25","date_gmt":"2025-01-03T08:05:25","guid":{"rendered":"https:\/\/casinovape.de\/?post_type=product&#038;p=5952"},"modified":"2025-08-29T08:51:49","modified_gmt":"2025-08-29T08:51:49","slug":"request-failed-with-status-code-514","status":"publish","type":"product","link":"https:\/\/casinovape.de\/pl\/produkt\/request-failed-with-status-code-514\/","title":{"rendered":"Europejskie Magazyny HighPuffs HHC DYSKOWY Pi\u00f3ro Nisk\u0105 zawarto\u015b\u0107 nikotyny Kup oryginalny Autentyczny  \u0141adowalny Dyskowy Pi\u00f3ro Vape"},"content":{"rendered":"<h2><img loading=\"lazy\" decoding=\"async\" class=\"alignnone wp-image-5457 size-full\" src=\"https:\/\/casinovape.de\/wp-content\/uploads\/2024\/12\/HighPuffs-HHC-VAPE-2.webp\" alt=\"European Warehouse GELATO %95 HHC DISPOSABLE PEN Low Nicotine Buy Original Authentisch Rechargeable Disposable Vapes Pen \" width=\"1280\" height=\"1280\" srcset=\"https:\/\/casinovape.de\/wp-content\/uploads\/2024\/12\/HighPuffs-HHC-VAPE-2.webp 1280w, https:\/\/casinovape.de\/wp-content\/uploads\/2024\/12\/HighPuffs-HHC-VAPE-2-300x300.webp 300w, https:\/\/casinovape.de\/wp-content\/uploads\/2024\/12\/HighPuffs-HHC-VAPE-2-1024x1024.webp 1024w, https:\/\/casinovape.de\/wp-content\/uploads\/2024\/12\/HighPuffs-HHC-VAPE-2-150x150.webp 150w, https:\/\/casinovape.de\/wp-content\/uploads\/2024\/12\/HighPuffs-HHC-VAPE-2-768x768.webp 768w, https:\/\/casinovape.de\/wp-content\/uploads\/2024\/12\/HighPuffs-HHC-VAPE-2-12x12.webp 12w, https:\/\/casinovape.de\/wp-content\/uploads\/2024\/12\/HighPuffs-HHC-VAPE-2-600x600.webp 600w, https:\/\/casinovape.de\/wp-content\/uploads\/2024\/12\/HighPuffs-HHC-VAPE-2-100x100.webp 100w\" sizes=\"auto, (max-width: 1280px) 100vw, 1280px\" \/><\/h2>\n<h2><strong><a href=\"https:\/\/casinovape.de\/pl\/kategoria-produktu\/jednorazowe-waporyzatory-gelato-hhc\/\">GELATO 95% HHC<\/a> Jednorazowy waporyzator: Najlepsze do\u015bwiadczenie w zakresie smaku i relaksu<\/strong><\/h2>\n<p><strong>Wprowadzenie do GELATO 95% HHC Jednorazowej Waporyzacji<\/strong><\/p>\n<p>Odkryj kolejny poziom relaksu z pomoc\u0105 <strong>GELATO 95% HHC Jednoraz\u00f3wka Vape<\/strong> przez <strong>HighPuffs<\/strong>, najnowsza innowacja w premium wapowaniu. Z precyzyjnie opracowan\u0105 mieszank\u0105 95% <strong>HHC (Hydroxyheksahydrokanabinol)<\/strong> i bogate terpeny, ta jednorazowa vape pen oferuje intensywne i satysfakcjonuj\u0105ce do\u015bwiadczenie, kt\u00f3re wynosi twoje zmys\u0142y na nowy poziom. Niezale\u017cnie od tego, czy jeste\u015b nowy w \u015bwiecie <strong>HHC vape<\/strong> Dla do\u015bwiadczonego entuzjasty GELATO Disposable Vape oferuje zr\u00f3wnowa\u017cone, g\u0142adkie i pot\u0119\u017cne do\u015bwiadczenie, kt\u00f3re dostarcza wysokiej jako\u015bci i satysfakcji w ka\u017cdym zaci\u0105gni\u0119ciu.<\/p>\n<p>W <strong>casinovape.de<\/strong>, jeste\u015bmy dumni z oferowania <strong>GELATO HHC Jednoraz\u00f3wka Vape<\/strong> obok innych czo\u0142owych marek, takich jak <strong>Al Fakher<\/strong>, <strong>Fizzy<\/strong>, <strong>OBEELAB HHC<\/strong>, <strong>Randm Fumot<\/strong>i <strong>SMPO DL02<\/strong>Jako najwi\u0119ksza internetowa platforma handlowa dla jednorazowych waporyzator\u00f3w w Niemczech, gwarantujemy, \u017ce Twoje zam\u00f3wienie zostanie szybko i skutecznie dostarczone, bezpo\u015brednio z naszego <strong>Europejski magazyn vape<\/strong> w ci\u0105gu 3 do 7 dni.<\/p>\n<h3>Dlaczego wybra\u0107 <a href=\"https:\/\/casinovape.de\/pl\/kategoria-produktu\/jednorazowe-waporyzatory-gelato-hhc\/\">GELATO 95% HHC<\/a> Jednorazowa Vape<\/h3>\n<p><strong>GELATO 95% HHC Jednoraz\u00f3wka Vape<\/strong> Wyr\u00f3\u017cnia si\u0119 p\u0142ynn\u0105 prac\u0105 i premium formu\u0142\u0105. Nie ma potrzeby uzupe\u0142niania lub \u0142adowania, co sprawia, \u017ce jest idealnym wyborem dla tych, kt\u00f3rzy ceni\u0105 wygod\u0119 bez kompromis\u00f3w w kwestii smaku czy do\u015bwiadczenia. Ka\u017cda vape pen jest wst\u0119pnie na\u0142adowana i wst\u0119pnie nape\u0142niona, zapewniaj\u0105c bezproblemowe wapowanie od pierwszego do ostatniego zaci\u0105gni\u0119cia.<\/p>\n<p>Nape\u0142niony <strong>95% HHC<\/strong>Ten jednorazowy waporyzator zapewnia silny, ale zr\u00f3wnowa\u017cony efekt. W przeciwie\u0144stwie do tradycyjnych waporyzator\u00f3w na bazie THC, HHC (Hydroksyheksahydrokannabinol) jest znany ze swoich \u0142agodnych, ale przyjemnych efekt\u00f3w, co czyni go idealnym wyborem dla os\u00f3b szukaj\u0105cych bardziej subtelnego, ale wci\u0105\u017c przyjemnego do\u015bwiadczenia. HHC w wi\u0119kszo\u015bci przypadk\u00f3w nie jest psychoaktywny, ale mo\u017ce zapewni\u0107 poczucie relaksu i klarowno\u015bci umys\u0142u, kt\u00f3re u\u017cytkownicy uwielbiaj\u0105.<\/p>\n<hr \/>\n<h3><strong>Kluczowe cechy GELATO 95% HHC Jednorazowego Vape:<\/strong><\/h3>\n<ul>\n<li><strong>95% St\u0119\u017cenie HHC<\/strong>: Oferuj\u0105c wysokiej jako\u015bci do\u015bwiadczenie wapowania, <strong>GELATO 95% HHC Jednoraz\u00f3wka Vape<\/strong> cechy 95% <strong>Hydroxyheksahydrokanabinol (HHC)<\/strong>, dostarczaj\u0105c silne, a zarazem \u0142agodne efekty.<\/li>\n<li><strong>Harmonijna Mieszanka Terpen\u00f3w<\/strong>: Waporyzator charakteryzuje si\u0119 starannie zr\u00f3wnowa\u017con\u0105 mieszank\u0105 terpen\u00f3w, kt\u00f3ra wzmacnia profil smakowy, czyni\u0105c ka\u017cdy zaci\u0105gni\u0119cie przyjemnym i aromatycznym.<\/li>\n<li><strong>Nie trzeba uzupe\u0142nia\u0107 ani \u0142adowa\u0107<\/strong>: To <strong>jednorazowa e-pi\u00f3ro<\/strong> jest wst\u0119pnie na\u0142adowany i wst\u0119pnie nape\u0142niony, oferuj\u0105c wygodne rozwi\u0105zanie dla os\u00f3b, kt\u00f3re preferuj\u0105 bezproblemowe do\u015bwiadczenie wapowania. Po u\u017cyciu po prostu odpowiedzialnie zutylizuj.<\/li>\n<li><strong>Przeno\u015bny i \u0142atwy w u\u017cyciu<\/strong>: Kompaktowy, elegancki i lekki, <strong>GELATO 95% HHC Jednoraz\u00f3wka Vape<\/strong> bezproblemowo zmie\u015bci si\u0119 w Twojej kieszeni, co sprawia, \u017ce jest idealna do u\u017cytku w podr\u00f3\u017cy.<\/li>\n<li><strong>Premiumowe Smaki dla Najwy\u017cszego Komfortu<\/strong>: Zanurz si\u0119 w bogatych, pe\u0142nych smakach z ka\u017cdym wdechem, oferuj\u0105c g\u0142adkie, satysfakcjonuj\u0105ce do\u015bwiadczenie.<\/li>\n<li><strong>Szybka Dostawa<\/strong>Z naszym <strong>Europejski magazyn vape<\/strong>Zapewniamy szybk\u0105 dostaw\u0119 zam\u00f3wienia w ci\u0105gu 3 do 7 dni, tak aby Twoje do\u015bwiadczenie z wapowaniem mog\u0142o rozpocz\u0105\u0107 si\u0119 jak najszybciej.<\/li>\n<\/ul>\n<hr \/>\n<h3><strong>Jak u\u017cywa\u0107 <a href=\"https:\/\/casinovape.de\/pl\/kategoria-produktu\/jednorazowe-waporyzatory-gelato-hhc\/\">GELATO 95% HHC<\/a> Jednorazowa E-papieros<\/strong><\/h3>\n<p>Korzystanie z <strong>GELATO 95% HHC Jednoraz\u00f3wka Vape<\/strong> jest prosty i \u0142atwy w u\u017cyciu. Poniewa\u017c jest ju\u017c wst\u0119pnie na\u0142adowany i wst\u0119pnie wype\u0142niony, wszystko co musisz zrobi\u0107 to zaci\u0105gn\u0105\u0107 si\u0119 z ustnika i cieszy\u0107 si\u0119 g\u0142adkimi, bogatymi smakami.<\/p>\n<p>Zalecane jest, aby nie przekracza\u0107 6 wdech\u00f3w na dob\u0119, aby unikn\u0105\u0107 efektu przyt\u0142aczaj\u0105cego. Poniewa\u017c <strong>HHC<\/strong> r\u00f3\u017cne osoby mog\u0105 mie\u0107 r\u00f3\u017cne reakcje, zaczynaj\u0105c od ma\u0142ej ilo\u015bci i stopniowo zwi\u0119kszaj\u0105c mo\u017ce zapewni\u0107 najlepsze do\u015bwiadczenie.<\/p>\n<p><strong>Wa\u017cne Ostrze\u017cenia i Wytyczne:<\/strong><\/p>\n<ul>\n<li><strong>Tylko do u\u017cytku naukowego<\/strong>: Produkt ten nie jest przeznaczony do u\u017cytku medycznego ani do leczenia, diagnozowania, zapobiegania lub leczenia jakichkolwiek chor\u00f3b. Prosz\u0119 u\u017cywa\u0107 tego produktu z ostro\u017cno\u015bci\u0105.<\/li>\n<li><strong>Trzyma\u0107 poza zasi\u0119giem dzieci<\/strong>: The <strong>GELATO 95% HHC Jednoraz\u00f3wka Vape<\/strong> jest przeznaczony do u\u017cytku przez osoby powy\u017cej 18 roku \u017cycia. Bardzo wa\u017cne jest trzymanie produktu z dala od dzieci i m\u0142odzie\u017cy, aby unikn\u0105\u0107 przypadkowego u\u017cycia.<\/li>\n<li><strong>Nie Obs\u0142ugiwa\u0107 Pojazd\u00f3w<\/strong>: Ze wzgl\u0119du na potencjalne dzia\u0142anie HHC, nie nale\u017cy obs\u0142ugiwa\u0107 maszynerii lub prowadzi\u0107 pojazd\u00f3w po u\u017cyciu tego produktu. Zawsze u\u017cywaj w bezpiecznym, wygodnym otoczeniu.<\/li>\n<\/ul>\n<h3><strong>Dlaczego Warto Wybra\u0107 <a href=\"https:\/\/casinovape.de\/pl\/kategoria-produktu\/jednorazowe-waporyzatory-gelato-hhc\/\">GELATO 95% HHC<\/a> Jednorazowa E-papieros<\/strong><\/h3>\n<ul>\n<li><strong>Wysoka Jako\u015b\u0107<\/strong>: The <strong>GELATO 95% HHC Jednoraz\u00f3wka Vape<\/strong> oferuje premiumowe do\u015bwiadczenie wapowania dzi\u0119ki wysokiej jako\u015bci sk\u0142adnikom i perfekcyjnym profilom smakowym. Mo\u017cesz zaufa\u0107 HighPuffs produktowi najwy\u017cszej klasy, kt\u00f3ry gwarantuje satysfakcjonuj\u0105ce do\u015bwiadczenie z ka\u017cdym zaci\u0105gni\u0119ciem.<\/li>\n<li><strong>Wygoda i \u0142atwo\u015b\u0107<\/strong>: Bez konieczno\u015bci \u0142adowania lub uzupe\u0142niania, ta jednorazowa vape pen zapewnia wygod\u0119 bez po\u015bwi\u0119cania jako\u015bci. Po prostu wdech i ciesz si\u0119, bez \u017cadnych problem\u00f3w lub ba\u0142aganu.<\/li>\n<li><strong>Du\u017cy Wyb\u00f3r Smak\u00f3w<\/strong>: Zakres <strong>Gelato<\/strong> smaki zaspokoj\u0105 r\u00f3\u017cnorodne gusta, od owocowych i kwa\u015bnych po g\u0142adkie i kremowe. Niezale\u017cnie od tego, czy preferujesz orze\u017awiaj\u0105ce mi\u0119ty, czy egzotyczne tropikalne smaki, znajdzie si\u0119 co\u015b dla ka\u017cdego podniebienia.<\/li>\n<li><strong>Szybka Dostawa po Europie<\/strong>: Oferujemy szybk\u0105 wysy\u0142k\u0119 z naszego <strong>Europejski magazyn vape<\/strong>, gwarantuj\u0105c, \u017ce Tw\u00f3j produkt dotrze w ci\u0105gu 3-7 dni. Nie musisz d\u0142ugo czeka\u0107 na swoje ulubione jednorazowe vape'y.<\/li>\n<li><strong>Bezpieczne i niezawodne<\/strong>: Przy klarownych wytycznych u\u017cytkowania i ostrze\u017ceniach, <strong>GELATO 95% HHC Jednoraz\u00f3wka Vape<\/strong> Zaprojektowany zosta\u0142 z my\u015bl\u0105 o Twoim bezpiecze\u0144stwie. Mo\u017cesz go u\u017cywa\u0107 z pewno\u015bci\u0105, wiedz\u0105c, \u017ce zosta\u0142 stworzony z wysokiej jako\u015bci sk\u0142adnik\u00f3w.<\/li>\n<\/ul>\n<hr \/>\n<p><strong>Gotowy do do\u015bwiadczenia najwy\u017cszego relaksu i smaku? Zam\u00f3w sw\u00f3j GELATO 95% HHC Disposable Vape dzisiaj w <a href=\"https:\/\/casinovape.de\/pl\/\">casinovape.de<\/a><\/strong> i zanurz si\u0119 w \u015bwiecie bogatych, g\u0142adkich i satysfakcjonuj\u0105cych do\u015bwiadcze\u0144 vape. Niezale\u017cnie od tego, czy szukasz relaksuj\u0105cej sesji, czy orze\u017awiaj\u0105cego hitu, nasz wyb\u00f3r vape'\u00f3w HHC ma wszystko, czego potrzebujesz!<\/p>","protected":false},"excerpt":{"rendered":"<p>The \nnie wymaga t\u0142umaczenia <strong>GELATO 95% HHC Jednoraz\u00f3wka Vape<\/strong> przez <strong>HighPuffs<\/strong> oferuje p\u0142ynne, aromatyczne i skuteczne do\u015bwiadczenie wapowania z koncentracj\u0105 95% HHC, dost\u0119pna w r\u00f3\u017cnych pysznych smakach i zaprojektowane dla wygody bez konieczno\u015bci uzupe\u0142niania lub ponownego \u0142adowania.<\/p>","protected":false},"featured_media":5458,"comment_status":"open","ping_status":"closed","template":"","meta":[],"product_brand":[],"product_cat":[42,78,86,91,65,66,67,68,69,70,71,72,73,74,75,76,77,57,45,48,52,54],"product_tag":[],"class_list":{"0":"post-5952","1":"product","2":"type-product","3":"status-publish","4":"has-post-thumbnail","6":"product_cat-gelato-hhc-disposable-vapes","7":"product_cat-buy-best-disposable-vape-flavors","8":"product_cat-ice-flavor-disposable-vapes","9":"product_cat-mint-flavor-disposable-vapes","10":"product_cat-best-disposable-vape-in-europe","11":"product_cat-buy-disposable-vapes-in-austria","12":"product_cat-buy-disposable-vapes-in-belgium","13":"product_cat-buy-disposable-vapes-in-france","14":"product_cat-buy-disposable-vapes-in-germany","15":"product_cat-buy-disposable-vapes-in-italy","16":"product_cat-buy-disposable-vapes-in-netherlands","17":"product_cat-buy-disposable-vapes-in-norway","18":"product_cat-buy-disposable-vapes-in-poland","19":"product_cat-buy-disposable-vapes-in-portugal","20":"product_cat-buy-disposable-vapes-in-spain","21":"product_cat-buy-disposable-vapes-in-sweden","22":"product_cat-buy-disposable-vapes-in-switzerland","23":"product_cat-shop-disposable-vapes-by-puffs","24":"product_cat-disposable-vape-types","25":"product_cat-big-puffs-disposable-vapes","26":"product_cat-lower-nicotine-disposable-vapes","27":"product_cat-rechargeable-disposable-vapes","29":"first","30":"instock","31":"sale","32":"shipping-taxable","33":"purchasable","34":"product-type-variable"},"jetpack_sharing_enabled":true,"_links":{"self":[{"href":"https:\/\/casinovape.de\/pl\/wp-json\/wp\/v2\/product\/5952","targetHints":{"allow":["GET"]}}],"collection":[{"href":"https:\/\/casinovape.de\/pl\/wp-json\/wp\/v2\/product"}],"about":[{"href":"https:\/\/casinovape.de\/pl\/wp-json\/wp\/v2\/types\/product"}],"replies":[{"embeddable":true,"href":"https:\/\/casinovape.de\/pl\/wp-json\/wp\/v2\/comments?post=5952"}],"wp:featuredmedia":[{"embeddable":true,"href":"https:\/\/casinovape.de\/pl\/wp-json\/wp\/v2\/media\/5458"}],"wp:attachment":[{"href":"https:\/\/casinovape.de\/pl\/wp-json\/wp\/v2\/media?parent=5952"}],"wp:term":[{"taxonomy":"product_brand","embeddable":true,"href":"https:\/\/casinovape.de\/pl\/wp-json\/wp\/v2\/product_brand?post=5952"},{"taxonomy":"product_cat","embeddable":true,"href":"https:\/\/casinovape.de\/pl\/wp-json\/wp\/v2\/product_cat?post=5952"},{"taxonomy":"product_tag","embeddable":true,"href":"https:\/\/casinovape.de\/pl\/wp-json\/wp\/v2\/product_tag?post=5952"}],"curies":[{"name":"wp","href":"https:\/\/api.w.org\/{rel}","templated":true}]}}