{"id":5888,"date":"2025-01-03T07:55:49","date_gmt":"2025-01-03T07:55:49","guid":{"rendered":"https:\/\/casinovape.de\/?post_type=product&#038;p=5888"},"modified":"2025-09-06T00:52:26","modified_gmt":"2025-09-06T00:52:26","slug":"request-failed-with-status-code-595","status":"publish","type":"product","link":"https:\/\/casinovape.de\/pl\/produkt\/request-failed-with-status-code-595\/","title":{"rendered":"Europejski Magazyn JNR Shisha Hookah 12000 Puff\u00f3w Nisk\u0105 Zawarto\u015b\u0107 Nikotyny Kup Original Autentyczne \u0141adowalne Jednorazowe Vape Pen"},"content":{"rendered":"<div style=\"width: 1020px;\" class=\"wp-video\"><!--[if lt IE 9]><script>document.createElement('video');<\/script><![endif]-->\n<video class=\"wp-video-shortcode\" id=\"video-5888-1\" width=\"1020\" height=\"574\" preload=\"metadata\" controls=\"controls\"><source type=\"video\/mp4\" src=\"https:\/\/casinovape.de\/wp-content\/uploads\/2024\/12\/Video.mp4?_=1\" \/><a href=\"https:\/\/casinovape.de\/wp-content\/uploads\/2024\/12\/Video.mp4\">https:\/\/casinovape.de\/wp-content\/uploads\/2024\/12\/Video.mp4<\/a><\/video><\/div>\n<h2><strong><a href=\"https:\/\/casinovape.de\/pl\/kategoria-produktu\/request-failed-with-status-code-609\/\">JNR Shisha Hookah 12000<\/a> Jednoraz\u00f3wka Vape: Najlepsze Do\u015bwiadczenie Vapingu<\/strong><\/h2>\n<h3><strong>Przegl\u0105d produktu<\/strong><\/h3>\n<p>Przedstawiamy <strong>JNR Shisha Hookah 12000 Jednoraz\u00f3wka Vape<\/strong>\u2014premiumowe urz\u0105dzenie do wapowania zaprojektowane dla entuzjast\u00f3w poszukuj\u0105cych <strong>autentyczne do\u015bwiadczenie shisha<\/strong> w eleganckiej, przeno\u015bnej formie. Zaprojektowany z wykorzystaniem zaawansowanej technologii i precyzyjnie wykonany, urz\u0105dzenie to zapewnia niezr\u00f3wnan\u0105 intensywno\u015b\u0107 smaku, g\u0142adk\u0105 produkcj\u0119 pary oraz wygod\u0119 jednorazowego u\u017cytku. Niezale\u017cnie od tego, czy relaksujesz si\u0119 w domu, sp\u0119dzasz czas z przyjaci\u00f3\u0142mi, czy jeste\u015b w drodze, <strong>JNR Shisha Hookah 12000<\/strong> Zapewnia satysfakcjonuj\u0105c\u0105 sesj\u0119 wapowania za ka\u017cdym razem.<\/p>\n<p>Stworzone dla europejskiego rynku i wysy\u0142ane bezpo\u015brednio z naszego <strong>Europejski Magazyn Vape<\/strong>, to urz\u0105dzenie \u0142\u0105czy wysok\u0105 wydajno\u015b\u0107, doskona\u0142\u0105 sp\u00f3jno\u015b\u0107 smaku i przyjazn\u0105 dla u\u017cytkownika funkcjonalno\u015b\u0107. Z imponuj\u0105cym <strong>12 000 pojemno\u015b\u0107 puff<\/strong>, <strong>bateria akumulatorowa<\/strong>i r\u00f3\u017cnorodn\u0105 gam\u0119 ekscytuj\u0105cych smak\u00f3w, ustanawia standard jako\u015bci i niezawodno\u015bci.<\/p>\n<p>W <strong>casinovape.de<\/strong>najwi\u0119ksza internetowa platforma handlowa dla jednorazowych waporyzator\u00f3w <strong>Niemcy<\/strong>, gwarantujemy szybk\u0105 wysy\u0142k\u0119 po Europie, z czasem dostawy od <strong>3\u20137 dni<\/strong>Nie jest wymagana minimalna ilo\u015b\u0107 zam\u00f3wienia - mo\u017cesz cieszy\u0107 si\u0119 swoim ulubionym waporyzatorem od razu od jednej sztuki.<\/p>\n<hr \/>\n<h3><strong><a href=\"https:\/\/casinovape.de\/pl\/kategoria-produktu\/request-failed-with-status-code-609\/\">JNR Shisha Hookah 12000 <\/a><\/strong><strong>G\u0142\u00f3wne punkty sprzeda\u017cy<\/strong><\/h3>\n<h4><strong>Autentyczne Do\u015bwiadczenie Shisha<\/strong><\/h4>\n<p>Poznaj klasyczne bogactwo tradycyjnych smak\u00f3w sziszy, starannie przygotowanych, aby odtworzy\u0107 autentyczne do\u015bwiadczenie hookah z ka\u017cdym wdechem.<\/p>\n<h4><strong>Shisha Bliss na Wyje\u017adzie<\/strong><\/h4>\n<p>Zaprojektowany z my\u015bl\u0105 o przeno\u015bno\u015bci, kompaktowa i ergonomiczna konstrukcja u\u0142atwia przenoszenie Twojego vape'a wsz\u0119dzie, gdzie idziesz. Ciesz si\u0119 premium do\u015bwiadczeniem wapowania w dowolnym miejscu i czasie.<\/p>\n<h4><strong>Intensywne Bezpo\u015brednie Zadowolenie P\u0142uc<\/strong><\/h4>\n<p>Zbudowany dla maksymalnej produkcji pary i intensywno\u015bci smaku, <strong>JNR Shisha Hookah 12000<\/strong> Zapewnia g\u0142\u0119bokie, satysfakcjonuj\u0105ce zaci\u0105gni\u0119cia si\u0119 ka\u017cdym razem.<\/p>\n<h4><strong>Sp\u00f3jny i Przyjemny Smak<\/strong><\/h4>\n<p>Dzi\u0119ki najnowocze\u015bniejszej technologii siatkowych cewek, ka\u017cdy zaci\u0105g dostarcza g\u0142adki, zr\u00f3wnowa\u017cony smak bez zanikania, zapewniaj\u0105c stale przyjemne do\u015bwiadczenie wapowania od pocz\u0105tku do ko\u0144ca.<\/p>\n<p><img loading=\"lazy\" decoding=\"async\" class=\"alignnone wp-image-5679 size-full\" src=\"https:\/\/casinovape.de\/wp-content\/uploads\/2024\/12\/JNR-Shisha-Hookah-12000-Flavors-list.webp\" alt=\"Europejski Magazyn JNR Shisha Hookah 12000 Puff\u00f3w Nisk\u0105 Zawarto\u015b\u0107 Nikotyny Kup Original Autentyczne \u0141adowalne Jednorazowe Vape Pen\" width=\"1200\" height=\"1200\" srcset=\"https:\/\/casinovape.de\/wp-content\/uploads\/2024\/12\/JNR-Shisha-Hookah-12000-Flavors-list.webp 1200w, https:\/\/casinovape.de\/wp-content\/uploads\/2024\/12\/JNR-Shisha-Hookah-12000-Flavors-list-300x300.webp 300w, https:\/\/casinovape.de\/wp-content\/uploads\/2024\/12\/JNR-Shisha-Hookah-12000-Flavors-list-1024x1024.webp 1024w, https:\/\/casinovape.de\/wp-content\/uploads\/2024\/12\/JNR-Shisha-Hookah-12000-Flavors-list-150x150.webp 150w, https:\/\/casinovape.de\/wp-content\/uploads\/2024\/12\/JNR-Shisha-Hookah-12000-Flavors-list-768x768.webp 768w, https:\/\/casinovape.de\/wp-content\/uploads\/2024\/12\/JNR-Shisha-Hookah-12000-Flavors-list-12x12.webp 12w, https:\/\/casinovape.de\/wp-content\/uploads\/2024\/12\/JNR-Shisha-Hookah-12000-Flavors-list-600x600.webp 600w, https:\/\/casinovape.de\/wp-content\/uploads\/2024\/12\/JNR-Shisha-Hookah-12000-Flavors-list-100x100.webp 100w\" sizes=\"auto, (max-width: 1200px) 100vw, 1200px\" \/><\/p>\n<hr \/>\n<h3><strong>Cechy produktu<\/strong><\/h3>\n<ul>\n<li><strong>Pojemno\u015b\u0107:<\/strong> 24ml e-liquid do przed\u0142u\u017conego u\u017cytku<\/li>\n<li><strong>Moc:<\/strong> Bateria akumulatorowa 250mAh zapewniaj\u0105ca niezawodn\u0105 prac\u0119<\/li>\n<li><strong>Puffy:<\/strong> Do <strong>12 000 pff\u00f3w<\/strong> dla d\u0142ugotrwa\u0142ej przyjemno\u015bci<\/li>\n<li><strong>\u0141adowalny:<\/strong> Tak, zapewniaj\u0105c pe\u0142ne wykorzystanie ka\u017cdej kropli e-liquidu<\/li>\n<li><strong>Regulacja przep\u0142ywu powietrza:<\/strong> Nie wymagane \u2014 zoptymalizowany przep\u0142yw powietrza dla maksymalnego smaku<\/li>\n<li><strong>Waga na opakowanie:<\/strong> 103g, lekki i przeno\u015bny<\/li>\n<li><strong>Poziom nikotyny solonej:<\/strong> 2% dla g\u0142adkich uderze\u0144 w gard\u0142o<\/li>\n<li><strong>Siatkowa cewka:<\/strong> Zaawansowany <strong>0,6\u03a9 cewka siatkowa<\/strong> dla r\u00f3wnomiernego ogrzewania i dostarczania smaku<\/li>\n<li><strong>\u0141\u0105czna liczba dost\u0119pnych smak\u00f3w:<\/strong> 20 r\u00f3\u017cnorodnych i ekscytuj\u0105cych opcji smakowych<\/li>\n<\/ul>\n<hr \/>\n<h3><strong>Kolekcja Smak\u00f3w: Poznaj R\u00f3\u017cnorodno\u015b\u0107<\/strong><\/h3>\n<p>Poznaj ekscytuj\u0105c\u0105 gam\u0119 20 charakterystycznych smak\u00f3w, zaprojektowanych by zaspokoi\u0107 ka\u017cdy podniebienie. Ka\u017cdy smak jest starannie opracowany, by zapewni\u0107 eksplozj\u0119 bogatego, satysfakcjonuj\u0105cego smaku z ka\u017cdym zaci\u0105gni\u0119ciem.<\/p>\n<p><strong>1. L\u00d3D O SZYTKU B\u0141\u0118KITNYM:<\/strong> Od\u015bwie\u017caj\u0105ca mieszanka dojrza\u0142ych bor\u00f3wek i ch\u0142odny finisz mentolowy.<br \/>\n<strong>2. CZERE\u015aNIOWY DYNIA MRO\u017bONY:<\/strong> S\u0142odkie wi\u015bnie i soczysty arbuz z lodowatym wydechem.<br \/>\n<strong>3. ZAMRO\u017bONE JAB\u0141KO:<\/strong> Chrupi\u0105cy smak jab\u0142ka w po\u0142\u0105czeniu z mro\u017anym ch\u0142odkiem.<br \/>\n<strong>4. GUMA DO \u017bUWANIA I MI\u0118TA:<\/strong> Idealna r\u00f3wnowaga klasycznej s\u0142odyczy gumy do \u017cucia i \u015bwie\u017co\u015bci mi\u0119towej.<br \/>\n<strong>5. SOCZYSTE MORELE:<\/strong> Dojrza\u0142e na s\u0142o\u0144cu brzoskwinie p\u0119kaj\u0105ce z naturaln\u0105 s\u0142odycz\u0105.<br \/>\n<strong>6. KIWI MINT<\/strong> Egzotyczna kiwi w po\u0142\u0105czeniu z ch\u0142odnym, mi\u0119towym podtonem.<br \/>\n<strong>7. LADY KILLA:<\/strong> Mysteriouszne i urzekaj\u0105ce po\u0142\u0105czenie owocowych i egzotycznych nut.<br \/>\n<strong>8. MI\u0141O\u015a\u0106 66:<\/strong> Unikalna mieszanka tropikalnych owoc\u00f3w z nut\u0105 ch\u0142odu.<br \/>\n<strong>MIX BERRY ICE: \nMieszanka jagodowa ICE:<\/strong> Mieszanka jag\u00f3d wzmocniona mro\u017anym wydechem mentolu.<br \/>\n<strong>10. PINEAPPLE COCONUT: \n10. ANANAS KOKOSOWY:<\/strong> Tropikalny ananas zmiksowany z kremow\u0105 kokosow\u0105 bogato\u015bci\u0105.<br \/>\n<strong>11. CZERWONY SZUS Z JAG\u00d3D:<\/strong> S\u0142odkie czerwone jagody zmieni\u0142y si\u0119 w orze\u017awiaj\u0105cy mro\u017cony nap\u00f3j.<br \/>\n<strong>12. TRUSKAWKOWY WINOGRONOWY:<\/strong> Sokowite truskawki i s\u0142odkie winogrona w doskona\u0142ej harmonii.<br \/>\n<strong>13. TRUSKAWKOWY L\u00d3D:<\/strong> Klasyczna s\u0142odycz truskawkowa z mro\u017anym akcentem.<br \/>\n<strong>14. TRUSKAWKA KIWI:<\/strong> S\u0142odkie truskawki i kwa\u015bne kiwi w \u017cywym po\u0142\u0105czeniu.<br \/>\n<strong>15. CUKIERKI TRUSKAWKOWO-MALINOWE:<\/strong> S\u0142odziak i kwa\u015bny wybuch smaku cukierka.<br \/>\n<strong>16. Krowa Arbuz:<\/strong> Odwa\u017cny smak arbuza z lekkim kopem napoju energetycznego.<br \/>\n<strong>17. L\u00d3D Z DYNI<\/strong> Sokowaty arbuz uzupe\u0142niony lodowatym finiszem.<br \/>\n<strong>18. ARBUZ TRUSKAWKA GUMKA<\/strong> Nostalgiczny smak gumy balonowej zmieszany z owocowymi nutami arbuza i truskawki.<br \/>\n<strong>19. BIA\u0141A MAMBA:<\/strong> Mysteriouszna i odwa\u017cna mieszanka premium owoc\u00f3w i nuty ch\u0142odu.<\/p>\n<p>Ka\u017cdy podmuch z <strong>JNR Shisha Hookah 12000<\/strong> dostarcza \u017cywe i satysfakcjonuj\u0105ce do\u015bwiadczenie smakowe, idealne dla tych, kt\u00f3rzy szukaj\u0105 zar\u00f3wno orze\u017awienia, jak i rozkoszy.<\/p>\n<hr \/>\n<h3><strong>Dlaczego Wybra\u0107 Nas?<\/strong><\/h3>\n<ul>\n<li><strong>Zaufany Europejski Dostawca:<\/strong> Wysy\u0142ka bezpo\u015brednio z naszego <strong>Europejski Magazyn Vape<\/strong> dla szybkiej i niezawodnej dostawy.<\/li>\n<li><strong>Brak minimalnej ilo\u015bci zam\u00f3wienia:<\/strong> Kup ju\u017c od jednej sztuki - idealne rozwi\u0105zanie zar\u00f3wno do u\u017cytku osobistego, jak i dla ma\u0142ych firm.<\/li>\n<li><strong>Szeroki wyb\u00f3r smak\u00f3w:<\/strong> Poznaj 20 premiumowych smak\u00f3w stworzonych, aby zaspokoi\u0107 ka\u017cdy gust.<\/li>\n<li><strong>Szybka Wysy\u0142ka:<\/strong> Otrzymaj swoje zam\u00f3wienie w ci\u0105gu <strong>3\u20137 dni<\/strong> w ca\u0142ej UE.<\/li>\n<li><strong>Zadowolenie Klienta Zagwarantowane:<\/strong> Priorytetem dla nas jest jako\u015b\u0107, wydajno\u015b\u0107 i zadowolenie klienta ponad wszystko.<\/li>\n<\/ul>\n<hr \/>\n<h3><strong>Do\u015bwiadcz Premium Vapingu Dzi\u015b!<\/strong><\/h3>\n<p>W <a href=\"https:\/\/casinovape.de\/pl\/\"><strong>casinovape.de<\/strong><\/a>niechlubimy si\u0119 tym, \u017ce jeste\u015bmy <strong>najwi\u0119ksza internetowa platforma handlowa dla jednorazowych waporyzator\u00f3w w Niemczech<\/strong>Przegl\u0105daj nasz szeroki zakres produkt\u00f3w premium, wybierz swoje ulubione smaki i do\u015bwiadcz bezproblemowej dostawy prosto do Twoich drzwi.<\/p>\n<p><strong>Zam\u00f3w ju\u017c teraz i zdefiniuj sw\u00f3j spos\u00f3b vapowania na nowo z<a href=\"https:\/\/casinovape.de\/pl\/kategoria-produktu\/request-failed-with-status-code-609\/\"> JNR Shisha Hookah 12000<\/a>!<\/strong><\/p>","protected":false},"excerpt":{"rendered":"<p>The \nnie wymaga t\u0142umaczenia <strong>JNR Shisha Hookah 12000 Jednoraz\u00f3wka Vape<\/strong> oferuje autentyczne do\u015bwiadczenie shisha z maksymalnie <strong>12 000 pff\u00f3w<\/strong>, a <strong>bateria akumulatorowa<\/strong>i <strong>20 bogatych smak\u00f3w<\/strong>, dostarczaj\u0105c g\u0142adki, intensywny par w przeno\u015bnej konstrukcji, wysy\u0142any bezpo\u015brednio z naszego <strong>Europejski Magazyn Vape<\/strong> bez wymogu minimalnej ilo\u015bci zam\u00f3wienia.<\/p>","protected":false},"featured_media":5660,"comment_status":"open","ping_status":"closed","template":"","meta":[],"product_brand":[],"product_cat":[44,78,79,81,82,84,86,87,89,91,92,94,95,96,97,98,99,65,66,67,68,69,70,71,72,73,74,75,76,77,57,60,45,48,52,54,55],"product_tag":[],"class_list":{"0":"post-5888","1":"product","2":"type-product","3":"status-publish","4":"has-post-thumbnail","6":"product_cat-jnr-shisha-disposable-vapes","7":"product_cat-buy-best-disposable-vape-flavors","8":"product_cat-apple-flavor-disposable-vapes","9":"product_cat-blueberry-flavor-disposable-vapes","10":"product_cat-cherry-flavor-disposable-vapes","11":"product_cat-grape-flavor-disposable-vapes","12":"product_cat-ice-flavor-disposable-vapes","13":"product_cat-kiwi-flavor-disposable-vapes","14":"product_cat-lush-flavor-disposable-vapes","15":"product_cat-mint-flavor-disposable-vapes","16":"product_cat-mixed-berries-flavor-disposable-vapes","17":"product_cat-peach-flavor-disposable-vapes","18":"product_cat-pineapple-flavor-disposable-vapes","19":"product_cat-raspberry-flavor-disposable-vapes","20":"product_cat-red-bull-flavor-disposable-vapes","21":"product_cat-strawberry-flavor-disposable-vapes","22":"product_cat-watermelon-flavor-disposable-vapes","23":"product_cat-best-disposable-vape-in-europe","24":"product_cat-buy-disposable-vapes-in-austria","25":"product_cat-buy-disposable-vapes-in-belgium","26":"product_cat-buy-disposable-vapes-in-france","27":"product_cat-buy-disposable-vapes-in-germany","28":"product_cat-buy-disposable-vapes-in-italy","29":"product_cat-buy-disposable-vapes-in-netherlands","30":"product_cat-buy-disposable-vapes-in-norway","31":"product_cat-buy-disposable-vapes-in-poland","32":"product_cat-buy-disposable-vapes-in-portugal","33":"product_cat-buy-disposable-vapes-in-spain","34":"product_cat-buy-disposable-vapes-in-sweden","35":"product_cat-buy-disposable-vapes-in-switzerland","36":"product_cat-shop-disposable-vapes-by-puffs","37":"product_cat-12000-puff-disposable-vape","38":"product_cat-disposable-vape-types","39":"product_cat-big-puffs-disposable-vapes","40":"product_cat-lower-nicotine-disposable-vapes","41":"product_cat-rechargeable-disposable-vapes","42":"product_cat-shisha-hookah-disposable-vapes","44":"first","45":"instock","46":"sale","47":"shipping-taxable","48":"purchasable","49":"product-type-variable"},"jetpack_sharing_enabled":true,"_links":{"self":[{"href":"https:\/\/casinovape.de\/pl\/wp-json\/wp\/v2\/product\/5888","targetHints":{"allow":["GET"]}}],"collection":[{"href":"https:\/\/casinovape.de\/pl\/wp-json\/wp\/v2\/product"}],"about":[{"href":"https:\/\/casinovape.de\/pl\/wp-json\/wp\/v2\/types\/product"}],"replies":[{"embeddable":true,"href":"https:\/\/casinovape.de\/pl\/wp-json\/wp\/v2\/comments?post=5888"}],"wp:featuredmedia":[{"embeddable":true,"href":"https:\/\/casinovape.de\/pl\/wp-json\/wp\/v2\/media\/5660"}],"wp:attachment":[{"href":"https:\/\/casinovape.de\/pl\/wp-json\/wp\/v2\/media?parent=5888"}],"wp:term":[{"taxonomy":"product_brand","embeddable":true,"href":"https:\/\/casinovape.de\/pl\/wp-json\/wp\/v2\/product_brand?post=5888"},{"taxonomy":"product_cat","embeddable":true,"href":"https:\/\/casinovape.de\/pl\/wp-json\/wp\/v2\/product_cat?post=5888"},{"taxonomy":"product_tag","embeddable":true,"href":"https:\/\/casinovape.de\/pl\/wp-json\/wp\/v2\/product_tag?post=5888"}],"curies":[{"name":"wp","href":"https:\/\/api.w.org\/{rel}","templated":true}]}}